{"id":949,"date":"2021-10-21T23:07:14","date_gmt":"2021-10-21T21:07:14","guid":{"rendered":"https:\/\/ag-frisch.com\/?page_id=949"},"modified":"2023-02-08T21:26:41","modified_gmt":"2023-02-08T20:26:41","slug":"expressversand-aus-china","status":"publish","type":"page","link":"https:\/\/ag-frisch.com\/de\/expressversand-aus-china\/","title":{"rendered":"Expressversand"},"content":{"rendered":"<p>[et_pb_section fb_built=&#8221;1&#8243; _builder_version=&#8221;4.16&#8243; _module_preset=&#8221;default&#8221; global_colors_info=&#8221;{}&#8221;][et_pb_row _builder_version=&#8221;4.18.1&#8243; _module_preset=&#8221;default&#8221; global_colors_info=&#8221;{}&#8221;][et_pb_column type=&#8221;4_4&#8243; _builder_version=&#8221;4.18.1&#8243; _module_preset=&#8221;default&#8221; global_colors_info=&#8221;{}&#8221;][et_pb_cta title=&#8221;Expressversand aus China und Sammeln von Muster aus China&#8221; button_url=&#8221;https:\/\/ag-frisch.com\/de\/buchung\/&#8221; button_text=&#8221;Jetzt Expressversand buchen&#8221; _builder_version=&#8221;4.18.1&#8243; _module_preset=&#8221;default&#8221; hover_enabled=&#8221;0&#8243; global_colors_info=&#8221;{}&#8221; link_option_url=&#8221;https:\/\/ag-frisch.com\/de\/buchung\/&#8221; sticky_enabled=&#8221;0&#8243;]<\/p>\n<p>Wir unterst\u00fctzen Sie beim Sammeln von Kleinsendungen aus China und dem Expressversand aus China.<\/p>\n<p>[\/et_pb_cta][\/et_pb_column][\/et_pb_row][et_pb_row _builder_version=&#8221;4.16&#8243; _module_preset=&#8221;default&#8221; global_colors_info=&#8221;{}&#8221;][et_pb_column type=&#8221;4_4&#8243; _builder_version=&#8221;4.16&#8243; _module_preset=&#8221;default&#8221; global_colors_info=&#8221;{}&#8221;][et_pb_image src=&#8221;https:\/\/ag-frisch.com\/wp-content\/uploads\/2021\/10\/express-aus-china-1.jpeg&#8221; _builder_version=&#8221;4.16&#8243; _module_preset=&#8221;default&#8221; global_colors_info=&#8221;{}&#8221;][\/et_pb_image][et_pb_text _builder_version=&#8221;4.16&#8243; _module_preset=&#8221;default&#8221; global_colors_info=&#8221;{}&#8221;]<\/p>\n<h1>Expressversand aus China<\/h1>\n<p>Wir sind die Experten f\u00fcr Ihren\u00a0 Versand aus China und finden den optimalen Weg f\u00fcr Ihre Fracht. Wenn es schnell gehen soll, dann empfiehlt sich der Expressversand aus China.\u00a0<\/p>\n<p>&nbsp;<\/p>\n<p>&nbsp;<\/p>\n<h2>Express Versand aus China<\/h2>\n<p>Wenn Sie Ware sehr schnell in Deutschland ben\u00f6tigen, k\u00f6nnen wir gerne einen Expressversand f\u00fcr Sie organisieren. Auch bei Expressversand gibt es verschiedene Modelle. Der Premium Express dauert nur etwa 5 Tage, ist aber fast doppelt so teuer wie der Economy (Spar-) Versand, der etwa 14 Tage dauert. Dies empfiehlt sich auch bei sehr kleinen Sendungen bis zu etwa 100 kg Volumengewicht. Auch kleine Mustersendungen k\u00f6nnen wir per Express f\u00fcr Sie abwickeln.\u00a0<\/p>\n<p>&nbsp;<\/p>\n<h2>Sammeln von Muster Sendungen in China<\/h2>\n<p>Gerne k\u00f6nnen Sie die Mustersendungen auch bei uns sammeln, dann schicken wir die Muster unterschiedlichster Anbieter gerne als eine Sendung zu Ihnen, damit nicht jede einzelne Mustersendung kostenintensiv zu Ihnen geschickt werden muss.\u00a0<\/p>\n<p>&nbsp;<\/p>\n<h2>Einfuhr &amp; Verzollung<\/h2>\n<p>Beim Express-Versand wird die Einfuhr und Verzollung durch den Expressdienst \u00fcbernommen, die Geb\u00fchr des Expresspaketservices, die Zollgeb\u00fchren und Einfuhrumsatzsteuer stellt Ihnen dann der zustellende Versanddienst in Rechnung. Wir bereiten aber im Vorfeld alles so gut wie m\u00f6glich vor, damit Sie dadurch keine Unannehmlichkeiten haben. Damit die Ware verzollt werden kann, ben\u00f6tigen Sie eine EORI Nummer, die wir aber beim Versand mit angeben, damit die Versanddienstleister unproblematisch verzollen k\u00f6nnen.\u00a0<\/p>\n<p>&nbsp;<\/p>\n<p><strong>Expressversand aus China<\/strong><\/p>\n<p><strong>Wenn\u2019s mal schneller gehen soll: Expressversand aus China<\/strong><\/p>\n<p>Der regul\u00e4re Versand aus China dauert rund einen Monat. Leichte Abweichungen davon sind normal und nicht zu beeinflussen. Es gibt F\u00e4lle, in denen Sie Ihre Ware deutlich schneller ben\u00f6tigen. Dann ist es m\u00f6glich, einen Expressversand vorzunehmen, bei dem die Ware je nach Versandmodell 5 bis 14 Tage zu Ihnen ben\u00f6tigt. In diesen F\u00e4llen kann es sinnvoll sein, einen Expresskurier aus China zu beauftragen:<\/p>\n<ul>\n<li>Musterversand aus China<\/li>\n<li>Versand verderblicher Ware<\/li>\n<li>Dringend ben\u00f6tigte Waren<\/li>\n<\/ul>\n<p>Es gibt verschiedene Gr\u00fcnde, den Express-Versand zu w\u00e4hlen. Wir beraten Sie gern, ob dies in Ihrem speziellen Fall wirklich lohnt, und was f\u00fcr Sie die beste Option ist, denn es gibt unterschiedliche Modelle des Express-Versands.<\/p>\n<p>&nbsp;<\/p>\n<p><strong>Verschiedene Modelle des Express-Versands<\/strong><\/p>\n<p>Aus welchem Grund auch immer Sie sich individuell f\u00fcr den Express-Versand entscheiden, Sie m\u00fcssen sich bewusst sein, dass dieser mit h\u00f6heren Kosten verbunden ist. Es gibt ihn in verschiedenen Express-Stufen:<\/p>\n<ul>\n<li><strong>Express-Versand aus China (Economy)<\/strong><\/li>\n<\/ul>\n<p>Dies ist der Standard-Express-Versand aus China. Er ben\u00f6tigt circa 14 Tage von Beauftragung bis Lieferung. Damit ist er ungef\u00e4hr doppelt so schnell wie der normale Versand.<\/p>\n<p>&nbsp;<\/p>\n<ul>\n<li><strong>Express-Versand aus China (Premium)<\/strong><\/li>\n<\/ul>\n<p>Mit einer Dauer von 5 Tagen bis zum Eintreffen der Lieferung ist dies der schnellste m\u00f6gliche Versand \u00fcber normale Versandwege.<\/p>\n<p>&nbsp;<\/p>\n<p><strong>Musterversand aus China<\/strong><\/p>\n<p>Wenn Sie einen China-Import planen, ist einer der ersten Schritte im Importprozess das Bestellen eines Erstmusters aus China. Anhand des Erstmusters k\u00f6nnen Sie pr\u00fcfen, ob der Hersteller Ihren Anspr\u00fcchen gerecht wird, und vor allem k\u00f6nnen Sie \u00c4nderungsw\u00fcnsche hinsichtlich Gestaltung, Qualit\u00e4t, Materialien und weiteren Gesichtspunkten \u00fcbermitteln.<\/p>\n<p>Gerade bei Trendartikeln oder Waren mit praktisch fertiger Strategieplanung kann es n\u00fctzlich sein, diesen Schritt so schnell wie m\u00f6glich zu erledigen, um zeitnah in die Produktion zu starten. Der Versand des Erstmusters per Express-Versand beschleunigt die Dinge dann um mindestens zwei Wochen. Wenn Sie den Express-Versand Premium f\u00fcr Ihren Musterversand aus China w\u00e4hlen, k\u00f6nnen Sie Ihr Erstmuster in der Regel sogar innerhalb von f\u00fcnf Werktagen begutachten.<\/p>\n<p>Der Musterversand aus China bietet sich schon deshalb an, da er aufgrund zumeist kleinerer Abmessungen finanziell nicht so ins Gewicht f\u00e4llt wie der Express-Versand von gro\u00dfen oder sperrigen Artikeln. Der Vorteil eines Express-Versands aus China ist hier besonders augenf\u00e4llig.<\/p>\n<p>&nbsp;<\/p>\n<p><strong>Expresskurier aus China<\/strong><\/p>\n<p>Sie wollen Ihre Waren so schnell wie irgend m\u00f6glich aus China in Deutschland haben? Dann empfiehlt sich die Beauftragung eines Expresskuriers aus China. Je nachdem, was Sie bereit sind, auszugeben, kann ein solcher individuell beauftragter Expresskurier aus China Lieferzeiten erreichen, die auf dem regul\u00e4ren Weg nicht zu machen w\u00e4ren \u2013 bis hin zu einer Lieferung in den n\u00e4chsten Tagen. Dies kann sich bei besonders kostspieligen Waren lohnen, und ist vor allem bei kleineren Objekten ratsam, wie beispielsweise dem Musterversand aus China von kleinen und teuren Gegenst\u00e4nden.<\/p>\n<p>&nbsp;<\/p>\n<p><strong>Individuelle Versandl\u00f6sungen der Agentur Frisch<\/strong><\/p>\n<p>Vom sensiblen Medizinprodukt bis zum brandneuen Radlader \u2013 wir finden die Versandm\u00f6glichkeit, die f\u00fcr Sie und Ihre Produkte am meisten Sinn ergibt. Daf\u00fcr bedienen wir uns neben dem Express-Versand aus China folgender Optionen:<\/p>\n<ul>\n<li>Luftfracht<\/li>\n<li>Bahnfracht<\/li>\n<li>Seefracht<\/li>\n<li>Expresskurier<\/li>\n<\/ul>\n<p>&nbsp;<\/p>\n<p>H\u00e4ufig bieten sich auch Misch-Versandwege an, bei denen beispielsweise ein Teil der Ware per Luftfracht vorausgeht, und ein gr\u00f6\u00dferer Teil den langsameren und g\u00fcnstigeren Weg per Seefracht nimmt. Welche Versandl\u00f6sung f\u00fcr Ihr Projekt individuell am besten ist, ermitteln wir gern f\u00fcr Sie in einem Beratungsgespr\u00e4ch.<\/p>\n<p>[\/et_pb_text][\/et_pb_column][\/et_pb_row][\/et_pb_section][et_pb_section fb_built=&#8221;1&#8243; _builder_version=&#8221;4.16&#8243; _module_preset=&#8221;default&#8221; global_colors_info=&#8221;{}&#8221;][et_pb_row _builder_version=&#8221;4.16&#8243; _module_preset=&#8221;default&#8221; custom_margin=&#8221;-120px|auto||auto||&#8221; global_colors_info=&#8221;{}&#8221;][et_pb_column type=&#8221;4_4&#8243; _builder_version=&#8221;4.16&#8243; _module_preset=&#8221;default&#8221; global_colors_info=&#8221;{}&#8221;][et_pb_image src=&#8221;https:\/\/ag-frisch.com\/wp-content\/uploads\/2021\/10\/express-versand-aus-china-1-scaled.jpeg&#8221; _builder_version=&#8221;4.16&#8243; _module_preset=&#8221;default&#8221; global_colors_info=&#8221;{}&#8221;][\/et_pb_image][\/et_pb_column][\/et_pb_row][\/et_pb_section][et_pb_section fb_built=&#8221;1&#8243; admin_label=&#8221;Testimonials&#8221; _builder_version=&#8221;4.16&#8243; use_background_color_gradient=&#8221;on&#8221; background_color_gradient_stops=&#8221;rgba(0,106,156,0.85) 0%|rgba(0,106,156,0.85) 100%&#8221; background_color_gradient_start=&#8221;rgba(0,106,156,0.85)&#8221; background_color_gradient_end=&#8221;rgba(0,106,156,0.85)&#8221; custom_padding=&#8221;90px||60px|&#8221; animation_style=&#8221;fold&#8221; animation_direction=&#8221;bottom&#8221; animation_intensity_fold=&#8221;4%&#8221; global_colors_info=&#8221;{}&#8221;][et_pb_row _builder_version=&#8221;4.16&#8243; background_size=&#8221;initial&#8221; background_position=&#8221;top_left&#8221; background_repeat=&#8221;repeat&#8221; custom_width_px=&#8221;710px&#8221; locked=&#8221;off&#8221; global_colors_info=&#8221;{}&#8221;][et_pb_column type=&#8221;4_4&#8243; _builder_version=&#8221;4.16&#8243; background_position=&#8221;top_left&#8221; custom_padding=&#8221;|||&#8221; global_colors_info=&#8221;{}&#8221; custom_padding__hover=&#8221;|||&#8221;][et_pb_text admin_label=&#8221;Testimonials Section Title&#8221; _builder_version=&#8221;4.16&#8243; header_font=&#8221;Montserrat||||&#8221; header_font_size=&#8221;36px&#8221; background_size=&#8221;initial&#8221; background_position=&#8221;top_left&#8221; background_repeat=&#8221;repeat&#8221; text_orientation=&#8221;center&#8221; background_layout=&#8221;dark&#8221; max_width=&#8221;710px&#8221; module_alignment=&#8221;center&#8221; animation_style=&#8221;fold&#8221; animation_direction=&#8221;bottom&#8221; animation_intensity_fold=&#8221;20%&#8221; global_colors_info=&#8221;{}&#8221;]<\/p>\n<h1>\u00dcber 5000 zufriedene Kunden.<\/h1>\n<p>&nbsp;<\/p>\n<p>[\/et_pb_text][et_pb_divider color=&#8221;#ffffff&#8221; divider_weight=&#8221;3px&#8221; disabled_on=&#8221;off|off|off&#8221; _builder_version=&#8221;4.16&#8243; background_color_gradient_direction=&#8221;90deg&#8221; max_width=&#8221;100px&#8221; module_alignment=&#8221;center&#8221; height=&#8221;5px&#8221; custom_margin=&#8221;||20px|&#8221; custom_padding=&#8221;||20px|&#8221; animation_style=&#8221;slide&#8221; animation_direction=&#8221;bottom&#8221; saved_tabs=&#8221;all&#8221; locked=&#8221;off&#8221; global_colors_info=&#8221;{}&#8221;][\/et_pb_divider][\/et_pb_column][\/et_pb_row][et_pb_row column_structure=&#8221;1_2,1_2&#8243; _builder_version=&#8221;4.18.1&#8243; _module_preset=&#8221;default&#8221; global_colors_info=&#8221;{}&#8221;][et_pb_column type=&#8221;1_2&#8243; _builder_version=&#8221;4.18.1&#8243; _module_preset=&#8221;default&#8221; global_colors_info=&#8221;{}&#8221;][et_pb_testimonial author=&#8221;Marco&#8221; portrait_url=&#8221;https:\/\/ag-frisch.com\/wp-content\/uploads\/2021\/08\/Harald.png&#8221; quote_icon=&#8221;off&#8221; _builder_version=&#8221;4.18.1&#8243; _module_preset=&#8221;default&#8221; body_font_size=&#8221;16px&#8221; use_background_color=&#8221;off&#8221; background_layout=&#8221;dark&#8221; global_colors_info=&#8221;{}&#8221;]Ich habe die Agentur Frisch beauftragt ein gr\u00f6\u00dferes M\u00f6belst\u00fcck in China produzieren zu lassen um es dann folglich nach Deutschland zu \u00fcberf\u00fchren. Per Mail erfolgte die ganze Zeit \u00fcber eine reibungslose Kommunikation! Sehr schnelle und zuverl\u00e4ssige Antworten vermittelten mir st\u00e4ndig die Sicherheiten, die bei so einen Unterfangen unerl\u00e4sslich sind. Jederzeit wurde mir durch den B\u00fcrokratiedschungel geholfen und dabei wurden keine Formulare vergessen oder falsch ausgef\u00fcllt. Sehr lobenswert!<a href=\"&lt;div class=&quot;pe-richsnippets&quot;&gt;&amp;nbsp;&lt;\/div&gt; &lt;script type=&quot;text\/javascript&quot; src=&quot;https:\/\/www.provenexpert.com\/widget\/richsnippet.js?u=1NUA0VwZ4RUZ5tmAi5zA4RaplNKAlWwZ&amp;v=2&quot; async&gt;&lt;\/script&gt; &lt;div style=&quot;text-align: justify;&quot;&gt;&lt;br \/&gt;\"><\/a><\/p>\n<div class=\"brow ratingBarMargin\">\n<div class=\"ratingBar\">\n<div class=\"brow\">\n<div class=\"pe-richsnippets\">&nbsp;<\/div>\n<p><script type=\"text\/javascript\" src=\"https:\/\/www.provenexpert.com\/widget\/richsnippet.js?u=1NUA0VwZ4RUZ5tmAi5zA4RaplNKAlWwZ&#038;v=2\" async><\/script><\/p>\n<div style=\"text-align: justify;\"><\/p>\n<div class=\"col-lg-9 col-md-8 col-xs-10 mt20 mb20\">\n<div class=\"col-xs-12 surveyNameForRating\"><\/div>\n<\/div>\n<\/div>\n<\/div>\n<\/div>\n<\/div>\n<p>[\/et_pb_testimonial][\/et_pb_column][et_pb_column type=&#8221;1_2&#8243; _builder_version=&#8221;4.18.1&#8243; _module_preset=&#8221;default&#8221; global_colors_info=&#8221;{}&#8221;][et_pb_testimonial author=&#8221;Simone L.&#8221; portrait_url=&#8221;https:\/\/ag-frisch.com\/wp-content\/uploads\/2021\/08\/Harald.png&#8221; quote_icon=&#8221;off&#8221; _builder_version=&#8221;4.18.1&#8243; _module_preset=&#8221;default&#8221; body_font_size=&#8221;16px&#8221; use_background_color=&#8221;off&#8221; background_layout=&#8221;dark&#8221; global_colors_info=&#8221;{}&#8221;]<\/p>\n<p>Alles Top. Besser geht nicht. Beratung und Durchf\u00fchrung kann man nicht besser machen. Wir sind nach mehreren Bestellungen bei diesem Unternehmen mehr als zufrieden und setzen die Zusammenarbeit fort.<\/p>\n<div class=\"brow ratingBarMargin\">\n<div class=\"ratingBar\">\n<div class=\"brow\">\n<div class=\"pe-richsnippets\">\u00a0<\/div>\n<p>\n<script type=\"text\/javascript\" src=\"https:\/\/www.provenexpert.com\/widget\/richsnippet.js?u=1NUA0VwZ4RUZ5tmAi5zA4RaplNKAlWwZ&amp;v=2\" async=\"\"><\/script>\n<\/p>\n<div style=\"text-align: justify;\">\n<p>&nbsp;<\/p>\n<div class=\"col-lg-9 col-md-8 col-xs-10 mt20 mb20\">\n<div class=\"col-xs-12 surveyNameForRating\"><\/div>\n<\/div>\n<\/div>\n<\/div>\n<\/div>\n<\/div>\n<p>[\/et_pb_testimonial][\/et_pb_column][\/et_pb_row][et_pb_row _builder_version=&#8221;4.16&#8243; background_size=&#8221;initial&#8221; background_position=&#8221;top_left&#8221; background_repeat=&#8221;repeat&#8221; custom_padding=&#8221;50px|0px|30px|0px&#8221; custom_css_main_element=&#8221;text-align: center;&#8221; global_colors_info=&#8221;{}&#8221;][et_pb_column type=&#8221;4_4&#8243; _builder_version=&#8221;4.16&#8243; custom_padding=&#8221;|||&#8221; global_colors_info=&#8221;{}&#8221; custom_padding__hover=&#8221;|||&#8221;][et_pb_button button_url=&#8221;https:\/\/www.provenexpert.com\/de-de\/agentur-frisch-international-consulting-gmbh-und-co-kg\/&#8221; button_text=&#8221;MEHR BEWERTUNGEN&#8221; button_alignment=&#8221;left&#8221; admin_label=&#8221;Testimonial Button&#8221; _builder_version=&#8221;4.16&#8243; custom_button=&#8221;on&#8221; button_text_size=&#8221;18px&#8221; button_text_color=&#8221;#ffffff&#8221; button_bg_color=&#8221;#6eba01&#8243; button_border_width=&#8221;2px&#8221; button_border_color=&#8221;#6eba01&#8243; button_border_radius=&#8221;0px&#8221; button_letter_spacing=&#8221;2px&#8221; button_font=&#8221;Montserrat|||on|&#8221; button_use_icon=&#8221;off&#8221; animation_style=&#8221;fold&#8221; animation_direction=&#8221;bottom&#8221; button_text_color_hover=&#8221;#ffffff&#8221; button_border_color_hover=&#8221;#ffffff&#8221; button_border_radius_hover=&#8221;0px&#8221; button_letter_spacing_hover=&#8221;2px&#8221; button_bg_color_hover=&#8221;rgba(255,255,255,0)&#8221; locked=&#8221;off&#8221; global_colors_info=&#8221;{}&#8221; button_text_size__hover_enabled=&#8221;off&#8221; button_one_text_size__hover_enabled=&#8221;off&#8221; button_two_text_size__hover_enabled=&#8221;off&#8221; button_text_color__hover_enabled=&#8221;on&#8221; button_text_color__hover=&#8221;#ffffff&#8221; button_one_text_color__hover_enabled=&#8221;off&#8221; button_two_text_color__hover_enabled=&#8221;off&#8221; button_border_width__hover_enabled=&#8221;off&#8221; button_one_border_width__hover_enabled=&#8221;off&#8221; button_two_border_width__hover_enabled=&#8221;off&#8221; button_border_color__hover_enabled=&#8221;on&#8221; button_border_color__hover=&#8221;#ffffff&#8221; button_one_border_color__hover_enabled=&#8221;off&#8221; button_two_border_color__hover_enabled=&#8221;off&#8221; button_border_radius__hover_enabled=&#8221;on&#8221; button_border_radius__hover=&#8221;0px&#8221; button_one_border_radius__hover_enabled=&#8221;off&#8221; button_two_border_radius__hover_enabled=&#8221;off&#8221; button_letter_spacing__hover_enabled=&#8221;on&#8221; button_letter_spacing__hover=&#8221;2px&#8221; button_one_letter_spacing__hover_enabled=&#8221;off&#8221; button_two_letter_spacing__hover_enabled=&#8221;off&#8221; button_bg_color__hover_enabled=&#8221;on&#8221; button_bg_color__hover=&#8221;rgba(255,255,255,0)&#8221; button_one_bg_color__hover_enabled=&#8221;off&#8221; button_two_bg_color__hover_enabled=&#8221;off&#8221;][\/et_pb_button][\/et_pb_column][\/et_pb_row][\/et_pb_section]<\/p>\n","protected":false},"excerpt":{"rendered":"<p>Wir unterst\u00fctzen Sie beim Sammeln von Kleinsendungen aus China und dem Expressversand aus China.Expressversand aus China Wir sind die Experten f\u00fcr Ihren\u00a0 Versand aus China und finden den optimalen Weg f\u00fcr Ihre Fracht. Wenn es schnell gehen soll, dann empfiehlt sich der Expressversand aus China.\u00a0 &nbsp; &nbsp; Express Versand aus China Wenn Sie Ware sehr [&hellip;]<\/p>\n","protected":false},"author":2,"featured_media":0,"parent":0,"menu_order":0,"comment_status":"closed","ping_status":"closed","template":"","meta":{"_et_pb_use_builder":"on","_et_pb_old_content":"","_et_gb_content_width":"","footnotes":""},"class_list":["post-949","page","type-page","status-publish","hentry"],"yoast_head":"<!-- This site is optimized with the Yoast SEO plugin v27.2 - https:\/\/yoast.com\/product\/yoast-seo-wordpress\/ -->\n<title>Expressversand aus China | Versand im Express-Tempo<\/title>\n<meta name=\"description\" content=\"Express-Versand aus China: Wenn es mal besonders schnell gehen muss \u25ba von Premium- bis Economy-Expressversand \u25ba Jetzt von Profis beraten lassen!\" \/>\n<meta name=\"robots\" content=\"index, follow, max-snippet:-1, max-image-preview:large, max-video-preview:-1\" \/>\n<link rel=\"canonical\" href=\"https:\/\/ag-frisch.com\/de\/expressversand-aus-china\/\" \/>\n<meta property=\"og:locale\" content=\"de_DE\" \/>\n<meta property=\"og:type\" content=\"article\" \/>\n<meta property=\"og:title\" content=\"Expressversand aus China | Versand im Express-Tempo\" \/>\n<meta property=\"og:description\" content=\"Express-Versand aus China: Wenn es mal besonders schnell gehen muss \u25ba von Premium- bis Economy-Expressversand \u25ba Jetzt von Profis beraten lassen!\" \/>\n<meta property=\"og:url\" content=\"https:\/\/ag-frisch.com\/de\/expressversand-aus-china\/\" \/>\n<meta property=\"og:site_name\" content=\"China Import Beratung f\u00fcr den Einkauf aus China\" \/>\n<meta property=\"article:publisher\" content=\"https:\/\/www.facebook.com\/China.Import\" \/>\n<meta property=\"article:modified_time\" content=\"2023-02-08T20:26:41+00:00\" \/>\n<meta name=\"twitter:card\" content=\"summary_large_image\" \/>\n<meta name=\"twitter:site\" content=\"@agenturfrisch\" \/>\n<meta name=\"twitter:label1\" content=\"Gesch\u00e4tzte Lesezeit\" \/>\n\t<meta name=\"twitter:data1\" content=\"9\u00a0Minuten\" \/>\n<script type=\"application\/ld+json\" class=\"yoast-schema-graph\">{\"@context\":\"https:\/\/schema.org\",\"@graph\":[{\"@type\":\"WebPage\",\"@id\":\"https:\/\/ag-frisch.com\/de\/expressversand-aus-china\/\",\"url\":\"https:\/\/ag-frisch.com\/de\/expressversand-aus-china\/\",\"name\":\"Expressversand aus China | Versand im Express-Tempo\",\"isPartOf\":{\"@id\":\"https:\/\/ag-frisch.com\/de\/#website\"},\"datePublished\":\"2021-10-21T21:07:14+00:00\",\"dateModified\":\"2023-02-08T20:26:41+00:00\",\"description\":\"Express-Versand aus China: Wenn es mal besonders schnell gehen muss \u25ba von Premium- bis Economy-Expressversand \u25ba Jetzt von Profis beraten lassen!\",\"breadcrumb\":{\"@id\":\"https:\/\/ag-frisch.com\/de\/expressversand-aus-china\/#breadcrumb\"},\"inLanguage\":\"de\",\"potentialAction\":[{\"@type\":\"ReadAction\",\"target\":[\"https:\/\/ag-frisch.com\/de\/expressversand-aus-china\/\"]}]},{\"@type\":\"BreadcrumbList\",\"@id\":\"https:\/\/ag-frisch.com\/de\/expressversand-aus-china\/#breadcrumb\",\"itemListElement\":[{\"@type\":\"ListItem\",\"position\":1,\"name\":\"Startseite\",\"item\":\"https:\/\/ag-frisch.com\/de\/\"},{\"@type\":\"ListItem\",\"position\":2,\"name\":\"Expressversand\"}]},{\"@type\":\"WebSite\",\"@id\":\"https:\/\/ag-frisch.com\/de\/#website\",\"url\":\"https:\/\/ag-frisch.com\/de\/\",\"name\":\"China Import Beratung f\u00fcr den Einkauf aus China\",\"description\":\"China Import &amp; Export Beratung - Der Dienstleister Ihres Vertrauens f\u00fcr Ihren China Import\",\"publisher\":{\"@id\":\"https:\/\/ag-frisch.com\/de\/#organization\"},\"potentialAction\":[{\"@type\":\"SearchAction\",\"target\":{\"@type\":\"EntryPoint\",\"urlTemplate\":\"https:\/\/ag-frisch.com\/de\/?s={search_term_string}\"},\"query-input\":{\"@type\":\"PropertyValueSpecification\",\"valueRequired\":true,\"valueName\":\"search_term_string\"}}],\"inLanguage\":\"de\"},{\"@type\":\"Organization\",\"@id\":\"https:\/\/ag-frisch.com\/de\/#organization\",\"name\":\"Agentur Frisch International Consulting GmbH & Co. KG\",\"url\":\"https:\/\/ag-frisch.com\/de\/\",\"logo\":{\"@type\":\"ImageObject\",\"inLanguage\":\"de\",\"@id\":\"https:\/\/ag-frisch.com\/de\/#\/schema\/logo\/image\/\",\"url\":\"https:\/\/ag-frisch.com\/wp-content\/uploads\/2021\/08\/ag_logo_rgb_300_small.png\",\"contentUrl\":\"https:\/\/ag-frisch.com\/wp-content\/uploads\/2021\/08\/ag_logo_rgb_300_small.png\",\"width\":153,\"height\":102,\"caption\":\"Agentur Frisch International Consulting GmbH & Co. KG\"},\"image\":{\"@id\":\"https:\/\/ag-frisch.com\/de\/#\/schema\/logo\/image\/\"},\"sameAs\":[\"https:\/\/www.facebook.com\/China.Import\",\"https:\/\/x.com\/agenturfrisch\"]}]}<\/script>\n<!-- \/ Yoast SEO plugin. -->","yoast_head_json":{"title":"Expressversand aus China | Versand im Express-Tempo","description":"Express-Versand aus China: Wenn es mal besonders schnell gehen muss \u25ba von Premium- bis Economy-Expressversand \u25ba Jetzt von Profis beraten lassen!","robots":{"index":"index","follow":"follow","max-snippet":"max-snippet:-1","max-image-preview":"max-image-preview:large","max-video-preview":"max-video-preview:-1"},"canonical":"https:\/\/ag-frisch.com\/de\/expressversand-aus-china\/","og_locale":"de_DE","og_type":"article","og_title":"Expressversand aus China | Versand im Express-Tempo","og_description":"Express-Versand aus China: Wenn es mal besonders schnell gehen muss \u25ba von Premium- bis Economy-Expressversand \u25ba Jetzt von Profis beraten lassen!","og_url":"https:\/\/ag-frisch.com\/de\/expressversand-aus-china\/","og_site_name":"China Import Beratung f\u00fcr den Einkauf aus China","article_publisher":"https:\/\/www.facebook.com\/China.Import","article_modified_time":"2023-02-08T20:26:41+00:00","twitter_card":"summary_large_image","twitter_site":"@agenturfrisch","twitter_misc":{"Gesch\u00e4tzte Lesezeit":"9\u00a0Minuten"},"schema":{"@context":"https:\/\/schema.org","@graph":[{"@type":"WebPage","@id":"https:\/\/ag-frisch.com\/de\/expressversand-aus-china\/","url":"https:\/\/ag-frisch.com\/de\/expressversand-aus-china\/","name":"Expressversand aus China | Versand im Express-Tempo","isPartOf":{"@id":"https:\/\/ag-frisch.com\/de\/#website"},"datePublished":"2021-10-21T21:07:14+00:00","dateModified":"2023-02-08T20:26:41+00:00","description":"Express-Versand aus China: Wenn es mal besonders schnell gehen muss \u25ba von Premium- bis Economy-Expressversand \u25ba Jetzt von Profis beraten lassen!","breadcrumb":{"@id":"https:\/\/ag-frisch.com\/de\/expressversand-aus-china\/#breadcrumb"},"inLanguage":"de","potentialAction":[{"@type":"ReadAction","target":["https:\/\/ag-frisch.com\/de\/expressversand-aus-china\/"]}]},{"@type":"BreadcrumbList","@id":"https:\/\/ag-frisch.com\/de\/expressversand-aus-china\/#breadcrumb","itemListElement":[{"@type":"ListItem","position":1,"name":"Startseite","item":"https:\/\/ag-frisch.com\/de\/"},{"@type":"ListItem","position":2,"name":"Expressversand"}]},{"@type":"WebSite","@id":"https:\/\/ag-frisch.com\/de\/#website","url":"https:\/\/ag-frisch.com\/de\/","name":"China Import Beratung f\u00fcr den Einkauf aus China","description":"China Import &amp; Export Beratung - Der Dienstleister Ihres Vertrauens f\u00fcr Ihren China Import","publisher":{"@id":"https:\/\/ag-frisch.com\/de\/#organization"},"potentialAction":[{"@type":"SearchAction","target":{"@type":"EntryPoint","urlTemplate":"https:\/\/ag-frisch.com\/de\/?s={search_term_string}"},"query-input":{"@type":"PropertyValueSpecification","valueRequired":true,"valueName":"search_term_string"}}],"inLanguage":"de"},{"@type":"Organization","@id":"https:\/\/ag-frisch.com\/de\/#organization","name":"Agentur Frisch International Consulting GmbH & Co. KG","url":"https:\/\/ag-frisch.com\/de\/","logo":{"@type":"ImageObject","inLanguage":"de","@id":"https:\/\/ag-frisch.com\/de\/#\/schema\/logo\/image\/","url":"https:\/\/ag-frisch.com\/wp-content\/uploads\/2021\/08\/ag_logo_rgb_300_small.png","contentUrl":"https:\/\/ag-frisch.com\/wp-content\/uploads\/2021\/08\/ag_logo_rgb_300_small.png","width":153,"height":102,"caption":"Agentur Frisch International Consulting GmbH & Co. KG"},"image":{"@id":"https:\/\/ag-frisch.com\/de\/#\/schema\/logo\/image\/"},"sameAs":["https:\/\/www.facebook.com\/China.Import","https:\/\/x.com\/agenturfrisch"]}]}},"_links":{"self":[{"href":"https:\/\/ag-frisch.com\/de\/wp-json\/wp\/v2\/pages\/949","targetHints":{"allow":["GET"]}}],"collection":[{"href":"https:\/\/ag-frisch.com\/de\/wp-json\/wp\/v2\/pages"}],"about":[{"href":"https:\/\/ag-frisch.com\/de\/wp-json\/wp\/v2\/types\/page"}],"author":[{"embeddable":true,"href":"https:\/\/ag-frisch.com\/de\/wp-json\/wp\/v2\/users\/2"}],"replies":[{"embeddable":true,"href":"https:\/\/ag-frisch.com\/de\/wp-json\/wp\/v2\/comments?post=949"}],"version-history":[{"count":0,"href":"https:\/\/ag-frisch.com\/de\/wp-json\/wp\/v2\/pages\/949\/revisions"}],"wp:attachment":[{"href":"https:\/\/ag-frisch.com\/de\/wp-json\/wp\/v2\/media?parent=949"}],"curies":[{"name":"wp","href":"https:\/\/api.w.org\/{rel}","templated":true}]}}