{"id":10049,"date":"2021-10-24T22:44:21","date_gmt":"2021-10-24T20:44:21","guid":{"rendered":"https:\/\/ag-frisch.com\/transporte-ferroviario-de-mercancias\/"},"modified":"2023-01-27T05:19:22","modified_gmt":"2023-01-27T04:19:22","slug":"transporte-ferroviario-de-mercancias","status":"publish","type":"page","link":"https:\/\/ag-frisch.com\/es\/transporte-ferroviario-de-mercancias\/","title":{"rendered":"Transporte ferroviario de mercanc\u00edas"},"content":{"rendered":"<p>[et_pb_section fb_built=&#8221;1&#8243; _builder_version=&#8221;4.16&#8243; _module_preset=&#8221;default&#8221; global_colors_info=&#8221;{}&#8221;][et_pb_row _builder_version=&#8221;4.18.1&#8243; _module_preset=&#8221;default&#8221;][et_pb_column _builder_version=&#8221;4.18.1&#8243; _module_preset=&#8221;default&#8221; type=&#8221;4_4&#8243;][et_pb_cta title=&#8221;Transporte ferroviario de mercanc\u00edas desde China&#8221; button_url=&#8221;https:\/\/ag-frisch.com\/es\/contacte-con\/&#8221; button_text=&#8221;Solicite ahora transporte ferroviario de mercanc\u00edas desde China&#8221; _builder_version=&#8221;4.18.1&#8243; _module_preset=&#8221;default&#8221; hover_enabled=&#8221;0&#8243; global_colors_info=&#8221;{}&#8221; theme_builder_area=&#8221;post_content&#8221; sticky_enabled=&#8221;0&#8243;]<\/p>\n<p>Si necesita un tiempo de tr\u00e1nsito m\u00e1s r\u00e1pido que el transporte mar\u00edtimo y considerablemente m\u00e1s barato que el transporte a\u00e9reo, no dude en consultarnos sobre el transporte ferroviario.  <\/p>\n<p>[\/et_pb_cta][\/et_pb_column][\/et_pb_row][et_pb_row _builder_version=&#8221;4.16&#8243; _module_preset=&#8221;default&#8221; global_colors_info=&#8221;{}&#8221;][et_pb_column type=&#8221;4_4&#8243; _builder_version=&#8221;4.16&#8243; _module_preset=&#8221;default&#8221; global_colors_info=&#8221;{}&#8221;][et_pb_image src=&#8221;https:\/\/ag-frisch.com\/wp-content\/uploads\/2021\/10\/Bahnfracht-aus-china-scaled.jpeg&#8221; _builder_version=&#8221;4.16&#8243; _module_preset=&#8221;default&#8221; global_colors_info=&#8221;{}&#8221;][\/et_pb_image][et_pb_text _builder_version=&#8221;4.16&#8243; _module_preset=&#8221;default&#8221; custom_padding=&#8221;3px|||||&#8221; global_colors_info=&#8221;{}&#8221;]<\/p>\n<h1>Transporte ferroviario de mercanc\u00edas desde China<\/h1>\n<p><strong>Alternativa al transporte mar\u00edtimo y a\u00e9reo: el transporte por ferrocarril<\/strong><\/p>\n<p>Quienes consideren que la ruta mar\u00edtima es demasiado lenta y el transporte a\u00e9reo demasiado caro, deber\u00edan estudiar m\u00e1s detenidamente la opci\u00f3n del transporte ferroviario desde China. Representa una opci\u00f3n intermedia de transporte que puede tener mucho sentido para algunos productos. Las ventajas del env\u00edo por tren desde China son, por ejemplo:<\/p>\n<ul>\n<li>Entrega relativamente r\u00e1pida de unos 14 d\u00edas (m\u00e1s pre\/post entrega)<\/li>\n<li>cuesta algo menos de la mitad que el transporte a\u00e9reo<\/li>\n<li>alta fiabilidad<\/li>\n<\/ul>\n<p>&nbsp;<\/p>\n<p><strong>Ventajas del transporte ferroviario desde China sobre el mar\u00edtimo<\/strong><\/p>\n<p>Mientras que el env\u00edo por mar desde China suele tardar cuatro o incluso hasta seis semanas, el env\u00edo por tren desde China es sin duda un ganador en cuanto a plazos de entrega: en este caso se suelen ahorrar entre 10 y 14 d\u00edas. Sin embargo, los costes tambi\u00e9n son hasta tres veces m\u00e1s caros que los del transporte mar\u00edtimo. Por tanto, es aconsejable un examen minucioso para evitar aumentos innecesarios de los costes y, por tanto, reducciones de los beneficios. La mercanc\u00eda puede fraccionarse si s\u00f3lo se necesita con urgencia una parte determinada de la misma. El tiempo ahorrado de dos semanas debe merecer la pena en el sentido m\u00e1s estricto de la palabra.<\/p>\n<p>&nbsp;<\/p>\n<p><strong>Ventajas del transporte ferroviario desde China frente al a\u00e9reo<\/strong><\/p>\n<p>El plazo de entrega real del transporte a\u00e9reo desde China es de unas dos semanas. Eso es lo que tarda un env\u00edo en tren de China a Alemania. Sin embargo, en este caso suele haber tiempos de preprocesamiento y postprocesamiento muy largos, por lo que lo m\u00e1s probable es que sean tres o cuatro semanas. En este caso, el ahorro de costes del transporte por tren desde China en comparaci\u00f3n con el transporte a\u00e9reo es de alrededor del 50%. Este es un argumento importante a favor del transporte de mercanc\u00edas por ferrocarril desde China.<\/p>\n<p>&nbsp;<\/p>\n<p><strong>En tren de China a Alemania por la Ruta de la Seda<\/strong><\/p>\n<p>La hist\u00f3rica Ruta de la Seda, que ha conectado China y Europa durante dos mil a\u00f1os, ha recobrado importancia recientemente. Desde la desintegraci\u00f3n de la Uni\u00f3n Sovi\u00e9tica, esta ruta puede utilizarse de nuevo con relativa tranquilidad, y las l\u00edneas ferroviarias han sido y siguen siendo ampliadas. Ahora existe aqu\u00ed una conexi\u00f3n que permite llevar mercanc\u00edas de China a Alemania por tren. Sin embargo, queda por ver hasta qu\u00e9 punto la evoluci\u00f3n de la &#8220;nueva era pol\u00edtica&#8221; proclamada por Rusia tendr\u00e1 un impacto concreto en esta ruta comercial.<\/p>\n<p>&nbsp;<\/p>\n<p><strong>Puntos de salida y estaciones de llegada<\/strong><\/p>\n<p>Las estaciones de salida del tr\u00e1fico ferroviario de China a trav\u00e9s de la Ruta de la Seda son Chongqing, Wuhan, Xian y Zhengzhou. Las mercanc\u00edas pueden invitarse aqu\u00ed. Estaremos encantados de encargarnos del transporte desde la f\u00e1brica del fabricante hasta la estaci\u00f3n de ferrocarril m\u00e1s cercana, as\u00ed como de todos los servicios log\u00edsticos en las proximidades de esta ruta.<\/p>\n<p>Las estaciones de llegada de su carga ferroviaria procedente de China en Alemania son Duisburgo, Hamburgo y M\u00fanich. Aqu\u00ed nos encargaremos con mucho gusto del almacenamiento por usted o del traslado directo a un almac\u00e9n de su elecci\u00f3n.<\/p>\n<p>&nbsp;<\/p>\n<p><strong>Asesoramiento experto sobre su transporte ferroviario de mercanc\u00edas desde China<\/strong><\/p>\n<p>Como ha visto en el ejemplo del transporte en tren desde China, hay muchos factores individuales a tener en cuenta a la hora de elegir la ruta de transporte \u00f3ptima. En Agentur Frisch conocemos todas las ventajas, desventajas y particularidades de las distintas opciones de transporte. No todos son adecuados para todos los productos. Tambi\u00e9n existen soluciones combinadas en algunos casos, cuando, por ejemplo, parte de la mercanc\u00eda ya se env\u00eda desde China por avi\u00f3n o tren, y otra parte -generalmente m\u00e1s grande- toma la ruta m\u00e1s lenta pero m\u00e1s barata por transporte mar\u00edtimo. Estaremos encantados de averiguar c\u00f3mo es su soluci\u00f3n ideal en una consulta.<\/p>\n<p>&nbsp;<\/p>\n<p>[\/et_pb_text][\/et_pb_column][\/et_pb_row][et_pb_row _builder_version=&#8221;4.16&#8243; _module_preset=&#8221;default&#8221; global_colors_info=&#8221;{}&#8221;][et_pb_column type=&#8221;4_4&#8243; _builder_version=&#8221;4.16&#8243; _module_preset=&#8221;default&#8221; global_colors_info=&#8221;{}&#8221;][et_pb_image src=&#8221;https:\/\/ag-frisch.com\/wp-content\/uploads\/2021\/10\/bahn_seidenstrasse-scaled.jpeg&#8221; _builder_version=&#8221;4.16&#8243; _module_preset=&#8221;default&#8221; global_colors_info=&#8221;{}&#8221;][\/et_pb_image][\/et_pb_column][\/et_pb_row][\/et_pb_section][et_pb_section fb_built=&#8221;1&#8243; admin_label=&#8221;Testimonials&#8221; _builder_version=&#8221;4.16&#8243; use_background_color_gradient=&#8221;on&#8221; background_color_gradient_stops=&#8221;rgba(0,106,156,0.85) 0%|rgba(0,106,156,0.85) 100%&#8221; background_color_gradient_start=&#8221;rgba(0,106,156,0.85)&#8221; background_color_gradient_end=&#8221;rgba(0,106,156,0.85)&#8221; custom_padding=&#8221;90px||60px|&#8221; animation_style=&#8221;fold&#8221; animation_direction=&#8221;bottom&#8221; animation_intensity_fold=&#8221;4%&#8221; global_colors_info=&#8221;{}&#8221; theme_builder_area=&#8221;post_content&#8221;][et_pb_row _builder_version=&#8221;4.16&#8243; background_size=&#8221;initial&#8221; background_position=&#8221;top_left&#8221; background_repeat=&#8221;repeat&#8221; custom_width_px=&#8221;710px&#8221; locked=&#8221;off&#8221; global_colors_info=&#8221;{}&#8221; theme_builder_area=&#8221;post_content&#8221;][et_pb_column type=&#8221;4_4&#8243; _builder_version=&#8221;4.16&#8243; background_position=&#8221;top_left&#8221; custom_padding=&#8221;|||&#8221; global_colors_info=&#8221;{}&#8221; custom_padding__hover=&#8221;|||&#8221; theme_builder_area=&#8221;post_content&#8221;][et_pb_text admin_label=&#8221;Testimonials Section Title&#8221; _builder_version=&#8221;4.16&#8243; header_font=&#8221;Montserrat||||&#8221; header_font_size=&#8221;36px&#8221; background_size=&#8221;initial&#8221; background_position=&#8221;top_left&#8221; background_repeat=&#8221;repeat&#8221; text_orientation=&#8221;center&#8221; background_layout=&#8221;dark&#8221; max_width=&#8221;710px&#8221; module_alignment=&#8221;center&#8221; animation_style=&#8221;fold&#8221; animation_direction=&#8221;bottom&#8221; animation_intensity_fold=&#8221;20%&#8221; global_colors_info=&#8221;{}&#8221; theme_builder_area=&#8221;post_content&#8221;]<\/p>\n<h1>M\u00e1s de 5000 clientes satisfechos.<\/h1>\n<p>&nbsp;<\/p>\n<p>[\/et_pb_text][et_pb_divider color=&#8221;#ffffff&#8221; divider_weight=&#8221;3px&#8221; disabled_on=&#8221;off|off|off&#8221; _builder_version=&#8221;4.16&#8243; background_color_gradient_direction=&#8221;90deg&#8221; max_width=&#8221;100px&#8221; module_alignment=&#8221;center&#8221; height=&#8221;5px&#8221; custom_margin=&#8221;||20px|&#8221; custom_padding=&#8221;||20px|&#8221; animation_style=&#8221;slide&#8221; animation_direction=&#8221;bottom&#8221; saved_tabs=&#8221;all&#8221; locked=&#8221;off&#8221; global_colors_info=&#8221;{}&#8221; theme_builder_area=&#8221;post_content&#8221;][\/et_pb_divider][\/et_pb_column][\/et_pb_row][et_pb_row column_structure=&#8221;1_2,1_2&#8243; _builder_version=&#8221;4.18.1&#8243; _module_preset=&#8221;default&#8221; global_colors_info=&#8221;{}&#8221; theme_builder_area=&#8221;post_content&#8221;][et_pb_column type=&#8221;1_2&#8243; _builder_version=&#8221;4.18.1&#8243; _module_preset=&#8221;default&#8221; global_colors_info=&#8221;{}&#8221; theme_builder_area=&#8221;post_content&#8221;][et_pb_testimonial author=&#8221;Marco&#8221; portrait_url=&#8221;https:\/\/ag-frisch.com\/wp-content\/uploads\/2021\/08\/Harald.png&#8221; quote_icon=&#8221;off&#8221; _builder_version=&#8221;4.18.1&#8243; _module_preset=&#8221;default&#8221; body_font_size=&#8221;16px&#8221; use_background_color=&#8221;off&#8221; background_layout=&#8221;dark&#8221; global_colors_info=&#8221;{}&#8221; theme_builder_area=&#8221;post_content&#8221;]Encargu\u00e9 a la Agencia Frisch la fabricaci\u00f3n de un gran mueble en China y su posterior traslado a Alemania. La comunicaci\u00f3n por correo fue fluida en todo momento. Las respuestas, muy r\u00e1pidas y fiables, me dieron constantemente las seguridades indispensables en una empresa de este tipo. Me ayudaron en todo momento a atravesar la jungla burocr\u00e1tica y no se me olvid\u00f3 ning\u00fan formulario ni lo rellen\u00e9 incorrectamente. \u00a1Muy loable!<a href=\"&lt;div%20class=%22pe-richsnippets%22&gt;&nbsp;&lt;\/div&gt;%20&lt;script%20type=%22text\/javascript%22%20src=%22https:\/\/www.provenexpert.com\/widget\/richsnippet.js?u=1NUA0VwZ4RUZ5tmAi5zA4RaplNKAlWwZ&amp;v=2%22%20async&gt;&lt;\/script&gt;%20&lt;div%20style=%22text-align:%20justify;%22&gt;&lt;br%20\/&gt;\"><\/a><\/p>\n<div class=\"brow ratingBarMargin\">\n<div class=\"ratingBar\">\n<div class=\"brow\">\n<div class=\"pe-richsnippets\">&nbsp;<\/div>\n<p><script type=\"text\/javascript\" src=\"https:\/\/www.provenexpert.com\/widget\/richsnippet.js?u=1NUA0VwZ4RUZ5tmAi5zA4RaplNKAlWwZ&amp;v=2\" async=\"\"><\/script><\/p>\n<div style=\"text-align: justify;\"><\/p>\n<div class=\"col-lg-9 col-md-8 col-xs-10 mt20 mb20\">\n<div class=\"col-xs-12 surveyNameForRating\"><\/div>\n<\/div>\n<\/div>\n<\/div>\n<\/div>\n<\/div>\n<p>[\/et_pb_testimonial][\/et_pb_column][et_pb_column type=&#8221;1_2&#8243; _builder_version=&#8221;4.18.1&#8243; _module_preset=&#8221;default&#8221; global_colors_info=&#8221;{}&#8221; theme_builder_area=&#8221;post_content&#8221;][et_pb_testimonial author=&#8221;Simone L.&#8221; portrait_url=&#8221;https:\/\/ag-frisch.com\/wp-content\/uploads\/2021\/08\/Harald.png&#8221; quote_icon=&#8221;off&#8221; _builder_version=&#8221;4.18.1&#8243; _module_preset=&#8221;default&#8221; body_font_size=&#8221;16px&#8221; use_background_color=&#8221;off&#8221; background_layout=&#8221;dark&#8221; global_colors_info=&#8221;{}&#8221; theme_builder_area=&#8221;post_content&#8221;]<\/p>\n<p>Todo arriba. No hay nada mejor que esto. El asesoramiento y la aplicaci\u00f3n no pueden hacerse mejor. Estamos m\u00e1s que satisfechos despu\u00e9s de varios pedidos con esta empresa y continuamos nuestra cooperaci\u00f3n.<\/p>\n<div class=\"brow ratingBarMargin\">\n<div class=\"ratingBar\">\n<div class=\"brow\">\n<div class=\"pe-richsnippets\"> <\/div>\n<p>\n<script type=\"text\/javascript\" src=\"https:\/\/www.provenexpert.com\/widget\/richsnippet.js?u=1NUA0VwZ4RUZ5tmAi5zA4RaplNKAlWwZ&amp;v=2\" async=\"\"><\/script>\n<\/p>\n<div style=\"text-align: justify;\">\n<p>&nbsp;<\/p>\n<div class=\"col-lg-9 col-md-8 col-xs-10 mt20 mb20\">\n<div class=\"col-xs-12 surveyNameForRating\"><\/div>\n<\/div>\n<\/div>\n<\/div>\n<\/div>\n<\/div>\n<p>[\/et_pb_testimonial][\/et_pb_column][\/et_pb_row][et_pb_row _builder_version=&#8221;4.16&#8243; background_size=&#8221;initial&#8221; background_position=&#8221;top_left&#8221; background_repeat=&#8221;repeat&#8221; custom_padding=&#8221;50px|0px|30px|0px&#8221; custom_css_main_element=&#8221;text-align: center;&#8221; global_colors_info=&#8221;{}&#8221; theme_builder_area=&#8221;post_content&#8221;][et_pb_column type=&#8221;4_4&#8243; _builder_version=&#8221;4.16&#8243; custom_padding=&#8221;|||&#8221; global_colors_info=&#8221;{}&#8221; custom_padding__hover=&#8221;|||&#8221; theme_builder_area=&#8221;post_content&#8221;][et_pb_button button_url=&#8221;https:\/\/www.provenexpert.com\/de-de\/agentur-frisch-international-consulting-gmbh-und-co-kg\/&#8221; button_text=&#8221;M\u00c1S VALORACIONES&#8221; button_alignment=&#8221;left&#8221; admin_label=&#8221;Testimonial Button&#8221; _builder_version=&#8221;4.16&#8243; custom_button=&#8221;on&#8221; button_text_size=&#8221;18px&#8221; button_text_color=&#8221;#ffffff&#8221; button_bg_color=&#8221;#6eba01&#8243; button_border_width=&#8221;2px&#8221; button_border_color=&#8221;#6eba01&#8243; button_border_radius=&#8221;0px&#8221; button_letter_spacing=&#8221;2px&#8221; button_font=&#8221;Montserrat|||on|&#8221; button_use_icon=&#8221;off&#8221; animation_style=&#8221;fold&#8221; animation_direction=&#8221;bottom&#8221; button_text_color_hover=&#8221;#ffffff&#8221; button_border_color_hover=&#8221;#ffffff&#8221; button_border_radius_hover=&#8221;0px&#8221; button_letter_spacing_hover=&#8221;2px&#8221; button_bg_color_hover=&#8221;rgba(255,255,255,0)&#8221; locked=&#8221;off&#8221; global_colors_info=&#8221;{}&#8221; button_text_size__hover_enabled=&#8221;off&#8221; button_one_text_size__hover_enabled=&#8221;off&#8221; button_two_text_size__hover_enabled=&#8221;off&#8221; button_text_color__hover_enabled=&#8221;on&#8221; button_text_color__hover=&#8221;#ffffff&#8221; button_one_text_color__hover_enabled=&#8221;off&#8221; button_two_text_color__hover_enabled=&#8221;off&#8221; button_border_width__hover_enabled=&#8221;off&#8221; button_one_border_width__hover_enabled=&#8221;off&#8221; button_two_border_width__hover_enabled=&#8221;off&#8221; button_border_color__hover_enabled=&#8221;on&#8221; button_border_color__hover=&#8221;#ffffff&#8221; button_one_border_color__hover_enabled=&#8221;off&#8221; button_two_border_color__hover_enabled=&#8221;off&#8221; button_border_radius__hover_enabled=&#8221;on&#8221; button_border_radius__hover=&#8221;0px&#8221; button_one_border_radius__hover_enabled=&#8221;off&#8221; button_two_border_radius__hover_enabled=&#8221;off&#8221; button_letter_spacing__hover_enabled=&#8221;on&#8221; button_letter_spacing__hover=&#8221;2px&#8221; button_one_letter_spacing__hover_enabled=&#8221;off&#8221; button_two_letter_spacing__hover_enabled=&#8221;off&#8221; button_bg_color__hover_enabled=&#8221;on&#8221; button_bg_color__hover=&#8221;rgba(255,255,255,0)&#8221; button_one_bg_color__hover_enabled=&#8221;off&#8221; button_two_bg_color__hover_enabled=&#8221;off&#8221; theme_builder_area=&#8221;post_content&#8221;][\/et_pb_button][\/et_pb_column][\/et_pb_row][\/et_pb_section][et_pb_section fb_built=&#8221;1&#8243; _builder_version=&#8221;4.16&#8243; _module_preset=&#8221;default&#8221; global_colors_info=&#8221;{}&#8221;][\/et_pb_section]<\/p>\n","protected":false},"excerpt":{"rendered":"<p>Si necesita un tiempo de tr\u00e1nsito m\u00e1s r\u00e1pido que el transporte mar\u00edtimo y considerablemente m\u00e1s barato que el transporte a\u00e9reo, no dude en consultarnos sobre el transporte ferroviario. Transporte ferroviario de mercanc\u00edas desde China Alternativa al transporte mar\u00edtimo y a\u00e9reo: el transporte por ferrocarril Quienes consideren que la ruta mar\u00edtima es demasiado lenta y el [&hellip;]<\/p>\n","protected":false},"author":2,"featured_media":0,"parent":0,"menu_order":0,"comment_status":"closed","ping_status":"closed","template":"","meta":{"_et_pb_use_builder":"on","_et_pb_old_content":"","_et_gb_content_width":"","footnotes":""},"class_list":["post-10049","page","type-page","status-publish","hentry"],"yoast_head":"<!-- This site is optimized with the Yoast SEO plugin v27.2 - https:\/\/yoast.com\/product\/yoast-seo-wordpress\/ -->\n<title>Transporte ferroviario de mercanc\u00edas desde China | Importaci\u00f3n de mercanc\u00edas por ferrocarril desde China<\/title>\n<meta name=\"description\" content=\"Transporte ferroviario de mercanc\u00edas desde China \u25ba Importe sus mercanc\u00edas por ferrocarril desde China \u25ba Servicio completo de transporte ferroviario desde China \u25ba \u00a1Ases\u00f3rese ahora!\" \/>\n<meta name=\"robots\" content=\"index, follow, max-snippet:-1, max-image-preview:large, max-video-preview:-1\" \/>\n<link rel=\"canonical\" href=\"https:\/\/ag-frisch.com\/es\/transporte-ferroviario-de-mercancias\/\" \/>\n<meta property=\"og:locale\" content=\"es_ES\" \/>\n<meta property=\"og:type\" content=\"article\" \/>\n<meta property=\"og:title\" content=\"Transporte ferroviario de mercanc\u00edas desde China | Importaci\u00f3n de mercanc\u00edas por ferrocarril desde China\" \/>\n<meta property=\"og:description\" content=\"Transporte ferroviario de mercanc\u00edas desde China \u25ba Importe sus mercanc\u00edas por ferrocarril desde China \u25ba Servicio completo de transporte ferroviario desde China \u25ba \u00a1Ases\u00f3rese ahora!\" \/>\n<meta property=\"og:url\" content=\"https:\/\/ag-frisch.com\/es\/transporte-ferroviario-de-mercancias\/\" \/>\n<meta property=\"og:site_name\" content=\"China Import Beratung f\u00fcr den Einkauf aus China\" \/>\n<meta property=\"article:publisher\" content=\"https:\/\/www.facebook.com\/China.Import\" \/>\n<meta property=\"article:modified_time\" content=\"2023-01-27T04:19:22+00:00\" \/>\n<meta name=\"twitter:card\" content=\"summary_large_image\" \/>\n<meta name=\"twitter:site\" content=\"@agenturfrisch\" \/>\n<meta name=\"twitter:label1\" content=\"Tiempo de lectura\" \/>\n\t<meta name=\"twitter:data1\" content=\"9 minutos\" \/>\n<script type=\"application\/ld+json\" class=\"yoast-schema-graph\">{\"@context\":\"https:\/\/schema.org\",\"@graph\":[{\"@type\":\"WebPage\",\"@id\":\"https:\/\/ag-frisch.com\/es\/transporte-ferroviario-de-mercancias\/\",\"url\":\"https:\/\/ag-frisch.com\/es\/transporte-ferroviario-de-mercancias\/\",\"name\":\"Transporte ferroviario de mercanc\u00edas desde China | Importaci\u00f3n de mercanc\u00edas por ferrocarril desde China\",\"isPartOf\":{\"@id\":\"https:\/\/ag-frisch.com\/de\/#website\"},\"datePublished\":\"2021-10-24T20:44:21+00:00\",\"dateModified\":\"2023-01-27T04:19:22+00:00\",\"description\":\"Transporte ferroviario de mercanc\u00edas desde China \u25ba Importe sus mercanc\u00edas por ferrocarril desde China \u25ba Servicio completo de transporte ferroviario desde China \u25ba \u00a1Ases\u00f3rese ahora!\",\"breadcrumb\":{\"@id\":\"https:\/\/ag-frisch.com\/es\/transporte-ferroviario-de-mercancias\/#breadcrumb\"},\"inLanguage\":\"es\",\"potentialAction\":[{\"@type\":\"ReadAction\",\"target\":[\"https:\/\/ag-frisch.com\/es\/transporte-ferroviario-de-mercancias\/\"]}]},{\"@type\":\"BreadcrumbList\",\"@id\":\"https:\/\/ag-frisch.com\/es\/transporte-ferroviario-de-mercancias\/#breadcrumb\",\"itemListElement\":[{\"@type\":\"ListItem\",\"position\":1,\"name\":\"Startseite\",\"item\":\"https:\/\/ag-frisch.com\/de\/\"},{\"@type\":\"ListItem\",\"position\":2,\"name\":\"Transporte ferroviario de mercanc\u00edas\"}]},{\"@type\":\"WebSite\",\"@id\":\"https:\/\/ag-frisch.com\/de\/#website\",\"url\":\"https:\/\/ag-frisch.com\/de\/\",\"name\":\"China Import Beratung f\u00fcr den Einkauf aus China\",\"description\":\"China Import &amp; Export Beratung - Der Dienstleister Ihres Vertrauens f\u00fcr Ihren China Import\",\"publisher\":{\"@id\":\"https:\/\/ag-frisch.com\/de\/#organization\"},\"potentialAction\":[{\"@type\":\"SearchAction\",\"target\":{\"@type\":\"EntryPoint\",\"urlTemplate\":\"https:\/\/ag-frisch.com\/de\/?s={search_term_string}\"},\"query-input\":{\"@type\":\"PropertyValueSpecification\",\"valueRequired\":true,\"valueName\":\"search_term_string\"}}],\"inLanguage\":\"es\"},{\"@type\":\"Organization\",\"@id\":\"https:\/\/ag-frisch.com\/de\/#organization\",\"name\":\"Agentur Frisch International Consulting GmbH & Co. KG\",\"url\":\"https:\/\/ag-frisch.com\/de\/\",\"logo\":{\"@type\":\"ImageObject\",\"inLanguage\":\"es\",\"@id\":\"https:\/\/ag-frisch.com\/de\/#\/schema\/logo\/image\/\",\"url\":\"https:\/\/ag-frisch.com\/wp-content\/uploads\/2021\/08\/ag_logo_rgb_300_small.png\",\"contentUrl\":\"https:\/\/ag-frisch.com\/wp-content\/uploads\/2021\/08\/ag_logo_rgb_300_small.png\",\"width\":153,\"height\":102,\"caption\":\"Agentur Frisch International Consulting GmbH & Co. KG\"},\"image\":{\"@id\":\"https:\/\/ag-frisch.com\/de\/#\/schema\/logo\/image\/\"},\"sameAs\":[\"https:\/\/www.facebook.com\/China.Import\",\"https:\/\/x.com\/agenturfrisch\"]}]}<\/script>\n<!-- \/ Yoast SEO plugin. -->","yoast_head_json":{"title":"Transporte ferroviario de mercanc\u00edas desde China | Importaci\u00f3n de mercanc\u00edas por ferrocarril desde China","description":"Transporte ferroviario de mercanc\u00edas desde China \u25ba Importe sus mercanc\u00edas por ferrocarril desde China \u25ba Servicio completo de transporte ferroviario desde China \u25ba \u00a1Ases\u00f3rese ahora!","robots":{"index":"index","follow":"follow","max-snippet":"max-snippet:-1","max-image-preview":"max-image-preview:large","max-video-preview":"max-video-preview:-1"},"canonical":"https:\/\/ag-frisch.com\/es\/transporte-ferroviario-de-mercancias\/","og_locale":"es_ES","og_type":"article","og_title":"Transporte ferroviario de mercanc\u00edas desde China | Importaci\u00f3n de mercanc\u00edas por ferrocarril desde China","og_description":"Transporte ferroviario de mercanc\u00edas desde China \u25ba Importe sus mercanc\u00edas por ferrocarril desde China \u25ba Servicio completo de transporte ferroviario desde China \u25ba \u00a1Ases\u00f3rese ahora!","og_url":"https:\/\/ag-frisch.com\/es\/transporte-ferroviario-de-mercancias\/","og_site_name":"China Import Beratung f\u00fcr den Einkauf aus China","article_publisher":"https:\/\/www.facebook.com\/China.Import","article_modified_time":"2023-01-27T04:19:22+00:00","twitter_card":"summary_large_image","twitter_site":"@agenturfrisch","twitter_misc":{"Tiempo de lectura":"9 minutos"},"schema":{"@context":"https:\/\/schema.org","@graph":[{"@type":"WebPage","@id":"https:\/\/ag-frisch.com\/es\/transporte-ferroviario-de-mercancias\/","url":"https:\/\/ag-frisch.com\/es\/transporte-ferroviario-de-mercancias\/","name":"Transporte ferroviario de mercanc\u00edas desde China | Importaci\u00f3n de mercanc\u00edas por ferrocarril desde China","isPartOf":{"@id":"https:\/\/ag-frisch.com\/de\/#website"},"datePublished":"2021-10-24T20:44:21+00:00","dateModified":"2023-01-27T04:19:22+00:00","description":"Transporte ferroviario de mercanc\u00edas desde China \u25ba Importe sus mercanc\u00edas por ferrocarril desde China \u25ba Servicio completo de transporte ferroviario desde China \u25ba \u00a1Ases\u00f3rese ahora!","breadcrumb":{"@id":"https:\/\/ag-frisch.com\/es\/transporte-ferroviario-de-mercancias\/#breadcrumb"},"inLanguage":"es","potentialAction":[{"@type":"ReadAction","target":["https:\/\/ag-frisch.com\/es\/transporte-ferroviario-de-mercancias\/"]}]},{"@type":"BreadcrumbList","@id":"https:\/\/ag-frisch.com\/es\/transporte-ferroviario-de-mercancias\/#breadcrumb","itemListElement":[{"@type":"ListItem","position":1,"name":"Startseite","item":"https:\/\/ag-frisch.com\/de\/"},{"@type":"ListItem","position":2,"name":"Transporte ferroviario de mercanc\u00edas"}]},{"@type":"WebSite","@id":"https:\/\/ag-frisch.com\/de\/#website","url":"https:\/\/ag-frisch.com\/de\/","name":"China Import Beratung f\u00fcr den Einkauf aus China","description":"China Import &amp; Export Beratung - Der Dienstleister Ihres Vertrauens f\u00fcr Ihren China Import","publisher":{"@id":"https:\/\/ag-frisch.com\/de\/#organization"},"potentialAction":[{"@type":"SearchAction","target":{"@type":"EntryPoint","urlTemplate":"https:\/\/ag-frisch.com\/de\/?s={search_term_string}"},"query-input":{"@type":"PropertyValueSpecification","valueRequired":true,"valueName":"search_term_string"}}],"inLanguage":"es"},{"@type":"Organization","@id":"https:\/\/ag-frisch.com\/de\/#organization","name":"Agentur Frisch International Consulting GmbH & Co. KG","url":"https:\/\/ag-frisch.com\/de\/","logo":{"@type":"ImageObject","inLanguage":"es","@id":"https:\/\/ag-frisch.com\/de\/#\/schema\/logo\/image\/","url":"https:\/\/ag-frisch.com\/wp-content\/uploads\/2021\/08\/ag_logo_rgb_300_small.png","contentUrl":"https:\/\/ag-frisch.com\/wp-content\/uploads\/2021\/08\/ag_logo_rgb_300_small.png","width":153,"height":102,"caption":"Agentur Frisch International Consulting GmbH & Co. KG"},"image":{"@id":"https:\/\/ag-frisch.com\/de\/#\/schema\/logo\/image\/"},"sameAs":["https:\/\/www.facebook.com\/China.Import","https:\/\/x.com\/agenturfrisch"]}]}},"_links":{"self":[{"href":"https:\/\/ag-frisch.com\/es\/wp-json\/wp\/v2\/pages\/10049","targetHints":{"allow":["GET"]}}],"collection":[{"href":"https:\/\/ag-frisch.com\/es\/wp-json\/wp\/v2\/pages"}],"about":[{"href":"https:\/\/ag-frisch.com\/es\/wp-json\/wp\/v2\/types\/page"}],"author":[{"embeddable":true,"href":"https:\/\/ag-frisch.com\/es\/wp-json\/wp\/v2\/users\/2"}],"replies":[{"embeddable":true,"href":"https:\/\/ag-frisch.com\/es\/wp-json\/wp\/v2\/comments?post=10049"}],"version-history":[{"count":0,"href":"https:\/\/ag-frisch.com\/es\/wp-json\/wp\/v2\/pages\/10049\/revisions"}],"wp:attachment":[{"href":"https:\/\/ag-frisch.com\/es\/wp-json\/wp\/v2\/media?parent=10049"}],"curies":[{"name":"wp","href":"https:\/\/api.w.org\/{rel}","templated":true}]}}