{"id":10076,"date":"2021-10-25T21:31:12","date_gmt":"2021-10-25T19:31:12","guid":{"rendered":"https:\/\/ag-frisch.com\/control-de-produccion\/"},"modified":"2023-01-27T05:19:16","modified_gmt":"2023-01-27T04:19:16","slug":"control-de-produccion","status":"publish","type":"page","link":"https:\/\/ag-frisch.com\/es\/control-de-produccion\/","title":{"rendered":"Control de producci\u00f3n"},"content":{"rendered":"<p>[et_pb_section fb_built=&#8221;1&#8243; _builder_version=&#8221;4.16&#8243; global_colors_info=&#8221;{}&#8221;][et_pb_row _builder_version=&#8221;4.18.1&#8243; _module_preset=&#8221;default&#8221; global_colors_info=&#8221;{}&#8221;][et_pb_column type=&#8221;4_4&#8243; _builder_version=&#8221;4.18.1&#8243; _module_preset=&#8221;default&#8221; global_colors_info=&#8221;{}&#8221;][et_pb_cta title=&#8221;Consultor\u00eda de importaci\u00f3n de China&#8221; button_url=&#8221;https:\/\/ag-frisch.com\/es\/contacte-con\/&#8221; button_text=&#8221;Reserve ahora una consulta&#8221; _builder_version=&#8221;4.16&#8243; _module_preset=&#8221;default&#8221; global_colors_info=&#8221;{}&#8221;]<\/p>\n<p>Con el asesoramiento de la Agencia de Importaci\u00f3n China Frisch, conseguir\u00e1 hacer negocios con China como si lo hicieran profesionales.  <\/p>\n<p>[\/et_pb_cta][\/et_pb_column][\/et_pb_row][et_pb_row _builder_version=&#8221;4.16&#8243; background_size=&#8221;initial&#8221; background_position=&#8221;top_left&#8221; background_repeat=&#8221;repeat&#8221; global_colors_info=&#8221;{}&#8221;][et_pb_column type=&#8221;4_4&#8243; _builder_version=&#8221;4.16&#8243; custom_padding=&#8221;|||&#8221; global_colors_info=&#8221;{}&#8221; custom_padding__hover=&#8221;|||&#8221;][et_pb_text _builder_version=&#8221;4.18.1&#8243; background_size=&#8221;initial&#8221; background_position=&#8221;top_left&#8221; background_repeat=&#8221;repeat&#8221; hover_enabled=&#8221;0&#8243; global_colors_info=&#8221;{}&#8221; sticky_enabled=&#8221;0&#8243;]<\/p>\n<h1>Control de la producci\u00f3n: Seguimiento de la producci\u00f3n en China<\/h1>\n<p>Si en su producci\u00f3n hay determinadas fases o secciones de producci\u00f3n que requieren una diversidad especial o en las que se producen fallos con especial frecuencia, podemos hacer que se controlen dichas fases en particular durante la inspecci\u00f3n durante la producci\u00f3n. La inspecci\u00f3n intermedia tambi\u00e9n tiene sentido en la fabricaci\u00f3n de productos cuya reelaboraci\u00f3n ser\u00eda imposible o muy dif\u00edcil, como la ropa. Una vez cortado incorrectamente, probablemente no haya forma de arreglarlo. Para este tipo de productos, la inspecci\u00f3n intermedia suele tener lugar despu\u00e9s del 20 al 40 % de la producci\u00f3n para evitar rechazos del 100 % si ya ha habido fallos, pero para eliminar los problemas directamente al principio o todav\u00eda a tiempo. En muchos casos, el inspector tambi\u00e9n puede dar ideas y consejos para mejorar los planes de producci\u00f3n, con el fin de mejorar las fases de producci\u00f3n incluso a largo plazo, sin necesidad de una supervisi\u00f3n constante.<\/p>\n<p>&nbsp;<\/p>\n<h1><strong>Fuentes de error en la producci\u00f3n<\/strong><\/h1>\n<p><strong> <\/strong><\/p>\n<p>Nuestros empleados ya pueden identificar fuentes de error in situ en la f\u00e1brica durante la producci\u00f3n y mejorar la calidad para el resto de la producci\u00f3n o prestar apoyo para evitar directamente ciertos errores en las pruebas de determinadas fases.<\/p>\n<p>&nbsp;<\/p>\n<h2><strong>Seguimiento de la producci\u00f3n de su pedido<\/strong><\/h2>\n<p><strong>Seguimiento y control de la producci\u00f3n en China<\/strong><\/p>\n<p>Si se producen defectos en serie, suelen deberse a un seguimiento inadecuado de la producci\u00f3n. Es importante realizar controles especialmente intensivos en esta fase de la importaci\u00f3n para evitar da\u00f1os. La Agencia Frisch tambi\u00e9n estar\u00e1 encantada de encargarse de este servicio para usted. Empleamos inspectores auditados que nos son leales y en cuya supervisi\u00f3n de la producci\u00f3n en China podemos confiar. Dependiendo de los requisitos y del producto, puede tratarse de expertos certificados que traemos en avi\u00f3n desde Alemania o de asistentes locales experimentados. Para los pedidos especialmente importantes, nos convencemos in situ de que la producci\u00f3n se desarrolla sin problemas.<\/p>\n<p>Una supervisi\u00f3n temprana y completa de los procesos de producci\u00f3n en China puede protegerle, por ejemplo, de las siguientes deficiencias:<\/p>\n<ul>\n<li>Entregas err\u00f3neas<\/li>\n<li>Defectos de calidad<\/li>\n<li>Datos olvidados\/incorrectos<\/li>\n<\/ul>\n<p>&nbsp;<\/p>\n<p><strong>&#8220;La confianza es buena, el control es mejor&#8221;<\/strong><\/p>\n<p>Fieles al lema &#8220;La confianza es buena, el control es mejor&#8221;, nos aseguramos de que su pedido sea supervisado de cerca durante la producci\u00f3n. De este modo, los fallos pueden detectarse y subsanarse lo antes posible, y se descartan da\u00f1os mayores. Se ha demostrado que el control externo de la producci\u00f3n en China suele ser \u00fatil. Por ello, empleamos a nuestros propios inspectores para este fin.<\/p>\n<p>&nbsp;<\/p>\n<p><strong>Inspectores propios para el control de la producci\u00f3n en China<\/strong><\/p>\n<p>Para obtener resultados independientes y poder as\u00ed controlar los procesos de producci\u00f3n en China de forma a\u00fan m\u00e1s fiable, trabajamos con nuestros propios inspectores. Se trata de profesionales encargados por nosotros y comprometidos exclusivamente con nosotros. Suelen funcionar en tres clases de expertos:<\/p>\n<ul>\n<li><strong>Asistente  <\/strong><\/li>\n<\/ul>\n<p>Se trata de empleados con los que solemos trabajar desde hace a\u00f1os. La mayor\u00eda de ellos no son ingenieros, pero tienen una amplia experiencia profesional. Son controladores ideales para trabajos sencillos.<\/p>\n<p>&nbsp;<\/p>\n<ul>\n<li><strong>Experto junior<\/strong><\/li>\n<\/ul>\n<p>Nuestros expertos junior son ingenieros titulados con hasta tres a\u00f1os de experiencia profesional espec\u00edfica. Los controladores de este nivel experto son adecuados para supervisar producciones de dificultad media.<\/p>\n<p>&nbsp;<\/p>\n<ul>\n<li><strong>Experto Senior<\/strong><\/li>\n<\/ul>\n<p>Quienes son nombrados por nosotros Expertos Senior tienen una licenciatura en ingenier\u00eda y muchos a\u00f1os de experiencia profesional en un campo relevante. Estos expertos experimentados tambi\u00e9n pueden supervisar procedimientos complejos y realizar pruebas dif\u00edciles.<\/p>\n<p>&nbsp;<\/p>\n<p><strong>Control total o parcial de la producci\u00f3n en China<\/strong><\/p>\n<p>En funci\u00f3n del pedido, tambi\u00e9n es posible que no se controle de cerca todo el proceso de producci\u00f3n en China, sino que baste con controlar las subfases cr\u00edticas. Es una forma sensata de ahorrar costes. Con nuestra experiencia y conocimientos, estaremos encantados de asesorarle tambi\u00e9n en este punto y crear un concepto de inspecci\u00f3n.<\/p>\n<p>&nbsp;<\/p>\n<p><strong>inspekt4u &#8211; la empresa de inspecci\u00f3n interna<\/strong><\/p>\n<p>Con inspekt4u, hemos fundado una filial que se encarga por completo de garantizar la calidad de sus pedidos. Operamos principalmente en China, pero tambi\u00e9n en India, Vietnam, Taiw\u00e1n y Corea. Inspekt4u s\u00f3lo emplea a su propio personal de confianza. La empresa ofrece, entre otros, los siguientes servicios a trav\u00e9s de Agentur Frisch:<\/p>\n<ul>\n<li>Visita de auditor\u00eda antes de la producci\u00f3n en China, si es necesario con auditor\u00eda social (incl. certificado)<\/li>\n<li>Pruebas DPI durante la producci\u00f3n en China<\/li>\n<li>DSS Clasificaci\u00f3n de mercanc\u00edas defectuosas en China<\/li>\n<li>PSI Inspecci\u00f3n de las mercanc\u00edas antes de su env\u00edo<\/li>\n<\/ul>\n<p>Gracias a su propia empresa, Agentur Frisch puede garantizar el seguimiento \u00f3ptimo y fiable de sus procesos de producci\u00f3n en China.<\/p>\n<p>&nbsp;<\/p>\n<p><strong>Inspecciones por v\u00eddeo: inspecciones como si se realizaran directamente in situ<\/strong><\/p>\n<p>Tambi\u00e9n realizamos inspecciones por v\u00eddeo previa solicitud. Aqu\u00ed puede acompa\u00f1ar al inspector en directo por v\u00eddeo durante la inspecci\u00f3n. Esto permite una coordinaci\u00f3n y consultas directas durante la inspecci\u00f3n en curso, como si usted estuviera directamente presente en la inspecci\u00f3n de la producci\u00f3n en China.<\/p>\n<p>&nbsp;<br \/>\n[\/et_pb_text][\/et_pb_column][\/et_pb_row][\/et_pb_section][et_pb_section fb_built=&#8221;1&#8243; admin_label=&#8221;Testimonials&#8221; _builder_version=&#8221;4.16&#8243; use_background_color_gradient=&#8221;on&#8221; background_color_gradient_stops=&#8221;rgba(0,106,156,0.85) 0%|rgba(0,106,156,0.85) 100%&#8221; background_color_gradient_start=&#8221;rgba(0,106,156,0.85)&#8221; background_color_gradient_end=&#8221;rgba(0,106,156,0.85)&#8221; custom_padding=&#8221;90px||60px|&#8221; animation_style=&#8221;fold&#8221; animation_direction=&#8221;bottom&#8221; animation_intensity_fold=&#8221;4%&#8221; global_colors_info=&#8221;{}&#8221;][et_pb_row _builder_version=&#8221;4.16&#8243; background_size=&#8221;initial&#8221; background_position=&#8221;top_left&#8221; background_repeat=&#8221;repeat&#8221; custom_width_px=&#8221;710px&#8221; locked=&#8221;off&#8221; global_colors_info=&#8221;{}&#8221;][et_pb_column type=&#8221;4_4&#8243; _builder_version=&#8221;4.16&#8243; background_position=&#8221;top_left&#8221; custom_padding=&#8221;|||&#8221; global_colors_info=&#8221;{}&#8221; custom_padding__hover=&#8221;|||&#8221;][et_pb_text admin_label=&#8221;Testimonials Section Title&#8221; _builder_version=&#8221;4.16&#8243; header_font=&#8221;Montserrat||||&#8221; header_font_size=&#8221;36px&#8221; background_size=&#8221;initial&#8221; background_position=&#8221;top_left&#8221; background_repeat=&#8221;repeat&#8221; text_orientation=&#8221;center&#8221; background_layout=&#8221;dark&#8221; max_width=&#8221;710px&#8221; module_alignment=&#8221;center&#8221; animation_style=&#8221;fold&#8221; animation_direction=&#8221;bottom&#8221; animation_intensity_fold=&#8221;20%&#8221; global_colors_info=&#8221;{}&#8221;]<\/p>\n<h1>M\u00e1s de 5000 clientes satisfechos.<\/h1>\n<p>&nbsp;<\/p>\n<p>[\/et_pb_text][et_pb_divider color=&#8221;#ffffff&#8221; divider_weight=&#8221;3px&#8221; disabled_on=&#8221;off|off|off&#8221; _builder_version=&#8221;4.16&#8243; background_color_gradient_direction=&#8221;90deg&#8221; max_width=&#8221;100px&#8221; module_alignment=&#8221;center&#8221; height=&#8221;5px&#8221; custom_margin=&#8221;||20px|&#8221; custom_padding=&#8221;||20px|&#8221; animation_style=&#8221;slide&#8221; animation_direction=&#8221;bottom&#8221; saved_tabs=&#8221;all&#8221; locked=&#8221;off&#8221; global_colors_info=&#8221;{}&#8221;][\/et_pb_divider][\/et_pb_column][\/et_pb_row][et_pb_row column_structure=&#8221;1_2,1_2&#8243; _builder_version=&#8221;4.18.1&#8243; _module_preset=&#8221;default&#8221; global_colors_info=&#8221;{}&#8221;][et_pb_column type=&#8221;1_2&#8243; _builder_version=&#8221;4.18.1&#8243; _module_preset=&#8221;default&#8221; global_colors_info=&#8221;{}&#8221;][et_pb_testimonial author=&#8221;Marco&#8221; portrait_url=&#8221;https:\/\/ag-frisch.com\/wp-content\/uploads\/2021\/08\/Harald.png&#8221; quote_icon=&#8221;off&#8221; _builder_version=&#8221;4.18.1&#8243; _module_preset=&#8221;default&#8221; body_font_size=&#8221;16px&#8221; use_background_color=&#8221;off&#8221; background_layout=&#8221;dark&#8221; global_colors_info=&#8221;{}&#8221;]Encargu\u00e9 a la Agencia Frisch la fabricaci\u00f3n de un gran mueble en China y su posterior traslado a Alemania. La comunicaci\u00f3n por correo fue fluida en todo momento. Las respuestas, muy r\u00e1pidas y fiables, me dieron constantemente las seguridades indispensables en una empresa de este tipo. Me ayudaron en todo momento a atravesar la jungla burocr\u00e1tica y no se me olvid\u00f3 ning\u00fan formulario ni lo rellen\u00e9 incorrectamente. \u00a1Muy loable!<a href=\"&lt;div%20class=%22pe-richsnippets%22&gt;&nbsp;&lt;\/div&gt;%20&lt;script%20type=%22text\/javascript%22%20src=%22https:\/\/www.provenexpert.com\/widget\/richsnippet.js?u=1NUA0VwZ4RUZ5tmAi5zA4RaplNKAlWwZ&amp;v=2%22%20async&gt;&lt;\/script&gt;%20&lt;div%20style=%22text-align:%20justify;%22&gt;&lt;br%20\/&gt;\"><\/a><\/p>\n<div class=\"brow ratingBarMargin\">\n<div class=\"ratingBar\">\n<div class=\"brow\">\n<div class=\"pe-richsnippets\">&nbsp;<\/div>\n<p><script type=\"text\/javascript\" src=\"https:\/\/www.provenexpert.com\/widget\/richsnippet.js?u=1NUA0VwZ4RUZ5tmAi5zA4RaplNKAlWwZ&amp;v=2\" async=\"\"><\/script><\/p>\n<div style=\"text-align: justify;\"><\/p>\n<div class=\"col-lg-9 col-md-8 col-xs-10 mt20 mb20\">\n<div class=\"col-xs-12 surveyNameForRating\"><\/div>\n<\/div>\n<\/div>\n<\/div>\n<\/div>\n<\/div>\n<p>[\/et_pb_testimonial][\/et_pb_column][et_pb_column type=&#8221;1_2&#8243; _builder_version=&#8221;4.18.1&#8243; _module_preset=&#8221;default&#8221; global_colors_info=&#8221;{}&#8221;][et_pb_testimonial author=&#8221;Simone L.&#8221; portrait_url=&#8221;https:\/\/ag-frisch.com\/wp-content\/uploads\/2021\/08\/Harald.png&#8221; quote_icon=&#8221;off&#8221; _builder_version=&#8221;4.18.1&#8243; _module_preset=&#8221;default&#8221; body_font_size=&#8221;16px&#8221; use_background_color=&#8221;off&#8221; background_layout=&#8221;dark&#8221; global_colors_info=&#8221;{}&#8221;]<\/p>\n<p>Todo arriba. No hay nada mejor que esto. El asesoramiento y la aplicaci\u00f3n no pueden hacerse mejor. Estamos m\u00e1s que satisfechos despu\u00e9s de varios pedidos con esta empresa y continuamos nuestra cooperaci\u00f3n.<\/p>\n<div class=\"brow ratingBarMargin\">\n<div class=\"ratingBar\">\n<div class=\"brow\">\n<div class=\"pe-richsnippets\"> <\/div>\n<p>\n<script type=\"text\/javascript\" src=\"https:\/\/www.provenexpert.com\/widget\/richsnippet.js?u=1NUA0VwZ4RUZ5tmAi5zA4RaplNKAlWwZ&amp;v=2\" async=\"\"><\/script>\n<\/p>\n<div style=\"text-align: justify;\">\n<p>&nbsp;<\/p>\n<div class=\"col-lg-9 col-md-8 col-xs-10 mt20 mb20\">\n<div class=\"col-xs-12 surveyNameForRating\"><\/div>\n<\/div>\n<\/div>\n<\/div>\n<\/div>\n<\/div>\n<p>[\/et_pb_testimonial][\/et_pb_column][\/et_pb_row][et_pb_row _builder_version=&#8221;4.16&#8243; background_size=&#8221;initial&#8221; background_position=&#8221;top_left&#8221; background_repeat=&#8221;repeat&#8221; custom_padding=&#8221;50px|0px|30px|0px&#8221; custom_css_main_element=&#8221;text-align: center;&#8221; global_colors_info=&#8221;{}&#8221;][et_pb_column type=&#8221;4_4&#8243; _builder_version=&#8221;4.16&#8243; custom_padding=&#8221;|||&#8221; global_colors_info=&#8221;{}&#8221; custom_padding__hover=&#8221;|||&#8221;][et_pb_button button_url=&#8221;https:\/\/www.provenexpert.com\/de-de\/agentur-frisch-international-consulting-gmbh-und-co-kg\/&#8221; button_text=&#8221;M\u00c1S VALORACIONES&#8221; button_alignment=&#8221;left&#8221; admin_label=&#8221;Testimonial Button&#8221; _builder_version=&#8221;4.16&#8243; custom_button=&#8221;on&#8221; button_text_size=&#8221;18px&#8221; button_text_color=&#8221;#ffffff&#8221; button_bg_color=&#8221;#6eba01&#8243; button_border_width=&#8221;2px&#8221; button_border_color=&#8221;#6eba01&#8243; button_border_radius=&#8221;0px&#8221; button_letter_spacing=&#8221;2px&#8221; button_font=&#8221;Montserrat|||on|&#8221; button_use_icon=&#8221;off&#8221; animation_style=&#8221;fold&#8221; animation_direction=&#8221;bottom&#8221; button_text_color_hover=&#8221;#ffffff&#8221; button_border_color_hover=&#8221;#ffffff&#8221; button_border_radius_hover=&#8221;0px&#8221; button_letter_spacing_hover=&#8221;2px&#8221; button_bg_color_hover=&#8221;rgba(255,255,255,0)&#8221; locked=&#8221;off&#8221; global_colors_info=&#8221;{}&#8221; button_text_size__hover_enabled=&#8221;off&#8221; button_one_text_size__hover_enabled=&#8221;off&#8221; button_two_text_size__hover_enabled=&#8221;off&#8221; button_text_color__hover_enabled=&#8221;on&#8221; button_text_color__hover=&#8221;#ffffff&#8221; button_one_text_color__hover_enabled=&#8221;off&#8221; button_two_text_color__hover_enabled=&#8221;off&#8221; button_border_width__hover_enabled=&#8221;off&#8221; button_one_border_width__hover_enabled=&#8221;off&#8221; button_two_border_width__hover_enabled=&#8221;off&#8221; button_border_color__hover_enabled=&#8221;on&#8221; button_border_color__hover=&#8221;#ffffff&#8221; button_one_border_color__hover_enabled=&#8221;off&#8221; button_two_border_color__hover_enabled=&#8221;off&#8221; button_border_radius__hover_enabled=&#8221;on&#8221; button_border_radius__hover=&#8221;0px&#8221; button_one_border_radius__hover_enabled=&#8221;off&#8221; button_two_border_radius__hover_enabled=&#8221;off&#8221; button_letter_spacing__hover_enabled=&#8221;on&#8221; button_letter_spacing__hover=&#8221;2px&#8221; button_one_letter_spacing__hover_enabled=&#8221;off&#8221; button_two_letter_spacing__hover_enabled=&#8221;off&#8221; button_bg_color__hover_enabled=&#8221;on&#8221; button_bg_color__hover=&#8221;rgba(255,255,255,0)&#8221; button_one_bg_color__hover_enabled=&#8221;off&#8221; button_two_bg_color__hover_enabled=&#8221;off&#8221;][\/et_pb_button][\/et_pb_column][\/et_pb_row][\/et_pb_section]<\/p>\n","protected":false},"excerpt":{"rendered":"<p>Con el asesoramiento de la Agencia de Importaci\u00f3n China Frisch, conseguir\u00e1 hacer negocios con China como si lo hicieran profesionales. Control de la producci\u00f3n: Seguimiento de la producci\u00f3n en China Si en su producci\u00f3n hay determinadas fases o secciones de producci\u00f3n que requieren una diversidad especial o en las que se producen fallos con especial [&hellip;]<\/p>\n","protected":false},"author":2,"featured_media":0,"parent":0,"menu_order":0,"comment_status":"closed","ping_status":"closed","template":"","meta":{"_et_pb_use_builder":"on","_et_pb_old_content":"","_et_gb_content_width":"","footnotes":""},"class_list":["post-10076","page","type-page","status-publish","hentry"],"yoast_head":"<!-- This site is optimized with the Yoast SEO plugin v27.2 - https:\/\/yoast.com\/product\/yoast-seo-wordpress\/ -->\n<title>Control de la producci\u00f3n en China - Seguimiento de la producci\u00f3n<\/title>\n<meta name=\"description\" content=\"Control de la producci\u00f3n en China \u25ba Seguimiento de la producci\u00f3n de su pedido in situ en China \u25ba La confianza es buena, el control es mejor \u25ba \u00a1Ases\u00f3rese ahora!\" \/>\n<meta name=\"robots\" content=\"index, follow, max-snippet:-1, max-image-preview:large, max-video-preview:-1\" \/>\n<link rel=\"canonical\" href=\"https:\/\/ag-frisch.com\/es\/control-de-produccion\/\" \/>\n<meta property=\"og:locale\" content=\"es_ES\" \/>\n<meta property=\"og:type\" content=\"article\" \/>\n<meta property=\"og:title\" content=\"Control de la producci\u00f3n en China - Seguimiento de la producci\u00f3n\" \/>\n<meta property=\"og:description\" content=\"Control de la producci\u00f3n en China \u25ba Seguimiento de la producci\u00f3n de su pedido in situ en China \u25ba La confianza es buena, el control es mejor \u25ba \u00a1Ases\u00f3rese ahora!\" \/>\n<meta property=\"og:url\" content=\"https:\/\/ag-frisch.com\/es\/control-de-produccion\/\" \/>\n<meta property=\"og:site_name\" content=\"China Import Beratung f\u00fcr den Einkauf aus China\" \/>\n<meta property=\"article:publisher\" content=\"https:\/\/www.facebook.com\/China.Import\" \/>\n<meta property=\"article:modified_time\" content=\"2023-01-27T04:19:16+00:00\" \/>\n<meta name=\"twitter:card\" content=\"summary_large_image\" \/>\n<meta name=\"twitter:site\" content=\"@agenturfrisch\" \/>\n<meta name=\"twitter:label1\" content=\"Tiempo de lectura\" \/>\n\t<meta name=\"twitter:data1\" content=\"9 minutos\" \/>\n<script type=\"application\/ld+json\" class=\"yoast-schema-graph\">{\"@context\":\"https:\/\/schema.org\",\"@graph\":[{\"@type\":\"WebPage\",\"@id\":\"https:\/\/ag-frisch.com\/es\/control-de-produccion\/\",\"url\":\"https:\/\/ag-frisch.com\/es\/control-de-produccion\/\",\"name\":\"Control de la producci\u00f3n en China - Seguimiento de la producci\u00f3n\",\"isPartOf\":{\"@id\":\"https:\/\/ag-frisch.com\/de\/#website\"},\"datePublished\":\"2021-10-25T19:31:12+00:00\",\"dateModified\":\"2023-01-27T04:19:16+00:00\",\"description\":\"Control de la producci\u00f3n en China \u25ba Seguimiento de la producci\u00f3n de su pedido in situ en China \u25ba La confianza es buena, el control es mejor \u25ba \u00a1Ases\u00f3rese ahora!\",\"breadcrumb\":{\"@id\":\"https:\/\/ag-frisch.com\/es\/control-de-produccion\/#breadcrumb\"},\"inLanguage\":\"es\",\"potentialAction\":[{\"@type\":\"ReadAction\",\"target\":[\"https:\/\/ag-frisch.com\/es\/control-de-produccion\/\"]}]},{\"@type\":\"BreadcrumbList\",\"@id\":\"https:\/\/ag-frisch.com\/es\/control-de-produccion\/#breadcrumb\",\"itemListElement\":[{\"@type\":\"ListItem\",\"position\":1,\"name\":\"Startseite\",\"item\":\"https:\/\/ag-frisch.com\/de\/\"},{\"@type\":\"ListItem\",\"position\":2,\"name\":\"Control de producci\u00f3n\"}]},{\"@type\":\"WebSite\",\"@id\":\"https:\/\/ag-frisch.com\/de\/#website\",\"url\":\"https:\/\/ag-frisch.com\/de\/\",\"name\":\"China Import Beratung f\u00fcr den Einkauf aus China\",\"description\":\"China Import &amp; Export Beratung - Der Dienstleister Ihres Vertrauens f\u00fcr Ihren China Import\",\"publisher\":{\"@id\":\"https:\/\/ag-frisch.com\/de\/#organization\"},\"potentialAction\":[{\"@type\":\"SearchAction\",\"target\":{\"@type\":\"EntryPoint\",\"urlTemplate\":\"https:\/\/ag-frisch.com\/de\/?s={search_term_string}\"},\"query-input\":{\"@type\":\"PropertyValueSpecification\",\"valueRequired\":true,\"valueName\":\"search_term_string\"}}],\"inLanguage\":\"es\"},{\"@type\":\"Organization\",\"@id\":\"https:\/\/ag-frisch.com\/de\/#organization\",\"name\":\"Agentur Frisch International Consulting GmbH & Co. KG\",\"url\":\"https:\/\/ag-frisch.com\/de\/\",\"logo\":{\"@type\":\"ImageObject\",\"inLanguage\":\"es\",\"@id\":\"https:\/\/ag-frisch.com\/de\/#\/schema\/logo\/image\/\",\"url\":\"https:\/\/ag-frisch.com\/wp-content\/uploads\/2021\/08\/ag_logo_rgb_300_small.png\",\"contentUrl\":\"https:\/\/ag-frisch.com\/wp-content\/uploads\/2021\/08\/ag_logo_rgb_300_small.png\",\"width\":153,\"height\":102,\"caption\":\"Agentur Frisch International Consulting GmbH & Co. KG\"},\"image\":{\"@id\":\"https:\/\/ag-frisch.com\/de\/#\/schema\/logo\/image\/\"},\"sameAs\":[\"https:\/\/www.facebook.com\/China.Import\",\"https:\/\/x.com\/agenturfrisch\"]}]}<\/script>\n<!-- \/ Yoast SEO plugin. -->","yoast_head_json":{"title":"Control de la producci\u00f3n en China - Seguimiento de la producci\u00f3n","description":"Control de la producci\u00f3n en China \u25ba Seguimiento de la producci\u00f3n de su pedido in situ en China \u25ba La confianza es buena, el control es mejor \u25ba \u00a1Ases\u00f3rese ahora!","robots":{"index":"index","follow":"follow","max-snippet":"max-snippet:-1","max-image-preview":"max-image-preview:large","max-video-preview":"max-video-preview:-1"},"canonical":"https:\/\/ag-frisch.com\/es\/control-de-produccion\/","og_locale":"es_ES","og_type":"article","og_title":"Control de la producci\u00f3n en China - Seguimiento de la producci\u00f3n","og_description":"Control de la producci\u00f3n en China \u25ba Seguimiento de la producci\u00f3n de su pedido in situ en China \u25ba La confianza es buena, el control es mejor \u25ba \u00a1Ases\u00f3rese ahora!","og_url":"https:\/\/ag-frisch.com\/es\/control-de-produccion\/","og_site_name":"China Import Beratung f\u00fcr den Einkauf aus China","article_publisher":"https:\/\/www.facebook.com\/China.Import","article_modified_time":"2023-01-27T04:19:16+00:00","twitter_card":"summary_large_image","twitter_site":"@agenturfrisch","twitter_misc":{"Tiempo de lectura":"9 minutos"},"schema":{"@context":"https:\/\/schema.org","@graph":[{"@type":"WebPage","@id":"https:\/\/ag-frisch.com\/es\/control-de-produccion\/","url":"https:\/\/ag-frisch.com\/es\/control-de-produccion\/","name":"Control de la producci\u00f3n en China - Seguimiento de la producci\u00f3n","isPartOf":{"@id":"https:\/\/ag-frisch.com\/de\/#website"},"datePublished":"2021-10-25T19:31:12+00:00","dateModified":"2023-01-27T04:19:16+00:00","description":"Control de la producci\u00f3n en China \u25ba Seguimiento de la producci\u00f3n de su pedido in situ en China \u25ba La confianza es buena, el control es mejor \u25ba \u00a1Ases\u00f3rese ahora!","breadcrumb":{"@id":"https:\/\/ag-frisch.com\/es\/control-de-produccion\/#breadcrumb"},"inLanguage":"es","potentialAction":[{"@type":"ReadAction","target":["https:\/\/ag-frisch.com\/es\/control-de-produccion\/"]}]},{"@type":"BreadcrumbList","@id":"https:\/\/ag-frisch.com\/es\/control-de-produccion\/#breadcrumb","itemListElement":[{"@type":"ListItem","position":1,"name":"Startseite","item":"https:\/\/ag-frisch.com\/de\/"},{"@type":"ListItem","position":2,"name":"Control de producci\u00f3n"}]},{"@type":"WebSite","@id":"https:\/\/ag-frisch.com\/de\/#website","url":"https:\/\/ag-frisch.com\/de\/","name":"China Import Beratung f\u00fcr den Einkauf aus China","description":"China Import &amp; Export Beratung - Der Dienstleister Ihres Vertrauens f\u00fcr Ihren China Import","publisher":{"@id":"https:\/\/ag-frisch.com\/de\/#organization"},"potentialAction":[{"@type":"SearchAction","target":{"@type":"EntryPoint","urlTemplate":"https:\/\/ag-frisch.com\/de\/?s={search_term_string}"},"query-input":{"@type":"PropertyValueSpecification","valueRequired":true,"valueName":"search_term_string"}}],"inLanguage":"es"},{"@type":"Organization","@id":"https:\/\/ag-frisch.com\/de\/#organization","name":"Agentur Frisch International Consulting GmbH & Co. KG","url":"https:\/\/ag-frisch.com\/de\/","logo":{"@type":"ImageObject","inLanguage":"es","@id":"https:\/\/ag-frisch.com\/de\/#\/schema\/logo\/image\/","url":"https:\/\/ag-frisch.com\/wp-content\/uploads\/2021\/08\/ag_logo_rgb_300_small.png","contentUrl":"https:\/\/ag-frisch.com\/wp-content\/uploads\/2021\/08\/ag_logo_rgb_300_small.png","width":153,"height":102,"caption":"Agentur Frisch International Consulting GmbH & Co. KG"},"image":{"@id":"https:\/\/ag-frisch.com\/de\/#\/schema\/logo\/image\/"},"sameAs":["https:\/\/www.facebook.com\/China.Import","https:\/\/x.com\/agenturfrisch"]}]}},"_links":{"self":[{"href":"https:\/\/ag-frisch.com\/es\/wp-json\/wp\/v2\/pages\/10076","targetHints":{"allow":["GET"]}}],"collection":[{"href":"https:\/\/ag-frisch.com\/es\/wp-json\/wp\/v2\/pages"}],"about":[{"href":"https:\/\/ag-frisch.com\/es\/wp-json\/wp\/v2\/types\/page"}],"author":[{"embeddable":true,"href":"https:\/\/ag-frisch.com\/es\/wp-json\/wp\/v2\/users\/2"}],"replies":[{"embeddable":true,"href":"https:\/\/ag-frisch.com\/es\/wp-json\/wp\/v2\/comments?post=10076"}],"version-history":[{"count":0,"href":"https:\/\/ag-frisch.com\/es\/wp-json\/wp\/v2\/pages\/10076\/revisions"}],"wp:attachment":[{"href":"https:\/\/ag-frisch.com\/es\/wp-json\/wp\/v2\/media?parent=10076"}],"curies":[{"name":"wp","href":"https:\/\/api.w.org\/{rel}","templated":true}]}}