{"id":10183,"date":"2021-10-24T23:10:56","date_gmt":"2021-10-24T21:10:56","guid":{"rendered":"https:\/\/ag-frisch.com\/transporte-maritimo\/"},"modified":"2023-01-27T05:19:24","modified_gmt":"2023-01-27T04:19:24","slug":"transporte-maritimo","status":"publish","type":"page","link":"https:\/\/ag-frisch.com\/es\/transporte-maritimo\/","title":{"rendered":"Transporte mar\u00edtimo"},"content":{"rendered":"<p>[et_pb_section fb_built=&#8221;1&#8243; _builder_version=&#8221;4.16&#8243; _module_preset=&#8221;default&#8221; global_colors_info=&#8221;{}&#8221;][et_pb_row _builder_version=&#8221;4.16&#8243; _module_preset=&#8221;default&#8221; global_colors_info=&#8221;{}&#8221;][et_pb_column type=&#8221;4_4&#8243; _builder_version=&#8221;4.16&#8243; _module_preset=&#8221;default&#8221; global_colors_info=&#8221;{}&#8221;][et_pb_cta title=&#8221;Transporte mar\u00edtimo desde China&#8221; button_url=&#8221;https:\/\/ag-frisch.com\/de\/kontakt\/&#8221; button_text=&#8221;Deja que los profesionales lo env\u00eden ya&#8221; _builder_version=&#8221;4.16&#8243; _module_preset=&#8221;default&#8221; global_colors_info=&#8221;{}&#8221;]<\/p>\n<p>Enviamos sus mercanc\u00edas por transporte mar\u00edtimo desde China a la UE, por ejemplo a Hamburgo, Rotterdam o Amberes.  <\/p>\n<p>[\/et_pb_cta][et_pb_text _builder_version=&#8221;4.16&#8243; _module_preset=&#8221;default&#8221; global_colors_info=&#8221;{}&#8221;]<\/p>\n<h1>Transporte mar\u00edtimo desde China<\/h1>\n<p><strong>La ruta de env\u00edo est\u00e1ndar para la mayor\u00eda de las mercanc\u00edas<\/strong><\/p>\n<p>La mayor\u00eda de las mercanc\u00edas enviadas de China a Alemania llegan por mar. La ventaja de esta opci\u00f3n de transporte es su precio extraordinariamente bajo. En este caso es posible un ahorro considerable en comparaci\u00f3n con el transporte ferroviario o incluso a\u00e9reo. Seg\u00fan el producto, el tiempo de transporte relativamente largo del flete mar\u00edtimo desde China es una desventaja. Deber\u00eda optar por la entrega por contenedor mar\u00edtimo desde China si:<\/p>\n<ul>\n<li>tiene que enviar grandes cantidades<\/li>\n<li>quiere el mejor precio para el env\u00edo<\/li>\n<li>puede esperar de 4 a 6 semanas<\/li>\n<\/ul>\n<p>La ruta de transporte mar\u00edtimo de mercanc\u00edas desde China es una ruta probada que resulta especialmente f\u00e1cil de manejar y calcular.<\/p>\n<p>&nbsp;<\/p>\n<p><strong>Env\u00edo de grandes cantidades por contenedor mar\u00edtimo desde China<\/strong><\/p>\n<p>Si importa grandes cantidades de art\u00edculos o mercanc\u00edas voluminosas, el transporte mar\u00edtimo de contenedores desde China es la mejor opci\u00f3n en la mayor\u00eda de los casos. Seg\u00fan el proveedor, el flete mar\u00edtimo vale a partir de 100 kilogramos (FOB &#8211; hasta a bordo) o 200 kilogramos (EXW &#8211; ex works), o 0,5 y 1 metros c\u00fabicos. Si desea enviar partidas\/cantidades m\u00e1s peque\u00f1as o, por ejemplo, muestras iniciales, le recomendamos el transporte a\u00e9reo o el env\u00edo expr\u00e9s directo desde China.<\/p>\n<p>&nbsp;<\/p>\n<p><strong>Duraci\u00f3n del env\u00edo por flete mar\u00edtimo desde China<\/strong><\/p>\n<p>Un barco necesita cierto tiempo para llegar a Europa por la ruta mar\u00edtima del Pac\u00edfico al \u00cdndico, pasando por el Canal de Suez y, finalmente, por el Mediterr\u00e1neo y el Atl\u00e1ntico. Entre cuatro y seis semanas de transporte son realistas; al fin y al cabo, hay enormes distancias que recorrer. Estos plazos pueden variar ligeramente al alza o a la baja, pero por lo general los plazos se sit\u00faan dentro de esta horquilla.<\/p>\n<p>Recientemente, tambi\u00e9n se ha considerado el Paso del Nordeste a trav\u00e9s del \u00c1rtico. Es posible que los plazos de transporte mar\u00edtimo desde China sigan acort\u00e1ndose considerablemente, en unas dos semanas, pero eso sigue siendo una quimera y actualmente no lo ofrecemos de serie a nuestros clientes.<\/p>\n<p>&nbsp;<\/p>\n<p><strong>Clara ventaja de la ruta mar\u00edtima: bajos costes<\/strong><\/p>\n<p>El transporte urgente y el a\u00e9reo son los m\u00e1s caros, pero incluso el transporte por ferrocarril sigue costando tres veces m\u00e1s que por barco. El transporte mar\u00edtimo de contenedores desde China es la forma m\u00e1s barata de enviar mercanc\u00edas de China a Alemania. Aparte de otros factores -como la relativa independencia de los bloqueos pol\u00edticos en el continente-, la v\u00eda mar\u00edtima es, por tanto, el m\u00e9todo de transporte m\u00e1s elegido.<\/p>\n<p>&nbsp;<\/p>\n<p><strong>Cargas, grupaje y LCL (carga general) por v\u00eda mar\u00edtima desde China<\/strong><\/p>\n<p>La agencia Frisch hace transportar a Alemania un contenedor consolidado cada semana desde pr\u00e1cticamente todos los principales puertos chinos. Esto le ofrece la posibilidad de cargar sus env\u00edos de carga general en nuestro contenedor mar\u00edtimo desde China. Esta opci\u00f3n de flete LCL (Less than Container Load) le permite ahorrar mucho dinero.<\/p>\n<p>Tambi\u00e9n puede pedirnos que recojamos su mercanc\u00eda de varios fabricantes en China y la enviemos en un contenedor.<\/p>\n<p>&nbsp;<\/p>\n<p><strong>Agentur Frisch &#8211; Su proveedor de servicios log\u00edsticos para el transporte de contenedores desde China<\/strong><\/p>\n<p>Debido a nuestra amplia experiencia en la importaci\u00f3n de China y todos los servicios relacionados, podemos determinar la mejor ruta de transporte para usted en una consulta. En relaci\u00f3n con esto, tambi\u00e9n encontramos y recomendamos los mejores proveedores de servicios para los distintos tramos de transporte.<\/p>\n<p>Otros servicios prestados por la Agencia Frisch son:<\/p>\n<ul>\n<li>Plazo de entrega si procede para EXW (del proveedor al puerto en China)<\/li>\n<li>Env\u00edo de contenedores mar\u00edtimos (20FCL\/ 40FCL y 40HQ)<\/li>\n<li>Env\u00edo de carga general (LCL) desde China<\/li>\n<li>Contenedor colectivo de sus mercanc\u00edas procedentes de distintos proveedores de China<\/li>\n<li>Seguro de transporte<\/li>\n<li>Despacho de aduanas en el puerto en Europa\/Alemania (por ejemplo, Rotterdam\/Hamburgo)<\/li>\n<li>Entrega dentro de la UE, por ejemplo, por ferrocarril o cami\u00f3n<\/li>\n<\/ul>\n<p>&nbsp;<\/p>\n<p><strong>P\u00f3ngase en contacto con nosotros: \u00a1estaremos encantados de poner nuestra experiencia al servicio de su transporte de contenedores desde China!<\/strong>[\/et_pb_text][\/et_pb_column][\/et_pb_row][et_pb_row _builder_version=&#8221;4.16&#8243; _module_preset=&#8221;default&#8221; global_colors_info=&#8221;{}&#8221;][et_pb_column type=&#8221;4_4&#8243; _builder_version=&#8221;4.16&#8243; _module_preset=&#8221;default&#8221; global_colors_info=&#8221;{}&#8221;][\/et_pb_column][\/et_pb_row][\/et_pb_section][et_pb_section fb_built=&#8221;1&#8243; admin_label=&#8221;Testimonials&#8221; _builder_version=&#8221;4.16&#8243; use_background_color_gradient=&#8221;on&#8221; background_color_gradient_stops=&#8221;rgba(0,106,156,0.85) 0%|rgba(0,106,156,0.85) 100%&#8221; background_color_gradient_start=&#8221;rgba(0,106,156,0.85)&#8221; background_color_gradient_end=&#8221;rgba(0,106,156,0.85)&#8221; custom_padding=&#8221;90px||60px|&#8221; animation_style=&#8221;fold&#8221; animation_direction=&#8221;bottom&#8221; animation_intensity_fold=&#8221;4%&#8221; global_colors_info=&#8221;{}&#8221; theme_builder_area=&#8221;post_content&#8221;][et_pb_row _builder_version=&#8221;4.16&#8243; background_size=&#8221;initial&#8221; background_position=&#8221;top_left&#8221; background_repeat=&#8221;repeat&#8221; custom_width_px=&#8221;710px&#8221; locked=&#8221;off&#8221; global_colors_info=&#8221;{}&#8221; theme_builder_area=&#8221;post_content&#8221;][et_pb_column type=&#8221;4_4&#8243; _builder_version=&#8221;4.16&#8243; background_position=&#8221;top_left&#8221; custom_padding=&#8221;|||&#8221; global_colors_info=&#8221;{}&#8221; custom_padding__hover=&#8221;|||&#8221; theme_builder_area=&#8221;post_content&#8221;][et_pb_text admin_label=&#8221;Testimonials Section Title&#8221; _builder_version=&#8221;4.16&#8243; header_font=&#8221;Montserrat||||&#8221; header_font_size=&#8221;36px&#8221; background_size=&#8221;initial&#8221; background_position=&#8221;top_left&#8221; background_repeat=&#8221;repeat&#8221; text_orientation=&#8221;center&#8221; background_layout=&#8221;dark&#8221; max_width=&#8221;710px&#8221; module_alignment=&#8221;center&#8221; animation_style=&#8221;fold&#8221; animation_direction=&#8221;bottom&#8221; animation_intensity_fold=&#8221;20%&#8221; global_colors_info=&#8221;{}&#8221; theme_builder_area=&#8221;post_content&#8221;]<\/p>\n<h1>M\u00e1s de 5000 clientes satisfechos.<\/h1>\n<p>&nbsp;<\/p>\n<p>[\/et_pb_text][et_pb_divider color=&#8221;#ffffff&#8221; divider_weight=&#8221;3px&#8221; disabled_on=&#8221;off|off|off&#8221; _builder_version=&#8221;4.16&#8243; background_color_gradient_direction=&#8221;90deg&#8221; max_width=&#8221;100px&#8221; module_alignment=&#8221;center&#8221; height=&#8221;5px&#8221; custom_margin=&#8221;||20px|&#8221; custom_padding=&#8221;||20px|&#8221; animation_style=&#8221;slide&#8221; animation_direction=&#8221;bottom&#8221; saved_tabs=&#8221;all&#8221; locked=&#8221;off&#8221; global_colors_info=&#8221;{}&#8221; theme_builder_area=&#8221;post_content&#8221;][\/et_pb_divider][\/et_pb_column][\/et_pb_row][et_pb_row column_structure=&#8221;1_2,1_2&#8243; _builder_version=&#8221;4.18.1&#8243; _module_preset=&#8221;default&#8221; global_colors_info=&#8221;{}&#8221; theme_builder_area=&#8221;post_content&#8221;][et_pb_column type=&#8221;1_2&#8243; _builder_version=&#8221;4.18.1&#8243; _module_preset=&#8221;default&#8221; global_colors_info=&#8221;{}&#8221; theme_builder_area=&#8221;post_content&#8221;][et_pb_testimonial author=&#8221;Marco&#8221; portrait_url=&#8221;https:\/\/ag-frisch.com\/wp-content\/uploads\/2021\/08\/Harald.png&#8221; quote_icon=&#8221;off&#8221; _builder_version=&#8221;4.18.1&#8243; _module_preset=&#8221;default&#8221; body_font_size=&#8221;16px&#8221; use_background_color=&#8221;off&#8221; background_layout=&#8221;dark&#8221; global_colors_info=&#8221;{}&#8221; theme_builder_area=&#8221;post_content&#8221;]Encargu\u00e9 a la Agencia Frisch la fabricaci\u00f3n de un gran mueble en China y su posterior traslado a Alemania. La comunicaci\u00f3n por correo fue fluida en todo momento. Las respuestas, muy r\u00e1pidas y fiables, me dieron constantemente las seguridades indispensables en una empresa de este tipo. Me ayudaron en todo momento a atravesar la jungla burocr\u00e1tica y no se me olvid\u00f3 ning\u00fan formulario ni lo rellen\u00e9 incorrectamente. \u00a1Muy loable!<a href=\"&lt;div%20class=%22pe-richsnippets%22&gt;&nbsp;&lt;\/div&gt;%20&lt;script%20type=%22text\/javascript%22%20src=%22https:\/\/www.provenexpert.com\/widget\/richsnippet.js?u=1NUA0VwZ4RUZ5tmAi5zA4RaplNKAlWwZ&amp;v=2%22%20async&gt;&lt;\/script&gt;%20&lt;div%20style=%22text-align:%20justify;%22&gt;&lt;br%20\/&gt;\"><\/a><\/p>\n<div class=\"brow ratingBarMargin\">\n<div class=\"ratingBar\">\n<div class=\"brow\">\n<div class=\"pe-richsnippets\">&nbsp;<\/div>\n<p><script type=\"text\/javascript\" src=\"https:\/\/www.provenexpert.com\/widget\/richsnippet.js?u=1NUA0VwZ4RUZ5tmAi5zA4RaplNKAlWwZ&amp;v=2\" async=\"\"><\/script><\/p>\n<div style=\"text-align: justify;\"><\/p>\n<div class=\"col-lg-9 col-md-8 col-xs-10 mt20 mb20\">\n<div class=\"col-xs-12 surveyNameForRating\"><\/div>\n<\/div>\n<\/div>\n<\/div>\n<\/div>\n<\/div>\n<p>[\/et_pb_testimonial][\/et_pb_column][et_pb_column type=&#8221;1_2&#8243; _builder_version=&#8221;4.18.1&#8243; _module_preset=&#8221;default&#8221; global_colors_info=&#8221;{}&#8221; theme_builder_area=&#8221;post_content&#8221;][et_pb_testimonial author=&#8221;Simone L.&#8221; portrait_url=&#8221;https:\/\/ag-frisch.com\/wp-content\/uploads\/2021\/08\/Harald.png&#8221; quote_icon=&#8221;off&#8221; _builder_version=&#8221;4.18.1&#8243; _module_preset=&#8221;default&#8221; body_font_size=&#8221;16px&#8221; use_background_color=&#8221;off&#8221; background_layout=&#8221;dark&#8221; global_colors_info=&#8221;{}&#8221; theme_builder_area=&#8221;post_content&#8221;]<\/p>\n<p>Todo arriba. No hay nada mejor que esto. El asesoramiento y la aplicaci\u00f3n no pueden hacerse mejor. Estamos m\u00e1s que satisfechos despu\u00e9s de varios pedidos con esta empresa y continuamos nuestra cooperaci\u00f3n.<\/p>\n<div class=\"brow ratingBarMargin\">\n<div class=\"ratingBar\">\n<div class=\"brow\">\n<div class=\"pe-richsnippets\"> <\/div>\n<p>\n<script type=\"text\/javascript\" src=\"https:\/\/www.provenexpert.com\/widget\/richsnippet.js?u=1NUA0VwZ4RUZ5tmAi5zA4RaplNKAlWwZ&amp;v=2\" async=\"\"><\/script>\n<\/p>\n<div style=\"text-align: justify;\">\n<p>&nbsp;<\/p>\n<div class=\"col-lg-9 col-md-8 col-xs-10 mt20 mb20\">\n<div class=\"col-xs-12 surveyNameForRating\"><\/div>\n<\/div>\n<\/div>\n<\/div>\n<\/div>\n<\/div>\n<p>[\/et_pb_testimonial][\/et_pb_column][\/et_pb_row][et_pb_row _builder_version=&#8221;4.16&#8243; background_size=&#8221;initial&#8221; background_position=&#8221;top_left&#8221; background_repeat=&#8221;repeat&#8221; custom_padding=&#8221;50px|0px|30px|0px&#8221; custom_css_main_element=&#8221;text-align: center;&#8221; global_colors_info=&#8221;{}&#8221; theme_builder_area=&#8221;post_content&#8221;][et_pb_column type=&#8221;4_4&#8243; _builder_version=&#8221;4.16&#8243; custom_padding=&#8221;|||&#8221; global_colors_info=&#8221;{}&#8221; custom_padding__hover=&#8221;|||&#8221; theme_builder_area=&#8221;post_content&#8221;][et_pb_button button_url=&#8221;https:\/\/www.provenexpert.com\/de-de\/agentur-frisch-international-consulting-gmbh-und-co-kg\/&#8221; button_text=&#8221;M\u00c1S VALORACIONES&#8221; button_alignment=&#8221;left&#8221; admin_label=&#8221;Testimonial Button&#8221; _builder_version=&#8221;4.16&#8243; custom_button=&#8221;on&#8221; button_text_size=&#8221;18px&#8221; button_text_color=&#8221;#ffffff&#8221; button_bg_color=&#8221;#6eba01&#8243; button_border_width=&#8221;2px&#8221; button_border_color=&#8221;#6eba01&#8243; button_border_radius=&#8221;0px&#8221; button_letter_spacing=&#8221;2px&#8221; button_font=&#8221;Montserrat|||on|&#8221; button_use_icon=&#8221;off&#8221; animation_style=&#8221;fold&#8221; animation_direction=&#8221;bottom&#8221; button_text_color_hover=&#8221;#ffffff&#8221; button_border_color_hover=&#8221;#ffffff&#8221; button_border_radius_hover=&#8221;0px&#8221; button_letter_spacing_hover=&#8221;2px&#8221; button_bg_color_hover=&#8221;rgba(255,255,255,0)&#8221; locked=&#8221;off&#8221; global_colors_info=&#8221;{}&#8221; button_text_size__hover_enabled=&#8221;off&#8221; button_one_text_size__hover_enabled=&#8221;off&#8221; button_two_text_size__hover_enabled=&#8221;off&#8221; button_text_color__hover_enabled=&#8221;on&#8221; button_text_color__hover=&#8221;#ffffff&#8221; button_one_text_color__hover_enabled=&#8221;off&#8221; button_two_text_color__hover_enabled=&#8221;off&#8221; button_border_width__hover_enabled=&#8221;off&#8221; button_one_border_width__hover_enabled=&#8221;off&#8221; button_two_border_width__hover_enabled=&#8221;off&#8221; button_border_color__hover_enabled=&#8221;on&#8221; button_border_color__hover=&#8221;#ffffff&#8221; button_one_border_color__hover_enabled=&#8221;off&#8221; button_two_border_color__hover_enabled=&#8221;off&#8221; button_border_radius__hover_enabled=&#8221;on&#8221; button_border_radius__hover=&#8221;0px&#8221; button_one_border_radius__hover_enabled=&#8221;off&#8221; button_two_border_radius__hover_enabled=&#8221;off&#8221; button_letter_spacing__hover_enabled=&#8221;on&#8221; button_letter_spacing__hover=&#8221;2px&#8221; button_one_letter_spacing__hover_enabled=&#8221;off&#8221; button_two_letter_spacing__hover_enabled=&#8221;off&#8221; button_bg_color__hover_enabled=&#8221;on&#8221; button_bg_color__hover=&#8221;rgba(255,255,255,0)&#8221; button_one_bg_color__hover_enabled=&#8221;off&#8221; button_two_bg_color__hover_enabled=&#8221;off&#8221; theme_builder_area=&#8221;post_content&#8221;][\/et_pb_button][\/et_pb_column][\/et_pb_row][\/et_pb_section]<\/p>\n","protected":false},"excerpt":{"rendered":"<p>Enviamos sus mercanc\u00edas por transporte mar\u00edtimo desde China a la UE, por ejemplo a Hamburgo, Rotterdam o Amberes. Transporte mar\u00edtimo desde China La ruta de env\u00edo est\u00e1ndar para la mayor\u00eda de las mercanc\u00edas La mayor\u00eda de las mercanc\u00edas enviadas de China a Alemania llegan por mar. La ventaja de esta opci\u00f3n de transporte es su [&hellip;]<\/p>\n","protected":false},"author":2,"featured_media":0,"parent":0,"menu_order":0,"comment_status":"closed","ping_status":"closed","template":"","meta":{"_et_pb_use_builder":"on","_et_pb_old_content":"","_et_gb_content_width":"","footnotes":""},"class_list":["post-10183","page","type-page","status-publish","hentry"],"yoast_head":"<!-- This site is optimized with the Yoast SEO plugin v27.4 - https:\/\/yoast.com\/product\/yoast-seo-wordpress\/ -->\n<title>Flete mar\u00edtimo desde China: Importaci\u00f3n en contenedor mar\u00edtimo desde China<\/title>\n<meta name=\"description\" content=\"Transporte mar\u00edtimo de mercanc\u00edas desde China \u25ba Env\u00edo de grandes cantidades por contenedor mar\u00edtimo desde China \u25ba Importaci\u00f3n de mercanc\u00edas por mar de forma segura \u25ba \u00a1Reciba asesoramiento experto ahora!\" \/>\n<meta name=\"robots\" content=\"index, follow, max-snippet:-1, max-image-preview:large, max-video-preview:-1\" \/>\n<link rel=\"canonical\" href=\"https:\/\/ag-frisch.com\/es\/transporte-maritimo\/\" \/>\n<meta property=\"og:locale\" content=\"es_ES\" \/>\n<meta property=\"og:type\" content=\"article\" \/>\n<meta property=\"og:title\" content=\"Flete mar\u00edtimo desde China: Importaci\u00f3n en contenedor mar\u00edtimo desde China\" \/>\n<meta property=\"og:description\" content=\"Transporte mar\u00edtimo de mercanc\u00edas desde China \u25ba Env\u00edo de grandes cantidades por contenedor mar\u00edtimo desde China \u25ba Importaci\u00f3n de mercanc\u00edas por mar de forma segura \u25ba \u00a1Reciba asesoramiento experto ahora!\" \/>\n<meta property=\"og:url\" content=\"https:\/\/ag-frisch.com\/es\/transporte-maritimo\/\" \/>\n<meta property=\"og:site_name\" content=\"China Import Beratung f\u00fcr den Einkauf aus China\" \/>\n<meta property=\"article:publisher\" content=\"https:\/\/www.facebook.com\/China.Import\" \/>\n<meta property=\"article:modified_time\" content=\"2023-01-27T04:19:24+00:00\" \/>\n<meta name=\"twitter:card\" content=\"summary_large_image\" \/>\n<meta name=\"twitter:site\" content=\"@agenturfrisch\" \/>\n<meta name=\"twitter:label1\" content=\"Tiempo de lectura\" \/>\n\t<meta name=\"twitter:data1\" content=\"9 minutos\" \/>\n<script type=\"application\/ld+json\" class=\"yoast-schema-graph\">{\"@context\":\"https:\\\/\\\/schema.org\",\"@graph\":[{\"@type\":\"WebPage\",\"@id\":\"https:\\\/\\\/ag-frisch.com\\\/es\\\/transporte-maritimo\\\/\",\"url\":\"https:\\\/\\\/ag-frisch.com\\\/es\\\/transporte-maritimo\\\/\",\"name\":\"Flete mar\u00edtimo desde China: Importaci\u00f3n en contenedor mar\u00edtimo desde China\",\"isPartOf\":{\"@id\":\"https:\\\/\\\/ag-frisch.com\\\/de\\\/#website\"},\"datePublished\":\"2021-10-24T21:10:56+00:00\",\"dateModified\":\"2023-01-27T04:19:24+00:00\",\"description\":\"Transporte mar\u00edtimo de mercanc\u00edas desde China \u25ba Env\u00edo de grandes cantidades por contenedor mar\u00edtimo desde China \u25ba Importaci\u00f3n de mercanc\u00edas por mar de forma segura \u25ba \u00a1Reciba asesoramiento experto ahora!\",\"breadcrumb\":{\"@id\":\"https:\\\/\\\/ag-frisch.com\\\/es\\\/transporte-maritimo\\\/#breadcrumb\"},\"inLanguage\":\"es\",\"potentialAction\":[{\"@type\":\"ReadAction\",\"target\":[\"https:\\\/\\\/ag-frisch.com\\\/es\\\/transporte-maritimo\\\/\"]}]},{\"@type\":\"BreadcrumbList\",\"@id\":\"https:\\\/\\\/ag-frisch.com\\\/es\\\/transporte-maritimo\\\/#breadcrumb\",\"itemListElement\":[{\"@type\":\"ListItem\",\"position\":1,\"name\":\"Startseite\",\"item\":\"https:\\\/\\\/ag-frisch.com\\\/de\\\/\"},{\"@type\":\"ListItem\",\"position\":2,\"name\":\"Transporte mar\u00edtimo\"}]},{\"@type\":\"WebSite\",\"@id\":\"https:\\\/\\\/ag-frisch.com\\\/de\\\/#website\",\"url\":\"https:\\\/\\\/ag-frisch.com\\\/de\\\/\",\"name\":\"China Import Beratung f\u00fcr den Einkauf aus China\",\"description\":\"China Import &amp; Export Beratung - Der Dienstleister Ihres Vertrauens f\u00fcr Ihren China Import\",\"publisher\":{\"@id\":\"https:\\\/\\\/ag-frisch.com\\\/de\\\/#organization\"},\"potentialAction\":[{\"@type\":\"SearchAction\",\"target\":{\"@type\":\"EntryPoint\",\"urlTemplate\":\"https:\\\/\\\/ag-frisch.com\\\/de\\\/?s={search_term_string}\"},\"query-input\":{\"@type\":\"PropertyValueSpecification\",\"valueRequired\":true,\"valueName\":\"search_term_string\"}}],\"inLanguage\":\"es\"},{\"@type\":\"Organization\",\"@id\":\"https:\\\/\\\/ag-frisch.com\\\/de\\\/#organization\",\"name\":\"Agentur Frisch International Consulting GmbH & Co. KG\",\"url\":\"https:\\\/\\\/ag-frisch.com\\\/de\\\/\",\"logo\":{\"@type\":\"ImageObject\",\"inLanguage\":\"es\",\"@id\":\"https:\\\/\\\/ag-frisch.com\\\/de\\\/#\\\/schema\\\/logo\\\/image\\\/\",\"url\":\"https:\\\/\\\/ag-frisch.com\\\/wp-content\\\/uploads\\\/2021\\\/08\\\/ag_logo_rgb_300_small.png\",\"contentUrl\":\"https:\\\/\\\/ag-frisch.com\\\/wp-content\\\/uploads\\\/2021\\\/08\\\/ag_logo_rgb_300_small.png\",\"width\":153,\"height\":102,\"caption\":\"Agentur Frisch International Consulting GmbH & Co. KG\"},\"image\":{\"@id\":\"https:\\\/\\\/ag-frisch.com\\\/de\\\/#\\\/schema\\\/logo\\\/image\\\/\"},\"sameAs\":[\"https:\\\/\\\/www.facebook.com\\\/China.Import\",\"https:\\\/\\\/x.com\\\/agenturfrisch\"]}]}<\/script>\n<!-- \/ Yoast SEO plugin. -->","yoast_head_json":{"title":"Flete mar\u00edtimo desde China: Importaci\u00f3n en contenedor mar\u00edtimo desde China","description":"Transporte mar\u00edtimo de mercanc\u00edas desde China \u25ba Env\u00edo de grandes cantidades por contenedor mar\u00edtimo desde China \u25ba Importaci\u00f3n de mercanc\u00edas por mar de forma segura \u25ba \u00a1Reciba asesoramiento experto ahora!","robots":{"index":"index","follow":"follow","max-snippet":"max-snippet:-1","max-image-preview":"max-image-preview:large","max-video-preview":"max-video-preview:-1"},"canonical":"https:\/\/ag-frisch.com\/es\/transporte-maritimo\/","og_locale":"es_ES","og_type":"article","og_title":"Flete mar\u00edtimo desde China: Importaci\u00f3n en contenedor mar\u00edtimo desde China","og_description":"Transporte mar\u00edtimo de mercanc\u00edas desde China \u25ba Env\u00edo de grandes cantidades por contenedor mar\u00edtimo desde China \u25ba Importaci\u00f3n de mercanc\u00edas por mar de forma segura \u25ba \u00a1Reciba asesoramiento experto ahora!","og_url":"https:\/\/ag-frisch.com\/es\/transporte-maritimo\/","og_site_name":"China Import Beratung f\u00fcr den Einkauf aus China","article_publisher":"https:\/\/www.facebook.com\/China.Import","article_modified_time":"2023-01-27T04:19:24+00:00","twitter_card":"summary_large_image","twitter_site":"@agenturfrisch","twitter_misc":{"Tiempo de lectura":"9 minutos"},"schema":{"@context":"https:\/\/schema.org","@graph":[{"@type":"WebPage","@id":"https:\/\/ag-frisch.com\/es\/transporte-maritimo\/","url":"https:\/\/ag-frisch.com\/es\/transporte-maritimo\/","name":"Flete mar\u00edtimo desde China: Importaci\u00f3n en contenedor mar\u00edtimo desde China","isPartOf":{"@id":"https:\/\/ag-frisch.com\/de\/#website"},"datePublished":"2021-10-24T21:10:56+00:00","dateModified":"2023-01-27T04:19:24+00:00","description":"Transporte mar\u00edtimo de mercanc\u00edas desde China \u25ba Env\u00edo de grandes cantidades por contenedor mar\u00edtimo desde China \u25ba Importaci\u00f3n de mercanc\u00edas por mar de forma segura \u25ba \u00a1Reciba asesoramiento experto ahora!","breadcrumb":{"@id":"https:\/\/ag-frisch.com\/es\/transporte-maritimo\/#breadcrumb"},"inLanguage":"es","potentialAction":[{"@type":"ReadAction","target":["https:\/\/ag-frisch.com\/es\/transporte-maritimo\/"]}]},{"@type":"BreadcrumbList","@id":"https:\/\/ag-frisch.com\/es\/transporte-maritimo\/#breadcrumb","itemListElement":[{"@type":"ListItem","position":1,"name":"Startseite","item":"https:\/\/ag-frisch.com\/de\/"},{"@type":"ListItem","position":2,"name":"Transporte mar\u00edtimo"}]},{"@type":"WebSite","@id":"https:\/\/ag-frisch.com\/de\/#website","url":"https:\/\/ag-frisch.com\/de\/","name":"China Import Beratung f\u00fcr den Einkauf aus China","description":"China Import &amp; Export Beratung - Der Dienstleister Ihres Vertrauens f\u00fcr Ihren China Import","publisher":{"@id":"https:\/\/ag-frisch.com\/de\/#organization"},"potentialAction":[{"@type":"SearchAction","target":{"@type":"EntryPoint","urlTemplate":"https:\/\/ag-frisch.com\/de\/?s={search_term_string}"},"query-input":{"@type":"PropertyValueSpecification","valueRequired":true,"valueName":"search_term_string"}}],"inLanguage":"es"},{"@type":"Organization","@id":"https:\/\/ag-frisch.com\/de\/#organization","name":"Agentur Frisch International Consulting GmbH & Co. KG","url":"https:\/\/ag-frisch.com\/de\/","logo":{"@type":"ImageObject","inLanguage":"es","@id":"https:\/\/ag-frisch.com\/de\/#\/schema\/logo\/image\/","url":"https:\/\/ag-frisch.com\/wp-content\/uploads\/2021\/08\/ag_logo_rgb_300_small.png","contentUrl":"https:\/\/ag-frisch.com\/wp-content\/uploads\/2021\/08\/ag_logo_rgb_300_small.png","width":153,"height":102,"caption":"Agentur Frisch International Consulting GmbH & Co. KG"},"image":{"@id":"https:\/\/ag-frisch.com\/de\/#\/schema\/logo\/image\/"},"sameAs":["https:\/\/www.facebook.com\/China.Import","https:\/\/x.com\/agenturfrisch"]}]}},"_links":{"self":[{"href":"https:\/\/ag-frisch.com\/es\/wp-json\/wp\/v2\/pages\/10183","targetHints":{"allow":["GET"]}}],"collection":[{"href":"https:\/\/ag-frisch.com\/es\/wp-json\/wp\/v2\/pages"}],"about":[{"href":"https:\/\/ag-frisch.com\/es\/wp-json\/wp\/v2\/types\/page"}],"author":[{"embeddable":true,"href":"https:\/\/ag-frisch.com\/es\/wp-json\/wp\/v2\/users\/2"}],"replies":[{"embeddable":true,"href":"https:\/\/ag-frisch.com\/es\/wp-json\/wp\/v2\/comments?post=10183"}],"version-history":[{"count":0,"href":"https:\/\/ag-frisch.com\/es\/wp-json\/wp\/v2\/pages\/10183\/revisions"}],"wp:attachment":[{"href":"https:\/\/ag-frisch.com\/es\/wp-json\/wp\/v2\/media?parent=10183"}],"curies":[{"name":"wp","href":"https:\/\/api.w.org\/{rel}","templated":true}]}}