{"id":10233,"date":"2021-10-24T09:26:50","date_gmt":"2021-10-24T07:26:50","guid":{"rendered":"https:\/\/ag-frisch.com\/transporte-aereo\/"},"modified":"2023-01-27T05:20:18","modified_gmt":"2023-01-27T04:20:18","slug":"transporte-aereo","status":"publish","type":"page","link":"https:\/\/ag-frisch.com\/es\/transporte-aereo\/","title":{"rendered":"Transporte a\u00e9reo"},"content":{"rendered":"<p>[et_pb_section fb_built=&#8221;1&#8243; _builder_version=&#8221;4.16&#8243; _module_preset=&#8221;default&#8221; global_colors_info=&#8221;{}&#8221;][et_pb_row _builder_version=&#8221;4.18.1&#8243; _module_preset=&#8221;default&#8221;][et_pb_column _builder_version=&#8221;4.18.1&#8243; _module_preset=&#8221;default&#8221; type=&#8221;4_4&#8243;][et_pb_cta title=&#8221;Carga a\u00e9rea desde China&#8221; button_url=&#8221;https:\/\/ag-frisch.com\/es\/contacte-con\/&#8221; button_text=&#8221;Solicite ahora transporte a\u00e9reo desde China&#8221; _builder_version=&#8221;4.18.1&#8243; _module_preset=&#8221;default&#8221; hover_enabled=&#8221;0&#8243; global_colors_info=&#8221;{}&#8221; theme_builder_area=&#8221;post_content&#8221; sticky_enabled=&#8221;0&#8243;]<\/p>\n<p>Nos encargamos de su flete a\u00e9reo desde China y organizamos env\u00edos r\u00e1pidos.  <\/p>\n<p>[\/et_pb_cta][\/et_pb_column][\/et_pb_row][et_pb_row _builder_version=&#8221;4.16&#8243; _module_preset=&#8221;default&#8221; global_colors_info=&#8221;{}&#8221;][et_pb_column type=&#8221;4_4&#8243; _builder_version=&#8221;4.16&#8243; _module_preset=&#8221;default&#8221; global_colors_info=&#8221;{}&#8221;][et_pb_image src=&#8221;https:\/\/ag-frisch.com\/wp-content\/uploads\/2021\/10\/Luftfracht-aus-china-scaled.jpeg&#8221; _builder_version=&#8221;4.16&#8243; _module_preset=&#8221;default&#8221; global_colors_info=&#8221;{}&#8221;][\/et_pb_image][et_pb_text _builder_version=&#8221;4.16&#8243; _module_preset=&#8221;default&#8221; global_colors_info=&#8221;{}&#8221;]<\/p>\n<h1>Carga a\u00e9rea desde China<\/h1>\n<p><strong>Env\u00edo r\u00e1pido desde China por v\u00eda a\u00e9rea<\/strong><\/p>\n<p>Si desea que sus mercanc\u00edas le lleguen con especial rapidez, el transporte a\u00e9reo suele ser la mejor opci\u00f3n. Mientras que un env\u00edo normal puede tardar unas cuatro semanas en llegarle, las mercanc\u00edas transportadas por v\u00eda a\u00e9rea desde China suelen llegar a su destino en Alemania en dos o tres semanas. Esta forma de env\u00edo es ideal si desea recibir la entrega lo antes posible por diversos motivos. Este puede ser el caso, por ejemplo, de los productos perecederos, o de las reacciones del mercado a tendencias ef\u00edmeras, para entregas repetidas u otros bienes que se necesitan con urgencia.<\/p>\n<p>La Agencia Frisch tambi\u00e9n le ofrece asistencia integral para el transporte a\u00e9reo de mercanc\u00edas desde China. Esto significa que puede esperar de nosotros los siguientes servicios:<\/p>\n<ul>\n<li>Recoger la mercanc\u00eda del productor y llevarla al aeropuerto<\/li>\n<li>Despacho de aduanas y gesti\u00f3n de todas las comunicaciones con las autoridades<\/li>\n<li>Entrega en su domicilio o en el destino que desee<\/li>\n<\/ul>\n<p>Tratamos sus mercanc\u00edas por transporte a\u00e9reo desde China con especial prioridad, porque lo sabemos: Si reserva flete a\u00e9reo, necesita un env\u00edo extra r\u00e1pido desde China.<\/p>\n<p>&nbsp;<\/p>\n<p><strong>Tiempo de env\u00edo del flete a\u00e9reo desde China<\/strong><\/p>\n<p>Normalmente, sus mercanc\u00edas enviadas por v\u00eda a\u00e9rea desde China le llegar\u00e1n en un plazo de dos o tres semanas como m\u00e1ximo. Sin embargo, hay que tener en cuenta ligeras fluctuaciones sobre las que no se puede influir. Las condiciones meteorol\u00f3gicas y la utilizaci\u00f3n de la capacidad son factores importantes; las aver\u00edas en el avi\u00f3n o en el aeropuerto pueden provocar retrasos, aunque se solucionen r\u00e1pidamente. Por \u00faltimo, pero no por ello menos importante, circunstancias especiales como la reciente pandemia de Covid19 pueden tener a veces un impacto significativo en la duraci\u00f3n de los env\u00edos a\u00e9reos desde China.<\/p>\n<p>Sin embargo, como su servicio de importaci\u00f3n de China, hacemos todo lo posible para que este env\u00edo r\u00e1pido desde China sea lo m\u00e1s r\u00e1pido posible. Realizamos los transportes con pericia y en el momento \u00f3ptimo, recurriendo \u00fanicamente a empleados de confianza y a empresas especializadas. Nos aseguramos de que los documentos que proporcionamos para aduanas y carga est\u00e9n impecablemente preparados, sean completos, precisos y se produzcan a tiempo. Por \u00faltimo, pero no por ello menos importante, sabemos qu\u00e9 empresas de log\u00edstica son las m\u00e1s adecuadas para cada pedido y, de este modo, podemos poner su carga a\u00e9rea desde China en las manos adecuadas, es decir, las m\u00e1s r\u00e1pidas.<\/p>\n<p>&nbsp;<\/p>\n<p><strong>Peso real, peso volum\u00e9trico y peso facturable<\/strong><\/p>\n<p>Si opta por llevar sus mercanc\u00edas de China a Alemania por v\u00eda a\u00e9rea, incurrir\u00e1 en costes m\u00e1s elevados que si viaja por tierra o por mar. Los costes se calculan en funci\u00f3n del peso puro o en funci\u00f3n del volumen, o el llamado peso volum\u00e9trico.<\/p>\n<p>El peso volum\u00e9trico resulta de la siguiente f\u00f3rmula:<\/p>\n<p><em>N\u00famero de bultos x (altura x anchura x longitud de los bultos) \/ 5000 = peso volum\u00e9trico<\/em><\/p>\n<p>Si el peso volum\u00e9trico es superior al peso real, es decir, al peso que realmente tiene su mercanc\u00eda, se utilizar\u00e1 el peso volum\u00e9trico para el c\u00e1lculo de los gastos de env\u00edo. Por lo tanto, siempre es el valor m\u00e1s alto el que determina el coste del flete a\u00e9reo desde China. La raz\u00f3n es el espacio limitado del avi\u00f3n: quien env\u00eda cinco toneladas de plumas llena m\u00e1s la bodega de carga que quien env\u00eda media tonelada de libros; por tanto, el peso puro no puede utilizarse para los gastos de env\u00edo.<\/p>\n<p>&nbsp;<\/p>\n<p><strong>Conocimientos t\u00e9cnicos para un transporte \u00f3ptimo<\/strong><\/p>\n<p>Todas estas sutilezas y todo el know-how en torno a su env\u00edo r\u00e1pido desde China forman parte de los fundamentos de la importaci\u00f3n de China para nosotros en Agentur Frisch. Conocemos las condiciones marco y las particularidades y tambi\u00e9n podemos asesorarle \u00f3ptimamente en el tema del transporte a\u00e9reo de mercanc\u00edas desde China.<\/p>\n<p>&nbsp;<\/p>\n<p>[\/et_pb_text][et_pb_image src=&#8221;https:\/\/ag-frisch.com\/wp-content\/uploads\/2021\/10\/Luftfracht-scaled.jpeg&#8221; title_text=&#8221;carga de mercanc\u00edas&#8221; _builder_version=&#8221;4.16&#8243; _module_preset=&#8221;default&#8221; global_colors_info=&#8221;{}&#8221;][\/et_pb_image][\/et_pb_column][\/et_pb_row][\/et_pb_section][et_pb_section fb_built=&#8221;1&#8243; admin_label=&#8221;Testimonials&#8221; _builder_version=&#8221;4.16&#8243; use_background_color_gradient=&#8221;on&#8221; background_color_gradient_stops=&#8221;rgba(0,106,156,0.85) 0%|rgba(0,106,156,0.85) 100%&#8221; background_color_gradient_start=&#8221;rgba(0,106,156,0.85)&#8221; background_color_gradient_end=&#8221;rgba(0,106,156,0.85)&#8221; custom_padding=&#8221;90px||60px|&#8221; animation_style=&#8221;fold&#8221; animation_direction=&#8221;bottom&#8221; animation_intensity_fold=&#8221;4%&#8221; global_colors_info=&#8221;{}&#8221; theme_builder_area=&#8221;post_content&#8221;][et_pb_row _builder_version=&#8221;4.16&#8243; background_size=&#8221;initial&#8221; background_position=&#8221;top_left&#8221; background_repeat=&#8221;repeat&#8221; custom_width_px=&#8221;710px&#8221; locked=&#8221;off&#8221; global_colors_info=&#8221;{}&#8221; theme_builder_area=&#8221;post_content&#8221;][et_pb_column type=&#8221;4_4&#8243; _builder_version=&#8221;4.16&#8243; background_position=&#8221;top_left&#8221; custom_padding=&#8221;|||&#8221; global_colors_info=&#8221;{}&#8221; custom_padding__hover=&#8221;|||&#8221; theme_builder_area=&#8221;post_content&#8221;][et_pb_text admin_label=&#8221;Testimonials Section Title&#8221; _builder_version=&#8221;4.16&#8243; header_font=&#8221;Montserrat||||&#8221; header_font_size=&#8221;36px&#8221; background_size=&#8221;initial&#8221; background_position=&#8221;top_left&#8221; background_repeat=&#8221;repeat&#8221; text_orientation=&#8221;center&#8221; background_layout=&#8221;dark&#8221; max_width=&#8221;710px&#8221; module_alignment=&#8221;center&#8221; animation_style=&#8221;fold&#8221; animation_direction=&#8221;bottom&#8221; animation_intensity_fold=&#8221;20%&#8221; global_colors_info=&#8221;{}&#8221; theme_builder_area=&#8221;post_content&#8221;]<\/p>\n<h1>M\u00e1s de 5000 clientes satisfechos.<\/h1>\n<p>&nbsp;<\/p>\n<p>[\/et_pb_text][et_pb_divider color=&#8221;#ffffff&#8221; divider_weight=&#8221;3px&#8221; disabled_on=&#8221;off|off|off&#8221; _builder_version=&#8221;4.16&#8243; background_color_gradient_direction=&#8221;90deg&#8221; max_width=&#8221;100px&#8221; module_alignment=&#8221;center&#8221; height=&#8221;5px&#8221; custom_margin=&#8221;||20px|&#8221; custom_padding=&#8221;||20px|&#8221; animation_style=&#8221;slide&#8221; animation_direction=&#8221;bottom&#8221; saved_tabs=&#8221;all&#8221; locked=&#8221;off&#8221; global_colors_info=&#8221;{}&#8221; theme_builder_area=&#8221;post_content&#8221;][\/et_pb_divider][\/et_pb_column][\/et_pb_row][et_pb_row column_structure=&#8221;1_2,1_2&#8243; _builder_version=&#8221;4.18.1&#8243; _module_preset=&#8221;default&#8221; global_colors_info=&#8221;{}&#8221; theme_builder_area=&#8221;post_content&#8221;][et_pb_column type=&#8221;1_2&#8243; _builder_version=&#8221;4.18.1&#8243; _module_preset=&#8221;default&#8221; global_colors_info=&#8221;{}&#8221; theme_builder_area=&#8221;post_content&#8221;][et_pb_testimonial author=&#8221;Marco&#8221; portrait_url=&#8221;https:\/\/ag-frisch.com\/wp-content\/uploads\/2021\/08\/Harald.png&#8221; quote_icon=&#8221;off&#8221; _builder_version=&#8221;4.18.1&#8243; _module_preset=&#8221;default&#8221; body_font_size=&#8221;16px&#8221; use_background_color=&#8221;off&#8221; background_layout=&#8221;dark&#8221; global_colors_info=&#8221;{}&#8221; theme_builder_area=&#8221;post_content&#8221;]Encargu\u00e9 a la Agencia Frisch la fabricaci\u00f3n de un gran mueble en China y su posterior traslado a Alemania. La comunicaci\u00f3n por correo fue fluida en todo momento. Las respuestas, muy r\u00e1pidas y fiables, me dieron constantemente las seguridades indispensables en una empresa de este tipo. Me ayudaron en todo momento a atravesar la jungla burocr\u00e1tica y no se me olvid\u00f3 ning\u00fan formulario ni lo rellen\u00e9 incorrectamente. \u00a1Muy loable!<a href=\"&lt;div%20class=%22pe-richsnippets%22&gt;&nbsp;&lt;\/div&gt;%20&lt;script%20type=%22text\/javascript%22%20src=%22https:\/\/www.provenexpert.com\/widget\/richsnippet.js?u=1NUA0VwZ4RUZ5tmAi5zA4RaplNKAlWwZ&amp;v=2%22%20async&gt;&lt;\/script&gt;%20&lt;div%20style=%22text-align:%20justify;%22&gt;&lt;br%20\/&gt;\"><\/a><\/p>\n<div class=\"brow ratingBarMargin\">\n<div class=\"ratingBar\">\n<div class=\"brow\">\n<div class=\"pe-richsnippets\">&nbsp;<\/div>\n<p><script type=\"text\/javascript\" src=\"https:\/\/www.provenexpert.com\/widget\/richsnippet.js?u=1NUA0VwZ4RUZ5tmAi5zA4RaplNKAlWwZ&amp;v=2\" async=\"\"><\/script><\/p>\n<div style=\"text-align: justify;\"><\/p>\n<div class=\"col-lg-9 col-md-8 col-xs-10 mt20 mb20\">\n<div class=\"col-xs-12 surveyNameForRating\"><\/div>\n<\/div>\n<\/div>\n<\/div>\n<\/div>\n<\/div>\n<p>[\/et_pb_testimonial][\/et_pb_column][et_pb_column type=&#8221;1_2&#8243; _builder_version=&#8221;4.18.1&#8243; _module_preset=&#8221;default&#8221; global_colors_info=&#8221;{}&#8221; theme_builder_area=&#8221;post_content&#8221;][et_pb_testimonial author=&#8221;Simone L.&#8221; portrait_url=&#8221;https:\/\/ag-frisch.com\/wp-content\/uploads\/2021\/08\/Harald.png&#8221; quote_icon=&#8221;off&#8221; _builder_version=&#8221;4.18.1&#8243; _module_preset=&#8221;default&#8221; body_font_size=&#8221;16px&#8221; use_background_color=&#8221;off&#8221; background_layout=&#8221;dark&#8221; global_colors_info=&#8221;{}&#8221; theme_builder_area=&#8221;post_content&#8221;]<\/p>\n<p>Todo arriba. No hay nada mejor que esto. El asesoramiento y la aplicaci\u00f3n no pueden hacerse mejor. Estamos m\u00e1s que satisfechos despu\u00e9s de varios pedidos con esta empresa y continuamos nuestra cooperaci\u00f3n.<\/p>\n<div class=\"brow ratingBarMargin\">\n<div class=\"ratingBar\">\n<div class=\"brow\">\n<div class=\"pe-richsnippets\"> <\/div>\n<p>\n<script type=\"text\/javascript\" src=\"https:\/\/www.provenexpert.com\/widget\/richsnippet.js?u=1NUA0VwZ4RUZ5tmAi5zA4RaplNKAlWwZ&amp;v=2\" async=\"\"><\/script>\n<\/p>\n<div style=\"text-align: justify;\">\n<p>&nbsp;<\/p>\n<div class=\"col-lg-9 col-md-8 col-xs-10 mt20 mb20\">\n<div class=\"col-xs-12 surveyNameForRating\"><\/div>\n<\/div>\n<\/div>\n<\/div>\n<\/div>\n<\/div>\n<p>[\/et_pb_testimonial][\/et_pb_column][\/et_pb_row][et_pb_row _builder_version=&#8221;4.16&#8243; background_size=&#8221;initial&#8221; background_position=&#8221;top_left&#8221; background_repeat=&#8221;repeat&#8221; custom_padding=&#8221;50px|0px|30px|0px&#8221; custom_css_main_element=&#8221;text-align: center;&#8221; global_colors_info=&#8221;{}&#8221; theme_builder_area=&#8221;post_content&#8221;][et_pb_column type=&#8221;4_4&#8243; _builder_version=&#8221;4.16&#8243; custom_padding=&#8221;|||&#8221; global_colors_info=&#8221;{}&#8221; custom_padding__hover=&#8221;|||&#8221; theme_builder_area=&#8221;post_content&#8221;][et_pb_button button_url=&#8221;https:\/\/www.provenexpert.com\/de-de\/agentur-frisch-international-consulting-gmbh-und-co-kg\/&#8221; button_text=&#8221;M\u00c1S VALORACIONES&#8221; button_alignment=&#8221;left&#8221; admin_label=&#8221;Testimonial Button&#8221; _builder_version=&#8221;4.16&#8243; custom_button=&#8221;on&#8221; button_text_size=&#8221;18px&#8221; button_text_color=&#8221;#ffffff&#8221; button_bg_color=&#8221;#6eba01&#8243; button_border_width=&#8221;2px&#8221; button_border_color=&#8221;#6eba01&#8243; button_border_radius=&#8221;0px&#8221; button_letter_spacing=&#8221;2px&#8221; button_font=&#8221;Montserrat|||on|&#8221; button_use_icon=&#8221;off&#8221; animation_style=&#8221;fold&#8221; animation_direction=&#8221;bottom&#8221; button_text_color_hover=&#8221;#ffffff&#8221; button_border_color_hover=&#8221;#ffffff&#8221; button_border_radius_hover=&#8221;0px&#8221; button_letter_spacing_hover=&#8221;2px&#8221; button_bg_color_hover=&#8221;rgba(255,255,255,0)&#8221; locked=&#8221;off&#8221; global_colors_info=&#8221;{}&#8221; button_text_size__hover_enabled=&#8221;off&#8221; button_one_text_size__hover_enabled=&#8221;off&#8221; button_two_text_size__hover_enabled=&#8221;off&#8221; button_text_color__hover_enabled=&#8221;on&#8221; button_text_color__hover=&#8221;#ffffff&#8221; button_one_text_color__hover_enabled=&#8221;off&#8221; button_two_text_color__hover_enabled=&#8221;off&#8221; button_border_width__hover_enabled=&#8221;off&#8221; button_one_border_width__hover_enabled=&#8221;off&#8221; button_two_border_width__hover_enabled=&#8221;off&#8221; button_border_color__hover_enabled=&#8221;on&#8221; button_border_color__hover=&#8221;#ffffff&#8221; button_one_border_color__hover_enabled=&#8221;off&#8221; button_two_border_color__hover_enabled=&#8221;off&#8221; button_border_radius__hover_enabled=&#8221;on&#8221; button_border_radius__hover=&#8221;0px&#8221; button_one_border_radius__hover_enabled=&#8221;off&#8221; button_two_border_radius__hover_enabled=&#8221;off&#8221; button_letter_spacing__hover_enabled=&#8221;on&#8221; button_letter_spacing__hover=&#8221;2px&#8221; button_one_letter_spacing__hover_enabled=&#8221;off&#8221; button_two_letter_spacing__hover_enabled=&#8221;off&#8221; button_bg_color__hover_enabled=&#8221;on&#8221; button_bg_color__hover=&#8221;rgba(255,255,255,0)&#8221; button_one_bg_color__hover_enabled=&#8221;off&#8221; button_two_bg_color__hover_enabled=&#8221;off&#8221; theme_builder_area=&#8221;post_content&#8221;][\/et_pb_button][\/et_pb_column][\/et_pb_row][\/et_pb_section][et_pb_section fb_built=&#8221;1&#8243; _builder_version=&#8221;4.16&#8243; _module_preset=&#8221;default&#8221; global_colors_info=&#8221;{}&#8221;][\/et_pb_section]<\/p>\n","protected":false},"excerpt":{"rendered":"<p>Nos encargamos de su flete a\u00e9reo desde China y organizamos env\u00edos r\u00e1pidos. Carga a\u00e9rea desde China Env\u00edo r\u00e1pido desde China por v\u00eda a\u00e9rea Si desea que sus mercanc\u00edas le lleguen con especial rapidez, el transporte a\u00e9reo suele ser la mejor opci\u00f3n. Mientras que un env\u00edo normal puede tardar unas cuatro semanas en llegarle, las mercanc\u00edas [&hellip;]<\/p>\n","protected":false},"author":2,"featured_media":0,"parent":0,"menu_order":0,"comment_status":"closed","ping_status":"closed","template":"","meta":{"_et_pb_use_builder":"on","_et_pb_old_content":"","_et_gb_content_width":"","footnotes":""},"class_list":["post-10233","page","type-page","status-publish","hentry"],"yoast_head":"<!-- This site is optimized with the Yoast SEO plugin v27.2 - https:\/\/yoast.com\/product\/yoast-seo-wordpress\/ -->\n<title>Transporte a\u00e9reo de mercanc\u00edas desde China | Importaci\u00f3n de mercanc\u00edas por v\u00eda a\u00e9rea<\/title>\n<meta name=\"description\" content=\"Transporte a\u00e9reo de mercanc\u00edas desde China \u25ba Importe sus mercanc\u00edas por v\u00eda a\u00e9rea desde China \u25ba Servicio completo para todos los aspectos del transporte a\u00e9reo de mercanc\u00edas desde China \u25ba \u00a1Reciba asesoramiento de profesionales ahora!\" \/>\n<meta name=\"robots\" content=\"index, follow, max-snippet:-1, max-image-preview:large, max-video-preview:-1\" \/>\n<link rel=\"canonical\" href=\"https:\/\/ag-frisch.com\/es\/transporte-aereo\/\" \/>\n<meta property=\"og:locale\" content=\"es_ES\" \/>\n<meta property=\"og:type\" content=\"article\" \/>\n<meta property=\"og:title\" content=\"Transporte a\u00e9reo de mercanc\u00edas desde China | Importaci\u00f3n de mercanc\u00edas por v\u00eda a\u00e9rea\" \/>\n<meta property=\"og:description\" content=\"Transporte a\u00e9reo de mercanc\u00edas desde China \u25ba Importe sus mercanc\u00edas por v\u00eda a\u00e9rea desde China \u25ba Servicio completo para todos los aspectos del transporte a\u00e9reo de mercanc\u00edas desde China \u25ba \u00a1Reciba asesoramiento de profesionales ahora!\" \/>\n<meta property=\"og:url\" content=\"https:\/\/ag-frisch.com\/es\/transporte-aereo\/\" \/>\n<meta property=\"og:site_name\" content=\"China Import Beratung f\u00fcr den Einkauf aus China\" \/>\n<meta property=\"article:publisher\" content=\"https:\/\/www.facebook.com\/China.Import\" \/>\n<meta property=\"article:modified_time\" content=\"2023-01-27T04:20:18+00:00\" \/>\n<meta name=\"twitter:card\" content=\"summary_large_image\" \/>\n<meta name=\"twitter:site\" content=\"@agenturfrisch\" \/>\n<meta name=\"twitter:label1\" content=\"Tiempo de lectura\" \/>\n\t<meta name=\"twitter:data1\" content=\"9 minutos\" \/>\n<script type=\"application\/ld+json\" class=\"yoast-schema-graph\">{\"@context\":\"https:\/\/schema.org\",\"@graph\":[{\"@type\":\"WebPage\",\"@id\":\"https:\/\/ag-frisch.com\/es\/transporte-aereo\/\",\"url\":\"https:\/\/ag-frisch.com\/es\/transporte-aereo\/\",\"name\":\"Transporte a\u00e9reo de mercanc\u00edas desde China | Importaci\u00f3n de mercanc\u00edas por v\u00eda a\u00e9rea\",\"isPartOf\":{\"@id\":\"https:\/\/ag-frisch.com\/de\/#website\"},\"datePublished\":\"2021-10-24T07:26:50+00:00\",\"dateModified\":\"2023-01-27T04:20:18+00:00\",\"description\":\"Transporte a\u00e9reo de mercanc\u00edas desde China \u25ba Importe sus mercanc\u00edas por v\u00eda a\u00e9rea desde China \u25ba Servicio completo para todos los aspectos del transporte a\u00e9reo de mercanc\u00edas desde China \u25ba \u00a1Reciba asesoramiento de profesionales ahora!\",\"breadcrumb\":{\"@id\":\"https:\/\/ag-frisch.com\/es\/transporte-aereo\/#breadcrumb\"},\"inLanguage\":\"es\",\"potentialAction\":[{\"@type\":\"ReadAction\",\"target\":[\"https:\/\/ag-frisch.com\/es\/transporte-aereo\/\"]}]},{\"@type\":\"BreadcrumbList\",\"@id\":\"https:\/\/ag-frisch.com\/es\/transporte-aereo\/#breadcrumb\",\"itemListElement\":[{\"@type\":\"ListItem\",\"position\":1,\"name\":\"Startseite\",\"item\":\"https:\/\/ag-frisch.com\/de\/\"},{\"@type\":\"ListItem\",\"position\":2,\"name\":\"Transporte a\u00e9reo\"}]},{\"@type\":\"WebSite\",\"@id\":\"https:\/\/ag-frisch.com\/de\/#website\",\"url\":\"https:\/\/ag-frisch.com\/de\/\",\"name\":\"China Import Beratung f\u00fcr den Einkauf aus China\",\"description\":\"China Import &amp; Export Beratung - Der Dienstleister Ihres Vertrauens f\u00fcr Ihren China Import\",\"publisher\":{\"@id\":\"https:\/\/ag-frisch.com\/de\/#organization\"},\"potentialAction\":[{\"@type\":\"SearchAction\",\"target\":{\"@type\":\"EntryPoint\",\"urlTemplate\":\"https:\/\/ag-frisch.com\/de\/?s={search_term_string}\"},\"query-input\":{\"@type\":\"PropertyValueSpecification\",\"valueRequired\":true,\"valueName\":\"search_term_string\"}}],\"inLanguage\":\"es\"},{\"@type\":\"Organization\",\"@id\":\"https:\/\/ag-frisch.com\/de\/#organization\",\"name\":\"Agentur Frisch International Consulting GmbH & Co. KG\",\"url\":\"https:\/\/ag-frisch.com\/de\/\",\"logo\":{\"@type\":\"ImageObject\",\"inLanguage\":\"es\",\"@id\":\"https:\/\/ag-frisch.com\/de\/#\/schema\/logo\/image\/\",\"url\":\"https:\/\/ag-frisch.com\/wp-content\/uploads\/2021\/08\/ag_logo_rgb_300_small.png\",\"contentUrl\":\"https:\/\/ag-frisch.com\/wp-content\/uploads\/2021\/08\/ag_logo_rgb_300_small.png\",\"width\":153,\"height\":102,\"caption\":\"Agentur Frisch International Consulting GmbH & Co. KG\"},\"image\":{\"@id\":\"https:\/\/ag-frisch.com\/de\/#\/schema\/logo\/image\/\"},\"sameAs\":[\"https:\/\/www.facebook.com\/China.Import\",\"https:\/\/x.com\/agenturfrisch\"]}]}<\/script>\n<!-- \/ Yoast SEO plugin. -->","yoast_head_json":{"title":"Transporte a\u00e9reo de mercanc\u00edas desde China | Importaci\u00f3n de mercanc\u00edas por v\u00eda a\u00e9rea","description":"Transporte a\u00e9reo de mercanc\u00edas desde China \u25ba Importe sus mercanc\u00edas por v\u00eda a\u00e9rea desde China \u25ba Servicio completo para todos los aspectos del transporte a\u00e9reo de mercanc\u00edas desde China \u25ba \u00a1Reciba asesoramiento de profesionales ahora!","robots":{"index":"index","follow":"follow","max-snippet":"max-snippet:-1","max-image-preview":"max-image-preview:large","max-video-preview":"max-video-preview:-1"},"canonical":"https:\/\/ag-frisch.com\/es\/transporte-aereo\/","og_locale":"es_ES","og_type":"article","og_title":"Transporte a\u00e9reo de mercanc\u00edas desde China | Importaci\u00f3n de mercanc\u00edas por v\u00eda a\u00e9rea","og_description":"Transporte a\u00e9reo de mercanc\u00edas desde China \u25ba Importe sus mercanc\u00edas por v\u00eda a\u00e9rea desde China \u25ba Servicio completo para todos los aspectos del transporte a\u00e9reo de mercanc\u00edas desde China \u25ba \u00a1Reciba asesoramiento de profesionales ahora!","og_url":"https:\/\/ag-frisch.com\/es\/transporte-aereo\/","og_site_name":"China Import Beratung f\u00fcr den Einkauf aus China","article_publisher":"https:\/\/www.facebook.com\/China.Import","article_modified_time":"2023-01-27T04:20:18+00:00","twitter_card":"summary_large_image","twitter_site":"@agenturfrisch","twitter_misc":{"Tiempo de lectura":"9 minutos"},"schema":{"@context":"https:\/\/schema.org","@graph":[{"@type":"WebPage","@id":"https:\/\/ag-frisch.com\/es\/transporte-aereo\/","url":"https:\/\/ag-frisch.com\/es\/transporte-aereo\/","name":"Transporte a\u00e9reo de mercanc\u00edas desde China | Importaci\u00f3n de mercanc\u00edas por v\u00eda a\u00e9rea","isPartOf":{"@id":"https:\/\/ag-frisch.com\/de\/#website"},"datePublished":"2021-10-24T07:26:50+00:00","dateModified":"2023-01-27T04:20:18+00:00","description":"Transporte a\u00e9reo de mercanc\u00edas desde China \u25ba Importe sus mercanc\u00edas por v\u00eda a\u00e9rea desde China \u25ba Servicio completo para todos los aspectos del transporte a\u00e9reo de mercanc\u00edas desde China \u25ba \u00a1Reciba asesoramiento de profesionales ahora!","breadcrumb":{"@id":"https:\/\/ag-frisch.com\/es\/transporte-aereo\/#breadcrumb"},"inLanguage":"es","potentialAction":[{"@type":"ReadAction","target":["https:\/\/ag-frisch.com\/es\/transporte-aereo\/"]}]},{"@type":"BreadcrumbList","@id":"https:\/\/ag-frisch.com\/es\/transporte-aereo\/#breadcrumb","itemListElement":[{"@type":"ListItem","position":1,"name":"Startseite","item":"https:\/\/ag-frisch.com\/de\/"},{"@type":"ListItem","position":2,"name":"Transporte a\u00e9reo"}]},{"@type":"WebSite","@id":"https:\/\/ag-frisch.com\/de\/#website","url":"https:\/\/ag-frisch.com\/de\/","name":"China Import Beratung f\u00fcr den Einkauf aus China","description":"China Import &amp; Export Beratung - Der Dienstleister Ihres Vertrauens f\u00fcr Ihren China Import","publisher":{"@id":"https:\/\/ag-frisch.com\/de\/#organization"},"potentialAction":[{"@type":"SearchAction","target":{"@type":"EntryPoint","urlTemplate":"https:\/\/ag-frisch.com\/de\/?s={search_term_string}"},"query-input":{"@type":"PropertyValueSpecification","valueRequired":true,"valueName":"search_term_string"}}],"inLanguage":"es"},{"@type":"Organization","@id":"https:\/\/ag-frisch.com\/de\/#organization","name":"Agentur Frisch International Consulting GmbH & Co. KG","url":"https:\/\/ag-frisch.com\/de\/","logo":{"@type":"ImageObject","inLanguage":"es","@id":"https:\/\/ag-frisch.com\/de\/#\/schema\/logo\/image\/","url":"https:\/\/ag-frisch.com\/wp-content\/uploads\/2021\/08\/ag_logo_rgb_300_small.png","contentUrl":"https:\/\/ag-frisch.com\/wp-content\/uploads\/2021\/08\/ag_logo_rgb_300_small.png","width":153,"height":102,"caption":"Agentur Frisch International Consulting GmbH & Co. KG"},"image":{"@id":"https:\/\/ag-frisch.com\/de\/#\/schema\/logo\/image\/"},"sameAs":["https:\/\/www.facebook.com\/China.Import","https:\/\/x.com\/agenturfrisch"]}]}},"_links":{"self":[{"href":"https:\/\/ag-frisch.com\/es\/wp-json\/wp\/v2\/pages\/10233","targetHints":{"allow":["GET"]}}],"collection":[{"href":"https:\/\/ag-frisch.com\/es\/wp-json\/wp\/v2\/pages"}],"about":[{"href":"https:\/\/ag-frisch.com\/es\/wp-json\/wp\/v2\/types\/page"}],"author":[{"embeddable":true,"href":"https:\/\/ag-frisch.com\/es\/wp-json\/wp\/v2\/users\/2"}],"replies":[{"embeddable":true,"href":"https:\/\/ag-frisch.com\/es\/wp-json\/wp\/v2\/comments?post=10233"}],"version-history":[{"count":0,"href":"https:\/\/ag-frisch.com\/es\/wp-json\/wp\/v2\/pages\/10233\/revisions"}],"wp:attachment":[{"href":"https:\/\/ag-frisch.com\/es\/wp-json\/wp\/v2\/media?parent=10233"}],"curies":[{"name":"wp","href":"https:\/\/api.w.org\/{rel}","templated":true}]}}