{"id":10314,"date":"2021-10-16T20:10:48","date_gmt":"2021-10-16T18:10:48","guid":{"rendered":"https:\/\/ag-frisch.com\/prejuicios-contra-los-chinos\/"},"modified":"2023-01-27T05:20:37","modified_gmt":"2023-01-27T04:20:37","slug":"prejuicios-contra-los-chinos","status":"publish","type":"page","link":"https:\/\/ag-frisch.com\/es\/paginas-de-informacion\/prejuicios-contra-los-chinos\/","title":{"rendered":"Prejuicios contra los chinos"},"content":{"rendered":"<p>[et_pb_section fb_built=&#8221;1&#8243; _builder_version=&#8221;4.16&#8243; _module_preset=&#8221;default&#8221; global_colors_info=&#8221;{}&#8221;][et_pb_row _builder_version=&#8221;4.16&#8243; _module_preset=&#8221;default&#8221; global_colors_info=&#8221;{}&#8221;][et_pb_column type=&#8221;4_4&#8243; _builder_version=&#8221;4.16&#8243; _module_preset=&#8221;default&#8221; global_colors_info=&#8221;{}&#8221;][et_pb_text _builder_version=&#8221;4.18.1&#8243; _module_preset=&#8221;default&#8221; global_colors_info=&#8221;{}&#8221;]<\/p>\n<h1 class=\"content_pageheader_v2\">Prejuicios contra los chinos<\/h1>\n<p>&nbsp;<\/p>\n<div class=\"content_floattext\">\n<p><strong>Hay muchos prejuicios contra los chinos<\/strong><\/p>\n<div>\n<p>La Agencia Frisch tambi\u00e9n lo sabe. La agencia Frisch International Consulting es una agencia de importaci\u00f3n y organiza para sus clientes proyectos completos de importaci\u00f3n desde China. En esta p\u00e1gina queremos abordar los prejuicios existentes contra China y los chinos:<\/p>\n<p>&nbsp;<\/p>\n<p> <strong style=\"font-size: 14px;\">En China comen perros y gatos<\/strong><\/p>\n<\/div>\n<div>Esto es s\u00f3lo una verdad a medias. China es incre\u00edblemente grande, mucho m\u00e1s que Europa. Incluso en Europa tenemos h\u00e1bitos alimentarios poco habituales. Basta con mirar a Espa\u00f1a, Grecia o Italia. Por supuesto, los h\u00e1bitos alimentarios en China tambi\u00e9n var\u00edan mucho de una provincia a otra. En la provincia de Guangdong, la gente es conocida por unos h\u00e1bitos alimentarios con los que la mayor\u00eda de los habitantes de otras provincias de China no pueden identificarse. La gente de otras provincias tambi\u00e9n encuentra tan incomprensible como nosotros comer perros o gatos. En Guangdong, hay zonas donde la carne de perro o gato es muy popular y forma parte del h\u00e1bito alimentario habitual.<\/div>\n<div><\/div>\n<div><\/div>\n<div><\/div>\n<div><\/div>\n<div>\n<p><strong><\/strong><\/p>\n<p><strong><\/strong><\/p>\n<p><strong>Todos los chinos son peque\u00f1os<\/strong><br \/>Esto tampoco es correcto. S\u00f3lo hay que leer el Libro Guinness de los R\u00e9cords, en el que figura un chino como el hombre adulto natural m\u00e1s alto. La mujer m\u00e1s alta del mundo tambi\u00e9n procede de China. En China, el tama\u00f1o corporal var\u00eda de una regi\u00f3n a otra. Al igual que aqu\u00ed un noruego suele ser m\u00e1s alto que un italiano, en China tambi\u00e9n los chinos del norte, como Pek\u00edn o Tianjin, suelen ser mucho m\u00e1s altos que los del sur, como Hunan o Guangdong.<br \/><strong><br \/>Todos los chinos s\u00f3lo pueden tener un hijo<br \/><\/strong>Existe la pol\u00edtica del hijo \u00fanico, pero no interfiere tanto en la decisi\u00f3n individual como se supone en Occidente. Hay numerosas excepciones. En principio, la pol\u00edtica del hijo \u00fanico no se aplica a los 56 pueblos de China que no son chinos Han. Adem\u00e1s, la pol\u00edtica del hijo \u00fanico tambi\u00e9n se aplica a los chinos Han s\u00f3lo si est\u00e1n registrados como hogares notificados de determinadas ciudades. En las ciudades peque\u00f1as y las zonas rurales, as\u00ed como en muchos distritos coadministrados por ciudades m\u00e1s grandes, esto no se aplica. A diferencia de aqu\u00ed, no se le cuenta inmediatamente como residente de una ciudad si tiene all\u00ed su domicilio, sino que toda la unidad familiar debe estar empadronada en la ciudad. Tambi\u00e9n en este caso hay que cumplir muchos requisitos (por ejemplo, titulaci\u00f3n, carrera profesional, ciertos ingresos, etc.). Si vive en una ciudad donde se aplica la pol\u00edtica del hijo \u00fanico, pero su hogar sigue perteneciendo oficialmente a un pueblo, no se le aplica la disposici\u00f3n del hijo \u00fanico. Sin embargo, con determinadas solicitudes y sanciones, la prohibici\u00f3n del segundo hijo tambi\u00e9n puede levantarse para los cabezas de familia de las grandes ciudades, y quienes dirigen su hogar en una gran ciudad suelen poder permit\u00edrselo.<\/p>\n<p><strong>El Partido Comunista lo determina todo en China<\/strong><br \/>Esto tambi\u00e9n es tergiversado por los medios de comunicaci\u00f3n occidentales. El partido comunista no existe como tal, pero todos los partidos de China son comunistas porque China es un pa\u00eds comunista. As\u00ed pues, hay un gran n\u00famero de partidos y pol\u00edticos que se unen como partidos comunistas. Esta alianza est\u00e1 formada por muchos partidos diferentes con los intereses m\u00e1s diversos, que siempre luchan por hacer valer sus propios intereses en la federaci\u00f3n. As\u00ed, en esta federaci\u00f3n se encuentran las m\u00e1s diversas influencias de los m\u00e1s diversos grupos de inter\u00e9s de las distintas provincias.<\/p>\n<\/div>\n<\/div>\n<p>[\/et_pb_text][\/et_pb_column][\/et_pb_row][et_pb_row _builder_version=&#8221;4.18.1&#8243; _module_preset=&#8221;default&#8221; global_colors_info=&#8221;{}&#8221;][et_pb_column type=&#8221;4_4&#8243; _builder_version=&#8221;4.18.1&#8243; _module_preset=&#8221;default&#8221; global_colors_info=&#8221;{}&#8221;][\/et_pb_column][\/et_pb_row][\/et_pb_section]<\/p>\n","protected":false},"excerpt":{"rendered":"<p>Prejuicios contra los chinos &nbsp; Hay muchos prejuicios contra los chinos La Agencia Frisch tambi\u00e9n lo sabe. La agencia Frisch International Consulting es una agencia de importaci\u00f3n y organiza para sus clientes proyectos completos de importaci\u00f3n desde China. En esta p\u00e1gina queremos abordar los prejuicios existentes contra China y los chinos: &nbsp; En China comen [&hellip;]<\/p>\n","protected":false},"author":2,"featured_media":0,"parent":8460,"menu_order":0,"comment_status":"open","ping_status":"closed","template":"","meta":{"_et_pb_use_builder":"on","_et_pb_old_content":"","_et_gb_content_width":"","footnotes":""},"class_list":["post-10314","page","type-page","status-publish","hentry"],"yoast_head":"<!-- This site is optimized with the Yoast SEO plugin v27.2 - https:\/\/yoast.com\/product\/yoast-seo-wordpress\/ -->\n<title>Comprender y evaluar los prejuicios contra los chinos<\/title>\n<meta name=\"description\" content=\"Comprueba los prejuicios contra los chinos \u2713 Eval\u00faa a los socios comerciales en China \u2713 \u25bb \u00a1Obt\u00e9n asesoramiento experto ahora!\" \/>\n<meta name=\"robots\" content=\"noindex, nofollow\" \/>\n<meta property=\"og:locale\" content=\"es_ES\" \/>\n<meta property=\"og:type\" content=\"article\" \/>\n<meta property=\"og:title\" content=\"Comprender y evaluar los prejuicios contra los chinos\" \/>\n<meta property=\"og:description\" content=\"Comprueba los prejuicios contra los chinos \u2713 Eval\u00faa a los socios comerciales en China \u2713 \u25bb \u00a1Obt\u00e9n asesoramiento experto ahora!\" \/>\n<meta property=\"og:url\" content=\"https:\/\/ag-frisch.com\/de\/?page_id=865\" \/>\n<meta property=\"og:site_name\" content=\"China Import Beratung f\u00fcr den Einkauf aus China\" \/>\n<meta property=\"article:publisher\" content=\"https:\/\/www.facebook.com\/China.Import\" \/>\n<meta property=\"article:modified_time\" content=\"2023-01-27T04:20:37+00:00\" \/>\n<meta name=\"twitter:card\" content=\"summary_large_image\" \/>\n<meta name=\"twitter:site\" content=\"@agenturfrisch\" \/>\n<meta name=\"twitter:label1\" content=\"Tiempo de lectura\" \/>\n\t<meta name=\"twitter:data1\" content=\"4 minutos\" \/>\n<script type=\"application\/ld+json\" class=\"yoast-schema-graph\">{\"@context\":\"https:\/\/schema.org\",\"@graph\":[{\"@type\":\"WebPage\",\"@id\":\"https:\/\/ag-frisch.com\/de\/?page_id=865\",\"url\":\"https:\/\/ag-frisch.com\/de\/?page_id=865\",\"name\":\"Comprender y evaluar los prejuicios contra los chinos\",\"isPartOf\":{\"@id\":\"https:\/\/ag-frisch.com\/de\/#website\"},\"datePublished\":\"2021-10-16T18:10:48+00:00\",\"dateModified\":\"2023-01-27T04:20:37+00:00\",\"description\":\"Comprueba los prejuicios contra los chinos \u2713 Eval\u00faa a los socios comerciales en China \u2713 \u25bb \u00a1Obt\u00e9n asesoramiento experto ahora!\",\"breadcrumb\":{\"@id\":\"https:\/\/ag-frisch.com\/de\/?page_id=865#breadcrumb\"},\"inLanguage\":\"es\",\"potentialAction\":[{\"@type\":\"ReadAction\",\"target\":[\"https:\/\/ag-frisch.com\/de\/?page_id=865\"]}]},{\"@type\":\"BreadcrumbList\",\"@id\":\"https:\/\/ag-frisch.com\/de\/?page_id=865#breadcrumb\",\"itemListElement\":[{\"@type\":\"ListItem\",\"position\":1,\"name\":\"Startseite\",\"item\":\"https:\/\/ag-frisch.com\/de\/\"},{\"@type\":\"ListItem\",\"position\":2,\"name\":\"Prejuicios contra los chinos\"}]},{\"@type\":\"WebSite\",\"@id\":\"https:\/\/ag-frisch.com\/de\/#website\",\"url\":\"https:\/\/ag-frisch.com\/de\/\",\"name\":\"China Import Beratung f\u00fcr den Einkauf aus China\",\"description\":\"China Import &amp; Export Beratung - Der Dienstleister Ihres Vertrauens f\u00fcr Ihren China Import\",\"publisher\":{\"@id\":\"https:\/\/ag-frisch.com\/de\/#organization\"},\"potentialAction\":[{\"@type\":\"SearchAction\",\"target\":{\"@type\":\"EntryPoint\",\"urlTemplate\":\"https:\/\/ag-frisch.com\/de\/?s={search_term_string}\"},\"query-input\":{\"@type\":\"PropertyValueSpecification\",\"valueRequired\":true,\"valueName\":\"search_term_string\"}}],\"inLanguage\":\"es\"},{\"@type\":\"Organization\",\"@id\":\"https:\/\/ag-frisch.com\/de\/#organization\",\"name\":\"Agentur Frisch International Consulting GmbH & Co. KG\",\"url\":\"https:\/\/ag-frisch.com\/de\/\",\"logo\":{\"@type\":\"ImageObject\",\"inLanguage\":\"es\",\"@id\":\"https:\/\/ag-frisch.com\/de\/#\/schema\/logo\/image\/\",\"url\":\"https:\/\/ag-frisch.com\/wp-content\/uploads\/2021\/08\/ag_logo_rgb_300_small.png\",\"contentUrl\":\"https:\/\/ag-frisch.com\/wp-content\/uploads\/2021\/08\/ag_logo_rgb_300_small.png\",\"width\":153,\"height\":102,\"caption\":\"Agentur Frisch International Consulting GmbH & Co. KG\"},\"image\":{\"@id\":\"https:\/\/ag-frisch.com\/de\/#\/schema\/logo\/image\/\"},\"sameAs\":[\"https:\/\/www.facebook.com\/China.Import\",\"https:\/\/x.com\/agenturfrisch\"]}]}<\/script>\n<!-- \/ Yoast SEO plugin. -->","yoast_head_json":{"title":"Comprender y evaluar los prejuicios contra los chinos","description":"Comprueba los prejuicios contra los chinos \u2713 Eval\u00faa a los socios comerciales en China \u2713 \u25bb \u00a1Obt\u00e9n asesoramiento experto ahora!","robots":{"index":"noindex","follow":"nofollow"},"og_locale":"es_ES","og_type":"article","og_title":"Comprender y evaluar los prejuicios contra los chinos","og_description":"Comprueba los prejuicios contra los chinos \u2713 Eval\u00faa a los socios comerciales en China \u2713 \u25bb \u00a1Obt\u00e9n asesoramiento experto ahora!","og_url":"https:\/\/ag-frisch.com\/de\/?page_id=865","og_site_name":"China Import Beratung f\u00fcr den Einkauf aus China","article_publisher":"https:\/\/www.facebook.com\/China.Import","article_modified_time":"2023-01-27T04:20:37+00:00","twitter_card":"summary_large_image","twitter_site":"@agenturfrisch","twitter_misc":{"Tiempo de lectura":"4 minutos"},"schema":{"@context":"https:\/\/schema.org","@graph":[{"@type":"WebPage","@id":"https:\/\/ag-frisch.com\/de\/?page_id=865","url":"https:\/\/ag-frisch.com\/de\/?page_id=865","name":"Comprender y evaluar los prejuicios contra los chinos","isPartOf":{"@id":"https:\/\/ag-frisch.com\/de\/#website"},"datePublished":"2021-10-16T18:10:48+00:00","dateModified":"2023-01-27T04:20:37+00:00","description":"Comprueba los prejuicios contra los chinos \u2713 Eval\u00faa a los socios comerciales en China \u2713 \u25bb \u00a1Obt\u00e9n asesoramiento experto ahora!","breadcrumb":{"@id":"https:\/\/ag-frisch.com\/de\/?page_id=865#breadcrumb"},"inLanguage":"es","potentialAction":[{"@type":"ReadAction","target":["https:\/\/ag-frisch.com\/de\/?page_id=865"]}]},{"@type":"BreadcrumbList","@id":"https:\/\/ag-frisch.com\/de\/?page_id=865#breadcrumb","itemListElement":[{"@type":"ListItem","position":1,"name":"Startseite","item":"https:\/\/ag-frisch.com\/de\/"},{"@type":"ListItem","position":2,"name":"Prejuicios contra los chinos"}]},{"@type":"WebSite","@id":"https:\/\/ag-frisch.com\/de\/#website","url":"https:\/\/ag-frisch.com\/de\/","name":"China Import Beratung f\u00fcr den Einkauf aus China","description":"China Import &amp; Export Beratung - Der Dienstleister Ihres Vertrauens f\u00fcr Ihren China Import","publisher":{"@id":"https:\/\/ag-frisch.com\/de\/#organization"},"potentialAction":[{"@type":"SearchAction","target":{"@type":"EntryPoint","urlTemplate":"https:\/\/ag-frisch.com\/de\/?s={search_term_string}"},"query-input":{"@type":"PropertyValueSpecification","valueRequired":true,"valueName":"search_term_string"}}],"inLanguage":"es"},{"@type":"Organization","@id":"https:\/\/ag-frisch.com\/de\/#organization","name":"Agentur Frisch International Consulting GmbH & Co. KG","url":"https:\/\/ag-frisch.com\/de\/","logo":{"@type":"ImageObject","inLanguage":"es","@id":"https:\/\/ag-frisch.com\/de\/#\/schema\/logo\/image\/","url":"https:\/\/ag-frisch.com\/wp-content\/uploads\/2021\/08\/ag_logo_rgb_300_small.png","contentUrl":"https:\/\/ag-frisch.com\/wp-content\/uploads\/2021\/08\/ag_logo_rgb_300_small.png","width":153,"height":102,"caption":"Agentur Frisch International Consulting GmbH & Co. KG"},"image":{"@id":"https:\/\/ag-frisch.com\/de\/#\/schema\/logo\/image\/"},"sameAs":["https:\/\/www.facebook.com\/China.Import","https:\/\/x.com\/agenturfrisch"]}]}},"_links":{"self":[{"href":"https:\/\/ag-frisch.com\/es\/wp-json\/wp\/v2\/pages\/10314","targetHints":{"allow":["GET"]}}],"collection":[{"href":"https:\/\/ag-frisch.com\/es\/wp-json\/wp\/v2\/pages"}],"about":[{"href":"https:\/\/ag-frisch.com\/es\/wp-json\/wp\/v2\/types\/page"}],"author":[{"embeddable":true,"href":"https:\/\/ag-frisch.com\/es\/wp-json\/wp\/v2\/users\/2"}],"replies":[{"embeddable":true,"href":"https:\/\/ag-frisch.com\/es\/wp-json\/wp\/v2\/comments?post=10314"}],"version-history":[{"count":0,"href":"https:\/\/ag-frisch.com\/es\/wp-json\/wp\/v2\/pages\/10314\/revisions"}],"up":[{"embeddable":true,"href":"https:\/\/ag-frisch.com\/es\/wp-json\/wp\/v2\/pages\/8460"}],"wp:attachment":[{"href":"https:\/\/ag-frisch.com\/es\/wp-json\/wp\/v2\/media?parent=10314"}],"curies":[{"name":"wp","href":"https:\/\/api.w.org\/{rel}","templated":true}]}}