{"id":10332,"date":"2021-10-25T21:52:18","date_gmt":"2021-10-25T19:52:18","guid":{"rendered":"https:\/\/ag-frisch.com\/inspeccion-de-mercancias\/"},"modified":"2023-01-27T05:21:35","modified_gmt":"2023-01-27T04:21:35","slug":"inspeccion-de-mercancias","status":"publish","type":"page","link":"https:\/\/ag-frisch.com\/es\/inspeccion-de-mercancias\/","title":{"rendered":"Inspecci\u00f3n de mercanc\u00edas"},"content":{"rendered":"<p>[et_pb_section fb_built=&#8221;1&#8243; _builder_version=&#8221;4.16&#8243; _module_preset=&#8221;default&#8221; global_colors_info=&#8221;{}&#8221;][et_pb_row _builder_version=&#8221;4.16&#8243; _module_preset=&#8221;default&#8221; global_colors_info=&#8221;{}&#8221;][et_pb_column type=&#8221;4_4&#8243; _builder_version=&#8221;4.16&#8243; _module_preset=&#8221;default&#8221; global_colors_info=&#8221;{}&#8221;][et_pb_cta title=&#8221;Inspecci\u00f3n de mercanc\u00edas en China&#8221; button_url=&#8221;https:\/\/ag-frisch.com\/es\/contacte-con\/&#8221; button_text=&#8221;Reserve ahora una inspecci\u00f3n en China&#8221; _builder_version=&#8221;4.16&#8243; _module_preset=&#8221;default&#8221; global_colors_info=&#8221;{}&#8221;]<\/p>\n<p>Al inspeccionar las mercanc\u00edas en China, se garantiza la calidad del producto antes de que salga del pa\u00eds.  <\/p>\n<p>[\/et_pb_cta][et_pb_text _builder_version=&#8221;4.16&#8243; _module_preset=&#8221;default&#8221; global_colors_info=&#8221;{}&#8221;]<\/p>\n<h1>Inspecci\u00f3n de mercanc\u00edas en China<\/h1>\n<p>En el caso de la inspecci\u00f3n de mercanc\u00edas, \u00e9stas se contabilizan en cuanto terminan de embalarse. Se trata de garantizar que la mercanc\u00eda se ha fabricado conforme a las especificaciones del comprador y que la cantidad producida se ajusta a las especificaciones del comprador. Ofrecemos inspecciones sobre todo en China, Taiw\u00e1n, Vietnam, Corea del Sur e India. El inspector toma muestras de la mercanc\u00eda y las inspecciona visualmente para comprobar el aspecto general, la calidad, las dimensiones, el color, el embalaje y otros detalles importantes del producto, principalmente los detalles que usted haya especificado como especialmente importantes al reservar la inspecci\u00f3n.  <\/p>\n<p>&nbsp;<\/p>\n<h2>Pruebas seg\u00fan AQL<\/h2>\n<p>Calidad del producto: La calidad del producto final se comprueba teniendo en cuenta el L\u00edmite de Calidad Aceptable (LCA). Si se ha enviado una muestra al inspector, \u00e9ste compara la calidad bas\u00e1ndose en la muestra; de lo contrario, depende de la descripci\u00f3n exacta que usted haga de ella. Durante la inspecci\u00f3n, tambi\u00e9n es importante evaluar el embalaje de env\u00edo para evitar da\u00f1os durante el transporte. Otros detalles importantes, como las funciones, las propiedades t\u00e9cnicas y el manejo, pueden probarse de acuerdo con sus especificaciones, siempre que la f\u00e1brica disponga del equipo de pruebas que pueda ser necesario para ello. Por supuesto, la comprobaci\u00f3n del etiquetado tambi\u00e9n forma parte del \u00e1mbito de una inspecci\u00f3n de mercanc\u00edas, ya que un etiquetado incorrecto del producto y\/o del envase puede dar lugar a advertencias, multas, retiradas del mercado o una mala clasificaci\u00f3n de la mercanc\u00eda.  <\/p>\n<p>&nbsp;<\/p>\n<h2>Es esencial realizar una inspecci\u00f3n de las mercanc\u00edas antes de enviarlas desde China<\/h2>\n<p>&nbsp;<\/p>\n<p>Debido a la globalizaci\u00f3n, hay productos de otras partes del mundo en casi todos los pa\u00edses, incluida Alemania. Despu\u00e9s de que Alemania tuviera que ceder este a\u00f1o el t\u00edtulo de &#8220;campe\u00f3n mundial de exportaci\u00f3n&#8221; a China, cabe preguntarse qu\u00e9 ocurrir\u00e1 con la calidad de los productos fabricados en el extranjero, sobre todo teniendo en cuenta el fuerte crecimiento econ\u00f3mico.<span> <\/span><strong>Importaciones de China<\/strong><span> <\/span>parece.<\/p>\n<p><strong>Productos procedentes de China<\/strong><span> <\/span>o de otros pa\u00edses asi\u00e1ticos son muy populares en Alemania por su bajo precio, pero tambi\u00e9n tienen fama de ser de calidad inferior, lo que s\u00f3lo es cierto en parte. Los productos procedentes de China tambi\u00e9n pueden ser de alta calidad, aunque la proporci\u00f3n es menor en comparaci\u00f3n con Alemania. Pero, \u00bfpor qu\u00e9 la calidad es, por t\u00e9rmino medio, peor que en otros pa\u00edses?<\/p>\n<p>Las empresas suelen trasladar su producci\u00f3n a estas regiones -especialmente a China- porque los bienes pueden producirse de forma muy barata debido a la falta de leyes, normativas medioambientales y bajos costes laborales. Por desgracia, a menudo se ahorra m\u00e1s en materiales y m\u00e1quinas para aumentar a\u00fan m\u00e1s los beneficios. Adem\u00e1s, a menudo los empleados tienen que trabajar bajo una fuerte presi\u00f3n de tiempo, por lo que las piezas no pueden montarse y comprobarse a fondo y los productos suelen salir de la f\u00e1brica sin que se haya comprobado su funcionamiento.<\/p>\n<p>Los productos fabricados en China llegan a Alemania y otros pa\u00edses por barco y pueden venderse all\u00ed a un precio muy favorable a pesar de los costes de transporte y aduanas. En comparaci\u00f3n con China, en Alemania hay muchas directrices que deben respetarse en la producci\u00f3n de bienes. Adem\u00e1s, los costes laborales de los trabajadores en Alemania son m\u00e1s de 5 veces superiores. Adem\u00e1s, los productos manufacturados est\u00e1n sujetos a estrictas<span> <\/span><strong>Controles de<\/strong> calidad destinados a proteger al consumidor y dificultar la producci\u00f3n de productos de calidad inferior. Todos estos factores son responsables de los precios comparativamente altos.<\/p>\n<p>\u00bfSon malos los productos chinos? La respuesta a esta pregunta es claramente no. En China tambi\u00e9n hay empresas que fabrican productos de muy alta calidad, al igual que en Alemania hay productos de diferentes categor\u00edas de precio\/calidad. \u00bfPor qu\u00e9 los productos de calidad de China no son tan conocidos en Alemania? En Alemania se esperan productos de alta calidad y, dado que los productos de alta calidad se fabrican en su mayor\u00eda por encargo de grandes empresas de marca extranjeras (OEM), no se piensa en que tambi\u00e9n son productos procedentes de China. En cambio, muchos peque\u00f1os importadores descuidan el tema de la<span> <\/span><strong>Garant\u00eda de calidad<span> <\/span><\/strong>o quieren pagar tan poco por los productos que los fabricantes s\u00f3lo pueden utilizar materiales de calidad inferior.<\/p>\n<p>China tiene, aunque no sea muy familiar, un alto nivel t\u00e9cnico, que se aprecia muy bien en la industria automovil\u00edstica, por ejemplo. Los modelos importados suelen contener mucha tecnolog\u00eda fabricada en estas regiones del mundo, pero esto apenas resulta evidente para el cliente. En general, hoy en d\u00eda, como consumidor, ya no se puede saber d\u00f3nde se ha fabricado el producto que estoy comprando. Aunque el lugar de fabricaci\u00f3n se indica en el envase, el cliente no sabe si las piezas individuales se han fabricado en el extranjero a pesar del sello &#8220;Made in Germany&#8221;.<\/p>\n<p>A trav\u00e9s de su propia<span> <\/span><strong>Garant\u00eda de calidad en China<\/strong><span> <\/span>puede minimizar considerablemente el riesgo en la calidad de sus propias importaciones procedentes de China. Por lo tanto, es esencial llevar a cabo controles de calidad y<span> <\/span><a title=\"Inspecci\u00f3n de mercanc\u00edas en China\" href=\"http:\/\/www.wareninspektion.de\/\">Inspecci\u00f3n de mercanc\u00edas<\/a><span> <\/span>que deben llevarse a cabo al importar productos de China.<\/p>\n<p>[\/et_pb_text][\/et_pb_column][\/et_pb_row][\/et_pb_section][et_pb_section fb_built=&#8221;1&#8243; admin_label=&#8221;Testimonials&#8221; _builder_version=&#8221;4.16&#8243; use_background_color_gradient=&#8221;on&#8221; background_color_gradient_stops=&#8221;rgba(0,106,156,0.85) 0%|rgba(0,106,156,0.85) 100%&#8221; background_color_gradient_start=&#8221;rgba(0,106,156,0.85)&#8221; background_color_gradient_end=&#8221;rgba(0,106,156,0.85)&#8221; custom_padding=&#8221;90px||60px|&#8221; animation_style=&#8221;fold&#8221; animation_direction=&#8221;bottom&#8221; animation_intensity_fold=&#8221;4%&#8221; global_colors_info=&#8221;{}&#8221; theme_builder_area=&#8221;post_content&#8221;][et_pb_row _builder_version=&#8221;4.16&#8243; background_size=&#8221;initial&#8221; background_position=&#8221;top_left&#8221; background_repeat=&#8221;repeat&#8221; custom_width_px=&#8221;710px&#8221; locked=&#8221;off&#8221; global_colors_info=&#8221;{}&#8221; theme_builder_area=&#8221;post_content&#8221;][et_pb_column type=&#8221;4_4&#8243; _builder_version=&#8221;4.16&#8243; background_position=&#8221;top_left&#8221; custom_padding=&#8221;|||&#8221; global_colors_info=&#8221;{}&#8221; custom_padding__hover=&#8221;|||&#8221; theme_builder_area=&#8221;post_content&#8221;][et_pb_text admin_label=&#8221;Testimonials Section Title&#8221; _builder_version=&#8221;4.16&#8243; header_font=&#8221;Montserrat||||&#8221; header_font_size=&#8221;36px&#8221; background_size=&#8221;initial&#8221; background_position=&#8221;top_left&#8221; background_repeat=&#8221;repeat&#8221; text_orientation=&#8221;center&#8221; background_layout=&#8221;dark&#8221; max_width=&#8221;710px&#8221; module_alignment=&#8221;center&#8221; animation_style=&#8221;fold&#8221; animation_direction=&#8221;bottom&#8221; animation_intensity_fold=&#8221;20%&#8221; global_colors_info=&#8221;{}&#8221; theme_builder_area=&#8221;post_content&#8221;]<\/p>\n<h1>M\u00e1s de 5000 clientes satisfechos.<\/h1>\n<p>&nbsp;<\/p>\n<p>[\/et_pb_text][et_pb_divider color=&#8221;#ffffff&#8221; divider_weight=&#8221;3px&#8221; disabled_on=&#8221;off|off|off&#8221; _builder_version=&#8221;4.16&#8243; background_color_gradient_direction=&#8221;90deg&#8221; max_width=&#8221;100px&#8221; module_alignment=&#8221;center&#8221; height=&#8221;5px&#8221; custom_margin=&#8221;||20px|&#8221; custom_padding=&#8221;||20px|&#8221; animation_style=&#8221;slide&#8221; animation_direction=&#8221;bottom&#8221; saved_tabs=&#8221;all&#8221; locked=&#8221;off&#8221; global_colors_info=&#8221;{}&#8221; theme_builder_area=&#8221;post_content&#8221;][\/et_pb_divider][\/et_pb_column][\/et_pb_row][et_pb_row column_structure=&#8221;1_2,1_2&#8243; _builder_version=&#8221;4.18.1&#8243; _module_preset=&#8221;default&#8221; global_colors_info=&#8221;{}&#8221; theme_builder_area=&#8221;post_content&#8221;][et_pb_column type=&#8221;1_2&#8243; _builder_version=&#8221;4.18.1&#8243; _module_preset=&#8221;default&#8221; global_colors_info=&#8221;{}&#8221; theme_builder_area=&#8221;post_content&#8221;][et_pb_testimonial author=&#8221;Marco&#8221; portrait_url=&#8221;https:\/\/ag-frisch.com\/wp-content\/uploads\/2021\/08\/Harald.png&#8221; quote_icon=&#8221;off&#8221; _builder_version=&#8221;4.18.1&#8243; _module_preset=&#8221;default&#8221; body_font_size=&#8221;16px&#8221; use_background_color=&#8221;off&#8221; background_layout=&#8221;dark&#8221; global_colors_info=&#8221;{}&#8221; theme_builder_area=&#8221;post_content&#8221;]Encargu\u00e9 a la Agencia Frisch la fabricaci\u00f3n de un gran mueble en China y su posterior traslado a Alemania. La comunicaci\u00f3n por correo fue fluida en todo momento. Las respuestas, muy r\u00e1pidas y fiables, me dieron constantemente las seguridades indispensables en una empresa de este tipo. Me ayudaron en todo momento a atravesar la jungla burocr\u00e1tica y no se me olvid\u00f3 ning\u00fan formulario ni lo rellen\u00e9 incorrectamente. \u00a1Muy loable!<a href=\"&lt;div%20class=%22pe-richsnippets%22&gt;&nbsp;&lt;\/div&gt;%20&lt;script%20type=%22text\/javascript%22%20src=%22https:\/\/www.provenexpert.com\/widget\/richsnippet.js?u=1NUA0VwZ4RUZ5tmAi5zA4RaplNKAlWwZ&amp;v=2%22%20async&gt;&lt;\/script&gt;%20&lt;div%20style=%22text-align:%20justify;%22&gt;&lt;br%20\/&gt;\"><\/a><\/p>\n<div class=\"brow ratingBarMargin\">\n<div class=\"ratingBar\">\n<div class=\"brow\">\n<div class=\"pe-richsnippets\">&nbsp;<\/div>\n<p><script type=\"text\/javascript\" src=\"https:\/\/www.provenexpert.com\/widget\/richsnippet.js?u=1NUA0VwZ4RUZ5tmAi5zA4RaplNKAlWwZ&amp;v=2\" async=\"\"><\/script><\/p>\n<div style=\"text-align: justify;\"><\/p>\n<div class=\"col-lg-9 col-md-8 col-xs-10 mt20 mb20\">\n<div class=\"col-xs-12 surveyNameForRating\"><\/div>\n<\/div>\n<\/div>\n<\/div>\n<\/div>\n<\/div>\n<p>[\/et_pb_testimonial][\/et_pb_column][et_pb_column type=&#8221;1_2&#8243; _builder_version=&#8221;4.18.1&#8243; _module_preset=&#8221;default&#8221; global_colors_info=&#8221;{}&#8221; theme_builder_area=&#8221;post_content&#8221;][et_pb_testimonial author=&#8221;Simone L.&#8221; portrait_url=&#8221;https:\/\/ag-frisch.com\/wp-content\/uploads\/2021\/08\/Harald.png&#8221; quote_icon=&#8221;off&#8221; _builder_version=&#8221;4.18.1&#8243; _module_preset=&#8221;default&#8221; body_font_size=&#8221;16px&#8221; use_background_color=&#8221;off&#8221; background_layout=&#8221;dark&#8221; global_colors_info=&#8221;{}&#8221; theme_builder_area=&#8221;post_content&#8221;]<\/p>\n<p>Todo arriba. No hay nada mejor que esto. El asesoramiento y la aplicaci\u00f3n no pueden hacerse mejor. Estamos m\u00e1s que satisfechos despu\u00e9s de varios pedidos con esta empresa y continuamos nuestra cooperaci\u00f3n.<\/p>\n<div class=\"brow ratingBarMargin\">\n<div class=\"ratingBar\">\n<div class=\"brow\">\n<div class=\"pe-richsnippets\"> <\/div>\n<p>\n<script type=\"text\/javascript\" src=\"https:\/\/www.provenexpert.com\/widget\/richsnippet.js?u=1NUA0VwZ4RUZ5tmAi5zA4RaplNKAlWwZ&amp;v=2\" async=\"\"><\/script>\n<\/p>\n<div style=\"text-align: justify;\">\n<p>&nbsp;<\/p>\n<div class=\"col-lg-9 col-md-8 col-xs-10 mt20 mb20\">\n<div class=\"col-xs-12 surveyNameForRating\"><\/div>\n<\/div>\n<\/div>\n<\/div>\n<\/div>\n<\/div>\n<p>[\/et_pb_testimonial][\/et_pb_column][\/et_pb_row][et_pb_row _builder_version=&#8221;4.16&#8243; background_size=&#8221;initial&#8221; background_position=&#8221;top_left&#8221; background_repeat=&#8221;repeat&#8221; custom_padding=&#8221;50px|0px|30px|0px&#8221; custom_css_main_element=&#8221;text-align: center;&#8221; global_colors_info=&#8221;{}&#8221; theme_builder_area=&#8221;post_content&#8221;][et_pb_column type=&#8221;4_4&#8243; _builder_version=&#8221;4.16&#8243; custom_padding=&#8221;|||&#8221; global_colors_info=&#8221;{}&#8221; custom_padding__hover=&#8221;|||&#8221; theme_builder_area=&#8221;post_content&#8221;][et_pb_button button_url=&#8221;https:\/\/www.provenexpert.com\/de-de\/agentur-frisch-international-consulting-gmbh-und-co-kg\/&#8221; button_text=&#8221;M\u00c1S VALORACIONES&#8221; button_alignment=&#8221;left&#8221; admin_label=&#8221;Testimonial Button&#8221; _builder_version=&#8221;4.16&#8243; custom_button=&#8221;on&#8221; button_text_size=&#8221;18px&#8221; button_text_color=&#8221;#ffffff&#8221; button_bg_color=&#8221;#6eba01&#8243; button_border_width=&#8221;2px&#8221; button_border_color=&#8221;#6eba01&#8243; button_border_radius=&#8221;0px&#8221; button_letter_spacing=&#8221;2px&#8221; button_font=&#8221;Montserrat|||on|&#8221; button_use_icon=&#8221;off&#8221; animation_style=&#8221;fold&#8221; animation_direction=&#8221;bottom&#8221; button_text_color_hover=&#8221;#ffffff&#8221; button_border_color_hover=&#8221;#ffffff&#8221; button_border_radius_hover=&#8221;0px&#8221; button_letter_spacing_hover=&#8221;2px&#8221; button_bg_color_hover=&#8221;rgba(255,255,255,0)&#8221; locked=&#8221;off&#8221; global_colors_info=&#8221;{}&#8221; button_text_size__hover_enabled=&#8221;off&#8221; button_one_text_size__hover_enabled=&#8221;off&#8221; button_two_text_size__hover_enabled=&#8221;off&#8221; button_text_color__hover_enabled=&#8221;on&#8221; button_text_color__hover=&#8221;#ffffff&#8221; button_one_text_color__hover_enabled=&#8221;off&#8221; button_two_text_color__hover_enabled=&#8221;off&#8221; button_border_width__hover_enabled=&#8221;off&#8221; button_one_border_width__hover_enabled=&#8221;off&#8221; button_two_border_width__hover_enabled=&#8221;off&#8221; button_border_color__hover_enabled=&#8221;on&#8221; button_border_color__hover=&#8221;#ffffff&#8221; button_one_border_color__hover_enabled=&#8221;off&#8221; button_two_border_color__hover_enabled=&#8221;off&#8221; button_border_radius__hover_enabled=&#8221;on&#8221; button_border_radius__hover=&#8221;0px&#8221; button_one_border_radius__hover_enabled=&#8221;off&#8221; button_two_border_radius__hover_enabled=&#8221;off&#8221; button_letter_spacing__hover_enabled=&#8221;on&#8221; button_letter_spacing__hover=&#8221;2px&#8221; button_one_letter_spacing__hover_enabled=&#8221;off&#8221; button_two_letter_spacing__hover_enabled=&#8221;off&#8221; button_bg_color__hover_enabled=&#8221;on&#8221; button_bg_color__hover=&#8221;rgba(255,255,255,0)&#8221; button_one_bg_color__hover_enabled=&#8221;off&#8221; button_two_bg_color__hover_enabled=&#8221;off&#8221; theme_builder_area=&#8221;post_content&#8221;][\/et_pb_button][\/et_pb_column][\/et_pb_row][\/et_pb_section]<\/p>\n","protected":false},"excerpt":{"rendered":"<p>Al inspeccionar las mercanc\u00edas en China, se garantiza la calidad del producto antes de que salga del pa\u00eds. Inspecci\u00f3n de mercanc\u00edas en China En el caso de la inspecci\u00f3n de mercanc\u00edas, \u00e9stas se contabilizan en cuanto terminan de embalarse. Se trata de garantizar que la mercanc\u00eda se ha fabricado conforme a las especificaciones del comprador [&hellip;]<\/p>\n","protected":false},"author":2,"featured_media":0,"parent":0,"menu_order":0,"comment_status":"closed","ping_status":"closed","template":"","meta":{"_et_pb_use_builder":"on","_et_pb_old_content":"","_et_gb_content_width":"","footnotes":""},"class_list":["post-10332","page","type-page","status-publish","hentry"],"yoast_head":"<!-- This site is optimized with the Yoast SEO plugin v27.2 - https:\/\/yoast.com\/product\/yoast-seo-wordpress\/ -->\n<title>Inspecci\u00f3n de mercanc\u00edas en China | Pruebas de productos seg\u00fan AQL<\/title>\n<meta name=\"description\" content=\"Inspecciones de mercanc\u00edas en China \u25ba Teniendo en cuenta el L\u00edmite de Calidad Aceptable (LCA) \u25ba Realizando inspecciones directamente in situ \u25ba \u00a1Ases\u00f3rese ahora!\" \/>\n<meta name=\"robots\" content=\"index, follow, max-snippet:-1, max-image-preview:large, max-video-preview:-1\" \/>\n<link rel=\"canonical\" href=\"https:\/\/ag-frisch.com\/es\/inspeccion-de-mercancias\/\" \/>\n<meta property=\"og:locale\" content=\"es_ES\" \/>\n<meta property=\"og:type\" content=\"article\" \/>\n<meta property=\"og:title\" content=\"Inspecci\u00f3n de mercanc\u00edas en China | Pruebas de productos seg\u00fan AQL\" \/>\n<meta property=\"og:description\" content=\"Inspecciones de mercanc\u00edas en China \u25ba Teniendo en cuenta el L\u00edmite de Calidad Aceptable (LCA) \u25ba Realizando inspecciones directamente in situ \u25ba \u00a1Ases\u00f3rese ahora!\" \/>\n<meta property=\"og:url\" content=\"https:\/\/ag-frisch.com\/es\/inspeccion-de-mercancias\/\" \/>\n<meta property=\"og:site_name\" content=\"China Import Beratung f\u00fcr den Einkauf aus China\" \/>\n<meta property=\"article:publisher\" content=\"https:\/\/www.facebook.com\/China.Import\" \/>\n<meta property=\"article:modified_time\" content=\"2023-01-27T04:21:35+00:00\" \/>\n<meta name=\"twitter:card\" content=\"summary_large_image\" \/>\n<meta name=\"twitter:site\" content=\"@agenturfrisch\" \/>\n<meta name=\"twitter:label1\" content=\"Tiempo de lectura\" \/>\n\t<meta name=\"twitter:data1\" content=\"9 minutos\" \/>\n<script type=\"application\/ld+json\" class=\"yoast-schema-graph\">{\"@context\":\"https:\/\/schema.org\",\"@graph\":[{\"@type\":\"WebPage\",\"@id\":\"https:\/\/ag-frisch.com\/es\/inspeccion-de-mercancias\/\",\"url\":\"https:\/\/ag-frisch.com\/es\/inspeccion-de-mercancias\/\",\"name\":\"Inspecci\u00f3n de mercanc\u00edas en China | Pruebas de productos seg\u00fan AQL\",\"isPartOf\":{\"@id\":\"https:\/\/ag-frisch.com\/de\/#website\"},\"datePublished\":\"2021-10-25T19:52:18+00:00\",\"dateModified\":\"2023-01-27T04:21:35+00:00\",\"description\":\"Inspecciones de mercanc\u00edas en China \u25ba Teniendo en cuenta el L\u00edmite de Calidad Aceptable (LCA) \u25ba Realizando inspecciones directamente in situ \u25ba \u00a1Ases\u00f3rese ahora!\",\"breadcrumb\":{\"@id\":\"https:\/\/ag-frisch.com\/es\/inspeccion-de-mercancias\/#breadcrumb\"},\"inLanguage\":\"es\",\"potentialAction\":[{\"@type\":\"ReadAction\",\"target\":[\"https:\/\/ag-frisch.com\/es\/inspeccion-de-mercancias\/\"]}]},{\"@type\":\"BreadcrumbList\",\"@id\":\"https:\/\/ag-frisch.com\/es\/inspeccion-de-mercancias\/#breadcrumb\",\"itemListElement\":[{\"@type\":\"ListItem\",\"position\":1,\"name\":\"Startseite\",\"item\":\"https:\/\/ag-frisch.com\/de\/\"},{\"@type\":\"ListItem\",\"position\":2,\"name\":\"Inspecci\u00f3n de mercanc\u00edas\"}]},{\"@type\":\"WebSite\",\"@id\":\"https:\/\/ag-frisch.com\/de\/#website\",\"url\":\"https:\/\/ag-frisch.com\/de\/\",\"name\":\"China Import Beratung f\u00fcr den Einkauf aus China\",\"description\":\"China Import &amp; Export Beratung - Der Dienstleister Ihres Vertrauens f\u00fcr Ihren China Import\",\"publisher\":{\"@id\":\"https:\/\/ag-frisch.com\/de\/#organization\"},\"potentialAction\":[{\"@type\":\"SearchAction\",\"target\":{\"@type\":\"EntryPoint\",\"urlTemplate\":\"https:\/\/ag-frisch.com\/de\/?s={search_term_string}\"},\"query-input\":{\"@type\":\"PropertyValueSpecification\",\"valueRequired\":true,\"valueName\":\"search_term_string\"}}],\"inLanguage\":\"es\"},{\"@type\":\"Organization\",\"@id\":\"https:\/\/ag-frisch.com\/de\/#organization\",\"name\":\"Agentur Frisch International Consulting GmbH & Co. KG\",\"url\":\"https:\/\/ag-frisch.com\/de\/\",\"logo\":{\"@type\":\"ImageObject\",\"inLanguage\":\"es\",\"@id\":\"https:\/\/ag-frisch.com\/de\/#\/schema\/logo\/image\/\",\"url\":\"https:\/\/ag-frisch.com\/wp-content\/uploads\/2021\/08\/ag_logo_rgb_300_small.png\",\"contentUrl\":\"https:\/\/ag-frisch.com\/wp-content\/uploads\/2021\/08\/ag_logo_rgb_300_small.png\",\"width\":153,\"height\":102,\"caption\":\"Agentur Frisch International Consulting GmbH & Co. KG\"},\"image\":{\"@id\":\"https:\/\/ag-frisch.com\/de\/#\/schema\/logo\/image\/\"},\"sameAs\":[\"https:\/\/www.facebook.com\/China.Import\",\"https:\/\/x.com\/agenturfrisch\"]}]}<\/script>\n<!-- \/ Yoast SEO plugin. -->","yoast_head_json":{"title":"Inspecci\u00f3n de mercanc\u00edas en China | Pruebas de productos seg\u00fan AQL","description":"Inspecciones de mercanc\u00edas en China \u25ba Teniendo en cuenta el L\u00edmite de Calidad Aceptable (LCA) \u25ba Realizando inspecciones directamente in situ \u25ba \u00a1Ases\u00f3rese ahora!","robots":{"index":"index","follow":"follow","max-snippet":"max-snippet:-1","max-image-preview":"max-image-preview:large","max-video-preview":"max-video-preview:-1"},"canonical":"https:\/\/ag-frisch.com\/es\/inspeccion-de-mercancias\/","og_locale":"es_ES","og_type":"article","og_title":"Inspecci\u00f3n de mercanc\u00edas en China | Pruebas de productos seg\u00fan AQL","og_description":"Inspecciones de mercanc\u00edas en China \u25ba Teniendo en cuenta el L\u00edmite de Calidad Aceptable (LCA) \u25ba Realizando inspecciones directamente in situ \u25ba \u00a1Ases\u00f3rese ahora!","og_url":"https:\/\/ag-frisch.com\/es\/inspeccion-de-mercancias\/","og_site_name":"China Import Beratung f\u00fcr den Einkauf aus China","article_publisher":"https:\/\/www.facebook.com\/China.Import","article_modified_time":"2023-01-27T04:21:35+00:00","twitter_card":"summary_large_image","twitter_site":"@agenturfrisch","twitter_misc":{"Tiempo de lectura":"9 minutos"},"schema":{"@context":"https:\/\/schema.org","@graph":[{"@type":"WebPage","@id":"https:\/\/ag-frisch.com\/es\/inspeccion-de-mercancias\/","url":"https:\/\/ag-frisch.com\/es\/inspeccion-de-mercancias\/","name":"Inspecci\u00f3n de mercanc\u00edas en China | Pruebas de productos seg\u00fan AQL","isPartOf":{"@id":"https:\/\/ag-frisch.com\/de\/#website"},"datePublished":"2021-10-25T19:52:18+00:00","dateModified":"2023-01-27T04:21:35+00:00","description":"Inspecciones de mercanc\u00edas en China \u25ba Teniendo en cuenta el L\u00edmite de Calidad Aceptable (LCA) \u25ba Realizando inspecciones directamente in situ \u25ba \u00a1Ases\u00f3rese ahora!","breadcrumb":{"@id":"https:\/\/ag-frisch.com\/es\/inspeccion-de-mercancias\/#breadcrumb"},"inLanguage":"es","potentialAction":[{"@type":"ReadAction","target":["https:\/\/ag-frisch.com\/es\/inspeccion-de-mercancias\/"]}]},{"@type":"BreadcrumbList","@id":"https:\/\/ag-frisch.com\/es\/inspeccion-de-mercancias\/#breadcrumb","itemListElement":[{"@type":"ListItem","position":1,"name":"Startseite","item":"https:\/\/ag-frisch.com\/de\/"},{"@type":"ListItem","position":2,"name":"Inspecci\u00f3n de mercanc\u00edas"}]},{"@type":"WebSite","@id":"https:\/\/ag-frisch.com\/de\/#website","url":"https:\/\/ag-frisch.com\/de\/","name":"China Import Beratung f\u00fcr den Einkauf aus China","description":"China Import &amp; Export Beratung - Der Dienstleister Ihres Vertrauens f\u00fcr Ihren China Import","publisher":{"@id":"https:\/\/ag-frisch.com\/de\/#organization"},"potentialAction":[{"@type":"SearchAction","target":{"@type":"EntryPoint","urlTemplate":"https:\/\/ag-frisch.com\/de\/?s={search_term_string}"},"query-input":{"@type":"PropertyValueSpecification","valueRequired":true,"valueName":"search_term_string"}}],"inLanguage":"es"},{"@type":"Organization","@id":"https:\/\/ag-frisch.com\/de\/#organization","name":"Agentur Frisch International Consulting GmbH & Co. KG","url":"https:\/\/ag-frisch.com\/de\/","logo":{"@type":"ImageObject","inLanguage":"es","@id":"https:\/\/ag-frisch.com\/de\/#\/schema\/logo\/image\/","url":"https:\/\/ag-frisch.com\/wp-content\/uploads\/2021\/08\/ag_logo_rgb_300_small.png","contentUrl":"https:\/\/ag-frisch.com\/wp-content\/uploads\/2021\/08\/ag_logo_rgb_300_small.png","width":153,"height":102,"caption":"Agentur Frisch International Consulting GmbH & Co. KG"},"image":{"@id":"https:\/\/ag-frisch.com\/de\/#\/schema\/logo\/image\/"},"sameAs":["https:\/\/www.facebook.com\/China.Import","https:\/\/x.com\/agenturfrisch"]}]}},"_links":{"self":[{"href":"https:\/\/ag-frisch.com\/es\/wp-json\/wp\/v2\/pages\/10332","targetHints":{"allow":["GET"]}}],"collection":[{"href":"https:\/\/ag-frisch.com\/es\/wp-json\/wp\/v2\/pages"}],"about":[{"href":"https:\/\/ag-frisch.com\/es\/wp-json\/wp\/v2\/types\/page"}],"author":[{"embeddable":true,"href":"https:\/\/ag-frisch.com\/es\/wp-json\/wp\/v2\/users\/2"}],"replies":[{"embeddable":true,"href":"https:\/\/ag-frisch.com\/es\/wp-json\/wp\/v2\/comments?post=10332"}],"version-history":[{"count":0,"href":"https:\/\/ag-frisch.com\/es\/wp-json\/wp\/v2\/pages\/10332\/revisions"}],"wp:attachment":[{"href":"https:\/\/ag-frisch.com\/es\/wp-json\/wp\/v2\/media?parent=10332"}],"curies":[{"name":"wp","href":"https:\/\/api.w.org\/{rel}","templated":true}]}}