{"id":10352,"date":"2021-10-25T21:37:29","date_gmt":"2021-10-25T19:37:29","guid":{"rendered":"https:\/\/ag-frisch.com\/100-de-control-de-mercancias\/"},"modified":"2023-01-27T05:21:27","modified_gmt":"2023-01-27T04:21:27","slug":"100-de-control-de-mercancias","status":"publish","type":"page","link":"https:\/\/ag-frisch.com\/es\/100-de-control-de-mercancias\/","title":{"rendered":"100% de control de mercanc\u00edas"},"content":{"rendered":"<p>[et_pb_section fb_built=&#8221;1&#8243; _builder_version=&#8221;4.16&#8243; global_colors_info=&#8221;{}&#8221;][et_pb_row _builder_version=&#8221;4.18.1&#8243; _module_preset=&#8221;default&#8221;][et_pb_column _builder_version=&#8221;4.18.1&#8243; _module_preset=&#8221;default&#8221; type=&#8221;4_4&#8243;][et_pb_cta title=&#8221;Inspeccionar toda la mercanc\u00eda en China y eliminar los productos defectuosos&#8221; button_url=&#8221;https:\/\/ag-frisch.com\/es\/contacte-con\/&#8221; button_text=&#8221;Comisi\u00f3n 100% pruebas en China \u00a1ya!&#8221; _builder_version=&#8221;4.18.1&#8243; _module_preset=&#8221;default&#8221; hover_enabled=&#8221;0&#8243; global_colors_info=&#8221;{}&#8221; theme_builder_area=&#8221;post_content&#8221; sticky_enabled=&#8221;0&#8243;]<\/p>\n<p>Si se trata de productos de calidad especialmente alta, aseg\u00farese de que la mercanc\u00eda est\u00e1 impecable al 100% ya en China.  <\/p>\n<p>[\/et_pb_cta][\/et_pb_column][\/et_pb_row][et_pb_row _builder_version=&#8221;4.16&#8243; background_size=&#8221;initial&#8221; background_position=&#8221;top_left&#8221; background_repeat=&#8221;repeat&#8221; global_colors_info=&#8221;{}&#8221;][et_pb_column type=&#8221;4_4&#8243; _builder_version=&#8221;4.16&#8243; custom_padding=&#8221;|||&#8221; global_colors_info=&#8221;{}&#8221; custom_padding__hover=&#8221;|||&#8221;][et_pb_text _builder_version=&#8221;4.16&#8243; background_size=&#8221;initial&#8221; background_position=&#8221;top_left&#8221; background_repeat=&#8221;repeat&#8221; global_colors_info=&#8221;{}&#8221;]<\/p>\n<h1>100% de control de mercanc\u00edas en China<\/h1>\n<p>Clasificar las mercanc\u00edas defectuosas tiene sentido sobre todo en el caso de productos de muy alto valor, como las joyas. Los art\u00edculos defectuosos se clasifican de modo que usted los tenga separados para poder mejorarlos si es necesario o para no tener que aceptar los productos en primer lugar. Usted tiene la opci\u00f3n de aceptar \u00fanicamente mercanc\u00eda 100% libre de defectos o de que el proveedor repare toda la mercanc\u00eda defectuosa. Dado que en el derecho internacional es habitual asumir que nadie puede producir perfectamente y que hay que contar con un porcentaje de art\u00edculos defectuosos (normalmente se asume entre un 2 y un 5 %), deber\u00eda acordar contractualmente tales medidas con el proveedor por adelantado o asumir usted mismo los costes de las mismas e incluirlos en sus c\u00e1lculos.<\/p>\n<p><strong>Control de productos de alta calidad procedentes de China<\/strong><\/p>\n<p>Siempre hay que tener en cuenta un peque\u00f1o porcentaje de productos defectuosos cuando se trata de art\u00edculos baratos. Esto es normal y forma parte de los procesos habituales de importaci\u00f3n. La situaci\u00f3n es diferente para los productos de muy alta calidad. En este caso, es aconsejable eliminar las mercanc\u00edas defectuosas en China, ya que incluso un bajo \u00edndice de defectos puede dar lugar a considerables reducciones de valor. Como parte de nuestros servicios de inspecci\u00f3n, le ofrecemos la inspecci\u00f3n de sus mercanc\u00edas de alta calidad procedentes de China. Clasificar las mercanc\u00edas defectuosas en China tiene, por ejemplo, las siguientes ventajas para usted:<\/p>\n<ul>\n<li>Haga que le entreguen los productos defectuosos por separado y rep\u00e1relos usted mismo<\/li>\n<li>No acepte mercanc\u00edas defectuosas en primer lugar<\/li>\n<li>Hacer que el fabricante repare los productos defectuosos<\/li>\n<\/ul>\n<p>&nbsp;<\/p>\n<p><strong>Productos chinos de alta calidad<\/strong><\/p>\n<p>La mercanc\u00eda que nos encargue inspeccionar y clasificar depender\u00e1 de sus necesidades e ideas, as\u00ed como de los acuerdos alcanzados con el fabricante. En principio, tiene sentido clasificar las mercanc\u00edas defectuosas en China si se trata de productos de especial calidad. Pueden ser, por ejemplo:<\/p>\n<ul>\n<li>Joyer\u00eda<\/li>\n<li>Productos electr\u00f3nicos de alta calidad<\/li>\n<li>Antig\u00fcedades y objetos de colecci\u00f3n<\/li>\n<li>ropa\/bolsos\/zapatos de calidad<\/li>\n<\/ul>\n<p>&nbsp;<\/p>\n<p><strong>Control al 100%: determinar contractualmente la proporci\u00f3n de mercanc\u00edas defectuosas por adelantado<\/strong><\/p>\n<p>En el caso de mercanc\u00edas de alta calidad, es importante fijar contractualmente por adelantado la proporci\u00f3n tolerable de mercanc\u00edas defectuosas. Esto ocurre durante las negociaciones del contrato, que nosotros, como su importador en China, estaremos encantados de llevar a cabo con el productor de acuerdo con sus deseos. De este modo, tendr\u00e1 el 100% del control en China y no tendr\u00e1 que discutir despu\u00e9s con el fabricante por los art\u00edculos defectuosos.<\/p>\n<p>Es aconsejable hacer un c\u00e1lculo antes de negociar el contrato: A veces puede resultar m\u00e1s barato pagar uno mismo la reparaci\u00f3n o p\u00e9rdida de los art\u00edculos defectuosos; en otros casos, es ventajoso llegar a un acuerdo con el productor. Como importadores de China con experiencia, podemos asesorarle sobre la ruta que m\u00e1s le conviene individualmente.<\/p>\n<p>Por t\u00e9rmino medio, se espera una proporci\u00f3n de entre el 2% y el 5% de art\u00edculos defectuosos en el Derecho internacional. Estaremos encantados de asesorarle sobre qu\u00e9 cuota es realista y razonable en su segmento de mercado y qu\u00e9 pasos pueden derivarse de ella para la inspecci\u00f3n de mercanc\u00edas de alta calidad procedentes de China. Con nosotros a su lado, tendr\u00e1 un control del 100% sobre sus valiosos bienes.<\/p>\n<p>&nbsp;<\/p>\n<p><strong>Clasificaci\u00f3n de mercanc\u00edas defectuosas en China: un servicio de la Agencia Frisch<\/strong><\/p>\n<p>Como especialista integral en importaciones de China, Agentur Frisch tambi\u00e9n le ofrece, naturalmente, un control absolutamente fiable de las mercanc\u00edas de alta calidad procedentes de China, para que siempre tenga un control del 100% sobre aquello por lo que paga dinero. Comprobamos y clasificamos, controlamos la calidad y el envasado, y defendemos todo ello con nuestro buen nombre. La agencia Frisch cuenta con muchos a\u00f1os de experiencia y un gran n\u00famero de clientes habituales. Detr\u00e1s de este \u00e9xito duradero est\u00e1, ante todo, la voluntad de hacer un trabajo limpio: queremos que usted quede realmente satisfecho.<\/p>\n<p>La inspecci\u00f3n de mercanc\u00edas de alta calidad procedentes de China es un elemento fundamental para su \u00e9xito y el nuestro, as\u00ed como para unas relaciones comerciales rentables y positivas en China. Clasificar las mercanc\u00edas defectuosas en China es importante para reducir costes, mantener una log\u00edstica \u00e1gil y hacer manejables las tareas que hay que hacer en Alemania. En muchos casos, es m\u00e1s sensato reelaborar o clasificar in situ que abordar esta actividad una vez realizado el transporte a Alemania.<\/p>\n<p>Estaremos encantados de informarle sobre el procedimiento que m\u00e1s le conviene espec\u00edficamente para clasificar e inspeccionar mercanc\u00edas de alta calidad procedentes de China.<\/p>\n<p>&nbsp;[\/et_pb_text][\/et_pb_column][\/et_pb_row][\/et_pb_section][et_pb_section fb_built=&#8221;1&#8243; admin_label=&#8221;Testimonials&#8221; _builder_version=&#8221;4.16&#8243; use_background_color_gradient=&#8221;on&#8221; background_color_gradient_stops=&#8221;rgba(0,106,156,0.85) 0%|rgba(0,106,156,0.85) 100%&#8221; background_color_gradient_start=&#8221;rgba(0,106,156,0.85)&#8221; background_color_gradient_end=&#8221;rgba(0,106,156,0.85)&#8221; custom_padding=&#8221;90px||60px|&#8221; animation_style=&#8221;fold&#8221; animation_direction=&#8221;bottom&#8221; animation_intensity_fold=&#8221;4%&#8221; global_colors_info=&#8221;{}&#8221; theme_builder_area=&#8221;post_content&#8221;][et_pb_row _builder_version=&#8221;4.16&#8243; background_size=&#8221;initial&#8221; background_position=&#8221;top_left&#8221; background_repeat=&#8221;repeat&#8221; custom_width_px=&#8221;710px&#8221; locked=&#8221;off&#8221; global_colors_info=&#8221;{}&#8221; theme_builder_area=&#8221;post_content&#8221;][et_pb_column type=&#8221;4_4&#8243; _builder_version=&#8221;4.16&#8243; background_position=&#8221;top_left&#8221; custom_padding=&#8221;|||&#8221; global_colors_info=&#8221;{}&#8221; custom_padding__hover=&#8221;|||&#8221; theme_builder_area=&#8221;post_content&#8221;][et_pb_text admin_label=&#8221;Testimonials Section Title&#8221; _builder_version=&#8221;4.16&#8243; header_font=&#8221;Montserrat||||&#8221; header_font_size=&#8221;36px&#8221; background_size=&#8221;initial&#8221; background_position=&#8221;top_left&#8221; background_repeat=&#8221;repeat&#8221; text_orientation=&#8221;center&#8221; background_layout=&#8221;dark&#8221; max_width=&#8221;710px&#8221; module_alignment=&#8221;center&#8221; animation_style=&#8221;fold&#8221; animation_direction=&#8221;bottom&#8221; animation_intensity_fold=&#8221;20%&#8221; global_colors_info=&#8221;{}&#8221; theme_builder_area=&#8221;post_content&#8221;]<\/p>\n<h1>M\u00e1s de 5000 clientes satisfechos.<\/h1>\n<p>&nbsp;<\/p>\n<p>[\/et_pb_text][et_pb_divider color=&#8221;#ffffff&#8221; divider_weight=&#8221;3px&#8221; disabled_on=&#8221;off|off|off&#8221; _builder_version=&#8221;4.16&#8243; background_color_gradient_direction=&#8221;90deg&#8221; max_width=&#8221;100px&#8221; module_alignment=&#8221;center&#8221; height=&#8221;5px&#8221; custom_margin=&#8221;||20px|&#8221; custom_padding=&#8221;||20px|&#8221; animation_style=&#8221;slide&#8221; animation_direction=&#8221;bottom&#8221; saved_tabs=&#8221;all&#8221; locked=&#8221;off&#8221; global_colors_info=&#8221;{}&#8221; theme_builder_area=&#8221;post_content&#8221;][\/et_pb_divider][\/et_pb_column][\/et_pb_row][et_pb_row column_structure=&#8221;1_2,1_2&#8243; _builder_version=&#8221;4.18.1&#8243; _module_preset=&#8221;default&#8221; global_colors_info=&#8221;{}&#8221; theme_builder_area=&#8221;post_content&#8221;][et_pb_column type=&#8221;1_2&#8243; _builder_version=&#8221;4.18.1&#8243; _module_preset=&#8221;default&#8221; global_colors_info=&#8221;{}&#8221; theme_builder_area=&#8221;post_content&#8221;][et_pb_testimonial author=&#8221;Marco&#8221; portrait_url=&#8221;https:\/\/ag-frisch.com\/wp-content\/uploads\/2021\/08\/Harald.png&#8221; quote_icon=&#8221;off&#8221; _builder_version=&#8221;4.18.1&#8243; _module_preset=&#8221;default&#8221; body_font_size=&#8221;16px&#8221; use_background_color=&#8221;off&#8221; background_layout=&#8221;dark&#8221; global_colors_info=&#8221;{}&#8221; theme_builder_area=&#8221;post_content&#8221;]Encargu\u00e9 a la Agencia Frisch la fabricaci\u00f3n de un gran mueble en China y su posterior traslado a Alemania. La comunicaci\u00f3n por correo fue fluida en todo momento. Las respuestas, muy r\u00e1pidas y fiables, me dieron constantemente las seguridades indispensables en una empresa de este tipo. Me ayudaron en todo momento a atravesar la jungla burocr\u00e1tica y no se me olvid\u00f3 ning\u00fan formulario ni lo rellen\u00e9 incorrectamente. \u00a1Muy loable!<a href=\"&lt;div%20class=%22pe-richsnippets%22&gt;&nbsp;&lt;\/div&gt;%20&lt;script%20type=%22text\/javascript%22%20src=%22https:\/\/www.provenexpert.com\/widget\/richsnippet.js?u=1NUA0VwZ4RUZ5tmAi5zA4RaplNKAlWwZ&amp;v=2%22%20async&gt;&lt;\/script&gt;%20&lt;div%20style=%22text-align:%20justify;%22&gt;&lt;br%20\/&gt;\"><\/a><\/p>\n<div class=\"brow ratingBarMargin\">\n<div class=\"ratingBar\">\n<div class=\"brow\">\n<div class=\"pe-richsnippets\">&nbsp;<\/div>\n<p><script type=\"text\/javascript\" src=\"https:\/\/www.provenexpert.com\/widget\/richsnippet.js?u=1NUA0VwZ4RUZ5tmAi5zA4RaplNKAlWwZ&amp;v=2\" async=\"\"><\/script><\/p>\n<div style=\"text-align: justify;\"><\/p>\n<div class=\"col-lg-9 col-md-8 col-xs-10 mt20 mb20\">\n<div class=\"col-xs-12 surveyNameForRating\"><\/div>\n<\/div>\n<\/div>\n<\/div>\n<\/div>\n<\/div>\n<p>[\/et_pb_testimonial][\/et_pb_column][et_pb_column type=&#8221;1_2&#8243; _builder_version=&#8221;4.18.1&#8243; _module_preset=&#8221;default&#8221; global_colors_info=&#8221;{}&#8221; theme_builder_area=&#8221;post_content&#8221;][et_pb_testimonial author=&#8221;Simone L.&#8221; portrait_url=&#8221;https:\/\/ag-frisch.com\/wp-content\/uploads\/2021\/08\/Harald.png&#8221; quote_icon=&#8221;off&#8221; _builder_version=&#8221;4.18.1&#8243; _module_preset=&#8221;default&#8221; body_font_size=&#8221;16px&#8221; use_background_color=&#8221;off&#8221; background_layout=&#8221;dark&#8221; global_colors_info=&#8221;{}&#8221; theme_builder_area=&#8221;post_content&#8221;]<\/p>\n<p>Todo arriba. No hay nada mejor que esto. El asesoramiento y la aplicaci\u00f3n no pueden hacerse mejor. Estamos m\u00e1s que satisfechos despu\u00e9s de varios pedidos con esta empresa y continuamos nuestra cooperaci\u00f3n.<\/p>\n<div class=\"brow ratingBarMargin\">\n<div class=\"ratingBar\">\n<div class=\"brow\">\n<div class=\"pe-richsnippets\"> <\/div>\n<p>\n<script type=\"text\/javascript\" src=\"https:\/\/www.provenexpert.com\/widget\/richsnippet.js?u=1NUA0VwZ4RUZ5tmAi5zA4RaplNKAlWwZ&amp;v=2\" async=\"\"><\/script>\n<\/p>\n<div style=\"text-align: justify;\">\n<p>&nbsp;<\/p>\n<div class=\"col-lg-9 col-md-8 col-xs-10 mt20 mb20\">\n<div class=\"col-xs-12 surveyNameForRating\"><\/div>\n<\/div>\n<\/div>\n<\/div>\n<\/div>\n<\/div>\n<p>[\/et_pb_testimonial][\/et_pb_column][\/et_pb_row][et_pb_row _builder_version=&#8221;4.16&#8243; background_size=&#8221;initial&#8221; background_position=&#8221;top_left&#8221; background_repeat=&#8221;repeat&#8221; custom_padding=&#8221;50px|0px|30px|0px&#8221; custom_css_main_element=&#8221;text-align: center;&#8221; global_colors_info=&#8221;{}&#8221; theme_builder_area=&#8221;post_content&#8221;][et_pb_column type=&#8221;4_4&#8243; _builder_version=&#8221;4.16&#8243; custom_padding=&#8221;|||&#8221; global_colors_info=&#8221;{}&#8221; custom_padding__hover=&#8221;|||&#8221; theme_builder_area=&#8221;post_content&#8221;][et_pb_button button_url=&#8221;https:\/\/www.provenexpert.com\/de-de\/agentur-frisch-international-consulting-gmbh-und-co-kg\/&#8221; button_text=&#8221;M\u00c1S VALORACIONES&#8221; button_alignment=&#8221;left&#8221; admin_label=&#8221;Testimonial Button&#8221; _builder_version=&#8221;4.16&#8243; custom_button=&#8221;on&#8221; button_text_size=&#8221;18px&#8221; button_text_color=&#8221;#ffffff&#8221; button_bg_color=&#8221;#6eba01&#8243; button_border_width=&#8221;2px&#8221; button_border_color=&#8221;#6eba01&#8243; button_border_radius=&#8221;0px&#8221; button_letter_spacing=&#8221;2px&#8221; button_font=&#8221;Montserrat|||on|&#8221; button_use_icon=&#8221;off&#8221; animation_style=&#8221;fold&#8221; animation_direction=&#8221;bottom&#8221; button_text_color_hover=&#8221;#ffffff&#8221; button_border_color_hover=&#8221;#ffffff&#8221; button_border_radius_hover=&#8221;0px&#8221; button_letter_spacing_hover=&#8221;2px&#8221; button_bg_color_hover=&#8221;rgba(255,255,255,0)&#8221; locked=&#8221;off&#8221; global_colors_info=&#8221;{}&#8221; button_text_size__hover_enabled=&#8221;off&#8221; button_one_text_size__hover_enabled=&#8221;off&#8221; button_two_text_size__hover_enabled=&#8221;off&#8221; button_text_color__hover_enabled=&#8221;on&#8221; button_text_color__hover=&#8221;#ffffff&#8221; button_one_text_color__hover_enabled=&#8221;off&#8221; button_two_text_color__hover_enabled=&#8221;off&#8221; button_border_width__hover_enabled=&#8221;off&#8221; button_one_border_width__hover_enabled=&#8221;off&#8221; button_two_border_width__hover_enabled=&#8221;off&#8221; button_border_color__hover_enabled=&#8221;on&#8221; button_border_color__hover=&#8221;#ffffff&#8221; button_one_border_color__hover_enabled=&#8221;off&#8221; button_two_border_color__hover_enabled=&#8221;off&#8221; button_border_radius__hover_enabled=&#8221;on&#8221; button_border_radius__hover=&#8221;0px&#8221; button_one_border_radius__hover_enabled=&#8221;off&#8221; button_two_border_radius__hover_enabled=&#8221;off&#8221; button_letter_spacing__hover_enabled=&#8221;on&#8221; button_letter_spacing__hover=&#8221;2px&#8221; button_one_letter_spacing__hover_enabled=&#8221;off&#8221; button_two_letter_spacing__hover_enabled=&#8221;off&#8221; button_bg_color__hover_enabled=&#8221;on&#8221; button_bg_color__hover=&#8221;rgba(255,255,255,0)&#8221; button_one_bg_color__hover_enabled=&#8221;off&#8221; button_two_bg_color__hover_enabled=&#8221;off&#8221; theme_builder_area=&#8221;post_content&#8221;][\/et_pb_button][\/et_pb_column][\/et_pb_row][\/et_pb_section]<\/p>\n","protected":false},"excerpt":{"rendered":"<p>Si se trata de productos de calidad especialmente alta, aseg\u00farese de que la mercanc\u00eda est\u00e1 impecable al 100% ya en China. 100% de control de mercanc\u00edas en China Clasificar las mercanc\u00edas defectuosas tiene sentido sobre todo en el caso de productos de muy alto valor, como las joyas. Los art\u00edculos defectuosos se clasifican de modo [&hellip;]<\/p>\n","protected":false},"author":2,"featured_media":0,"parent":0,"menu_order":0,"comment_status":"closed","ping_status":"closed","template":"","meta":{"_et_pb_use_builder":"on","_et_pb_old_content":"","_et_gb_content_width":"","footnotes":""},"class_list":["post-10352","page","type-page","status-publish","hentry"],"yoast_head":"<!-- This site is optimized with the Yoast SEO plugin v27.2 - https:\/\/yoast.com\/product\/yoast-seo-wordpress\/ -->\n<title>100% de control de mercanc\u00edas en China | control de mercanc\u00edas de alta calidad<\/title>\n<meta name=\"description\" content=\"Inspecci\u00f3n del 100% de las mercanc\u00edas en China \u25ba Inspecci\u00f3n de mercanc\u00edas de alta calidad procedentes de China \u25ba Eliminaci\u00f3n de mercanc\u00edas defectuosas antes de la importaci\u00f3n \u25ba \u00a1Obtenga asesoramiento experto ahora!\" \/>\n<meta name=\"robots\" content=\"index, follow, max-snippet:-1, max-image-preview:large, max-video-preview:-1\" \/>\n<link rel=\"canonical\" href=\"https:\/\/ag-frisch.com\/es\/100-de-control-de-mercancias\/\" \/>\n<meta property=\"og:locale\" content=\"es_ES\" \/>\n<meta property=\"og:type\" content=\"article\" \/>\n<meta property=\"og:title\" content=\"100% de control de mercanc\u00edas en China | control de mercanc\u00edas de alta calidad\" \/>\n<meta property=\"og:description\" content=\"Inspecci\u00f3n del 100% de las mercanc\u00edas en China \u25ba Inspecci\u00f3n de mercanc\u00edas de alta calidad procedentes de China \u25ba Eliminaci\u00f3n de mercanc\u00edas defectuosas antes de la importaci\u00f3n \u25ba \u00a1Obtenga asesoramiento experto ahora!\" \/>\n<meta property=\"og:url\" content=\"https:\/\/ag-frisch.com\/es\/100-de-control-de-mercancias\/\" \/>\n<meta property=\"og:site_name\" content=\"China Import Beratung f\u00fcr den Einkauf aus China\" \/>\n<meta property=\"article:publisher\" content=\"https:\/\/www.facebook.com\/China.Import\" \/>\n<meta property=\"article:modified_time\" content=\"2023-01-27T04:21:27+00:00\" \/>\n<meta name=\"twitter:card\" content=\"summary_large_image\" \/>\n<meta name=\"twitter:site\" content=\"@agenturfrisch\" \/>\n<meta name=\"twitter:label1\" content=\"Tiempo de lectura\" \/>\n\t<meta name=\"twitter:data1\" content=\"9 minutos\" \/>\n<script type=\"application\/ld+json\" class=\"yoast-schema-graph\">{\"@context\":\"https:\/\/schema.org\",\"@graph\":[{\"@type\":\"WebPage\",\"@id\":\"https:\/\/ag-frisch.com\/es\/100-de-control-de-mercancias\/\",\"url\":\"https:\/\/ag-frisch.com\/es\/100-de-control-de-mercancias\/\",\"name\":\"100% de control de mercanc\u00edas en China | control de mercanc\u00edas de alta calidad\",\"isPartOf\":{\"@id\":\"https:\/\/ag-frisch.com\/de\/#website\"},\"datePublished\":\"2021-10-25T19:37:29+00:00\",\"dateModified\":\"2023-01-27T04:21:27+00:00\",\"description\":\"Inspecci\u00f3n del 100% de las mercanc\u00edas en China \u25ba Inspecci\u00f3n de mercanc\u00edas de alta calidad procedentes de China \u25ba Eliminaci\u00f3n de mercanc\u00edas defectuosas antes de la importaci\u00f3n \u25ba \u00a1Obtenga asesoramiento experto ahora!\",\"breadcrumb\":{\"@id\":\"https:\/\/ag-frisch.com\/es\/100-de-control-de-mercancias\/#breadcrumb\"},\"inLanguage\":\"es\",\"potentialAction\":[{\"@type\":\"ReadAction\",\"target\":[\"https:\/\/ag-frisch.com\/es\/100-de-control-de-mercancias\/\"]}]},{\"@type\":\"BreadcrumbList\",\"@id\":\"https:\/\/ag-frisch.com\/es\/100-de-control-de-mercancias\/#breadcrumb\",\"itemListElement\":[{\"@type\":\"ListItem\",\"position\":1,\"name\":\"Startseite\",\"item\":\"https:\/\/ag-frisch.com\/de\/\"},{\"@type\":\"ListItem\",\"position\":2,\"name\":\"100% de control de mercanc\u00edas\"}]},{\"@type\":\"WebSite\",\"@id\":\"https:\/\/ag-frisch.com\/de\/#website\",\"url\":\"https:\/\/ag-frisch.com\/de\/\",\"name\":\"China Import Beratung f\u00fcr den Einkauf aus China\",\"description\":\"China Import &amp; Export Beratung - Der Dienstleister Ihres Vertrauens f\u00fcr Ihren China Import\",\"publisher\":{\"@id\":\"https:\/\/ag-frisch.com\/de\/#organization\"},\"potentialAction\":[{\"@type\":\"SearchAction\",\"target\":{\"@type\":\"EntryPoint\",\"urlTemplate\":\"https:\/\/ag-frisch.com\/de\/?s={search_term_string}\"},\"query-input\":{\"@type\":\"PropertyValueSpecification\",\"valueRequired\":true,\"valueName\":\"search_term_string\"}}],\"inLanguage\":\"es\"},{\"@type\":\"Organization\",\"@id\":\"https:\/\/ag-frisch.com\/de\/#organization\",\"name\":\"Agentur Frisch International Consulting GmbH & Co. KG\",\"url\":\"https:\/\/ag-frisch.com\/de\/\",\"logo\":{\"@type\":\"ImageObject\",\"inLanguage\":\"es\",\"@id\":\"https:\/\/ag-frisch.com\/de\/#\/schema\/logo\/image\/\",\"url\":\"https:\/\/ag-frisch.com\/wp-content\/uploads\/2021\/08\/ag_logo_rgb_300_small.png\",\"contentUrl\":\"https:\/\/ag-frisch.com\/wp-content\/uploads\/2021\/08\/ag_logo_rgb_300_small.png\",\"width\":153,\"height\":102,\"caption\":\"Agentur Frisch International Consulting GmbH & Co. KG\"},\"image\":{\"@id\":\"https:\/\/ag-frisch.com\/de\/#\/schema\/logo\/image\/\"},\"sameAs\":[\"https:\/\/www.facebook.com\/China.Import\",\"https:\/\/x.com\/agenturfrisch\"]}]}<\/script>\n<!-- \/ Yoast SEO plugin. -->","yoast_head_json":{"title":"100% de control de mercanc\u00edas en China | control de mercanc\u00edas de alta calidad","description":"Inspecci\u00f3n del 100% de las mercanc\u00edas en China \u25ba Inspecci\u00f3n de mercanc\u00edas de alta calidad procedentes de China \u25ba Eliminaci\u00f3n de mercanc\u00edas defectuosas antes de la importaci\u00f3n \u25ba \u00a1Obtenga asesoramiento experto ahora!","robots":{"index":"index","follow":"follow","max-snippet":"max-snippet:-1","max-image-preview":"max-image-preview:large","max-video-preview":"max-video-preview:-1"},"canonical":"https:\/\/ag-frisch.com\/es\/100-de-control-de-mercancias\/","og_locale":"es_ES","og_type":"article","og_title":"100% de control de mercanc\u00edas en China | control de mercanc\u00edas de alta calidad","og_description":"Inspecci\u00f3n del 100% de las mercanc\u00edas en China \u25ba Inspecci\u00f3n de mercanc\u00edas de alta calidad procedentes de China \u25ba Eliminaci\u00f3n de mercanc\u00edas defectuosas antes de la importaci\u00f3n \u25ba \u00a1Obtenga asesoramiento experto ahora!","og_url":"https:\/\/ag-frisch.com\/es\/100-de-control-de-mercancias\/","og_site_name":"China Import Beratung f\u00fcr den Einkauf aus China","article_publisher":"https:\/\/www.facebook.com\/China.Import","article_modified_time":"2023-01-27T04:21:27+00:00","twitter_card":"summary_large_image","twitter_site":"@agenturfrisch","twitter_misc":{"Tiempo de lectura":"9 minutos"},"schema":{"@context":"https:\/\/schema.org","@graph":[{"@type":"WebPage","@id":"https:\/\/ag-frisch.com\/es\/100-de-control-de-mercancias\/","url":"https:\/\/ag-frisch.com\/es\/100-de-control-de-mercancias\/","name":"100% de control de mercanc\u00edas en China | control de mercanc\u00edas de alta calidad","isPartOf":{"@id":"https:\/\/ag-frisch.com\/de\/#website"},"datePublished":"2021-10-25T19:37:29+00:00","dateModified":"2023-01-27T04:21:27+00:00","description":"Inspecci\u00f3n del 100% de las mercanc\u00edas en China \u25ba Inspecci\u00f3n de mercanc\u00edas de alta calidad procedentes de China \u25ba Eliminaci\u00f3n de mercanc\u00edas defectuosas antes de la importaci\u00f3n \u25ba \u00a1Obtenga asesoramiento experto ahora!","breadcrumb":{"@id":"https:\/\/ag-frisch.com\/es\/100-de-control-de-mercancias\/#breadcrumb"},"inLanguage":"es","potentialAction":[{"@type":"ReadAction","target":["https:\/\/ag-frisch.com\/es\/100-de-control-de-mercancias\/"]}]},{"@type":"BreadcrumbList","@id":"https:\/\/ag-frisch.com\/es\/100-de-control-de-mercancias\/#breadcrumb","itemListElement":[{"@type":"ListItem","position":1,"name":"Startseite","item":"https:\/\/ag-frisch.com\/de\/"},{"@type":"ListItem","position":2,"name":"100% de control de mercanc\u00edas"}]},{"@type":"WebSite","@id":"https:\/\/ag-frisch.com\/de\/#website","url":"https:\/\/ag-frisch.com\/de\/","name":"China Import Beratung f\u00fcr den Einkauf aus China","description":"China Import &amp; Export Beratung - Der Dienstleister Ihres Vertrauens f\u00fcr Ihren China Import","publisher":{"@id":"https:\/\/ag-frisch.com\/de\/#organization"},"potentialAction":[{"@type":"SearchAction","target":{"@type":"EntryPoint","urlTemplate":"https:\/\/ag-frisch.com\/de\/?s={search_term_string}"},"query-input":{"@type":"PropertyValueSpecification","valueRequired":true,"valueName":"search_term_string"}}],"inLanguage":"es"},{"@type":"Organization","@id":"https:\/\/ag-frisch.com\/de\/#organization","name":"Agentur Frisch International Consulting GmbH & Co. KG","url":"https:\/\/ag-frisch.com\/de\/","logo":{"@type":"ImageObject","inLanguage":"es","@id":"https:\/\/ag-frisch.com\/de\/#\/schema\/logo\/image\/","url":"https:\/\/ag-frisch.com\/wp-content\/uploads\/2021\/08\/ag_logo_rgb_300_small.png","contentUrl":"https:\/\/ag-frisch.com\/wp-content\/uploads\/2021\/08\/ag_logo_rgb_300_small.png","width":153,"height":102,"caption":"Agentur Frisch International Consulting GmbH & Co. KG"},"image":{"@id":"https:\/\/ag-frisch.com\/de\/#\/schema\/logo\/image\/"},"sameAs":["https:\/\/www.facebook.com\/China.Import","https:\/\/x.com\/agenturfrisch"]}]}},"_links":{"self":[{"href":"https:\/\/ag-frisch.com\/es\/wp-json\/wp\/v2\/pages\/10352","targetHints":{"allow":["GET"]}}],"collection":[{"href":"https:\/\/ag-frisch.com\/es\/wp-json\/wp\/v2\/pages"}],"about":[{"href":"https:\/\/ag-frisch.com\/es\/wp-json\/wp\/v2\/types\/page"}],"author":[{"embeddable":true,"href":"https:\/\/ag-frisch.com\/es\/wp-json\/wp\/v2\/users\/2"}],"replies":[{"embeddable":true,"href":"https:\/\/ag-frisch.com\/es\/wp-json\/wp\/v2\/comments?post=10352"}],"version-history":[{"count":0,"href":"https:\/\/ag-frisch.com\/es\/wp-json\/wp\/v2\/pages\/10352\/revisions"}],"wp:attachment":[{"href":"https:\/\/ag-frisch.com\/es\/wp-json\/wp\/v2\/media?parent=10352"}],"curies":[{"name":"wp","href":"https:\/\/api.w.org\/{rel}","templated":true}]}}