{"id":10384,"date":"2021-11-07T11:00:34","date_gmt":"2021-11-07T10:00:34","guid":{"rendered":"https:\/\/ag-frisch.com\/compras-en-china\/"},"modified":"2023-01-27T05:21:22","modified_gmt":"2023-01-27T04:21:22","slug":"compras-en-china","status":"publish","type":"page","link":"https:\/\/ag-frisch.com\/es\/compras-en-china\/","title":{"rendered":"Compras en China"},"content":{"rendered":"<p>[et_pb_section fb_built=&#8221;1&#8243; _builder_version=&#8221;4.9.10&#8243; _module_preset=&#8221;default&#8221;][et_pb_row _builder_version=&#8221;4.9.10&#8243; _module_preset=&#8221;default&#8221;][et_pb_column _builder_version=&#8221;4.9.10&#8243; _module_preset=&#8221;default&#8221; type=&#8221;4_4&#8243;][et_pb_text _builder_version=&#8221;4.9.10&#8243; _module_preset=&#8221;default&#8221; hover_enabled=&#8221;0&#8243; sticky_enabled=&#8221;0&#8243;]<\/p>\n<div class=\"et_post_meta_wrapper\">\n<h1 class=\"entry-title\">Comprar en China, \u00bfmerece la pena?<\/h1>\n<\/div>\n<div class=\"entry-content\">\n<p>Siendo China una econom\u00eda comercial l\u00edder pero tambi\u00e9n gigantesca, puede ser f\u00e1cil que la sola idea de meterse en una compra al por mayor a China te d\u00e9 dolor de cabeza. Sin embargo, no desespere y no abandone su proyecto antes de que haya empezado. Ciertamente, el<span> <\/span><a href=\"http:\/\/www.ag-frisch.de\/\">Compras a China<\/a><span> <\/span>no es pan comido. Todo est\u00e1 demasiado lejos, probablemente no hables el idioma, no conozcas las costumbres y, si has estado en China alguna vez, sabes que China es un mundo muy diferente al de Alemania.<br \/>Aqu\u00ed hemos elaborado una especie de hoja de ruta para usted; cosas que debe tener en cuenta y cosas que debe hacer, en su<span> <\/span>Es mejor abstenerse de <a href=\"http:\/\/www.ag-frisch.de\/\">comprar en China<\/a>.<br \/>Como su nombre indica, la venta al por mayor es un m\u00e9todo de comercio en el que el comerciante ofrece sus productos al por mayor en comparaci\u00f3n con los productos fabricados para el comprador.<br \/>El comercio mayorista chino se centra en gran medida en el comercio interior. Por tanto, su primer paso debe ser encontrar un operador que se dedique al comercio internacional. En Yiwu, provincia de Zhejiang, encontrar\u00e1 una pl\u00e9tora de excelentes mayoristas que exportan a casi todo el mundo. Con la mayor\u00eda de ellos, basta con ir a los grandes almacenes y elegir los productos para su<span> <\/span><a href=\"http:\/\/www.ag-frisch.de\/\">Compras a China<\/a><span> <\/span>por primera vez. El \u00fanico problema es que los productos importados en los pa\u00edses occidentales tienen que cumplir una determinada norma. Pero lo cierto es que s\u00f3lo unos pocos productos de los mayoristas chinos cumplen las normas alemanas. La importaci\u00f3n de productos no conformes es ilegal. Puede verse obligado a retirar el producto o incluso verse implicado en un proceso judicial cuyos costes correr\u00e1n exclusivamente de su cuenta.<br \/>En principio, sin embargo, se puede decir que el<span> <\/span><a href=\"http:\/\/www.ag-frisch.de\/\">Comprar en China<\/a>, a trav\u00e9s de un mayorista, s\u00f3lo compensa si se adquiere una gama m\u00e1s amplia de productos, cada uno en cantidades relativamente peque\u00f1as.<br \/>\u00bfC\u00f3mo se hace? Aqu\u00ed tienes 8 pasos que te ayudar\u00e1n a crear un lucrativo<span> <\/span><a href=\"http:\/\/www.ag-frisch.de\/\">Compras en China<\/a><span> <\/span>hacer.<\/p>\n<ol>\n<li><strong>Encuentre el mayorista adecuado:<\/strong><br \/>Obviamente, esta es la base de su negocio de importaci\u00f3n de China. Encontrar y examinar a los principales proveedores puede ser un proceso complicado y confuso. Tenga en cuenta que los productos chinos se fabrican principalmente para el comercio interior y pueden no cumplir las normas alemanas.<\/li>\n<li><strong>Familiar\u00edcese y comprenda el procedimiento de env\u00edo.<br \/><\/strong>Esto incluye el nombre y la direcci\u00f3n del exportador y del destinatario, el lugar y la fecha de expedici\u00f3n, el n\u00famero de factura, los detalles del env\u00edo, el pa\u00eds de origen, la marca, los n\u00fameros y el n\u00famero de bultos, la descripci\u00f3n exacta de las mercanc\u00edas, los pesos bruto y neto, los precios unitarios y el importe total, las condiciones de entrega y pago, todos los documentos de env\u00edo, el embalaje, el seguro&#8230; y estos son s\u00f3lo algunos de los datos que hay que tener en cuenta al comprar en China.<\/li>\n<li><strong>Comprender los derechos, impuestos y tasas de importaci\u00f3n:<\/strong><span> <\/span>Todos los productos que importe de China est\u00e1n sujetos a derechos de importaci\u00f3n, impuestos y otras deducciones. Usted es responsable de todos los gastos ocasionados.<\/li>\n<li><strong>Adapte su producto a un grupo destinatario espec\u00edfico:<\/strong><span> <\/span>Esto incluye la redacci\u00f3n de un documento de especificaciones del producto. Esta subpartida incluye informaci\u00f3n sobre los materiales, colores y otras caracter\u00edsticas de su producto.<\/li>\n<li><strong>Pedir muestras y perfeccionar su producto:<\/strong><span> <\/span>Una vez que tenga clara la calidad de su producto y las condiciones del pedido, por ejemplo, el n\u00famero de revisiones, aumentar\u00e1n dr\u00e1sticamente sus posibilidades de que la fabricaci\u00f3n de su producto sea un \u00e9xito para<span> <\/span><a href=\"http:\/\/www.ag-frisch.de\/\">Comprar en China<\/a><span> <\/span>.<\/li>\n<li><strong>Establezca una base s\u00f3lida para un pedido previo con<\/strong> un contrato de venta: un buen contrato de venta asegura su compra en China contra el env\u00edo correcto, el pago y el retraso en las fechas de entrega.<\/li>\n<li><strong>Pague a sus proveedores y evite el fraude:<\/strong><span> <\/span>Inf\u00f3rmese bien sobre todas las posibles condiciones de pago; qu\u00e9 condiciones de pago aceptan y cu\u00e1les no debe aceptar. Obtenga consejos sobre c\u00f3mo protegerse del fraude. &#8211; Apenas tienen valor jur\u00eddico en el extranjero.<\/li>\n<li><strong>Evite las mercanc\u00edas da\u00f1adas o defectuosas mediante el control de calidad<\/strong>: tambi\u00e9n en este caso debe estar bien informado sobre todas las normas y reglamentos. B\u00e1sicamente, lo que quiere es un inspector de calidad chino, local e imparcial. Puede encargarles que comprueben la calidad de sus productos a cambio de una tarifa.<\/li>\n<\/ol>\n<p>Como puede ver, se est\u00e1 adentrando en una jungla de burocracia. Sin embargo, esto no deber\u00eda impedirle comprar en China. Una de las cosas m\u00e1s importantes es que usted reciba la informaci\u00f3n y ayuda adecuadas para su<span> <\/span><a href=\"http:\/\/www.ag-frisch.de\/\">Compras a China<\/a><span> <\/span>lo tienes donde lo necesitas.<br \/>El mercado comercial chino, como econom\u00eda l\u00edder mundial, ofrece una rica variedad de productos a precios relativamente buenos. La ventaja para su<span> <\/span><a href=\"http:\/\/www.ag-frisch.de\/\">Compras a China<\/a><span> <\/span>es que, una vez que encuentre el mayorista adecuado con orientaci\u00f3n internacional, no tendr\u00e1 que comprar grandes cantidades. La diversidad del mercado chino facilita la compra incluso de peque\u00f1as cantidades de una gran variedad de productos. &#8211; En comparaci\u00f3n con el mercado nacional, donde el importe m\u00ednimo por unidad es de 10.000.<br \/>Para m\u00e1s informaci\u00f3n<span> <\/span><a href=\"http:\/\/www.ag-frisch.de\/\">Compras en China<\/a><span> <\/span>p\u00f3ngase en contacto con<span> <\/span><a href=\"mailto:info@ag-frisch.de\">info@ag-frisch.de<\/a><\/p>\n<\/div>\n<p>[\/et_pb_text][\/et_pb_column][\/et_pb_row][\/et_pb_section]<\/p>\n","protected":false},"excerpt":{"rendered":"<p>Comprar en China, \u00bfmerece la pena? Siendo China una econom\u00eda comercial l\u00edder pero tambi\u00e9n gigantesca, puede ser f\u00e1cil que la sola idea de meterse en una compra al por mayor a China te d\u00e9 dolor de cabeza. Sin embargo, no desespere y no abandone su proyecto antes de que haya empezado. Ciertamente, el Compras a [&hellip;]<\/p>\n","protected":false},"author":2,"featured_media":0,"parent":0,"menu_order":0,"comment_status":"closed","ping_status":"closed","template":"","meta":{"_et_pb_use_builder":"on","_et_pb_old_content":"","_et_gb_content_width":"","footnotes":""},"class_list":["post-10384","page","type-page","status-publish","hentry"],"yoast_head":"<!-- This site is optimized with the Yoast SEO plugin v27.2 - https:\/\/yoast.com\/product\/yoast-seo-wordpress\/ -->\n<title>Compras en China - China Import Beratung f\u00fcr den Einkauf aus China<\/title>\n<meta name=\"robots\" content=\"index, follow, max-snippet:-1, max-image-preview:large, max-video-preview:-1\" \/>\n<link rel=\"canonical\" href=\"https:\/\/ag-frisch.com\/es\/compras-en-china\/\" \/>\n<meta property=\"og:locale\" content=\"es_ES\" \/>\n<meta property=\"og:type\" content=\"article\" \/>\n<meta property=\"og:title\" content=\"Compras en China - China Import Beratung f\u00fcr den Einkauf aus China\" \/>\n<meta property=\"og:description\" content=\"Comprar en China, \u00bfmerece la pena? Siendo China una econom\u00eda comercial l\u00edder pero tambi\u00e9n gigantesca, puede ser f\u00e1cil que la sola idea de meterse en una compra al por mayor a China te d\u00e9 dolor de cabeza. Sin embargo, no desespere y no abandone su proyecto antes de que haya empezado. Ciertamente, el Compras a [&hellip;]\" \/>\n<meta property=\"og:url\" content=\"https:\/\/ag-frisch.com\/es\/compras-en-china\/\" \/>\n<meta property=\"og:site_name\" content=\"China Import Beratung f\u00fcr den Einkauf aus China\" \/>\n<meta property=\"article:publisher\" content=\"https:\/\/www.facebook.com\/China.Import\" \/>\n<meta property=\"article:modified_time\" content=\"2023-01-27T04:21:22+00:00\" \/>\n<meta name=\"twitter:card\" content=\"summary_large_image\" \/>\n<meta name=\"twitter:site\" content=\"@agenturfrisch\" \/>\n<meta name=\"twitter:label1\" content=\"Tiempo de lectura\" \/>\n\t<meta name=\"twitter:data1\" content=\"5 minutos\" \/>\n<script type=\"application\/ld+json\" class=\"yoast-schema-graph\">{\"@context\":\"https:\/\/schema.org\",\"@graph\":[{\"@type\":\"WebPage\",\"@id\":\"https:\/\/ag-frisch.com\/es\/compras-en-china\/\",\"url\":\"https:\/\/ag-frisch.com\/es\/compras-en-china\/\",\"name\":\"Compras en China - China Import Beratung f\u00fcr den Einkauf aus China\",\"isPartOf\":{\"@id\":\"https:\/\/ag-frisch.com\/de\/#website\"},\"datePublished\":\"2021-11-07T10:00:34+00:00\",\"dateModified\":\"2023-01-27T04:21:22+00:00\",\"breadcrumb\":{\"@id\":\"https:\/\/ag-frisch.com\/es\/compras-en-china\/#breadcrumb\"},\"inLanguage\":\"es\",\"potentialAction\":[{\"@type\":\"ReadAction\",\"target\":[\"https:\/\/ag-frisch.com\/es\/compras-en-china\/\"]}]},{\"@type\":\"BreadcrumbList\",\"@id\":\"https:\/\/ag-frisch.com\/es\/compras-en-china\/#breadcrumb\",\"itemListElement\":[{\"@type\":\"ListItem\",\"position\":1,\"name\":\"Startseite\",\"item\":\"https:\/\/ag-frisch.com\/de\/\"},{\"@type\":\"ListItem\",\"position\":2,\"name\":\"Compras en China\"}]},{\"@type\":\"WebSite\",\"@id\":\"https:\/\/ag-frisch.com\/de\/#website\",\"url\":\"https:\/\/ag-frisch.com\/de\/\",\"name\":\"China Import Beratung f\u00fcr den Einkauf aus China\",\"description\":\"China Import &amp; Export Beratung - Der Dienstleister Ihres Vertrauens f\u00fcr Ihren China Import\",\"publisher\":{\"@id\":\"https:\/\/ag-frisch.com\/de\/#organization\"},\"potentialAction\":[{\"@type\":\"SearchAction\",\"target\":{\"@type\":\"EntryPoint\",\"urlTemplate\":\"https:\/\/ag-frisch.com\/de\/?s={search_term_string}\"},\"query-input\":{\"@type\":\"PropertyValueSpecification\",\"valueRequired\":true,\"valueName\":\"search_term_string\"}}],\"inLanguage\":\"es\"},{\"@type\":\"Organization\",\"@id\":\"https:\/\/ag-frisch.com\/de\/#organization\",\"name\":\"Agentur Frisch International Consulting GmbH & Co. KG\",\"url\":\"https:\/\/ag-frisch.com\/de\/\",\"logo\":{\"@type\":\"ImageObject\",\"inLanguage\":\"es\",\"@id\":\"https:\/\/ag-frisch.com\/de\/#\/schema\/logo\/image\/\",\"url\":\"https:\/\/ag-frisch.com\/wp-content\/uploads\/2021\/08\/ag_logo_rgb_300_small.png\",\"contentUrl\":\"https:\/\/ag-frisch.com\/wp-content\/uploads\/2021\/08\/ag_logo_rgb_300_small.png\",\"width\":153,\"height\":102,\"caption\":\"Agentur Frisch International Consulting GmbH & Co. KG\"},\"image\":{\"@id\":\"https:\/\/ag-frisch.com\/de\/#\/schema\/logo\/image\/\"},\"sameAs\":[\"https:\/\/www.facebook.com\/China.Import\",\"https:\/\/x.com\/agenturfrisch\"]}]}<\/script>\n<!-- \/ Yoast SEO plugin. -->","yoast_head_json":{"title":"Compras en China - China Import Beratung f\u00fcr den Einkauf aus China","robots":{"index":"index","follow":"follow","max-snippet":"max-snippet:-1","max-image-preview":"max-image-preview:large","max-video-preview":"max-video-preview:-1"},"canonical":"https:\/\/ag-frisch.com\/es\/compras-en-china\/","og_locale":"es_ES","og_type":"article","og_title":"Compras en China - China Import Beratung f\u00fcr den Einkauf aus China","og_description":"Comprar en China, \u00bfmerece la pena? Siendo China una econom\u00eda comercial l\u00edder pero tambi\u00e9n gigantesca, puede ser f\u00e1cil que la sola idea de meterse en una compra al por mayor a China te d\u00e9 dolor de cabeza. Sin embargo, no desespere y no abandone su proyecto antes de que haya empezado. Ciertamente, el Compras a [&hellip;]","og_url":"https:\/\/ag-frisch.com\/es\/compras-en-china\/","og_site_name":"China Import Beratung f\u00fcr den Einkauf aus China","article_publisher":"https:\/\/www.facebook.com\/China.Import","article_modified_time":"2023-01-27T04:21:22+00:00","twitter_card":"summary_large_image","twitter_site":"@agenturfrisch","twitter_misc":{"Tiempo de lectura":"5 minutos"},"schema":{"@context":"https:\/\/schema.org","@graph":[{"@type":"WebPage","@id":"https:\/\/ag-frisch.com\/es\/compras-en-china\/","url":"https:\/\/ag-frisch.com\/es\/compras-en-china\/","name":"Compras en China - China Import Beratung f\u00fcr den Einkauf aus China","isPartOf":{"@id":"https:\/\/ag-frisch.com\/de\/#website"},"datePublished":"2021-11-07T10:00:34+00:00","dateModified":"2023-01-27T04:21:22+00:00","breadcrumb":{"@id":"https:\/\/ag-frisch.com\/es\/compras-en-china\/#breadcrumb"},"inLanguage":"es","potentialAction":[{"@type":"ReadAction","target":["https:\/\/ag-frisch.com\/es\/compras-en-china\/"]}]},{"@type":"BreadcrumbList","@id":"https:\/\/ag-frisch.com\/es\/compras-en-china\/#breadcrumb","itemListElement":[{"@type":"ListItem","position":1,"name":"Startseite","item":"https:\/\/ag-frisch.com\/de\/"},{"@type":"ListItem","position":2,"name":"Compras en China"}]},{"@type":"WebSite","@id":"https:\/\/ag-frisch.com\/de\/#website","url":"https:\/\/ag-frisch.com\/de\/","name":"China Import Beratung f\u00fcr den Einkauf aus China","description":"China Import &amp; Export Beratung - Der Dienstleister Ihres Vertrauens f\u00fcr Ihren China Import","publisher":{"@id":"https:\/\/ag-frisch.com\/de\/#organization"},"potentialAction":[{"@type":"SearchAction","target":{"@type":"EntryPoint","urlTemplate":"https:\/\/ag-frisch.com\/de\/?s={search_term_string}"},"query-input":{"@type":"PropertyValueSpecification","valueRequired":true,"valueName":"search_term_string"}}],"inLanguage":"es"},{"@type":"Organization","@id":"https:\/\/ag-frisch.com\/de\/#organization","name":"Agentur Frisch International Consulting GmbH & Co. KG","url":"https:\/\/ag-frisch.com\/de\/","logo":{"@type":"ImageObject","inLanguage":"es","@id":"https:\/\/ag-frisch.com\/de\/#\/schema\/logo\/image\/","url":"https:\/\/ag-frisch.com\/wp-content\/uploads\/2021\/08\/ag_logo_rgb_300_small.png","contentUrl":"https:\/\/ag-frisch.com\/wp-content\/uploads\/2021\/08\/ag_logo_rgb_300_small.png","width":153,"height":102,"caption":"Agentur Frisch International Consulting GmbH & Co. KG"},"image":{"@id":"https:\/\/ag-frisch.com\/de\/#\/schema\/logo\/image\/"},"sameAs":["https:\/\/www.facebook.com\/China.Import","https:\/\/x.com\/agenturfrisch"]}]}},"_links":{"self":[{"href":"https:\/\/ag-frisch.com\/es\/wp-json\/wp\/v2\/pages\/10384","targetHints":{"allow":["GET"]}}],"collection":[{"href":"https:\/\/ag-frisch.com\/es\/wp-json\/wp\/v2\/pages"}],"about":[{"href":"https:\/\/ag-frisch.com\/es\/wp-json\/wp\/v2\/types\/page"}],"author":[{"embeddable":true,"href":"https:\/\/ag-frisch.com\/es\/wp-json\/wp\/v2\/users\/2"}],"replies":[{"embeddable":true,"href":"https:\/\/ag-frisch.com\/es\/wp-json\/wp\/v2\/comments?post=10384"}],"version-history":[{"count":0,"href":"https:\/\/ag-frisch.com\/es\/wp-json\/wp\/v2\/pages\/10384\/revisions"}],"wp:attachment":[{"href":"https:\/\/ag-frisch.com\/es\/wp-json\/wp\/v2\/media?parent=10384"}],"curies":[{"name":"wp","href":"https:\/\/api.w.org\/{rel}","templated":true}]}}