{"id":10489,"date":"2021-10-25T22:00:55","date_gmt":"2021-10-25T20:00:55","guid":{"rendered":"https:\/\/ag-frisch.com\/inspeccion-inicial-de-muestras\/"},"modified":"2023-01-27T05:21:38","modified_gmt":"2023-01-27T04:21:38","slug":"inspeccion-inicial-de-muestras","status":"publish","type":"page","link":"https:\/\/ag-frisch.com\/es\/inspeccion-inicial-de-muestras\/","title":{"rendered":"Inspecci\u00f3n inicial de muestras"},"content":{"rendered":"<p>[et_pb_section fb_built=&#8221;1&#8243; _builder_version=&#8221;4.16&#8243; global_colors_info=&#8221;{}&#8221;][et_pb_row _builder_version=&#8221;4.18.1&#8243; _module_preset=&#8221;default&#8221; global_colors_info=&#8221;{}&#8221;][et_pb_column type=&#8221;4_4&#8243; _builder_version=&#8221;4.18.1&#8243; _module_preset=&#8221;default&#8221; global_colors_info=&#8221;{}&#8221;][et_pb_cta title=&#8221;Prueba de la muestra inicial&#8221; button_url=&#8221;https:\/\/ag-frisch.com\/es\/contacte-con\/&#8221; button_text=&#8221;Reservar examen ahora&#8221; _builder_version=&#8221;4.18.1&#8243; _module_preset=&#8221;default&#8221; global_colors_info=&#8221;{}&#8221;]<\/p>\n<p>A trav\u00e9s de China Import Agency Frisch, nuestros profesionales pueden realizar la inspecci\u00f3n inicial de muestras de productos voluminosos directamente en China.<\/p>\n<p>[\/et_pb_cta][\/et_pb_column][\/et_pb_row][et_pb_row _builder_version=&#8221;4.16&#8243; background_size=&#8221;initial&#8221; background_position=&#8221;top_left&#8221; background_repeat=&#8221;repeat&#8221; global_colors_info=&#8221;{}&#8221;][et_pb_column type=&#8221;4_4&#8243; _builder_version=&#8221;4.16&#8243; custom_padding=&#8221;|||&#8221; global_colors_info=&#8221;{}&#8221; custom_padding__hover=&#8221;|||&#8221;][et_pb_text _builder_version=&#8221;4.18.1&#8243; background_size=&#8221;initial&#8221; background_position=&#8221;top_left&#8221; background_repeat=&#8221;repeat&#8221; hover_enabled=&#8221;0&#8243; global_colors_info=&#8221;{}&#8221; sticky_enabled=&#8221;0&#8243;]<\/p>\n<h1>Inspecci\u00f3n y ensayo de muestras para la importaci\u00f3n a China<\/h1>\n<p>Si no le es posible viajar a China o los costes son desproporcionados, tambi\u00e9n podemos realizar las pruebas de una muestra inicial en China. La mayor\u00eda de los art\u00edculos pueden enviarse a Alemania como muestras, pero la situaci\u00f3n es distinta en el caso de productos muy grandes, como m\u00e1quinas, veh\u00edculos o muebles de grandes dimensiones, en los que s\u00f3lo es posible una inspecci\u00f3n in situ. Nuestros ingenieros prueban el producto concienzudamente y normalmente tambi\u00e9n graban varios v\u00eddeos para usted, para que pueda evaluar mejor la calidad del producto. Durante la inspecci\u00f3n, que s\u00f3lo se realiza sobre la base de una muestra antes de la producci\u00f3n, tambi\u00e9n pueden inspeccionarse los materiales de funcionamiento o las materias primas previstas para la producci\u00f3n en serie, con el fin de evitar posibles defectos causados por materiales incorrectos o de baja calidad.<\/p>\n<p><strong>An\u00e1lisis de muestras voluminosas directamente en China<\/strong><\/p>\n<p>Las muestras iniciales son necesarias para comprobar que todo se ajusta a lo solicitado antes de iniciar la producci\u00f3n en serie. El color, la textura, el tama\u00f1o y la calidad de su producto s\u00f3lo pueden determinarse sin lugar a dudas mediante una muestra inicial. El fabricante puede enviarle a Alemania la mayor\u00eda de las muestras iniciales. Pero hay productos para los que el env\u00edo de una muestra inicial es dif\u00edcil; en este caso, probar muestras voluminosas directamente en China es una opci\u00f3n. Por ejemplo, nos hacemos cargo por usted:<\/p>\n<ul>\n<li>Comprobaci\u00f3n de muebles voluminosos en China<\/li>\n<li>Pruebas de maquinaria (maquinaria industrial) en China<\/li>\n<li>Pruebas de cargadoras sobre ruedas y maquinaria de construcci\u00f3n en China<\/li>\n<li>Pruebas de coches, camiones y veh\u00edculos en China<\/li>\n<\/ul>\n<p>En principio, tambi\u00e9n pueden llevarse a Alemania como muestras iniciales. Sin embargo, el esfuerzo y los costes suelen ser desproporcionados en relaci\u00f3n con los beneficios, y existen alternativas sensatas.<\/p>\n<p>&nbsp;<\/p>\n<p><strong>Opciones alternativas para analizar muestras voluminosas directamente en China<\/strong><\/p>\n<p>Contamos con ingenieros experimentados y fiables que nos ayudan a probar los productos in situ en China. Estos inspectores nos son fieles y hacen un buen trabajo demostrado. Tiene la opci\u00f3n de que nuestros ingenieros graben en v\u00eddeo el ensayo de su muestra voluminosa en China. Esto se hace de manera que resulte muy informativo y cualquier discrepancia pueda resolverse de antemano. La inspecci\u00f3n inicial de muestras mediante grabaci\u00f3n de v\u00eddeo es una opci\u00f3n c\u00f3moda y buena para convencerse de su producto e indicar directamente las solicitudes de cambio.<\/p>\n<p>&nbsp;<\/p>\n<p><strong>Pruebas de materiales mediante inspecci\u00f3n del primer art\u00edculo por v\u00eddeo<\/strong><\/p>\n<p>Durante la inspecci\u00f3n por v\u00eddeo, tambi\u00e9n se registran los materiales o suministros utilizados para la producci\u00f3n en serie. Esto le permite examinar exactamente las materias primas que luego se utilizar\u00e1n para fabricar su producto. As\u00ed se reduce el riesgo de malentendidos y errores, pero tambi\u00e9n de materiales de calidad inferior.<\/p>\n<p>&nbsp;<\/p>\n<p><strong>Pruebas de muebles voluminosos en China<\/strong><\/p>\n<p>Entre los objetos que s\u00f3lo condicionalmente son aptos para el env\u00edo de muestras iniciales a Alemania figuran muebles de gran tama\u00f1o. Cuando se prueban muebles voluminosos, tambi\u00e9n es aconsejable hacerlo localmente en China. Entre los muebles que deber\u00eda haber comprobado en China figuran:<\/p>\n<ul>\n<li>Armarios y roperos<\/li>\n<li>Matrimonio, literas y camas dobles<\/li>\n<li>C\u00f3moda grande y vitrinas<\/li>\n<li>Grandes mesas de escritorio y comedor<\/li>\n<\/ul>\n<p>Si sus mercanc\u00edas son r\u00e9plicas de muebles antiguos u otros art\u00edculos especiales o de gran calidad, s\u00f3lo empleamos personal cualificado para inspeccionar sus muebles voluminosos en China.<\/p>\n<p>&nbsp;<\/p>\n<p><strong>M\u00e1quinas de ensayo en China<\/strong><\/p>\n<p>Sierras de cinta, tornos, fresadoras CNC, cepilladoras, punzonadoras y remachadoras, cizallas guillotina o prensas plegadoras: la lista de m\u00e1quinas industriales que podemos suministrar desde China es larga. Lo que estas m\u00e1quinas tienen en com\u00fan es que sus primeras muestras apenas son aptas para su env\u00edo a Alemania. En este caso, una inspecci\u00f3n inicial de la muestra por v\u00eddeo realizada por nuestros ingenieros tiene todo el sentido. Se encargan de probar las m\u00e1quinas en China por usted casi tan bien como si estuviera all\u00ed mismo.<\/p>\n<p>&nbsp;<\/p>\n<p><strong>Maquinaria de construcci\u00f3n &amp; Co: Pruebas de cargadoras sobre ruedas en China<\/strong><\/p>\n<p>Tambi\u00e9n en el campo de la maquinaria de construcci\u00f3n, Agentur Frisch importa todas las m\u00e1quinas disponibles para usted, e incluso sus muestras iniciales s\u00f3lo pueden enviarse con un alto coste y esfuerzo. Es m\u00e1s barato, pr\u00e1ctico y r\u00e1pido que nuestro personal especializado y formado realice las pruebas de cargadoras de ruedas en China.<\/p>\n<p>&nbsp;<\/p>\n<p><strong>Inspecci\u00f3n inicial por muestreo de turismos, camiones y otros veh\u00edculos<\/strong><\/p>\n<p>Tambi\u00e9n importamos veh\u00edculos y grandes componentes de veh\u00edculos directamente de China. La muestra inicial realizada seg\u00fan sus deseos es inspeccionada por nuestros ingenieros y presentada a usted mediante una grabaci\u00f3n de v\u00eddeo detallada. As\u00ed podr\u00e1 hacerse una idea de su muestra inicial y encargar cambios posteriores sobre esta base.<br \/>\n[\/et_pb_text][\/et_pb_column][\/et_pb_row][\/et_pb_section][et_pb_section fb_built=&#8221;1&#8243; admin_label=&#8221;Testimonials&#8221; _builder_version=&#8221;4.16&#8243; use_background_color_gradient=&#8221;on&#8221; background_color_gradient_stops=&#8221;rgba(0,106,156,0.85) 0%|rgba(0,106,156,0.85) 100%&#8221; background_color_gradient_start=&#8221;rgba(0,106,156,0.85)&#8221; background_color_gradient_end=&#8221;rgba(0,106,156,0.85)&#8221; custom_padding=&#8221;90px||60px|&#8221; animation_style=&#8221;fold&#8221; animation_direction=&#8221;bottom&#8221; animation_intensity_fold=&#8221;4%&#8221; global_colors_info=&#8221;{}&#8221;][et_pb_row _builder_version=&#8221;4.16&#8243; background_size=&#8221;initial&#8221; background_position=&#8221;top_left&#8221; background_repeat=&#8221;repeat&#8221; custom_width_px=&#8221;710px&#8221; locked=&#8221;off&#8221; global_colors_info=&#8221;{}&#8221;][et_pb_column type=&#8221;4_4&#8243; _builder_version=&#8221;4.16&#8243; background_position=&#8221;top_left&#8221; custom_padding=&#8221;|||&#8221; global_colors_info=&#8221;{}&#8221; custom_padding__hover=&#8221;|||&#8221;][et_pb_text admin_label=&#8221;Testimonials Section Title&#8221; _builder_version=&#8221;4.16&#8243; header_font=&#8221;Montserrat||||&#8221; header_font_size=&#8221;36px&#8221; background_size=&#8221;initial&#8221; background_position=&#8221;top_left&#8221; background_repeat=&#8221;repeat&#8221; text_orientation=&#8221;center&#8221; background_layout=&#8221;dark&#8221; max_width=&#8221;710px&#8221; module_alignment=&#8221;center&#8221; animation_style=&#8221;fold&#8221; animation_direction=&#8221;bottom&#8221; animation_intensity_fold=&#8221;20%&#8221; global_colors_info=&#8221;{}&#8221;]<\/p>\n<h1>M\u00e1s de 5000 clientes satisfechos.<\/h1>\n<p>&nbsp;<\/p>\n<p>[\/et_pb_text][et_pb_divider color=&#8221;#ffffff&#8221; divider_weight=&#8221;3px&#8221; disabled_on=&#8221;off|off|off&#8221; _builder_version=&#8221;4.16&#8243; background_color_gradient_direction=&#8221;90deg&#8221; max_width=&#8221;100px&#8221; module_alignment=&#8221;center&#8221; height=&#8221;5px&#8221; custom_margin=&#8221;||20px|&#8221; custom_padding=&#8221;||20px|&#8221; animation_style=&#8221;slide&#8221; animation_direction=&#8221;bottom&#8221; saved_tabs=&#8221;all&#8221; locked=&#8221;off&#8221; global_colors_info=&#8221;{}&#8221;][\/et_pb_divider][\/et_pb_column][\/et_pb_row][et_pb_row column_structure=&#8221;1_2,1_2&#8243; _builder_version=&#8221;4.18.1&#8243; _module_preset=&#8221;default&#8221; global_colors_info=&#8221;{}&#8221;][et_pb_column type=&#8221;1_2&#8243; _builder_version=&#8221;4.18.1&#8243; _module_preset=&#8221;default&#8221; global_colors_info=&#8221;{}&#8221;][et_pb_testimonial author=&#8221;Marco&#8221; portrait_url=&#8221;https:\/\/ag-frisch.com\/wp-content\/uploads\/2021\/08\/Harald.png&#8221; quote_icon=&#8221;off&#8221; _builder_version=&#8221;4.18.1&#8243; _module_preset=&#8221;default&#8221; body_font_size=&#8221;16px&#8221; use_background_color=&#8221;off&#8221; background_layout=&#8221;dark&#8221; global_colors_info=&#8221;{}&#8221;]Encargu\u00e9 a la Agencia Frisch la fabricaci\u00f3n de un gran mueble en China y su posterior traslado a Alemania. La comunicaci\u00f3n por correo fue fluida en todo momento. Las respuestas, muy r\u00e1pidas y fiables, me dieron constantemente las seguridades indispensables en una empresa de este tipo. Me ayudaron en todo momento a atravesar la jungla burocr\u00e1tica y no se me olvid\u00f3 ning\u00fan formulario ni lo rellen\u00e9 incorrectamente. \u00a1Muy loable!<a href=\"&lt;div%20class=%22pe-richsnippets%22&gt;&nbsp;&lt;\/div&gt;%20&lt;script%20type=%22text\/javascript%22%20src=%22https:\/\/www.provenexpert.com\/widget\/richsnippet.js?u=1NUA0VwZ4RUZ5tmAi5zA4RaplNKAlWwZ&amp;v=2%22%20async&gt;&lt;\/script&gt;%20&lt;div%20style=%22text-align:%20justify;%22&gt;&lt;br%20\/&gt;\"><\/a><\/p>\n<div class=\"brow ratingBarMargin\">\n<div class=\"ratingBar\">\n<div class=\"brow\">\n<div class=\"pe-richsnippets\">&nbsp;<\/div>\n<p><script type=\"text\/javascript\" src=\"https:\/\/www.provenexpert.com\/widget\/richsnippet.js?u=1NUA0VwZ4RUZ5tmAi5zA4RaplNKAlWwZ&amp;v=2\" async=\"\"><\/script><\/p>\n<div style=\"text-align: justify;\"><\/p>\n<div class=\"col-lg-9 col-md-8 col-xs-10 mt20 mb20\">\n<div class=\"col-xs-12 surveyNameForRating\"><\/div>\n<\/div>\n<\/div>\n<\/div>\n<\/div>\n<\/div>\n<p>[\/et_pb_testimonial][\/et_pb_column][et_pb_column type=&#8221;1_2&#8243; _builder_version=&#8221;4.18.1&#8243; _module_preset=&#8221;default&#8221; global_colors_info=&#8221;{}&#8221;][et_pb_testimonial author=&#8221;Simone L.&#8221; portrait_url=&#8221;https:\/\/ag-frisch.com\/wp-content\/uploads\/2021\/08\/Harald.png&#8221; quote_icon=&#8221;off&#8221; _builder_version=&#8221;4.18.1&#8243; _module_preset=&#8221;default&#8221; body_font_size=&#8221;16px&#8221; use_background_color=&#8221;off&#8221; background_layout=&#8221;dark&#8221; global_colors_info=&#8221;{}&#8221;]<\/p>\n<p>Todo arriba. No hay nada mejor que esto. El asesoramiento y la aplicaci\u00f3n no pueden hacerse mejor. Estamos m\u00e1s que satisfechos despu\u00e9s de varios pedidos con esta empresa y continuamos nuestra cooperaci\u00f3n.<\/p>\n<div class=\"brow ratingBarMargin\">\n<div class=\"ratingBar\">\n<div class=\"brow\">\n<div class=\"pe-richsnippets\"> <\/div>\n<p>\n<script type=\"text\/javascript\" src=\"https:\/\/www.provenexpert.com\/widget\/richsnippet.js?u=1NUA0VwZ4RUZ5tmAi5zA4RaplNKAlWwZ&amp;v=2\" async=\"\"><\/script>\n<\/p>\n<div style=\"text-align: justify;\">\n<p>&nbsp;<\/p>\n<div class=\"col-lg-9 col-md-8 col-xs-10 mt20 mb20\">\n<div class=\"col-xs-12 surveyNameForRating\"><\/div>\n<\/div>\n<\/div>\n<\/div>\n<\/div>\n<\/div>\n<p>[\/et_pb_testimonial][\/et_pb_column][\/et_pb_row][et_pb_row _builder_version=&#8221;4.16&#8243; background_size=&#8221;initial&#8221; background_position=&#8221;top_left&#8221; background_repeat=&#8221;repeat&#8221; custom_padding=&#8221;50px|0px|30px|0px&#8221; custom_css_main_element=&#8221;text-align: center;&#8221; global_colors_info=&#8221;{}&#8221;][et_pb_column type=&#8221;4_4&#8243; _builder_version=&#8221;4.16&#8243; custom_padding=&#8221;|||&#8221; global_colors_info=&#8221;{}&#8221; custom_padding__hover=&#8221;|||&#8221;][et_pb_button button_url=&#8221;https:\/\/www.provenexpert.com\/de-de\/agentur-frisch-international-consulting-gmbh-und-co-kg\/&#8221; button_text=&#8221;M\u00c1S VALORACIONES&#8221; button_alignment=&#8221;left&#8221; admin_label=&#8221;Testimonial Button&#8221; _builder_version=&#8221;4.16&#8243; custom_button=&#8221;on&#8221; button_text_size=&#8221;18px&#8221; button_text_color=&#8221;#ffffff&#8221; button_bg_color=&#8221;#6eba01&#8243; button_border_width=&#8221;2px&#8221; button_border_color=&#8221;#6eba01&#8243; button_border_radius=&#8221;0px&#8221; button_letter_spacing=&#8221;2px&#8221; button_font=&#8221;Montserrat|||on|&#8221; button_use_icon=&#8221;off&#8221; animation_style=&#8221;fold&#8221; animation_direction=&#8221;bottom&#8221; button_text_color_hover=&#8221;#ffffff&#8221; button_border_color_hover=&#8221;#ffffff&#8221; button_border_radius_hover=&#8221;0px&#8221; button_letter_spacing_hover=&#8221;2px&#8221; button_bg_color_hover=&#8221;rgba(255,255,255,0)&#8221; locked=&#8221;off&#8221; global_colors_info=&#8221;{}&#8221; button_text_size__hover_enabled=&#8221;off&#8221; button_one_text_size__hover_enabled=&#8221;off&#8221; button_two_text_size__hover_enabled=&#8221;off&#8221; button_text_color__hover_enabled=&#8221;on&#8221; button_text_color__hover=&#8221;#ffffff&#8221; button_one_text_color__hover_enabled=&#8221;off&#8221; button_two_text_color__hover_enabled=&#8221;off&#8221; button_border_width__hover_enabled=&#8221;off&#8221; button_one_border_width__hover_enabled=&#8221;off&#8221; button_two_border_width__hover_enabled=&#8221;off&#8221; button_border_color__hover_enabled=&#8221;on&#8221; button_border_color__hover=&#8221;#ffffff&#8221; button_one_border_color__hover_enabled=&#8221;off&#8221; button_two_border_color__hover_enabled=&#8221;off&#8221; button_border_radius__hover_enabled=&#8221;on&#8221; button_border_radius__hover=&#8221;0px&#8221; button_one_border_radius__hover_enabled=&#8221;off&#8221; button_two_border_radius__hover_enabled=&#8221;off&#8221; button_letter_spacing__hover_enabled=&#8221;on&#8221; button_letter_spacing__hover=&#8221;2px&#8221; button_one_letter_spacing__hover_enabled=&#8221;off&#8221; button_two_letter_spacing__hover_enabled=&#8221;off&#8221; button_bg_color__hover_enabled=&#8221;on&#8221; button_bg_color__hover=&#8221;rgba(255,255,255,0)&#8221; button_one_bg_color__hover_enabled=&#8221;off&#8221; button_two_bg_color__hover_enabled=&#8221;off&#8221;][\/et_pb_button][\/et_pb_column][\/et_pb_row][\/et_pb_section]<\/p>\n","protected":false},"excerpt":{"rendered":"<p>A trav\u00e9s de China Import Agency Frisch, nuestros profesionales pueden realizar la inspecci\u00f3n inicial de muestras de productos voluminosos directamente en China.Inspecci\u00f3n y ensayo de muestras para la importaci\u00f3n a China Si no le es posible viajar a China o los costes son desproporcionados, tambi\u00e9n podemos realizar las pruebas de una muestra inicial en China. [&hellip;]<\/p>\n","protected":false},"author":2,"featured_media":0,"parent":0,"menu_order":0,"comment_status":"closed","ping_status":"closed","template":"","meta":{"_et_pb_use_builder":"on","_et_pb_old_content":"","_et_gb_content_width":"","footnotes":""},"class_list":["post-10489","page","type-page","status-publish","hentry"],"yoast_head":"<!-- This site is optimized with the Yoast SEO plugin v27.2 - https:\/\/yoast.com\/product\/yoast-seo-wordpress\/ -->\n<title>Inspecci\u00f3n de muestras: Inspecci\u00f3n de muestras para la importaci\u00f3n a China<\/title>\n<meta name=\"description\" content=\"Inspecci\u00f3n de muestras en China importaci\u00f3n \u25ba Inspecci\u00f3n profesional de muestras directamente en China \u2714 Muebles \u2714 Maquinaria \u2714 Veh\u00edculos \u25ba \u00a1Haga inspeccionar muestras ahora!\" \/>\n<meta name=\"robots\" content=\"index, follow, max-snippet:-1, max-image-preview:large, max-video-preview:-1\" \/>\n<link rel=\"canonical\" href=\"https:\/\/ag-frisch.com\/es\/inspeccion-inicial-de-muestras\/\" \/>\n<meta property=\"og:locale\" content=\"es_ES\" \/>\n<meta property=\"og:type\" content=\"article\" \/>\n<meta property=\"og:title\" content=\"Inspecci\u00f3n de muestras: Inspecci\u00f3n de muestras para la importaci\u00f3n a China\" \/>\n<meta property=\"og:description\" content=\"Inspecci\u00f3n de muestras en China importaci\u00f3n \u25ba Inspecci\u00f3n profesional de muestras directamente en China \u2714 Muebles \u2714 Maquinaria \u2714 Veh\u00edculos \u25ba \u00a1Haga inspeccionar muestras ahora!\" \/>\n<meta property=\"og:url\" content=\"https:\/\/ag-frisch.com\/es\/inspeccion-inicial-de-muestras\/\" \/>\n<meta property=\"og:site_name\" content=\"China Import Beratung f\u00fcr den Einkauf aus China\" \/>\n<meta property=\"article:publisher\" content=\"https:\/\/www.facebook.com\/China.Import\" \/>\n<meta property=\"article:modified_time\" content=\"2023-01-27T04:21:38+00:00\" \/>\n<meta name=\"twitter:card\" content=\"summary_large_image\" \/>\n<meta name=\"twitter:site\" content=\"@agenturfrisch\" \/>\n<meta name=\"twitter:label1\" content=\"Tiempo de lectura\" \/>\n\t<meta name=\"twitter:data1\" content=\"9 minutos\" \/>\n<script type=\"application\/ld+json\" class=\"yoast-schema-graph\">{\"@context\":\"https:\/\/schema.org\",\"@graph\":[{\"@type\":\"WebPage\",\"@id\":\"https:\/\/ag-frisch.com\/es\/inspeccion-inicial-de-muestras\/\",\"url\":\"https:\/\/ag-frisch.com\/es\/inspeccion-inicial-de-muestras\/\",\"name\":\"Inspecci\u00f3n de muestras: Inspecci\u00f3n de muestras para la importaci\u00f3n a China\",\"isPartOf\":{\"@id\":\"https:\/\/ag-frisch.com\/de\/#website\"},\"datePublished\":\"2021-10-25T20:00:55+00:00\",\"dateModified\":\"2023-01-27T04:21:38+00:00\",\"description\":\"Inspecci\u00f3n de muestras en China importaci\u00f3n \u25ba Inspecci\u00f3n profesional de muestras directamente en China \u2714 Muebles \u2714 Maquinaria \u2714 Veh\u00edculos \u25ba \u00a1Haga inspeccionar muestras ahora!\",\"breadcrumb\":{\"@id\":\"https:\/\/ag-frisch.com\/es\/inspeccion-inicial-de-muestras\/#breadcrumb\"},\"inLanguage\":\"es\",\"potentialAction\":[{\"@type\":\"ReadAction\",\"target\":[\"https:\/\/ag-frisch.com\/es\/inspeccion-inicial-de-muestras\/\"]}]},{\"@type\":\"BreadcrumbList\",\"@id\":\"https:\/\/ag-frisch.com\/es\/inspeccion-inicial-de-muestras\/#breadcrumb\",\"itemListElement\":[{\"@type\":\"ListItem\",\"position\":1,\"name\":\"Startseite\",\"item\":\"https:\/\/ag-frisch.com\/de\/\"},{\"@type\":\"ListItem\",\"position\":2,\"name\":\"Inspecci\u00f3n inicial de muestras\"}]},{\"@type\":\"WebSite\",\"@id\":\"https:\/\/ag-frisch.com\/de\/#website\",\"url\":\"https:\/\/ag-frisch.com\/de\/\",\"name\":\"China Import Beratung f\u00fcr den Einkauf aus China\",\"description\":\"China Import &amp; Export Beratung - Der Dienstleister Ihres Vertrauens f\u00fcr Ihren China Import\",\"publisher\":{\"@id\":\"https:\/\/ag-frisch.com\/de\/#organization\"},\"potentialAction\":[{\"@type\":\"SearchAction\",\"target\":{\"@type\":\"EntryPoint\",\"urlTemplate\":\"https:\/\/ag-frisch.com\/de\/?s={search_term_string}\"},\"query-input\":{\"@type\":\"PropertyValueSpecification\",\"valueRequired\":true,\"valueName\":\"search_term_string\"}}],\"inLanguage\":\"es\"},{\"@type\":\"Organization\",\"@id\":\"https:\/\/ag-frisch.com\/de\/#organization\",\"name\":\"Agentur Frisch International Consulting GmbH & Co. KG\",\"url\":\"https:\/\/ag-frisch.com\/de\/\",\"logo\":{\"@type\":\"ImageObject\",\"inLanguage\":\"es\",\"@id\":\"https:\/\/ag-frisch.com\/de\/#\/schema\/logo\/image\/\",\"url\":\"https:\/\/ag-frisch.com\/wp-content\/uploads\/2021\/08\/ag_logo_rgb_300_small.png\",\"contentUrl\":\"https:\/\/ag-frisch.com\/wp-content\/uploads\/2021\/08\/ag_logo_rgb_300_small.png\",\"width\":153,\"height\":102,\"caption\":\"Agentur Frisch International Consulting GmbH & Co. KG\"},\"image\":{\"@id\":\"https:\/\/ag-frisch.com\/de\/#\/schema\/logo\/image\/\"},\"sameAs\":[\"https:\/\/www.facebook.com\/China.Import\",\"https:\/\/x.com\/agenturfrisch\"]}]}<\/script>\n<!-- \/ Yoast SEO plugin. -->","yoast_head_json":{"title":"Inspecci\u00f3n de muestras: Inspecci\u00f3n de muestras para la importaci\u00f3n a China","description":"Inspecci\u00f3n de muestras en China importaci\u00f3n \u25ba Inspecci\u00f3n profesional de muestras directamente en China \u2714 Muebles \u2714 Maquinaria \u2714 Veh\u00edculos \u25ba \u00a1Haga inspeccionar muestras ahora!","robots":{"index":"index","follow":"follow","max-snippet":"max-snippet:-1","max-image-preview":"max-image-preview:large","max-video-preview":"max-video-preview:-1"},"canonical":"https:\/\/ag-frisch.com\/es\/inspeccion-inicial-de-muestras\/","og_locale":"es_ES","og_type":"article","og_title":"Inspecci\u00f3n de muestras: Inspecci\u00f3n de muestras para la importaci\u00f3n a China","og_description":"Inspecci\u00f3n de muestras en China importaci\u00f3n \u25ba Inspecci\u00f3n profesional de muestras directamente en China \u2714 Muebles \u2714 Maquinaria \u2714 Veh\u00edculos \u25ba \u00a1Haga inspeccionar muestras ahora!","og_url":"https:\/\/ag-frisch.com\/es\/inspeccion-inicial-de-muestras\/","og_site_name":"China Import Beratung f\u00fcr den Einkauf aus China","article_publisher":"https:\/\/www.facebook.com\/China.Import","article_modified_time":"2023-01-27T04:21:38+00:00","twitter_card":"summary_large_image","twitter_site":"@agenturfrisch","twitter_misc":{"Tiempo de lectura":"9 minutos"},"schema":{"@context":"https:\/\/schema.org","@graph":[{"@type":"WebPage","@id":"https:\/\/ag-frisch.com\/es\/inspeccion-inicial-de-muestras\/","url":"https:\/\/ag-frisch.com\/es\/inspeccion-inicial-de-muestras\/","name":"Inspecci\u00f3n de muestras: Inspecci\u00f3n de muestras para la importaci\u00f3n a China","isPartOf":{"@id":"https:\/\/ag-frisch.com\/de\/#website"},"datePublished":"2021-10-25T20:00:55+00:00","dateModified":"2023-01-27T04:21:38+00:00","description":"Inspecci\u00f3n de muestras en China importaci\u00f3n \u25ba Inspecci\u00f3n profesional de muestras directamente en China \u2714 Muebles \u2714 Maquinaria \u2714 Veh\u00edculos \u25ba \u00a1Haga inspeccionar muestras ahora!","breadcrumb":{"@id":"https:\/\/ag-frisch.com\/es\/inspeccion-inicial-de-muestras\/#breadcrumb"},"inLanguage":"es","potentialAction":[{"@type":"ReadAction","target":["https:\/\/ag-frisch.com\/es\/inspeccion-inicial-de-muestras\/"]}]},{"@type":"BreadcrumbList","@id":"https:\/\/ag-frisch.com\/es\/inspeccion-inicial-de-muestras\/#breadcrumb","itemListElement":[{"@type":"ListItem","position":1,"name":"Startseite","item":"https:\/\/ag-frisch.com\/de\/"},{"@type":"ListItem","position":2,"name":"Inspecci\u00f3n inicial de muestras"}]},{"@type":"WebSite","@id":"https:\/\/ag-frisch.com\/de\/#website","url":"https:\/\/ag-frisch.com\/de\/","name":"China Import Beratung f\u00fcr den Einkauf aus China","description":"China Import &amp; Export Beratung - Der Dienstleister Ihres Vertrauens f\u00fcr Ihren China Import","publisher":{"@id":"https:\/\/ag-frisch.com\/de\/#organization"},"potentialAction":[{"@type":"SearchAction","target":{"@type":"EntryPoint","urlTemplate":"https:\/\/ag-frisch.com\/de\/?s={search_term_string}"},"query-input":{"@type":"PropertyValueSpecification","valueRequired":true,"valueName":"search_term_string"}}],"inLanguage":"es"},{"@type":"Organization","@id":"https:\/\/ag-frisch.com\/de\/#organization","name":"Agentur Frisch International Consulting GmbH & Co. KG","url":"https:\/\/ag-frisch.com\/de\/","logo":{"@type":"ImageObject","inLanguage":"es","@id":"https:\/\/ag-frisch.com\/de\/#\/schema\/logo\/image\/","url":"https:\/\/ag-frisch.com\/wp-content\/uploads\/2021\/08\/ag_logo_rgb_300_small.png","contentUrl":"https:\/\/ag-frisch.com\/wp-content\/uploads\/2021\/08\/ag_logo_rgb_300_small.png","width":153,"height":102,"caption":"Agentur Frisch International Consulting GmbH & Co. KG"},"image":{"@id":"https:\/\/ag-frisch.com\/de\/#\/schema\/logo\/image\/"},"sameAs":["https:\/\/www.facebook.com\/China.Import","https:\/\/x.com\/agenturfrisch"]}]}},"_links":{"self":[{"href":"https:\/\/ag-frisch.com\/es\/wp-json\/wp\/v2\/pages\/10489","targetHints":{"allow":["GET"]}}],"collection":[{"href":"https:\/\/ag-frisch.com\/es\/wp-json\/wp\/v2\/pages"}],"about":[{"href":"https:\/\/ag-frisch.com\/es\/wp-json\/wp\/v2\/types\/page"}],"author":[{"embeddable":true,"href":"https:\/\/ag-frisch.com\/es\/wp-json\/wp\/v2\/users\/2"}],"replies":[{"embeddable":true,"href":"https:\/\/ag-frisch.com\/es\/wp-json\/wp\/v2\/comments?post=10489"}],"version-history":[{"count":0,"href":"https:\/\/ag-frisch.com\/es\/wp-json\/wp\/v2\/pages\/10489\/revisions"}],"wp:attachment":[{"href":"https:\/\/ag-frisch.com\/es\/wp-json\/wp\/v2\/media?parent=10489"}],"curies":[{"name":"wp","href":"https:\/\/api.w.org\/{rel}","templated":true}]}}