{"id":10552,"date":"2021-11-07T19:14:02","date_gmt":"2021-11-07T18:14:02","guid":{"rendered":"https:\/\/ag-frisch.com\/importacion-de-china-2\/"},"modified":"2023-01-27T05:22:17","modified_gmt":"2023-01-27T04:22:17","slug":"importacion-de-china-2","status":"publish","type":"page","link":"https:\/\/ag-frisch.com\/es\/importacion-de-china-2\/","title":{"rendered":"Importaci\u00f3n de China"},"content":{"rendered":"<p>[et_pb_section fb_built=&#8221;1&#8243; _builder_version=&#8221;4.16&#8243; _module_preset=&#8221;default&#8221; global_colors_info=&#8221;{}&#8221;][et_pb_row _builder_version=&#8221;4.16&#8243; _module_preset=&#8221;default&#8221; global_colors_info=&#8221;{}&#8221;][et_pb_column type=&#8221;4_4&#8243; _builder_version=&#8221;4.16&#8243; _module_preset=&#8221;default&#8221; global_colors_info=&#8221;{}&#8221;][et_pb_cta title=&#8221;Importaci\u00f3n de China&#8221; button_url=&#8221;https:\/\/ag-frisch.com\/es\/contacte-con\/&#8221; button_text=&#8221;Importar de China ahora con Import China Pros&#8221; _builder_version=&#8221;4.18.1&#8243; _module_preset=&#8221;default&#8221; global_colors_info=&#8221;{}&#8221;]<\/p>\n<p>Los profesionales de Agentur Frisch le ayudar\u00e1n a importar de China.  <\/p>\n<p>[\/et_pb_cta][et_pb_text _builder_version=&#8221;4.16&#8243; _module_preset=&#8221;default&#8221; global_colors_info=&#8221;{}&#8221;]<\/p>\n<div class=\"et_post_meta_wrapper\">\n<h1 class=\"entry-title\">Importaci\u00f3n de China<\/h1>\n<\/div>\n<div class=\"entry-content\">\n<p>Si se hace bien, importar de China puede casi con toda seguridad reducir sus costes, darle una posici\u00f3n en el mercado y consolidarla, adem\u00e1s de introducirle en el negocio de las compras en l\u00ednea.<br \/>El truco est\u00e1 en saber c\u00f3mo. Lo anterior suena muy bien y tentador, pero si no entiendes y sigues cada detalle del proceso empresarial, puede llevarte r\u00e1pidamente a sorpresas desagradables y costes ocultos. Al fin y al cabo, estos costes no favorecen su objetivo final real de aumentar su volumen de negocio. Como en todas las empresas, el asesoramiento est\u00e1 a la orden del d\u00eda cuando se trata de comprar en China. Los acuerdos comerciales est\u00e1n estrictamente regulados y sujetos a la Norma Europea-Asi\u00e1tica.<\/p>\n<p>Tampoco hay que subestimar la barrera ling\u00fc\u00edstica. China no es un socio comercial al que se pueda llamar si algo va mal. &#8211; A menos que domines varios dialectos chinos. La comunicaci\u00f3n en ingl\u00e9s suele ser accidentada y no perfectamente comprensible.<br \/>Sin duda, la distancia conlleva riesgos y, sobre todo, en lo que respecta al control de calidad, apenas tiene oportunidad de comprobar si recibe lo que ha pedido.<br \/>Para evitar estos u otros problemas, en Alemania se han creado organizaciones que disponen de los conocimientos t\u00e9cnicos, jur\u00eddicos y comerciales necesarios con los pa\u00edses asi\u00e1ticos, para que su<span> <\/span><a href=\"http:\/\/www.ag-frisch.de\/\">Importaci\u00f3n de China<\/a><span> <\/span>ser\u00e1 un \u00e9xito.<br \/>Un refr\u00e1n com\u00fan dice: &#8220;En la compra est\u00e1 el beneficio&#8221;.<br \/>En un mundo cada vez m\u00e1s unido, con mayor competencia y con un \u00fanico objetivo: impulsar el capitalismo, la gesti\u00f3n de compras es algo m\u00e1s que una palabra de moda. Para aumentar el volumen de negocio, lo mejor es reducir los costes. Parece sencillo, \u00bfverdad?<br \/>El comercio con China no es un acuerdo que suceda &#8220;misteriosamente de la noche a la ma\u00f1ana&#8221;, sino que requiere muchos pasos individuales que deben coordinarse cuidadosamente.<br \/>He aqu\u00ed otra palabra de moda: el &#8220;h\u00e1galo usted mismo&#8221; importado de China. Mucha gente parte de la idea (equivocada) de que hoy vas a una feria, encuentras un producto atractivo, a un precio a\u00fan m\u00e1s atractivo, encuentras un proveedor, firmas un contrato y ma\u00f1ana ser\u00e1s un importador de \u00e9xito de productos comerciales chinos. Probablemente no saldr\u00e1 bien y la compra a China que se supon\u00eda iba a ser una innovaci\u00f3n y a levantar sus ventas ser\u00e1 una experiencia decepcionante, frustrante y cara. Quiz\u00e1 incluso con un contrato del que no puedas salirte tan r\u00e1pido.<br \/>Una de las mayores &#8220;trampas&#8221; con las que te puedes encontrar cuando &#8220;compras por tu cuenta&#8221; desde China es que te falte una referencia de Alemania.<br \/>S\u00f3lo uno de los muchos ejemplos: Usted env\u00eda a un empleado a China en busca del proveedor adecuado para el producto que necesita. La barrera ling\u00fc\u00edstica es tan grande que es probable que su empleado y el proveedor nunca lleguen a encontrarse. E incluso si proveedor y solicitante se encuentran, dicho proveedor es pagado por otros proveedores. La probabilidad de que su proveedor elija al comerciante que mejor le pague no es remota. O bien, el proveedor cede su negocio a un amigo que le ofrece un precio m\u00e1s bajo, pero usted pierde en calidad.<br \/>En ambos casos, incurrir\u00e1 en costes: gastos de viaje y, posiblemente, baja calidad. &#8211; Costes que tiene que repercutir a sus clientes para seguir en el negocio, y que posiblemente pague siendo menos competitivo. Noches de insomnio que nadie elige voluntariamente.<br \/>Le aconsejamos encarecidamente que empiece sus medidas de reducci\u00f3n de costes recurriendo a los servicios de una agencia que conozca al dedillo los fundamentos pr\u00e1cticos y pueda proporcionarle ayuda pr\u00e1ctica.<\/p>\n<p>\u00bfQu\u00e9 puede hacer una agencia por su empresa e importar de China?<\/p>\n<ul>\n<li>Encontrar un proveedor adecuado. &#8211; Versatilidad en varios idiomas, muchos a\u00f1os de experiencia en la importaci\u00f3n desde China, socios comerciales fiables y de larga trayectoria, con sedes en Alemania y China.<\/li>\n<li>Auditor\u00eda de proveedores: cualificaci\u00f3n de proveedores<\/li>\n<li>Apoyo en todos los pasos para un comercio exitoso con China para ahorrarle dinero y tiempo<\/li>\n<li>Algunas agencias ofrecen apoyo exclusivo, lo que significa que usted trabaja \u00fanicamente con su empresa<\/li>\n<li>Usted se beneficia de los conocimientos de la agencia sin que \u00e9sta sea un competidor para usted.<\/li>\n<li>Externalizaci\u00f3n de las compras<\/li>\n<li>Control de calidad<\/li>\n<li>Negociaci\u00f3n de contratos marco, para que pueda hacer pedidos regulares en el futuro.<\/li>\n<li>Estrategia de divisas: \u00bfpago en euros o en d\u00f3lares? \u00bfQu\u00e9 cizallas hay disponibles?<\/li>\n<li>Revisi\u00f3n de costes &#8211; Los precios de compra se revisan y mejoran peri\u00f3dicamente para alcanzar objetivos reales.<\/li>\n<li>Estudio de mercado: an\u00e1lisis de datos para identificar los mercados de contrataci\u00f3n pertinentes.<\/li>\n<li>Optimizaci\u00f3n aduanera: \u00bfqu\u00e9 posibilidades jur\u00eddicas ofrece la UE para reducir los derechos de aduana?<\/li>\n<li>Desarrollo de proveedores: formaci\u00f3n espec\u00edfica in situ, intercambio de experiencias, equipos de prueba<\/li>\n<li>Supervisi\u00f3n de los procesos de producci\u00f3n, tanto in situ como verbalmente<\/li>\n<li>Viajes a ferias y visitas a proveedores: externalice las \u00faltimas tendencias de su sector<\/li>\n<li>Aceptaci\u00f3n de mercanc\u00edas: inspecci\u00f3n in situ de la correcci\u00f3n de sus mercanc\u00edas con posibles controles aleatorios independientes.<\/li>\n<li>IOP Setup &#8211; Entrada de la marca en China a trav\u00e9s de una oficina de compras especializada en China, empezando por las negociaciones, hasta el proceso de establecimiento.<\/li>\n<li>Creaci\u00f3n de contactos de los servicios de RRHH<\/li>\n<li>Configuraci\u00f3n de la cadena de suministro &#8211; Creaci\u00f3n de una red de proveedoresSin duda, importar de China puede reducir sus costes,<\/li>\n<\/ul>\n<p>Puede establecer una posici\u00f3n en el mercado y ampliarla, as\u00ed como entrar en el negocio de las compras en l\u00ednea.<br \/>El truco est\u00e1 en saber c\u00f3mo. Lo anterior suena muy bien y tentador, pero si no entiendes y sigues cada detalle del proceso empresarial, puede llevarte r\u00e1pidamente a sorpresas desagradables y costes ocultos. Al fin y al cabo, estos costes no favorecen su objetivo final real de aumentar su volumen de negocio. Como en todas las empresas, el asesoramiento est\u00e1 a la orden del d\u00eda cuando se trata de comprar en China. Los acuerdos comerciales est\u00e1n estrictamente regulados y sujetos a la Norma Europea-Asi\u00e1tica.<br \/>Tampoco hay que subestimar la barrera ling\u00fc\u00edstica. China no es un socio comercial al que se pueda llamar si algo va mal. &#8211; Sin duda, la distancia conlleva riesgos y, sobre todo en lo que se refiere al control de calidad, usted tiene pocas posibilidades de verificar que est\u00e1 recibiendo lo que ha pedido.Para evitar estos u otros problemas, en Alemania se han creado organizaciones que cuentan con los conocimientos t\u00e9cnicos, jur\u00eddicos y la experiencia comercial con pa\u00edses asi\u00e1ticos, de modo que incluso su<span> <\/span><a href=\"http:\/\/www.ag-frisch.de\/\">Importaci\u00f3n de China<\/a><span> <\/span>ser\u00e1 un \u00e9xito.<\/p>\n<\/div>\n<p>[\/et_pb_text][\/et_pb_column][\/et_pb_row][\/et_pb_section][et_pb_section fb_built=&#8221;1&#8243; admin_label=&#8221;Testimonials&#8221; _builder_version=&#8221;4.16&#8243; use_background_color_gradient=&#8221;on&#8221; background_color_gradient_stops=&#8221;rgba(0,106,156,0.85) 0%|rgba(0,106,156,0.85) 100%&#8221; background_color_gradient_start=&#8221;rgba(0,106,156,0.85)&#8221; background_color_gradient_end=&#8221;rgba(0,106,156,0.85)&#8221; custom_padding=&#8221;90px||60px|&#8221; animation_style=&#8221;fold&#8221; animation_direction=&#8221;bottom&#8221; animation_intensity_fold=&#8221;4%&#8221; global_colors_info=&#8221;{}&#8221;][et_pb_row _builder_version=&#8221;4.16&#8243; background_size=&#8221;initial&#8221; background_position=&#8221;top_left&#8221; background_repeat=&#8221;repeat&#8221; custom_width_px=&#8221;710px&#8221; locked=&#8221;off&#8221; global_colors_info=&#8221;{}&#8221;][et_pb_column type=&#8221;4_4&#8243; _builder_version=&#8221;4.16&#8243; background_position=&#8221;top_left&#8221; custom_padding=&#8221;|||&#8221; global_colors_info=&#8221;{}&#8221; custom_padding__hover=&#8221;|||&#8221;][et_pb_text admin_label=&#8221;Testimonials Section Title&#8221; _builder_version=&#8221;4.16&#8243; header_font=&#8221;Montserrat||||&#8221; header_font_size=&#8221;36px&#8221; background_size=&#8221;initial&#8221; background_position=&#8221;top_left&#8221; background_repeat=&#8221;repeat&#8221; text_orientation=&#8221;center&#8221; background_layout=&#8221;dark&#8221; max_width=&#8221;710px&#8221; module_alignment=&#8221;center&#8221; animation_style=&#8221;fold&#8221; animation_direction=&#8221;bottom&#8221; animation_intensity_fold=&#8221;20%&#8221; global_colors_info=&#8221;{}&#8221;]<\/p>\n<h1>M\u00e1s de 5000 clientes satisfechos.<\/h1>\n<p>&nbsp;<\/p>\n<p>[\/et_pb_text][et_pb_divider color=&#8221;#ffffff&#8221; divider_weight=&#8221;3px&#8221; disabled_on=&#8221;off|off|off&#8221; _builder_version=&#8221;4.16&#8243; background_color_gradient_direction=&#8221;90deg&#8221; max_width=&#8221;100px&#8221; module_alignment=&#8221;center&#8221; height=&#8221;5px&#8221; custom_margin=&#8221;||20px|&#8221; custom_padding=&#8221;||20px|&#8221; animation_style=&#8221;slide&#8221; animation_direction=&#8221;bottom&#8221; saved_tabs=&#8221;all&#8221; locked=&#8221;off&#8221; global_colors_info=&#8221;{}&#8221;][\/et_pb_divider][\/et_pb_column][\/et_pb_row][et_pb_row column_structure=&#8221;1_2,1_2&#8243; _builder_version=&#8221;4.18.1&#8243; _module_preset=&#8221;default&#8221; global_colors_info=&#8221;{}&#8221;][et_pb_column type=&#8221;1_2&#8243; _builder_version=&#8221;4.18.1&#8243; _module_preset=&#8221;default&#8221; global_colors_info=&#8221;{}&#8221;][et_pb_testimonial author=&#8221;Marco&#8221; portrait_url=&#8221;https:\/\/ag-frisch.com\/wp-content\/uploads\/2021\/08\/Harald.png&#8221; quote_icon=&#8221;off&#8221; _builder_version=&#8221;4.18.1&#8243; _module_preset=&#8221;default&#8221; body_font_size=&#8221;16px&#8221; use_background_color=&#8221;off&#8221; background_layout=&#8221;dark&#8221; global_colors_info=&#8221;{}&#8221;]Encargu\u00e9 a la Agencia Frisch la fabricaci\u00f3n de un gran mueble en China y su posterior traslado a Alemania. La comunicaci\u00f3n por correo fue fluida en todo momento. Las respuestas, muy r\u00e1pidas y fiables, me dieron constantemente las seguridades indispensables en una empresa de este tipo. Me ayudaron en todo momento a atravesar la jungla burocr\u00e1tica y no se me olvid\u00f3 ning\u00fan formulario ni lo rellen\u00e9 incorrectamente. \u00a1Muy loable!<a href=\"&lt;div%20class=%22pe-richsnippets%22&gt;&nbsp;&lt;\/div&gt;%20&lt;script%20type=%22text\/javascript%22%20src=%22https:\/\/www.provenexpert.com\/widget\/richsnippet.js?u=1NUA0VwZ4RUZ5tmAi5zA4RaplNKAlWwZ&amp;v=2%22%20async&gt;&lt;\/script&gt;%20&lt;div%20style=%22text-align:%20justify;%22&gt;&lt;br%20\/&gt;\"><\/a><\/p>\n<div class=\"brow ratingBarMargin\">\n<div class=\"ratingBar\">\n<div class=\"brow\">\n<div class=\"pe-richsnippets\">&nbsp;<\/div>\n<p><script type=\"text\/javascript\" src=\"https:\/\/www.provenexpert.com\/widget\/richsnippet.js?u=1NUA0VwZ4RUZ5tmAi5zA4RaplNKAlWwZ&amp;v=2\" async=\"\"><\/script><\/p>\n<div style=\"text-align: justify;\"><\/p>\n<div class=\"col-lg-9 col-md-8 col-xs-10 mt20 mb20\">\n<div class=\"col-xs-12 surveyNameForRating\"><\/div>\n<\/div>\n<\/div>\n<\/div>\n<\/div>\n<\/div>\n<p>[\/et_pb_testimonial][\/et_pb_column][et_pb_column type=&#8221;1_2&#8243; _builder_version=&#8221;4.18.1&#8243; _module_preset=&#8221;default&#8221; global_colors_info=&#8221;{}&#8221;][et_pb_testimonial author=&#8221;Simone L.&#8221; portrait_url=&#8221;https:\/\/ag-frisch.com\/wp-content\/uploads\/2021\/08\/Harald.png&#8221; quote_icon=&#8221;off&#8221; _builder_version=&#8221;4.18.1&#8243; _module_preset=&#8221;default&#8221; body_font_size=&#8221;16px&#8221; use_background_color=&#8221;off&#8221; background_layout=&#8221;dark&#8221; global_colors_info=&#8221;{}&#8221;]<\/p>\n<p>Todo arriba. No hay nada mejor que esto. El asesoramiento y la aplicaci\u00f3n no pueden hacerse mejor. Estamos m\u00e1s que satisfechos despu\u00e9s de varios pedidos con esta empresa y continuamos nuestra cooperaci\u00f3n.<\/p>\n<div class=\"brow ratingBarMargin\">\n<div class=\"ratingBar\">\n<div class=\"brow\">\n<div class=\"pe-richsnippets\"> <\/div>\n<p>\n<script type=\"text\/javascript\" src=\"https:\/\/www.provenexpert.com\/widget\/richsnippet.js?u=1NUA0VwZ4RUZ5tmAi5zA4RaplNKAlWwZ&amp;v=2\" async=\"\"><\/script>\n<\/p>\n<div style=\"text-align: justify;\">\n<p>&nbsp;<\/p>\n<div class=\"col-lg-9 col-md-8 col-xs-10 mt20 mb20\">\n<div class=\"col-xs-12 surveyNameForRating\"><\/div>\n<\/div>\n<\/div>\n<\/div>\n<\/div>\n<\/div>\n<p>[\/et_pb_testimonial][\/et_pb_column][\/et_pb_row][et_pb_row _builder_version=&#8221;4.16&#8243; background_size=&#8221;initial&#8221; background_position=&#8221;top_left&#8221; background_repeat=&#8221;repeat&#8221; custom_padding=&#8221;50px|0px|30px|0px&#8221; custom_css_main_element=&#8221;text-align: center;&#8221; global_colors_info=&#8221;{}&#8221;][et_pb_column type=&#8221;4_4&#8243; _builder_version=&#8221;4.16&#8243; custom_padding=&#8221;|||&#8221; global_colors_info=&#8221;{}&#8221; custom_padding__hover=&#8221;|||&#8221;][et_pb_button button_url=&#8221;https:\/\/www.provenexpert.com\/de-de\/agentur-frisch-international-consulting-gmbh-und-co-kg\/&#8221; button_text=&#8221;M\u00c1S VALORACIONES&#8221; button_alignment=&#8221;left&#8221; admin_label=&#8221;Testimonial Button&#8221; _builder_version=&#8221;4.16&#8243; custom_button=&#8221;on&#8221; button_text_size=&#8221;18px&#8221; button_text_color=&#8221;#ffffff&#8221; button_bg_color=&#8221;#6eba01&#8243; button_border_width=&#8221;2px&#8221; button_border_color=&#8221;#6eba01&#8243; button_border_radius=&#8221;0px&#8221; button_letter_spacing=&#8221;2px&#8221; button_font=&#8221;Montserrat|||on|&#8221; button_use_icon=&#8221;off&#8221; animation_style=&#8221;fold&#8221; animation_direction=&#8221;bottom&#8221; button_text_color_hover=&#8221;#ffffff&#8221; button_border_color_hover=&#8221;#ffffff&#8221; button_border_radius_hover=&#8221;0px&#8221; button_letter_spacing_hover=&#8221;2px&#8221; button_bg_color_hover=&#8221;rgba(255,255,255,0)&#8221; locked=&#8221;off&#8221; global_colors_info=&#8221;{}&#8221; button_text_size__hover_enabled=&#8221;off&#8221; button_one_text_size__hover_enabled=&#8221;off&#8221; button_two_text_size__hover_enabled=&#8221;off&#8221; button_text_color__hover_enabled=&#8221;on&#8221; button_text_color__hover=&#8221;#ffffff&#8221; button_one_text_color__hover_enabled=&#8221;off&#8221; button_two_text_color__hover_enabled=&#8221;off&#8221; button_border_width__hover_enabled=&#8221;off&#8221; button_one_border_width__hover_enabled=&#8221;off&#8221; button_two_border_width__hover_enabled=&#8221;off&#8221; button_border_color__hover_enabled=&#8221;on&#8221; button_border_color__hover=&#8221;#ffffff&#8221; button_one_border_color__hover_enabled=&#8221;off&#8221; button_two_border_color__hover_enabled=&#8221;off&#8221; button_border_radius__hover_enabled=&#8221;on&#8221; button_border_radius__hover=&#8221;0px&#8221; button_one_border_radius__hover_enabled=&#8221;off&#8221; button_two_border_radius__hover_enabled=&#8221;off&#8221; button_letter_spacing__hover_enabled=&#8221;on&#8221; button_letter_spacing__hover=&#8221;2px&#8221; button_one_letter_spacing__hover_enabled=&#8221;off&#8221; button_two_letter_spacing__hover_enabled=&#8221;off&#8221; button_bg_color__hover_enabled=&#8221;on&#8221; button_bg_color__hover=&#8221;rgba(255,255,255,0)&#8221; button_one_bg_color__hover_enabled=&#8221;off&#8221; button_two_bg_color__hover_enabled=&#8221;off&#8221;][\/et_pb_button][\/et_pb_column][\/et_pb_row][\/et_pb_section]<\/p>\n","protected":false},"excerpt":{"rendered":"<p>Los profesionales de Agentur Frisch le ayudar\u00e1n a importar de China. Importaci\u00f3n de China Si se hace bien, importar de China puede casi con toda seguridad reducir sus costes, darle una posici\u00f3n en el mercado y consolidarla, adem\u00e1s de introducirle en el negocio de las compras en l\u00ednea.El truco est\u00e1 en saber c\u00f3mo. Lo anterior [&hellip;]<\/p>\n","protected":false},"author":2,"featured_media":0,"parent":0,"menu_order":0,"comment_status":"closed","ping_status":"closed","template":"","meta":{"_et_pb_use_builder":"on","_et_pb_old_content":"","_et_gb_content_width":"","footnotes":""},"class_list":["post-10552","page","type-page","status-publish","hentry"],"yoast_head":"<!-- This site is optimized with the Yoast SEO plugin v27.4 - https:\/\/yoast.com\/product\/yoast-seo-wordpress\/ -->\n<title>Importar de China con el experto en importaciones de Extremo Oriente<\/title>\n<meta name=\"description\" content=\"Importa desde China \u25bb Importa como los propios profesionales \u2713 Servicio completo desde el principio \u2713 Pago seguro\u2713 Buena calidad\u25bb \u00a1Pregunta ahora al experto!\" \/>\n<meta name=\"robots\" content=\"index, follow, max-snippet:-1, max-image-preview:large, max-video-preview:-1\" \/>\n<link rel=\"canonical\" href=\"https:\/\/ag-frisch.com\/es\/importacion-de-china-2\/\" \/>\n<meta property=\"og:locale\" content=\"es_ES\" \/>\n<meta property=\"og:type\" content=\"article\" \/>\n<meta property=\"og:title\" content=\"Importar de China con el experto en importaciones de Extremo Oriente\" \/>\n<meta property=\"og:description\" content=\"Importa desde China \u25bb Importa como los propios profesionales \u2713 Servicio completo desde el principio \u2713 Pago seguro\u2713 Buena calidad\u25bb \u00a1Pregunta ahora al experto!\" \/>\n<meta property=\"og:url\" content=\"https:\/\/ag-frisch.com\/es\/importacion-de-china-2\/\" \/>\n<meta property=\"og:site_name\" content=\"China Import Beratung f\u00fcr den Einkauf aus China\" \/>\n<meta property=\"article:publisher\" content=\"https:\/\/www.facebook.com\/China.Import\" \/>\n<meta property=\"article:modified_time\" content=\"2023-01-27T04:22:17+00:00\" \/>\n<meta name=\"twitter:card\" content=\"summary_large_image\" \/>\n<meta name=\"twitter:site\" content=\"@agenturfrisch\" \/>\n<meta name=\"twitter:label1\" content=\"Tiempo de lectura\" \/>\n\t<meta name=\"twitter:data1\" content=\"10 minutos\" \/>\n<script type=\"application\/ld+json\" class=\"yoast-schema-graph\">{\"@context\":\"https:\\\/\\\/schema.org\",\"@graph\":[{\"@type\":\"WebPage\",\"@id\":\"https:\\\/\\\/ag-frisch.com\\\/es\\\/importacion-de-china-2\\\/\",\"url\":\"https:\\\/\\\/ag-frisch.com\\\/es\\\/importacion-de-china-2\\\/\",\"name\":\"Importar de China con el experto en importaciones de Extremo Oriente\",\"isPartOf\":{\"@id\":\"https:\\\/\\\/ag-frisch.com\\\/de\\\/#website\"},\"datePublished\":\"2021-11-07T18:14:02+00:00\",\"dateModified\":\"2023-01-27T04:22:17+00:00\",\"description\":\"Importa desde China \u25bb Importa como los propios profesionales \u2713 Servicio completo desde el principio \u2713 Pago seguro\u2713 Buena calidad\u25bb \u00a1Pregunta ahora al experto!\",\"breadcrumb\":{\"@id\":\"https:\\\/\\\/ag-frisch.com\\\/es\\\/importacion-de-china-2\\\/#breadcrumb\"},\"inLanguage\":\"es\",\"potentialAction\":[{\"@type\":\"ReadAction\",\"target\":[\"https:\\\/\\\/ag-frisch.com\\\/es\\\/importacion-de-china-2\\\/\"]}]},{\"@type\":\"BreadcrumbList\",\"@id\":\"https:\\\/\\\/ag-frisch.com\\\/es\\\/importacion-de-china-2\\\/#breadcrumb\",\"itemListElement\":[{\"@type\":\"ListItem\",\"position\":1,\"name\":\"Startseite\",\"item\":\"https:\\\/\\\/ag-frisch.com\\\/de\\\/\"},{\"@type\":\"ListItem\",\"position\":2,\"name\":\"Importaci\u00f3n de China\"}]},{\"@type\":\"WebSite\",\"@id\":\"https:\\\/\\\/ag-frisch.com\\\/de\\\/#website\",\"url\":\"https:\\\/\\\/ag-frisch.com\\\/de\\\/\",\"name\":\"China Import Beratung f\u00fcr den Einkauf aus China\",\"description\":\"China Import &amp; Export Beratung - Der Dienstleister Ihres Vertrauens f\u00fcr Ihren China Import\",\"publisher\":{\"@id\":\"https:\\\/\\\/ag-frisch.com\\\/de\\\/#organization\"},\"potentialAction\":[{\"@type\":\"SearchAction\",\"target\":{\"@type\":\"EntryPoint\",\"urlTemplate\":\"https:\\\/\\\/ag-frisch.com\\\/de\\\/?s={search_term_string}\"},\"query-input\":{\"@type\":\"PropertyValueSpecification\",\"valueRequired\":true,\"valueName\":\"search_term_string\"}}],\"inLanguage\":\"es\"},{\"@type\":\"Organization\",\"@id\":\"https:\\\/\\\/ag-frisch.com\\\/de\\\/#organization\",\"name\":\"Agentur Frisch International Consulting GmbH & Co. KG\",\"url\":\"https:\\\/\\\/ag-frisch.com\\\/de\\\/\",\"logo\":{\"@type\":\"ImageObject\",\"inLanguage\":\"es\",\"@id\":\"https:\\\/\\\/ag-frisch.com\\\/de\\\/#\\\/schema\\\/logo\\\/image\\\/\",\"url\":\"https:\\\/\\\/ag-frisch.com\\\/wp-content\\\/uploads\\\/2021\\\/08\\\/ag_logo_rgb_300_small.png\",\"contentUrl\":\"https:\\\/\\\/ag-frisch.com\\\/wp-content\\\/uploads\\\/2021\\\/08\\\/ag_logo_rgb_300_small.png\",\"width\":153,\"height\":102,\"caption\":\"Agentur Frisch International Consulting GmbH & Co. KG\"},\"image\":{\"@id\":\"https:\\\/\\\/ag-frisch.com\\\/de\\\/#\\\/schema\\\/logo\\\/image\\\/\"},\"sameAs\":[\"https:\\\/\\\/www.facebook.com\\\/China.Import\",\"https:\\\/\\\/x.com\\\/agenturfrisch\"]}]}<\/script>\n<!-- \/ Yoast SEO plugin. -->","yoast_head_json":{"title":"Importar de China con el experto en importaciones de Extremo Oriente","description":"Importa desde China \u25bb Importa como los propios profesionales \u2713 Servicio completo desde el principio \u2713 Pago seguro\u2713 Buena calidad\u25bb \u00a1Pregunta ahora al experto!","robots":{"index":"index","follow":"follow","max-snippet":"max-snippet:-1","max-image-preview":"max-image-preview:large","max-video-preview":"max-video-preview:-1"},"canonical":"https:\/\/ag-frisch.com\/es\/importacion-de-china-2\/","og_locale":"es_ES","og_type":"article","og_title":"Importar de China con el experto en importaciones de Extremo Oriente","og_description":"Importa desde China \u25bb Importa como los propios profesionales \u2713 Servicio completo desde el principio \u2713 Pago seguro\u2713 Buena calidad\u25bb \u00a1Pregunta ahora al experto!","og_url":"https:\/\/ag-frisch.com\/es\/importacion-de-china-2\/","og_site_name":"China Import Beratung f\u00fcr den Einkauf aus China","article_publisher":"https:\/\/www.facebook.com\/China.Import","article_modified_time":"2023-01-27T04:22:17+00:00","twitter_card":"summary_large_image","twitter_site":"@agenturfrisch","twitter_misc":{"Tiempo de lectura":"10 minutos"},"schema":{"@context":"https:\/\/schema.org","@graph":[{"@type":"WebPage","@id":"https:\/\/ag-frisch.com\/es\/importacion-de-china-2\/","url":"https:\/\/ag-frisch.com\/es\/importacion-de-china-2\/","name":"Importar de China con el experto en importaciones de Extremo Oriente","isPartOf":{"@id":"https:\/\/ag-frisch.com\/de\/#website"},"datePublished":"2021-11-07T18:14:02+00:00","dateModified":"2023-01-27T04:22:17+00:00","description":"Importa desde China \u25bb Importa como los propios profesionales \u2713 Servicio completo desde el principio \u2713 Pago seguro\u2713 Buena calidad\u25bb \u00a1Pregunta ahora al experto!","breadcrumb":{"@id":"https:\/\/ag-frisch.com\/es\/importacion-de-china-2\/#breadcrumb"},"inLanguage":"es","potentialAction":[{"@type":"ReadAction","target":["https:\/\/ag-frisch.com\/es\/importacion-de-china-2\/"]}]},{"@type":"BreadcrumbList","@id":"https:\/\/ag-frisch.com\/es\/importacion-de-china-2\/#breadcrumb","itemListElement":[{"@type":"ListItem","position":1,"name":"Startseite","item":"https:\/\/ag-frisch.com\/de\/"},{"@type":"ListItem","position":2,"name":"Importaci\u00f3n de China"}]},{"@type":"WebSite","@id":"https:\/\/ag-frisch.com\/de\/#website","url":"https:\/\/ag-frisch.com\/de\/","name":"China Import Beratung f\u00fcr den Einkauf aus China","description":"China Import &amp; Export Beratung - Der Dienstleister Ihres Vertrauens f\u00fcr Ihren China Import","publisher":{"@id":"https:\/\/ag-frisch.com\/de\/#organization"},"potentialAction":[{"@type":"SearchAction","target":{"@type":"EntryPoint","urlTemplate":"https:\/\/ag-frisch.com\/de\/?s={search_term_string}"},"query-input":{"@type":"PropertyValueSpecification","valueRequired":true,"valueName":"search_term_string"}}],"inLanguage":"es"},{"@type":"Organization","@id":"https:\/\/ag-frisch.com\/de\/#organization","name":"Agentur Frisch International Consulting GmbH & Co. KG","url":"https:\/\/ag-frisch.com\/de\/","logo":{"@type":"ImageObject","inLanguage":"es","@id":"https:\/\/ag-frisch.com\/de\/#\/schema\/logo\/image\/","url":"https:\/\/ag-frisch.com\/wp-content\/uploads\/2021\/08\/ag_logo_rgb_300_small.png","contentUrl":"https:\/\/ag-frisch.com\/wp-content\/uploads\/2021\/08\/ag_logo_rgb_300_small.png","width":153,"height":102,"caption":"Agentur Frisch International Consulting GmbH & Co. KG"},"image":{"@id":"https:\/\/ag-frisch.com\/de\/#\/schema\/logo\/image\/"},"sameAs":["https:\/\/www.facebook.com\/China.Import","https:\/\/x.com\/agenturfrisch"]}]}},"_links":{"self":[{"href":"https:\/\/ag-frisch.com\/es\/wp-json\/wp\/v2\/pages\/10552","targetHints":{"allow":["GET"]}}],"collection":[{"href":"https:\/\/ag-frisch.com\/es\/wp-json\/wp\/v2\/pages"}],"about":[{"href":"https:\/\/ag-frisch.com\/es\/wp-json\/wp\/v2\/types\/page"}],"author":[{"embeddable":true,"href":"https:\/\/ag-frisch.com\/es\/wp-json\/wp\/v2\/users\/2"}],"replies":[{"embeddable":true,"href":"https:\/\/ag-frisch.com\/es\/wp-json\/wp\/v2\/comments?post=10552"}],"version-history":[{"count":0,"href":"https:\/\/ag-frisch.com\/es\/wp-json\/wp\/v2\/pages\/10552\/revisions"}],"wp:attachment":[{"href":"https:\/\/ag-frisch.com\/es\/wp-json\/wp\/v2\/media?parent=10552"}],"curies":[{"name":"wp","href":"https:\/\/api.w.org\/{rel}","templated":true}]}}