{"id":10595,"date":"2021-11-07T20:09:10","date_gmt":"2021-11-07T19:09:10","guid":{"rendered":"https:\/\/ag-frisch.com\/riesgos-de-las-importaciones-chinas-2\/"},"modified":"2023-01-27T05:23:00","modified_gmt":"2023-01-27T04:23:00","slug":"riesgos-de-las-importaciones-chinas-2","status":"publish","type":"page","link":"https:\/\/ag-frisch.com\/es\/riesgos-de-las-importaciones-chinas-2\/","title":{"rendered":"Riesgos de las importaciones chinas"},"content":{"rendered":"<p>[et_pb_section fb_built=&#8221;1&#8243; _builder_version=&#8221;4.9.10&#8243; _module_preset=&#8221;default&#8221;][et_pb_row _builder_version=&#8221;4.9.10&#8243; _module_preset=&#8221;default&#8221;][et_pb_column _builder_version=&#8221;4.9.10&#8243; _module_preset=&#8221;default&#8221; type=&#8221;4_4&#8243;][et_pb_text _builder_version=&#8221;4.9.10&#8243; _module_preset=&#8221;default&#8221; hover_enabled=&#8221;0&#8243; sticky_enabled=&#8221;0&#8243;]<\/p>\n<div class=\"et_post_meta_wrapper\">\n<h1 class=\"entry-title\">Existen varios riesgos al comprar en China<\/h1>\n<p>&nbsp;<\/p>\n<\/div>\n<div class=\"entry-content\">\n<h2><strong>Riesgos al comprar en China<\/strong><\/h2>\n<div id=\"textpreview\">La Rep\u00fablica Popular China es la mayor econom\u00eda del mundo y una naci\u00f3n emergente. China lleva tres d\u00e9cadas convirti\u00e9ndose en una potencia econ\u00f3mica. Los bajos costes de producci\u00f3n y los procesos de producci\u00f3n cada vez m\u00e1s eficaces hacen que el pa\u00eds sea muy interesante para los inversores y comerciantes extranjeros. Sin embargo, hay algunas cosas que hay que tener en cuenta al hacer negocios con empresas chinas. El sistema de valores de los chinos es muy diferente del de los europeos. Las formas de pensar y actuar de los chinos tambi\u00e9n son muy diferentes de las de los europeos. Y por \u00faltimo, los empresarios que mantengan o pretendan mantener relaciones comerciales con empresas chinas deben ser conscientes de que los chinos tienden a ser estrat\u00e9gicos.<\/div>\n<div><\/div>\n<div><\/div>\n<div><\/div>\n<div><a href=\"http:\/\/www.ag-frisch.de\/\"><img decoding=\"async\" alt=\"http:\/\/www.ag-frisch.de\/mastercontents\/kantfiles\/Neues%20Bild.PNG\" src=\"http:\/\/www.ag-frisch.de\/mastercontents\/kantfiles\/Neues%20Bild.PNG\"><\/a><\/div>\n<div><\/div>\n<div><\/div>\n<div><\/div>\n<div><\/div>\n<div><\/div>\n<div><strong>Riesgo al comprar en China<\/strong><br \/>La econom\u00eda china se caracteriza fuertemente por su propia din\u00e1mica, por lo que resulta opaca y ca\u00f3tica para muchos empresarios occidentales. Muchas empresas que compran en China siguen informando de nuevas dificultades para comprar a empresas chinas.<\/div>\n<div>Los contratos no tienen en China el mismo estatus que en Europa; los acuerdos contractuales se rompen constantemente para renegociar de nuevo ciertos puntos del contrato. Adem\u00e1s, la situaci\u00f3n econ\u00f3mica de muchas empresas chinas es muy inestable, lo que provoca el cierre de empresas de la noche a la ma\u00f1ana y el impago de pasivos. En tal caso, es muy dif\u00edcil para una empresa europea hacer valer sus derechos en China.<br \/>Tambi\u00e9n cabe esperar aumentos salariales repentinos, ya que la econom\u00eda china se est\u00e1 desarrollando muy r\u00e1pidamente, los procesos de producci\u00f3n tambi\u00e9n se optimizan constantemente, lo que tambi\u00e9n hace que los salarios aumenten de forma desproporcionada. Esto, a su vez, se refleja en los precios de venta de los productos.<\/div>\n<div><\/div>\n<div><\/div>\n<div><\/div>\n<div><strong>Comprar en China puede ser muy problem\u00e1tico y arriesgado<\/strong><\/div>\n<div>Otro problema es que no siempre se cumplen las normas de calidad. La calidad de un producto puede fluctuar mucho, lo que significa que los compradores tienen que preguntarse si pueden encontrar compradores para el bien en su mercado nacional.<\/div>\n<div>Es necesario llevar a cabo sus propios controles de calidad en el lugar de producci\u00f3n para garantizar que tambi\u00e9n se cumplen las normas de calidad acordadas.<\/div>\n<div>El transporte de mercanc\u00edas desde China es tambi\u00e9n muy arriesgado, ya que no se cumplen las normas de seguridad y no es raro que se da\u00f1en en tr\u00e1nsito. Otro riesgo al comprar en China es que se obtengan productos falsificados, lo que se castiga con fuertes multas como infracci\u00f3n de los derechos de autor.<br \/>Por lo tanto, se recomienda encarecidamente que, al hacer negocios con empresas chinas, se examine detenidamente la empresa respectiva.<\/div>\n<div><\/div>\n<div><\/div>\n<div><strong>Riesgos al importar productos chinos<\/strong><br \/>Los precios<span> <\/span><strong>Productos chinos<\/strong><span> <\/span>suelen ser muy tentadoras. Es precisamente aqu\u00ed donde los interesados deben preguntarse cu\u00e1l es el truco. A m\u00e1s tardar durante y sobre todo despu\u00e9s de la compra de tales productos, a menudo se comprueba que, despu\u00e9s de todo, no se ofrece la calidad deseada. En principio, esto puede deberse a dos motivos: en primer lugar, la mercanc\u00eda puede resultar da\u00f1ada por el largo trayecto de transporte y, en segundo lugar, la empresa no puede fabricar las piezas con la calidad deseada.<\/div>\n<div><\/div>\n<div>\n<p>En principio, existen tres posibilidades diferentes<span> <\/span><strong>Mercanc\u00edas de China a Alemania<\/strong><span> <\/span>para transportar, pero normalmente s\u00f3lo se utilizan dos de ellos. Ni la v\u00eda terrestre ni el transporte en avi\u00f3n son los m\u00e9todos habituales. Una gran proporci\u00f3n de todas las mercanc\u00edas transportadas de China a Europa se hace con la ayuda de buques portacontenedores. Sin embargo, la situaci\u00f3n es diferente para las cargas peque\u00f1as y manejables que pueden enviarse por correo con un servicio de paqueter\u00eda. Hay ofertas a partir de seis euros por kilo de volumen. Pero si quiere pedir grandes cantidades para su empresa en China, no hay forma de evitar el env\u00edo en contenedor. Por supuesto, estos costes deben tenerse en cuenta al calcular el precio. Tampoco hay que olvidar los gastos de aduana a la llegada de la mercanc\u00eda a Alemania. <strong><span> <\/span>transporte de mercanc\u00edas desde China<\/strong><span> <\/span>no es lo \u00fanico que puede acarrear dificultades a los inexpertos.<\/p>\n<p>Puntos a tener en cuenta sobre el contrato y las mercanc\u00edas<br \/>No s\u00f3lo la burocracia en Alemania, sino tambi\u00e9n en China podr\u00eda acarrear graves problemas. El primer encuentro ya tiene lugar cuando se celebra el contrato. No todos los fabricantes y<strong>proveedores de<span> <\/span>en China<\/strong><span> <\/span>tiene autoridad para contratar directamente con empresas extranjeras. No obstante, si se desea cooperar, es necesario recurrir a un agente de importaci\u00f3n y exportaci\u00f3n, tambi\u00e9n denominado agente chino. Otro punto aconsejable es comprobar la solvencia del proveedor para estar seguro de que se producir\u00e1 y enviar\u00e1 la mercanc\u00eda de la que se ha hablado. Al hacerlo, es necesario, para la propia protecci\u00f3n, prestar atenci\u00f3n al tipo de productos y, sobre todo, a la licencia. Ocurre una y otra vez que en China se producen bienes que imitan los productos de fabricantes conocidos. La importaci\u00f3n y tambi\u00e9n la venta de estos productos son ilegales en Europa y pueden acarrear fuertes multas. La calidad de las empresas chinas tambi\u00e9n muestra grandes fluctuaciones. De este modo, puede comprar productos de alta calidad a bajo precio, que tienen una larga vida \u00fatil, pero tambi\u00e9n experimentar un fallo en este punto. Para evitarlo, el contrato, que siempre debe ser por escrito, debe incluir este y otros puntos para evitar malentendidos y tener un acuerdo claro. As\u00ed, deben figurar el precio por puntos de la mercanc\u00eda, la cantidad, la calidad, el posible material, la fecha, el env\u00edo, la designaci\u00f3n de la mercanc\u00eda y, sobre todo, los socios contractuales. S\u00f3lo cuando se haya firmado legalmente se podr\u00e1 confiar en ella. Seg\u00fan la legislaci\u00f3n china, s\u00f3lo el director gerente de una empresa tiene derecho a hacerlo. Este contrato tambi\u00e9n da seguridad a la empresa europea en caso de incumplimiento del acuerdo. Quienes se sientan abrumados con todo esto tambi\u00e9n pueden recurrir a una agencia de importaci\u00f3n. Tienen mucha experiencia y pueden apoyar bien a una persona inexperta. El dinero invertido suele merecer la pena, ya que los riesgos para un<span> <\/span><strong>Importaci\u00f3n de China<\/strong><span> <\/span>puede reducirse considerablemente.<\/p>\n<p>&nbsp;<\/p>\n<\/div>\n<div>\n<p><strong>Documentos para la importaci\u00f3n desde China<\/strong><br \/>No todo puede repercutirse en el contrato. As\u00ed pues, como importador, uno debe tomarse en serio las obligaciones. Esto incluye, entre otras cosas, la licencia REACH. Este reglamento est\u00e1 en vigor desde mediados de 2007 y garantiza la manipulaci\u00f3n segura de sustancias qu\u00edmicas para no contaminar a las personas ni el medio ambiente. Aqu\u00ed hay que tener cuidado de no violar los derechos aplicables al importar. Otra licencia es SISVEL, que se encuentra sobre todo en el campo de la electr\u00f3nica y la ingenier\u00eda. Esto es obligatorio para algunos productos. Es posible encargar mercanc\u00edas exclusivamente a empresas con licencia SISVEL o solicitar usted mismo dicha licencia. Esto no es responsabilidad del fabricante, sino del importador. Esto se aplica tanto a los mayoristas como a los peque\u00f1os comerciantes de Ebay. Si se infringe esta licencia, puede salir muy caro. Otro documento sin el cual no ser\u00eda posible la importaci\u00f3n a la UE es el marcado CE. Debe obtenerse para todos los productos pedidos y entregados. Confirma que los productos en cuesti\u00f3n cumplen todas las directivas y reglamentos establecidos por la UE. Sin embargo, no puede equipararse a un sello de inspecci\u00f3n, ya que es puramente un sello administrativo. Una vez que las mercanc\u00edas han llegado al puerto aduanero, se les asigna un n\u00famero EORI, que s\u00f3lo expiden las aduanas de Alemania y Austria. En otros pa\u00edses, de ello se encargan otras autoridades. El n\u00famero EORI, que significa Registro e Identificaci\u00f3n de Operadores Econ\u00f3micos, es el sucesor del n\u00famero de aduana, que s\u00f3lo pod\u00eda asignarse dentro de un pa\u00eds. Si no quieres molestarte en tramitar t\u00fa mismo todas las licencias y normativas, es mejor que contrates a un profesional para que lo haga por ti. Por lo general, los importadores especializados en productos de China pueden hacerlo mucho mejor que usted. Esto siempre es mejor que ser demandado m\u00e1s tarde por falsedad documental, que cuesta cien veces m\u00e1s que una empresa de importaci\u00f3n.<\/p>\n<p><strong>Costes adicionales al importar de China y c\u00f3mo evitarlos<\/strong><br \/>Hay varias causas que provocan<span> <\/span><strong>Importaci\u00f3n de China<\/strong><span> <\/span>puede llevar. S\u00f3lo si se sortean estos obst\u00e1culos se puede uno beneficiar realmente de los bajos precios de los productos chinos. Adem\u00e1s de los costes derivados de los documentos habituales, la experiencia ha demostrado que la mayor parte de los costes se derivan de los retoques que hay que realizar en Alemania debido a una mano de obra deficiente. Estos costes podr\u00edan evitarse f\u00e1cilmente si un empleado propio o un supervisor asignado a tal efecto realizara un control final antes de proceder a la carga. Por un lado, garantizan la finalizaci\u00f3n y el env\u00edo a tiempo, la calidad adecuada, el cumplimiento de las directrices y el acuerdo, y aclaran cualquier problema que pueda surgir en nombre del importador. Tambi\u00e9n deben encargarse cuando ya se ha visto un prototipo o se ha grabado una colaboraci\u00f3n m\u00e1s larga. Los problemas que pueden surgir con una importaci\u00f3n tambi\u00e9n son conocidos por las compa\u00f1\u00edas de seguros, por lo que tambi\u00e9n ofrecen productos para ello. Los costes del seguro deben incluirse en el c\u00e1lculo de la reventa para no tener que registrar una p\u00e9rdida.<\/p>\n<\/div>\n<div><\/div>\n<div><b>Comercial<\/b><b><span> <\/span>Protecci\u00f3n jur\u00eddica<\/b><b><span> <\/span>para<\/b><b><span> <\/span>m\u00e1s<\/b><b><span> <\/span>seguridad<\/b><b><span> <\/span>para<\/b><b><span> <\/span>Importaciones<\/b><br \/>El comercio internacional ha adquirido una enorme importancia en los \u00faltimos a\u00f1os, y no s\u00f3lo para las grandes y medianas empresas, sino tambi\u00e9n para las peque\u00f1as. Cada vez hay m\u00e1s aut\u00f3nomos que se dedican a la importaci\u00f3n. Las mercanc\u00edas se importan baratas del extranjero y luego se venden con buenos beneficios en el mercado alem\u00e1n.<\/div>\n<div>Pero esto no siempre es f\u00e1cil para las peque\u00f1as empresas y, en particular, para los luchadores en solitario. Comerciar con socios extranjeros requiere mucha experiencia, capacidad de negociaci\u00f3n y, sobre todo, conocimientos jur\u00eddicos. En particular, a menudo faltan conocimientos jur\u00eddicos, con el resultado de que las empresas m\u00e1s peque\u00f1as a veces asumen enormes riesgos sin ser conscientes de ello. A pesar de todo, los negocios suelen ir sobre ruedas, pero a veces surgen dificultades.<\/div>\n<div>En caso de dificultades, se plantea la cuesti\u00f3n de c\u00f3mo proceder. Las grandes empresas tienen sus propios departamentos jur\u00eddicos o pueden permitirse costosos abogados especializados. Las peque\u00f1as empresas y los aut\u00f3nomos, por el contrario, no disponen de estas opciones, por lo que la intervenci\u00f3n de un costoso abogado debe ser bien considerada, sobre todo teniendo en cuenta que una disputa legal de este tipo puede resultar aterradora durante un periodo de tiempo muy largo.<\/div>\n<div>En vista de este riesgo, es aconsejable hacer provisiones espec\u00edficas. Esto es posible con un seguro de defensa jur\u00eddica. En el mercado, a saber<span> <\/span><a title=\"Tarifas especiales de protecci\u00f3n jur\u00eddica para los aut\u00f3nomos\" href=\"https:\/\/www.humboldt-forum-recht.de\/rechtsschutzversicherungen-fuer-selbststaendige-und-freiberufler\/\" target=\"_blank\" rel=\"noopener\"><strong>Tarifas especiales de protecci\u00f3n jur\u00eddica para los aut\u00f3nomos<\/strong><\/a><span> <\/span>y peque\u00f1as empresas. Muchos de los seguros se dise\u00f1an incluso como pr\u00e1cticos paquetes de soluciones con una amplia gama de prestaciones. La conclusi\u00f3n de las tarifas correspondientes se considera comparativamente cara.<\/div>\n<div>Sin embargo, a la hora de elegir, es importante examinar detenidamente las tarifas de cada una de las aseguradoras de defensa jur\u00eddica. Esta medida es inmensamente importante, porque es la \u00fanica manera de garantizar una cobertura suficiente o de que la aseguradora cubra los costes incluso en caso de litigios internacionales. Si no encuentra una tarifa adecuada, es posible incluso que le dise\u00f1en un plan de protecci\u00f3n individual. Cada vez son m\u00e1s las aseguradoras que ofrecen esta opci\u00f3n tambi\u00e9n a las peque\u00f1as empresas.<\/div>\n<\/div>\n<p>[\/et_pb_text][\/et_pb_column][\/et_pb_row][\/et_pb_section]<\/p>\n","protected":false},"excerpt":{"rendered":"<p>Existen varios riesgos al comprar en China &nbsp; Riesgos al comprar en China La Rep\u00fablica Popular China es la mayor econom\u00eda del mundo y una naci\u00f3n emergente. China lleva tres d\u00e9cadas convirti\u00e9ndose en una potencia econ\u00f3mica. Los bajos costes de producci\u00f3n y los procesos de producci\u00f3n cada vez m\u00e1s eficaces hacen que el pa\u00eds sea [&hellip;]<\/p>\n","protected":false},"author":2,"featured_media":0,"parent":0,"menu_order":0,"comment_status":"closed","ping_status":"closed","template":"","meta":{"_et_pb_use_builder":"on","_et_pb_old_content":"","_et_gb_content_width":"","footnotes":""},"class_list":["post-10595","page","type-page","status-publish","hentry"],"yoast_head":"<!-- This site is optimized with the Yoast SEO plugin v27.4 - https:\/\/yoast.com\/product\/yoast-seo-wordpress\/ -->\n<title>Riesgos de las importaciones chinas - China Import Beratung f\u00fcr den Einkauf aus China<\/title>\n<meta name=\"robots\" content=\"index, follow, max-snippet:-1, max-image-preview:large, max-video-preview:-1\" \/>\n<link rel=\"canonical\" href=\"https:\/\/ag-frisch.com\/es\/riesgos-de-las-importaciones-chinas-2\/\" \/>\n<meta property=\"og:locale\" content=\"es_ES\" \/>\n<meta property=\"og:type\" content=\"article\" \/>\n<meta property=\"og:title\" content=\"Riesgos de las importaciones chinas - China Import Beratung f\u00fcr den Einkauf aus China\" \/>\n<meta property=\"og:description\" content=\"Existen varios riesgos al comprar en China &nbsp; Riesgos al comprar en China La Rep\u00fablica Popular China es la mayor econom\u00eda del mundo y una naci\u00f3n emergente. China lleva tres d\u00e9cadas convirti\u00e9ndose en una potencia econ\u00f3mica. Los bajos costes de producci\u00f3n y los procesos de producci\u00f3n cada vez m\u00e1s eficaces hacen que el pa\u00eds sea [&hellip;]\" \/>\n<meta property=\"og:url\" content=\"https:\/\/ag-frisch.com\/es\/riesgos-de-las-importaciones-chinas-2\/\" \/>\n<meta property=\"og:site_name\" content=\"China Import Beratung f\u00fcr den Einkauf aus China\" \/>\n<meta property=\"article:publisher\" content=\"https:\/\/www.facebook.com\/China.Import\" \/>\n<meta property=\"article:modified_time\" content=\"2023-01-27T04:23:00+00:00\" \/>\n<meta property=\"og:image\" content=\"http:\/\/www.ag-frisch.de\/mastercontents\/kantfiles\/Neues%20Bild.PNG\" \/>\n<meta name=\"twitter:card\" content=\"summary_large_image\" \/>\n<meta name=\"twitter:site\" content=\"@agenturfrisch\" \/>\n<meta name=\"twitter:label1\" content=\"Tiempo de lectura\" \/>\n\t<meta name=\"twitter:data1\" content=\"11 minutos\" \/>\n<script type=\"application\/ld+json\" class=\"yoast-schema-graph\">{\"@context\":\"https:\\\/\\\/schema.org\",\"@graph\":[{\"@type\":\"WebPage\",\"@id\":\"https:\\\/\\\/ag-frisch.com\\\/es\\\/riesgos-de-las-importaciones-chinas-2\\\/\",\"url\":\"https:\\\/\\\/ag-frisch.com\\\/es\\\/riesgos-de-las-importaciones-chinas-2\\\/\",\"name\":\"Riesgos de las importaciones chinas - China Import Beratung f\u00fcr den Einkauf aus China\",\"isPartOf\":{\"@id\":\"https:\\\/\\\/ag-frisch.com\\\/de\\\/#website\"},\"primaryImageOfPage\":{\"@id\":\"https:\\\/\\\/ag-frisch.com\\\/es\\\/riesgos-de-las-importaciones-chinas-2\\\/#primaryimage\"},\"image\":{\"@id\":\"https:\\\/\\\/ag-frisch.com\\\/es\\\/riesgos-de-las-importaciones-chinas-2\\\/#primaryimage\"},\"thumbnailUrl\":\"http:\\\/\\\/www.ag-frisch.de\\\/mastercontents\\\/kantfiles\\\/Neues%20Bild.PNG\",\"datePublished\":\"2021-11-07T19:09:10+00:00\",\"dateModified\":\"2023-01-27T04:23:00+00:00\",\"breadcrumb\":{\"@id\":\"https:\\\/\\\/ag-frisch.com\\\/es\\\/riesgos-de-las-importaciones-chinas-2\\\/#breadcrumb\"},\"inLanguage\":\"es\",\"potentialAction\":[{\"@type\":\"ReadAction\",\"target\":[\"https:\\\/\\\/ag-frisch.com\\\/es\\\/riesgos-de-las-importaciones-chinas-2\\\/\"]}]},{\"@type\":\"ImageObject\",\"inLanguage\":\"es\",\"@id\":\"https:\\\/\\\/ag-frisch.com\\\/es\\\/riesgos-de-las-importaciones-chinas-2\\\/#primaryimage\",\"url\":\"http:\\\/\\\/www.ag-frisch.de\\\/mastercontents\\\/kantfiles\\\/Neues%20Bild.PNG\",\"contentUrl\":\"http:\\\/\\\/www.ag-frisch.de\\\/mastercontents\\\/kantfiles\\\/Neues%20Bild.PNG\"},{\"@type\":\"BreadcrumbList\",\"@id\":\"https:\\\/\\\/ag-frisch.com\\\/es\\\/riesgos-de-las-importaciones-chinas-2\\\/#breadcrumb\",\"itemListElement\":[{\"@type\":\"ListItem\",\"position\":1,\"name\":\"Startseite\",\"item\":\"https:\\\/\\\/ag-frisch.com\\\/de\\\/\"},{\"@type\":\"ListItem\",\"position\":2,\"name\":\"Riesgos de las importaciones chinas\"}]},{\"@type\":\"WebSite\",\"@id\":\"https:\\\/\\\/ag-frisch.com\\\/de\\\/#website\",\"url\":\"https:\\\/\\\/ag-frisch.com\\\/de\\\/\",\"name\":\"China Import Beratung f\u00fcr den Einkauf aus China\",\"description\":\"China Import &amp; Export Beratung - Der Dienstleister Ihres Vertrauens f\u00fcr Ihren China Import\",\"publisher\":{\"@id\":\"https:\\\/\\\/ag-frisch.com\\\/de\\\/#organization\"},\"potentialAction\":[{\"@type\":\"SearchAction\",\"target\":{\"@type\":\"EntryPoint\",\"urlTemplate\":\"https:\\\/\\\/ag-frisch.com\\\/de\\\/?s={search_term_string}\"},\"query-input\":{\"@type\":\"PropertyValueSpecification\",\"valueRequired\":true,\"valueName\":\"search_term_string\"}}],\"inLanguage\":\"es\"},{\"@type\":\"Organization\",\"@id\":\"https:\\\/\\\/ag-frisch.com\\\/de\\\/#organization\",\"name\":\"Agentur Frisch International Consulting GmbH & Co. KG\",\"url\":\"https:\\\/\\\/ag-frisch.com\\\/de\\\/\",\"logo\":{\"@type\":\"ImageObject\",\"inLanguage\":\"es\",\"@id\":\"https:\\\/\\\/ag-frisch.com\\\/de\\\/#\\\/schema\\\/logo\\\/image\\\/\",\"url\":\"https:\\\/\\\/ag-frisch.com\\\/wp-content\\\/uploads\\\/2021\\\/08\\\/ag_logo_rgb_300_small.png\",\"contentUrl\":\"https:\\\/\\\/ag-frisch.com\\\/wp-content\\\/uploads\\\/2021\\\/08\\\/ag_logo_rgb_300_small.png\",\"width\":153,\"height\":102,\"caption\":\"Agentur Frisch International Consulting GmbH & Co. KG\"},\"image\":{\"@id\":\"https:\\\/\\\/ag-frisch.com\\\/de\\\/#\\\/schema\\\/logo\\\/image\\\/\"},\"sameAs\":[\"https:\\\/\\\/www.facebook.com\\\/China.Import\",\"https:\\\/\\\/x.com\\\/agenturfrisch\"]}]}<\/script>\n<!-- \/ Yoast SEO plugin. -->","yoast_head_json":{"title":"Riesgos de las importaciones chinas - China Import Beratung f\u00fcr den Einkauf aus China","robots":{"index":"index","follow":"follow","max-snippet":"max-snippet:-1","max-image-preview":"max-image-preview:large","max-video-preview":"max-video-preview:-1"},"canonical":"https:\/\/ag-frisch.com\/es\/riesgos-de-las-importaciones-chinas-2\/","og_locale":"es_ES","og_type":"article","og_title":"Riesgos de las importaciones chinas - China Import Beratung f\u00fcr den Einkauf aus China","og_description":"Existen varios riesgos al comprar en China &nbsp; Riesgos al comprar en China La Rep\u00fablica Popular China es la mayor econom\u00eda del mundo y una naci\u00f3n emergente. China lleva tres d\u00e9cadas convirti\u00e9ndose en una potencia econ\u00f3mica. Los bajos costes de producci\u00f3n y los procesos de producci\u00f3n cada vez m\u00e1s eficaces hacen que el pa\u00eds sea [&hellip;]","og_url":"https:\/\/ag-frisch.com\/es\/riesgos-de-las-importaciones-chinas-2\/","og_site_name":"China Import Beratung f\u00fcr den Einkauf aus China","article_publisher":"https:\/\/www.facebook.com\/China.Import","article_modified_time":"2023-01-27T04:23:00+00:00","og_image":[{"url":"http:\/\/www.ag-frisch.de\/mastercontents\/kantfiles\/Neues%20Bild.PNG","type":"","width":"","height":""}],"twitter_card":"summary_large_image","twitter_site":"@agenturfrisch","twitter_misc":{"Tiempo de lectura":"11 minutos"},"schema":{"@context":"https:\/\/schema.org","@graph":[{"@type":"WebPage","@id":"https:\/\/ag-frisch.com\/es\/riesgos-de-las-importaciones-chinas-2\/","url":"https:\/\/ag-frisch.com\/es\/riesgos-de-las-importaciones-chinas-2\/","name":"Riesgos de las importaciones chinas - China Import Beratung f\u00fcr den Einkauf aus China","isPartOf":{"@id":"https:\/\/ag-frisch.com\/de\/#website"},"primaryImageOfPage":{"@id":"https:\/\/ag-frisch.com\/es\/riesgos-de-las-importaciones-chinas-2\/#primaryimage"},"image":{"@id":"https:\/\/ag-frisch.com\/es\/riesgos-de-las-importaciones-chinas-2\/#primaryimage"},"thumbnailUrl":"http:\/\/www.ag-frisch.de\/mastercontents\/kantfiles\/Neues%20Bild.PNG","datePublished":"2021-11-07T19:09:10+00:00","dateModified":"2023-01-27T04:23:00+00:00","breadcrumb":{"@id":"https:\/\/ag-frisch.com\/es\/riesgos-de-las-importaciones-chinas-2\/#breadcrumb"},"inLanguage":"es","potentialAction":[{"@type":"ReadAction","target":["https:\/\/ag-frisch.com\/es\/riesgos-de-las-importaciones-chinas-2\/"]}]},{"@type":"ImageObject","inLanguage":"es","@id":"https:\/\/ag-frisch.com\/es\/riesgos-de-las-importaciones-chinas-2\/#primaryimage","url":"http:\/\/www.ag-frisch.de\/mastercontents\/kantfiles\/Neues%20Bild.PNG","contentUrl":"http:\/\/www.ag-frisch.de\/mastercontents\/kantfiles\/Neues%20Bild.PNG"},{"@type":"BreadcrumbList","@id":"https:\/\/ag-frisch.com\/es\/riesgos-de-las-importaciones-chinas-2\/#breadcrumb","itemListElement":[{"@type":"ListItem","position":1,"name":"Startseite","item":"https:\/\/ag-frisch.com\/de\/"},{"@type":"ListItem","position":2,"name":"Riesgos de las importaciones chinas"}]},{"@type":"WebSite","@id":"https:\/\/ag-frisch.com\/de\/#website","url":"https:\/\/ag-frisch.com\/de\/","name":"China Import Beratung f\u00fcr den Einkauf aus China","description":"China Import &amp; Export Beratung - Der Dienstleister Ihres Vertrauens f\u00fcr Ihren China Import","publisher":{"@id":"https:\/\/ag-frisch.com\/de\/#organization"},"potentialAction":[{"@type":"SearchAction","target":{"@type":"EntryPoint","urlTemplate":"https:\/\/ag-frisch.com\/de\/?s={search_term_string}"},"query-input":{"@type":"PropertyValueSpecification","valueRequired":true,"valueName":"search_term_string"}}],"inLanguage":"es"},{"@type":"Organization","@id":"https:\/\/ag-frisch.com\/de\/#organization","name":"Agentur Frisch International Consulting GmbH & Co. KG","url":"https:\/\/ag-frisch.com\/de\/","logo":{"@type":"ImageObject","inLanguage":"es","@id":"https:\/\/ag-frisch.com\/de\/#\/schema\/logo\/image\/","url":"https:\/\/ag-frisch.com\/wp-content\/uploads\/2021\/08\/ag_logo_rgb_300_small.png","contentUrl":"https:\/\/ag-frisch.com\/wp-content\/uploads\/2021\/08\/ag_logo_rgb_300_small.png","width":153,"height":102,"caption":"Agentur Frisch International Consulting GmbH & Co. KG"},"image":{"@id":"https:\/\/ag-frisch.com\/de\/#\/schema\/logo\/image\/"},"sameAs":["https:\/\/www.facebook.com\/China.Import","https:\/\/x.com\/agenturfrisch"]}]}},"_links":{"self":[{"href":"https:\/\/ag-frisch.com\/es\/wp-json\/wp\/v2\/pages\/10595","targetHints":{"allow":["GET"]}}],"collection":[{"href":"https:\/\/ag-frisch.com\/es\/wp-json\/wp\/v2\/pages"}],"about":[{"href":"https:\/\/ag-frisch.com\/es\/wp-json\/wp\/v2\/types\/page"}],"author":[{"embeddable":true,"href":"https:\/\/ag-frisch.com\/es\/wp-json\/wp\/v2\/users\/2"}],"replies":[{"embeddable":true,"href":"https:\/\/ag-frisch.com\/es\/wp-json\/wp\/v2\/comments?post=10595"}],"version-history":[{"count":0,"href":"https:\/\/ag-frisch.com\/es\/wp-json\/wp\/v2\/pages\/10595\/revisions"}],"wp:attachment":[{"href":"https:\/\/ag-frisch.com\/es\/wp-json\/wp\/v2\/media?parent=10595"}],"curies":[{"name":"wp","href":"https:\/\/api.w.org\/{rel}","templated":true}]}}