{"id":11039,"date":"2022-04-05T20:09:34","date_gmt":"2022-04-05T18:09:34","guid":{"rendered":"https:\/\/ag-frisch.com\/seminarios\/"},"modified":"2023-01-27T05:26:38","modified_gmt":"2023-01-27T04:26:38","slug":"seminarios","status":"publish","type":"page","link":"https:\/\/ag-frisch.com\/es\/seminarios\/","title":{"rendered":"Seminarios"},"content":{"rendered":"<p>[et_pb_section fb_built=&#8221;1&#8243; _builder_version=&#8221;4.16&#8243; _module_preset=&#8221;default&#8221; global_colors_info=&#8221;{}&#8221;][et_pb_row _builder_version=&#8221;4.16&#8243; _module_preset=&#8221;default&#8221; global_colors_info=&#8221;{}&#8221;][et_pb_column type=&#8221;4_4&#8243; _builder_version=&#8221;4.16&#8243; _module_preset=&#8221;default&#8221; global_colors_info=&#8221;{}&#8221;][et_pb_cta title=&#8221;Seminarios sobre importaci\u00f3n de China&#8221; button_url=&#8221;https:\/\/ag-frisch.com\/es\/contacte-con\/&#8221; button_text=&#8221;Solicitar seminario ahora&#8221; _builder_version=&#8221;4.16&#8243; _module_preset=&#8221;default&#8221; global_colors_info=&#8221;{}&#8221;]<\/p>\n<p>Los seminarios de importaci\u00f3n a China de Agentur Frisch le ayudan a usted y a su equipo de compras a convertirse en expertos en compras a China.  <\/p>\n<p>[\/et_pb_cta][et_pb_text _builder_version=&#8221;4.16&#8243; _module_preset=&#8221;default&#8221; global_colors_info=&#8221;{}&#8221;]<\/p>\n<h1><strong><img decoding=\"async\" src=\"https:\/\/usercontent.one\/wp\/ag-frisch.com\/wp-content\/uploads\/2021\/09\/china-import-consult.png?media=1655308951\"><\/strong><\/h1>\n<h1><strong><\/strong><\/h1>\n<h1><strong>Seminarios con China Import Consult de la Agencia Frisch<\/strong><\/h1>\n<p>Nuestra marca China Import Consult organiza seminarios para particulares que quieren entrar en el negocio de la importaci\u00f3n de China, para compradores corporativos o para equipos completos de compras de empresas que acaban de crear un departamento de compras internacionales. Tambi\u00e9n se pueden seleccionar temas individuales de entre los siguientes temas de seminario para un coaching o un semina. Ofrecemos, entre otros, los siguientes temas.<\/p>\n<p>&nbsp;<\/p>\n<div class=\"et_pb_row et_pb_row_1\">\n<div class=\"et_pb_column et_pb_column_4_4 et_pb_column_1 et_pb_css_mix_blend_mode_passthrough et-last-child\">\n<div class=\"et_pb_module et_pb_text et_pb_text_1 et_pb_text_align_left et_pb_bg_layout_light\">\n<div class=\"et_pb_text_inner\">\n<p>Seminario en grupo en Berl\u00edn 6 d\u00edas \u00e1 4 horas por 800 Euro (aprox. 6 participantes) &#8211;<br \/>Seminario como coaching individual 6 d\u00edas \u00e1 4 horas por 2400 Euro (hasta 80 % reembolso por BAFA posible).<\/p>\n<\/div>\n<\/div>\n<div class=\"et_pb_module et_pb_code et_pb_code_0\">\n<div class=\"et_pb_code_inner\">\n<table>\n<tbody>\n<tr>\n<td>D\u00eda<\/td>\n<td>Horas<\/td>\n<td>Temas<\/td>\n<\/tr>\n<tr>\n<td>1<\/td>\n<td>4<\/td>\n<td>Mentalidad de la barbilla. Conocer y evaluar a los socios comerciales (ej. Certificados, referencias<\/td>\n<\/tr>\n<tr>\n<td><\/td>\n<td><\/td>\n<td>Enfoque t\u00e1ctico en las conversaciones con socios comerciales chinos<\/td>\n<\/tr>\n<tr>\n<td><\/td>\n<td><\/td>\n<td>\u00bfC\u00f3mo puedo encontrar los mejores socios comerciales en China? \u00bfQu\u00e9 ferias son importantes para m\u00ed?<\/td>\n<\/tr>\n<tr>\n<td><\/td>\n<td><\/td>\n<td>\u00bfC\u00f3mo puedo evaluar la seriedad de los socios comerciales chinos?<\/td>\n<\/tr>\n<tr>\n<td><\/td>\n<td><\/td>\n<td>Ejemplo de visita a una feria comercial (fotos, notas); negociaciones de precios con socios comerciales chinos,<\/td>\n<\/tr>\n<tr>\n<td>2<\/td>\n<td>4<\/td>\n<td>Pida muestras a China y ahorre en gastos de env\u00edo<\/td>\n<\/tr>\n<tr>\n<td><\/td>\n<td><\/td>\n<td>Aseg\u00farese de que la entrega principal corresponde a la muestra<\/td>\n<\/tr>\n<tr>\n<td><\/td>\n<td><\/td>\n<td>C\u00e1lculo de costes de importaci\u00f3n de China (ejemplo de c\u00e1lculo)<\/td>\n<\/tr>\n<tr>\n<td><\/td>\n<td><\/td>\n<td>\u00bfQu\u00e9 certificados necesito para importar mi producto con seguridad desde China?<\/td>\n<\/tr>\n<tr>\n<td><\/td>\n<td><\/td>\n<td>Consejos generales para importar de China, requisitos de documentaci\u00f3n<\/td>\n<\/tr>\n<tr>\n<td><\/td>\n<td><\/td>\n<td>Impuesto sobre el Valor A\u00f1adido y Liquidaci\u00f3n Fiscal<\/td>\n<\/tr>\n<tr>\n<td>3<\/td>\n<td>4<\/td>\n<td>El pedido: \u00bfqu\u00e9 contiene el contrato de suministro? (Modelo de contrato)<\/td>\n<\/tr>\n<tr>\n<td><\/td>\n<td><\/td>\n<td>Condiciones de entrega Incoterms, trampas de costes con entregas CIF desde China (V\u00eddeo)<\/td>\n<\/tr>\n<tr>\n<td><\/td>\n<td><\/td>\n<td>Plazos (tiempo de producci\u00f3n, plazo de entrega, etc.)<\/td>\n<\/tr>\n<tr>\n<td><\/td>\n<td><\/td>\n<td>Modalidades de pago, formularios comunes, formularios seguros (c\u00f3mo la LC tambi\u00e9n puede convertirse en una trampa).<\/td>\n<\/tr>\n<tr>\n<td><\/td>\n<td><\/td>\n<td>\u00bfQu\u00e9 seguros necesito para ser un importador seguro?<\/td>\n<\/tr>\n<tr>\n<td><\/td>\n<td><\/td>\n<td>Documentos necesarios para el despacho de aduanas y d\u00f3nde conseguirlos<\/td>\n<\/tr>\n<tr>\n<td>4<\/td>\n<td>4<\/td>\n<td>Aduanas (n\u00famero EORI, qui\u00e9nes son las autoridades supervisoras, informaci\u00f3n sobre inspecci\u00f3n aduanera, arancel aduanero)<\/td>\n<\/tr>\n<tr>\n<td><\/td>\n<td><\/td>\n<td>Ley de chatarra el\u00e9ctrica, Ordenanza de envases viejos. Sistema GS1 (EAN)<\/td>\n<\/tr>\n<tr>\n<td><\/td>\n<td><\/td>\n<td>\u00bfC\u00f3mo puedo prevenir problemas graves de calidad (inspecciones y otras posibilidades)?<\/td>\n<\/tr>\n<tr>\n<td><\/td>\n<td><\/td>\n<td>\u00bfQu\u00e9 ocurre si la mercanc\u00eda se pierde en tr\u00e1nsito (riesgos de entrega)?<\/td>\n<\/tr>\n<tr>\n<td><\/td>\n<td><\/td>\n<td>Cumplimiento de plazos por parte del proveedor chino, cumplimiento de plazos y \u00bfc\u00f3mo puedo controlarlo?<\/td>\n<\/tr>\n<tr>\n<td><\/td>\n<td><\/td>\n<td>\u00bfPor qu\u00e9 se suelen ignorar las quejas y c\u00f3mo puedo seguir haci\u00e9ndolas valer en China?<\/td>\n<\/tr>\n<tr>\n<td>5<\/td>\n<td>4<\/td>\n<td>Robo de ideas, \u00bfc\u00f3mo evito que copien mis ideas en China?<\/td>\n<\/tr>\n<tr>\n<td><\/td>\n<td><\/td>\n<td>\u00bfC\u00f3mo funciona un viaje a China (visado, reserva de hotel, reserva de vuelos, lugares importantes, etc.)?<\/td>\n<\/tr>\n<tr>\n<td><\/td>\n<td><\/td>\n<td>Simulaci\u00f3n de la propia importaci\u00f3n de China (registro de la primera consulta, creaci\u00f3n de una hoja de datos para la consulta)<\/td>\n<\/tr>\n<tr>\n<td><\/td>\n<td><\/td>\n<td>a China, b\u00fasqueda en l\u00ednea de proveedores adecuados en bases de datos de certificados, en Alibaba y en ferias comerciales.<\/td>\n<\/tr>\n<tr>\n<td><\/td>\n<td><\/td>\n<td>directorios de ferias especialmente adecuadas para usted o su producto. )<\/td>\n<\/tr>\n<tr>\n<td>5<\/td>\n<td>4<\/td>\n<td>Evaluaci\u00f3n de las ofertas recibidas de la simulaci\u00f3n de consultas a China<\/td>\n<\/tr>\n<tr>\n<td><\/td>\n<td><\/td>\n<td>Solicitar y comprobar certificados si es necesario<\/td>\n<\/tr>\n<tr>\n<td><\/td>\n<td><\/td>\n<td>Qu\u00e9 ocurre ahora (muestra, auditor\u00eda, factura proforma, contrato, pago, producci\u00f3n, garant\u00eda de calidad)<\/td>\n<\/tr>\n<tr>\n<td><\/td>\n<td><\/td>\n<td>Aclaraci\u00f3n de las preguntas pendientes del cliente<\/td>\n<\/tr>\n<\/tbody>\n<\/table>\n<\/div>\n<\/div>\n<\/div>\n<\/div>\n<p>[\/et_pb_text][\/et_pb_column][\/et_pb_row][\/et_pb_section][et_pb_section fb_built=&#8221;1&#8243; admin_label=&#8221;Testimonials&#8221; _builder_version=&#8221;4.16&#8243; use_background_color_gradient=&#8221;on&#8221; background_color_gradient_stops=&#8221;rgba(0,106,156,0.85) 0%|rgba(0,106,156,0.85) 100%&#8221; background_color_gradient_start=&#8221;rgba(0,106,156,0.85)&#8221; background_color_gradient_end=&#8221;rgba(0,106,156,0.85)&#8221; custom_padding=&#8221;90px||60px|&#8221; animation_style=&#8221;fold&#8221; animation_direction=&#8221;bottom&#8221; animation_intensity_fold=&#8221;4%&#8221; global_colors_info=&#8221;{}&#8221;][et_pb_row _builder_version=&#8221;4.16&#8243; background_size=&#8221;initial&#8221; background_position=&#8221;top_left&#8221; background_repeat=&#8221;repeat&#8221; custom_width_px=&#8221;710px&#8221; locked=&#8221;off&#8221; global_colors_info=&#8221;{}&#8221;][et_pb_column type=&#8221;4_4&#8243; _builder_version=&#8221;4.16&#8243; background_position=&#8221;top_left&#8221; custom_padding=&#8221;|||&#8221; global_colors_info=&#8221;{}&#8221; custom_padding__hover=&#8221;|||&#8221;][et_pb_text admin_label=&#8221;Testimonials Section Title&#8221; _builder_version=&#8221;4.16&#8243; header_font=&#8221;Montserrat||||&#8221; header_font_size=&#8221;36px&#8221; background_size=&#8221;initial&#8221; background_position=&#8221;top_left&#8221; background_repeat=&#8221;repeat&#8221; text_orientation=&#8221;center&#8221; background_layout=&#8221;dark&#8221; max_width=&#8221;710px&#8221; module_alignment=&#8221;center&#8221; animation_style=&#8221;fold&#8221; animation_direction=&#8221;bottom&#8221; animation_intensity_fold=&#8221;20%&#8221; global_colors_info=&#8221;{}&#8221;]<\/p>\n<h1>M\u00e1s de 5000 clientes satisfechos.<\/h1>\n<p>&nbsp;<\/p>\n<p>[\/et_pb_text][et_pb_divider color=&#8221;#ffffff&#8221; divider_weight=&#8221;3px&#8221; disabled_on=&#8221;off|off|off&#8221; _builder_version=&#8221;4.16&#8243; background_color_gradient_direction=&#8221;90deg&#8221; max_width=&#8221;100px&#8221; module_alignment=&#8221;center&#8221; height=&#8221;5px&#8221; custom_margin=&#8221;||20px|&#8221; custom_padding=&#8221;||20px|&#8221; animation_style=&#8221;slide&#8221; animation_direction=&#8221;bottom&#8221; saved_tabs=&#8221;all&#8221; locked=&#8221;off&#8221; global_colors_info=&#8221;{}&#8221;][\/et_pb_divider][\/et_pb_column][\/et_pb_row][et_pb_row column_structure=&#8221;1_2,1_2&#8243; _builder_version=&#8221;4.18.1&#8243; _module_preset=&#8221;default&#8221; global_colors_info=&#8221;{}&#8221;][et_pb_column type=&#8221;1_2&#8243; _builder_version=&#8221;4.18.1&#8243; _module_preset=&#8221;default&#8221; global_colors_info=&#8221;{}&#8221;][et_pb_testimonial author=&#8221;Marco&#8221; portrait_url=&#8221;https:\/\/ag-frisch.com\/wp-content\/uploads\/2021\/08\/Harald.png&#8221; quote_icon=&#8221;off&#8221; _builder_version=&#8221;4.18.1&#8243; _module_preset=&#8221;default&#8221; body_font_size=&#8221;16px&#8221; use_background_color=&#8221;off&#8221; background_layout=&#8221;dark&#8221; global_colors_info=&#8221;{}&#8221;]Encargu\u00e9 a la Agencia Frisch la fabricaci\u00f3n de un gran mueble en China y su posterior traslado a Alemania. La comunicaci\u00f3n por correo fue fluida en todo momento. Las respuestas, muy r\u00e1pidas y fiables, me dieron constantemente las seguridades indispensables en una empresa de este tipo. Me ayudaron en todo momento a atravesar la jungla burocr\u00e1tica y no se me olvid\u00f3 ning\u00fan formulario ni lo rellen\u00e9 incorrectamente. \u00a1Muy loable!<a href=\"&lt;div%20class=%22pe-richsnippets%22&gt;&nbsp;&lt;\/div&gt;%20&lt;script%20type=%22text\/javascript%22%20src=%22https:\/\/www.provenexpert.com\/widget\/richsnippet.js?u=1NUA0VwZ4RUZ5tmAi5zA4RaplNKAlWwZ&amp;v=2%22%20async&gt;&lt;\/script&gt;%20&lt;div%20style=%22text-align:%20justify;%22&gt;&lt;br%20\/&gt;\"><\/a><\/p>\n<div class=\"brow ratingBarMargin\">\n<div class=\"ratingBar\">\n<div class=\"brow\">\n<div class=\"pe-richsnippets\">&nbsp;<\/div>\n<p><script type=\"text\/javascript\" src=\"https:\/\/www.provenexpert.com\/widget\/richsnippet.js?u=1NUA0VwZ4RUZ5tmAi5zA4RaplNKAlWwZ&amp;v=2\" async=\"\"><\/script><\/p>\n<div style=\"text-align: justify;\"><\/p>\n<div class=\"col-lg-9 col-md-8 col-xs-10 mt20 mb20\">\n<div class=\"col-xs-12 surveyNameForRating\"><\/div>\n<\/div>\n<\/div>\n<\/div>\n<\/div>\n<\/div>\n<p>[\/et_pb_testimonial][\/et_pb_column][et_pb_column type=&#8221;1_2&#8243; _builder_version=&#8221;4.18.1&#8243; _module_preset=&#8221;default&#8221; global_colors_info=&#8221;{}&#8221;][et_pb_testimonial author=&#8221;Simone L.&#8221; portrait_url=&#8221;https:\/\/ag-frisch.com\/wp-content\/uploads\/2021\/08\/Harald.png&#8221; quote_icon=&#8221;off&#8221; _builder_version=&#8221;4.18.1&#8243; _module_preset=&#8221;default&#8221; body_font_size=&#8221;16px&#8221; use_background_color=&#8221;off&#8221; background_layout=&#8221;dark&#8221; global_colors_info=&#8221;{}&#8221;]<\/p>\n<p>Todo arriba. No hay nada mejor que esto. El asesoramiento y la aplicaci\u00f3n no pueden hacerse mejor. Estamos m\u00e1s que satisfechos despu\u00e9s de varios pedidos con esta empresa y continuamos nuestra cooperaci\u00f3n.<\/p>\n<div class=\"brow ratingBarMargin\">\n<div class=\"ratingBar\">\n<div class=\"brow\">\n<div class=\"pe-richsnippets\"> <\/div>\n<p>\n<script type=\"text\/javascript\" src=\"https:\/\/www.provenexpert.com\/widget\/richsnippet.js?u=1NUA0VwZ4RUZ5tmAi5zA4RaplNKAlWwZ&amp;v=2\" async=\"\"><\/script>\n<\/p>\n<div style=\"text-align: justify;\">\n<p>&nbsp;<\/p>\n<div class=\"col-lg-9 col-md-8 col-xs-10 mt20 mb20\">\n<div class=\"col-xs-12 surveyNameForRating\"><\/div>\n<\/div>\n<\/div>\n<\/div>\n<\/div>\n<\/div>\n<p>[\/et_pb_testimonial][\/et_pb_column][\/et_pb_row][et_pb_row _builder_version=&#8221;4.16&#8243; background_size=&#8221;initial&#8221; background_position=&#8221;top_left&#8221; background_repeat=&#8221;repeat&#8221; custom_padding=&#8221;50px|0px|30px|0px&#8221; custom_css_main_element=&#8221;text-align: center;&#8221; global_colors_info=&#8221;{}&#8221;][et_pb_column type=&#8221;4_4&#8243; _builder_version=&#8221;4.16&#8243; custom_padding=&#8221;|||&#8221; global_colors_info=&#8221;{}&#8221; custom_padding__hover=&#8221;|||&#8221;][et_pb_button button_url=&#8221;https:\/\/www.provenexpert.com\/de-de\/agentur-frisch-international-consulting-gmbh-und-co-kg\/&#8221; button_text=&#8221;M\u00c1S VALORACIONES&#8221; button_alignment=&#8221;left&#8221; admin_label=&#8221;Testimonial Button&#8221; _builder_version=&#8221;4.16&#8243; custom_button=&#8221;on&#8221; button_text_size=&#8221;18px&#8221; button_text_color=&#8221;#ffffff&#8221; button_bg_color=&#8221;#6eba01&#8243; button_border_width=&#8221;2px&#8221; button_border_color=&#8221;#6eba01&#8243; button_border_radius=&#8221;0px&#8221; button_letter_spacing=&#8221;2px&#8221; button_font=&#8221;Montserrat|||on|&#8221; button_use_icon=&#8221;off&#8221; animation_style=&#8221;fold&#8221; animation_direction=&#8221;bottom&#8221; button_text_color_hover=&#8221;#ffffff&#8221; button_border_color_hover=&#8221;#ffffff&#8221; button_border_radius_hover=&#8221;0px&#8221; button_letter_spacing_hover=&#8221;2px&#8221; button_bg_color_hover=&#8221;rgba(255,255,255,0)&#8221; locked=&#8221;off&#8221; global_colors_info=&#8221;{}&#8221; button_text_size__hover_enabled=&#8221;off&#8221; button_one_text_size__hover_enabled=&#8221;off&#8221; button_two_text_size__hover_enabled=&#8221;off&#8221; button_text_color__hover_enabled=&#8221;on&#8221; button_text_color__hover=&#8221;#ffffff&#8221; button_one_text_color__hover_enabled=&#8221;off&#8221; button_two_text_color__hover_enabled=&#8221;off&#8221; button_border_width__hover_enabled=&#8221;off&#8221; button_one_border_width__hover_enabled=&#8221;off&#8221; button_two_border_width__hover_enabled=&#8221;off&#8221; button_border_color__hover_enabled=&#8221;on&#8221; button_border_color__hover=&#8221;#ffffff&#8221; button_one_border_color__hover_enabled=&#8221;off&#8221; button_two_border_color__hover_enabled=&#8221;off&#8221; button_border_radius__hover_enabled=&#8221;on&#8221; button_border_radius__hover=&#8221;0px&#8221; button_one_border_radius__hover_enabled=&#8221;off&#8221; button_two_border_radius__hover_enabled=&#8221;off&#8221; button_letter_spacing__hover_enabled=&#8221;on&#8221; button_letter_spacing__hover=&#8221;2px&#8221; button_one_letter_spacing__hover_enabled=&#8221;off&#8221; button_two_letter_spacing__hover_enabled=&#8221;off&#8221; button_bg_color__hover_enabled=&#8221;on&#8221; button_bg_color__hover=&#8221;rgba(255,255,255,0)&#8221; button_one_bg_color__hover_enabled=&#8221;off&#8221; button_two_bg_color__hover_enabled=&#8221;off&#8221;][\/et_pb_button][\/et_pb_column][\/et_pb_row][\/et_pb_section]<\/p>\n","protected":false},"excerpt":{"rendered":"<p>Los seminarios de importaci\u00f3n a China de Agentur Frisch le ayudan a usted y a su equipo de compras a convertirse en expertos en compras a China. Seminarios con China Import Consult de la Agencia Frisch Nuestra marca China Import Consult organiza seminarios para particulares que quieren entrar en el negocio de la importaci\u00f3n de [&hellip;]<\/p>\n","protected":false},"author":2,"featured_media":0,"parent":0,"menu_order":0,"comment_status":"closed","ping_status":"closed","template":"","meta":{"_et_pb_use_builder":"on","_et_pb_old_content":"","_et_gb_content_width":"","footnotes":""},"class_list":["post-11039","page","type-page","status-publish","hentry"],"yoast_head":"<!-- This site is optimized with the Yoast SEO plugin v27.2 - https:\/\/yoast.com\/product\/yoast-seo-wordpress\/ -->\n<title>Seminarios sobre importaci\u00f3n de China dirigidos por el experto en importaci\u00f3n de China<\/title>\n<meta name=\"description\" content=\"Seminarios relacionados con la importaci\u00f3n a China \u25bb Todo el conocimiento para comprar en China \u2713 \u25bb \u00a1Recibe asesoramiento experto ahora!\" \/>\n<meta name=\"robots\" content=\"index, follow, max-snippet:-1, max-image-preview:large, max-video-preview:-1\" \/>\n<link rel=\"canonical\" href=\"https:\/\/ag-frisch.com\/es\/seminarios\/\" \/>\n<meta property=\"og:locale\" content=\"es_ES\" \/>\n<meta property=\"og:type\" content=\"article\" \/>\n<meta property=\"og:title\" content=\"Seminarios sobre importaci\u00f3n de China dirigidos por el experto en importaci\u00f3n de China\" \/>\n<meta property=\"og:description\" content=\"Seminarios relacionados con la importaci\u00f3n a China \u25bb Todo el conocimiento para comprar en China \u2713 \u25bb \u00a1Recibe asesoramiento experto ahora!\" \/>\n<meta property=\"og:url\" content=\"https:\/\/ag-frisch.com\/es\/seminarios\/\" \/>\n<meta property=\"og:site_name\" content=\"China Import Beratung f\u00fcr den Einkauf aus China\" \/>\n<meta property=\"article:publisher\" content=\"https:\/\/www.facebook.com\/China.Import\" \/>\n<meta property=\"article:modified_time\" content=\"2023-01-27T04:26:38+00:00\" \/>\n<meta property=\"og:image\" content=\"https:\/\/usercontent.one\/wp\/ag-frisch.com\/wp-content\/uploads\/2021\/09\/china-import-consult.png?media=1655308951\" \/>\n<meta name=\"twitter:card\" content=\"summary_large_image\" \/>\n<meta name=\"twitter:site\" content=\"@agenturfrisch\" \/>\n<meta name=\"twitter:label1\" content=\"Tiempo de lectura\" \/>\n\t<meta name=\"twitter:data1\" content=\"7 minutos\" \/>\n<script type=\"application\/ld+json\" class=\"yoast-schema-graph\">{\"@context\":\"https:\/\/schema.org\",\"@graph\":[{\"@type\":\"WebPage\",\"@id\":\"https:\/\/ag-frisch.com\/es\/seminarios\/\",\"url\":\"https:\/\/ag-frisch.com\/es\/seminarios\/\",\"name\":\"Seminarios sobre importaci\u00f3n de China dirigidos por el experto en importaci\u00f3n de China\",\"isPartOf\":{\"@id\":\"https:\/\/ag-frisch.com\/de\/#website\"},\"primaryImageOfPage\":{\"@id\":\"https:\/\/ag-frisch.com\/es\/seminarios\/#primaryimage\"},\"image\":{\"@id\":\"https:\/\/ag-frisch.com\/es\/seminarios\/#primaryimage\"},\"thumbnailUrl\":\"https:\/\/usercontent.one\/wp\/ag-frisch.com\/wp-content\/uploads\/2021\/09\/china-import-consult.png?media=1655308951\",\"datePublished\":\"2022-04-05T18:09:34+00:00\",\"dateModified\":\"2023-01-27T04:26:38+00:00\",\"description\":\"Seminarios relacionados con la importaci\u00f3n a China \u25bb Todo el conocimiento para comprar en China \u2713 \u25bb \u00a1Recibe asesoramiento experto ahora!\",\"breadcrumb\":{\"@id\":\"https:\/\/ag-frisch.com\/es\/seminarios\/#breadcrumb\"},\"inLanguage\":\"es\",\"potentialAction\":[{\"@type\":\"ReadAction\",\"target\":[\"https:\/\/ag-frisch.com\/es\/seminarios\/\"]}]},{\"@type\":\"ImageObject\",\"inLanguage\":\"es\",\"@id\":\"https:\/\/ag-frisch.com\/es\/seminarios\/#primaryimage\",\"url\":\"https:\/\/usercontent.one\/wp\/ag-frisch.com\/wp-content\/uploads\/2021\/09\/china-import-consult.png?media=1655308951\",\"contentUrl\":\"https:\/\/usercontent.one\/wp\/ag-frisch.com\/wp-content\/uploads\/2021\/09\/china-import-consult.png?media=1655308951\"},{\"@type\":\"BreadcrumbList\",\"@id\":\"https:\/\/ag-frisch.com\/es\/seminarios\/#breadcrumb\",\"itemListElement\":[{\"@type\":\"ListItem\",\"position\":1,\"name\":\"Startseite\",\"item\":\"https:\/\/ag-frisch.com\/de\/\"},{\"@type\":\"ListItem\",\"position\":2,\"name\":\"Seminarios\"}]},{\"@type\":\"WebSite\",\"@id\":\"https:\/\/ag-frisch.com\/de\/#website\",\"url\":\"https:\/\/ag-frisch.com\/de\/\",\"name\":\"China Import Beratung f\u00fcr den Einkauf aus China\",\"description\":\"China Import &amp; Export Beratung - Der Dienstleister Ihres Vertrauens f\u00fcr Ihren China Import\",\"publisher\":{\"@id\":\"https:\/\/ag-frisch.com\/de\/#organization\"},\"potentialAction\":[{\"@type\":\"SearchAction\",\"target\":{\"@type\":\"EntryPoint\",\"urlTemplate\":\"https:\/\/ag-frisch.com\/de\/?s={search_term_string}\"},\"query-input\":{\"@type\":\"PropertyValueSpecification\",\"valueRequired\":true,\"valueName\":\"search_term_string\"}}],\"inLanguage\":\"es\"},{\"@type\":\"Organization\",\"@id\":\"https:\/\/ag-frisch.com\/de\/#organization\",\"name\":\"Agentur Frisch International Consulting GmbH & Co. KG\",\"url\":\"https:\/\/ag-frisch.com\/de\/\",\"logo\":{\"@type\":\"ImageObject\",\"inLanguage\":\"es\",\"@id\":\"https:\/\/ag-frisch.com\/de\/#\/schema\/logo\/image\/\",\"url\":\"https:\/\/ag-frisch.com\/wp-content\/uploads\/2021\/08\/ag_logo_rgb_300_small.png\",\"contentUrl\":\"https:\/\/ag-frisch.com\/wp-content\/uploads\/2021\/08\/ag_logo_rgb_300_small.png\",\"width\":153,\"height\":102,\"caption\":\"Agentur Frisch International Consulting GmbH & Co. KG\"},\"image\":{\"@id\":\"https:\/\/ag-frisch.com\/de\/#\/schema\/logo\/image\/\"},\"sameAs\":[\"https:\/\/www.facebook.com\/China.Import\",\"https:\/\/x.com\/agenturfrisch\"]}]}<\/script>\n<!-- \/ Yoast SEO plugin. -->","yoast_head_json":{"title":"Seminarios sobre importaci\u00f3n de China dirigidos por el experto en importaci\u00f3n de China","description":"Seminarios relacionados con la importaci\u00f3n a China \u25bb Todo el conocimiento para comprar en China \u2713 \u25bb \u00a1Recibe asesoramiento experto ahora!","robots":{"index":"index","follow":"follow","max-snippet":"max-snippet:-1","max-image-preview":"max-image-preview:large","max-video-preview":"max-video-preview:-1"},"canonical":"https:\/\/ag-frisch.com\/es\/seminarios\/","og_locale":"es_ES","og_type":"article","og_title":"Seminarios sobre importaci\u00f3n de China dirigidos por el experto en importaci\u00f3n de China","og_description":"Seminarios relacionados con la importaci\u00f3n a China \u25bb Todo el conocimiento para comprar en China \u2713 \u25bb \u00a1Recibe asesoramiento experto ahora!","og_url":"https:\/\/ag-frisch.com\/es\/seminarios\/","og_site_name":"China Import Beratung f\u00fcr den Einkauf aus China","article_publisher":"https:\/\/www.facebook.com\/China.Import","article_modified_time":"2023-01-27T04:26:38+00:00","og_image":[{"url":"https:\/\/usercontent.one\/wp\/ag-frisch.com\/wp-content\/uploads\/2021\/09\/china-import-consult.png?media=1655308951","type":"","width":"","height":""}],"twitter_card":"summary_large_image","twitter_site":"@agenturfrisch","twitter_misc":{"Tiempo de lectura":"7 minutos"},"schema":{"@context":"https:\/\/schema.org","@graph":[{"@type":"WebPage","@id":"https:\/\/ag-frisch.com\/es\/seminarios\/","url":"https:\/\/ag-frisch.com\/es\/seminarios\/","name":"Seminarios sobre importaci\u00f3n de China dirigidos por el experto en importaci\u00f3n de China","isPartOf":{"@id":"https:\/\/ag-frisch.com\/de\/#website"},"primaryImageOfPage":{"@id":"https:\/\/ag-frisch.com\/es\/seminarios\/#primaryimage"},"image":{"@id":"https:\/\/ag-frisch.com\/es\/seminarios\/#primaryimage"},"thumbnailUrl":"https:\/\/usercontent.one\/wp\/ag-frisch.com\/wp-content\/uploads\/2021\/09\/china-import-consult.png?media=1655308951","datePublished":"2022-04-05T18:09:34+00:00","dateModified":"2023-01-27T04:26:38+00:00","description":"Seminarios relacionados con la importaci\u00f3n a China \u25bb Todo el conocimiento para comprar en China \u2713 \u25bb \u00a1Recibe asesoramiento experto ahora!","breadcrumb":{"@id":"https:\/\/ag-frisch.com\/es\/seminarios\/#breadcrumb"},"inLanguage":"es","potentialAction":[{"@type":"ReadAction","target":["https:\/\/ag-frisch.com\/es\/seminarios\/"]}]},{"@type":"ImageObject","inLanguage":"es","@id":"https:\/\/ag-frisch.com\/es\/seminarios\/#primaryimage","url":"https:\/\/usercontent.one\/wp\/ag-frisch.com\/wp-content\/uploads\/2021\/09\/china-import-consult.png?media=1655308951","contentUrl":"https:\/\/usercontent.one\/wp\/ag-frisch.com\/wp-content\/uploads\/2021\/09\/china-import-consult.png?media=1655308951"},{"@type":"BreadcrumbList","@id":"https:\/\/ag-frisch.com\/es\/seminarios\/#breadcrumb","itemListElement":[{"@type":"ListItem","position":1,"name":"Startseite","item":"https:\/\/ag-frisch.com\/de\/"},{"@type":"ListItem","position":2,"name":"Seminarios"}]},{"@type":"WebSite","@id":"https:\/\/ag-frisch.com\/de\/#website","url":"https:\/\/ag-frisch.com\/de\/","name":"China Import Beratung f\u00fcr den Einkauf aus China","description":"China Import &amp; Export Beratung - Der Dienstleister Ihres Vertrauens f\u00fcr Ihren China Import","publisher":{"@id":"https:\/\/ag-frisch.com\/de\/#organization"},"potentialAction":[{"@type":"SearchAction","target":{"@type":"EntryPoint","urlTemplate":"https:\/\/ag-frisch.com\/de\/?s={search_term_string}"},"query-input":{"@type":"PropertyValueSpecification","valueRequired":true,"valueName":"search_term_string"}}],"inLanguage":"es"},{"@type":"Organization","@id":"https:\/\/ag-frisch.com\/de\/#organization","name":"Agentur Frisch International Consulting GmbH & Co. KG","url":"https:\/\/ag-frisch.com\/de\/","logo":{"@type":"ImageObject","inLanguage":"es","@id":"https:\/\/ag-frisch.com\/de\/#\/schema\/logo\/image\/","url":"https:\/\/ag-frisch.com\/wp-content\/uploads\/2021\/08\/ag_logo_rgb_300_small.png","contentUrl":"https:\/\/ag-frisch.com\/wp-content\/uploads\/2021\/08\/ag_logo_rgb_300_small.png","width":153,"height":102,"caption":"Agentur Frisch International Consulting GmbH & Co. KG"},"image":{"@id":"https:\/\/ag-frisch.com\/de\/#\/schema\/logo\/image\/"},"sameAs":["https:\/\/www.facebook.com\/China.Import","https:\/\/x.com\/agenturfrisch"]}]}},"_links":{"self":[{"href":"https:\/\/ag-frisch.com\/es\/wp-json\/wp\/v2\/pages\/11039","targetHints":{"allow":["GET"]}}],"collection":[{"href":"https:\/\/ag-frisch.com\/es\/wp-json\/wp\/v2\/pages"}],"about":[{"href":"https:\/\/ag-frisch.com\/es\/wp-json\/wp\/v2\/types\/page"}],"author":[{"embeddable":true,"href":"https:\/\/ag-frisch.com\/es\/wp-json\/wp\/v2\/users\/2"}],"replies":[{"embeddable":true,"href":"https:\/\/ag-frisch.com\/es\/wp-json\/wp\/v2\/comments?post=11039"}],"version-history":[{"count":0,"href":"https:\/\/ag-frisch.com\/es\/wp-json\/wp\/v2\/pages\/11039\/revisions"}],"wp:attachment":[{"href":"https:\/\/ag-frisch.com\/es\/wp-json\/wp\/v2\/media?parent=11039"}],"curies":[{"name":"wp","href":"https:\/\/api.w.org\/{rel}","templated":true}]}}