{"id":11151,"date":"2022-04-30T06:21:11","date_gmt":"2022-04-30T04:21:11","guid":{"rendered":"https:\/\/ag-frisch.com\/material-fotografico-de-china\/"},"modified":"2023-01-27T05:27:34","modified_gmt":"2023-01-27T04:27:34","slug":"material-fotografico-de-china","status":"publish","type":"page","link":"https:\/\/ag-frisch.com\/es\/material-fotografico-de-china\/","title":{"rendered":"Material fotogr\u00e1fico de China"},"content":{"rendered":"<p>[et_pb_section fb_built=&#8221;1&#8243; _builder_version=&#8221;4.16&#8243; _module_preset=&#8221;default&#8221; global_colors_info=&#8221;{}&#8221;][et_pb_row _builder_version=&#8221;4.18.1&#8243; _module_preset=&#8221;default&#8221; global_colors_info=&#8221;{}&#8221;][et_pb_column type=&#8221;4_4&#8243; _builder_version=&#8221;4.18.1&#8243; _module_preset=&#8221;default&#8221; global_colors_info=&#8221;{}&#8221;][et_pb_cta title=&#8221;Importaci\u00f3n de peque\u00f1os aparatos electr\u00f3nicos de China&#8221; button_url=&#8221;https:\/\/ag-frisch.com\/es\/contacte-con\/&#8221; button_text=&#8221;Importe ya de un profesional  &#8221; _builder_version=&#8221;4.18.1&#8243; _module_preset=&#8221;default&#8221; hover_enabled=&#8221;0&#8243; global_colors_info=&#8221;{}&#8221; sticky_enabled=&#8221;0&#8243;]<\/p>\n<p>Los expertos en importaci\u00f3n de China desarrollan completamente para usted la importaci\u00f3n de peque\u00f1a electr\u00f3nica y tecnolog\u00eda de entretenimiento de China.<\/p>\n<p>[\/et_pb_cta][\/et_pb_column][\/et_pb_row][et_pb_row _builder_version=&#8221;4.16&#8243; _module_preset=&#8221;default&#8221; global_colors_info=&#8221;{}&#8221;][et_pb_column type=&#8221;4_4&#8243; _builder_version=&#8221;4.16&#8243; _module_preset=&#8221;default&#8221; global_colors_info=&#8221;{}&#8221;][et_pb_text _builder_version=&#8221;4.18.1&#8243; _module_preset=&#8221;default&#8221; global_colors_info=&#8221;{}&#8221;]<\/p>\n<h1>Importaci\u00f3n de peque\u00f1a electr\u00f3nica y tecnolog\u00eda de entretenimiento de China<\/h1>\n<p><strong>Ordenadores, tel\u00e9fonos m\u00f3viles, material fotogr\u00e1fico y mucho m\u00e1s en China<\/strong><\/p>\n<p>Casi ning\u00fan otro pa\u00eds es tan sin\u00f3nimo de peque\u00f1a electr\u00f3nica barata como China: &#8220;Made in China&#8221; se ha convertido en el ep\u00edtome de los dispositivos t\u00e9cnicos de producci\u00f3n barata. Pero aquellos tiempos quedaron atr\u00e1s: ahora el mercado prospera, se desarrollan y fabrican productos de primera calidad a una velocidad vertiginosa para su distribuci\u00f3n mundial. En Agentur Frisch, le proporcionamos las relaciones comerciales en China de las que necesita beneficiarse. Conocemos a los fabricantes y sabemos qu\u00e9 hay que tener en cuenta al importar equipos fotogr\u00e1ficos, peque\u00f1os aparatos electr\u00f3nicos, ordenadores y similares de China.<\/p>\n<p>&nbsp;<\/p>\n<p><strong>Peque\u00f1os aparatos electr\u00f3nicos chinos, baratos y de calidad<\/strong><\/p>\n<p>Como mayorista o minorista ambicioso, usted sabe lo importante que es comprar lo m\u00e1s barato posible para conseguir m\u00e1rgenes razonables. Le ofrecemos los mejores contactos para fortalecer su negocio a trav\u00e9s de la importaci\u00f3n de productos electr\u00f3nicos de China de una manera seria y lucrativa. En esta secci\u00f3n, nos complace ofrecerle productos como:<\/p>\n<ul>\n<li>Tel\u00e9fonos m\u00f3viles, smartphones, tabletas<\/li>\n<li>Port\u00e1tiles, ordenadores<\/li>\n<li>C\u00e1maras r\u00e9flex digitales\/anal\u00f3gicas, c\u00e1maras digitales y accesorios<\/li>\n<li>Tel\u00e9fonos y sistemas telef\u00f3nicos<\/li>\n<li>Equipos de laboratorio fotogr\u00e1fico y accesorios de estudio fotogr\u00e1fico<\/li>\n<li>L\u00e1mparas LED, bombillas, linternas<\/li>\n<li>y mucho m\u00e1s.<\/li>\n<\/ul>\n<p>&nbsp;<\/p>\n<p><strong>Suministros fotogr\u00e1ficos de China: cuando la calidad cuenta<\/strong><\/p>\n<p>Hoy en d\u00eda, cualquiera puede hacer unas cuantas fotos r\u00e1pidamente con su smartphone. Pero las fotos realmente buenas suelen surgir por casualidad. Los que quieren hacer una fotograf\u00eda m\u00e1s exigente siguen recurriendo a las c\u00e1maras r\u00e9flex o, al menos, a excelentes c\u00e1maras digitales. Aqu\u00ed le ofrecemos la mejor calidad al nivel alem\u00e1n. Lo mismo se aplica a las c\u00e1maras de cine y los proyectores de cine, los objetivos y todos los accesorios. Nuestros fabricantes tambi\u00e9n ofrecen todo lo necesario para el equipamiento de laboratorios fotogr\u00e1ficos y estudios fotogr\u00e1ficos completos. As\u00ed obtendr\u00e1 productos de la m\u00e1xima calidad por una fracci\u00f3n del precio.<\/p>\n<p>&nbsp;<\/p>\n<p><strong>Una buena conexi\u00f3n: tecnolog\u00eda de la comunicaci\u00f3n y electr\u00f3nica de consumo de China<\/strong><\/p>\n<p>El mercado chino de la electr\u00f3nica de comunicaciones es extremadamente selectivo; los dispositivos que se fabrican ahora all\u00ed cumplen las normas m\u00e1s estrictas y son desarrollados por aut\u00e9nticos expertos. Ya sea un smartphone o un ordenador, un port\u00e1til de gama alta o una videoconsola, encontraremos para usted el proveedor \u00f3ptimo para la importaci\u00f3n de electr\u00f3nica de consumo de China.<\/p>\n<p>&nbsp;<\/p>\n<p><strong>Importaci\u00f3n a China seria y fiable con la agencia Frisch<\/strong><\/p>\n<p>No podemos advertirte lo suficiente sobre los proveedores ventosos que te prometen el azul del cielo y luego te dejan tirado bajo la lluvia. Los socios comerciales dudosos da\u00f1an la reputaci\u00f3n de las importaciones limpias de China. La agencia Frisch lleva muchos a\u00f1os trabajando en este campo y por algo cuenta con una s\u00f3lida base de clientes habituales. Nuestra calificaci\u00f3n de 5 estrellas en Google habla por s\u00ed sola.<\/p>\n<p>Le ofrecemos:<\/p>\n<ul>\n<li>Fiabilidad<\/li>\n<li>liquidaci\u00f3n ordenada<\/li>\n<li>Normas alemanas<\/li>\n<li>precios favorables<\/li>\n<li>los mejores conocimientos<\/li>\n<li>Servicio completo<\/li>\n<\/ul>\n<p>&nbsp;<\/p>\n<p><strong>Una sola agencia para todos sus servicios de importaci\u00f3n de China<\/strong><\/p>\n<p>Le ofrecemos todos los servicios para su compra de material fotogr\u00e1fico o electr\u00f3nica de consumo en China, desde la b\u00fasqueda de fabricantes hasta la negociaci\u00f3n de precios y la redacci\u00f3n de contratos, pasando por el control de la producci\u00f3n y la garant\u00eda de calidad, el transporte, los derechos de aduana y los permisos, as\u00ed como el almacenamiento en Alemania si lo desea.<\/p>\n<p>&nbsp;<\/p>\n<p><strong>Empresa importadora de China con experiencia y referencias<\/strong><\/p>\n<p>Estamos orgullosos de poder asumir pr\u00e1cticamente todos los servicios para usted con nuestras filiales y garantizar as\u00ed la mejor calidad. Nuestras marcas como import4u, inspekt4u, airbridge Consulting, el laboratorio de pruebas BEIDE o stock4u son piezas importantes del mosaico en la imagen global del \u00e9xito de su negocio en la importaci\u00f3n a China.<\/p>\n<p>Entre nuestras referencias figuran grandes empresas de renombre, as\u00ed como los mejores vendedores de eBay y Amazon. Muchos de nuestros clientes se abastecen de nuestros productos desde hace muchos a\u00f1os. Queremos clientes satisfechos y hacemos algo al respecto.<\/p>\n<p>Conf\u00ede en los servicios de una empresa de importaci\u00f3n de China con experiencia.<\/p>\n<p>&nbsp;<\/p>\n<p><strong>Ofrecemos \u00e9xito sin concesiones.<\/strong><\/p>\n<p>&nbsp;<\/p>\n<p>[\/et_pb_text][\/et_pb_column][\/et_pb_row][\/et_pb_section][et_pb_section fb_built=&#8221;1&#8243; admin_label=&#8221;Testimonials&#8221; _builder_version=&#8221;4.16&#8243; use_background_color_gradient=&#8221;on&#8221; background_color_gradient_stops=&#8221;rgba(0,106,156,0.85) 0%|rgba(0,106,156,0.85) 100%&#8221; background_color_gradient_start=&#8221;rgba(0,106,156,0.85)&#8221; background_color_gradient_end=&#8221;rgba(0,106,156,0.85)&#8221; custom_padding=&#8221;90px||60px|&#8221; animation_style=&#8221;fold&#8221; animation_direction=&#8221;bottom&#8221; animation_intensity_fold=&#8221;4%&#8221; global_colors_info=&#8221;{}&#8221;][et_pb_row _builder_version=&#8221;4.16&#8243; background_size=&#8221;initial&#8221; background_position=&#8221;top_left&#8221; background_repeat=&#8221;repeat&#8221; custom_width_px=&#8221;710px&#8221; locked=&#8221;off&#8221; global_colors_info=&#8221;{}&#8221;][et_pb_column type=&#8221;4_4&#8243; _builder_version=&#8221;4.16&#8243; background_position=&#8221;top_left&#8221; custom_padding=&#8221;|||&#8221; global_colors_info=&#8221;{}&#8221; custom_padding__hover=&#8221;|||&#8221;][et_pb_text admin_label=&#8221;Testimonials Section Title&#8221; _builder_version=&#8221;4.16&#8243; header_font=&#8221;Montserrat||||&#8221; header_font_size=&#8221;36px&#8221; background_size=&#8221;initial&#8221; background_position=&#8221;top_left&#8221; background_repeat=&#8221;repeat&#8221; text_orientation=&#8221;center&#8221; background_layout=&#8221;dark&#8221; max_width=&#8221;710px&#8221; module_alignment=&#8221;center&#8221; animation_style=&#8221;fold&#8221; animation_direction=&#8221;bottom&#8221; animation_intensity_fold=&#8221;20%&#8221; global_colors_info=&#8221;{}&#8221;]<\/p>\n<h1>M\u00e1s de 5000 clientes satisfechos.<\/h1>\n<p>&nbsp;<\/p>\n<p>[\/et_pb_text][et_pb_divider color=&#8221;#ffffff&#8221; divider_weight=&#8221;3px&#8221; disabled_on=&#8221;off|off|off&#8221; _builder_version=&#8221;4.16&#8243; background_color_gradient_direction=&#8221;90deg&#8221; max_width=&#8221;100px&#8221; module_alignment=&#8221;center&#8221; height=&#8221;5px&#8221; custom_margin=&#8221;||20px|&#8221; custom_padding=&#8221;||20px|&#8221; animation_style=&#8221;slide&#8221; animation_direction=&#8221;bottom&#8221; saved_tabs=&#8221;all&#8221; locked=&#8221;off&#8221; global_colors_info=&#8221;{}&#8221;][\/et_pb_divider][\/et_pb_column][\/et_pb_row][et_pb_row column_structure=&#8221;1_2,1_2&#8243; _builder_version=&#8221;4.18.1&#8243; _module_preset=&#8221;default&#8221; global_colors_info=&#8221;{}&#8221;][et_pb_column type=&#8221;1_2&#8243; _builder_version=&#8221;4.18.1&#8243; _module_preset=&#8221;default&#8221; global_colors_info=&#8221;{}&#8221;][et_pb_testimonial author=&#8221;Marco&#8221; portrait_url=&#8221;https:\/\/ag-frisch.com\/wp-content\/uploads\/2021\/08\/Harald.png&#8221; quote_icon=&#8221;off&#8221; _builder_version=&#8221;4.18.1&#8243; _module_preset=&#8221;default&#8221; body_font_size=&#8221;16px&#8221; use_background_color=&#8221;off&#8221; background_layout=&#8221;dark&#8221; global_colors_info=&#8221;{}&#8221;]Encargu\u00e9 a la Agencia Frisch la fabricaci\u00f3n de un gran mueble en China y su posterior traslado a Alemania. La comunicaci\u00f3n por correo fue fluida en todo momento. Las respuestas, muy r\u00e1pidas y fiables, me dieron constantemente las seguridades indispensables en una empresa de este tipo. Me ayudaron en todo momento a atravesar la jungla burocr\u00e1tica y no se me olvid\u00f3 ning\u00fan formulario ni lo rellen\u00e9 incorrectamente. \u00a1Muy loable!<a href=\"&lt;div%20class=%22pe-richsnippets%22&gt;&nbsp;&lt;\/div&gt;%20&lt;script%20type=%22text\/javascript%22%20src=%22https:\/\/www.provenexpert.com\/widget\/richsnippet.js?u=1NUA0VwZ4RUZ5tmAi5zA4RaplNKAlWwZ&amp;v=2%22%20async&gt;&lt;\/script&gt;%20&lt;div%20style=%22text-align:%20justify;%22&gt;&lt;br%20\/&gt;\"><\/a><\/p>\n<div class=\"brow ratingBarMargin\">\n<div class=\"ratingBar\">\n<div class=\"brow\">\n<div class=\"pe-richsnippets\">&nbsp;<\/div>\n<p><script type=\"text\/javascript\" src=\"https:\/\/www.provenexpert.com\/widget\/richsnippet.js?u=1NUA0VwZ4RUZ5tmAi5zA4RaplNKAlWwZ&amp;v=2\" async=\"\"><\/script><\/p>\n<div style=\"text-align: justify;\"><\/p>\n<div class=\"col-lg-9 col-md-8 col-xs-10 mt20 mb20\">\n<div class=\"col-xs-12 surveyNameForRating\"><\/div>\n<\/div>\n<\/div>\n<\/div>\n<\/div>\n<\/div>\n<p>[\/et_pb_testimonial][\/et_pb_column][et_pb_column type=&#8221;1_2&#8243; _builder_version=&#8221;4.18.1&#8243; _module_preset=&#8221;default&#8221; global_colors_info=&#8221;{}&#8221;][et_pb_testimonial author=&#8221;Simone L.&#8221; portrait_url=&#8221;https:\/\/ag-frisch.com\/wp-content\/uploads\/2021\/08\/Harald.png&#8221; quote_icon=&#8221;off&#8221; _builder_version=&#8221;4.18.1&#8243; _module_preset=&#8221;default&#8221; body_font_size=&#8221;16px&#8221; use_background_color=&#8221;off&#8221; background_layout=&#8221;dark&#8221; global_colors_info=&#8221;{}&#8221;]<\/p>\n<p>Todo arriba. No hay nada mejor que esto. El asesoramiento y la aplicaci\u00f3n no pueden hacerse mejor. Estamos m\u00e1s que satisfechos despu\u00e9s de varios pedidos con esta empresa y continuamos nuestra cooperaci\u00f3n.<\/p>\n<div class=\"brow ratingBarMargin\">\n<div class=\"ratingBar\">\n<div class=\"brow\">\n<div class=\"pe-richsnippets\"> <\/div>\n<p>\n<script type=\"text\/javascript\" src=\"https:\/\/www.provenexpert.com\/widget\/richsnippet.js?u=1NUA0VwZ4RUZ5tmAi5zA4RaplNKAlWwZ&amp;v=2\" async=\"\"><\/script>\n<\/p>\n<div style=\"text-align: justify;\">\n<p>&nbsp;<\/p>\n<div class=\"col-lg-9 col-md-8 col-xs-10 mt20 mb20\">\n<div class=\"col-xs-12 surveyNameForRating\"><\/div>\n<\/div>\n<\/div>\n<\/div>\n<\/div>\n<\/div>\n<p>[\/et_pb_testimonial][\/et_pb_column][\/et_pb_row][et_pb_row _builder_version=&#8221;4.16&#8243; background_size=&#8221;initial&#8221; background_position=&#8221;top_left&#8221; background_repeat=&#8221;repeat&#8221; custom_padding=&#8221;50px|0px|30px|0px&#8221; custom_css_main_element=&#8221;text-align: center;&#8221; global_colors_info=&#8221;{}&#8221;][et_pb_column type=&#8221;4_4&#8243; _builder_version=&#8221;4.16&#8243; custom_padding=&#8221;|||&#8221; global_colors_info=&#8221;{}&#8221; custom_padding__hover=&#8221;|||&#8221;][et_pb_button button_url=&#8221;https:\/\/www.provenexpert.com\/de-de\/agentur-frisch-international-consulting-gmbh-und-co-kg\/&#8221; button_text=&#8221;M\u00c1S VALORACIONES&#8221; button_alignment=&#8221;left&#8221; admin_label=&#8221;Testimonial Button&#8221; _builder_version=&#8221;4.16&#8243; custom_button=&#8221;on&#8221; button_text_size=&#8221;18px&#8221; button_text_color=&#8221;#ffffff&#8221; button_bg_color=&#8221;#6eba01&#8243; button_border_width=&#8221;2px&#8221; button_border_color=&#8221;#6eba01&#8243; button_border_radius=&#8221;0px&#8221; button_letter_spacing=&#8221;2px&#8221; button_font=&#8221;Montserrat|||on|&#8221; button_use_icon=&#8221;off&#8221; animation_style=&#8221;fold&#8221; animation_direction=&#8221;bottom&#8221; button_text_color_hover=&#8221;#ffffff&#8221; button_border_color_hover=&#8221;#ffffff&#8221; button_border_radius_hover=&#8221;0px&#8221; button_letter_spacing_hover=&#8221;2px&#8221; button_bg_color_hover=&#8221;rgba(255,255,255,0)&#8221; locked=&#8221;off&#8221; global_colors_info=&#8221;{}&#8221; button_text_size__hover_enabled=&#8221;off&#8221; button_one_text_size__hover_enabled=&#8221;off&#8221; button_two_text_size__hover_enabled=&#8221;off&#8221; button_text_color__hover_enabled=&#8221;on&#8221; button_text_color__hover=&#8221;#ffffff&#8221; button_one_text_color__hover_enabled=&#8221;off&#8221; button_two_text_color__hover_enabled=&#8221;off&#8221; button_border_width__hover_enabled=&#8221;off&#8221; button_one_border_width__hover_enabled=&#8221;off&#8221; button_two_border_width__hover_enabled=&#8221;off&#8221; button_border_color__hover_enabled=&#8221;on&#8221; button_border_color__hover=&#8221;#ffffff&#8221; button_one_border_color__hover_enabled=&#8221;off&#8221; button_two_border_color__hover_enabled=&#8221;off&#8221; button_border_radius__hover_enabled=&#8221;on&#8221; button_border_radius__hover=&#8221;0px&#8221; button_one_border_radius__hover_enabled=&#8221;off&#8221; button_two_border_radius__hover_enabled=&#8221;off&#8221; button_letter_spacing__hover_enabled=&#8221;on&#8221; button_letter_spacing__hover=&#8221;2px&#8221; button_one_letter_spacing__hover_enabled=&#8221;off&#8221; button_two_letter_spacing__hover_enabled=&#8221;off&#8221; button_bg_color__hover_enabled=&#8221;on&#8221; button_bg_color__hover=&#8221;rgba(255,255,255,0)&#8221; button_one_bg_color__hover_enabled=&#8221;off&#8221; button_two_bg_color__hover_enabled=&#8221;off&#8221;][\/et_pb_button][\/et_pb_column][\/et_pb_row][\/et_pb_section]<\/p>\n","protected":false},"excerpt":{"rendered":"<p>Los expertos en importaci\u00f3n de China desarrollan completamente para usted la importaci\u00f3n de peque\u00f1a electr\u00f3nica y tecnolog\u00eda de entretenimiento de China.Importaci\u00f3n de peque\u00f1a electr\u00f3nica y tecnolog\u00eda de entretenimiento de China Ordenadores, tel\u00e9fonos m\u00f3viles, material fotogr\u00e1fico y mucho m\u00e1s en China Casi ning\u00fan otro pa\u00eds es tan sin\u00f3nimo de peque\u00f1a electr\u00f3nica barata como China: &#8220;Made in [&hellip;]<\/p>\n","protected":false},"author":2,"featured_media":0,"parent":0,"menu_order":0,"comment_status":"closed","ping_status":"closed","template":"","meta":{"_et_pb_use_builder":"on","_et_pb_old_content":"","_et_gb_content_width":"","footnotes":""},"class_list":["post-11151","page","type-page","status-publish","hentry"],"yoast_head":"<!-- This site is optimized with the Yoast SEO plugin v27.4 - https:\/\/yoast.com\/product\/yoast-seo-wordpress\/ -->\n<title>Importaci\u00f3n de peque\u00f1a electr\u00f3nica | electr\u00f3nica de consumo de China<\/title>\n<meta name=\"description\" content=\"China importaci\u00f3n de peque\u00f1a electr\u00f3nica \u25ba producci\u00f3n a bajo precio, calidad TOP \u2714 tecnolog\u00eda de la comunicaci\u00f3n \u2714 suministros fotogr\u00e1ficos \u2714 electr\u00f3nica de consumo \u25ba \u00a1Ases\u00f3rate!\" \/>\n<meta name=\"robots\" content=\"index, follow, max-snippet:-1, max-image-preview:large, max-video-preview:-1\" \/>\n<link rel=\"canonical\" href=\"https:\/\/ag-frisch.com\/es\/material-fotografico-de-china\/\" \/>\n<meta property=\"og:locale\" content=\"es_ES\" \/>\n<meta property=\"og:type\" content=\"article\" \/>\n<meta property=\"og:title\" content=\"Importaci\u00f3n de peque\u00f1a electr\u00f3nica | electr\u00f3nica de consumo de China\" \/>\n<meta property=\"og:description\" content=\"China importaci\u00f3n de peque\u00f1a electr\u00f3nica \u25ba producci\u00f3n a bajo precio, calidad TOP \u2714 tecnolog\u00eda de la comunicaci\u00f3n \u2714 suministros fotogr\u00e1ficos \u2714 electr\u00f3nica de consumo \u25ba \u00a1Ases\u00f3rate!\" \/>\n<meta property=\"og:url\" content=\"https:\/\/ag-frisch.com\/es\/material-fotografico-de-china\/\" \/>\n<meta property=\"og:site_name\" content=\"China Import Beratung f\u00fcr den Einkauf aus China\" \/>\n<meta property=\"article:publisher\" content=\"https:\/\/www.facebook.com\/China.Import\" \/>\n<meta property=\"article:modified_time\" content=\"2023-01-27T04:27:34+00:00\" \/>\n<meta name=\"twitter:card\" content=\"summary_large_image\" \/>\n<meta name=\"twitter:site\" content=\"@agenturfrisch\" \/>\n<meta name=\"twitter:label1\" content=\"Tiempo de lectura\" \/>\n\t<meta name=\"twitter:data1\" content=\"8 minutos\" \/>\n<script type=\"application\/ld+json\" class=\"yoast-schema-graph\">{\"@context\":\"https:\\\/\\\/schema.org\",\"@graph\":[{\"@type\":\"WebPage\",\"@id\":\"https:\\\/\\\/ag-frisch.com\\\/es\\\/material-fotografico-de-china\\\/\",\"url\":\"https:\\\/\\\/ag-frisch.com\\\/es\\\/material-fotografico-de-china\\\/\",\"name\":\"Importaci\u00f3n de peque\u00f1a electr\u00f3nica | electr\u00f3nica de consumo de China\",\"isPartOf\":{\"@id\":\"https:\\\/\\\/ag-frisch.com\\\/de\\\/#website\"},\"datePublished\":\"2022-04-30T04:21:11+00:00\",\"dateModified\":\"2023-01-27T04:27:34+00:00\",\"description\":\"China importaci\u00f3n de peque\u00f1a electr\u00f3nica \u25ba producci\u00f3n a bajo precio, calidad TOP \u2714 tecnolog\u00eda de la comunicaci\u00f3n \u2714 suministros fotogr\u00e1ficos \u2714 electr\u00f3nica de consumo \u25ba \u00a1Ases\u00f3rate!\",\"breadcrumb\":{\"@id\":\"https:\\\/\\\/ag-frisch.com\\\/es\\\/material-fotografico-de-china\\\/#breadcrumb\"},\"inLanguage\":\"es\",\"potentialAction\":[{\"@type\":\"ReadAction\",\"target\":[\"https:\\\/\\\/ag-frisch.com\\\/es\\\/material-fotografico-de-china\\\/\"]}]},{\"@type\":\"BreadcrumbList\",\"@id\":\"https:\\\/\\\/ag-frisch.com\\\/es\\\/material-fotografico-de-china\\\/#breadcrumb\",\"itemListElement\":[{\"@type\":\"ListItem\",\"position\":1,\"name\":\"Startseite\",\"item\":\"https:\\\/\\\/ag-frisch.com\\\/de\\\/\"},{\"@type\":\"ListItem\",\"position\":2,\"name\":\"Material fotogr\u00e1fico de China\"}]},{\"@type\":\"WebSite\",\"@id\":\"https:\\\/\\\/ag-frisch.com\\\/de\\\/#website\",\"url\":\"https:\\\/\\\/ag-frisch.com\\\/de\\\/\",\"name\":\"China Import Beratung f\u00fcr den Einkauf aus China\",\"description\":\"China Import &amp; Export Beratung - Der Dienstleister Ihres Vertrauens f\u00fcr Ihren China Import\",\"publisher\":{\"@id\":\"https:\\\/\\\/ag-frisch.com\\\/de\\\/#organization\"},\"potentialAction\":[{\"@type\":\"SearchAction\",\"target\":{\"@type\":\"EntryPoint\",\"urlTemplate\":\"https:\\\/\\\/ag-frisch.com\\\/de\\\/?s={search_term_string}\"},\"query-input\":{\"@type\":\"PropertyValueSpecification\",\"valueRequired\":true,\"valueName\":\"search_term_string\"}}],\"inLanguage\":\"es\"},{\"@type\":\"Organization\",\"@id\":\"https:\\\/\\\/ag-frisch.com\\\/de\\\/#organization\",\"name\":\"Agentur Frisch International Consulting GmbH & Co. KG\",\"url\":\"https:\\\/\\\/ag-frisch.com\\\/de\\\/\",\"logo\":{\"@type\":\"ImageObject\",\"inLanguage\":\"es\",\"@id\":\"https:\\\/\\\/ag-frisch.com\\\/de\\\/#\\\/schema\\\/logo\\\/image\\\/\",\"url\":\"https:\\\/\\\/ag-frisch.com\\\/wp-content\\\/uploads\\\/2021\\\/08\\\/ag_logo_rgb_300_small.png\",\"contentUrl\":\"https:\\\/\\\/ag-frisch.com\\\/wp-content\\\/uploads\\\/2021\\\/08\\\/ag_logo_rgb_300_small.png\",\"width\":153,\"height\":102,\"caption\":\"Agentur Frisch International Consulting GmbH & Co. KG\"},\"image\":{\"@id\":\"https:\\\/\\\/ag-frisch.com\\\/de\\\/#\\\/schema\\\/logo\\\/image\\\/\"},\"sameAs\":[\"https:\\\/\\\/www.facebook.com\\\/China.Import\",\"https:\\\/\\\/x.com\\\/agenturfrisch\"]}]}<\/script>\n<!-- \/ Yoast SEO plugin. -->","yoast_head_json":{"title":"Importaci\u00f3n de peque\u00f1a electr\u00f3nica | electr\u00f3nica de consumo de China","description":"China importaci\u00f3n de peque\u00f1a electr\u00f3nica \u25ba producci\u00f3n a bajo precio, calidad TOP \u2714 tecnolog\u00eda de la comunicaci\u00f3n \u2714 suministros fotogr\u00e1ficos \u2714 electr\u00f3nica de consumo \u25ba \u00a1Ases\u00f3rate!","robots":{"index":"index","follow":"follow","max-snippet":"max-snippet:-1","max-image-preview":"max-image-preview:large","max-video-preview":"max-video-preview:-1"},"canonical":"https:\/\/ag-frisch.com\/es\/material-fotografico-de-china\/","og_locale":"es_ES","og_type":"article","og_title":"Importaci\u00f3n de peque\u00f1a electr\u00f3nica | electr\u00f3nica de consumo de China","og_description":"China importaci\u00f3n de peque\u00f1a electr\u00f3nica \u25ba producci\u00f3n a bajo precio, calidad TOP \u2714 tecnolog\u00eda de la comunicaci\u00f3n \u2714 suministros fotogr\u00e1ficos \u2714 electr\u00f3nica de consumo \u25ba \u00a1Ases\u00f3rate!","og_url":"https:\/\/ag-frisch.com\/es\/material-fotografico-de-china\/","og_site_name":"China Import Beratung f\u00fcr den Einkauf aus China","article_publisher":"https:\/\/www.facebook.com\/China.Import","article_modified_time":"2023-01-27T04:27:34+00:00","twitter_card":"summary_large_image","twitter_site":"@agenturfrisch","twitter_misc":{"Tiempo de lectura":"8 minutos"},"schema":{"@context":"https:\/\/schema.org","@graph":[{"@type":"WebPage","@id":"https:\/\/ag-frisch.com\/es\/material-fotografico-de-china\/","url":"https:\/\/ag-frisch.com\/es\/material-fotografico-de-china\/","name":"Importaci\u00f3n de peque\u00f1a electr\u00f3nica | electr\u00f3nica de consumo de China","isPartOf":{"@id":"https:\/\/ag-frisch.com\/de\/#website"},"datePublished":"2022-04-30T04:21:11+00:00","dateModified":"2023-01-27T04:27:34+00:00","description":"China importaci\u00f3n de peque\u00f1a electr\u00f3nica \u25ba producci\u00f3n a bajo precio, calidad TOP \u2714 tecnolog\u00eda de la comunicaci\u00f3n \u2714 suministros fotogr\u00e1ficos \u2714 electr\u00f3nica de consumo \u25ba \u00a1Ases\u00f3rate!","breadcrumb":{"@id":"https:\/\/ag-frisch.com\/es\/material-fotografico-de-china\/#breadcrumb"},"inLanguage":"es","potentialAction":[{"@type":"ReadAction","target":["https:\/\/ag-frisch.com\/es\/material-fotografico-de-china\/"]}]},{"@type":"BreadcrumbList","@id":"https:\/\/ag-frisch.com\/es\/material-fotografico-de-china\/#breadcrumb","itemListElement":[{"@type":"ListItem","position":1,"name":"Startseite","item":"https:\/\/ag-frisch.com\/de\/"},{"@type":"ListItem","position":2,"name":"Material fotogr\u00e1fico de China"}]},{"@type":"WebSite","@id":"https:\/\/ag-frisch.com\/de\/#website","url":"https:\/\/ag-frisch.com\/de\/","name":"China Import Beratung f\u00fcr den Einkauf aus China","description":"China Import &amp; Export Beratung - Der Dienstleister Ihres Vertrauens f\u00fcr Ihren China Import","publisher":{"@id":"https:\/\/ag-frisch.com\/de\/#organization"},"potentialAction":[{"@type":"SearchAction","target":{"@type":"EntryPoint","urlTemplate":"https:\/\/ag-frisch.com\/de\/?s={search_term_string}"},"query-input":{"@type":"PropertyValueSpecification","valueRequired":true,"valueName":"search_term_string"}}],"inLanguage":"es"},{"@type":"Organization","@id":"https:\/\/ag-frisch.com\/de\/#organization","name":"Agentur Frisch International Consulting GmbH & Co. KG","url":"https:\/\/ag-frisch.com\/de\/","logo":{"@type":"ImageObject","inLanguage":"es","@id":"https:\/\/ag-frisch.com\/de\/#\/schema\/logo\/image\/","url":"https:\/\/ag-frisch.com\/wp-content\/uploads\/2021\/08\/ag_logo_rgb_300_small.png","contentUrl":"https:\/\/ag-frisch.com\/wp-content\/uploads\/2021\/08\/ag_logo_rgb_300_small.png","width":153,"height":102,"caption":"Agentur Frisch International Consulting GmbH & Co. KG"},"image":{"@id":"https:\/\/ag-frisch.com\/de\/#\/schema\/logo\/image\/"},"sameAs":["https:\/\/www.facebook.com\/China.Import","https:\/\/x.com\/agenturfrisch"]}]}},"_links":{"self":[{"href":"https:\/\/ag-frisch.com\/es\/wp-json\/wp\/v2\/pages\/11151","targetHints":{"allow":["GET"]}}],"collection":[{"href":"https:\/\/ag-frisch.com\/es\/wp-json\/wp\/v2\/pages"}],"about":[{"href":"https:\/\/ag-frisch.com\/es\/wp-json\/wp\/v2\/types\/page"}],"author":[{"embeddable":true,"href":"https:\/\/ag-frisch.com\/es\/wp-json\/wp\/v2\/users\/2"}],"replies":[{"embeddable":true,"href":"https:\/\/ag-frisch.com\/es\/wp-json\/wp\/v2\/comments?post=11151"}],"version-history":[{"count":0,"href":"https:\/\/ag-frisch.com\/es\/wp-json\/wp\/v2\/pages\/11151\/revisions"}],"wp:attachment":[{"href":"https:\/\/ag-frisch.com\/es\/wp-json\/wp\/v2\/media?parent=11151"}],"curies":[{"name":"wp","href":"https:\/\/api.w.org\/{rel}","templated":true}]}}