{"id":11231,"date":"2022-04-28T14:02:02","date_gmt":"2022-04-28T12:02:02","guid":{"rendered":"https:\/\/ag-frisch.com\/coches-y-motos\/"},"modified":"2023-01-27T05:27:38","modified_gmt":"2023-01-27T04:27:38","slug":"coches-y-motos","status":"publish","type":"page","link":"https:\/\/ag-frisch.com\/es\/coches-y-motos\/","title":{"rendered":"Coches y motos"},"content":{"rendered":"<p>[et_pb_section fb_built=&#8221;1&#8243; _builder_version=&#8221;4.16&#8243; _module_preset=&#8221;default&#8221; global_colors_info=&#8221;{}&#8221;][et_pb_row _builder_version=&#8221;4.18.1&#8243; _module_preset=&#8221;default&#8221; global_colors_info=&#8221;{}&#8221;][et_pb_column type=&#8221;4_4&#8243; _builder_version=&#8221;4.18.1&#8243; _module_preset=&#8221;default&#8221; global_colors_info=&#8221;{}&#8221;][et_pb_cta title=&#8221;Importar piezas de autom\u00f3viles, e-bikes y bicicletas de China&#8221; button_url=&#8221;https:\/\/ag-frisch.com\/es\/contacte-con\/&#8221; button_text=&#8221;Contratar profesionales ahora&#8221; _builder_version=&#8221;4.18.1&#8243; _module_preset=&#8221;default&#8221; global_colors_info=&#8221;{}&#8221;]<\/p>\n<p>Le apoyamos en la compra de piezas de autom\u00f3viles, e-bikes y bicicletas desde la consulta inicial, la b\u00fasqueda de proveedores en China, los pedidos de muestras, el dise\u00f1o de contratos, los procedimientos de conformidad, la garant\u00eda de calidad en China hasta la log\u00edstica y la entrega.  <\/p>\n<p>[\/et_pb_cta][\/et_pb_column][\/et_pb_row][et_pb_row _builder_version=&#8221;4.16&#8243; _module_preset=&#8221;default&#8221; global_colors_info=&#8221;{}&#8221;][et_pb_column type=&#8221;4_4&#8243; _builder_version=&#8221;4.16&#8243; _module_preset=&#8221;default&#8221; global_colors_info=&#8221;{}&#8221;][et_pb_text _builder_version=&#8221;4.18.1&#8243; _module_preset=&#8221;default&#8221; custom_padding=&#8221;0px||1px|||&#8221; hover_enabled=&#8221;0&#8243; global_colors_info=&#8221;{}&#8221; sticky_enabled=&#8221;0&#8243;]<\/p>\n<h1>Importaci\u00f3n de veh\u00edculos de China: Su profesional para importar coches y piezas de veh\u00edculos<br \/>\n<\/h1>\n<p>Agentur Frisch le ofrece productos en una amplia gama de tama\u00f1os, desde corta\u00fa\u00f1as a m\u00e1quinas industriales &#8211; coches, piezas de autom\u00f3viles y todo lo relacionado con las dos ruedas tambi\u00e9n est\u00e1n disponibles con nosotros. Podemos ponerle en contacto con empresas chinas que fabrican exactamente seg\u00fan sus especificaciones. Analizamos las necesidades junto con usted y establecemos la conexi\u00f3n \u00f3ptima con el fabricante adecuado para comprar piezas de autom\u00f3viles y mucho m\u00e1s en China. La agencia Frisch le ofrece en China importaci\u00f3n:<\/p>\n<ul>\n<li>Coches y piezas de autom\u00f3viles<\/li>\n<li>Veh\u00edculos de dos ruedas, quads y accesorios<\/li>\n<li>Bicicletas el\u00e9ctricas<\/li>\n<li>y mucho m\u00e1s.<\/li>\n<\/ul>\n<p>&nbsp;<\/p>\n<p><strong>De llantas a caravanas: coches y piezas de autom\u00f3viles procedentes de China<\/strong><\/p>\n<p>La gama de productos de automoci\u00f3n que intermediamos es enorme, desde las piezas y componentes de autom\u00f3vil m\u00e1s peque\u00f1os hasta productos de tuning, suministros de reparaci\u00f3n y piezas de recambio, e incluso flotas enteras de autom\u00f3viles de diversos tama\u00f1os. Tanto si se trata de un veh\u00edculo comercial o una limusina, una furgoneta o un coche peque\u00f1o, Agentur Frisch tambi\u00e9n encontrar\u00e1 para usted el productor de China con el que podr\u00e1 hacer los mejores negocios.<\/p>\n<p>&nbsp;<\/p>\n<p><strong>Importar motos, quads y art\u00edculos de motor de China<\/strong><\/p>\n<p>No s\u00f3lo ofrecemos coches y accesorios, sino tambi\u00e9n motos, quads y todo lo relacionado con las dos ruedas y sus familiares. Adem\u00e1s, tambi\u00e9n puede importar ropa de moto de China, as\u00ed como piezas de reparaci\u00f3n y recambio y todo tipo de accesorios.<\/p>\n<p>&nbsp;<\/p>\n<p><strong>Bicicletas el\u00e9ctricas modernas y baratas del fabricante  <\/strong><\/p>\n<p>Alemania es un gigantesco mercado de venta de bicicletas el\u00e9ctricas procedentes de China, que incluso est\u00e1n subvencionadas por el Estado. La importancia de las e-bikes aumentar\u00e1 en el futuro gracias al vuelco del tr\u00e1fico. Le ofrecemos productores que le venden directamente desde China bicicletas el\u00e9ctricas imbatiblemente baratas y, al mismo tiempo, de gran calidad. Tambi\u00e9n puede comprar bicicletas y accesorios para bicicletas de China a precios bajos a nuestros socios comerciales.<\/p>\n<p>&nbsp;<\/p>\n<p><strong>Comprar un coche es cuesti\u00f3n de confianza, tambi\u00e9n con las importaciones chinas<\/strong><\/p>\n<p>\u00bfQuiere estar seguro de que s\u00f3lo vende coches y veh\u00edculos de dos ruedas de importaci\u00f3n china absolutamente impecables a sus clientes? Es comprensible. Est\u00e1n en juego costosas reclamaciones por da\u00f1os e incluso vidas humanas. Nuestros socios comerciales en China son exclusivamente empresas que pueden auditarse seg\u00fan la norma IATF 16949. Si lo desea, podemos encargarnos nosotros mismos de la garant\u00eda de calidad antes, durante y despu\u00e9s de la producci\u00f3n. Le ofrecemos exactamente la seguridad que necesita a la hora de comprar piezas de autom\u00f3viles, motocicletas, bicicletas el\u00e9ctricas y bicicletas de China, a precios incre\u00edblemente bajos.<\/p>\n<p>&nbsp;<\/p>\n<p><strong>Para m\u00e1s seguridad: Servicio de la Agencia Frisch<\/strong><\/p>\n<p>Nuestras filiales internas inspekt4u y el laboratorio de ensayos BEIDE garantizan que los productos y componentes entren sin problemas en el mercado alem\u00e1n y cumplan las normas de seguridad m\u00e1s estrictas en uso. Si lo desea, podemos ofrecerle los siguientes servicios:<\/p>\n<ul>\n<li>Visita de auditor\u00eda antes de la producci\u00f3n en China, si es necesario con auditor\u00eda social (incl. certificado)<\/li>\n<li>Inspecci\u00f3n inicial de muestras FAI en China<\/li>\n<li>Pruebas DPI durante la producci\u00f3n en China<\/li>\n<li>Control de la producci\u00f3n de PM en China<\/li>\n<li>DSS Clasificaci\u00f3n de mercanc\u00edas defectuosas en China<\/li>\n<li>Certificado Cumplimiento de las condiciones de trabajo reconocidas internacionalmente<\/li>\n<li>Supervisi\u00f3n de la carga de CLS en China<\/li>\n<li>Ensayos seg\u00fan las normas DIN (para piezas de autom\u00f3viles, por ejemplo, <span>IATF 16949; para asientos infantiles, por ejemplo, ECE R44)<\/span>.<\/li>\n<li>Pruebas de laboratorio como RoHS y\/o REACH<\/li>\n<li>Garantizar las directrices CE, por ejemplo para piezas electr\u00f3nicas.  <\/li>\n<\/ul>\n<p>Nos aseguramos de que no experimente ninguna sorpresa desagradable con su importaci\u00f3n de China de la Agencia Frisch. Los productos que disponemos son de alta calidad y le dan la seguridad de que no tendr\u00e1 problemas con las aduanas ni con el cumplimiento de las normas alemanas o europeas. Tambi\u00e9n nos ocupamos por usted de la log\u00edstica de almacenamiento y transporte.<\/p>\n<p>&nbsp;<\/p>\n<p><strong>Coches, motos, e-bikes y bicicletas de China: \u00a1m\u00e1xima calidad a bajo precio!<\/strong><\/p>\n<p>Ya se trate de coches o motos, bicicletas o accesorios procedentes de China, la Agencia Frisch es su mejor aliado para comprar directamente al fabricante. P\u00f3ngase en contacto con nosotros, juntos encontraremos la mejor oferta para usted, y la realizaremos de forma competente.<\/p>\n<p>[\/et_pb_text][\/et_pb_column][\/et_pb_row][\/et_pb_section][et_pb_section fb_built=&#8221;1&#8243; admin_label=&#8221;Testimonials&#8221; _builder_version=&#8221;4.16&#8243; use_background_color_gradient=&#8221;on&#8221; background_color_gradient_stops=&#8221;rgba(0,106,156,0.85) 0%|rgba(0,106,156,0.85) 100%&#8221; background_color_gradient_start=&#8221;rgba(0,106,156,0.85)&#8221; background_color_gradient_end=&#8221;rgba(0,106,156,0.85)&#8221; custom_padding=&#8221;90px||60px|&#8221; animation_style=&#8221;fold&#8221; animation_direction=&#8221;bottom&#8221; animation_intensity_fold=&#8221;4%&#8221; global_colors_info=&#8221;{}&#8221;][et_pb_row _builder_version=&#8221;4.16&#8243; background_size=&#8221;initial&#8221; background_position=&#8221;top_left&#8221; background_repeat=&#8221;repeat&#8221; custom_width_px=&#8221;710px&#8221; locked=&#8221;off&#8221; global_colors_info=&#8221;{}&#8221;][et_pb_column type=&#8221;4_4&#8243; _builder_version=&#8221;4.16&#8243; background_position=&#8221;top_left&#8221; custom_padding=&#8221;|||&#8221; global_colors_info=&#8221;{}&#8221; custom_padding__hover=&#8221;|||&#8221;][et_pb_text admin_label=&#8221;Testimonials Section Title&#8221; _builder_version=&#8221;4.16&#8243; header_font=&#8221;Montserrat||||&#8221; header_font_size=&#8221;36px&#8221; background_size=&#8221;initial&#8221; background_position=&#8221;top_left&#8221; background_repeat=&#8221;repeat&#8221; text_orientation=&#8221;center&#8221; background_layout=&#8221;dark&#8221; max_width=&#8221;710px&#8221; module_alignment=&#8221;center&#8221; animation_style=&#8221;fold&#8221; animation_direction=&#8221;bottom&#8221; animation_intensity_fold=&#8221;20%&#8221; global_colors_info=&#8221;{}&#8221;]<\/p>\n<h1>M\u00e1s de 5000 clientes satisfechos.<\/h1>\n<p>&nbsp;<\/p>\n<p>[\/et_pb_text][et_pb_divider color=&#8221;#ffffff&#8221; divider_weight=&#8221;3px&#8221; disabled_on=&#8221;off|off|off&#8221; _builder_version=&#8221;4.16&#8243; background_color_gradient_direction=&#8221;90deg&#8221; max_width=&#8221;100px&#8221; module_alignment=&#8221;center&#8221; height=&#8221;5px&#8221; custom_margin=&#8221;||20px|&#8221; custom_padding=&#8221;||20px|&#8221; animation_style=&#8221;slide&#8221; animation_direction=&#8221;bottom&#8221; saved_tabs=&#8221;all&#8221; locked=&#8221;off&#8221; global_colors_info=&#8221;{}&#8221;][\/et_pb_divider][\/et_pb_column][\/et_pb_row][et_pb_row column_structure=&#8221;1_2,1_2&#8243; _builder_version=&#8221;4.18.1&#8243; _module_preset=&#8221;default&#8221; global_colors_info=&#8221;{}&#8221;][et_pb_column type=&#8221;1_2&#8243; _builder_version=&#8221;4.18.1&#8243; _module_preset=&#8221;default&#8221; global_colors_info=&#8221;{}&#8221;][et_pb_testimonial author=&#8221;Marco&#8221; portrait_url=&#8221;https:\/\/ag-frisch.com\/wp-content\/uploads\/2021\/08\/Harald.png&#8221; quote_icon=&#8221;off&#8221; _builder_version=&#8221;4.18.1&#8243; _module_preset=&#8221;default&#8221; body_font_size=&#8221;16px&#8221; use_background_color=&#8221;off&#8221; background_layout=&#8221;dark&#8221; global_colors_info=&#8221;{}&#8221;]Encargu\u00e9 a la Agencia Frisch la fabricaci\u00f3n de un gran mueble en China y su posterior traslado a Alemania. La comunicaci\u00f3n por correo fue fluida en todo momento. Las respuestas, muy r\u00e1pidas y fiables, me dieron constantemente las seguridades indispensables en una empresa de este tipo. Me ayudaron en todo momento a atravesar la jungla burocr\u00e1tica y no se me olvid\u00f3 ning\u00fan formulario ni lo rellen\u00e9 incorrectamente. \u00a1Muy loable!<a href=\"&lt;div%20class=%22pe-richsnippets%22&gt;&nbsp;&lt;\/div&gt;%20&lt;script%20type=%22text\/javascript%22%20src=%22https:\/\/www.provenexpert.com\/widget\/richsnippet.js?u=1NUA0VwZ4RUZ5tmAi5zA4RaplNKAlWwZ&amp;v=2%22%20async&gt;&lt;\/script&gt;%20&lt;div%20style=%22text-align:%20justify;%22&gt;&lt;br%20\/&gt;\"><\/a><\/p>\n<div class=\"brow ratingBarMargin\">\n<div class=\"ratingBar\">\n<div class=\"brow\">\n<div class=\"pe-richsnippets\">&nbsp;<\/div>\n<p><script type=\"text\/javascript\" src=\"https:\/\/www.provenexpert.com\/widget\/richsnippet.js?u=1NUA0VwZ4RUZ5tmAi5zA4RaplNKAlWwZ&amp;v=2\" async=\"\"><\/script><\/p>\n<div style=\"text-align: justify;\"><\/p>\n<div class=\"col-lg-9 col-md-8 col-xs-10 mt20 mb20\">\n<div class=\"col-xs-12 surveyNameForRating\"><\/div>\n<\/div>\n<\/div>\n<\/div>\n<\/div>\n<\/div>\n<p>[\/et_pb_testimonial][\/et_pb_column][et_pb_column type=&#8221;1_2&#8243; _builder_version=&#8221;4.18.1&#8243; _module_preset=&#8221;default&#8221; global_colors_info=&#8221;{}&#8221;][et_pb_testimonial author=&#8221;Simone L.&#8221; portrait_url=&#8221;https:\/\/ag-frisch.com\/wp-content\/uploads\/2021\/08\/Harald.png&#8221; quote_icon=&#8221;off&#8221; _builder_version=&#8221;4.18.1&#8243; _module_preset=&#8221;default&#8221; body_font_size=&#8221;16px&#8221; use_background_color=&#8221;off&#8221; background_layout=&#8221;dark&#8221; global_colors_info=&#8221;{}&#8221;]<\/p>\n<p>Todo arriba. No hay nada mejor que esto. El asesoramiento y la aplicaci\u00f3n no pueden hacerse mejor. Estamos m\u00e1s que satisfechos despu\u00e9s de varios pedidos con esta empresa y continuamos nuestra cooperaci\u00f3n.<\/p>\n<div class=\"brow ratingBarMargin\">\n<div class=\"ratingBar\">\n<div class=\"brow\">\n<div class=\"pe-richsnippets\"> <\/div>\n<p>\n<script type=\"text\/javascript\" src=\"https:\/\/www.provenexpert.com\/widget\/richsnippet.js?u=1NUA0VwZ4RUZ5tmAi5zA4RaplNKAlWwZ&amp;v=2\" async=\"\"><\/script>\n<\/p>\n<div style=\"text-align: justify;\">\n<p>&nbsp;<\/p>\n<div class=\"col-lg-9 col-md-8 col-xs-10 mt20 mb20\">\n<div class=\"col-xs-12 surveyNameForRating\"><\/div>\n<\/div>\n<\/div>\n<\/div>\n<\/div>\n<\/div>\n<p>[\/et_pb_testimonial][\/et_pb_column][\/et_pb_row][et_pb_row _builder_version=&#8221;4.16&#8243; background_size=&#8221;initial&#8221; background_position=&#8221;top_left&#8221; background_repeat=&#8221;repeat&#8221; custom_padding=&#8221;50px|0px|30px|0px&#8221; custom_css_main_element=&#8221;text-align: center;&#8221; global_colors_info=&#8221;{}&#8221;][et_pb_column type=&#8221;4_4&#8243; _builder_version=&#8221;4.16&#8243; custom_padding=&#8221;|||&#8221; global_colors_info=&#8221;{}&#8221; custom_padding__hover=&#8221;|||&#8221;][et_pb_button button_url=&#8221;https:\/\/www.provenexpert.com\/de-de\/agentur-frisch-international-consulting-gmbh-und-co-kg\/&#8221; button_text=&#8221;M\u00c1S VALORACIONES&#8221; button_alignment=&#8221;left&#8221; admin_label=&#8221;Testimonial Button&#8221; _builder_version=&#8221;4.16&#8243; custom_button=&#8221;on&#8221; button_text_size=&#8221;18px&#8221; button_text_color=&#8221;#ffffff&#8221; button_bg_color=&#8221;#6eba01&#8243; button_border_width=&#8221;2px&#8221; button_border_color=&#8221;#6eba01&#8243; button_border_radius=&#8221;0px&#8221; button_letter_spacing=&#8221;2px&#8221; button_font=&#8221;Montserrat|||on|&#8221; button_use_icon=&#8221;off&#8221; animation_style=&#8221;fold&#8221; animation_direction=&#8221;bottom&#8221; button_text_color_hover=&#8221;#ffffff&#8221; button_border_color_hover=&#8221;#ffffff&#8221; button_border_radius_hover=&#8221;0px&#8221; button_letter_spacing_hover=&#8221;2px&#8221; button_bg_color_hover=&#8221;rgba(255,255,255,0)&#8221; locked=&#8221;off&#8221; global_colors_info=&#8221;{}&#8221; button_text_size__hover_enabled=&#8221;off&#8221; button_one_text_size__hover_enabled=&#8221;off&#8221; button_two_text_size__hover_enabled=&#8221;off&#8221; button_text_color__hover_enabled=&#8221;on&#8221; button_text_color__hover=&#8221;#ffffff&#8221; button_one_text_color__hover_enabled=&#8221;off&#8221; button_two_text_color__hover_enabled=&#8221;off&#8221; button_border_width__hover_enabled=&#8221;off&#8221; button_one_border_width__hover_enabled=&#8221;off&#8221; button_two_border_width__hover_enabled=&#8221;off&#8221; button_border_color__hover_enabled=&#8221;on&#8221; button_border_color__hover=&#8221;#ffffff&#8221; button_one_border_color__hover_enabled=&#8221;off&#8221; button_two_border_color__hover_enabled=&#8221;off&#8221; button_border_radius__hover_enabled=&#8221;on&#8221; button_border_radius__hover=&#8221;0px&#8221; button_one_border_radius__hover_enabled=&#8221;off&#8221; button_two_border_radius__hover_enabled=&#8221;off&#8221; button_letter_spacing__hover_enabled=&#8221;on&#8221; button_letter_spacing__hover=&#8221;2px&#8221; button_one_letter_spacing__hover_enabled=&#8221;off&#8221; button_two_letter_spacing__hover_enabled=&#8221;off&#8221; button_bg_color__hover_enabled=&#8221;on&#8221; button_bg_color__hover=&#8221;rgba(255,255,255,0)&#8221; button_one_bg_color__hover_enabled=&#8221;off&#8221; button_two_bg_color__hover_enabled=&#8221;off&#8221;][\/et_pb_button][\/et_pb_column][\/et_pb_row][\/et_pb_section]<\/p>\n","protected":false},"excerpt":{"rendered":"<p>Le apoyamos en la compra de piezas de autom\u00f3viles, e-bikes y bicicletas desde la consulta inicial, la b\u00fasqueda de proveedores en China, los pedidos de muestras, el dise\u00f1o de contratos, los procedimientos de conformidad, la garant\u00eda de calidad en China hasta la log\u00edstica y la entrega. Importaci\u00f3n de veh\u00edculos de China: Su profesional para importar [&hellip;]<\/p>\n","protected":false},"author":2,"featured_media":0,"parent":0,"menu_order":0,"comment_status":"closed","ping_status":"closed","template":"","meta":{"_et_pb_use_builder":"on","_et_pb_old_content":"","_et_gb_content_width":"","footnotes":""},"class_list":["post-11231","page","type-page","status-publish","hentry"],"yoast_head":"<!-- This site is optimized with the Yoast SEO plugin v27.4 - https:\/\/yoast.com\/product\/yoast-seo-wordpress\/ -->\n<title>Car Parts Import-Profi | Importaci\u00f3n de coches y motos de China<\/title>\n<meta name=\"description\" content=\"Importar coches y motos de China \u25ba Desde llantas hasta caravanas: te ayudamos a importar veh\u00edculos \u25ba \u00a1Ases\u00f3rate ya!\" \/>\n<meta name=\"robots\" content=\"index, follow, max-snippet:-1, max-image-preview:large, max-video-preview:-1\" \/>\n<link rel=\"canonical\" href=\"https:\/\/ag-frisch.com\/es\/coches-y-motos\/\" \/>\n<meta property=\"og:locale\" content=\"es_ES\" \/>\n<meta property=\"og:type\" content=\"article\" \/>\n<meta property=\"og:title\" content=\"Car Parts Import-Profi | Importaci\u00f3n de coches y motos de China\" \/>\n<meta property=\"og:description\" content=\"Importar coches y motos de China \u25ba Desde llantas hasta caravanas: te ayudamos a importar veh\u00edculos \u25ba \u00a1Ases\u00f3rate ya!\" \/>\n<meta property=\"og:url\" content=\"https:\/\/ag-frisch.com\/es\/coches-y-motos\/\" \/>\n<meta property=\"og:site_name\" content=\"China Import Beratung f\u00fcr den Einkauf aus China\" \/>\n<meta property=\"article:publisher\" content=\"https:\/\/www.facebook.com\/China.Import\" \/>\n<meta property=\"article:modified_time\" content=\"2023-01-27T04:27:38+00:00\" \/>\n<meta name=\"twitter:card\" content=\"summary_large_image\" \/>\n<meta name=\"twitter:site\" content=\"@agenturfrisch\" \/>\n<meta name=\"twitter:label1\" content=\"Tiempo de lectura\" \/>\n\t<meta name=\"twitter:data1\" content=\"9 minutos\" \/>\n<script type=\"application\/ld+json\" class=\"yoast-schema-graph\">{\"@context\":\"https:\\\/\\\/schema.org\",\"@graph\":[{\"@type\":\"WebPage\",\"@id\":\"https:\\\/\\\/ag-frisch.com\\\/es\\\/coches-y-motos\\\/\",\"url\":\"https:\\\/\\\/ag-frisch.com\\\/es\\\/coches-y-motos\\\/\",\"name\":\"Car Parts Import-Profi | Importaci\u00f3n de coches y motos de China\",\"isPartOf\":{\"@id\":\"https:\\\/\\\/ag-frisch.com\\\/de\\\/#website\"},\"datePublished\":\"2022-04-28T12:02:02+00:00\",\"dateModified\":\"2023-01-27T04:27:38+00:00\",\"description\":\"Importar coches y motos de China \u25ba Desde llantas hasta caravanas: te ayudamos a importar veh\u00edculos \u25ba \u00a1Ases\u00f3rate ya!\",\"breadcrumb\":{\"@id\":\"https:\\\/\\\/ag-frisch.com\\\/es\\\/coches-y-motos\\\/#breadcrumb\"},\"inLanguage\":\"es\",\"potentialAction\":[{\"@type\":\"ReadAction\",\"target\":[\"https:\\\/\\\/ag-frisch.com\\\/es\\\/coches-y-motos\\\/\"]}]},{\"@type\":\"BreadcrumbList\",\"@id\":\"https:\\\/\\\/ag-frisch.com\\\/es\\\/coches-y-motos\\\/#breadcrumb\",\"itemListElement\":[{\"@type\":\"ListItem\",\"position\":1,\"name\":\"Startseite\",\"item\":\"https:\\\/\\\/ag-frisch.com\\\/de\\\/\"},{\"@type\":\"ListItem\",\"position\":2,\"name\":\"Coches y motos\"}]},{\"@type\":\"WebSite\",\"@id\":\"https:\\\/\\\/ag-frisch.com\\\/de\\\/#website\",\"url\":\"https:\\\/\\\/ag-frisch.com\\\/de\\\/\",\"name\":\"China Import Beratung f\u00fcr den Einkauf aus China\",\"description\":\"China Import &amp; Export Beratung - Der Dienstleister Ihres Vertrauens f\u00fcr Ihren China Import\",\"publisher\":{\"@id\":\"https:\\\/\\\/ag-frisch.com\\\/de\\\/#organization\"},\"potentialAction\":[{\"@type\":\"SearchAction\",\"target\":{\"@type\":\"EntryPoint\",\"urlTemplate\":\"https:\\\/\\\/ag-frisch.com\\\/de\\\/?s={search_term_string}\"},\"query-input\":{\"@type\":\"PropertyValueSpecification\",\"valueRequired\":true,\"valueName\":\"search_term_string\"}}],\"inLanguage\":\"es\"},{\"@type\":\"Organization\",\"@id\":\"https:\\\/\\\/ag-frisch.com\\\/de\\\/#organization\",\"name\":\"Agentur Frisch International Consulting GmbH & Co. KG\",\"url\":\"https:\\\/\\\/ag-frisch.com\\\/de\\\/\",\"logo\":{\"@type\":\"ImageObject\",\"inLanguage\":\"es\",\"@id\":\"https:\\\/\\\/ag-frisch.com\\\/de\\\/#\\\/schema\\\/logo\\\/image\\\/\",\"url\":\"https:\\\/\\\/ag-frisch.com\\\/wp-content\\\/uploads\\\/2021\\\/08\\\/ag_logo_rgb_300_small.png\",\"contentUrl\":\"https:\\\/\\\/ag-frisch.com\\\/wp-content\\\/uploads\\\/2021\\\/08\\\/ag_logo_rgb_300_small.png\",\"width\":153,\"height\":102,\"caption\":\"Agentur Frisch International Consulting GmbH & Co. KG\"},\"image\":{\"@id\":\"https:\\\/\\\/ag-frisch.com\\\/de\\\/#\\\/schema\\\/logo\\\/image\\\/\"},\"sameAs\":[\"https:\\\/\\\/www.facebook.com\\\/China.Import\",\"https:\\\/\\\/x.com\\\/agenturfrisch\"]}]}<\/script>\n<!-- \/ Yoast SEO plugin. -->","yoast_head_json":{"title":"Car Parts Import-Profi | Importaci\u00f3n de coches y motos de China","description":"Importar coches y motos de China \u25ba Desde llantas hasta caravanas: te ayudamos a importar veh\u00edculos \u25ba \u00a1Ases\u00f3rate ya!","robots":{"index":"index","follow":"follow","max-snippet":"max-snippet:-1","max-image-preview":"max-image-preview:large","max-video-preview":"max-video-preview:-1"},"canonical":"https:\/\/ag-frisch.com\/es\/coches-y-motos\/","og_locale":"es_ES","og_type":"article","og_title":"Car Parts Import-Profi | Importaci\u00f3n de coches y motos de China","og_description":"Importar coches y motos de China \u25ba Desde llantas hasta caravanas: te ayudamos a importar veh\u00edculos \u25ba \u00a1Ases\u00f3rate ya!","og_url":"https:\/\/ag-frisch.com\/es\/coches-y-motos\/","og_site_name":"China Import Beratung f\u00fcr den Einkauf aus China","article_publisher":"https:\/\/www.facebook.com\/China.Import","article_modified_time":"2023-01-27T04:27:38+00:00","twitter_card":"summary_large_image","twitter_site":"@agenturfrisch","twitter_misc":{"Tiempo de lectura":"9 minutos"},"schema":{"@context":"https:\/\/schema.org","@graph":[{"@type":"WebPage","@id":"https:\/\/ag-frisch.com\/es\/coches-y-motos\/","url":"https:\/\/ag-frisch.com\/es\/coches-y-motos\/","name":"Car Parts Import-Profi | Importaci\u00f3n de coches y motos de China","isPartOf":{"@id":"https:\/\/ag-frisch.com\/de\/#website"},"datePublished":"2022-04-28T12:02:02+00:00","dateModified":"2023-01-27T04:27:38+00:00","description":"Importar coches y motos de China \u25ba Desde llantas hasta caravanas: te ayudamos a importar veh\u00edculos \u25ba \u00a1Ases\u00f3rate ya!","breadcrumb":{"@id":"https:\/\/ag-frisch.com\/es\/coches-y-motos\/#breadcrumb"},"inLanguage":"es","potentialAction":[{"@type":"ReadAction","target":["https:\/\/ag-frisch.com\/es\/coches-y-motos\/"]}]},{"@type":"BreadcrumbList","@id":"https:\/\/ag-frisch.com\/es\/coches-y-motos\/#breadcrumb","itemListElement":[{"@type":"ListItem","position":1,"name":"Startseite","item":"https:\/\/ag-frisch.com\/de\/"},{"@type":"ListItem","position":2,"name":"Coches y motos"}]},{"@type":"WebSite","@id":"https:\/\/ag-frisch.com\/de\/#website","url":"https:\/\/ag-frisch.com\/de\/","name":"China Import Beratung f\u00fcr den Einkauf aus China","description":"China Import &amp; Export Beratung - Der Dienstleister Ihres Vertrauens f\u00fcr Ihren China Import","publisher":{"@id":"https:\/\/ag-frisch.com\/de\/#organization"},"potentialAction":[{"@type":"SearchAction","target":{"@type":"EntryPoint","urlTemplate":"https:\/\/ag-frisch.com\/de\/?s={search_term_string}"},"query-input":{"@type":"PropertyValueSpecification","valueRequired":true,"valueName":"search_term_string"}}],"inLanguage":"es"},{"@type":"Organization","@id":"https:\/\/ag-frisch.com\/de\/#organization","name":"Agentur Frisch International Consulting GmbH & Co. KG","url":"https:\/\/ag-frisch.com\/de\/","logo":{"@type":"ImageObject","inLanguage":"es","@id":"https:\/\/ag-frisch.com\/de\/#\/schema\/logo\/image\/","url":"https:\/\/ag-frisch.com\/wp-content\/uploads\/2021\/08\/ag_logo_rgb_300_small.png","contentUrl":"https:\/\/ag-frisch.com\/wp-content\/uploads\/2021\/08\/ag_logo_rgb_300_small.png","width":153,"height":102,"caption":"Agentur Frisch International Consulting GmbH & Co. KG"},"image":{"@id":"https:\/\/ag-frisch.com\/de\/#\/schema\/logo\/image\/"},"sameAs":["https:\/\/www.facebook.com\/China.Import","https:\/\/x.com\/agenturfrisch"]}]}},"_links":{"self":[{"href":"https:\/\/ag-frisch.com\/es\/wp-json\/wp\/v2\/pages\/11231","targetHints":{"allow":["GET"]}}],"collection":[{"href":"https:\/\/ag-frisch.com\/es\/wp-json\/wp\/v2\/pages"}],"about":[{"href":"https:\/\/ag-frisch.com\/es\/wp-json\/wp\/v2\/types\/page"}],"author":[{"embeddable":true,"href":"https:\/\/ag-frisch.com\/es\/wp-json\/wp\/v2\/users\/2"}],"replies":[{"embeddable":true,"href":"https:\/\/ag-frisch.com\/es\/wp-json\/wp\/v2\/comments?post=11231"}],"version-history":[{"count":0,"href":"https:\/\/ag-frisch.com\/es\/wp-json\/wp\/v2\/pages\/11231\/revisions"}],"wp:attachment":[{"href":"https:\/\/ag-frisch.com\/es\/wp-json\/wp\/v2\/media?parent=11231"}],"curies":[{"name":"wp","href":"https:\/\/api.w.org\/{rel}","templated":true}]}}