{"id":11273,"date":"2022-05-09T23:23:46","date_gmt":"2022-05-09T21:23:46","guid":{"rendered":"https:\/\/ag-frisch.com\/menaje-de-cocina-de-china\/"},"modified":"2023-01-27T05:28:29","modified_gmt":"2023-01-27T04:28:29","slug":"menaje-de-cocina-de-china","status":"publish","type":"page","link":"https:\/\/ag-frisch.com\/es\/menaje-de-cocina-de-china\/","title":{"rendered":"Menaje de cocina de China"},"content":{"rendered":"<p>[et_pb_section fb_built=&#8221;1&#8243; _builder_version=&#8221;4.16&#8243; _module_preset=&#8221;default&#8221; global_colors_info=&#8221;{}&#8221;][et_pb_row _builder_version=&#8221;4.18.1&#8243; _module_preset=&#8221;default&#8221; global_colors_info=&#8221;{}&#8221;][et_pb_column type=&#8221;4_4&#8243; _builder_version=&#8221;4.18.1&#8243; _module_preset=&#8221;default&#8221; global_colors_info=&#8221;{}&#8221;][et_pb_cta title=&#8221;Consultor\u00eda de importaci\u00f3n de China&#8221; button_url=&#8221;https:\/\/ag-frisch.com\/es\/contacte-con\/&#8221; button_text=&#8221;Reserve ahora una consulta&#8221; _builder_version=&#8221;4.16&#8243; _module_preset=&#8221;default&#8221; global_colors_info=&#8221;{}&#8221;]<\/p>\n<p>Con el asesoramiento de la Agencia de Importaci\u00f3n China Frisch, conseguir\u00e1 hacer negocios con China como si lo hicieran profesionales.  <\/p>\n<p>[\/et_pb_cta][\/et_pb_column][\/et_pb_row][et_pb_row _builder_version=&#8221;4.16&#8243; _module_preset=&#8221;default&#8221; global_colors_info=&#8221;{}&#8221;][et_pb_column type=&#8221;4_4&#8243; _builder_version=&#8221;4.16&#8243; _module_preset=&#8221;default&#8221; global_colors_info=&#8221;{}&#8221;][et_pb_text _builder_version=&#8221;4.18.1&#8243; _module_preset=&#8221;default&#8221; hover_enabled=&#8221;0&#8243; global_colors_info=&#8221;{}&#8221; sticky_enabled=&#8221;0&#8243;]<\/p>\n<h1>Su importaci\u00f3n de productos el\u00e9ctricos y aparatos de cocina de China<\/h1>\n<h2>Menaje de cocina y electrodom\u00e9sticos de China<\/h2>\n<p><strong>Comprar peque\u00f1os electrodom\u00e9sticos, aparatos de cocina y art\u00edculos el\u00e9ctricos directamente al fabricante<\/strong><\/p>\n<p>Comprar directamente al fabricante en China puede ahorrar mucho dinero. Como minorista ambicioso, mayorista o consumidor a granel, usted lo sabe, pero a menudo carece de las conexiones y los conocimientos necesarios para realizar una importaci\u00f3n de China de forma segura y rentable. En Agentur Frisch estamos especializados en la intermediaci\u00f3n de socios comerciales y, previa solicitud, en soluciones de importaci\u00f3n completas. Ofrecemos aparatos de cocina, peque\u00f1os electrodom\u00e9sticos y art\u00edculos el\u00e9ctricos procedentes de China a precios sensacionales y a trav\u00e9s de canales de distribuci\u00f3n fiables. Conf\u00ede en nuestra experiencia y benef\u00edciese de una inmejorable relaci\u00f3n calidad-precio.<\/p>\n<p>&nbsp;<\/p>\n<p><strong>Calidad segura a bajo precio: electrodom\u00e9sticos de cocina de China<\/strong><\/p>\n<p>Hornos y frigor\u00edficos, congeladores y microondas: el mundo de los electrodom\u00e9sticos de cocina es inmenso, y los m\u00e1rgenes de beneficio, a veces enormes. Como mayorista o distribuidor, usted sabe lo importantes que son las compras inteligentes y las relaciones comerciales fiables. Agentur Frisch es su contacto perfecto cuando se trata de importar electrodom\u00e9sticos y utensilios de cocina de China. Operamos desde Alemania con \u00f3ptimos v\u00ednculos en China. Por lo tanto, podemos ofrecerle grandes cantidades de estos aparatos de cocina de China directamente del fabricante a precios extremadamente bajos:<\/p>\n<ul>\n<li>Hornos y cocinas<\/li>\n<li>Frigor\u00edficos, congeladores (congeladores y arcones congeladores), aparatos combinados<\/li>\n<li>Cafeteras y dispensadores de caf\u00e9<\/li>\n<li>Lavavajillas<\/li>\n<li>Lavadoras y secadoras<\/li>\n<\/ul>\n<p>Por supuesto, tambi\u00e9n ofrecemos todos estos aparatos en calidad profesional, por ejemplo para el sector de la restauraci\u00f3n. P\u00f3ngase en contacto con nosotros y le aclararemos juntos las posibilidades y analizaremos sus necesidades a petici\u00f3n. Tenemos contactos comerciales en todos los segmentos del mercado.<\/p>\n<p>Por ejemplo, nuestros fabricantes traen electrodom\u00e9sticos de China para usted:<\/p>\n<ul>\n<li>Aspiradoras y abrillantadoras<\/li>\n<li>Solariums y tumbonas<\/li>\n<li>Ventiladores y humidificadores<\/li>\n<li>Sistemas de aire acondicionado y climatizadores<\/li>\n<\/ul>\n<p>&nbsp;<\/p>\n<p><strong>Peque\u00f1os electrodom\u00e9sticos de cocina para el sector de consumo<\/strong><\/p>\n<p>Tambi\u00e9n somos su mejor contacto cuando se trata de peque\u00f1os electrodom\u00e9sticos de China para el hogar y la cocina. Le ofrecemos todo lo que sus clientes desean, desde batidoras manuales y espumadores de leche hasta panificadoras autom\u00e1ticas, de forma r\u00e1pida, fiable y a los mejores precios. Puede pedir a trav\u00e9s de nosotros, por ejemplo, los siguientes art\u00edculos del grupo de productos Peque\u00f1os electrodom\u00e9sticos y cocina de China:<\/p>\n<ul>\n<li>Hierro<\/li>\n<li>Afeitadora de pelusas<\/li>\n<li>Cuchillos el\u00e9ctricos y cortadoras de pan<\/li>\n<li>Batidoras de mano y robots de cocina<\/li>\n<li>Panificadoras<\/li>\n<li>Exprimidores y exprimidoras<\/li>\n<li>Hervidor de agua y huevos<\/li>\n<li>M\u00e1quinas de helados<\/li>\n<\/ul>\n<p>&nbsp;<\/p>\n<p><strong>Importar productos el\u00e9ctricos de China: probados y etiquetados<\/strong><\/p>\n<p>Al importar productos el\u00e9ctricos, es especialmente importante poder confiar en su socio comercial. En este caso, los productos defectuosos pueden dar lugar a retiradas dr\u00e1sticas, costosas y perjudiciales para la empresa. Por eso damos la m\u00e1xima importancia a la fiabilidad. Realizamos nuestras propias inspecciones a cargo de personal cualificado y garantizamos un etiquetado adecuado. La negligencia en el \u00e1mbito de los productos el\u00e9ctricos procedentes de China no s\u00f3lo es irresponsable, sino tambi\u00e9n desventajosa desde el punto de vista empresarial. Por lo tanto, s\u00f3lo espere que la Agencia Frisch se ocupe de los socios comerciales que hayan demostrado cumplir todas las directrices nacionales e internacionales.<\/p>\n<p>En el segmento de art\u00edculos el\u00e9ctricos procedentes de China, le ofrecemos, entre otras cosas, cargadores y cajas de distribuci\u00f3n para tel\u00e9fonos m\u00f3viles, alargadores y temporizadores, bobinas de cable, fusibles, interruptores y material de instalaci\u00f3n: \u00a1p\u00f3ngase en contacto con nosotros y nos ocuparemos de su importaci\u00f3n de China!<\/p>\n<p>&nbsp;<\/p>\n<p><strong>Importaci\u00f3n seria de China con los mejores m\u00e1rgenes de beneficio<\/strong><\/p>\n<p>Queremos ofrecer tanto la mejor calidad como el precio m\u00e1s bajo. Nos esforzamos mucho en ello y utilizamos nuestros a\u00f1os de experiencia en el mercado chino. Innumerables socios comerciales satisfechos y docenas de clientes habituales demuestran que estamos a la altura de nuestras pretensiones. Para poder hacerlo, hemos fundado nuestras propias empresas para otras \u00e1reas de importaci\u00f3n de China:<\/p>\n<ul>\n<li>import4u &#8211; Compras y log\u00edstica<\/li>\n<li>inspekt4u &#8211; Control de calidad y log\u00edstica en China<\/li>\n<li>e-Best &#8211; el mercado de comercio electr\u00f3nico de la Agencia Frisch<\/li>\n<li>airbridge Consulting &#8211; especializada en calefacci\u00f3n, refrigeraci\u00f3n y secado<\/li>\n<li>China Import Consult &#8211; especializada en las necesidades de las grandes empresas<\/li>\n<li>stock4u &#8211; Almacenamiento y env\u00edo<\/li>\n<li>AMBAS pruebas de laboratorio &#8211; pruebas de laboratorio propias<\/li>\n<\/ul>\n<p>&nbsp;<\/p>\n<p><strong>Estamos deseando trabajar para usted.<\/strong><\/p>\n<p>[\/et_pb_text][\/et_pb_column][\/et_pb_row][\/et_pb_section][et_pb_section fb_built=&#8221;1&#8243; admin_label=&#8221;Testimonials&#8221; _builder_version=&#8221;4.16&#8243; use_background_color_gradient=&#8221;on&#8221; background_color_gradient_stops=&#8221;rgba(0,106,156,0.85) 0%|rgba(0,106,156,0.85) 100%&#8221; background_color_gradient_start=&#8221;rgba(0,106,156,0.85)&#8221; background_color_gradient_end=&#8221;rgba(0,106,156,0.85)&#8221; custom_padding=&#8221;90px||60px|&#8221; animation_style=&#8221;fold&#8221; animation_direction=&#8221;bottom&#8221; animation_intensity_fold=&#8221;4%&#8221; global_colors_info=&#8221;{}&#8221;][et_pb_row _builder_version=&#8221;4.16&#8243; background_size=&#8221;initial&#8221; background_position=&#8221;top_left&#8221; background_repeat=&#8221;repeat&#8221; custom_width_px=&#8221;710px&#8221; locked=&#8221;off&#8221; global_colors_info=&#8221;{}&#8221;][et_pb_column type=&#8221;4_4&#8243; _builder_version=&#8221;4.16&#8243; background_position=&#8221;top_left&#8221; custom_padding=&#8221;|||&#8221; global_colors_info=&#8221;{}&#8221; custom_padding__hover=&#8221;|||&#8221;][et_pb_text admin_label=&#8221;Testimonials Section Title&#8221; _builder_version=&#8221;4.16&#8243; header_font=&#8221;Montserrat||||&#8221; header_font_size=&#8221;36px&#8221; background_size=&#8221;initial&#8221; background_position=&#8221;top_left&#8221; background_repeat=&#8221;repeat&#8221; text_orientation=&#8221;center&#8221; background_layout=&#8221;dark&#8221; max_width=&#8221;710px&#8221; module_alignment=&#8221;center&#8221; animation_style=&#8221;fold&#8221; animation_direction=&#8221;bottom&#8221; animation_intensity_fold=&#8221;20%&#8221; global_colors_info=&#8221;{}&#8221;]<\/p>\n<h1>M\u00e1s de 5000 clientes satisfechos.<\/h1>\n<p>&nbsp;<\/p>\n<p>[\/et_pb_text][et_pb_divider color=&#8221;#ffffff&#8221; divider_weight=&#8221;3px&#8221; disabled_on=&#8221;off|off|off&#8221; _builder_version=&#8221;4.16&#8243; background_color_gradient_direction=&#8221;90deg&#8221; max_width=&#8221;100px&#8221; module_alignment=&#8221;center&#8221; height=&#8221;5px&#8221; custom_margin=&#8221;||20px|&#8221; custom_padding=&#8221;||20px|&#8221; animation_style=&#8221;slide&#8221; animation_direction=&#8221;bottom&#8221; saved_tabs=&#8221;all&#8221; locked=&#8221;off&#8221; global_colors_info=&#8221;{}&#8221;][\/et_pb_divider][\/et_pb_column][\/et_pb_row][et_pb_row column_structure=&#8221;1_2,1_2&#8243; _builder_version=&#8221;4.18.1&#8243; _module_preset=&#8221;default&#8221; global_colors_info=&#8221;{}&#8221;][et_pb_column type=&#8221;1_2&#8243; _builder_version=&#8221;4.18.1&#8243; _module_preset=&#8221;default&#8221; global_colors_info=&#8221;{}&#8221;][et_pb_testimonial author=&#8221;Marco&#8221; portrait_url=&#8221;https:\/\/ag-frisch.com\/wp-content\/uploads\/2021\/08\/Harald.png&#8221; quote_icon=&#8221;off&#8221; _builder_version=&#8221;4.18.1&#8243; _module_preset=&#8221;default&#8221; body_font_size=&#8221;16px&#8221; use_background_color=&#8221;off&#8221; background_layout=&#8221;dark&#8221; global_colors_info=&#8221;{}&#8221;]Encargu\u00e9 a la Agencia Frisch la fabricaci\u00f3n de un gran mueble en China y su posterior traslado a Alemania. La comunicaci\u00f3n por correo fue fluida en todo momento. Las respuestas, muy r\u00e1pidas y fiables, me dieron constantemente las seguridades indispensables en una empresa de este tipo. Me ayudaron en todo momento a atravesar la jungla burocr\u00e1tica y no se me olvid\u00f3 ning\u00fan formulario ni lo rellen\u00e9 incorrectamente. \u00a1Muy loable!<a href=\"&lt;div%20class=%22pe-richsnippets%22&gt;&nbsp;&lt;\/div&gt;%20&lt;script%20type=%22text\/javascript%22%20src=%22https:\/\/www.provenexpert.com\/widget\/richsnippet.js?u=1NUA0VwZ4RUZ5tmAi5zA4RaplNKAlWwZ&amp;v=2%22%20async&gt;&lt;\/script&gt;%20&lt;div%20style=%22text-align:%20justify;%22&gt;&lt;br%20\/&gt;\"><\/a><\/p>\n<div class=\"brow ratingBarMargin\">\n<div class=\"ratingBar\">\n<div class=\"brow\">\n<div class=\"pe-richsnippets\">&nbsp;<\/div>\n<p><script type=\"text\/javascript\" src=\"https:\/\/www.provenexpert.com\/widget\/richsnippet.js?u=1NUA0VwZ4RUZ5tmAi5zA4RaplNKAlWwZ&amp;v=2\" async=\"\"><\/script><\/p>\n<div style=\"text-align: justify;\"><\/p>\n<div class=\"col-lg-9 col-md-8 col-xs-10 mt20 mb20\">\n<div class=\"col-xs-12 surveyNameForRating\"><\/div>\n<\/div>\n<\/div>\n<\/div>\n<\/div>\n<\/div>\n<p>[\/et_pb_testimonial][\/et_pb_column][et_pb_column type=&#8221;1_2&#8243; _builder_version=&#8221;4.18.1&#8243; _module_preset=&#8221;default&#8221; global_colors_info=&#8221;{}&#8221;][et_pb_testimonial author=&#8221;Simone L.&#8221; portrait_url=&#8221;https:\/\/ag-frisch.com\/wp-content\/uploads\/2021\/08\/Harald.png&#8221; quote_icon=&#8221;off&#8221; _builder_version=&#8221;4.18.1&#8243; _module_preset=&#8221;default&#8221; body_font_size=&#8221;16px&#8221; use_background_color=&#8221;off&#8221; background_layout=&#8221;dark&#8221; global_colors_info=&#8221;{}&#8221;]<\/p>\n<p>Todo arriba. No hay nada mejor que esto. El asesoramiento y la aplicaci\u00f3n no pueden hacerse mejor. Estamos m\u00e1s que satisfechos despu\u00e9s de varios pedidos con esta empresa y continuamos nuestra cooperaci\u00f3n.<\/p>\n<div class=\"brow ratingBarMargin\">\n<div class=\"ratingBar\">\n<div class=\"brow\">\n<div class=\"pe-richsnippets\"> <\/div>\n<p>\n<script type=\"text\/javascript\" src=\"https:\/\/www.provenexpert.com\/widget\/richsnippet.js?u=1NUA0VwZ4RUZ5tmAi5zA4RaplNKAlWwZ&amp;v=2\" async=\"\"><\/script>\n<\/p>\n<div style=\"text-align: justify;\">\n<p>&nbsp;<\/p>\n<div class=\"col-lg-9 col-md-8 col-xs-10 mt20 mb20\">\n<div class=\"col-xs-12 surveyNameForRating\"><\/div>\n<\/div>\n<\/div>\n<\/div>\n<\/div>\n<\/div>\n<p>[\/et_pb_testimonial][\/et_pb_column][\/et_pb_row][et_pb_row _builder_version=&#8221;4.16&#8243; background_size=&#8221;initial&#8221; background_position=&#8221;top_left&#8221; background_repeat=&#8221;repeat&#8221; custom_padding=&#8221;50px|0px|30px|0px&#8221; custom_css_main_element=&#8221;text-align: center;&#8221; global_colors_info=&#8221;{}&#8221;][et_pb_column type=&#8221;4_4&#8243; _builder_version=&#8221;4.16&#8243; custom_padding=&#8221;|||&#8221; global_colors_info=&#8221;{}&#8221; custom_padding__hover=&#8221;|||&#8221;][et_pb_button button_url=&#8221;https:\/\/www.provenexpert.com\/de-de\/agentur-frisch-international-consulting-gmbh-und-co-kg\/&#8221; button_text=&#8221;M\u00c1S VALORACIONES&#8221; button_alignment=&#8221;left&#8221; admin_label=&#8221;Testimonial Button&#8221; _builder_version=&#8221;4.16&#8243; custom_button=&#8221;on&#8221; button_text_size=&#8221;18px&#8221; button_text_color=&#8221;#ffffff&#8221; button_bg_color=&#8221;#6eba01&#8243; button_border_width=&#8221;2px&#8221; button_border_color=&#8221;#6eba01&#8243; button_border_radius=&#8221;0px&#8221; button_letter_spacing=&#8221;2px&#8221; button_font=&#8221;Montserrat|||on|&#8221; button_use_icon=&#8221;off&#8221; animation_style=&#8221;fold&#8221; animation_direction=&#8221;bottom&#8221; button_text_color_hover=&#8221;#ffffff&#8221; button_border_color_hover=&#8221;#ffffff&#8221; button_border_radius_hover=&#8221;0px&#8221; button_letter_spacing_hover=&#8221;2px&#8221; button_bg_color_hover=&#8221;rgba(255,255,255,0)&#8221; locked=&#8221;off&#8221; global_colors_info=&#8221;{}&#8221; button_text_size__hover_enabled=&#8221;off&#8221; button_one_text_size__hover_enabled=&#8221;off&#8221; button_two_text_size__hover_enabled=&#8221;off&#8221; button_text_color__hover_enabled=&#8221;on&#8221; button_text_color__hover=&#8221;#ffffff&#8221; button_one_text_color__hover_enabled=&#8221;off&#8221; button_two_text_color__hover_enabled=&#8221;off&#8221; button_border_width__hover_enabled=&#8221;off&#8221; button_one_border_width__hover_enabled=&#8221;off&#8221; button_two_border_width__hover_enabled=&#8221;off&#8221; button_border_color__hover_enabled=&#8221;on&#8221; button_border_color__hover=&#8221;#ffffff&#8221; button_one_border_color__hover_enabled=&#8221;off&#8221; button_two_border_color__hover_enabled=&#8221;off&#8221; button_border_radius__hover_enabled=&#8221;on&#8221; button_border_radius__hover=&#8221;0px&#8221; button_one_border_radius__hover_enabled=&#8221;off&#8221; button_two_border_radius__hover_enabled=&#8221;off&#8221; button_letter_spacing__hover_enabled=&#8221;on&#8221; button_letter_spacing__hover=&#8221;2px&#8221; button_one_letter_spacing__hover_enabled=&#8221;off&#8221; button_two_letter_spacing__hover_enabled=&#8221;off&#8221; button_bg_color__hover_enabled=&#8221;on&#8221; button_bg_color__hover=&#8221;rgba(255,255,255,0)&#8221; button_one_bg_color__hover_enabled=&#8221;off&#8221; button_two_bg_color__hover_enabled=&#8221;off&#8221;][\/et_pb_button][\/et_pb_column][\/et_pb_row][\/et_pb_section]<\/p>\n","protected":false},"excerpt":{"rendered":"<p>Con el asesoramiento de la Agencia de Importaci\u00f3n China Frisch, conseguir\u00e1 hacer negocios con China como si lo hicieran profesionales. Su importaci\u00f3n de productos el\u00e9ctricos y aparatos de cocina de China Menaje de cocina y electrodom\u00e9sticos de China Comprar peque\u00f1os electrodom\u00e9sticos, aparatos de cocina y art\u00edculos el\u00e9ctricos directamente al fabricante Comprar directamente al fabricante en [&hellip;]<\/p>\n","protected":false},"author":2,"featured_media":0,"parent":0,"menu_order":0,"comment_status":"closed","ping_status":"closed","template":"","meta":{"_et_pb_use_builder":"on","_et_pb_old_content":"","_et_gb_content_width":"","footnotes":""},"class_list":["post-11273","page","type-page","status-publish","hentry"],"yoast_head":"<!-- This site is optimized with the Yoast SEO plugin v27.2 - https:\/\/yoast.com\/product\/yoast-seo-wordpress\/ -->\n<title>Electrodom\u00e9sticos de cocina de China | Importaci\u00f3n de productos el\u00e9ctricos de China<\/title>\n<meta name=\"description\" content=\"Importa electrodom\u00e9sticos de cocina f\u00e1cilmente de China \u25ba Muchos art\u00edculos el\u00e9ctricos directamente de China \u2714 Hornos \u2714 Frigor\u00edficos \u2714 Microondas \u25ba \u00a1Ases\u00f3rate ya!\" \/>\n<meta name=\"robots\" content=\"index, follow, max-snippet:-1, max-image-preview:large, max-video-preview:-1\" \/>\n<link rel=\"canonical\" href=\"https:\/\/ag-frisch.com\/es\/menaje-de-cocina-de-china\/\" \/>\n<meta property=\"og:locale\" content=\"es_ES\" \/>\n<meta property=\"og:type\" content=\"article\" \/>\n<meta property=\"og:title\" content=\"Electrodom\u00e9sticos de cocina de China | Importaci\u00f3n de productos el\u00e9ctricos de China\" \/>\n<meta property=\"og:description\" content=\"Importa electrodom\u00e9sticos de cocina f\u00e1cilmente de China \u25ba Muchos art\u00edculos el\u00e9ctricos directamente de China \u2714 Hornos \u2714 Frigor\u00edficos \u2714 Microondas \u25ba \u00a1Ases\u00f3rate ya!\" \/>\n<meta property=\"og:url\" content=\"https:\/\/ag-frisch.com\/es\/menaje-de-cocina-de-china\/\" \/>\n<meta property=\"og:site_name\" content=\"China Import Beratung f\u00fcr den Einkauf aus China\" \/>\n<meta property=\"article:publisher\" content=\"https:\/\/www.facebook.com\/China.Import\" \/>\n<meta property=\"article:modified_time\" content=\"2023-01-27T04:28:29+00:00\" \/>\n<meta name=\"twitter:card\" content=\"summary_large_image\" \/>\n<meta name=\"twitter:site\" content=\"@agenturfrisch\" \/>\n<meta name=\"twitter:label1\" content=\"Tiempo de lectura\" \/>\n\t<meta name=\"twitter:data1\" content=\"9 minutos\" \/>\n<script type=\"application\/ld+json\" class=\"yoast-schema-graph\">{\"@context\":\"https:\/\/schema.org\",\"@graph\":[{\"@type\":\"WebPage\",\"@id\":\"https:\/\/ag-frisch.com\/es\/menaje-de-cocina-de-china\/\",\"url\":\"https:\/\/ag-frisch.com\/es\/menaje-de-cocina-de-china\/\",\"name\":\"Electrodom\u00e9sticos de cocina de China | Importaci\u00f3n de productos el\u00e9ctricos de China\",\"isPartOf\":{\"@id\":\"https:\/\/ag-frisch.com\/de\/#website\"},\"datePublished\":\"2022-05-09T21:23:46+00:00\",\"dateModified\":\"2023-01-27T04:28:29+00:00\",\"description\":\"Importa electrodom\u00e9sticos de cocina f\u00e1cilmente de China \u25ba Muchos art\u00edculos el\u00e9ctricos directamente de China \u2714 Hornos \u2714 Frigor\u00edficos \u2714 Microondas \u25ba \u00a1Ases\u00f3rate ya!\",\"breadcrumb\":{\"@id\":\"https:\/\/ag-frisch.com\/es\/menaje-de-cocina-de-china\/#breadcrumb\"},\"inLanguage\":\"es\",\"potentialAction\":[{\"@type\":\"ReadAction\",\"target\":[\"https:\/\/ag-frisch.com\/es\/menaje-de-cocina-de-china\/\"]}]},{\"@type\":\"BreadcrumbList\",\"@id\":\"https:\/\/ag-frisch.com\/es\/menaje-de-cocina-de-china\/#breadcrumb\",\"itemListElement\":[{\"@type\":\"ListItem\",\"position\":1,\"name\":\"Startseite\",\"item\":\"https:\/\/ag-frisch.com\/de\/\"},{\"@type\":\"ListItem\",\"position\":2,\"name\":\"Menaje de cocina de China\"}]},{\"@type\":\"WebSite\",\"@id\":\"https:\/\/ag-frisch.com\/de\/#website\",\"url\":\"https:\/\/ag-frisch.com\/de\/\",\"name\":\"China Import Beratung f\u00fcr den Einkauf aus China\",\"description\":\"China Import &amp; Export Beratung - Der Dienstleister Ihres Vertrauens f\u00fcr Ihren China Import\",\"publisher\":{\"@id\":\"https:\/\/ag-frisch.com\/de\/#organization\"},\"potentialAction\":[{\"@type\":\"SearchAction\",\"target\":{\"@type\":\"EntryPoint\",\"urlTemplate\":\"https:\/\/ag-frisch.com\/de\/?s={search_term_string}\"},\"query-input\":{\"@type\":\"PropertyValueSpecification\",\"valueRequired\":true,\"valueName\":\"search_term_string\"}}],\"inLanguage\":\"es\"},{\"@type\":\"Organization\",\"@id\":\"https:\/\/ag-frisch.com\/de\/#organization\",\"name\":\"Agentur Frisch International Consulting GmbH & Co. KG\",\"url\":\"https:\/\/ag-frisch.com\/de\/\",\"logo\":{\"@type\":\"ImageObject\",\"inLanguage\":\"es\",\"@id\":\"https:\/\/ag-frisch.com\/de\/#\/schema\/logo\/image\/\",\"url\":\"https:\/\/ag-frisch.com\/wp-content\/uploads\/2021\/08\/ag_logo_rgb_300_small.png\",\"contentUrl\":\"https:\/\/ag-frisch.com\/wp-content\/uploads\/2021\/08\/ag_logo_rgb_300_small.png\",\"width\":153,\"height\":102,\"caption\":\"Agentur Frisch International Consulting GmbH & Co. KG\"},\"image\":{\"@id\":\"https:\/\/ag-frisch.com\/de\/#\/schema\/logo\/image\/\"},\"sameAs\":[\"https:\/\/www.facebook.com\/China.Import\",\"https:\/\/x.com\/agenturfrisch\"]}]}<\/script>\n<!-- \/ Yoast SEO plugin. -->","yoast_head_json":{"title":"Electrodom\u00e9sticos de cocina de China | Importaci\u00f3n de productos el\u00e9ctricos de China","description":"Importa electrodom\u00e9sticos de cocina f\u00e1cilmente de China \u25ba Muchos art\u00edculos el\u00e9ctricos directamente de China \u2714 Hornos \u2714 Frigor\u00edficos \u2714 Microondas \u25ba \u00a1Ases\u00f3rate ya!","robots":{"index":"index","follow":"follow","max-snippet":"max-snippet:-1","max-image-preview":"max-image-preview:large","max-video-preview":"max-video-preview:-1"},"canonical":"https:\/\/ag-frisch.com\/es\/menaje-de-cocina-de-china\/","og_locale":"es_ES","og_type":"article","og_title":"Electrodom\u00e9sticos de cocina de China | Importaci\u00f3n de productos el\u00e9ctricos de China","og_description":"Importa electrodom\u00e9sticos de cocina f\u00e1cilmente de China \u25ba Muchos art\u00edculos el\u00e9ctricos directamente de China \u2714 Hornos \u2714 Frigor\u00edficos \u2714 Microondas \u25ba \u00a1Ases\u00f3rate ya!","og_url":"https:\/\/ag-frisch.com\/es\/menaje-de-cocina-de-china\/","og_site_name":"China Import Beratung f\u00fcr den Einkauf aus China","article_publisher":"https:\/\/www.facebook.com\/China.Import","article_modified_time":"2023-01-27T04:28:29+00:00","twitter_card":"summary_large_image","twitter_site":"@agenturfrisch","twitter_misc":{"Tiempo de lectura":"9 minutos"},"schema":{"@context":"https:\/\/schema.org","@graph":[{"@type":"WebPage","@id":"https:\/\/ag-frisch.com\/es\/menaje-de-cocina-de-china\/","url":"https:\/\/ag-frisch.com\/es\/menaje-de-cocina-de-china\/","name":"Electrodom\u00e9sticos de cocina de China | Importaci\u00f3n de productos el\u00e9ctricos de China","isPartOf":{"@id":"https:\/\/ag-frisch.com\/de\/#website"},"datePublished":"2022-05-09T21:23:46+00:00","dateModified":"2023-01-27T04:28:29+00:00","description":"Importa electrodom\u00e9sticos de cocina f\u00e1cilmente de China \u25ba Muchos art\u00edculos el\u00e9ctricos directamente de China \u2714 Hornos \u2714 Frigor\u00edficos \u2714 Microondas \u25ba \u00a1Ases\u00f3rate ya!","breadcrumb":{"@id":"https:\/\/ag-frisch.com\/es\/menaje-de-cocina-de-china\/#breadcrumb"},"inLanguage":"es","potentialAction":[{"@type":"ReadAction","target":["https:\/\/ag-frisch.com\/es\/menaje-de-cocina-de-china\/"]}]},{"@type":"BreadcrumbList","@id":"https:\/\/ag-frisch.com\/es\/menaje-de-cocina-de-china\/#breadcrumb","itemListElement":[{"@type":"ListItem","position":1,"name":"Startseite","item":"https:\/\/ag-frisch.com\/de\/"},{"@type":"ListItem","position":2,"name":"Menaje de cocina de China"}]},{"@type":"WebSite","@id":"https:\/\/ag-frisch.com\/de\/#website","url":"https:\/\/ag-frisch.com\/de\/","name":"China Import Beratung f\u00fcr den Einkauf aus China","description":"China Import &amp; Export Beratung - Der Dienstleister Ihres Vertrauens f\u00fcr Ihren China Import","publisher":{"@id":"https:\/\/ag-frisch.com\/de\/#organization"},"potentialAction":[{"@type":"SearchAction","target":{"@type":"EntryPoint","urlTemplate":"https:\/\/ag-frisch.com\/de\/?s={search_term_string}"},"query-input":{"@type":"PropertyValueSpecification","valueRequired":true,"valueName":"search_term_string"}}],"inLanguage":"es"},{"@type":"Organization","@id":"https:\/\/ag-frisch.com\/de\/#organization","name":"Agentur Frisch International Consulting GmbH & Co. KG","url":"https:\/\/ag-frisch.com\/de\/","logo":{"@type":"ImageObject","inLanguage":"es","@id":"https:\/\/ag-frisch.com\/de\/#\/schema\/logo\/image\/","url":"https:\/\/ag-frisch.com\/wp-content\/uploads\/2021\/08\/ag_logo_rgb_300_small.png","contentUrl":"https:\/\/ag-frisch.com\/wp-content\/uploads\/2021\/08\/ag_logo_rgb_300_small.png","width":153,"height":102,"caption":"Agentur Frisch International Consulting GmbH & Co. KG"},"image":{"@id":"https:\/\/ag-frisch.com\/de\/#\/schema\/logo\/image\/"},"sameAs":["https:\/\/www.facebook.com\/China.Import","https:\/\/x.com\/agenturfrisch"]}]}},"_links":{"self":[{"href":"https:\/\/ag-frisch.com\/es\/wp-json\/wp\/v2\/pages\/11273","targetHints":{"allow":["GET"]}}],"collection":[{"href":"https:\/\/ag-frisch.com\/es\/wp-json\/wp\/v2\/pages"}],"about":[{"href":"https:\/\/ag-frisch.com\/es\/wp-json\/wp\/v2\/types\/page"}],"author":[{"embeddable":true,"href":"https:\/\/ag-frisch.com\/es\/wp-json\/wp\/v2\/users\/2"}],"replies":[{"embeddable":true,"href":"https:\/\/ag-frisch.com\/es\/wp-json\/wp\/v2\/comments?post=11273"}],"version-history":[{"count":0,"href":"https:\/\/ag-frisch.com\/es\/wp-json\/wp\/v2\/pages\/11273\/revisions"}],"wp:attachment":[{"href":"https:\/\/ag-frisch.com\/es\/wp-json\/wp\/v2\/media?parent=11273"}],"curies":[{"name":"wp","href":"https:\/\/api.w.org\/{rel}","templated":true}]}}