{"id":11325,"date":"2022-05-12T07:09:47","date_gmt":"2022-05-12T05:09:47","guid":{"rendered":"https:\/\/ag-frisch.com\/instrumentos-musicales-de-china\/"},"modified":"2023-01-27T05:29:40","modified_gmt":"2023-01-27T04:29:40","slug":"instrumentos-musicales-de-china","status":"publish","type":"page","link":"https:\/\/ag-frisch.com\/es\/instrumentos-musicales-de-china\/","title":{"rendered":"Instrumentos musicales de China"},"content":{"rendered":"<p>[et_pb_section fb_built=&#8221;1&#8243; _builder_version=&#8221;4.16&#8243; _module_preset=&#8221;default&#8221; global_colors_info=&#8221;{}&#8221;][et_pb_row _builder_version=&#8221;4.18.1&#8243; _module_preset=&#8221;default&#8221; global_colors_info=&#8221;{}&#8221;][et_pb_column type=&#8221;4_4&#8243; _builder_version=&#8221;4.18.1&#8243; _module_preset=&#8221;default&#8221; global_colors_info=&#8221;{}&#8221;][et_pb_cta title=&#8221;Consultor\u00eda de importaci\u00f3n de China&#8221; button_url=&#8221;https:\/\/ag-frisch.com\/es\/contacte-con\/&#8221; button_text=&#8221;Reserve ahora una consulta&#8221; _builder_version=&#8221;4.16&#8243; _module_preset=&#8221;default&#8221; global_colors_info=&#8221;{}&#8221;]<\/p>\n<p>Con el asesoramiento de la Agencia de Importaci\u00f3n China Frisch, conseguir\u00e1 hacer negocios con China como si lo hicieran profesionales.  <\/p>\n<p>[\/et_pb_cta][\/et_pb_column][\/et_pb_row][et_pb_row _builder_version=&#8221;4.16&#8243; _module_preset=&#8221;default&#8221; global_colors_info=&#8221;{}&#8221;][et_pb_column type=&#8221;4_4&#8243; _builder_version=&#8221;4.16&#8243; _module_preset=&#8221;default&#8221; global_colors_info=&#8221;{}&#8221;][et_pb_text _builder_version=&#8221;4.16&#8243; _module_preset=&#8221;default&#8221; global_colors_info=&#8221;{}&#8221;]<\/p>\n<h3><strong>Instrumentos musicales y material musical de China<\/strong><\/h3>\n<p><strong>Instrumentos y material musical directamente desde China<\/strong><\/p>\n<p>Para los instrumentos, los m\u00e9todos de producci\u00f3n limpios son importantes. El cliente quiere obtener resultados ac\u00fasticos \u00f3ptimos de sus productos. Por ello, la agencia Frisch trabaja con fabricantes de China que pueden mantener con seguridad una calidad determinada. Lo mejor es que hable personalmente con nosotros de las exigencias exactas que tiene para la mercanc\u00eda que ha pedido, desde la pr\u00e1ctica media hasta el instrumento musical profesional absoluto. En una primera consulta, le aclararemos lo que necesita y lo que podemos hacer por usted en materia de importaciones de China en el \u00e1mbito de los suministros musicales, incluidos precios favorables y un servicio de primera.<\/p>\n<p>&nbsp;<\/p>\n<p><strong>Instrumentos de cuerda de China para todas las necesidades<\/strong><\/p>\n<p>El viol\u00edn Stradivarius, el legendario superinstrumento de la familia de luthiers de Italia, no lo obtendr\u00e1 de nosotros en la importaci\u00f3n a China. Por otro lado, se pueden comprar instrumentos de cuerda de nuestros fabricantes que tienen una calidad a la altura de los altos est\u00e1ndares occidentales y cuestan una fracci\u00f3n de los instrumentos fabricados en este pa\u00eds. Como mayorista, apreciar\u00e1 sin duda las ventajas de una buena importaci\u00f3n de China. Entre los instrumentos de cuerda de China que puede conseguir a trav\u00e9s de nosotros se incluyen:<\/p>\n<ul>\n<li>Viol\u00edn y viola<\/li>\n<li>Guitarra (el\u00e9ctrica y ac\u00fastica)<\/li>\n<li>Arpa<\/li>\n<li>Bajo<\/li>\n<li>Ukelele<\/li>\n<li>Instrumentos de cuerda hist\u00f3ricos (lira, lira)<\/li>\n<\/ul>\n<p>&nbsp;<\/p>\n<p><strong>Instrumentos de teclado de peque\u00f1o a gran tama\u00f1o<\/strong><\/p>\n<p>Por supuesto, tambi\u00e9n ofrecemos instrumentos de teclado con nuestros instrumentos musicales de China. Desde la pr\u00e1ctica mel\u00f3dica para los m\u00e1s peque\u00f1os hasta el piano de cola de concierto, pasando por teclados para diferentes clases de uso, puede obtener de nosotros todos los instrumentos de teclado para su clientela. Embalaje seguro y puesta a punto limpia, para que quede tan completamente satisfecho con su importaci\u00f3n a China a trav\u00e9s de la Agencia Frisch como nuestros numerosos clientes habituales satisfechos.<\/p>\n<p>&nbsp;<\/p>\n<p><strong>Instrumentos de China: Importar instrumentos de viento<\/strong><\/p>\n<p>La propia China tiene una rica historia de instrumentos maravillosos, y hay muchos productores de m\u00fasica de primera clase en el pa\u00eds. La m\u00fasica es una parte importante de la cultura china. Esto incluye tambi\u00e9n los instrumentos de viento. Por eso no es de extra\u00f1ar que tambi\u00e9n encuentre instrumentos de viento en nuestra gama de instrumentos procedentes de China, por ejemplo:<\/p>\n<ul>\n<li>Flautas (por ejemplo, flautas dulces, flautas traveseras)<\/li>\n<li>Trompas (por ejemplo, corno alto, fliscorno, corno de caza, corno franc\u00e9s)<\/li>\n<li>Saxofones<\/li>\n<li>Trompetas<\/li>\n<li>Tuba<\/li>\n<li>Oboe<\/li>\n<li>Tromb\u00f3n<\/li>\n<\/ul>\n<p>&nbsp;<\/p>\n<p><strong>Instrumentos de China para los m\u00e1s peque\u00f1os<\/strong><\/p>\n<p>Por supuesto, adem\u00e1s de los instrumentos de China para adultos, tambi\u00e9n tenemos instrumentos musicales especiales para ni\u00f1os. Sonajas y flautas dulces, ukeleles y tambores, pero tambi\u00e9n violines y guitarras en tama\u00f1os 1\/8, 1\/4, 1\/2, 3\/4 est\u00e1n disponibles a los mejores precios y en buena calidad a trav\u00e9s de los productores asociados con nosotros.<\/p>\n<p>&nbsp;<\/p>\n<p><strong>Pedir material musical a China: accesorios y equipos de estudio<\/strong><\/p>\n<p>Desde plectros hasta equipos completos para estudios de grabaci\u00f3n, a trav\u00e9s de Agentur Frisch puede adquirir pr\u00e1cticamente todo en el campo de los suministros musicales procedentes de China. Tambi\u00e9n en este caso le recomendamos que simplemente se ponga en contacto con nosotros y le aclararemos en una consulta lo que podemos hacer por usted.<\/p>\n<p>&nbsp;<\/p>\n<p><strong>Agentur Frisch: Una agencia, todos los servicios<\/strong><\/p>\n<p>Si nos elige como importador de material musical de China, podemos encargarnos de todo el proceso de importaci\u00f3n por usted si lo desea. Desde la selecci\u00f3n del fabricante hasta las negociaciones contractuales, las inspecciones y los controles de calidad, pasando por todo el proceso de transporte y tambi\u00e9n el almacenamiento en suelo alem\u00e1n.<\/p>\n<p>Adem\u00e1s de productores seleccionados, trabajamos principalmente con filiales para garantizar la m\u00e1xima calidad y procesos fluidos. La ventaja para usted es que tiene una persona de contacto fija y fiable y, si lo desea, ya no tiene que preocuparse de nada.<\/p>\n<p>&nbsp;<\/p>\n<p><strong>Somos su proveedor de servicios integrales en el \u00e1mbito de la importaci\u00f3n de China.<\/strong><\/p>\n<p>[\/et_pb_text][\/et_pb_column][\/et_pb_row][\/et_pb_section][et_pb_section fb_built=&#8221;1&#8243; admin_label=&#8221;Testimonials&#8221; _builder_version=&#8221;4.16&#8243; use_background_color_gradient=&#8221;on&#8221; background_color_gradient_stops=&#8221;rgba(0,106,156,0.85) 0%|rgba(0,106,156,0.85) 100%&#8221; background_color_gradient_start=&#8221;rgba(0,106,156,0.85)&#8221; background_color_gradient_end=&#8221;rgba(0,106,156,0.85)&#8221; custom_padding=&#8221;90px||60px|&#8221; animation_style=&#8221;fold&#8221; animation_direction=&#8221;bottom&#8221; animation_intensity_fold=&#8221;4%&#8221; global_colors_info=&#8221;{}&#8221;][et_pb_row _builder_version=&#8221;4.16&#8243; background_size=&#8221;initial&#8221; background_position=&#8221;top_left&#8221; background_repeat=&#8221;repeat&#8221; custom_width_px=&#8221;710px&#8221; locked=&#8221;off&#8221; global_colors_info=&#8221;{}&#8221;][et_pb_column type=&#8221;4_4&#8243; _builder_version=&#8221;4.16&#8243; background_position=&#8221;top_left&#8221; custom_padding=&#8221;|||&#8221; global_colors_info=&#8221;{}&#8221; custom_padding__hover=&#8221;|||&#8221;][et_pb_text admin_label=&#8221;Testimonials Section Title&#8221; _builder_version=&#8221;4.16&#8243; header_font=&#8221;Montserrat||||&#8221; header_font_size=&#8221;36px&#8221; background_size=&#8221;initial&#8221; background_position=&#8221;top_left&#8221; background_repeat=&#8221;repeat&#8221; text_orientation=&#8221;center&#8221; background_layout=&#8221;dark&#8221; max_width=&#8221;710px&#8221; module_alignment=&#8221;center&#8221; animation_style=&#8221;fold&#8221; animation_direction=&#8221;bottom&#8221; animation_intensity_fold=&#8221;20%&#8221; global_colors_info=&#8221;{}&#8221;]<\/p>\n<h1>M\u00e1s de 5000 clientes satisfechos.<\/h1>\n<p>&nbsp;<\/p>\n<p>[\/et_pb_text][et_pb_divider color=&#8221;#ffffff&#8221; divider_weight=&#8221;3px&#8221; disabled_on=&#8221;off|off|off&#8221; _builder_version=&#8221;4.16&#8243; background_color_gradient_direction=&#8221;90deg&#8221; max_width=&#8221;100px&#8221; module_alignment=&#8221;center&#8221; height=&#8221;5px&#8221; custom_margin=&#8221;||20px|&#8221; custom_padding=&#8221;||20px|&#8221; animation_style=&#8221;slide&#8221; animation_direction=&#8221;bottom&#8221; saved_tabs=&#8221;all&#8221; locked=&#8221;off&#8221; global_colors_info=&#8221;{}&#8221;][\/et_pb_divider][\/et_pb_column][\/et_pb_row][et_pb_row column_structure=&#8221;1_2,1_2&#8243; _builder_version=&#8221;4.18.1&#8243; _module_preset=&#8221;default&#8221; global_colors_info=&#8221;{}&#8221;][et_pb_column type=&#8221;1_2&#8243; _builder_version=&#8221;4.18.1&#8243; _module_preset=&#8221;default&#8221; global_colors_info=&#8221;{}&#8221;][et_pb_testimonial author=&#8221;Marco&#8221; portrait_url=&#8221;https:\/\/ag-frisch.com\/wp-content\/uploads\/2021\/08\/Harald.png&#8221; quote_icon=&#8221;off&#8221; _builder_version=&#8221;4.18.1&#8243; _module_preset=&#8221;default&#8221; body_font_size=&#8221;16px&#8221; use_background_color=&#8221;off&#8221; background_layout=&#8221;dark&#8221; global_colors_info=&#8221;{}&#8221;]Encargu\u00e9 a la Agencia Frisch la fabricaci\u00f3n de un gran mueble en China y su posterior traslado a Alemania. La comunicaci\u00f3n por correo fue fluida en todo momento. Las respuestas, muy r\u00e1pidas y fiables, me dieron constantemente las seguridades indispensables en una empresa de este tipo. Me ayudaron en todo momento a atravesar la jungla burocr\u00e1tica y no se me olvid\u00f3 ning\u00fan formulario ni lo rellen\u00e9 incorrectamente. \u00a1Muy loable!<a href=\"&lt;div%20class=%22pe-richsnippets%22&gt;&nbsp;&lt;\/div&gt;%20&lt;script%20type=%22text\/javascript%22%20src=%22https:\/\/www.provenexpert.com\/widget\/richsnippet.js?u=1NUA0VwZ4RUZ5tmAi5zA4RaplNKAlWwZ&amp;v=2%22%20async&gt;&lt;\/script&gt;%20&lt;div%20style=%22text-align:%20justify;%22&gt;&lt;br%20\/&gt;\"><\/a><\/p>\n<div class=\"brow ratingBarMargin\">\n<div class=\"ratingBar\">\n<div class=\"brow\">\n<div class=\"pe-richsnippets\">&nbsp;<\/div>\n<p><script type=\"text\/javascript\" src=\"https:\/\/www.provenexpert.com\/widget\/richsnippet.js?u=1NUA0VwZ4RUZ5tmAi5zA4RaplNKAlWwZ&amp;v=2\" async=\"\"><\/script><\/p>\n<div style=\"text-align: justify;\"><\/p>\n<div class=\"col-lg-9 col-md-8 col-xs-10 mt20 mb20\">\n<div class=\"col-xs-12 surveyNameForRating\"><\/div>\n<\/div>\n<\/div>\n<\/div>\n<\/div>\n<\/div>\n<p>[\/et_pb_testimonial][\/et_pb_column][et_pb_column type=&#8221;1_2&#8243; _builder_version=&#8221;4.18.1&#8243; _module_preset=&#8221;default&#8221; global_colors_info=&#8221;{}&#8221;][et_pb_testimonial author=&#8221;Simone L.&#8221; portrait_url=&#8221;https:\/\/ag-frisch.com\/wp-content\/uploads\/2021\/08\/Harald.png&#8221; quote_icon=&#8221;off&#8221; _builder_version=&#8221;4.18.1&#8243; _module_preset=&#8221;default&#8221; body_font_size=&#8221;16px&#8221; use_background_color=&#8221;off&#8221; background_layout=&#8221;dark&#8221; global_colors_info=&#8221;{}&#8221;]<\/p>\n<p>Todo arriba. No hay nada mejor que esto. El asesoramiento y la aplicaci\u00f3n no pueden hacerse mejor. Estamos m\u00e1s que satisfechos despu\u00e9s de varios pedidos con esta empresa y continuamos nuestra cooperaci\u00f3n.<\/p>\n<div class=\"brow ratingBarMargin\">\n<div class=\"ratingBar\">\n<div class=\"brow\">\n<div class=\"pe-richsnippets\"> <\/div>\n<p>\n<script type=\"text\/javascript\" src=\"https:\/\/www.provenexpert.com\/widget\/richsnippet.js?u=1NUA0VwZ4RUZ5tmAi5zA4RaplNKAlWwZ&amp;v=2\" async=\"\"><\/script>\n<\/p>\n<div style=\"text-align: justify;\">\n<p>&nbsp;<\/p>\n<div class=\"col-lg-9 col-md-8 col-xs-10 mt20 mb20\">\n<div class=\"col-xs-12 surveyNameForRating\"><\/div>\n<\/div>\n<\/div>\n<\/div>\n<\/div>\n<\/div>\n<p>[\/et_pb_testimonial][\/et_pb_column][\/et_pb_row][et_pb_row _builder_version=&#8221;4.16&#8243; background_size=&#8221;initial&#8221; background_position=&#8221;top_left&#8221; background_repeat=&#8221;repeat&#8221; custom_padding=&#8221;50px|0px|30px|0px&#8221; custom_css_main_element=&#8221;text-align: center;&#8221; global_colors_info=&#8221;{}&#8221;][et_pb_column type=&#8221;4_4&#8243; _builder_version=&#8221;4.16&#8243; custom_padding=&#8221;|||&#8221; global_colors_info=&#8221;{}&#8221; custom_padding__hover=&#8221;|||&#8221;][et_pb_button button_url=&#8221;https:\/\/www.provenexpert.com\/de-de\/agentur-frisch-international-consulting-gmbh-und-co-kg\/&#8221; button_text=&#8221;M\u00c1S VALORACIONES&#8221; button_alignment=&#8221;left&#8221; admin_label=&#8221;Testimonial Button&#8221; _builder_version=&#8221;4.16&#8243; custom_button=&#8221;on&#8221; button_text_size=&#8221;18px&#8221; button_text_color=&#8221;#ffffff&#8221; button_bg_color=&#8221;#6eba01&#8243; button_border_width=&#8221;2px&#8221; button_border_color=&#8221;#6eba01&#8243; button_border_radius=&#8221;0px&#8221; button_letter_spacing=&#8221;2px&#8221; button_font=&#8221;Montserrat|||on|&#8221; button_use_icon=&#8221;off&#8221; animation_style=&#8221;fold&#8221; animation_direction=&#8221;bottom&#8221; button_text_color_hover=&#8221;#ffffff&#8221; button_border_color_hover=&#8221;#ffffff&#8221; button_border_radius_hover=&#8221;0px&#8221; button_letter_spacing_hover=&#8221;2px&#8221; button_bg_color_hover=&#8221;rgba(255,255,255,0)&#8221; locked=&#8221;off&#8221; global_colors_info=&#8221;{}&#8221; button_text_size__hover_enabled=&#8221;off&#8221; button_one_text_size__hover_enabled=&#8221;off&#8221; button_two_text_size__hover_enabled=&#8221;off&#8221; button_text_color__hover_enabled=&#8221;on&#8221; button_text_color__hover=&#8221;#ffffff&#8221; button_one_text_color__hover_enabled=&#8221;off&#8221; button_two_text_color__hover_enabled=&#8221;off&#8221; button_border_width__hover_enabled=&#8221;off&#8221; button_one_border_width__hover_enabled=&#8221;off&#8221; button_two_border_width__hover_enabled=&#8221;off&#8221; button_border_color__hover_enabled=&#8221;on&#8221; button_border_color__hover=&#8221;#ffffff&#8221; button_one_border_color__hover_enabled=&#8221;off&#8221; button_two_border_color__hover_enabled=&#8221;off&#8221; button_border_radius__hover_enabled=&#8221;on&#8221; button_border_radius__hover=&#8221;0px&#8221; button_one_border_radius__hover_enabled=&#8221;off&#8221; button_two_border_radius__hover_enabled=&#8221;off&#8221; button_letter_spacing__hover_enabled=&#8221;on&#8221; button_letter_spacing__hover=&#8221;2px&#8221; button_one_letter_spacing__hover_enabled=&#8221;off&#8221; button_two_letter_spacing__hover_enabled=&#8221;off&#8221; button_bg_color__hover_enabled=&#8221;on&#8221; button_bg_color__hover=&#8221;rgba(255,255,255,0)&#8221; button_one_bg_color__hover_enabled=&#8221;off&#8221; button_two_bg_color__hover_enabled=&#8221;off&#8221;][\/et_pb_button][\/et_pb_column][\/et_pb_row][\/et_pb_section]<\/p>\n","protected":false},"excerpt":{"rendered":"<p>Con el asesoramiento de la Agencia de Importaci\u00f3n China Frisch, conseguir\u00e1 hacer negocios con China como si lo hicieran profesionales. Instrumentos musicales y material musical de China Instrumentos y material musical directamente desde China Para los instrumentos, los m\u00e9todos de producci\u00f3n limpios son importantes. El cliente quiere obtener resultados ac\u00fasticos \u00f3ptimos de sus productos. Por [&hellip;]<\/p>\n","protected":false},"author":2,"featured_media":0,"parent":0,"menu_order":0,"comment_status":"closed","ping_status":"closed","template":"","meta":{"_et_pb_use_builder":"on","_et_pb_old_content":"","_et_gb_content_width":"","footnotes":""},"class_list":["post-11325","page","type-page","status-publish","hentry"],"yoast_head":"<!-- This site is optimized with the Yoast SEO plugin v27.4 - https:\/\/yoast.com\/product\/yoast-seo-wordpress\/ -->\n<title>Importar instrumentos musicales de China cumpliendo todas las directivas de la UE<\/title>\n<meta name=\"description\" content=\"Instrumentos musicales de China \u25bb Cumplimiento de las directivas de la UE: inspecci\u00f3n de calidad \u2713 Garantizar la producci\u00f3n en China \u2713 \u25bb \u00a1Reciba asesoramiento experto ahora!\" \/>\n<meta name=\"robots\" content=\"index, follow, max-snippet:-1, max-image-preview:large, max-video-preview:-1\" \/>\n<link rel=\"canonical\" href=\"https:\/\/ag-frisch.com\/es\/instrumentos-musicales-de-china\/\" \/>\n<meta property=\"og:locale\" content=\"es_ES\" \/>\n<meta property=\"og:type\" content=\"article\" \/>\n<meta property=\"og:title\" content=\"Importar instrumentos musicales de China cumpliendo todas las directivas de la UE\" \/>\n<meta property=\"og:description\" content=\"Instrumentos musicales de China \u25bb Cumplimiento de las directivas de la UE: inspecci\u00f3n de calidad \u2713 Garantizar la producci\u00f3n en China \u2713 \u25bb \u00a1Reciba asesoramiento experto ahora!\" \/>\n<meta property=\"og:url\" content=\"https:\/\/ag-frisch.com\/es\/instrumentos-musicales-de-china\/\" \/>\n<meta property=\"og:site_name\" content=\"China Import Beratung f\u00fcr den Einkauf aus China\" \/>\n<meta property=\"article:publisher\" content=\"https:\/\/www.facebook.com\/China.Import\" \/>\n<meta property=\"article:modified_time\" content=\"2023-01-27T04:29:40+00:00\" \/>\n<meta name=\"twitter:card\" content=\"summary_large_image\" \/>\n<meta name=\"twitter:site\" content=\"@agenturfrisch\" \/>\n<meta name=\"twitter:label1\" content=\"Tiempo de lectura\" \/>\n\t<meta name=\"twitter:data1\" content=\"8 minutos\" \/>\n<script type=\"application\/ld+json\" class=\"yoast-schema-graph\">{\"@context\":\"https:\\\/\\\/schema.org\",\"@graph\":[{\"@type\":\"WebPage\",\"@id\":\"https:\\\/\\\/ag-frisch.com\\\/es\\\/instrumentos-musicales-de-china\\\/\",\"url\":\"https:\\\/\\\/ag-frisch.com\\\/es\\\/instrumentos-musicales-de-china\\\/\",\"name\":\"Importar instrumentos musicales de China cumpliendo todas las directivas de la UE\",\"isPartOf\":{\"@id\":\"https:\\\/\\\/ag-frisch.com\\\/de\\\/#website\"},\"datePublished\":\"2022-05-12T05:09:47+00:00\",\"dateModified\":\"2023-01-27T04:29:40+00:00\",\"description\":\"Instrumentos musicales de China \u25bb Cumplimiento de las directivas de la UE: inspecci\u00f3n de calidad \u2713 Garantizar la producci\u00f3n en China \u2713 \u25bb \u00a1Reciba asesoramiento experto ahora!\",\"breadcrumb\":{\"@id\":\"https:\\\/\\\/ag-frisch.com\\\/es\\\/instrumentos-musicales-de-china\\\/#breadcrumb\"},\"inLanguage\":\"es\",\"potentialAction\":[{\"@type\":\"ReadAction\",\"target\":[\"https:\\\/\\\/ag-frisch.com\\\/es\\\/instrumentos-musicales-de-china\\\/\"]}]},{\"@type\":\"BreadcrumbList\",\"@id\":\"https:\\\/\\\/ag-frisch.com\\\/es\\\/instrumentos-musicales-de-china\\\/#breadcrumb\",\"itemListElement\":[{\"@type\":\"ListItem\",\"position\":1,\"name\":\"Startseite\",\"item\":\"https:\\\/\\\/ag-frisch.com\\\/de\\\/\"},{\"@type\":\"ListItem\",\"position\":2,\"name\":\"Instrumentos musicales de China\"}]},{\"@type\":\"WebSite\",\"@id\":\"https:\\\/\\\/ag-frisch.com\\\/de\\\/#website\",\"url\":\"https:\\\/\\\/ag-frisch.com\\\/de\\\/\",\"name\":\"China Import Beratung f\u00fcr den Einkauf aus China\",\"description\":\"China Import &amp; Export Beratung - Der Dienstleister Ihres Vertrauens f\u00fcr Ihren China Import\",\"publisher\":{\"@id\":\"https:\\\/\\\/ag-frisch.com\\\/de\\\/#organization\"},\"potentialAction\":[{\"@type\":\"SearchAction\",\"target\":{\"@type\":\"EntryPoint\",\"urlTemplate\":\"https:\\\/\\\/ag-frisch.com\\\/de\\\/?s={search_term_string}\"},\"query-input\":{\"@type\":\"PropertyValueSpecification\",\"valueRequired\":true,\"valueName\":\"search_term_string\"}}],\"inLanguage\":\"es\"},{\"@type\":\"Organization\",\"@id\":\"https:\\\/\\\/ag-frisch.com\\\/de\\\/#organization\",\"name\":\"Agentur Frisch International Consulting GmbH & Co. KG\",\"url\":\"https:\\\/\\\/ag-frisch.com\\\/de\\\/\",\"logo\":{\"@type\":\"ImageObject\",\"inLanguage\":\"es\",\"@id\":\"https:\\\/\\\/ag-frisch.com\\\/de\\\/#\\\/schema\\\/logo\\\/image\\\/\",\"url\":\"https:\\\/\\\/ag-frisch.com\\\/wp-content\\\/uploads\\\/2021\\\/08\\\/ag_logo_rgb_300_small.png\",\"contentUrl\":\"https:\\\/\\\/ag-frisch.com\\\/wp-content\\\/uploads\\\/2021\\\/08\\\/ag_logo_rgb_300_small.png\",\"width\":153,\"height\":102,\"caption\":\"Agentur Frisch International Consulting GmbH & Co. KG\"},\"image\":{\"@id\":\"https:\\\/\\\/ag-frisch.com\\\/de\\\/#\\\/schema\\\/logo\\\/image\\\/\"},\"sameAs\":[\"https:\\\/\\\/www.facebook.com\\\/China.Import\",\"https:\\\/\\\/x.com\\\/agenturfrisch\"]}]}<\/script>\n<!-- \/ Yoast SEO plugin. -->","yoast_head_json":{"title":"Importar instrumentos musicales de China cumpliendo todas las directivas de la UE","description":"Instrumentos musicales de China \u25bb Cumplimiento de las directivas de la UE: inspecci\u00f3n de calidad \u2713 Garantizar la producci\u00f3n en China \u2713 \u25bb \u00a1Reciba asesoramiento experto ahora!","robots":{"index":"index","follow":"follow","max-snippet":"max-snippet:-1","max-image-preview":"max-image-preview:large","max-video-preview":"max-video-preview:-1"},"canonical":"https:\/\/ag-frisch.com\/es\/instrumentos-musicales-de-china\/","og_locale":"es_ES","og_type":"article","og_title":"Importar instrumentos musicales de China cumpliendo todas las directivas de la UE","og_description":"Instrumentos musicales de China \u25bb Cumplimiento de las directivas de la UE: inspecci\u00f3n de calidad \u2713 Garantizar la producci\u00f3n en China \u2713 \u25bb \u00a1Reciba asesoramiento experto ahora!","og_url":"https:\/\/ag-frisch.com\/es\/instrumentos-musicales-de-china\/","og_site_name":"China Import Beratung f\u00fcr den Einkauf aus China","article_publisher":"https:\/\/www.facebook.com\/China.Import","article_modified_time":"2023-01-27T04:29:40+00:00","twitter_card":"summary_large_image","twitter_site":"@agenturfrisch","twitter_misc":{"Tiempo de lectura":"8 minutos"},"schema":{"@context":"https:\/\/schema.org","@graph":[{"@type":"WebPage","@id":"https:\/\/ag-frisch.com\/es\/instrumentos-musicales-de-china\/","url":"https:\/\/ag-frisch.com\/es\/instrumentos-musicales-de-china\/","name":"Importar instrumentos musicales de China cumpliendo todas las directivas de la UE","isPartOf":{"@id":"https:\/\/ag-frisch.com\/de\/#website"},"datePublished":"2022-05-12T05:09:47+00:00","dateModified":"2023-01-27T04:29:40+00:00","description":"Instrumentos musicales de China \u25bb Cumplimiento de las directivas de la UE: inspecci\u00f3n de calidad \u2713 Garantizar la producci\u00f3n en China \u2713 \u25bb \u00a1Reciba asesoramiento experto ahora!","breadcrumb":{"@id":"https:\/\/ag-frisch.com\/es\/instrumentos-musicales-de-china\/#breadcrumb"},"inLanguage":"es","potentialAction":[{"@type":"ReadAction","target":["https:\/\/ag-frisch.com\/es\/instrumentos-musicales-de-china\/"]}]},{"@type":"BreadcrumbList","@id":"https:\/\/ag-frisch.com\/es\/instrumentos-musicales-de-china\/#breadcrumb","itemListElement":[{"@type":"ListItem","position":1,"name":"Startseite","item":"https:\/\/ag-frisch.com\/de\/"},{"@type":"ListItem","position":2,"name":"Instrumentos musicales de China"}]},{"@type":"WebSite","@id":"https:\/\/ag-frisch.com\/de\/#website","url":"https:\/\/ag-frisch.com\/de\/","name":"China Import Beratung f\u00fcr den Einkauf aus China","description":"China Import &amp; Export Beratung - Der Dienstleister Ihres Vertrauens f\u00fcr Ihren China Import","publisher":{"@id":"https:\/\/ag-frisch.com\/de\/#organization"},"potentialAction":[{"@type":"SearchAction","target":{"@type":"EntryPoint","urlTemplate":"https:\/\/ag-frisch.com\/de\/?s={search_term_string}"},"query-input":{"@type":"PropertyValueSpecification","valueRequired":true,"valueName":"search_term_string"}}],"inLanguage":"es"},{"@type":"Organization","@id":"https:\/\/ag-frisch.com\/de\/#organization","name":"Agentur Frisch International Consulting GmbH & Co. KG","url":"https:\/\/ag-frisch.com\/de\/","logo":{"@type":"ImageObject","inLanguage":"es","@id":"https:\/\/ag-frisch.com\/de\/#\/schema\/logo\/image\/","url":"https:\/\/ag-frisch.com\/wp-content\/uploads\/2021\/08\/ag_logo_rgb_300_small.png","contentUrl":"https:\/\/ag-frisch.com\/wp-content\/uploads\/2021\/08\/ag_logo_rgb_300_small.png","width":153,"height":102,"caption":"Agentur Frisch International Consulting GmbH & Co. KG"},"image":{"@id":"https:\/\/ag-frisch.com\/de\/#\/schema\/logo\/image\/"},"sameAs":["https:\/\/www.facebook.com\/China.Import","https:\/\/x.com\/agenturfrisch"]}]}},"_links":{"self":[{"href":"https:\/\/ag-frisch.com\/es\/wp-json\/wp\/v2\/pages\/11325","targetHints":{"allow":["GET"]}}],"collection":[{"href":"https:\/\/ag-frisch.com\/es\/wp-json\/wp\/v2\/pages"}],"about":[{"href":"https:\/\/ag-frisch.com\/es\/wp-json\/wp\/v2\/types\/page"}],"author":[{"embeddable":true,"href":"https:\/\/ag-frisch.com\/es\/wp-json\/wp\/v2\/users\/2"}],"replies":[{"embeddable":true,"href":"https:\/\/ag-frisch.com\/es\/wp-json\/wp\/v2\/comments?post=11325"}],"version-history":[{"count":0,"href":"https:\/\/ag-frisch.com\/es\/wp-json\/wp\/v2\/pages\/11325\/revisions"}],"wp:attachment":[{"href":"https:\/\/ag-frisch.com\/es\/wp-json\/wp\/v2\/media?parent=11325"}],"curies":[{"name":"wp","href":"https:\/\/api.w.org\/{rel}","templated":true}]}}