{"id":11328,"date":"2022-05-12T07:00:23","date_gmt":"2022-05-12T05:00:23","guid":{"rendered":"https:\/\/ag-frisch.com\/alimentos-de-china\/"},"modified":"2023-01-27T05:29:42","modified_gmt":"2023-01-27T04:29:42","slug":"alimentos-de-china","status":"publish","type":"page","link":"https:\/\/ag-frisch.com\/es\/alimentos-de-china\/","title":{"rendered":"Alimentos de China"},"content":{"rendered":"<p>[et_pb_section fb_built=&#8221;1&#8243; _builder_version=&#8221;4.16&#8243; _module_preset=&#8221;default&#8221; global_colors_info=&#8221;{}&#8221;][et_pb_row _builder_version=&#8221;4.18.1&#8243; _module_preset=&#8221;default&#8221; global_colors_info=&#8221;{}&#8221;][et_pb_column type=&#8221;4_4&#8243; _builder_version=&#8221;4.18.1&#8243; _module_preset=&#8221;default&#8221; global_colors_info=&#8221;{}&#8221;][et_pb_cta title=&#8221;Importar alimentos de China&#8221; button_url=&#8221;https:\/\/ag-frisch.com\/es\/contacte-con\/&#8221; button_text=&#8221;Haga importar alimentos por un profesional&#8221; _builder_version=&#8221;4.18.1&#8243; _module_preset=&#8221;default&#8221; hover_enabled=&#8221;0&#8243; global_colors_info=&#8221;{}&#8221; sticky_enabled=&#8221;0&#8243;]<\/p>\n<p>Agentur Frisch le apoya en la importaci\u00f3n de alimentos y productos ecol\u00f3gicos de China.  <\/p>\n<p>[\/et_pb_cta][\/et_pb_column][\/et_pb_row][et_pb_row _builder_version=&#8221;4.16&#8243; _module_preset=&#8221;default&#8221; global_colors_info=&#8221;{}&#8221;][et_pb_column type=&#8221;4_4&#8243; _builder_version=&#8221;4.16&#8243; _module_preset=&#8221;default&#8221; global_colors_info=&#8221;{}&#8221;][et_pb_text _builder_version=&#8221;4.18.1&#8243; _module_preset=&#8221;default&#8221; global_colors_info=&#8221;{}&#8221;]<\/p>\n<h1>Importar deliciosos alimentos de China<\/h1>\n<p><strong>Comida, especialidades y fideos de China<\/strong><\/p>\n<p>La cocina china goza de gran popularidad en Alemania desde hace d\u00e9cadas. Por ello, nos complace ofrecer el suministro de alimentos procedentes de China a trav\u00e9s de nuestros socios comerciales. Pero no es s\u00f3lo comida asi\u00e1tica lo que puede comprar a nuestros fabricantes de China, sino tambi\u00e9n todos los dem\u00e1s productos alimenticios de todo el mundo. Por supuesto, tambi\u00e9n prestamos atenci\u00f3n a la absoluta fiabilidad de los productores y al cumplimiento de todas las directrices pertinentes en este delicado segmento del mercado.<\/p>\n<p>&nbsp;<\/p>\n<p><strong>Importar deliciosos alimentos de China<\/strong><\/p>\n<p>Los chinos son maestros de la fabricaci\u00f3n imitativa, por lo que no es de extra\u00f1ar que sus f\u00e1bricas tambi\u00e9n produzcan alimentos occidentales de primera calidad. B\u00e1sicamente, aqu\u00ed est\u00e1 disponible todo, incluso en grandes cantidades, lo que no est\u00e1 protegido como especialidad regional y s\u00f3lo puede producirse en el lugar correspondiente. Todos los dem\u00e1s alimentos pueden importarse directamente de China a trav\u00e9s de canales cortos de distribuci\u00f3n. Por ejemplo, encontrar\u00e1 en el surtido de nuestros socios comerciales:<\/p>\n<ul>\n<li>Carne y embutidos<\/li>\n<li>Especialidades de queso<\/li>\n<li>Fideos y arroz<\/li>\n<li>Verduras y frutas (congeladas o en conserva)<\/li>\n<li>Miel, mermeladas, cremas para untar<\/li>\n<li>Pescado y marisco<\/li>\n<\/ul>\n<p>&nbsp;<\/p>\n<p><strong>Calidad para entendidos: delicatessen de China  <\/strong><\/p>\n<p>Los alimentos importados de China tambi\u00e9n pueden encontrarse en la gama alta de precios. Caviar y trufas, champ\u00e1n y muchas otras delicias se producen ahora en China y satisfacen las m\u00e1s altas exigencias de los entendidos. P\u00f3ngase en contacto con nosotros y descubra lo baratos que pueden salir incluso los productos alimentarios de mayor calidad importados de China.<\/p>\n<p>&nbsp;<\/p>\n<p><strong>Bebidas chinas de la A a la Z<\/strong><\/p>\n<p>Todos los productos del sector de las bebidas, bien envasados, tambi\u00e9n pueden importarse de China. Incluso los licores de alta calidad se embotellan ahora all\u00ed en las condiciones m\u00e1s profesionales, con una calidad tan alta que impresiona incluso a los expertos. D\u00e9jese inspirar por estas y otras posibilidades de importar bebidas de China:<\/p>\n<ul>\n<li>Whisky<\/li>\n<li>Vinos (tinto, blanco, rosado)<\/li>\n<li>Brandies y co\u00f1ac<\/li>\n<li>Ginebra<\/li>\n<li>Aguardientes de frutas<\/li>\n<li>Limonadas<\/li>\n<li>Zumos (ecol\u00f3gicos y normales)<\/li>\n<\/ul>\n<p>&nbsp;<\/p>\n<p><strong>Caf\u00e9 y t\u00e9 de China para todos los niveles de calidad<\/strong><\/p>\n<p>China es famosa por su t\u00e9, que tambi\u00e9n se exporta. Tanto si desea ofrecer a sus clientes t\u00e9 de primera calidad a un precio favorable como si prefiere alternativas m\u00e1s sencillas, nuestros socios comerciales cumplir\u00e1n todos sus deseos al respecto. En cuanto al caf\u00e9, tambi\u00e9n encontrar\u00e1 la soluci\u00f3n perfecta para cada idea en t\u00e9rminos de calidad y precio.<\/p>\n<p>&nbsp;<\/p>\n<p><strong>\u00a1\u00bfTodo org\u00e1nico o qu\u00e9?!<\/strong><\/p>\n<p>El mercado ecol\u00f3gico alem\u00e1n est\u00e1 en pleno auge. No s\u00f3lo desde Corona muchos consumidores conceden importancia a la calidad ecol\u00f3gica de los alimentos y bebidas. Los productores chinos tambi\u00e9n han reaccionado a esta evoluci\u00f3n y ahora ofrecen alimentos procedentes de China de calidad ecol\u00f3gica certificada. Como mayorista o consumidor a granel, puede encargar a trav\u00e9s de nosotros alimentos ecol\u00f3gicos procedentes de China en grandes cantidades y a precios incre\u00edblemente bajos.<\/p>\n<p>&nbsp;<\/p>\n<p><strong>Comida asi\u00e1tica de China tan aut\u00e9ntica como la original<\/strong><\/p>\n<p>Si quieres vender comida asi\u00e1tica, nada m\u00e1s cerca que comprarla directamente en China al fabricante. Por ejemplo, ofrecemos fideos de China, arroz y muchas otras especialidades. Los productos pueden adquirirse directamente de la producci\u00f3n para el mercado chino o adaptarse especialmente a los gustos occidentales. H\u00e1blenos de sus ideas y, si lo desea, tambi\u00e9n desarrollaremos para usted sus propias marcas y productos.<\/p>\n<p>Puede comprarnos los siguientes alimentos asi\u00e1ticos de China, entre muchos otros:<\/p>\n<ul>\n<li>Arroz y fideos de China<\/li>\n<li>Frutas y verduras asi\u00e1ticas (congeladas o en conserva)<\/li>\n<li>Productos precocinados (por ejemplo, fideos precocinados de China)<\/li>\n<li>Mezclas de especias y especias<\/li>\n<li>Bebidas de la regi\u00f3n asi\u00e1tica<\/li>\n<\/ul>\n<p>&nbsp;<\/p>\n<h3><strong>Servicios de la agencia Frisch para la importaci\u00f3n de alimentos de China:<\/strong><\/h3>\n<p><strong><\/strong><\/p>\n<p>  &#8211; Pruebas de al\u00e9rgenos en los alimentos<\/p>\n<p>&#8211; <a href=\"https:\/\/ag-frisch.com\/de\/biozertifizierung\/\"><br \/>\n  <strong>Certificaci\u00f3n ecol\u00f3gica de productos ecol\u00f3gicos<\/strong><br \/>\n<\/a> que tambi\u00e9n deben declararse como productos ecol\u00f3gicos<\/p>\n<p>&#8211; Auditor\u00edas y tambi\u00e9n especiales <a href=\"https:\/\/ag-frisch.com\/de\/audit-in-china\/\"><br \/>\n  <strong>Auditor\u00edas de higiene<\/strong><br \/>\n<\/a> en producci\u00f3n y\/o en los proveedores<\/p>\n<p>&#8211; Detecci\u00f3n de adulteraci\u00f3n de alimentos<\/p>\n<p>&#8211; Pruebas de los objetos que entran en contacto con los alimentos (por ejemplo, los envases) de conformidad con la LFGB.<\/p>\n<p>&#8211; An\u00e1lisis de cuerpos extra\u00f1os en los alimentos<\/p>\n<p>&#8211; Examen y asesoramiento sobre el etiquetado de los alimentos (esto incluye tambi\u00e9n el etiquetado de los aditivos que contienen)<\/p>\n<p>&#8211; An\u00e1lisis de <span>contaminantes en los productos alimenticios de conformidad con el art\u00edculo 1 del Reglamento (CEE) n\u00ba 315\/93 <\/span> <\/p>\n<p>&#8211; Examen microbiol\u00f3gico de los alimentos<span><\/span><\/p>\n<p>&#8211; Comprobaci\u00f3n de la adici\u00f3n de minerales en los alimentos de acuerdo con el Reglamento (CE) 1925\/2006.<\/p>\n<p>&#8211; Asesoramiento y apoyo sobre la declaraci\u00f3n nutricional seg\u00fan el Reglamento (UE) 1169\/2011.<\/p>\n<p>&#8211; An\u00e1lisis de residuos en alimentos, por ejemplo, plaguicidas o medicamentos veterinarios<\/p>\n<p>&#8211; Identificaci\u00f3n de especies animales para productos animales<\/p>\n<p>&#8211; Comprobaci\u00f3n de los ingredientes que pueden dar lugar a intolerancias o incompatibilidades.  <\/p>\n<p>&#8211; Pruebas para detectar posibles ingredientes animales en los alimentos veganos<\/p>\n<p>&#8211; An\u00e1lisis del contenido vitam\u00ednico de los alimentos<\/p>\n<p>&#8211; Asesoramiento sobre etiquetado, an\u00e1lisis y pruebas de piensos<\/p>\n<p>&nbsp;<\/p>\n<p><strong>Con la agencia Frisch importar\u00e1 alimentos de China de forma segura y sabrosa.<\/strong><\/p>\n<p>[\/et_pb_text][\/et_pb_column][\/et_pb_row][\/et_pb_section][et_pb_section fb_built=&#8221;1&#8243; admin_label=&#8221;Testimonials&#8221; _builder_version=&#8221;4.16&#8243; use_background_color_gradient=&#8221;on&#8221; background_color_gradient_stops=&#8221;rgba(0,106,156,0.85) 0%|rgba(0,106,156,0.85) 100%&#8221; background_color_gradient_start=&#8221;rgba(0,106,156,0.85)&#8221; background_color_gradient_end=&#8221;rgba(0,106,156,0.85)&#8221; custom_padding=&#8221;90px||60px|&#8221; animation_style=&#8221;fold&#8221; animation_direction=&#8221;bottom&#8221; animation_intensity_fold=&#8221;4%&#8221; global_colors_info=&#8221;{}&#8221;][et_pb_row _builder_version=&#8221;4.16&#8243; background_size=&#8221;initial&#8221; background_position=&#8221;top_left&#8221; background_repeat=&#8221;repeat&#8221; custom_width_px=&#8221;710px&#8221; locked=&#8221;off&#8221; global_colors_info=&#8221;{}&#8221;][et_pb_column type=&#8221;4_4&#8243; _builder_version=&#8221;4.16&#8243; background_position=&#8221;top_left&#8221; custom_padding=&#8221;|||&#8221; global_colors_info=&#8221;{}&#8221; custom_padding__hover=&#8221;|||&#8221;][et_pb_text admin_label=&#8221;Testimonials Section Title&#8221; _builder_version=&#8221;4.16&#8243; header_font=&#8221;Montserrat||||&#8221; header_font_size=&#8221;36px&#8221; background_size=&#8221;initial&#8221; background_position=&#8221;top_left&#8221; background_repeat=&#8221;repeat&#8221; text_orientation=&#8221;center&#8221; background_layout=&#8221;dark&#8221; max_width=&#8221;710px&#8221; module_alignment=&#8221;center&#8221; animation_style=&#8221;fold&#8221; animation_direction=&#8221;bottom&#8221; animation_intensity_fold=&#8221;20%&#8221; global_colors_info=&#8221;{}&#8221;]<\/p>\n<h1>M\u00e1s de 5000 clientes satisfechos.<\/h1>\n<p>&nbsp;<\/p>\n<p>[\/et_pb_text][et_pb_divider color=&#8221;#ffffff&#8221; divider_weight=&#8221;3px&#8221; disabled_on=&#8221;off|off|off&#8221; _builder_version=&#8221;4.16&#8243; background_color_gradient_direction=&#8221;90deg&#8221; max_width=&#8221;100px&#8221; module_alignment=&#8221;center&#8221; height=&#8221;5px&#8221; custom_margin=&#8221;||20px|&#8221; custom_padding=&#8221;||20px|&#8221; animation_style=&#8221;slide&#8221; animation_direction=&#8221;bottom&#8221; saved_tabs=&#8221;all&#8221; locked=&#8221;off&#8221; global_colors_info=&#8221;{}&#8221;][\/et_pb_divider][\/et_pb_column][\/et_pb_row][et_pb_row column_structure=&#8221;1_2,1_2&#8243; _builder_version=&#8221;4.18.1&#8243; _module_preset=&#8221;default&#8221; global_colors_info=&#8221;{}&#8221;][et_pb_column type=&#8221;1_2&#8243; _builder_version=&#8221;4.18.1&#8243; _module_preset=&#8221;default&#8221; global_colors_info=&#8221;{}&#8221;][et_pb_testimonial author=&#8221;Marco&#8221; portrait_url=&#8221;https:\/\/ag-frisch.com\/wp-content\/uploads\/2021\/08\/Harald.png&#8221; quote_icon=&#8221;off&#8221; _builder_version=&#8221;4.18.1&#8243; _module_preset=&#8221;default&#8221; body_font_size=&#8221;16px&#8221; use_background_color=&#8221;off&#8221; background_layout=&#8221;dark&#8221; global_colors_info=&#8221;{}&#8221;]Encargu\u00e9 a la Agencia Frisch la fabricaci\u00f3n de un gran mueble en China y su posterior traslado a Alemania. La comunicaci\u00f3n por correo fue fluida en todo momento. Las respuestas, muy r\u00e1pidas y fiables, me dieron constantemente las seguridades indispensables en una empresa de este tipo. Me ayudaron en todo momento a atravesar la jungla burocr\u00e1tica y no se me olvid\u00f3 ning\u00fan formulario ni lo rellen\u00e9 incorrectamente. \u00a1Muy loable!<a href=\"&lt;div%20class=%22pe-richsnippets%22&gt;&nbsp;&lt;\/div&gt;%20&lt;script%20type=%22text\/javascript%22%20src=%22https:\/\/www.provenexpert.com\/widget\/richsnippet.js?u=1NUA0VwZ4RUZ5tmAi5zA4RaplNKAlWwZ&amp;v=2%22%20async&gt;&lt;\/script&gt;%20&lt;div%20style=%22text-align:%20justify;%22&gt;&lt;br%20\/&gt;\"><\/a><\/p>\n<div class=\"brow ratingBarMargin\">\n<div class=\"ratingBar\">\n<div class=\"brow\">\n<div class=\"pe-richsnippets\">&nbsp;<\/div>\n<p><script type=\"text\/javascript\" src=\"https:\/\/www.provenexpert.com\/widget\/richsnippet.js?u=1NUA0VwZ4RUZ5tmAi5zA4RaplNKAlWwZ&amp;v=2\" async=\"\"><\/script><\/p>\n<div style=\"text-align: justify;\"><\/p>\n<div class=\"col-lg-9 col-md-8 col-xs-10 mt20 mb20\">\n<div class=\"col-xs-12 surveyNameForRating\"><\/div>\n<\/div>\n<\/div>\n<\/div>\n<\/div>\n<\/div>\n<p>[\/et_pb_testimonial][\/et_pb_column][et_pb_column type=&#8221;1_2&#8243; _builder_version=&#8221;4.18.1&#8243; _module_preset=&#8221;default&#8221; global_colors_info=&#8221;{}&#8221;][et_pb_testimonial author=&#8221;Simone L.&#8221; portrait_url=&#8221;https:\/\/ag-frisch.com\/wp-content\/uploads\/2021\/08\/Harald.png&#8221; quote_icon=&#8221;off&#8221; _builder_version=&#8221;4.18.1&#8243; _module_preset=&#8221;default&#8221; body_font_size=&#8221;16px&#8221; use_background_color=&#8221;off&#8221; background_layout=&#8221;dark&#8221; global_colors_info=&#8221;{}&#8221;]<\/p>\n<p>Todo arriba. No hay nada mejor que esto. El asesoramiento y la aplicaci\u00f3n no pueden hacerse mejor. Estamos m\u00e1s que satisfechos despu\u00e9s de varios pedidos con esta empresa y continuamos nuestra cooperaci\u00f3n.<\/p>\n<div class=\"brow ratingBarMargin\">\n<div class=\"ratingBar\">\n<div class=\"brow\">\n<div class=\"pe-richsnippets\"> <\/div>\n<p>\n<script type=\"text\/javascript\" src=\"https:\/\/www.provenexpert.com\/widget\/richsnippet.js?u=1NUA0VwZ4RUZ5tmAi5zA4RaplNKAlWwZ&amp;v=2\" async=\"\"><\/script>\n<\/p>\n<div style=\"text-align: justify;\">\n<p>&nbsp;<\/p>\n<div class=\"col-lg-9 col-md-8 col-xs-10 mt20 mb20\">\n<div class=\"col-xs-12 surveyNameForRating\"><\/div>\n<\/div>\n<\/div>\n<\/div>\n<\/div>\n<\/div>\n<p>[\/et_pb_testimonial][\/et_pb_column][\/et_pb_row][et_pb_row _builder_version=&#8221;4.16&#8243; background_size=&#8221;initial&#8221; background_position=&#8221;top_left&#8221; background_repeat=&#8221;repeat&#8221; custom_padding=&#8221;50px|0px|30px|0px&#8221; custom_css_main_element=&#8221;text-align: center;&#8221; global_colors_info=&#8221;{}&#8221;][et_pb_column type=&#8221;4_4&#8243; _builder_version=&#8221;4.16&#8243; custom_padding=&#8221;|||&#8221; global_colors_info=&#8221;{}&#8221; custom_padding__hover=&#8221;|||&#8221;][et_pb_button button_url=&#8221;https:\/\/www.provenexpert.com\/de-de\/agentur-frisch-international-consulting-gmbh-und-co-kg\/&#8221; button_text=&#8221;M\u00c1S VALORACIONES&#8221; button_alignment=&#8221;left&#8221; admin_label=&#8221;Testimonial Button&#8221; _builder_version=&#8221;4.16&#8243; custom_button=&#8221;on&#8221; button_text_size=&#8221;18px&#8221; button_text_color=&#8221;#ffffff&#8221; button_bg_color=&#8221;#6eba01&#8243; button_border_width=&#8221;2px&#8221; button_border_color=&#8221;#6eba01&#8243; button_border_radius=&#8221;0px&#8221; button_letter_spacing=&#8221;2px&#8221; button_font=&#8221;Montserrat|||on|&#8221; button_use_icon=&#8221;off&#8221; animation_style=&#8221;fold&#8221; animation_direction=&#8221;bottom&#8221; button_text_color_hover=&#8221;#ffffff&#8221; button_border_color_hover=&#8221;#ffffff&#8221; button_border_radius_hover=&#8221;0px&#8221; button_letter_spacing_hover=&#8221;2px&#8221; button_bg_color_hover=&#8221;rgba(255,255,255,0)&#8221; locked=&#8221;off&#8221; global_colors_info=&#8221;{}&#8221; button_text_size__hover_enabled=&#8221;off&#8221; button_one_text_size__hover_enabled=&#8221;off&#8221; button_two_text_size__hover_enabled=&#8221;off&#8221; button_text_color__hover_enabled=&#8221;on&#8221; button_text_color__hover=&#8221;#ffffff&#8221; button_one_text_color__hover_enabled=&#8221;off&#8221; button_two_text_color__hover_enabled=&#8221;off&#8221; button_border_width__hover_enabled=&#8221;off&#8221; button_one_border_width__hover_enabled=&#8221;off&#8221; button_two_border_width__hover_enabled=&#8221;off&#8221; button_border_color__hover_enabled=&#8221;on&#8221; button_border_color__hover=&#8221;#ffffff&#8221; button_one_border_color__hover_enabled=&#8221;off&#8221; button_two_border_color__hover_enabled=&#8221;off&#8221; button_border_radius__hover_enabled=&#8221;on&#8221; button_border_radius__hover=&#8221;0px&#8221; button_one_border_radius__hover_enabled=&#8221;off&#8221; button_two_border_radius__hover_enabled=&#8221;off&#8221; button_letter_spacing__hover_enabled=&#8221;on&#8221; button_letter_spacing__hover=&#8221;2px&#8221; button_one_letter_spacing__hover_enabled=&#8221;off&#8221; button_two_letter_spacing__hover_enabled=&#8221;off&#8221; button_bg_color__hover_enabled=&#8221;on&#8221; button_bg_color__hover=&#8221;rgba(255,255,255,0)&#8221; button_one_bg_color__hover_enabled=&#8221;off&#8221; button_two_bg_color__hover_enabled=&#8221;off&#8221;][\/et_pb_button][\/et_pb_column][\/et_pb_row][\/et_pb_section]<\/p>\n","protected":false},"excerpt":{"rendered":"<p>Agentur Frisch le apoya en la importaci\u00f3n de alimentos y productos ecol\u00f3gicos de China. Importar deliciosos alimentos de China Comida, especialidades y fideos de China La cocina china goza de gran popularidad en Alemania desde hace d\u00e9cadas. Por ello, nos complace ofrecer el suministro de alimentos procedentes de China a trav\u00e9s de nuestros socios comerciales. [&hellip;]<\/p>\n","protected":false},"author":2,"featured_media":0,"parent":0,"menu_order":0,"comment_status":"closed","ping_status":"closed","template":"","meta":{"_et_pb_use_builder":"on","_et_pb_old_content":"","_et_gb_content_width":"","footnotes":""},"class_list":["post-11328","page","type-page","status-publish","hentry"],"yoast_head":"<!-- This site is optimized with the Yoast SEO plugin v27.2 - https:\/\/yoast.com\/product\/yoast-seo-wordpress\/ -->\n<title>Alimentos de China | Importaci\u00f3n de alimentos de China<\/title>\n<meta name=\"description\" content=\"Importar alimentos y especialidades de China \u25ba Importar muchos productos deliciosos de China \u2714 Delicatessen \u2714 Bebidas \u25ba \u00a1Ases\u00f3rate ahora!\" \/>\n<meta name=\"robots\" content=\"index, follow, max-snippet:-1, max-image-preview:large, max-video-preview:-1\" \/>\n<link rel=\"canonical\" href=\"https:\/\/ag-frisch.com\/es\/alimentos-de-china\/\" \/>\n<meta property=\"og:locale\" content=\"es_ES\" \/>\n<meta property=\"og:type\" content=\"article\" \/>\n<meta property=\"og:title\" content=\"Alimentos de China | Importaci\u00f3n de alimentos de China\" \/>\n<meta property=\"og:description\" content=\"Importar alimentos y especialidades de China \u25ba Importar muchos productos deliciosos de China \u2714 Delicatessen \u2714 Bebidas \u25ba \u00a1Ases\u00f3rate ahora!\" \/>\n<meta property=\"og:url\" content=\"https:\/\/ag-frisch.com\/es\/alimentos-de-china\/\" \/>\n<meta property=\"og:site_name\" content=\"China Import Beratung f\u00fcr den Einkauf aus China\" \/>\n<meta property=\"article:publisher\" content=\"https:\/\/www.facebook.com\/China.Import\" \/>\n<meta property=\"article:modified_time\" content=\"2023-01-27T04:29:42+00:00\" \/>\n<meta name=\"twitter:card\" content=\"summary_large_image\" \/>\n<meta name=\"twitter:site\" content=\"@agenturfrisch\" \/>\n<meta name=\"twitter:label1\" content=\"Tiempo de lectura\" \/>\n\t<meta name=\"twitter:data1\" content=\"9 minutos\" \/>\n<script type=\"application\/ld+json\" class=\"yoast-schema-graph\">{\"@context\":\"https:\/\/schema.org\",\"@graph\":[{\"@type\":\"WebPage\",\"@id\":\"https:\/\/ag-frisch.com\/es\/alimentos-de-china\/\",\"url\":\"https:\/\/ag-frisch.com\/es\/alimentos-de-china\/\",\"name\":\"Alimentos de China | Importaci\u00f3n de alimentos de China\",\"isPartOf\":{\"@id\":\"https:\/\/ag-frisch.com\/de\/#website\"},\"datePublished\":\"2022-05-12T05:00:23+00:00\",\"dateModified\":\"2023-01-27T04:29:42+00:00\",\"description\":\"Importar alimentos y especialidades de China \u25ba Importar muchos productos deliciosos de China \u2714 Delicatessen \u2714 Bebidas \u25ba \u00a1Ases\u00f3rate ahora!\",\"breadcrumb\":{\"@id\":\"https:\/\/ag-frisch.com\/es\/alimentos-de-china\/#breadcrumb\"},\"inLanguage\":\"es\",\"potentialAction\":[{\"@type\":\"ReadAction\",\"target\":[\"https:\/\/ag-frisch.com\/es\/alimentos-de-china\/\"]}]},{\"@type\":\"BreadcrumbList\",\"@id\":\"https:\/\/ag-frisch.com\/es\/alimentos-de-china\/#breadcrumb\",\"itemListElement\":[{\"@type\":\"ListItem\",\"position\":1,\"name\":\"Startseite\",\"item\":\"https:\/\/ag-frisch.com\/de\/\"},{\"@type\":\"ListItem\",\"position\":2,\"name\":\"Alimentos de China\"}]},{\"@type\":\"WebSite\",\"@id\":\"https:\/\/ag-frisch.com\/de\/#website\",\"url\":\"https:\/\/ag-frisch.com\/de\/\",\"name\":\"China Import Beratung f\u00fcr den Einkauf aus China\",\"description\":\"China Import &amp; Export Beratung - Der Dienstleister Ihres Vertrauens f\u00fcr Ihren China Import\",\"publisher\":{\"@id\":\"https:\/\/ag-frisch.com\/de\/#organization\"},\"potentialAction\":[{\"@type\":\"SearchAction\",\"target\":{\"@type\":\"EntryPoint\",\"urlTemplate\":\"https:\/\/ag-frisch.com\/de\/?s={search_term_string}\"},\"query-input\":{\"@type\":\"PropertyValueSpecification\",\"valueRequired\":true,\"valueName\":\"search_term_string\"}}],\"inLanguage\":\"es\"},{\"@type\":\"Organization\",\"@id\":\"https:\/\/ag-frisch.com\/de\/#organization\",\"name\":\"Agentur Frisch International Consulting GmbH & Co. KG\",\"url\":\"https:\/\/ag-frisch.com\/de\/\",\"logo\":{\"@type\":\"ImageObject\",\"inLanguage\":\"es\",\"@id\":\"https:\/\/ag-frisch.com\/de\/#\/schema\/logo\/image\/\",\"url\":\"https:\/\/ag-frisch.com\/wp-content\/uploads\/2021\/08\/ag_logo_rgb_300_small.png\",\"contentUrl\":\"https:\/\/ag-frisch.com\/wp-content\/uploads\/2021\/08\/ag_logo_rgb_300_small.png\",\"width\":153,\"height\":102,\"caption\":\"Agentur Frisch International Consulting GmbH & Co. KG\"},\"image\":{\"@id\":\"https:\/\/ag-frisch.com\/de\/#\/schema\/logo\/image\/\"},\"sameAs\":[\"https:\/\/www.facebook.com\/China.Import\",\"https:\/\/x.com\/agenturfrisch\"]}]}<\/script>\n<!-- \/ Yoast SEO plugin. -->","yoast_head_json":{"title":"Alimentos de China | Importaci\u00f3n de alimentos de China","description":"Importar alimentos y especialidades de China \u25ba Importar muchos productos deliciosos de China \u2714 Delicatessen \u2714 Bebidas \u25ba \u00a1Ases\u00f3rate ahora!","robots":{"index":"index","follow":"follow","max-snippet":"max-snippet:-1","max-image-preview":"max-image-preview:large","max-video-preview":"max-video-preview:-1"},"canonical":"https:\/\/ag-frisch.com\/es\/alimentos-de-china\/","og_locale":"es_ES","og_type":"article","og_title":"Alimentos de China | Importaci\u00f3n de alimentos de China","og_description":"Importar alimentos y especialidades de China \u25ba Importar muchos productos deliciosos de China \u2714 Delicatessen \u2714 Bebidas \u25ba \u00a1Ases\u00f3rate ahora!","og_url":"https:\/\/ag-frisch.com\/es\/alimentos-de-china\/","og_site_name":"China Import Beratung f\u00fcr den Einkauf aus China","article_publisher":"https:\/\/www.facebook.com\/China.Import","article_modified_time":"2023-01-27T04:29:42+00:00","twitter_card":"summary_large_image","twitter_site":"@agenturfrisch","twitter_misc":{"Tiempo de lectura":"9 minutos"},"schema":{"@context":"https:\/\/schema.org","@graph":[{"@type":"WebPage","@id":"https:\/\/ag-frisch.com\/es\/alimentos-de-china\/","url":"https:\/\/ag-frisch.com\/es\/alimentos-de-china\/","name":"Alimentos de China | Importaci\u00f3n de alimentos de China","isPartOf":{"@id":"https:\/\/ag-frisch.com\/de\/#website"},"datePublished":"2022-05-12T05:00:23+00:00","dateModified":"2023-01-27T04:29:42+00:00","description":"Importar alimentos y especialidades de China \u25ba Importar muchos productos deliciosos de China \u2714 Delicatessen \u2714 Bebidas \u25ba \u00a1Ases\u00f3rate ahora!","breadcrumb":{"@id":"https:\/\/ag-frisch.com\/es\/alimentos-de-china\/#breadcrumb"},"inLanguage":"es","potentialAction":[{"@type":"ReadAction","target":["https:\/\/ag-frisch.com\/es\/alimentos-de-china\/"]}]},{"@type":"BreadcrumbList","@id":"https:\/\/ag-frisch.com\/es\/alimentos-de-china\/#breadcrumb","itemListElement":[{"@type":"ListItem","position":1,"name":"Startseite","item":"https:\/\/ag-frisch.com\/de\/"},{"@type":"ListItem","position":2,"name":"Alimentos de China"}]},{"@type":"WebSite","@id":"https:\/\/ag-frisch.com\/de\/#website","url":"https:\/\/ag-frisch.com\/de\/","name":"China Import Beratung f\u00fcr den Einkauf aus China","description":"China Import &amp; Export Beratung - Der Dienstleister Ihres Vertrauens f\u00fcr Ihren China Import","publisher":{"@id":"https:\/\/ag-frisch.com\/de\/#organization"},"potentialAction":[{"@type":"SearchAction","target":{"@type":"EntryPoint","urlTemplate":"https:\/\/ag-frisch.com\/de\/?s={search_term_string}"},"query-input":{"@type":"PropertyValueSpecification","valueRequired":true,"valueName":"search_term_string"}}],"inLanguage":"es"},{"@type":"Organization","@id":"https:\/\/ag-frisch.com\/de\/#organization","name":"Agentur Frisch International Consulting GmbH & Co. KG","url":"https:\/\/ag-frisch.com\/de\/","logo":{"@type":"ImageObject","inLanguage":"es","@id":"https:\/\/ag-frisch.com\/de\/#\/schema\/logo\/image\/","url":"https:\/\/ag-frisch.com\/wp-content\/uploads\/2021\/08\/ag_logo_rgb_300_small.png","contentUrl":"https:\/\/ag-frisch.com\/wp-content\/uploads\/2021\/08\/ag_logo_rgb_300_small.png","width":153,"height":102,"caption":"Agentur Frisch International Consulting GmbH & Co. KG"},"image":{"@id":"https:\/\/ag-frisch.com\/de\/#\/schema\/logo\/image\/"},"sameAs":["https:\/\/www.facebook.com\/China.Import","https:\/\/x.com\/agenturfrisch"]}]}},"_links":{"self":[{"href":"https:\/\/ag-frisch.com\/es\/wp-json\/wp\/v2\/pages\/11328","targetHints":{"allow":["GET"]}}],"collection":[{"href":"https:\/\/ag-frisch.com\/es\/wp-json\/wp\/v2\/pages"}],"about":[{"href":"https:\/\/ag-frisch.com\/es\/wp-json\/wp\/v2\/types\/page"}],"author":[{"embeddable":true,"href":"https:\/\/ag-frisch.com\/es\/wp-json\/wp\/v2\/users\/2"}],"replies":[{"embeddable":true,"href":"https:\/\/ag-frisch.com\/es\/wp-json\/wp\/v2\/comments?post=11328"}],"version-history":[{"count":0,"href":"https:\/\/ag-frisch.com\/es\/wp-json\/wp\/v2\/pages\/11328\/revisions"}],"wp:attachment":[{"href":"https:\/\/ag-frisch.com\/es\/wp-json\/wp\/v2\/media?parent=11328"}],"curies":[{"name":"wp","href":"https:\/\/api.w.org\/{rel}","templated":true}]}}