{"id":11429,"date":"2022-05-28T14:23:45","date_gmt":"2022-05-28T12:23:45","guid":{"rendered":"https:\/\/ag-frisch.com\/tecnologia-china-de-calefaccion-y-secado\/"},"modified":"2023-01-27T05:30:16","modified_gmt":"2023-01-27T04:30:16","slug":"tecnologia-china-de-calefaccion-y-secado","status":"publish","type":"page","link":"https:\/\/ag-frisch.com\/es\/tecnologia-china-de-calefaccion-y-secado\/","title":{"rendered":"Tecnolog\u00eda china de calefacci\u00f3n y secado"},"content":{"rendered":"<p>[et_pb_section fb_built=&#8221;1&#8243; _builder_version=&#8221;4.16&#8243; _module_preset=&#8221;default&#8221; global_colors_info=&#8221;{}&#8221;][et_pb_row _builder_version=&#8221;4.18.1&#8243; _module_preset=&#8221;default&#8221; global_colors_info=&#8221;{}&#8221;][et_pb_column type=&#8221;4_4&#8243; _builder_version=&#8221;4.18.1&#8243; _module_preset=&#8221;default&#8221; global_colors_info=&#8221;{}&#8221;][et_pb_cta title=&#8221;Consultor\u00eda de importaci\u00f3n de China&#8221; button_url=&#8221;https:\/\/ag-frisch.com\/es\/contacte-con\/&#8221; button_text=&#8221;Reserve ahora una consulta&#8221; _builder_version=&#8221;4.16&#8243; _module_preset=&#8221;default&#8221; global_colors_info=&#8221;{}&#8221;]<\/p>\n<p>Con el asesoramiento de la Agencia de Importaci\u00f3n China Frisch, conseguir\u00e1 hacer negocios con China como si lo hicieran profesionales.  <\/p>\n<p>[\/et_pb_cta][\/et_pb_column][\/et_pb_row][et_pb_row _builder_version=&#8221;4.16&#8243; _module_preset=&#8221;default&#8221; global_colors_info=&#8221;{}&#8221;][et_pb_column type=&#8221;4_4&#8243; _builder_version=&#8221;4.16&#8243; _module_preset=&#8221;default&#8221; global_colors_info=&#8221;{}&#8221;][et_pb_text _builder_version=&#8221;4.18.1&#8243; _module_preset=&#8221;default&#8221; hover_enabled=&#8221;0&#8243; global_colors_info=&#8221;{}&#8221; sticky_enabled=&#8221;0&#8243;]<\/p>\n<h1>Tecnolog\u00eda de calefacci\u00f3n y secado de China: \u00a1apoyamos la importaci\u00f3n!<\/h1>\n<p><strong>Todo para calentar, enfriar y secar procedente de China<\/strong><\/p>\n<p><strong>Los aerotermos, los secadores de edificios y los aparatos de aire acondicionado pueden importarse a bajo precio.<\/strong><\/p>\n<p>Agentur Frisch es su socio fuerte para las importaciones de China. Desde cajas de cerillas hasta cosechadoras, importamos para usted todos los productos de Extremo Oriente, incluido, por supuesto, todo lo relacionado con la calefacci\u00f3n, el secado o la refrigeraci\u00f3n. No s\u00f3lo le ofrecemos contacto directo con fabricantes de China, as\u00ed como toda la tramitaci\u00f3n a precios inmejorables, sino que tambi\u00e9n triunfamos por fiabilidad y calidad. Entre otras cosas, puede importar lo siguiente directamente del fabricante en China a trav\u00e9s de nosotros:<\/p>\n<ul>\n<li>Ventiladores de China<\/li>\n<li>Secadoras de obra de China<\/li>\n<li>Acondicionadores de aire de China<\/li>\n<\/ul>\n<p>&nbsp;<\/p>\n<p><strong>Ventiladores de importaci\u00f3n: baratos y de calidad<\/strong><\/p>\n<p>Ya sea para viviendas particulares como apoyo en invierno o para necesidades industriales de gran potencia: nuestros contactos comerciales le suministran los aerotermos de China que necesita para sus fines. En grandes cantidades, en condiciones justas y a precios absolutamente sensacionales. Nuestros \u00e9xitos hablan por s\u00ed solos: quien nos compra una vez suele ser despu\u00e9s uno de nuestros clientes habituales. Queremos convencerle por su fiabilidad, transparencia y precios. P\u00f3ngase en contacto con nosotros y le informaremos en una consulta de lo que podemos hacer por usted en materia de aerotermos procedentes de China.<\/p>\n<p>&nbsp;<\/p>\n<p><strong>Comprar secadoras para la construcci\u00f3n en China &#8211; calidad superior a precios bajos<\/strong><\/p>\n<p>\u00bfEs usted un gran contratista o proveedor que busca una alternativa econ\u00f3mica a los costosos equipos europeos? Aun as\u00ed, la Agencia Frisch puede ayudarle. Gracias a nuestros contactos comerciales de primera clase en China, podemos ofrecerle los mejores precios de secadores de construcci\u00f3n de alta calidad procedentes de China mediante importaci\u00f3n directa. Estaremos encantados de ofrecerle secadores de obra de alto rendimiento que cumplen las normas alemanas de calidad y seguridad, as\u00ed como todos los accesorios relacionados con los secadores de obra. Adem\u00e1s, como importador de servicios completos, podemos encargarnos de todos los dem\u00e1s servicios relacionados con la importaci\u00f3n de secadoras de edificios de China para usted si lo solicita, para que pueda ocuparse tranquilamente de su actividad principal.<\/p>\n<p>Por supuesto, tambi\u00e9n podemos suministrarle los &#8220;hermanos peque\u00f1os&#8221; de los secadores de edificios, deshumidificadores convencionales para aplicaciones m\u00e1s peque\u00f1as. Compre a trav\u00e9s de nosotros:<\/p>\n<ul>\n<li>Secador de edificios<\/li>\n<li>Deshumidificador<\/li>\n<li>Medidores de humedad<\/li>\n<li>Purificador de aire<\/li>\n<\/ul>\n<p>&nbsp;<\/p>\n<p>&nbsp;<\/p>\n<p><strong>Comprar aires acondicionados de China directamente al fabricante<\/strong><\/p>\n<p>Aunque los aparatos de aire acondicionado a\u00fan no est\u00e1n tan extendidos en Alemania como en latitudes m\u00e1s c\u00e1lidas, cada vez son menos los habitantes de este pa\u00eds que quieren prescindir del confort de una temperatura regulada de forma \u00f3ptima. Por ello, la agencia Frisch le ofrece aparatos de aire acondicionado de alta calidad y econ\u00f3micos procedentes de China directamente del fabricante. A trav\u00e9s de nuestros socios comerciales puede importar de China, entre otras, las siguientes variantes de aparatos de aire acondicionado:<\/p>\n<ul>\n<li>Aire acondicionado monosplit<\/li>\n<li>Aire acondicionado multisplit<\/li>\n<li>Acondicionadores de aire m\u00f3viles<\/li>\n<li>Bombas de calor<\/li>\n<li>Climatizaci\u00f3n centralizada y descentralizada de edificios<\/li>\n<li>Sistemas de aire acondicionado para salas blancas y laboratorios<\/li>\n<li>Sistemas de refrigeraci\u00f3n para la tecnolog\u00eda de procesos<\/li>\n<\/ul>\n<p>&nbsp;<\/p>\n<p><strong>Sanitarios &#8211; inodoros, platos de ducha y co de China  <\/strong><\/p>\n<p>China siempre ha sido conocida por su porcelana de alta calidad, y esto se aplica no s\u00f3lo a los bonitos jarrones, sino tambi\u00e9n a objetos m\u00e1s mundanos como las tazas de v\u00e1ter o los lavabos. Benef\u00edciese de nuestras crecidas conexiones comerciales y de nuestra gran experiencia para importar sanitarios de China a precios inmejorables. En este segmento, podemos organizar para usted, entre muchos otros, por ejemplo:<\/p>\n<ul>\n<li>Aseos<\/li>\n<li>Duchas<\/li>\n<li>Lavabo<\/li>\n<li>Accesorios sanitarios<\/li>\n<li>Ba\u00f1eras<\/li>\n<li>Todo sobre piscinas y albercas<\/li>\n<\/ul>\n<p>&nbsp;<\/p>\n<p>Los art\u00edculos descritos representan s\u00f3lo una fracci\u00f3n de lo que podemos ofrecerle para importaci\u00f3n directa desde China. Lo mejor que puede hacer es ponerse en contacto con nosotros para que analicemos juntos sus necesidades y las posibilidades.<\/p>\n<p>Le ofrecemos todos los servicios relacionados con la importaci\u00f3n de art\u00edculos sanitarios, aparatos de aire acondicionado y mucho m\u00e1s desde China: desde la negociaci\u00f3n de precios y la redacci\u00f3n de contratos hasta el control de la producci\u00f3n, las pruebas y la certificaci\u00f3n, la log\u00edstica del transporte y el almacenamiento interior.<\/p>\n<p><strong>\u00a1Le esperamos!  <\/strong><\/p>\n<p>[\/et_pb_text][\/et_pb_column][\/et_pb_row][\/et_pb_section][et_pb_section fb_built=&#8221;1&#8243; admin_label=&#8221;Testimonials&#8221; _builder_version=&#8221;4.16&#8243; use_background_color_gradient=&#8221;on&#8221; background_color_gradient_stops=&#8221;rgba(0,106,156,0.85) 0%|rgba(0,106,156,0.85) 100%&#8221; background_color_gradient_start=&#8221;rgba(0,106,156,0.85)&#8221; background_color_gradient_end=&#8221;rgba(0,106,156,0.85)&#8221; custom_padding=&#8221;90px||60px|&#8221; animation_style=&#8221;fold&#8221; animation_direction=&#8221;bottom&#8221; animation_intensity_fold=&#8221;4%&#8221; global_colors_info=&#8221;{}&#8221;][et_pb_row _builder_version=&#8221;4.16&#8243; background_size=&#8221;initial&#8221; background_position=&#8221;top_left&#8221; background_repeat=&#8221;repeat&#8221; custom_width_px=&#8221;710px&#8221; locked=&#8221;off&#8221; global_colors_info=&#8221;{}&#8221;][et_pb_column type=&#8221;4_4&#8243; _builder_version=&#8221;4.16&#8243; background_position=&#8221;top_left&#8221; custom_padding=&#8221;|||&#8221; global_colors_info=&#8221;{}&#8221; custom_padding__hover=&#8221;|||&#8221;][et_pb_text admin_label=&#8221;Testimonials Section Title&#8221; _builder_version=&#8221;4.16&#8243; header_font=&#8221;Montserrat||||&#8221; header_font_size=&#8221;36px&#8221; background_size=&#8221;initial&#8221; background_position=&#8221;top_left&#8221; background_repeat=&#8221;repeat&#8221; text_orientation=&#8221;center&#8221; background_layout=&#8221;dark&#8221; max_width=&#8221;710px&#8221; module_alignment=&#8221;center&#8221; animation_style=&#8221;fold&#8221; animation_direction=&#8221;bottom&#8221; animation_intensity_fold=&#8221;20%&#8221; global_colors_info=&#8221;{}&#8221;]<\/p>\n<h1>M\u00e1s de 5000 clientes satisfechos.<\/h1>\n<p>&nbsp;<\/p>\n<p>[\/et_pb_text][et_pb_divider color=&#8221;#ffffff&#8221; divider_weight=&#8221;3px&#8221; disabled_on=&#8221;off|off|off&#8221; _builder_version=&#8221;4.16&#8243; background_color_gradient_direction=&#8221;90deg&#8221; max_width=&#8221;100px&#8221; module_alignment=&#8221;center&#8221; height=&#8221;5px&#8221; custom_margin=&#8221;||20px|&#8221; custom_padding=&#8221;||20px|&#8221; animation_style=&#8221;slide&#8221; animation_direction=&#8221;bottom&#8221; saved_tabs=&#8221;all&#8221; locked=&#8221;off&#8221; global_colors_info=&#8221;{}&#8221;][\/et_pb_divider][\/et_pb_column][\/et_pb_row][et_pb_row column_structure=&#8221;1_2,1_2&#8243; _builder_version=&#8221;4.18.1&#8243; _module_preset=&#8221;default&#8221; global_colors_info=&#8221;{}&#8221;][et_pb_column type=&#8221;1_2&#8243; _builder_version=&#8221;4.18.1&#8243; _module_preset=&#8221;default&#8221; global_colors_info=&#8221;{}&#8221;][et_pb_testimonial author=&#8221;Marco&#8221; portrait_url=&#8221;https:\/\/ag-frisch.com\/wp-content\/uploads\/2021\/08\/Harald.png&#8221; quote_icon=&#8221;off&#8221; _builder_version=&#8221;4.18.1&#8243; _module_preset=&#8221;default&#8221; body_font_size=&#8221;16px&#8221; use_background_color=&#8221;off&#8221; background_layout=&#8221;dark&#8221; global_colors_info=&#8221;{}&#8221;]Encargu\u00e9 a la Agencia Frisch la fabricaci\u00f3n de un gran mueble en China y su posterior traslado a Alemania. La comunicaci\u00f3n por correo fue fluida en todo momento. Las respuestas, muy r\u00e1pidas y fiables, me dieron constantemente las seguridades indispensables en una empresa de este tipo. Me ayudaron en todo momento a atravesar la jungla burocr\u00e1tica y no se me olvid\u00f3 ning\u00fan formulario ni lo rellen\u00e9 incorrectamente. \u00a1Muy loable!<a href=\"&lt;div%20class=%22pe-richsnippets%22&gt;&nbsp;&lt;\/div&gt;%20&lt;script%20type=%22text\/javascript%22%20src=%22https:\/\/www.provenexpert.com\/widget\/richsnippet.js?u=1NUA0VwZ4RUZ5tmAi5zA4RaplNKAlWwZ&amp;v=2%22%20async&gt;&lt;\/script&gt;%20&lt;div%20style=%22text-align:%20justify;%22&gt;&lt;br%20\/&gt;\"><\/a><\/p>\n<div class=\"brow ratingBarMargin\">\n<div class=\"ratingBar\">\n<div class=\"brow\">\n<div class=\"pe-richsnippets\">&nbsp;<\/div>\n<p><script type=\"text\/javascript\" src=\"https:\/\/www.provenexpert.com\/widget\/richsnippet.js?u=1NUA0VwZ4RUZ5tmAi5zA4RaplNKAlWwZ&amp;v=2\" async=\"\"><\/script><\/p>\n<div style=\"text-align: justify;\"><\/p>\n<div class=\"col-lg-9 col-md-8 col-xs-10 mt20 mb20\">\n<div class=\"col-xs-12 surveyNameForRating\"><\/div>\n<\/div>\n<\/div>\n<\/div>\n<\/div>\n<\/div>\n<p>[\/et_pb_testimonial][\/et_pb_column][et_pb_column type=&#8221;1_2&#8243; _builder_version=&#8221;4.18.1&#8243; _module_preset=&#8221;default&#8221; global_colors_info=&#8221;{}&#8221;][et_pb_testimonial author=&#8221;Simone L.&#8221; portrait_url=&#8221;https:\/\/ag-frisch.com\/wp-content\/uploads\/2021\/08\/Harald.png&#8221; quote_icon=&#8221;off&#8221; _builder_version=&#8221;4.18.1&#8243; _module_preset=&#8221;default&#8221; body_font_size=&#8221;16px&#8221; use_background_color=&#8221;off&#8221; background_layout=&#8221;dark&#8221; global_colors_info=&#8221;{}&#8221;]<\/p>\n<p>Todo arriba. No hay nada mejor que esto. El asesoramiento y la aplicaci\u00f3n no pueden hacerse mejor. Estamos m\u00e1s que satisfechos despu\u00e9s de varios pedidos con esta empresa y continuamos nuestra cooperaci\u00f3n.<\/p>\n<div class=\"brow ratingBarMargin\">\n<div class=\"ratingBar\">\n<div class=\"brow\">\n<div class=\"pe-richsnippets\"> <\/div>\n<p>\n<script type=\"text\/javascript\" src=\"https:\/\/www.provenexpert.com\/widget\/richsnippet.js?u=1NUA0VwZ4RUZ5tmAi5zA4RaplNKAlWwZ&amp;v=2\" async=\"\"><\/script>\n<\/p>\n<div style=\"text-align: justify;\">\n<p>&nbsp;<\/p>\n<div class=\"col-lg-9 col-md-8 col-xs-10 mt20 mb20\">\n<div class=\"col-xs-12 surveyNameForRating\"><\/div>\n<\/div>\n<\/div>\n<\/div>\n<\/div>\n<\/div>\n<p>[\/et_pb_testimonial][\/et_pb_column][\/et_pb_row][et_pb_row _builder_version=&#8221;4.16&#8243; background_size=&#8221;initial&#8221; background_position=&#8221;top_left&#8221; background_repeat=&#8221;repeat&#8221; custom_padding=&#8221;50px|0px|30px|0px&#8221; custom_css_main_element=&#8221;text-align: center;&#8221; global_colors_info=&#8221;{}&#8221;][et_pb_column type=&#8221;4_4&#8243; _builder_version=&#8221;4.16&#8243; custom_padding=&#8221;|||&#8221; global_colors_info=&#8221;{}&#8221; custom_padding__hover=&#8221;|||&#8221;][et_pb_button button_url=&#8221;https:\/\/www.provenexpert.com\/de-de\/agentur-frisch-international-consulting-gmbh-und-co-kg\/&#8221; button_text=&#8221;M\u00c1S VALORACIONES&#8221; button_alignment=&#8221;left&#8221; admin_label=&#8221;Testimonial Button&#8221; _builder_version=&#8221;4.16&#8243; custom_button=&#8221;on&#8221; button_text_size=&#8221;18px&#8221; button_text_color=&#8221;#ffffff&#8221; button_bg_color=&#8221;#6eba01&#8243; button_border_width=&#8221;2px&#8221; button_border_color=&#8221;#6eba01&#8243; button_border_radius=&#8221;0px&#8221; button_letter_spacing=&#8221;2px&#8221; button_font=&#8221;Montserrat|||on|&#8221; button_use_icon=&#8221;off&#8221; animation_style=&#8221;fold&#8221; animation_direction=&#8221;bottom&#8221; button_text_color_hover=&#8221;#ffffff&#8221; button_border_color_hover=&#8221;#ffffff&#8221; button_border_radius_hover=&#8221;0px&#8221; button_letter_spacing_hover=&#8221;2px&#8221; button_bg_color_hover=&#8221;rgba(255,255,255,0)&#8221; locked=&#8221;off&#8221; global_colors_info=&#8221;{}&#8221; button_text_size__hover_enabled=&#8221;off&#8221; button_one_text_size__hover_enabled=&#8221;off&#8221; button_two_text_size__hover_enabled=&#8221;off&#8221; button_text_color__hover_enabled=&#8221;on&#8221; button_text_color__hover=&#8221;#ffffff&#8221; button_one_text_color__hover_enabled=&#8221;off&#8221; button_two_text_color__hover_enabled=&#8221;off&#8221; button_border_width__hover_enabled=&#8221;off&#8221; button_one_border_width__hover_enabled=&#8221;off&#8221; button_two_border_width__hover_enabled=&#8221;off&#8221; button_border_color__hover_enabled=&#8221;on&#8221; button_border_color__hover=&#8221;#ffffff&#8221; button_one_border_color__hover_enabled=&#8221;off&#8221; button_two_border_color__hover_enabled=&#8221;off&#8221; button_border_radius__hover_enabled=&#8221;on&#8221; button_border_radius__hover=&#8221;0px&#8221; button_one_border_radius__hover_enabled=&#8221;off&#8221; button_two_border_radius__hover_enabled=&#8221;off&#8221; button_letter_spacing__hover_enabled=&#8221;on&#8221; button_letter_spacing__hover=&#8221;2px&#8221; button_one_letter_spacing__hover_enabled=&#8221;off&#8221; button_two_letter_spacing__hover_enabled=&#8221;off&#8221; button_bg_color__hover_enabled=&#8221;on&#8221; button_bg_color__hover=&#8221;rgba(255,255,255,0)&#8221; button_one_bg_color__hover_enabled=&#8221;off&#8221; button_two_bg_color__hover_enabled=&#8221;off&#8221;][\/et_pb_button][\/et_pb_column][\/et_pb_row][\/et_pb_section]<\/p>\n","protected":false},"excerpt":{"rendered":"<p>Con el asesoramiento de la Agencia de Importaci\u00f3n China Frisch, conseguir\u00e1 hacer negocios con China como si lo hicieran profesionales. Tecnolog\u00eda de calefacci\u00f3n y secado de China: \u00a1apoyamos la importaci\u00f3n! Todo para calentar, enfriar y secar procedente de China Los aerotermos, los secadores de edificios y los aparatos de aire acondicionado pueden importarse a bajo [&hellip;]<\/p>\n","protected":false},"author":2,"featured_media":0,"parent":0,"menu_order":0,"comment_status":"closed","ping_status":"closed","template":"","meta":{"_et_pb_use_builder":"on","_et_pb_old_content":"","_et_gb_content_width":"","footnotes":""},"class_list":["post-11429","page","type-page","status-publish","hentry"],"yoast_head":"<!-- This site is optimized with the Yoast SEO plugin v27.4 - https:\/\/yoast.com\/product\/yoast-seo-wordpress\/ -->\n<title>Importar tecnolog\u00eda de calefacci\u00f3n, aerotermos, tecnolog\u00eda de secado de China<\/title>\n<meta name=\"description\" content=\"Importar tecnolog\u00eda de calefacci\u00f3n y secado de China \u2714 Acondicionadores de aire \u2714 Ventiladores de calefacci\u00f3n \u2714 Secadores para edificios \u25ba Ayudamos con la importaci\u00f3n \u25ba \u00a1Ases\u00f3rate ahora!\" \/>\n<meta name=\"robots\" content=\"index, follow, max-snippet:-1, max-image-preview:large, max-video-preview:-1\" \/>\n<link rel=\"canonical\" href=\"https:\/\/ag-frisch.com\/es\/tecnologia-china-de-calefaccion-y-secado\/\" \/>\n<meta property=\"og:locale\" content=\"es_ES\" \/>\n<meta property=\"og:type\" content=\"article\" \/>\n<meta property=\"og:title\" content=\"Importar tecnolog\u00eda de calefacci\u00f3n, aerotermos, tecnolog\u00eda de secado de China\" \/>\n<meta property=\"og:description\" content=\"Importar tecnolog\u00eda de calefacci\u00f3n y secado de China \u2714 Acondicionadores de aire \u2714 Ventiladores de calefacci\u00f3n \u2714 Secadores para edificios \u25ba Ayudamos con la importaci\u00f3n \u25ba \u00a1Ases\u00f3rate ahora!\" \/>\n<meta property=\"og:url\" content=\"https:\/\/ag-frisch.com\/es\/tecnologia-china-de-calefaccion-y-secado\/\" \/>\n<meta property=\"og:site_name\" content=\"China Import Beratung f\u00fcr den Einkauf aus China\" \/>\n<meta property=\"article:publisher\" content=\"https:\/\/www.facebook.com\/China.Import\" \/>\n<meta property=\"article:modified_time\" content=\"2023-01-27T04:30:16+00:00\" \/>\n<meta name=\"twitter:card\" content=\"summary_large_image\" \/>\n<meta name=\"twitter:site\" content=\"@agenturfrisch\" \/>\n<meta name=\"twitter:label1\" content=\"Tiempo de lectura\" \/>\n\t<meta name=\"twitter:data1\" content=\"8 minutos\" \/>\n<script type=\"application\/ld+json\" class=\"yoast-schema-graph\">{\"@context\":\"https:\\\/\\\/schema.org\",\"@graph\":[{\"@type\":\"WebPage\",\"@id\":\"https:\\\/\\\/ag-frisch.com\\\/es\\\/tecnologia-china-de-calefaccion-y-secado\\\/\",\"url\":\"https:\\\/\\\/ag-frisch.com\\\/es\\\/tecnologia-china-de-calefaccion-y-secado\\\/\",\"name\":\"Importar tecnolog\u00eda de calefacci\u00f3n, aerotermos, tecnolog\u00eda de secado de China\",\"isPartOf\":{\"@id\":\"https:\\\/\\\/ag-frisch.com\\\/de\\\/#website\"},\"datePublished\":\"2022-05-28T12:23:45+00:00\",\"dateModified\":\"2023-01-27T04:30:16+00:00\",\"description\":\"Importar tecnolog\u00eda de calefacci\u00f3n y secado de China \u2714 Acondicionadores de aire \u2714 Ventiladores de calefacci\u00f3n \u2714 Secadores para edificios \u25ba Ayudamos con la importaci\u00f3n \u25ba \u00a1Ases\u00f3rate ahora!\",\"breadcrumb\":{\"@id\":\"https:\\\/\\\/ag-frisch.com\\\/es\\\/tecnologia-china-de-calefaccion-y-secado\\\/#breadcrumb\"},\"inLanguage\":\"es\",\"potentialAction\":[{\"@type\":\"ReadAction\",\"target\":[\"https:\\\/\\\/ag-frisch.com\\\/es\\\/tecnologia-china-de-calefaccion-y-secado\\\/\"]}]},{\"@type\":\"BreadcrumbList\",\"@id\":\"https:\\\/\\\/ag-frisch.com\\\/es\\\/tecnologia-china-de-calefaccion-y-secado\\\/#breadcrumb\",\"itemListElement\":[{\"@type\":\"ListItem\",\"position\":1,\"name\":\"Startseite\",\"item\":\"https:\\\/\\\/ag-frisch.com\\\/de\\\/\"},{\"@type\":\"ListItem\",\"position\":2,\"name\":\"Tecnolog\u00eda china de calefacci\u00f3n y secado\"}]},{\"@type\":\"WebSite\",\"@id\":\"https:\\\/\\\/ag-frisch.com\\\/de\\\/#website\",\"url\":\"https:\\\/\\\/ag-frisch.com\\\/de\\\/\",\"name\":\"China Import Beratung f\u00fcr den Einkauf aus China\",\"description\":\"China Import &amp; Export Beratung - Der Dienstleister Ihres Vertrauens f\u00fcr Ihren China Import\",\"publisher\":{\"@id\":\"https:\\\/\\\/ag-frisch.com\\\/de\\\/#organization\"},\"potentialAction\":[{\"@type\":\"SearchAction\",\"target\":{\"@type\":\"EntryPoint\",\"urlTemplate\":\"https:\\\/\\\/ag-frisch.com\\\/de\\\/?s={search_term_string}\"},\"query-input\":{\"@type\":\"PropertyValueSpecification\",\"valueRequired\":true,\"valueName\":\"search_term_string\"}}],\"inLanguage\":\"es\"},{\"@type\":\"Organization\",\"@id\":\"https:\\\/\\\/ag-frisch.com\\\/de\\\/#organization\",\"name\":\"Agentur Frisch International Consulting GmbH & Co. KG\",\"url\":\"https:\\\/\\\/ag-frisch.com\\\/de\\\/\",\"logo\":{\"@type\":\"ImageObject\",\"inLanguage\":\"es\",\"@id\":\"https:\\\/\\\/ag-frisch.com\\\/de\\\/#\\\/schema\\\/logo\\\/image\\\/\",\"url\":\"https:\\\/\\\/ag-frisch.com\\\/wp-content\\\/uploads\\\/2021\\\/08\\\/ag_logo_rgb_300_small.png\",\"contentUrl\":\"https:\\\/\\\/ag-frisch.com\\\/wp-content\\\/uploads\\\/2021\\\/08\\\/ag_logo_rgb_300_small.png\",\"width\":153,\"height\":102,\"caption\":\"Agentur Frisch International Consulting GmbH & Co. KG\"},\"image\":{\"@id\":\"https:\\\/\\\/ag-frisch.com\\\/de\\\/#\\\/schema\\\/logo\\\/image\\\/\"},\"sameAs\":[\"https:\\\/\\\/www.facebook.com\\\/China.Import\",\"https:\\\/\\\/x.com\\\/agenturfrisch\"]}]}<\/script>\n<!-- \/ Yoast SEO plugin. -->","yoast_head_json":{"title":"Importar tecnolog\u00eda de calefacci\u00f3n, aerotermos, tecnolog\u00eda de secado de China","description":"Importar tecnolog\u00eda de calefacci\u00f3n y secado de China \u2714 Acondicionadores de aire \u2714 Ventiladores de calefacci\u00f3n \u2714 Secadores para edificios \u25ba Ayudamos con la importaci\u00f3n \u25ba \u00a1Ases\u00f3rate ahora!","robots":{"index":"index","follow":"follow","max-snippet":"max-snippet:-1","max-image-preview":"max-image-preview:large","max-video-preview":"max-video-preview:-1"},"canonical":"https:\/\/ag-frisch.com\/es\/tecnologia-china-de-calefaccion-y-secado\/","og_locale":"es_ES","og_type":"article","og_title":"Importar tecnolog\u00eda de calefacci\u00f3n, aerotermos, tecnolog\u00eda de secado de China","og_description":"Importar tecnolog\u00eda de calefacci\u00f3n y secado de China \u2714 Acondicionadores de aire \u2714 Ventiladores de calefacci\u00f3n \u2714 Secadores para edificios \u25ba Ayudamos con la importaci\u00f3n \u25ba \u00a1Ases\u00f3rate ahora!","og_url":"https:\/\/ag-frisch.com\/es\/tecnologia-china-de-calefaccion-y-secado\/","og_site_name":"China Import Beratung f\u00fcr den Einkauf aus China","article_publisher":"https:\/\/www.facebook.com\/China.Import","article_modified_time":"2023-01-27T04:30:16+00:00","twitter_card":"summary_large_image","twitter_site":"@agenturfrisch","twitter_misc":{"Tiempo de lectura":"8 minutos"},"schema":{"@context":"https:\/\/schema.org","@graph":[{"@type":"WebPage","@id":"https:\/\/ag-frisch.com\/es\/tecnologia-china-de-calefaccion-y-secado\/","url":"https:\/\/ag-frisch.com\/es\/tecnologia-china-de-calefaccion-y-secado\/","name":"Importar tecnolog\u00eda de calefacci\u00f3n, aerotermos, tecnolog\u00eda de secado de China","isPartOf":{"@id":"https:\/\/ag-frisch.com\/de\/#website"},"datePublished":"2022-05-28T12:23:45+00:00","dateModified":"2023-01-27T04:30:16+00:00","description":"Importar tecnolog\u00eda de calefacci\u00f3n y secado de China \u2714 Acondicionadores de aire \u2714 Ventiladores de calefacci\u00f3n \u2714 Secadores para edificios \u25ba Ayudamos con la importaci\u00f3n \u25ba \u00a1Ases\u00f3rate ahora!","breadcrumb":{"@id":"https:\/\/ag-frisch.com\/es\/tecnologia-china-de-calefaccion-y-secado\/#breadcrumb"},"inLanguage":"es","potentialAction":[{"@type":"ReadAction","target":["https:\/\/ag-frisch.com\/es\/tecnologia-china-de-calefaccion-y-secado\/"]}]},{"@type":"BreadcrumbList","@id":"https:\/\/ag-frisch.com\/es\/tecnologia-china-de-calefaccion-y-secado\/#breadcrumb","itemListElement":[{"@type":"ListItem","position":1,"name":"Startseite","item":"https:\/\/ag-frisch.com\/de\/"},{"@type":"ListItem","position":2,"name":"Tecnolog\u00eda china de calefacci\u00f3n y secado"}]},{"@type":"WebSite","@id":"https:\/\/ag-frisch.com\/de\/#website","url":"https:\/\/ag-frisch.com\/de\/","name":"China Import Beratung f\u00fcr den Einkauf aus China","description":"China Import &amp; Export Beratung - Der Dienstleister Ihres Vertrauens f\u00fcr Ihren China Import","publisher":{"@id":"https:\/\/ag-frisch.com\/de\/#organization"},"potentialAction":[{"@type":"SearchAction","target":{"@type":"EntryPoint","urlTemplate":"https:\/\/ag-frisch.com\/de\/?s={search_term_string}"},"query-input":{"@type":"PropertyValueSpecification","valueRequired":true,"valueName":"search_term_string"}}],"inLanguage":"es"},{"@type":"Organization","@id":"https:\/\/ag-frisch.com\/de\/#organization","name":"Agentur Frisch International Consulting GmbH & Co. KG","url":"https:\/\/ag-frisch.com\/de\/","logo":{"@type":"ImageObject","inLanguage":"es","@id":"https:\/\/ag-frisch.com\/de\/#\/schema\/logo\/image\/","url":"https:\/\/ag-frisch.com\/wp-content\/uploads\/2021\/08\/ag_logo_rgb_300_small.png","contentUrl":"https:\/\/ag-frisch.com\/wp-content\/uploads\/2021\/08\/ag_logo_rgb_300_small.png","width":153,"height":102,"caption":"Agentur Frisch International Consulting GmbH & Co. KG"},"image":{"@id":"https:\/\/ag-frisch.com\/de\/#\/schema\/logo\/image\/"},"sameAs":["https:\/\/www.facebook.com\/China.Import","https:\/\/x.com\/agenturfrisch"]}]}},"_links":{"self":[{"href":"https:\/\/ag-frisch.com\/es\/wp-json\/wp\/v2\/pages\/11429","targetHints":{"allow":["GET"]}}],"collection":[{"href":"https:\/\/ag-frisch.com\/es\/wp-json\/wp\/v2\/pages"}],"about":[{"href":"https:\/\/ag-frisch.com\/es\/wp-json\/wp\/v2\/types\/page"}],"author":[{"embeddable":true,"href":"https:\/\/ag-frisch.com\/es\/wp-json\/wp\/v2\/users\/2"}],"replies":[{"embeddable":true,"href":"https:\/\/ag-frisch.com\/es\/wp-json\/wp\/v2\/comments?post=11429"}],"version-history":[{"count":0,"href":"https:\/\/ag-frisch.com\/es\/wp-json\/wp\/v2\/pages\/11429\/revisions"}],"wp:attachment":[{"href":"https:\/\/ag-frisch.com\/es\/wp-json\/wp\/v2\/media?parent=11429"}],"curies":[{"name":"wp","href":"https:\/\/api.w.org\/{rel}","templated":true}]}}