{"id":11634,"date":"2022-07-25T17:01:38","date_gmt":"2022-07-25T15:01:38","guid":{"rendered":"https:\/\/ag-frisch.com\/declaracion-de-conformidad\/"},"modified":"2023-01-27T05:31:50","modified_gmt":"2023-01-27T04:31:50","slug":"declaracion-de-conformidad","status":"publish","type":"page","link":"https:\/\/ag-frisch.com\/es\/declaracion-de-conformidad\/","title":{"rendered":"Declaraci\u00f3n de conformidad"},"content":{"rendered":"<p>[et_pb_section fb_built=&#8221;1&#8243; _builder_version=&#8221;4.16&#8243; _module_preset=&#8221;default&#8221; global_colors_info=&#8221;{}&#8221;][et_pb_row _builder_version=&#8221;4.16&#8243; _module_preset=&#8221;default&#8221; global_colors_info=&#8221;{}&#8221;][et_pb_column type=&#8221;4_4&#8243; _builder_version=&#8221;4.16&#8243; _module_preset=&#8221;default&#8221; global_colors_info=&#8221;{}&#8221;][et_pb_cta title=&#8221;Declaraci\u00f3n de conformidad de sus mercanc\u00edas importadas&#8221; button_url=&#8221;https:\/\/ag-frisch.com\/es\/contacte-con\/&#8221; button_text=&#8221;Deje que los profesionales lo creen ahora&#8221; _builder_version=&#8221;4.18.1&#8243; _module_preset=&#8221;default&#8221; global_colors_info=&#8221;{}&#8221;]<\/p>\n<p>Para muchas pruebas obligatorias, como las de los productos sujetos a la CE o la LFGB, es obligatorio presentar una declaraci\u00f3n de conformidad.  <\/p>\n<p>[\/et_pb_cta][et_pb_text admin_label=&#8221;H1&#8243; _builder_version=&#8221;4.18.1&#8243; _module_preset=&#8221;default&#8221; global_colors_info=&#8221;{}&#8221;]<\/p>\n<h1>Declaraci\u00f3n de conformidad: marcado CE para importaci\u00f3n en China<\/h1>\n<p>[\/et_pb_text][et_pb_text _builder_version=&#8221;4.18.1&#8243; _module_preset=&#8221;default&#8221; global_colors_info=&#8221;{}&#8221;]<\/p>\n<h2><strong>Cumplimiento de la Directiva CE al importar de China<\/strong><\/h2>\n<p>La Ley de Seguridad de los Productos estipula que s\u00f3lo pueden venderse en Alemania los productos que cumplan las normas y directrices aplicables en este pa\u00eds. Como importador de China, se le trata legalmente como a un fabricante en Alemania. Esto significa que usted es plenamente responsable de los bienes que comercializa. Para garantizar que nadie resulte perjudicado, los productos deben cumplir una amplia gama de directrices. Pueden ser, por ejemplo:<\/p>\n<ul>\n<li>Directiva sobre m\u00e1quinas<\/li>\n<li>Directiva sobre instrumentos de medida<\/li>\n<li>Directiva sobre juguetes<\/li>\n<li>Directiva sobre productos sanitarios<\/li>\n<li>v.m.<\/li>\n<\/ul>\n<p>Adem\u00e1s de las directivas aqu\u00ed mencionadas, existe un gran n\u00famero de normativas para otros grupos de productos. Muchos productos tambi\u00e9n requieren la colocaci\u00f3n del marcado CE. Para esta marca, la declaraci\u00f3n de conformidad es de nuevo la base y un componente necesario.<\/p>\n<h3><strong>Elaborar la declaraci\u00f3n de conformidad es necesario y est\u00e1 en manos de profesionales.<\/strong><\/h3>\n<p>La declaraci\u00f3n de conformidad como parte de la prueba de producci\u00f3n conforme a la CE en China es una parte absolutamente necesaria de la importaci\u00f3n a China. La Agencia Frisch se har\u00e1 cargo de este servicio para usted de forma experta y concienzuda.<\/p>\n<p>&nbsp;<\/p>\n<h3><strong>CE en producci\u00f3n en China<\/strong><\/h3>\n<p>Quienes colocan el marcado CE en sus productos declaran que conocen las normas y reglamentos aplicables y que su producto los cumple. El marcado CE tiene por objeto garantizar la seguridad y la fiabilidad cuando se act\u00faa en un contexto nacional, pero tambi\u00e9n internacional.<\/p>\n<p>No todos los productos requieren el marcado CE. Entre los grupos de productos que deben demostrar su conformidad con la Directiva CE mediante el etiquetado figuran, por ejemplo:<\/p>\n<ul>\n<li>Recursos de telecomunicaciones<\/li>\n<li>Dispositivos de medici\u00f3n<\/li>\n<li>Art\u00edculos pirot\u00e9cnicos<\/li>\n<li>Productos de construcci\u00f3n<\/li>\n<li>Juguete<\/li>\n<li>Equipo de protecci\u00f3n<\/li>\n<li>Productos sanitarios<\/li>\n<li>Calderas y aparatos de gas<\/li>\n<li>Ascensores<\/li>\n<li>v.m.<\/li>\n<\/ul>\n<p>&nbsp;<\/p>\n<h4><strong>Declaraci\u00f3n de conformidad como parte del manual de instrucciones<\/strong><\/h4>\n<p>En algunos casos, la declaraci\u00f3n de conformidad debe suministrarse con cada producto vendido en el manual de instrucciones. Es el caso, por ejemplo, de la Directiva sobre m\u00e1quinas. Estaremos encantados de aclararle si su producto est\u00e1 afectado por esta obligaci\u00f3n. El servicio integral de importaci\u00f3n de Agentur Frisch le ofrece la oportunidad de que la inspecci\u00f3n y el cumplimiento de estas obligaciones se lleven a cabo directamente y de la forma m\u00e1s r\u00e1pida posible a trav\u00e9s de una \u00fanica fuente.<\/p>\n<p>&nbsp;<\/p>\n<p><strong>Producci\u00f3n conforme a la CE por un fabricante de China<\/strong><\/p>\n<p>A la hora de seleccionar los fabricantes adecuados para su pedido, concedemos gran importancia al hecho de que puedan garantizar una producci\u00f3n conforme a la CE. Por lo tanto, s\u00f3lo se consideran socios comerciales reputados con los que no habr\u00e1 sorpresas desagradables m\u00e1s adelante. Fijar todos los t\u00e9rminos y condiciones en los contratos que redactamos en su nombre tambi\u00e9n proporciona m\u00e1s seguridad en relaci\u00f3n con el cumplimiento de la Directiva CE para su importaci\u00f3n a China.<\/p>\n<p>&nbsp;<\/p>\n<p><strong>Identificar las normas y directrices pertinentes<\/strong><\/p>\n<p>En la declaraci\u00f3n de conformidad, o proceso de marcado CE, deben identificarse y nombrarse las normas y directivas que se aplican a su producto. La Agencia Frisch se encargar\u00e1 con mucho gusto de este servicio para usted. Con nuestra amplia experiencia, averiguaremos por usted qu\u00e9 condiciones debe cumplir en el marco del marcado CE cuando produzca en China.<\/p>\n<p>&nbsp;<\/p>\n<p><strong>No es posible importar de China sin una declaraci\u00f3n de conformidad y, si procede, el marcado CE.<\/strong><\/p>\n<p><strong>Agentur Frisch comprobar\u00e1 gustosamente por usted la documentaci\u00f3n t\u00e9cnica de su producci\u00f3n y la utilizar\u00e1 para redactar la declaraci\u00f3n de conformidad que necesita para la importaci\u00f3n y distribuci\u00f3n en Alemania.  <\/strong><\/p>\n<p>&nbsp;<\/p>\n<p>La producci\u00f3n conforme a la CE en China y el cumplimiento de la directiva CE no son opcionales. Estos servicios son absolutamente necesarios para poder importar y vender mercanc\u00edas a Alemania. La Agencia Frisch estar\u00e1 encantada de asesorarle tambi\u00e9n sobre este tema.<\/p>\n<p>&nbsp;[\/et_pb_text][\/et_pb_column][\/et_pb_row][\/et_pb_section][et_pb_section fb_built=&#8221;1&#8243; admin_label=&#8221;Testimonials&#8221; _builder_version=&#8221;4.16&#8243; use_background_color_gradient=&#8221;on&#8221; background_color_gradient_stops=&#8221;rgba(0,106,156,0.85) 0%|rgba(0,106,156,0.85) 100%&#8221; background_color_gradient_start=&#8221;rgba(0,106,156,0.85)&#8221; background_color_gradient_end=&#8221;rgba(0,106,156,0.85)&#8221; custom_padding=&#8221;90px||60px|&#8221; animation_style=&#8221;fold&#8221; animation_direction=&#8221;bottom&#8221; animation_intensity_fold=&#8221;4%&#8221; global_colors_info=&#8221;{}&#8221; theme_builder_area=&#8221;post_content&#8221;][et_pb_row _builder_version=&#8221;4.16&#8243; background_size=&#8221;initial&#8221; background_position=&#8221;top_left&#8221; background_repeat=&#8221;repeat&#8221; custom_width_px=&#8221;710px&#8221; locked=&#8221;off&#8221; global_colors_info=&#8221;{}&#8221; theme_builder_area=&#8221;post_content&#8221;][et_pb_column type=&#8221;4_4&#8243; _builder_version=&#8221;4.16&#8243; background_position=&#8221;top_left&#8221; custom_padding=&#8221;|||&#8221; global_colors_info=&#8221;{}&#8221; custom_padding__hover=&#8221;|||&#8221; theme_builder_area=&#8221;post_content&#8221;][et_pb_text admin_label=&#8221;Testimonials Section Title&#8221; _builder_version=&#8221;4.16&#8243; header_font=&#8221;Montserrat||||&#8221; header_font_size=&#8221;36px&#8221; background_size=&#8221;initial&#8221; background_position=&#8221;top_left&#8221; background_repeat=&#8221;repeat&#8221; text_orientation=&#8221;center&#8221; background_layout=&#8221;dark&#8221; max_width=&#8221;710px&#8221; module_alignment=&#8221;center&#8221; animation_style=&#8221;fold&#8221; animation_direction=&#8221;bottom&#8221; animation_intensity_fold=&#8221;20%&#8221; global_colors_info=&#8221;{}&#8221; theme_builder_area=&#8221;post_content&#8221;]<\/p>\n<h1>M\u00e1s de 5000 clientes satisfechos.<\/h1>\n<p>&nbsp;<\/p>\n<p>[\/et_pb_text][et_pb_divider color=&#8221;#ffffff&#8221; divider_weight=&#8221;3px&#8221; disabled_on=&#8221;off|off|off&#8221; _builder_version=&#8221;4.16&#8243; background_color_gradient_direction=&#8221;90deg&#8221; max_width=&#8221;100px&#8221; module_alignment=&#8221;center&#8221; height=&#8221;5px&#8221; custom_margin=&#8221;||20px|&#8221; custom_padding=&#8221;||20px|&#8221; animation_style=&#8221;slide&#8221; animation_direction=&#8221;bottom&#8221; saved_tabs=&#8221;all&#8221; locked=&#8221;off&#8221; global_colors_info=&#8221;{}&#8221; theme_builder_area=&#8221;post_content&#8221;][\/et_pb_divider][\/et_pb_column][\/et_pb_row][et_pb_row column_structure=&#8221;1_2,1_2&#8243; _builder_version=&#8221;4.18.1&#8243; _module_preset=&#8221;default&#8221; global_colors_info=&#8221;{}&#8221; theme_builder_area=&#8221;post_content&#8221;][et_pb_column type=&#8221;1_2&#8243; _builder_version=&#8221;4.18.1&#8243; _module_preset=&#8221;default&#8221; global_colors_info=&#8221;{}&#8221; theme_builder_area=&#8221;post_content&#8221;][et_pb_testimonial author=&#8221;Marco&#8221; portrait_url=&#8221;https:\/\/ag-frisch.com\/wp-content\/uploads\/2021\/08\/Harald.png&#8221; quote_icon=&#8221;off&#8221; _builder_version=&#8221;4.18.1&#8243; _module_preset=&#8221;default&#8221; body_font_size=&#8221;16px&#8221; use_background_color=&#8221;off&#8221; background_layout=&#8221;dark&#8221; global_colors_info=&#8221;{}&#8221; theme_builder_area=&#8221;post_content&#8221;]Encargu\u00e9 a la Agencia Frisch la fabricaci\u00f3n de un gran mueble en China y su posterior traslado a Alemania. La comunicaci\u00f3n por correo fue fluida en todo momento. Las respuestas, muy r\u00e1pidas y fiables, me dieron constantemente las seguridades indispensables en una empresa de este tipo. Me ayudaron en todo momento a atravesar la jungla burocr\u00e1tica y no se me olvid\u00f3 ning\u00fan formulario ni lo rellen\u00e9 incorrectamente. \u00a1Muy loable!<a href=\"&lt;div%20class=%22pe-richsnippets%22&gt;&nbsp;&lt;\/div&gt;%20&lt;script%20type=%22text\/javascript%22%20src=%22https:\/\/www.provenexpert.com\/widget\/richsnippet.js?u=1NUA0VwZ4RUZ5tmAi5zA4RaplNKAlWwZ&amp;v=2%22%20async&gt;&lt;\/script&gt;%20&lt;div%20style=%22text-align:%20justify;%22&gt;&lt;br%20\/&gt;\"><\/a><\/p>\n<div class=\"brow ratingBarMargin\">\n<div class=\"ratingBar\">\n<div class=\"brow\">\n<div class=\"pe-richsnippets\">&nbsp;<\/div>\n<p><script type=\"text\/javascript\" src=\"https:\/\/www.provenexpert.com\/widget\/richsnippet.js?u=1NUA0VwZ4RUZ5tmAi5zA4RaplNKAlWwZ&amp;v=2\" async=\"\"><\/script><\/p>\n<div style=\"text-align: justify;\"><\/p>\n<div class=\"col-lg-9 col-md-8 col-xs-10 mt20 mb20\">\n<div class=\"col-xs-12 surveyNameForRating\"><\/div>\n<\/div>\n<\/div>\n<\/div>\n<\/div>\n<\/div>\n<p>[\/et_pb_testimonial][\/et_pb_column][et_pb_column type=&#8221;1_2&#8243; _builder_version=&#8221;4.18.1&#8243; _module_preset=&#8221;default&#8221; global_colors_info=&#8221;{}&#8221; theme_builder_area=&#8221;post_content&#8221;][et_pb_testimonial author=&#8221;Simone L.&#8221; portrait_url=&#8221;https:\/\/ag-frisch.com\/wp-content\/uploads\/2021\/08\/Harald.png&#8221; quote_icon=&#8221;off&#8221; _builder_version=&#8221;4.18.1&#8243; _module_preset=&#8221;default&#8221; body_font_size=&#8221;16px&#8221; use_background_color=&#8221;off&#8221; background_layout=&#8221;dark&#8221; global_colors_info=&#8221;{}&#8221; theme_builder_area=&#8221;post_content&#8221;]<\/p>\n<p>Todo arriba. No hay nada mejor que esto. El asesoramiento y la aplicaci\u00f3n no pueden hacerse mejor. Estamos m\u00e1s que satisfechos despu\u00e9s de varios pedidos con esta empresa y continuamos nuestra cooperaci\u00f3n.<\/p>\n<div class=\"brow ratingBarMargin\">\n<div class=\"ratingBar\">\n<div class=\"brow\">\n<div class=\"pe-richsnippets\"> <\/div>\n<p>\n<script type=\"text\/javascript\" src=\"https:\/\/www.provenexpert.com\/widget\/richsnippet.js?u=1NUA0VwZ4RUZ5tmAi5zA4RaplNKAlWwZ&amp;v=2\" async=\"\"><\/script>\n<\/p>\n<div style=\"text-align: justify;\">\n<p>&nbsp;<\/p>\n<div class=\"col-lg-9 col-md-8 col-xs-10 mt20 mb20\">\n<div class=\"col-xs-12 surveyNameForRating\"><\/div>\n<\/div>\n<\/div>\n<\/div>\n<\/div>\n<\/div>\n<p>[\/et_pb_testimonial][\/et_pb_column][\/et_pb_row][et_pb_row _builder_version=&#8221;4.16&#8243; background_size=&#8221;initial&#8221; background_position=&#8221;top_left&#8221; background_repeat=&#8221;repeat&#8221; custom_padding=&#8221;50px|0px|30px|0px&#8221; custom_css_main_element=&#8221;text-align: center;&#8221; global_colors_info=&#8221;{}&#8221; theme_builder_area=&#8221;post_content&#8221;][et_pb_column type=&#8221;4_4&#8243; _builder_version=&#8221;4.16&#8243; custom_padding=&#8221;|||&#8221; global_colors_info=&#8221;{}&#8221; custom_padding__hover=&#8221;|||&#8221; theme_builder_area=&#8221;post_content&#8221;][et_pb_button button_url=&#8221;https:\/\/www.provenexpert.com\/de-de\/agentur-frisch-international-consulting-gmbh-und-co-kg\/&#8221; button_text=&#8221;M\u00c1S VALORACIONES&#8221; button_alignment=&#8221;left&#8221; admin_label=&#8221;Testimonial Button&#8221; _builder_version=&#8221;4.16&#8243; custom_button=&#8221;on&#8221; button_text_size=&#8221;18px&#8221; button_text_color=&#8221;#ffffff&#8221; button_bg_color=&#8221;#6eba01&#8243; button_border_width=&#8221;2px&#8221; button_border_color=&#8221;#6eba01&#8243; button_border_radius=&#8221;0px&#8221; button_letter_spacing=&#8221;2px&#8221; button_font=&#8221;Montserrat|||on|&#8221; button_use_icon=&#8221;off&#8221; animation_style=&#8221;fold&#8221; animation_direction=&#8221;bottom&#8221; button_text_color_hover=&#8221;#ffffff&#8221; button_border_color_hover=&#8221;#ffffff&#8221; button_border_radius_hover=&#8221;0px&#8221; button_letter_spacing_hover=&#8221;2px&#8221; button_bg_color_hover=&#8221;rgba(255,255,255,0)&#8221; locked=&#8221;off&#8221; global_colors_info=&#8221;{}&#8221; button_text_size__hover_enabled=&#8221;off&#8221; button_one_text_size__hover_enabled=&#8221;off&#8221; button_two_text_size__hover_enabled=&#8221;off&#8221; button_text_color__hover_enabled=&#8221;on&#8221; button_text_color__hover=&#8221;#ffffff&#8221; button_one_text_color__hover_enabled=&#8221;off&#8221; button_two_text_color__hover_enabled=&#8221;off&#8221; button_border_width__hover_enabled=&#8221;off&#8221; button_one_border_width__hover_enabled=&#8221;off&#8221; button_two_border_width__hover_enabled=&#8221;off&#8221; button_border_color__hover_enabled=&#8221;on&#8221; button_border_color__hover=&#8221;#ffffff&#8221; button_one_border_color__hover_enabled=&#8221;off&#8221; button_two_border_color__hover_enabled=&#8221;off&#8221; button_border_radius__hover_enabled=&#8221;on&#8221; button_border_radius__hover=&#8221;0px&#8221; button_one_border_radius__hover_enabled=&#8221;off&#8221; button_two_border_radius__hover_enabled=&#8221;off&#8221; button_letter_spacing__hover_enabled=&#8221;on&#8221; button_letter_spacing__hover=&#8221;2px&#8221; button_one_letter_spacing__hover_enabled=&#8221;off&#8221; button_two_letter_spacing__hover_enabled=&#8221;off&#8221; button_bg_color__hover_enabled=&#8221;on&#8221; button_bg_color__hover=&#8221;rgba(255,255,255,0)&#8221; button_one_bg_color__hover_enabled=&#8221;off&#8221; button_two_bg_color__hover_enabled=&#8221;off&#8221; theme_builder_area=&#8221;post_content&#8221;][\/et_pb_button][\/et_pb_column][\/et_pb_row][\/et_pb_section]<\/p>\n","protected":false},"excerpt":{"rendered":"<p>Para muchas pruebas obligatorias, como las de los productos sujetos a la CE o la LFGB, es obligatorio presentar una declaraci\u00f3n de conformidad. Declaraci\u00f3n de conformidad: marcado CE para importaci\u00f3n en ChinaCumplimiento de la Directiva CE al importar de China La Ley de Seguridad de los Productos estipula que s\u00f3lo pueden venderse en Alemania los [&hellip;]<\/p>\n","protected":false},"author":2,"featured_media":0,"parent":0,"menu_order":0,"comment_status":"closed","ping_status":"closed","template":"","meta":{"_et_pb_use_builder":"on","_et_pb_old_content":"","_et_gb_content_width":"","footnotes":""},"class_list":["post-11634","page","type-page","status-publish","hentry"],"yoast_head":"<!-- This site is optimized with the Yoast SEO plugin v27.2 - https:\/\/yoast.com\/product\/yoast-seo-wordpress\/ -->\n<title>Marcado CE en China: Declaraci\u00f3n de conformidad para la importaci\u00f3n en China<\/title>\n<meta name=\"description\" content=\"Cumplimiento del marcado CE para productos de China incl. Declaraci\u00f3n de conformidad \u25ba Ayuda para la producci\u00f3n conforme a la CE en China \u25ba \u00a1Obtenga asesoramiento ahora!\" \/>\n<meta name=\"robots\" content=\"index, follow, max-snippet:-1, max-image-preview:large, max-video-preview:-1\" \/>\n<link rel=\"canonical\" href=\"https:\/\/ag-frisch.com\/es\/declaracion-de-conformidad\/\" \/>\n<meta property=\"og:locale\" content=\"es_ES\" \/>\n<meta property=\"og:type\" content=\"article\" \/>\n<meta property=\"og:title\" content=\"Marcado CE en China: Declaraci\u00f3n de conformidad para la importaci\u00f3n en China\" \/>\n<meta property=\"og:description\" content=\"Cumplimiento del marcado CE para productos de China incl. Declaraci\u00f3n de conformidad \u25ba Ayuda para la producci\u00f3n conforme a la CE en China \u25ba \u00a1Obtenga asesoramiento ahora!\" \/>\n<meta property=\"og:url\" content=\"https:\/\/ag-frisch.com\/es\/declaracion-de-conformidad\/\" \/>\n<meta property=\"og:site_name\" content=\"China Import Beratung f\u00fcr den Einkauf aus China\" \/>\n<meta property=\"article:publisher\" content=\"https:\/\/www.facebook.com\/China.Import\" \/>\n<meta property=\"article:modified_time\" content=\"2023-01-27T04:31:50+00:00\" \/>\n<meta name=\"twitter:card\" content=\"summary_large_image\" \/>\n<meta name=\"twitter:site\" content=\"@agenturfrisch\" \/>\n<meta name=\"twitter:label1\" content=\"Tiempo de lectura\" \/>\n\t<meta name=\"twitter:data1\" content=\"8 minutos\" \/>\n<script type=\"application\/ld+json\" class=\"yoast-schema-graph\">{\"@context\":\"https:\/\/schema.org\",\"@graph\":[{\"@type\":\"WebPage\",\"@id\":\"https:\/\/ag-frisch.com\/es\/declaracion-de-conformidad\/\",\"url\":\"https:\/\/ag-frisch.com\/es\/declaracion-de-conformidad\/\",\"name\":\"Marcado CE en China: Declaraci\u00f3n de conformidad para la importaci\u00f3n en China\",\"isPartOf\":{\"@id\":\"https:\/\/ag-frisch.com\/de\/#website\"},\"datePublished\":\"2022-07-25T15:01:38+00:00\",\"dateModified\":\"2023-01-27T04:31:50+00:00\",\"description\":\"Cumplimiento del marcado CE para productos de China incl. Declaraci\u00f3n de conformidad \u25ba Ayuda para la producci\u00f3n conforme a la CE en China \u25ba \u00a1Obtenga asesoramiento ahora!\",\"breadcrumb\":{\"@id\":\"https:\/\/ag-frisch.com\/es\/declaracion-de-conformidad\/#breadcrumb\"},\"inLanguage\":\"es\",\"potentialAction\":[{\"@type\":\"ReadAction\",\"target\":[\"https:\/\/ag-frisch.com\/es\/declaracion-de-conformidad\/\"]}]},{\"@type\":\"BreadcrumbList\",\"@id\":\"https:\/\/ag-frisch.com\/es\/declaracion-de-conformidad\/#breadcrumb\",\"itemListElement\":[{\"@type\":\"ListItem\",\"position\":1,\"name\":\"Startseite\",\"item\":\"https:\/\/ag-frisch.com\/de\/\"},{\"@type\":\"ListItem\",\"position\":2,\"name\":\"Declaraci\u00f3n de conformidad\"}]},{\"@type\":\"WebSite\",\"@id\":\"https:\/\/ag-frisch.com\/de\/#website\",\"url\":\"https:\/\/ag-frisch.com\/de\/\",\"name\":\"China Import Beratung f\u00fcr den Einkauf aus China\",\"description\":\"China Import &amp; Export Beratung - Der Dienstleister Ihres Vertrauens f\u00fcr Ihren China Import\",\"publisher\":{\"@id\":\"https:\/\/ag-frisch.com\/de\/#organization\"},\"potentialAction\":[{\"@type\":\"SearchAction\",\"target\":{\"@type\":\"EntryPoint\",\"urlTemplate\":\"https:\/\/ag-frisch.com\/de\/?s={search_term_string}\"},\"query-input\":{\"@type\":\"PropertyValueSpecification\",\"valueRequired\":true,\"valueName\":\"search_term_string\"}}],\"inLanguage\":\"es\"},{\"@type\":\"Organization\",\"@id\":\"https:\/\/ag-frisch.com\/de\/#organization\",\"name\":\"Agentur Frisch International Consulting GmbH & Co. KG\",\"url\":\"https:\/\/ag-frisch.com\/de\/\",\"logo\":{\"@type\":\"ImageObject\",\"inLanguage\":\"es\",\"@id\":\"https:\/\/ag-frisch.com\/de\/#\/schema\/logo\/image\/\",\"url\":\"https:\/\/ag-frisch.com\/wp-content\/uploads\/2021\/08\/ag_logo_rgb_300_small.png\",\"contentUrl\":\"https:\/\/ag-frisch.com\/wp-content\/uploads\/2021\/08\/ag_logo_rgb_300_small.png\",\"width\":153,\"height\":102,\"caption\":\"Agentur Frisch International Consulting GmbH & Co. KG\"},\"image\":{\"@id\":\"https:\/\/ag-frisch.com\/de\/#\/schema\/logo\/image\/\"},\"sameAs\":[\"https:\/\/www.facebook.com\/China.Import\",\"https:\/\/x.com\/agenturfrisch\"]}]}<\/script>\n<!-- \/ Yoast SEO plugin. -->","yoast_head_json":{"title":"Marcado CE en China: Declaraci\u00f3n de conformidad para la importaci\u00f3n en China","description":"Cumplimiento del marcado CE para productos de China incl. Declaraci\u00f3n de conformidad \u25ba Ayuda para la producci\u00f3n conforme a la CE en China \u25ba \u00a1Obtenga asesoramiento ahora!","robots":{"index":"index","follow":"follow","max-snippet":"max-snippet:-1","max-image-preview":"max-image-preview:large","max-video-preview":"max-video-preview:-1"},"canonical":"https:\/\/ag-frisch.com\/es\/declaracion-de-conformidad\/","og_locale":"es_ES","og_type":"article","og_title":"Marcado CE en China: Declaraci\u00f3n de conformidad para la importaci\u00f3n en China","og_description":"Cumplimiento del marcado CE para productos de China incl. Declaraci\u00f3n de conformidad \u25ba Ayuda para la producci\u00f3n conforme a la CE en China \u25ba \u00a1Obtenga asesoramiento ahora!","og_url":"https:\/\/ag-frisch.com\/es\/declaracion-de-conformidad\/","og_site_name":"China Import Beratung f\u00fcr den Einkauf aus China","article_publisher":"https:\/\/www.facebook.com\/China.Import","article_modified_time":"2023-01-27T04:31:50+00:00","twitter_card":"summary_large_image","twitter_site":"@agenturfrisch","twitter_misc":{"Tiempo de lectura":"8 minutos"},"schema":{"@context":"https:\/\/schema.org","@graph":[{"@type":"WebPage","@id":"https:\/\/ag-frisch.com\/es\/declaracion-de-conformidad\/","url":"https:\/\/ag-frisch.com\/es\/declaracion-de-conformidad\/","name":"Marcado CE en China: Declaraci\u00f3n de conformidad para la importaci\u00f3n en China","isPartOf":{"@id":"https:\/\/ag-frisch.com\/de\/#website"},"datePublished":"2022-07-25T15:01:38+00:00","dateModified":"2023-01-27T04:31:50+00:00","description":"Cumplimiento del marcado CE para productos de China incl. Declaraci\u00f3n de conformidad \u25ba Ayuda para la producci\u00f3n conforme a la CE en China \u25ba \u00a1Obtenga asesoramiento ahora!","breadcrumb":{"@id":"https:\/\/ag-frisch.com\/es\/declaracion-de-conformidad\/#breadcrumb"},"inLanguage":"es","potentialAction":[{"@type":"ReadAction","target":["https:\/\/ag-frisch.com\/es\/declaracion-de-conformidad\/"]}]},{"@type":"BreadcrumbList","@id":"https:\/\/ag-frisch.com\/es\/declaracion-de-conformidad\/#breadcrumb","itemListElement":[{"@type":"ListItem","position":1,"name":"Startseite","item":"https:\/\/ag-frisch.com\/de\/"},{"@type":"ListItem","position":2,"name":"Declaraci\u00f3n de conformidad"}]},{"@type":"WebSite","@id":"https:\/\/ag-frisch.com\/de\/#website","url":"https:\/\/ag-frisch.com\/de\/","name":"China Import Beratung f\u00fcr den Einkauf aus China","description":"China Import &amp; Export Beratung - Der Dienstleister Ihres Vertrauens f\u00fcr Ihren China Import","publisher":{"@id":"https:\/\/ag-frisch.com\/de\/#organization"},"potentialAction":[{"@type":"SearchAction","target":{"@type":"EntryPoint","urlTemplate":"https:\/\/ag-frisch.com\/de\/?s={search_term_string}"},"query-input":{"@type":"PropertyValueSpecification","valueRequired":true,"valueName":"search_term_string"}}],"inLanguage":"es"},{"@type":"Organization","@id":"https:\/\/ag-frisch.com\/de\/#organization","name":"Agentur Frisch International Consulting GmbH & Co. KG","url":"https:\/\/ag-frisch.com\/de\/","logo":{"@type":"ImageObject","inLanguage":"es","@id":"https:\/\/ag-frisch.com\/de\/#\/schema\/logo\/image\/","url":"https:\/\/ag-frisch.com\/wp-content\/uploads\/2021\/08\/ag_logo_rgb_300_small.png","contentUrl":"https:\/\/ag-frisch.com\/wp-content\/uploads\/2021\/08\/ag_logo_rgb_300_small.png","width":153,"height":102,"caption":"Agentur Frisch International Consulting GmbH & Co. KG"},"image":{"@id":"https:\/\/ag-frisch.com\/de\/#\/schema\/logo\/image\/"},"sameAs":["https:\/\/www.facebook.com\/China.Import","https:\/\/x.com\/agenturfrisch"]}]}},"_links":{"self":[{"href":"https:\/\/ag-frisch.com\/es\/wp-json\/wp\/v2\/pages\/11634","targetHints":{"allow":["GET"]}}],"collection":[{"href":"https:\/\/ag-frisch.com\/es\/wp-json\/wp\/v2\/pages"}],"about":[{"href":"https:\/\/ag-frisch.com\/es\/wp-json\/wp\/v2\/types\/page"}],"author":[{"embeddable":true,"href":"https:\/\/ag-frisch.com\/es\/wp-json\/wp\/v2\/users\/2"}],"replies":[{"embeddable":true,"href":"https:\/\/ag-frisch.com\/es\/wp-json\/wp\/v2\/comments?post=11634"}],"version-history":[{"count":0,"href":"https:\/\/ag-frisch.com\/es\/wp-json\/wp\/v2\/pages\/11634\/revisions"}],"wp:attachment":[{"href":"https:\/\/ag-frisch.com\/es\/wp-json\/wp\/v2\/media?parent=11634"}],"curies":[{"name":"wp","href":"https:\/\/api.w.org\/{rel}","templated":true}]}}