{"id":11641,"date":"2022-07-21T20:09:55","date_gmt":"2022-07-21T18:09:55","guid":{"rendered":"https:\/\/ag-frisch.com\/compatibilidad-electromagnetica\/"},"modified":"2023-01-27T05:31:54","modified_gmt":"2023-01-27T04:31:54","slug":"compatibilidad-electromagnetica","status":"publish","type":"page","link":"https:\/\/ag-frisch.com\/es\/compatibilidad-electromagnetica\/","title":{"rendered":"Compatibilidad electromagn\u00e9tica"},"content":{"rendered":"<p>[et_pb_section fb_built=&#8221;1&#8243; _builder_version=&#8221;4.16&#8243; _module_preset=&#8221;default&#8221; global_colors_info=&#8221;{}&#8221;][et_pb_row _builder_version=&#8221;4.18.1&#8243; _module_preset=&#8221;default&#8221; global_colors_info=&#8221;{}&#8221;][et_pb_column type=&#8221;4_4&#8243; _builder_version=&#8221;4.18.1&#8243; _module_preset=&#8221;default&#8221; global_colors_info=&#8221;{}&#8221;][et_pb_cta title=&#8221;Ensayos CEM en China&#8221; button_url=&#8221;https:\/\/ag-frisch.com\/es\/contacte-con\/&#8221; button_text=&#8221;Reserve ahora una consulta&#8221; _builder_version=&#8221;4.16&#8243; _module_preset=&#8221;default&#8221; global_colors_info=&#8221;{}&#8221;]<\/p>\n<p>A trav\u00e9s de una consulta con China Import Agentur Frisch, podemos aclarar cualquier duda que pueda tener sobre las pruebas de EMC.<\/p>\n<p>[\/et_pb_cta][\/et_pb_column][\/et_pb_row][et_pb_row _builder_version=&#8221;4.16&#8243; _module_preset=&#8221;default&#8221; global_colors_info=&#8221;{}&#8221;][et_pb_column type=&#8221;4_4&#8243; _builder_version=&#8221;4.16&#8243; _module_preset=&#8221;default&#8221; global_colors_info=&#8221;{}&#8221;][et_pb_text admin_label=&#8221;H1&#8243; _builder_version=&#8221;4.18.1&#8243; _module_preset=&#8221;default&#8221; global_colors_info=&#8221;{}&#8221;]<\/p>\n<h1>Compatibilidad electromagn\u00e9tica: ensayos CEM en China<\/h1>\n<p>[\/et_pb_text][et_pb_text _builder_version=&#8221;4.16&#8243; _module_preset=&#8221;default&#8221; global_colors_info=&#8221;{}&#8221;]<\/p>\n<p><strong>Compatibilidad electromagn\u00e9tica<\/strong><\/p>\n<p><strong>Pruebas CEM para el cumplimiento de la Directiva CEM<\/strong><\/p>\n<p>Compatibilidad electromagn\u00e9tica significa que un dispositivo no emite interferencias electromagn\u00e9ticas. Esto es necesario porque, de lo contrario, todos los dispositivos electr\u00f3nicos se influir\u00edan e interferir\u00edan entre s\u00ed. En el marco de la prueba CEM seg\u00fan la Directiva 2014\/30\/UE sobre compatibilidad electromagn\u00e9tica, se comprueba, por tanto, si los dispositivos cumplen los requisitos. Por supuesto, la directiva tambi\u00e9n se aplica a los productos importados: el cumplimiento de la CEM para los productos procedentes de China es tan necesario como para los de producci\u00f3n nacional.<\/p>\n<p>Los grupos de productos que entran en el \u00e1mbito de aplicaci\u00f3n de la Directiva CEM son, por ejemplo:<\/p>\n<ul>\n<li>Tecnolog\u00eda industrial<\/li>\n<li>Electr\u00f3nica de consumo<\/li>\n<li>Ingenier\u00eda de automoci\u00f3n<\/li>\n<li>Tecnolog\u00eda aeroespacial<\/li>\n<li>Tecnolog\u00eda m\u00e9dica<\/li>\n<li>Tecnolog\u00edas de la informaci\u00f3n<\/li>\n<\/ul>\n<p>La prueba CEM tambi\u00e9n forma parte del marcado CE y de la declaraci\u00f3n de conformidad de estos grupos de productos.<\/p>\n<p>&nbsp;<\/p>\n<p><strong>Marcado CE y evaluaci\u00f3n de la conformidad<\/strong><\/p>\n<p>El marcado CE se realiza para demostrar que un producto cumple los requisitos armonizados de la UE. Es una expresi\u00f3n de la responsabilidad del productor, de la que pueden formar parte los ensayos de CEM en China. La evaluaci\u00f3n de la conformidad seg\u00fan la norma ISO\/IEC 17000 se lleva a cabo para garantizar la conformidad con la Ley de Seguridad de los Productos. Dependiendo del grupo de productos, incluye otras pruebas seg\u00fan diversas directrices. Adem\u00e1s de la Directiva CEM, pueden ser, por ejemplo:<\/p>\n<ul>\n<li>Directiva 2014\/68\/UE sobre equipos a presi\u00f3n<\/li>\n<li>Directiva sobre m\u00e1quinas 2006\/42\/CE<\/li>\n<li>Directiva ATEX 2014\/34\/UE<\/li>\n<li>Directiva sobre productos sanitarios<\/li>\n<\/ul>\n<p>&nbsp;<\/p>\n<p><strong>Conformidad CEM para productos procedentes de China<\/strong><\/p>\n<p>Quien importa productos de China a Alemania es responsable de su calidad y de los da\u00f1os que puedan causar. Por tanto, la conformidad CEM de los productos procedentes de China no es una posibilidad opcional, sino una obligaci\u00f3n. La Agencia Frisch le ayuda a cumplir esta obligaci\u00f3n. Disponemos de laboratorios propios en los que se pueden realizar pruebas de CEM en China.<\/p>\n<p>&nbsp;<\/p>\n<p><strong>La prueba CEM en China<\/strong><\/p>\n<p>Nuestra filial BEIDE Compliance Laboratory gestiona sus propios laboratorios, en los que se realizan ensayos de forma independiente y fiable conforme a las normas alemanas. Los ensayos CEM en China son uno de ellos. Ofrecemos este servicio principalmente a nuestros clientes importadores para que el proceso de importaci\u00f3n sea lo m\u00e1s fluido posible. Nuestras pruebas CEM en China son absolutamente comparables en calidad a las de Alemania, pero a un precio significativamente inferior.<\/p>\n<p>Los ensayos de CEM en China son esenciales para garantizar la conformidad de los productos chinos con la Directiva de CEM. S\u00f3lo una vez finalizada la inspecci\u00f3n pueden importarse en Alemania productos con una declaraci\u00f3n de conformidad v\u00e1lida y, en su caso, el marcado CE.<\/p>\n<p><strong>Las pruebas CEM en China son necesarias para cumplir la normativa alemana de importaci\u00f3n.<\/strong><\/p>\n<p>&nbsp;<\/p>\n<p><strong>Pruebas CEM baratas en China<\/strong><\/p>\n<p>Podemos ofrecerle pruebas CEM rentables en China que cumplan las normas internacionales. Pagar\u00e1 menos comisiones que con otros proveedores. Tambi\u00e9n se beneficiar\u00e1 de un servicio integral: como su importador en China, conocemos todos los procesos e integramos las inspecciones en el resto de nuestros servicios, desde la producci\u00f3n hasta el transporte y el despacho de aduanas.<\/p>\n<p>&nbsp;<\/p>\n<p><strong>Otros servicios de la Agencia Frisch<\/strong><\/p>\n<p>En el marco de la evaluaci\u00f3n de la conformidad, le ofrecemos toda una gama de servicios. Somos su proveedor de servicios integrales de confianza para las importaciones de China a Alemania. Por ejemplo, tambi\u00e9n puede recibir el siguiente servicio a trav\u00e9s de nosotros:<\/p>\n<ul>\n<li>Ensayos seg\u00fan las normas DIN<\/li>\n<li>An\u00e1lisis de riesgos<\/li>\n<li>An\u00e1lisis de las normas de importaci\u00f3n<\/li>\n<li>Soluciones concretas para el cumplimiento de la normativa<\/li>\n<\/ul>\n<p>Para evitar problemas con las aduanas y las autoridades alemanas e internacionales, es \u00fatil que nosotros examinemos a fondo y de forma experta los certificados y normativas exigidos para su producto de importaci\u00f3n. Nos complace ofrecerle este servicio, ya que estamos convencidos de que aumentar\u00e1 sus perspectivas y las nuestras de \u00e9xito y sostenibilidad en el negocio de la importaci\u00f3n.<\/p>\n<p>[\/et_pb_text][\/et_pb_column][\/et_pb_row][\/et_pb_section][et_pb_section fb_built=&#8221;1&#8243; admin_label=&#8221;Testimonials&#8221; _builder_version=&#8221;4.16&#8243; use_background_color_gradient=&#8221;on&#8221; background_color_gradient_stops=&#8221;rgba(0,106,156,0.85) 0%|rgba(0,106,156,0.85) 100%&#8221; background_color_gradient_start=&#8221;rgba(0,106,156,0.85)&#8221; background_color_gradient_end=&#8221;rgba(0,106,156,0.85)&#8221; custom_padding=&#8221;90px||60px|&#8221; animation_style=&#8221;fold&#8221; animation_direction=&#8221;bottom&#8221; animation_intensity_fold=&#8221;4%&#8221; global_colors_info=&#8221;{}&#8221;][et_pb_row _builder_version=&#8221;4.16&#8243; background_size=&#8221;initial&#8221; background_position=&#8221;top_left&#8221; background_repeat=&#8221;repeat&#8221; custom_width_px=&#8221;710px&#8221; locked=&#8221;off&#8221; global_colors_info=&#8221;{}&#8221;][et_pb_column type=&#8221;4_4&#8243; _builder_version=&#8221;4.16&#8243; background_position=&#8221;top_left&#8221; custom_padding=&#8221;|||&#8221; global_colors_info=&#8221;{}&#8221; custom_padding__hover=&#8221;|||&#8221;][et_pb_text admin_label=&#8221;Testimonials Section Title&#8221; _builder_version=&#8221;4.16&#8243; header_font=&#8221;Montserrat||||&#8221; header_font_size=&#8221;36px&#8221; background_size=&#8221;initial&#8221; background_position=&#8221;top_left&#8221; background_repeat=&#8221;repeat&#8221; text_orientation=&#8221;center&#8221; background_layout=&#8221;dark&#8221; max_width=&#8221;710px&#8221; module_alignment=&#8221;center&#8221; animation_style=&#8221;fold&#8221; animation_direction=&#8221;bottom&#8221; animation_intensity_fold=&#8221;20%&#8221; global_colors_info=&#8221;{}&#8221;]<\/p>\n<h1>M\u00e1s de 5000 clientes satisfechos.<\/h1>\n<p>&nbsp;<\/p>\n<p>[\/et_pb_text][et_pb_divider color=&#8221;#ffffff&#8221; divider_weight=&#8221;3px&#8221; disabled_on=&#8221;off|off|off&#8221; _builder_version=&#8221;4.16&#8243; background_color_gradient_direction=&#8221;90deg&#8221; max_width=&#8221;100px&#8221; module_alignment=&#8221;center&#8221; height=&#8221;5px&#8221; custom_margin=&#8221;||20px|&#8221; custom_padding=&#8221;||20px|&#8221; animation_style=&#8221;slide&#8221; animation_direction=&#8221;bottom&#8221; saved_tabs=&#8221;all&#8221; locked=&#8221;off&#8221; global_colors_info=&#8221;{}&#8221;][\/et_pb_divider][\/et_pb_column][\/et_pb_row][et_pb_row column_structure=&#8221;1_2,1_2&#8243; _builder_version=&#8221;4.18.1&#8243; _module_preset=&#8221;default&#8221; global_colors_info=&#8221;{}&#8221;][et_pb_column type=&#8221;1_2&#8243; _builder_version=&#8221;4.18.1&#8243; _module_preset=&#8221;default&#8221; global_colors_info=&#8221;{}&#8221;][et_pb_testimonial author=&#8221;Marco&#8221; portrait_url=&#8221;https:\/\/ag-frisch.com\/wp-content\/uploads\/2021\/08\/Harald.png&#8221; quote_icon=&#8221;off&#8221; _builder_version=&#8221;4.18.1&#8243; _module_preset=&#8221;default&#8221; body_font_size=&#8221;16px&#8221; use_background_color=&#8221;off&#8221; background_layout=&#8221;dark&#8221; global_colors_info=&#8221;{}&#8221;]Encargu\u00e9 a la Agencia Frisch la fabricaci\u00f3n de un gran mueble en China y su posterior traslado a Alemania. La comunicaci\u00f3n por correo fue fluida en todo momento. Las respuestas, muy r\u00e1pidas y fiables, me dieron constantemente las seguridades indispensables en una empresa de este tipo. Me ayudaron en todo momento a atravesar la jungla burocr\u00e1tica y no se me olvid\u00f3 ning\u00fan formulario ni lo rellen\u00e9 incorrectamente. \u00a1Muy loable!<a href=\"&lt;div%20class=%22pe-richsnippets%22&gt;&nbsp;&lt;\/div&gt;%20&lt;script%20type=%22text\/javascript%22%20src=%22https:\/\/www.provenexpert.com\/widget\/richsnippet.js?u=1NUA0VwZ4RUZ5tmAi5zA4RaplNKAlWwZ&amp;v=2%22%20async&gt;&lt;\/script&gt;%20&lt;div%20style=%22text-align:%20justify;%22&gt;&lt;br%20\/&gt;\"><\/a><\/p>\n<div class=\"brow ratingBarMargin\">\n<div class=\"ratingBar\">\n<div class=\"brow\">\n<div class=\"pe-richsnippets\">&nbsp;<\/div>\n<p><script type=\"text\/javascript\" src=\"https:\/\/www.provenexpert.com\/widget\/richsnippet.js?u=1NUA0VwZ4RUZ5tmAi5zA4RaplNKAlWwZ&amp;v=2\" async=\"\"><\/script><\/p>\n<div style=\"text-align: justify;\"><\/p>\n<div class=\"col-lg-9 col-md-8 col-xs-10 mt20 mb20\">\n<div class=\"col-xs-12 surveyNameForRating\"><\/div>\n<\/div>\n<\/div>\n<\/div>\n<\/div>\n<\/div>\n<p>[\/et_pb_testimonial][\/et_pb_column][et_pb_column type=&#8221;1_2&#8243; _builder_version=&#8221;4.18.1&#8243; _module_preset=&#8221;default&#8221; global_colors_info=&#8221;{}&#8221;][et_pb_testimonial author=&#8221;Simone L.&#8221; portrait_url=&#8221;https:\/\/ag-frisch.com\/wp-content\/uploads\/2021\/08\/Harald.png&#8221; quote_icon=&#8221;off&#8221; _builder_version=&#8221;4.18.1&#8243; _module_preset=&#8221;default&#8221; body_font_size=&#8221;16px&#8221; use_background_color=&#8221;off&#8221; background_layout=&#8221;dark&#8221; global_colors_info=&#8221;{}&#8221;]<\/p>\n<p>Todo arriba. No hay nada mejor que esto. El asesoramiento y la aplicaci\u00f3n no pueden hacerse mejor. Estamos m\u00e1s que satisfechos despu\u00e9s de varios pedidos con esta empresa y continuamos nuestra cooperaci\u00f3n.<\/p>\n<div class=\"brow ratingBarMargin\">\n<div class=\"ratingBar\">\n<div class=\"brow\">\n<div class=\"pe-richsnippets\"> <\/div>\n<p>\n<script type=\"text\/javascript\" src=\"https:\/\/www.provenexpert.com\/widget\/richsnippet.js?u=1NUA0VwZ4RUZ5tmAi5zA4RaplNKAlWwZ&amp;v=2\" async=\"\"><\/script>\n<\/p>\n<div style=\"text-align: justify;\">\n<p>&nbsp;<\/p>\n<div class=\"col-lg-9 col-md-8 col-xs-10 mt20 mb20\">\n<div class=\"col-xs-12 surveyNameForRating\"><\/div>\n<\/div>\n<\/div>\n<\/div>\n<\/div>\n<\/div>\n<p>[\/et_pb_testimonial][\/et_pb_column][\/et_pb_row][et_pb_row _builder_version=&#8221;4.16&#8243; background_size=&#8221;initial&#8221; background_position=&#8221;top_left&#8221; background_repeat=&#8221;repeat&#8221; custom_padding=&#8221;50px|0px|30px|0px&#8221; custom_css_main_element=&#8221;text-align: center;&#8221; global_colors_info=&#8221;{}&#8221;][et_pb_column type=&#8221;4_4&#8243; _builder_version=&#8221;4.16&#8243; custom_padding=&#8221;|||&#8221; global_colors_info=&#8221;{}&#8221; custom_padding__hover=&#8221;|||&#8221;][et_pb_button button_url=&#8221;https:\/\/www.provenexpert.com\/de-de\/agentur-frisch-international-consulting-gmbh-und-co-kg\/&#8221; button_text=&#8221;M\u00c1S VALORACIONES&#8221; button_alignment=&#8221;left&#8221; admin_label=&#8221;Testimonial Button&#8221; _builder_version=&#8221;4.16&#8243; custom_button=&#8221;on&#8221; button_text_size=&#8221;18px&#8221; button_text_color=&#8221;#ffffff&#8221; button_bg_color=&#8221;#6eba01&#8243; button_border_width=&#8221;2px&#8221; button_border_color=&#8221;#6eba01&#8243; button_border_radius=&#8221;0px&#8221; button_letter_spacing=&#8221;2px&#8221; button_font=&#8221;Montserrat|||on|&#8221; button_use_icon=&#8221;off&#8221; animation_style=&#8221;fold&#8221; animation_direction=&#8221;bottom&#8221; button_text_color_hover=&#8221;#ffffff&#8221; button_border_color_hover=&#8221;#ffffff&#8221; button_border_radius_hover=&#8221;0px&#8221; button_letter_spacing_hover=&#8221;2px&#8221; button_bg_color_hover=&#8221;rgba(255,255,255,0)&#8221; locked=&#8221;off&#8221; global_colors_info=&#8221;{}&#8221; button_text_size__hover_enabled=&#8221;off&#8221; button_one_text_size__hover_enabled=&#8221;off&#8221; button_two_text_size__hover_enabled=&#8221;off&#8221; button_text_color__hover_enabled=&#8221;on&#8221; button_text_color__hover=&#8221;#ffffff&#8221; button_one_text_color__hover_enabled=&#8221;off&#8221; button_two_text_color__hover_enabled=&#8221;off&#8221; button_border_width__hover_enabled=&#8221;off&#8221; button_one_border_width__hover_enabled=&#8221;off&#8221; button_two_border_width__hover_enabled=&#8221;off&#8221; button_border_color__hover_enabled=&#8221;on&#8221; button_border_color__hover=&#8221;#ffffff&#8221; button_one_border_color__hover_enabled=&#8221;off&#8221; button_two_border_color__hover_enabled=&#8221;off&#8221; button_border_radius__hover_enabled=&#8221;on&#8221; button_border_radius__hover=&#8221;0px&#8221; button_one_border_radius__hover_enabled=&#8221;off&#8221; button_two_border_radius__hover_enabled=&#8221;off&#8221; button_letter_spacing__hover_enabled=&#8221;on&#8221; button_letter_spacing__hover=&#8221;2px&#8221; button_one_letter_spacing__hover_enabled=&#8221;off&#8221; button_two_letter_spacing__hover_enabled=&#8221;off&#8221; button_bg_color__hover_enabled=&#8221;on&#8221; button_bg_color__hover=&#8221;rgba(255,255,255,0)&#8221; button_one_bg_color__hover_enabled=&#8221;off&#8221; button_two_bg_color__hover_enabled=&#8221;off&#8221;][\/et_pb_button][\/et_pb_column][\/et_pb_row][\/et_pb_section]<\/p>\n","protected":false},"excerpt":{"rendered":"<p>A trav\u00e9s de una consulta con China Import Agentur Frisch, podemos aclarar cualquier duda que pueda tener sobre las pruebas de EMC.Compatibilidad electromagn\u00e9tica: ensayos CEM en ChinaCompatibilidad electromagn\u00e9tica Pruebas CEM para el cumplimiento de la Directiva CEM Compatibilidad electromagn\u00e9tica significa que un dispositivo no emite interferencias electromagn\u00e9ticas. Esto es necesario porque, de lo contrario, todos [&hellip;]<\/p>\n","protected":false},"author":2,"featured_media":0,"parent":0,"menu_order":0,"comment_status":"closed","ping_status":"closed","template":"","meta":{"_et_pb_use_builder":"on","_et_pb_old_content":"","_et_gb_content_width":"","footnotes":""},"class_list":["post-11641","page","type-page","status-publish","hentry"],"yoast_head":"<!-- This site is optimized with the Yoast SEO plugin v27.2 - https:\/\/yoast.com\/product\/yoast-seo-wordpress\/ -->\n<title>Compatibilidad electromagn\u00e9tica: ensayos CEM Importaciones de China<\/title>\n<meta name=\"description\" content=\"Pruebas CEM seg\u00fan la Directiva CEM para importaciones a China \u25ba Marcado CE y evaluaci\u00f3n de la conformidad \u25ba \u00a1Obtenga asesoramiento experto ahora!\" \/>\n<meta name=\"robots\" content=\"index, follow, max-snippet:-1, max-image-preview:large, max-video-preview:-1\" \/>\n<link rel=\"canonical\" href=\"https:\/\/ag-frisch.com\/es\/compatibilidad-electromagnetica\/\" \/>\n<meta property=\"og:locale\" content=\"es_ES\" \/>\n<meta property=\"og:type\" content=\"article\" \/>\n<meta property=\"og:title\" content=\"Compatibilidad electromagn\u00e9tica: ensayos CEM Importaciones de China\" \/>\n<meta property=\"og:description\" content=\"Pruebas CEM seg\u00fan la Directiva CEM para importaciones a China \u25ba Marcado CE y evaluaci\u00f3n de la conformidad \u25ba \u00a1Obtenga asesoramiento experto ahora!\" \/>\n<meta property=\"og:url\" content=\"https:\/\/ag-frisch.com\/es\/compatibilidad-electromagnetica\/\" \/>\n<meta property=\"og:site_name\" content=\"China Import Beratung f\u00fcr den Einkauf aus China\" \/>\n<meta property=\"article:publisher\" content=\"https:\/\/www.facebook.com\/China.Import\" \/>\n<meta property=\"article:modified_time\" content=\"2023-01-27T04:31:54+00:00\" \/>\n<meta name=\"twitter:card\" content=\"summary_large_image\" \/>\n<meta name=\"twitter:site\" content=\"@agenturfrisch\" \/>\n<meta name=\"twitter:label1\" content=\"Tiempo de lectura\" \/>\n\t<meta name=\"twitter:data1\" content=\"8 minutos\" \/>\n<script type=\"application\/ld+json\" class=\"yoast-schema-graph\">{\"@context\":\"https:\/\/schema.org\",\"@graph\":[{\"@type\":\"WebPage\",\"@id\":\"https:\/\/ag-frisch.com\/es\/compatibilidad-electromagnetica\/\",\"url\":\"https:\/\/ag-frisch.com\/es\/compatibilidad-electromagnetica\/\",\"name\":\"Compatibilidad electromagn\u00e9tica: ensayos CEM Importaciones de China\",\"isPartOf\":{\"@id\":\"https:\/\/ag-frisch.com\/de\/#website\"},\"datePublished\":\"2022-07-21T18:09:55+00:00\",\"dateModified\":\"2023-01-27T04:31:54+00:00\",\"description\":\"Pruebas CEM seg\u00fan la Directiva CEM para importaciones a China \u25ba Marcado CE y evaluaci\u00f3n de la conformidad \u25ba \u00a1Obtenga asesoramiento experto ahora!\",\"breadcrumb\":{\"@id\":\"https:\/\/ag-frisch.com\/es\/compatibilidad-electromagnetica\/#breadcrumb\"},\"inLanguage\":\"es\",\"potentialAction\":[{\"@type\":\"ReadAction\",\"target\":[\"https:\/\/ag-frisch.com\/es\/compatibilidad-electromagnetica\/\"]}]},{\"@type\":\"BreadcrumbList\",\"@id\":\"https:\/\/ag-frisch.com\/es\/compatibilidad-electromagnetica\/#breadcrumb\",\"itemListElement\":[{\"@type\":\"ListItem\",\"position\":1,\"name\":\"Startseite\",\"item\":\"https:\/\/ag-frisch.com\/de\/\"},{\"@type\":\"ListItem\",\"position\":2,\"name\":\"Compatibilidad electromagn\u00e9tica\"}]},{\"@type\":\"WebSite\",\"@id\":\"https:\/\/ag-frisch.com\/de\/#website\",\"url\":\"https:\/\/ag-frisch.com\/de\/\",\"name\":\"China Import Beratung f\u00fcr den Einkauf aus China\",\"description\":\"China Import &amp; Export Beratung - Der Dienstleister Ihres Vertrauens f\u00fcr Ihren China Import\",\"publisher\":{\"@id\":\"https:\/\/ag-frisch.com\/de\/#organization\"},\"potentialAction\":[{\"@type\":\"SearchAction\",\"target\":{\"@type\":\"EntryPoint\",\"urlTemplate\":\"https:\/\/ag-frisch.com\/de\/?s={search_term_string}\"},\"query-input\":{\"@type\":\"PropertyValueSpecification\",\"valueRequired\":true,\"valueName\":\"search_term_string\"}}],\"inLanguage\":\"es\"},{\"@type\":\"Organization\",\"@id\":\"https:\/\/ag-frisch.com\/de\/#organization\",\"name\":\"Agentur Frisch International Consulting GmbH & Co. KG\",\"url\":\"https:\/\/ag-frisch.com\/de\/\",\"logo\":{\"@type\":\"ImageObject\",\"inLanguage\":\"es\",\"@id\":\"https:\/\/ag-frisch.com\/de\/#\/schema\/logo\/image\/\",\"url\":\"https:\/\/ag-frisch.com\/wp-content\/uploads\/2021\/08\/ag_logo_rgb_300_small.png\",\"contentUrl\":\"https:\/\/ag-frisch.com\/wp-content\/uploads\/2021\/08\/ag_logo_rgb_300_small.png\",\"width\":153,\"height\":102,\"caption\":\"Agentur Frisch International Consulting GmbH & Co. KG\"},\"image\":{\"@id\":\"https:\/\/ag-frisch.com\/de\/#\/schema\/logo\/image\/\"},\"sameAs\":[\"https:\/\/www.facebook.com\/China.Import\",\"https:\/\/x.com\/agenturfrisch\"]}]}<\/script>\n<!-- \/ Yoast SEO plugin. -->","yoast_head_json":{"title":"Compatibilidad electromagn\u00e9tica: ensayos CEM Importaciones de China","description":"Pruebas CEM seg\u00fan la Directiva CEM para importaciones a China \u25ba Marcado CE y evaluaci\u00f3n de la conformidad \u25ba \u00a1Obtenga asesoramiento experto ahora!","robots":{"index":"index","follow":"follow","max-snippet":"max-snippet:-1","max-image-preview":"max-image-preview:large","max-video-preview":"max-video-preview:-1"},"canonical":"https:\/\/ag-frisch.com\/es\/compatibilidad-electromagnetica\/","og_locale":"es_ES","og_type":"article","og_title":"Compatibilidad electromagn\u00e9tica: ensayos CEM Importaciones de China","og_description":"Pruebas CEM seg\u00fan la Directiva CEM para importaciones a China \u25ba Marcado CE y evaluaci\u00f3n de la conformidad \u25ba \u00a1Obtenga asesoramiento experto ahora!","og_url":"https:\/\/ag-frisch.com\/es\/compatibilidad-electromagnetica\/","og_site_name":"China Import Beratung f\u00fcr den Einkauf aus China","article_publisher":"https:\/\/www.facebook.com\/China.Import","article_modified_time":"2023-01-27T04:31:54+00:00","twitter_card":"summary_large_image","twitter_site":"@agenturfrisch","twitter_misc":{"Tiempo de lectura":"8 minutos"},"schema":{"@context":"https:\/\/schema.org","@graph":[{"@type":"WebPage","@id":"https:\/\/ag-frisch.com\/es\/compatibilidad-electromagnetica\/","url":"https:\/\/ag-frisch.com\/es\/compatibilidad-electromagnetica\/","name":"Compatibilidad electromagn\u00e9tica: ensayos CEM Importaciones de China","isPartOf":{"@id":"https:\/\/ag-frisch.com\/de\/#website"},"datePublished":"2022-07-21T18:09:55+00:00","dateModified":"2023-01-27T04:31:54+00:00","description":"Pruebas CEM seg\u00fan la Directiva CEM para importaciones a China \u25ba Marcado CE y evaluaci\u00f3n de la conformidad \u25ba \u00a1Obtenga asesoramiento experto ahora!","breadcrumb":{"@id":"https:\/\/ag-frisch.com\/es\/compatibilidad-electromagnetica\/#breadcrumb"},"inLanguage":"es","potentialAction":[{"@type":"ReadAction","target":["https:\/\/ag-frisch.com\/es\/compatibilidad-electromagnetica\/"]}]},{"@type":"BreadcrumbList","@id":"https:\/\/ag-frisch.com\/es\/compatibilidad-electromagnetica\/#breadcrumb","itemListElement":[{"@type":"ListItem","position":1,"name":"Startseite","item":"https:\/\/ag-frisch.com\/de\/"},{"@type":"ListItem","position":2,"name":"Compatibilidad electromagn\u00e9tica"}]},{"@type":"WebSite","@id":"https:\/\/ag-frisch.com\/de\/#website","url":"https:\/\/ag-frisch.com\/de\/","name":"China Import Beratung f\u00fcr den Einkauf aus China","description":"China Import &amp; Export Beratung - Der Dienstleister Ihres Vertrauens f\u00fcr Ihren China Import","publisher":{"@id":"https:\/\/ag-frisch.com\/de\/#organization"},"potentialAction":[{"@type":"SearchAction","target":{"@type":"EntryPoint","urlTemplate":"https:\/\/ag-frisch.com\/de\/?s={search_term_string}"},"query-input":{"@type":"PropertyValueSpecification","valueRequired":true,"valueName":"search_term_string"}}],"inLanguage":"es"},{"@type":"Organization","@id":"https:\/\/ag-frisch.com\/de\/#organization","name":"Agentur Frisch International Consulting GmbH & Co. KG","url":"https:\/\/ag-frisch.com\/de\/","logo":{"@type":"ImageObject","inLanguage":"es","@id":"https:\/\/ag-frisch.com\/de\/#\/schema\/logo\/image\/","url":"https:\/\/ag-frisch.com\/wp-content\/uploads\/2021\/08\/ag_logo_rgb_300_small.png","contentUrl":"https:\/\/ag-frisch.com\/wp-content\/uploads\/2021\/08\/ag_logo_rgb_300_small.png","width":153,"height":102,"caption":"Agentur Frisch International Consulting GmbH & Co. KG"},"image":{"@id":"https:\/\/ag-frisch.com\/de\/#\/schema\/logo\/image\/"},"sameAs":["https:\/\/www.facebook.com\/China.Import","https:\/\/x.com\/agenturfrisch"]}]}},"_links":{"self":[{"href":"https:\/\/ag-frisch.com\/es\/wp-json\/wp\/v2\/pages\/11641","targetHints":{"allow":["GET"]}}],"collection":[{"href":"https:\/\/ag-frisch.com\/es\/wp-json\/wp\/v2\/pages"}],"about":[{"href":"https:\/\/ag-frisch.com\/es\/wp-json\/wp\/v2\/types\/page"}],"author":[{"embeddable":true,"href":"https:\/\/ag-frisch.com\/es\/wp-json\/wp\/v2\/users\/2"}],"replies":[{"embeddable":true,"href":"https:\/\/ag-frisch.com\/es\/wp-json\/wp\/v2\/comments?post=11641"}],"version-history":[{"count":0,"href":"https:\/\/ag-frisch.com\/es\/wp-json\/wp\/v2\/pages\/11641\/revisions"}],"wp:attachment":[{"href":"https:\/\/ag-frisch.com\/es\/wp-json\/wp\/v2\/media?parent=11641"}],"curies":[{"name":"wp","href":"https:\/\/api.w.org\/{rel}","templated":true}]}}