{"id":11867,"date":"2022-08-12T12:55:32","date_gmt":"2022-08-12T10:55:32","guid":{"rendered":"https:\/\/ag-frisch.com\/directiva-sobre-metrologia\/"},"modified":"2023-01-27T05:32:49","modified_gmt":"2023-01-27T04:32:49","slug":"directiva-sobre-metrologia","status":"publish","type":"page","link":"https:\/\/ag-frisch.com\/es\/directiva-sobre-metrologia\/","title":{"rendered":"Directiva sobre metrolog\u00eda"},"content":{"rendered":"<p>[et_pb_section fb_built=&#8221;1&#8243; _builder_version=&#8221;4.16&#8243; _module_preset=&#8221;default&#8221; global_colors_info=&#8221;{}&#8221;][et_pb_row _builder_version=&#8221;4.18.1&#8243; _module_preset=&#8221;default&#8221;][et_pb_column _builder_version=&#8221;4.18.1&#8243; _module_preset=&#8221;default&#8221; type=&#8221;4_4&#8243;][et_pb_cta title=&#8221;Directrices sobre instrumentos de medida Consulta&#8221; button_url=&#8221;https:\/\/ag-frisch.com\/es\/contacte-con\/&#8221; button_text=&#8221;Reserve ahora una consulta&#8221; _builder_version=&#8221;4.16&#8243; _module_preset=&#8221;default&#8221; global_colors_info=&#8221;{}&#8221; theme_builder_area=&#8221;post_content&#8221;]<\/p>\n<p>Gracias a los consejos de la Agencia de Importaci\u00f3n China Frisch, no cometer\u00e1 ning\u00fan error al importar instrumentos de medida.<\/p>\n<p>[\/et_pb_cta][\/et_pb_column][\/et_pb_row][et_pb_row _builder_version=&#8221;4.16&#8243; _module_preset=&#8221;default&#8221; global_colors_info=&#8221;{}&#8221;][et_pb_column type=&#8221;4_4&#8243; _builder_version=&#8221;4.16&#8243; _module_preset=&#8221;default&#8221; global_colors_info=&#8221;{}&#8221;][et_pb_text admin_label=&#8221;H1&#8243; _builder_version=&#8221;4.18.1&#8243; _module_preset=&#8221;default&#8221; global_colors_info=&#8221;{}&#8221;]<\/p>\n<h1>Directiva sobre instrumentos de medida para productos procedentes de China<\/h1>\n<p>[\/et_pb_text][et_pb_text _builder_version=&#8221;4.16&#8243; _module_preset=&#8221;default&#8221; global_colors_info=&#8221;{}&#8221;]<\/p>\n<p><strong>Directiva sobre instrumentos de medida<\/strong><\/p>\n<p><strong>Cumplimiento de la Directiva sobre instrumentos de medida en la producci\u00f3n de China<\/strong><\/p>\n<p>Los dispositivos de medici\u00f3n se utilizan para recoger datos importantes con los que se realiza el trabajo posterior. Por lo tanto, hay que imponer exigencias especialmente altas a los propios aparatos de medici\u00f3n. Su calibraci\u00f3n, la precisi\u00f3n de la medici\u00f3n, el tipo y los intervalos de calibraci\u00f3n y mucho m\u00e1s est\u00e1n regulados en la Directiva sobre instrumentos de medida. Cualquiera que importe instrumentos de medida de China debe garantizar el cumplimiento de la directiva; de lo contrario, puede salirle caro. Como importador con experiencia en China, estaremos encantados de ocuparnos de este aspecto de su importaci\u00f3n. Realizamos las inspecciones necesarias y obtenemos los certificados pertinentes.<\/p>\n<p>Por ejemplo, los siguientes productos importantes est\u00e1n cubiertos por la Directiva sobre instrumentos de medida:<\/p>\n<ul>\n<li>Contador de agua<\/li>\n<li>Contador de gas<\/li>\n<li>Contador el\u00e9ctrico<\/li>\n<li>Contador de calor<\/li>\n<li>balanzas autom\u00e1ticas<\/li>\n<\/ul>\n<p>Adem\u00e1s, los dispositivos para medir longitudes, como reglas plegables, reglas o cintas m\u00e9tricas, tambi\u00e9n se incluyen parcialmente en los productos cubiertos. Los analizadores de gases de escape y los tax\u00edmetros tambi\u00e9n est\u00e1n sujetos a la Directiva sobre instrumentos de medida, cuyo nombre completo es &#8220;Directiva 2004\/22\/CE relativa a los instrumentos de medida&#8221;.<\/p>\n<p><strong>Nota: \u00a1La importaci\u00f3n de instrumentos de medida s\u00f3lo es posible si se demuestra el cumplimiento de la Directiva sobre instrumentos de medida para la producci\u00f3n en China!<\/strong><\/p>\n<p>Estaremos encantados de realizar las pruebas necesarias para usted de conformidad con la Directiva sobre instrumentos de medida en China. Disponemos de laboratorios y personal cualificado para realizar estas pruebas de forma profesional y conforme a los requisitos.<\/p>\n<p>&nbsp;<\/p>\n<p><strong>Pruebas conformes a la Directiva sobre instrumentos de medida en China<\/strong><\/p>\n<p>El elemento central del cumplimiento de la Directiva sobre instrumentos de medida para la producci\u00f3n en China es la declaraci\u00f3n de conformidad. Confirma que se cumplen las directivas, normas y reglamentos aplicables en Alemania para el grupo de productos en cuesti\u00f3n. La calibraci\u00f3n inicial y la documentaci\u00f3n son componentes de este proceso, tareas que s\u00f3lo pueden realizar especialistas en salas adecuadas.<\/p>\n<p>&nbsp;<\/p>\n<p><strong>BOTH Laboratorio de Cumplimiento de la Agencia Frisch<\/strong><\/p>\n<p>Con su filial BEIDE Compliance Laboratory, la Agencia Frisch gestiona laboratorios de ensayo profesionales en los que, entre otras cosas, tambi\u00e9n se pueden realizar en China los ensayos conforme a la Directiva sobre instrumentos de medida. Para ello, s\u00f3lo empleamos personal cualificado y aplicamos normas estrictas a las condiciones de ensayo. Cumplimos los requisitos de la Directiva sobre instrumentos de medida e incluso los superamos si as\u00ed se solicita.<\/p>\n<p>&nbsp;<\/p>\n<p><strong>Ley de medici\u00f3n y calibraci\u00f3n (MessEG) y Ordenanza de medici\u00f3n y calibraci\u00f3n (MessEV)<\/strong><\/p>\n<p>En Alemania, la base para el cumplimiento de la Directiva europea sobre instrumentos de medida en el caso de la producci\u00f3n en China es la Ley de instrumentos de medida (MessEG) y la Ordenanza de instrumentos de medida (MessEV). Concretan la directiva y contienen todos los requisitos que deben cumplir los instrumentos de medida. Nuestro departamento especializado est\u00e1 muy familiarizado con el tema y puede ofrecerle un asesoramiento \u00f3ptimo en todas las cuestiones relacionadas con el cumplimiento de la Directiva sobre instrumentos de medida para la producci\u00f3n en China. Le ofrecemos un servicio integral. Este enfoque hol\u00edstico ahorra costes, tiempo y esfuerzo.<\/p>\n<p>&nbsp;<\/p>\n<p><strong>Declaraci\u00f3n de conformidad<\/strong><\/p>\n<p>Al importar muchos productos de China a Alemania, hay que disponer de una declaraci\u00f3n de conformidad. Esto se comprueba y debe cumplir los requisitos correspondientes para que no haya dificultades con las aduanas y otras autoridades. La agencia Frisch conoce los procesos y las normas con exactitud y, por tanto, puede preparar y llevar a cabo su importaci\u00f3n a la perfecci\u00f3n. Por supuesto, la preparaci\u00f3n de una declaraci\u00f3n de conformidad con arreglo a los requisitos forma parte de ello.<\/p>\n<p>&nbsp;<\/p>\n<p><strong>Calibraci\u00f3n y pruebas realizadas por organismos independientes<\/strong><\/p>\n<p>No podemos probar todos los productos. Algunos productos requieren pruebas externas realizadas por organismos de pruebas reconocidos por el Estado. Aqu\u00ed nos encargamos de las pruebas preliminares y nos aseguramos de que la inspecci\u00f3n del organismo de control sea positiva. Estos productos incluyen:<\/p>\n<ul>\n<li>Contador de agua<\/li>\n<li>Contador de gas<\/li>\n<li>Contador el\u00e9ctrico<\/li>\n<li>Contador de calor<\/li>\n<\/ul>\n<p>&nbsp;<\/p>\n<p><strong>Estaremos encantados de asesorarle sobre el tema del cumplimiento de la Directiva sobre instrumentos de medida para la producci\u00f3n en China, de forma independiente y competente.<\/strong><\/p>\n<p>[\/et_pb_text][\/et_pb_column][\/et_pb_row][\/et_pb_section][et_pb_section fb_built=&#8221;1&#8243; admin_label=&#8221;Testimonials&#8221; _builder_version=&#8221;4.16&#8243; use_background_color_gradient=&#8221;on&#8221; background_color_gradient_stops=&#8221;rgba(0,106,156,0.85) 0%|rgba(0,106,156,0.85) 100%&#8221; background_color_gradient_start=&#8221;rgba(0,106,156,0.85)&#8221; background_color_gradient_end=&#8221;rgba(0,106,156,0.85)&#8221; custom_padding=&#8221;90px||60px|&#8221; animation_style=&#8221;fold&#8221; animation_direction=&#8221;bottom&#8221; animation_intensity_fold=&#8221;4%&#8221; global_colors_info=&#8221;{}&#8221; theme_builder_area=&#8221;post_content&#8221;][et_pb_row _builder_version=&#8221;4.16&#8243; background_size=&#8221;initial&#8221; background_position=&#8221;top_left&#8221; background_repeat=&#8221;repeat&#8221; custom_width_px=&#8221;710px&#8221; locked=&#8221;off&#8221; global_colors_info=&#8221;{}&#8221; theme_builder_area=&#8221;post_content&#8221;][et_pb_column type=&#8221;4_4&#8243; _builder_version=&#8221;4.16&#8243; background_position=&#8221;top_left&#8221; custom_padding=&#8221;|||&#8221; global_colors_info=&#8221;{}&#8221; custom_padding__hover=&#8221;|||&#8221; theme_builder_area=&#8221;post_content&#8221;][et_pb_text admin_label=&#8221;Testimonials Section Title&#8221; _builder_version=&#8221;4.16&#8243; header_font=&#8221;Montserrat||||&#8221; header_font_size=&#8221;36px&#8221; background_size=&#8221;initial&#8221; background_position=&#8221;top_left&#8221; background_repeat=&#8221;repeat&#8221; text_orientation=&#8221;center&#8221; background_layout=&#8221;dark&#8221; max_width=&#8221;710px&#8221; module_alignment=&#8221;center&#8221; animation_style=&#8221;fold&#8221; animation_direction=&#8221;bottom&#8221; animation_intensity_fold=&#8221;20%&#8221; global_colors_info=&#8221;{}&#8221; theme_builder_area=&#8221;post_content&#8221;]<\/p>\n<h1>M\u00e1s de 5000 clientes satisfechos.<\/h1>\n<p>&nbsp;<\/p>\n<p>[\/et_pb_text][et_pb_divider color=&#8221;#ffffff&#8221; divider_weight=&#8221;3px&#8221; disabled_on=&#8221;off|off|off&#8221; _builder_version=&#8221;4.16&#8243; background_color_gradient_direction=&#8221;90deg&#8221; max_width=&#8221;100px&#8221; module_alignment=&#8221;center&#8221; height=&#8221;5px&#8221; custom_margin=&#8221;||20px|&#8221; custom_padding=&#8221;||20px|&#8221; animation_style=&#8221;slide&#8221; animation_direction=&#8221;bottom&#8221; saved_tabs=&#8221;all&#8221; locked=&#8221;off&#8221; global_colors_info=&#8221;{}&#8221; theme_builder_area=&#8221;post_content&#8221;][\/et_pb_divider][\/et_pb_column][\/et_pb_row][et_pb_row column_structure=&#8221;1_2,1_2&#8243; _builder_version=&#8221;4.18.1&#8243; _module_preset=&#8221;default&#8221; global_colors_info=&#8221;{}&#8221; theme_builder_area=&#8221;post_content&#8221;][et_pb_column type=&#8221;1_2&#8243; _builder_version=&#8221;4.18.1&#8243; _module_preset=&#8221;default&#8221; global_colors_info=&#8221;{}&#8221; theme_builder_area=&#8221;post_content&#8221;][et_pb_testimonial author=&#8221;Marco&#8221; portrait_url=&#8221;https:\/\/ag-frisch.com\/wp-content\/uploads\/2021\/08\/Harald.png&#8221; quote_icon=&#8221;off&#8221; _builder_version=&#8221;4.18.1&#8243; _module_preset=&#8221;default&#8221; body_font_size=&#8221;16px&#8221; use_background_color=&#8221;off&#8221; background_layout=&#8221;dark&#8221; global_colors_info=&#8221;{}&#8221; theme_builder_area=&#8221;post_content&#8221;]Encargu\u00e9 a la Agencia Frisch la fabricaci\u00f3n de un gran mueble en China y su posterior traslado a Alemania. La comunicaci\u00f3n por correo fue fluida en todo momento. Las respuestas, muy r\u00e1pidas y fiables, me dieron constantemente las seguridades indispensables en una empresa de este tipo. Me ayudaron en todo momento a atravesar la jungla burocr\u00e1tica y no se me olvid\u00f3 ning\u00fan formulario ni lo rellen\u00e9 incorrectamente. \u00a1Muy loable!<a href=\"&lt;div%20class=%22pe-richsnippets%22&gt;&nbsp;&lt;\/div&gt;%20&lt;script%20type=%22text\/javascript%22%20src=%22https:\/\/www.provenexpert.com\/widget\/richsnippet.js?u=1NUA0VwZ4RUZ5tmAi5zA4RaplNKAlWwZ&amp;v=2%22%20async&gt;&lt;\/script&gt;%20&lt;div%20style=%22text-align:%20justify;%22&gt;&lt;br%20\/&gt;\"><\/a><\/p>\n<div class=\"brow ratingBarMargin\">\n<div class=\"ratingBar\">\n<div class=\"brow\">\n<div class=\"pe-richsnippets\">&nbsp;<\/div>\n<p><script type=\"text\/javascript\" src=\"https:\/\/www.provenexpert.com\/widget\/richsnippet.js?u=1NUA0VwZ4RUZ5tmAi5zA4RaplNKAlWwZ&amp;v=2\" async=\"\"><\/script><\/p>\n<div style=\"text-align: justify;\"><\/p>\n<div class=\"col-lg-9 col-md-8 col-xs-10 mt20 mb20\">\n<div class=\"col-xs-12 surveyNameForRating\"><\/div>\n<\/div>\n<\/div>\n<\/div>\n<\/div>\n<\/div>\n<p>[\/et_pb_testimonial][\/et_pb_column][et_pb_column type=&#8221;1_2&#8243; _builder_version=&#8221;4.18.1&#8243; _module_preset=&#8221;default&#8221; global_colors_info=&#8221;{}&#8221; theme_builder_area=&#8221;post_content&#8221;][et_pb_testimonial author=&#8221;Simone L.&#8221; portrait_url=&#8221;https:\/\/ag-frisch.com\/wp-content\/uploads\/2021\/08\/Harald.png&#8221; quote_icon=&#8221;off&#8221; _builder_version=&#8221;4.18.1&#8243; _module_preset=&#8221;default&#8221; body_font_size=&#8221;16px&#8221; use_background_color=&#8221;off&#8221; background_layout=&#8221;dark&#8221; global_colors_info=&#8221;{}&#8221; theme_builder_area=&#8221;post_content&#8221;]<\/p>\n<p>Todo arriba. No hay nada mejor que esto. El asesoramiento y la aplicaci\u00f3n no pueden hacerse mejor. Estamos m\u00e1s que satisfechos despu\u00e9s de varios pedidos con esta empresa y continuamos nuestra cooperaci\u00f3n.<\/p>\n<div class=\"brow ratingBarMargin\">\n<div class=\"ratingBar\">\n<div class=\"brow\">\n<div class=\"pe-richsnippets\"> <\/div>\n<p>\n<script type=\"text\/javascript\" src=\"https:\/\/www.provenexpert.com\/widget\/richsnippet.js?u=1NUA0VwZ4RUZ5tmAi5zA4RaplNKAlWwZ&amp;v=2\" async=\"\"><\/script>\n<\/p>\n<div style=\"text-align: justify;\">\n<p>&nbsp;<\/p>\n<div class=\"col-lg-9 col-md-8 col-xs-10 mt20 mb20\">\n<div class=\"col-xs-12 surveyNameForRating\"><\/div>\n<\/div>\n<\/div>\n<\/div>\n<\/div>\n<\/div>\n<p>[\/et_pb_testimonial][\/et_pb_column][\/et_pb_row][et_pb_row _builder_version=&#8221;4.16&#8243; background_size=&#8221;initial&#8221; background_position=&#8221;top_left&#8221; background_repeat=&#8221;repeat&#8221; custom_padding=&#8221;50px|0px|30px|0px&#8221; custom_css_main_element=&#8221;text-align: center;&#8221; global_colors_info=&#8221;{}&#8221; theme_builder_area=&#8221;post_content&#8221;][et_pb_column type=&#8221;4_4&#8243; _builder_version=&#8221;4.16&#8243; custom_padding=&#8221;|||&#8221; global_colors_info=&#8221;{}&#8221; custom_padding__hover=&#8221;|||&#8221; theme_builder_area=&#8221;post_content&#8221;][et_pb_button button_url=&#8221;https:\/\/www.provenexpert.com\/de-de\/agentur-frisch-international-consulting-gmbh-und-co-kg\/&#8221; button_text=&#8221;M\u00c1S VALORACIONES&#8221; button_alignment=&#8221;left&#8221; admin_label=&#8221;Testimonial Button&#8221; _builder_version=&#8221;4.16&#8243; custom_button=&#8221;on&#8221; button_text_size=&#8221;18px&#8221; button_text_color=&#8221;#ffffff&#8221; button_bg_color=&#8221;#6eba01&#8243; button_border_width=&#8221;2px&#8221; button_border_color=&#8221;#6eba01&#8243; button_border_radius=&#8221;0px&#8221; button_letter_spacing=&#8221;2px&#8221; button_font=&#8221;Montserrat|||on|&#8221; button_use_icon=&#8221;off&#8221; animation_style=&#8221;fold&#8221; animation_direction=&#8221;bottom&#8221; button_text_color_hover=&#8221;#ffffff&#8221; button_border_color_hover=&#8221;#ffffff&#8221; button_border_radius_hover=&#8221;0px&#8221; button_letter_spacing_hover=&#8221;2px&#8221; button_bg_color_hover=&#8221;rgba(255,255,255,0)&#8221; locked=&#8221;off&#8221; global_colors_info=&#8221;{}&#8221; button_text_size__hover_enabled=&#8221;off&#8221; button_one_text_size__hover_enabled=&#8221;off&#8221; button_two_text_size__hover_enabled=&#8221;off&#8221; button_text_color__hover_enabled=&#8221;on&#8221; button_text_color__hover=&#8221;#ffffff&#8221; button_one_text_color__hover_enabled=&#8221;off&#8221; button_two_text_color__hover_enabled=&#8221;off&#8221; button_border_width__hover_enabled=&#8221;off&#8221; button_one_border_width__hover_enabled=&#8221;off&#8221; button_two_border_width__hover_enabled=&#8221;off&#8221; button_border_color__hover_enabled=&#8221;on&#8221; button_border_color__hover=&#8221;#ffffff&#8221; button_one_border_color__hover_enabled=&#8221;off&#8221; button_two_border_color__hover_enabled=&#8221;off&#8221; button_border_radius__hover_enabled=&#8221;on&#8221; button_border_radius__hover=&#8221;0px&#8221; button_one_border_radius__hover_enabled=&#8221;off&#8221; button_two_border_radius__hover_enabled=&#8221;off&#8221; button_letter_spacing__hover_enabled=&#8221;on&#8221; button_letter_spacing__hover=&#8221;2px&#8221; button_one_letter_spacing__hover_enabled=&#8221;off&#8221; button_two_letter_spacing__hover_enabled=&#8221;off&#8221; button_bg_color__hover_enabled=&#8221;on&#8221; button_bg_color__hover=&#8221;rgba(255,255,255,0)&#8221; button_one_bg_color__hover_enabled=&#8221;off&#8221; button_two_bg_color__hover_enabled=&#8221;off&#8221; theme_builder_area=&#8221;post_content&#8221;][\/et_pb_button][\/et_pb_column][\/et_pb_row][\/et_pb_section]<\/p>\n","protected":false},"excerpt":{"rendered":"<p>Gracias a los consejos de la Agencia de Importaci\u00f3n China Frisch, no cometer\u00e1 ning\u00fan error al importar instrumentos de medida.Directiva sobre instrumentos de medida para productos procedentes de ChinaDirectiva sobre instrumentos de medida Cumplimiento de la Directiva sobre instrumentos de medida en la producci\u00f3n de China Los dispositivos de medici\u00f3n se utilizan para recoger datos [&hellip;]<\/p>\n","protected":false},"author":2,"featured_media":0,"parent":0,"menu_order":0,"comment_status":"closed","ping_status":"closed","template":"","meta":{"_et_pb_use_builder":"on","_et_pb_old_content":"","_et_gb_content_width":"","footnotes":""},"class_list":["post-11867","page","type-page","status-publish","hentry"],"yoast_head":"<!-- This site is optimized with the Yoast SEO plugin v27.2 - https:\/\/yoast.com\/product\/yoast-seo-wordpress\/ -->\n<title>Directiva sobre instrumentos de medida: conformidad de los productos procedentes de China<\/title>\n<meta name=\"description\" content=\"Cumplimiento de la Directiva sobre instrumentos de medida para la producci\u00f3n procedente de China \u25ba Pruebas de conformidad con la Ley de medici\u00f3n y calibraci\u00f3n y la Ordenanza de medici\u00f3n y calibraci\u00f3n \u25ba \u00a1Obtenga asesoramiento ahora!\" \/>\n<meta name=\"robots\" content=\"index, follow, max-snippet:-1, max-image-preview:large, max-video-preview:-1\" \/>\n<link rel=\"canonical\" href=\"https:\/\/ag-frisch.com\/es\/directiva-sobre-metrologia\/\" \/>\n<meta property=\"og:locale\" content=\"es_ES\" \/>\n<meta property=\"og:type\" content=\"article\" \/>\n<meta property=\"og:title\" content=\"Directiva sobre instrumentos de medida: conformidad de los productos procedentes de China\" \/>\n<meta property=\"og:description\" content=\"Cumplimiento de la Directiva sobre instrumentos de medida para la producci\u00f3n procedente de China \u25ba Pruebas de conformidad con la Ley de medici\u00f3n y calibraci\u00f3n y la Ordenanza de medici\u00f3n y calibraci\u00f3n \u25ba \u00a1Obtenga asesoramiento ahora!\" \/>\n<meta property=\"og:url\" content=\"https:\/\/ag-frisch.com\/es\/directiva-sobre-metrologia\/\" \/>\n<meta property=\"og:site_name\" content=\"China Import Beratung f\u00fcr den Einkauf aus China\" \/>\n<meta property=\"article:publisher\" content=\"https:\/\/www.facebook.com\/China.Import\" \/>\n<meta property=\"article:modified_time\" content=\"2023-01-27T04:32:49+00:00\" \/>\n<meta name=\"twitter:card\" content=\"summary_large_image\" \/>\n<meta name=\"twitter:site\" content=\"@agenturfrisch\" \/>\n<meta name=\"twitter:label1\" content=\"Tiempo de lectura\" \/>\n\t<meta name=\"twitter:data1\" content=\"9 minutos\" \/>\n<script type=\"application\/ld+json\" class=\"yoast-schema-graph\">{\"@context\":\"https:\/\/schema.org\",\"@graph\":[{\"@type\":\"WebPage\",\"@id\":\"https:\/\/ag-frisch.com\/es\/directiva-sobre-metrologia\/\",\"url\":\"https:\/\/ag-frisch.com\/es\/directiva-sobre-metrologia\/\",\"name\":\"Directiva sobre instrumentos de medida: conformidad de los productos procedentes de China\",\"isPartOf\":{\"@id\":\"https:\/\/ag-frisch.com\/de\/#website\"},\"datePublished\":\"2022-08-12T10:55:32+00:00\",\"dateModified\":\"2023-01-27T04:32:49+00:00\",\"description\":\"Cumplimiento de la Directiva sobre instrumentos de medida para la producci\u00f3n procedente de China \u25ba Pruebas de conformidad con la Ley de medici\u00f3n y calibraci\u00f3n y la Ordenanza de medici\u00f3n y calibraci\u00f3n \u25ba \u00a1Obtenga asesoramiento ahora!\",\"breadcrumb\":{\"@id\":\"https:\/\/ag-frisch.com\/es\/directiva-sobre-metrologia\/#breadcrumb\"},\"inLanguage\":\"es\",\"potentialAction\":[{\"@type\":\"ReadAction\",\"target\":[\"https:\/\/ag-frisch.com\/es\/directiva-sobre-metrologia\/\"]}]},{\"@type\":\"BreadcrumbList\",\"@id\":\"https:\/\/ag-frisch.com\/es\/directiva-sobre-metrologia\/#breadcrumb\",\"itemListElement\":[{\"@type\":\"ListItem\",\"position\":1,\"name\":\"Startseite\",\"item\":\"https:\/\/ag-frisch.com\/de\/\"},{\"@type\":\"ListItem\",\"position\":2,\"name\":\"Directiva sobre metrolog\u00eda\"}]},{\"@type\":\"WebSite\",\"@id\":\"https:\/\/ag-frisch.com\/de\/#website\",\"url\":\"https:\/\/ag-frisch.com\/de\/\",\"name\":\"China Import Beratung f\u00fcr den Einkauf aus China\",\"description\":\"China Import &amp; Export Beratung - Der Dienstleister Ihres Vertrauens f\u00fcr Ihren China Import\",\"publisher\":{\"@id\":\"https:\/\/ag-frisch.com\/de\/#organization\"},\"potentialAction\":[{\"@type\":\"SearchAction\",\"target\":{\"@type\":\"EntryPoint\",\"urlTemplate\":\"https:\/\/ag-frisch.com\/de\/?s={search_term_string}\"},\"query-input\":{\"@type\":\"PropertyValueSpecification\",\"valueRequired\":true,\"valueName\":\"search_term_string\"}}],\"inLanguage\":\"es\"},{\"@type\":\"Organization\",\"@id\":\"https:\/\/ag-frisch.com\/de\/#organization\",\"name\":\"Agentur Frisch International Consulting GmbH & Co. KG\",\"url\":\"https:\/\/ag-frisch.com\/de\/\",\"logo\":{\"@type\":\"ImageObject\",\"inLanguage\":\"es\",\"@id\":\"https:\/\/ag-frisch.com\/de\/#\/schema\/logo\/image\/\",\"url\":\"https:\/\/ag-frisch.com\/wp-content\/uploads\/2021\/08\/ag_logo_rgb_300_small.png\",\"contentUrl\":\"https:\/\/ag-frisch.com\/wp-content\/uploads\/2021\/08\/ag_logo_rgb_300_small.png\",\"width\":153,\"height\":102,\"caption\":\"Agentur Frisch International Consulting GmbH & Co. KG\"},\"image\":{\"@id\":\"https:\/\/ag-frisch.com\/de\/#\/schema\/logo\/image\/\"},\"sameAs\":[\"https:\/\/www.facebook.com\/China.Import\",\"https:\/\/x.com\/agenturfrisch\"]}]}<\/script>\n<!-- \/ Yoast SEO plugin. -->","yoast_head_json":{"title":"Directiva sobre instrumentos de medida: conformidad de los productos procedentes de China","description":"Cumplimiento de la Directiva sobre instrumentos de medida para la producci\u00f3n procedente de China \u25ba Pruebas de conformidad con la Ley de medici\u00f3n y calibraci\u00f3n y la Ordenanza de medici\u00f3n y calibraci\u00f3n \u25ba \u00a1Obtenga asesoramiento ahora!","robots":{"index":"index","follow":"follow","max-snippet":"max-snippet:-1","max-image-preview":"max-image-preview:large","max-video-preview":"max-video-preview:-1"},"canonical":"https:\/\/ag-frisch.com\/es\/directiva-sobre-metrologia\/","og_locale":"es_ES","og_type":"article","og_title":"Directiva sobre instrumentos de medida: conformidad de los productos procedentes de China","og_description":"Cumplimiento de la Directiva sobre instrumentos de medida para la producci\u00f3n procedente de China \u25ba Pruebas de conformidad con la Ley de medici\u00f3n y calibraci\u00f3n y la Ordenanza de medici\u00f3n y calibraci\u00f3n \u25ba \u00a1Obtenga asesoramiento ahora!","og_url":"https:\/\/ag-frisch.com\/es\/directiva-sobre-metrologia\/","og_site_name":"China Import Beratung f\u00fcr den Einkauf aus China","article_publisher":"https:\/\/www.facebook.com\/China.Import","article_modified_time":"2023-01-27T04:32:49+00:00","twitter_card":"summary_large_image","twitter_site":"@agenturfrisch","twitter_misc":{"Tiempo de lectura":"9 minutos"},"schema":{"@context":"https:\/\/schema.org","@graph":[{"@type":"WebPage","@id":"https:\/\/ag-frisch.com\/es\/directiva-sobre-metrologia\/","url":"https:\/\/ag-frisch.com\/es\/directiva-sobre-metrologia\/","name":"Directiva sobre instrumentos de medida: conformidad de los productos procedentes de China","isPartOf":{"@id":"https:\/\/ag-frisch.com\/de\/#website"},"datePublished":"2022-08-12T10:55:32+00:00","dateModified":"2023-01-27T04:32:49+00:00","description":"Cumplimiento de la Directiva sobre instrumentos de medida para la producci\u00f3n procedente de China \u25ba Pruebas de conformidad con la Ley de medici\u00f3n y calibraci\u00f3n y la Ordenanza de medici\u00f3n y calibraci\u00f3n \u25ba \u00a1Obtenga asesoramiento ahora!","breadcrumb":{"@id":"https:\/\/ag-frisch.com\/es\/directiva-sobre-metrologia\/#breadcrumb"},"inLanguage":"es","potentialAction":[{"@type":"ReadAction","target":["https:\/\/ag-frisch.com\/es\/directiva-sobre-metrologia\/"]}]},{"@type":"BreadcrumbList","@id":"https:\/\/ag-frisch.com\/es\/directiva-sobre-metrologia\/#breadcrumb","itemListElement":[{"@type":"ListItem","position":1,"name":"Startseite","item":"https:\/\/ag-frisch.com\/de\/"},{"@type":"ListItem","position":2,"name":"Directiva sobre metrolog\u00eda"}]},{"@type":"WebSite","@id":"https:\/\/ag-frisch.com\/de\/#website","url":"https:\/\/ag-frisch.com\/de\/","name":"China Import Beratung f\u00fcr den Einkauf aus China","description":"China Import &amp; Export Beratung - Der Dienstleister Ihres Vertrauens f\u00fcr Ihren China Import","publisher":{"@id":"https:\/\/ag-frisch.com\/de\/#organization"},"potentialAction":[{"@type":"SearchAction","target":{"@type":"EntryPoint","urlTemplate":"https:\/\/ag-frisch.com\/de\/?s={search_term_string}"},"query-input":{"@type":"PropertyValueSpecification","valueRequired":true,"valueName":"search_term_string"}}],"inLanguage":"es"},{"@type":"Organization","@id":"https:\/\/ag-frisch.com\/de\/#organization","name":"Agentur Frisch International Consulting GmbH & Co. KG","url":"https:\/\/ag-frisch.com\/de\/","logo":{"@type":"ImageObject","inLanguage":"es","@id":"https:\/\/ag-frisch.com\/de\/#\/schema\/logo\/image\/","url":"https:\/\/ag-frisch.com\/wp-content\/uploads\/2021\/08\/ag_logo_rgb_300_small.png","contentUrl":"https:\/\/ag-frisch.com\/wp-content\/uploads\/2021\/08\/ag_logo_rgb_300_small.png","width":153,"height":102,"caption":"Agentur Frisch International Consulting GmbH & Co. KG"},"image":{"@id":"https:\/\/ag-frisch.com\/de\/#\/schema\/logo\/image\/"},"sameAs":["https:\/\/www.facebook.com\/China.Import","https:\/\/x.com\/agenturfrisch"]}]}},"_links":{"self":[{"href":"https:\/\/ag-frisch.com\/es\/wp-json\/wp\/v2\/pages\/11867","targetHints":{"allow":["GET"]}}],"collection":[{"href":"https:\/\/ag-frisch.com\/es\/wp-json\/wp\/v2\/pages"}],"about":[{"href":"https:\/\/ag-frisch.com\/es\/wp-json\/wp\/v2\/types\/page"}],"author":[{"embeddable":true,"href":"https:\/\/ag-frisch.com\/es\/wp-json\/wp\/v2\/users\/2"}],"replies":[{"embeddable":true,"href":"https:\/\/ag-frisch.com\/es\/wp-json\/wp\/v2\/comments?post=11867"}],"version-history":[{"count":0,"href":"https:\/\/ag-frisch.com\/es\/wp-json\/wp\/v2\/pages\/11867\/revisions"}],"wp:attachment":[{"href":"https:\/\/ag-frisch.com\/es\/wp-json\/wp\/v2\/media?parent=11867"}],"curies":[{"name":"wp","href":"https:\/\/api.w.org\/{rel}","templated":true}]}}