{"id":11883,"date":"2022-07-21T19:59:09","date_gmt":"2022-07-21T17:59:09","guid":{"rendered":"https:\/\/ag-frisch.com\/analisis-de-las-normas-de-importacion\/"},"modified":"2023-01-27T05:32:45","modified_gmt":"2023-01-27T04:32:45","slug":"analisis-de-las-normas-de-importacion","status":"publish","type":"page","link":"https:\/\/ag-frisch.com\/es\/analisis-de-las-normas-de-importacion\/","title":{"rendered":"An\u00e1lisis de las normas de importaci\u00f3n"},"content":{"rendered":"<p>[et_pb_section fb_built=&#8221;1&#8243; _builder_version=&#8221;4.16&#8243; _module_preset=&#8221;default&#8221; global_colors_info=&#8221;{}&#8221;][et_pb_row _builder_version=&#8221;4.18.1&#8243; _module_preset=&#8221;default&#8221;][et_pb_column _builder_version=&#8221;4.18.1&#8243; _module_preset=&#8221;default&#8221; type=&#8221;4_4&#8243;][et_pb_cta title=&#8221;An\u00e1lisis de las importaciones&#8221; button_url=&#8221;https:\/\/ag-frisch.com\/es\/contacte-con\/&#8221; button_text=&#8221;Reserve ahora una consulta&#8221; _builder_version=&#8221;4.16&#8243; _module_preset=&#8221;default&#8221; global_colors_info=&#8221;{}&#8221; theme_builder_area=&#8221;post_content&#8221;]<\/p>\n<p>Con el asesoramiento de la Agencia de Importaci\u00f3n China Frisch, podemos responder a todas sus preguntas sobre la norma de importaci\u00f3n o encargarnos directamente del an\u00e1lisis por usted.<\/p>\n<p>[\/et_pb_cta][\/et_pb_column][\/et_pb_row][et_pb_row _builder_version=&#8221;4.16&#8243; _module_preset=&#8221;default&#8221; global_colors_info=&#8221;{}&#8221;][et_pb_column type=&#8221;4_4&#8243; _builder_version=&#8221;4.16&#8243; _module_preset=&#8221;default&#8221; global_colors_info=&#8221;{}&#8221;][et_pb_text admin_label=&#8221;H1&#8243; _builder_version=&#8221;4.18.1&#8243; _module_preset=&#8221;default&#8221; global_colors_info=&#8221;{}&#8221;]<\/p>\n<h1>Normas de importaci\u00f3n de China: un an\u00e1lisis de las importaciones directamente de los profesionales<\/h1>\n<p>[\/et_pb_text][et_pb_text _builder_version=&#8221;4.16&#8243; _module_preset=&#8221;default&#8221; global_colors_info=&#8221;{}&#8221;]<\/p>\n<p><strong>An\u00e1lisis de las normas de importaci\u00f3n<\/strong><\/p>\n<p><strong>Determinaci\u00f3n de las normas de importaci\u00f3n<\/strong><\/p>\n<p>Cualquiera que venda productos en Alemania tiene que cumplir muchas normas. Esto tambi\u00e9n se aplica a los productos importados. Para el legislador, usted, como persona que comercializa el producto en Alemania, est\u00e1 en pie de igualdad con el fabricante y es responsable en consecuencia. Por lo tanto, es absolutamente esencial conocer y cumplir las leyes y normativas aplicables a su grupo de productos.<\/p>\n<p><strong>No puede importar sin cumplir las leyes y normativas de su producto.<\/strong><\/p>\n<p>Es imprescindible cumplir todas las normas y disponer de todos los certificados necesarios para importar y vender en Alemania. Como importador con experiencia en China, Agentur Frisch se encargar\u00e1 gustosamente de este servicio por usted. Recomendamos los siguientes servicios cuando importe a trav\u00e9s de nosotros o de un proveedor externo:<\/p>\n<ul>\n<li>An\u00e1lisis de las condiciones aplicables a su producto<\/li>\n<li>Recomendaciones de actuaci\u00f3n<\/li>\n<li>Ensayos seg\u00fan las normas DIN<\/li>\n<li>An\u00e1lisis de riesgos<\/li>\n<\/ul>\n<p>Nunca insistiremos lo suficiente en la importancia del cumplimiento de la legislaci\u00f3n para el \u00e9xito de una empresa.<\/p>\n<p>&nbsp;<\/p>\n<p><strong>\u00bfQu\u00e9 certificados necesito para importar de China?<\/strong><\/p>\n<p>Los certificados que necesita dependen del producto que desee importar. Existe una larga serie de certificados muy diferentes para distintos grupos de productos b\u00e1sicos. Perm\u00edtanos aconsejarle urgentemente para que no cometa ning\u00fan error.<\/p>\n<p>Entre las normativas que debe cumplir se incluyen:<\/p>\n<ul>\n<li>Ley de pilas<\/li>\n<li>Certificaci\u00f3n ecol\u00f3gica<\/li>\n<li>Normas DIN<\/li>\n<li>Pruebas CEM (compatibilidad electromagn\u00e9tica)<\/li>\n<li>Directiva ERP (Directiva sobre dise\u00f1o ecol\u00f3gico)<\/li>\n<li>Disposiciones de la LFGB<\/li>\n<li>Directiva sobre m\u00e1quinas<\/li>\n<li>Directiva m\u00e9dica<\/li>\n<li>v.m.<\/li>\n<\/ul>\n<p>&nbsp;<\/p>\n<p><strong>\u00bfQu\u00e9 debo tener en cuenta al importar de China?<\/strong><\/p>\n<p>La cuesti\u00f3n de los certificados y las leyes debe plantearse durante el proceso de importaci\u00f3n. El marco jur\u00eddico es muy estricto, lo que significa que pr\u00e1cticamente no hay productos ni aspectos que no est\u00e9n cubiertos por ninguna ley. No intente bajo ning\u00fan concepto importar productos y esperar que &#8220;todo vaya bien&#8221;. Esto conduce pr\u00e1cticamente siempre al fracaso. En su lugar, le ofrecemos un servicio de primera clase y fiable que le asesora perfectamente sobre el tema &#8220;Qu\u00e9 certificados necesito al importar de China&#8221;. Analizamos su grupo de productos e identificamos todos los documentos y pruebas necesarios. As\u00ed evitar\u00e1s p\u00e9rdidas y estr\u00e9s.<\/p>\n<p>&nbsp;<\/p>\n<p><strong>Recomendaciones claras de actuaci\u00f3n para su producto de importaci\u00f3n espec\u00edfico<\/strong><\/p>\n<p>En Agentur Frisch tenemos una amplia experiencia en la importaci\u00f3n de una gran variedad de mercanc\u00edas a China. Bas\u00e1ndonos en nuestro an\u00e1lisis de las normas de importaci\u00f3n, averiguamos por usted qu\u00e9 debe hacer para cumplir los requisitos legales. Esto es diferente para cada producto. Conocemos la teor\u00eda y la pr\u00e1ctica y sabemos c\u00f3mo mantenerle legalmente a salvo.<\/p>\n<p>&nbsp;<\/p>\n<p><strong>Nuevos controles de las importaciones chinas<\/strong><\/p>\n<p>Al plantearse la pregunta &#8220;\u00bfQu\u00e9 tengo que tener en cuenta al importar de China?&#8221;, tarde o temprano uno siempre se encuentra con las normas DIN. Las normas DIN son reglas tecnol\u00f3gicas reconocidas que se desarrollan para pr\u00e1cticamente todos los productos. Los requisitos de los destornilladores se establecen en una norma DIN, igual que los de los trenes de mercanc\u00edas, las piscinas o las tostadoras.<\/p>\n<p><strong>Le recomendamos que compruebe las normas DIN de su producto.<\/strong><\/p>\n<p>Con un an\u00e1lisis experto, puede estar seguro de qu\u00e9 certificados necesita al importar de China y qu\u00e9 condiciones debe cumplir su producto.<\/p>\n<p>&nbsp;<\/p>\n<p><strong>An\u00e1lisis de riesgos<\/strong><\/p>\n<p>El an\u00e1lisis de las normas de importaci\u00f3n y la aclaraci\u00f3n de la pregunta &#8220;\u00bfQu\u00e9 certificados necesito para importar de China?&#8221; suele incluir tambi\u00e9n un an\u00e1lisis de riesgos. Podemos someter AMBOS productos a controles exhaustivos en nuestros laboratorios internos de la filial, antes de que lo hagan las autoridades alemanas.<\/p>\n<p>&nbsp;<\/p>\n<p><strong>Un an\u00e1lisis de las normas de importaci\u00f3n, una comprobaci\u00f3n de las normas DIN y un an\u00e1lisis de riesgos forman parte del \u00e9xito de una importaci\u00f3n a China. Si tiene alguna pregunta sobre conformidad, certificados e importaci\u00f3n de China, p\u00f3ngase en contacto con nosotros. Los expertos de Agentur Frisch estar\u00e1n encantados de ayudarle con su importaci\u00f3n de China.  <\/strong><\/p>\n<p>[\/et_pb_text][\/et_pb_column][\/et_pb_row][\/et_pb_section][et_pb_section fb_built=&#8221;1&#8243; admin_label=&#8221;Testimonials&#8221; _builder_version=&#8221;4.16&#8243; use_background_color_gradient=&#8221;on&#8221; background_color_gradient_stops=&#8221;rgba(0,106,156,0.85) 0%|rgba(0,106,156,0.85) 100%&#8221; background_color_gradient_start=&#8221;rgba(0,106,156,0.85)&#8221; background_color_gradient_end=&#8221;rgba(0,106,156,0.85)&#8221; custom_padding=&#8221;90px||60px|&#8221; animation_style=&#8221;fold&#8221; animation_direction=&#8221;bottom&#8221; animation_intensity_fold=&#8221;4%&#8221; global_colors_info=&#8221;{}&#8221; theme_builder_area=&#8221;post_content&#8221;][et_pb_row _builder_version=&#8221;4.16&#8243; background_size=&#8221;initial&#8221; background_position=&#8221;top_left&#8221; background_repeat=&#8221;repeat&#8221; custom_width_px=&#8221;710px&#8221; locked=&#8221;off&#8221; global_colors_info=&#8221;{}&#8221; theme_builder_area=&#8221;post_content&#8221;][et_pb_column type=&#8221;4_4&#8243; _builder_version=&#8221;4.16&#8243; background_position=&#8221;top_left&#8221; custom_padding=&#8221;|||&#8221; global_colors_info=&#8221;{}&#8221; custom_padding__hover=&#8221;|||&#8221; theme_builder_area=&#8221;post_content&#8221;][et_pb_text admin_label=&#8221;Testimonials Section Title&#8221; _builder_version=&#8221;4.16&#8243; header_font=&#8221;Montserrat||||&#8221; header_font_size=&#8221;36px&#8221; background_size=&#8221;initial&#8221; background_position=&#8221;top_left&#8221; background_repeat=&#8221;repeat&#8221; text_orientation=&#8221;center&#8221; background_layout=&#8221;dark&#8221; max_width=&#8221;710px&#8221; module_alignment=&#8221;center&#8221; animation_style=&#8221;fold&#8221; animation_direction=&#8221;bottom&#8221; animation_intensity_fold=&#8221;20%&#8221; global_colors_info=&#8221;{}&#8221; theme_builder_area=&#8221;post_content&#8221;]<\/p>\n<h1>M\u00e1s de 5000 clientes satisfechos.<\/h1>\n<p>&nbsp;<\/p>\n<p>[\/et_pb_text][et_pb_divider color=&#8221;#ffffff&#8221; divider_weight=&#8221;3px&#8221; disabled_on=&#8221;off|off|off&#8221; _builder_version=&#8221;4.16&#8243; background_color_gradient_direction=&#8221;90deg&#8221; max_width=&#8221;100px&#8221; module_alignment=&#8221;center&#8221; height=&#8221;5px&#8221; custom_margin=&#8221;||20px|&#8221; custom_padding=&#8221;||20px|&#8221; animation_style=&#8221;slide&#8221; animation_direction=&#8221;bottom&#8221; saved_tabs=&#8221;all&#8221; locked=&#8221;off&#8221; global_colors_info=&#8221;{}&#8221; theme_builder_area=&#8221;post_content&#8221;][\/et_pb_divider][\/et_pb_column][\/et_pb_row][et_pb_row column_structure=&#8221;1_2,1_2&#8243; _builder_version=&#8221;4.18.1&#8243; _module_preset=&#8221;default&#8221; global_colors_info=&#8221;{}&#8221; theme_builder_area=&#8221;post_content&#8221;][et_pb_column type=&#8221;1_2&#8243; _builder_version=&#8221;4.18.1&#8243; _module_preset=&#8221;default&#8221; global_colors_info=&#8221;{}&#8221; theme_builder_area=&#8221;post_content&#8221;][et_pb_testimonial author=&#8221;Marco&#8221; portrait_url=&#8221;https:\/\/ag-frisch.com\/wp-content\/uploads\/2021\/08\/Harald.png&#8221; quote_icon=&#8221;off&#8221; _builder_version=&#8221;4.18.1&#8243; _module_preset=&#8221;default&#8221; body_font_size=&#8221;16px&#8221; use_background_color=&#8221;off&#8221; background_layout=&#8221;dark&#8221; global_colors_info=&#8221;{}&#8221; theme_builder_area=&#8221;post_content&#8221;]Encargu\u00e9 a la Agencia Frisch la fabricaci\u00f3n de un gran mueble en China y su posterior traslado a Alemania. La comunicaci\u00f3n por correo fue fluida en todo momento. Las respuestas, muy r\u00e1pidas y fiables, me dieron constantemente las seguridades indispensables en una empresa de este tipo. Me ayudaron en todo momento a atravesar la jungla burocr\u00e1tica y no se me olvid\u00f3 ning\u00fan formulario ni lo rellen\u00e9 incorrectamente. \u00a1Muy loable!<a href=\"&lt;div%20class=%22pe-richsnippets%22&gt;&nbsp;&lt;\/div&gt;%20&lt;script%20type=%22text\/javascript%22%20src=%22https:\/\/www.provenexpert.com\/widget\/richsnippet.js?u=1NUA0VwZ4RUZ5tmAi5zA4RaplNKAlWwZ&amp;v=2%22%20async&gt;&lt;\/script&gt;%20&lt;div%20style=%22text-align:%20justify;%22&gt;&lt;br%20\/&gt;\"><\/a><\/p>\n<div class=\"brow ratingBarMargin\">\n<div class=\"ratingBar\">\n<div class=\"brow\">\n<div class=\"pe-richsnippets\">&nbsp;<\/div>\n<p><script type=\"text\/javascript\" src=\"https:\/\/www.provenexpert.com\/widget\/richsnippet.js?u=1NUA0VwZ4RUZ5tmAi5zA4RaplNKAlWwZ&amp;v=2\" async=\"\"><\/script><\/p>\n<div style=\"text-align: justify;\"><\/p>\n<div class=\"col-lg-9 col-md-8 col-xs-10 mt20 mb20\">\n<div class=\"col-xs-12 surveyNameForRating\"><\/div>\n<\/div>\n<\/div>\n<\/div>\n<\/div>\n<\/div>\n<p>[\/et_pb_testimonial][\/et_pb_column][et_pb_column type=&#8221;1_2&#8243; _builder_version=&#8221;4.18.1&#8243; _module_preset=&#8221;default&#8221; global_colors_info=&#8221;{}&#8221; theme_builder_area=&#8221;post_content&#8221;][et_pb_testimonial author=&#8221;Simone L.&#8221; portrait_url=&#8221;https:\/\/ag-frisch.com\/wp-content\/uploads\/2021\/08\/Harald.png&#8221; quote_icon=&#8221;off&#8221; _builder_version=&#8221;4.18.1&#8243; _module_preset=&#8221;default&#8221; body_font_size=&#8221;16px&#8221; use_background_color=&#8221;off&#8221; background_layout=&#8221;dark&#8221; global_colors_info=&#8221;{}&#8221; theme_builder_area=&#8221;post_content&#8221;]<\/p>\n<p>Todo arriba. No hay nada mejor que esto. El asesoramiento y la aplicaci\u00f3n no pueden hacerse mejor. Estamos m\u00e1s que satisfechos despu\u00e9s de varios pedidos con esta empresa y continuamos nuestra cooperaci\u00f3n.<\/p>\n<div class=\"brow ratingBarMargin\">\n<div class=\"ratingBar\">\n<div class=\"brow\">\n<div class=\"pe-richsnippets\"> <\/div>\n<p>\n<script type=\"text\/javascript\" src=\"https:\/\/www.provenexpert.com\/widget\/richsnippet.js?u=1NUA0VwZ4RUZ5tmAi5zA4RaplNKAlWwZ&amp;v=2\" async=\"\"><\/script>\n<\/p>\n<div style=\"text-align: justify;\">\n<p>&nbsp;<\/p>\n<div class=\"col-lg-9 col-md-8 col-xs-10 mt20 mb20\">\n<div class=\"col-xs-12 surveyNameForRating\"><\/div>\n<\/div>\n<\/div>\n<\/div>\n<\/div>\n<\/div>\n<p>[\/et_pb_testimonial][\/et_pb_column][\/et_pb_row][et_pb_row _builder_version=&#8221;4.16&#8243; background_size=&#8221;initial&#8221; background_position=&#8221;top_left&#8221; background_repeat=&#8221;repeat&#8221; custom_padding=&#8221;50px|0px|30px|0px&#8221; custom_css_main_element=&#8221;text-align: center;&#8221; global_colors_info=&#8221;{}&#8221; theme_builder_area=&#8221;post_content&#8221;][et_pb_column type=&#8221;4_4&#8243; _builder_version=&#8221;4.16&#8243; custom_padding=&#8221;|||&#8221; global_colors_info=&#8221;{}&#8221; custom_padding__hover=&#8221;|||&#8221; theme_builder_area=&#8221;post_content&#8221;][et_pb_button button_url=&#8221;https:\/\/www.provenexpert.com\/de-de\/agentur-frisch-international-consulting-gmbh-und-co-kg\/&#8221; button_text=&#8221;M\u00c1S VALORACIONES&#8221; button_alignment=&#8221;left&#8221; admin_label=&#8221;Testimonial Button&#8221; _builder_version=&#8221;4.16&#8243; custom_button=&#8221;on&#8221; button_text_size=&#8221;18px&#8221; button_text_color=&#8221;#ffffff&#8221; button_bg_color=&#8221;#6eba01&#8243; button_border_width=&#8221;2px&#8221; button_border_color=&#8221;#6eba01&#8243; button_border_radius=&#8221;0px&#8221; button_letter_spacing=&#8221;2px&#8221; button_font=&#8221;Montserrat|||on|&#8221; button_use_icon=&#8221;off&#8221; animation_style=&#8221;fold&#8221; animation_direction=&#8221;bottom&#8221; button_text_color_hover=&#8221;#ffffff&#8221; button_border_color_hover=&#8221;#ffffff&#8221; button_border_radius_hover=&#8221;0px&#8221; button_letter_spacing_hover=&#8221;2px&#8221; button_bg_color_hover=&#8221;rgba(255,255,255,0)&#8221; locked=&#8221;off&#8221; global_colors_info=&#8221;{}&#8221; button_text_size__hover_enabled=&#8221;off&#8221; button_one_text_size__hover_enabled=&#8221;off&#8221; button_two_text_size__hover_enabled=&#8221;off&#8221; button_text_color__hover_enabled=&#8221;on&#8221; button_text_color__hover=&#8221;#ffffff&#8221; button_one_text_color__hover_enabled=&#8221;off&#8221; button_two_text_color__hover_enabled=&#8221;off&#8221; button_border_width__hover_enabled=&#8221;off&#8221; button_one_border_width__hover_enabled=&#8221;off&#8221; button_two_border_width__hover_enabled=&#8221;off&#8221; button_border_color__hover_enabled=&#8221;on&#8221; button_border_color__hover=&#8221;#ffffff&#8221; button_one_border_color__hover_enabled=&#8221;off&#8221; button_two_border_color__hover_enabled=&#8221;off&#8221; button_border_radius__hover_enabled=&#8221;on&#8221; button_border_radius__hover=&#8221;0px&#8221; button_one_border_radius__hover_enabled=&#8221;off&#8221; button_two_border_radius__hover_enabled=&#8221;off&#8221; button_letter_spacing__hover_enabled=&#8221;on&#8221; button_letter_spacing__hover=&#8221;2px&#8221; button_one_letter_spacing__hover_enabled=&#8221;off&#8221; button_two_letter_spacing__hover_enabled=&#8221;off&#8221; button_bg_color__hover_enabled=&#8221;on&#8221; button_bg_color__hover=&#8221;rgba(255,255,255,0)&#8221; button_one_bg_color__hover_enabled=&#8221;off&#8221; button_two_bg_color__hover_enabled=&#8221;off&#8221; theme_builder_area=&#8221;post_content&#8221;][\/et_pb_button][\/et_pb_column][\/et_pb_row][\/et_pb_section]<\/p>\n","protected":false},"excerpt":{"rendered":"<p>Con el asesoramiento de la Agencia de Importaci\u00f3n China Frisch, podemos responder a todas sus preguntas sobre la norma de importaci\u00f3n o encargarnos directamente del an\u00e1lisis por usted.Normas de importaci\u00f3n de China: un an\u00e1lisis de las importaciones directamente de los profesionalesAn\u00e1lisis de las normas de importaci\u00f3n Determinaci\u00f3n de las normas de importaci\u00f3n Cualquiera que venda [&hellip;]<\/p>\n","protected":false},"author":2,"featured_media":0,"parent":0,"menu_order":0,"comment_status":"closed","ping_status":"closed","template":"","meta":{"_et_pb_use_builder":"on","_et_pb_old_content":"","_et_gb_content_width":"","footnotes":""},"class_list":["post-11883","page","type-page","status-publish","hentry"],"yoast_head":"<!-- This site is optimized with the Yoast SEO plugin v27.4 - https:\/\/yoast.com\/product\/yoast-seo-wordpress\/ -->\n<title>Normas de importaci\u00f3n de China | An\u00e1lisis de expertos<\/title>\n<meta name=\"description\" content=\"An\u00e1lisis de las normas de importaci\u00f3n para China \u25ba Determinaci\u00f3n individual de las normas de importaci\u00f3n \u25ba An\u00e1lisis de necesidades y riesgos por expertos experimentados \u25ba \u00a1Reciba asesoramiento ahora!\" \/>\n<meta name=\"robots\" content=\"noindex, follow\" \/>\n<meta property=\"og:locale\" content=\"es_ES\" \/>\n<meta property=\"og:type\" content=\"article\" \/>\n<meta property=\"og:title\" content=\"Normas de importaci\u00f3n de China | An\u00e1lisis de expertos\" \/>\n<meta property=\"og:description\" content=\"An\u00e1lisis de las normas de importaci\u00f3n para China \u25ba Determinaci\u00f3n individual de las normas de importaci\u00f3n \u25ba An\u00e1lisis de necesidades y riesgos por expertos experimentados \u25ba \u00a1Reciba asesoramiento ahora!\" \/>\n<meta property=\"og:url\" content=\"https:\/\/ag-frisch.com\/es\/analisis-de-las-normas-de-importacion\/\" \/>\n<meta property=\"og:site_name\" content=\"China Import Beratung f\u00fcr den Einkauf aus China\" \/>\n<meta property=\"article:publisher\" content=\"https:\/\/www.facebook.com\/China.Import\" \/>\n<meta property=\"article:modified_time\" content=\"2023-01-27T04:32:45+00:00\" \/>\n<meta name=\"twitter:card\" content=\"summary_large_image\" \/>\n<meta name=\"twitter:site\" content=\"@agenturfrisch\" \/>\n<meta name=\"twitter:label1\" content=\"Tiempo de lectura\" \/>\n\t<meta name=\"twitter:data1\" content=\"9 minutos\" \/>\n<script type=\"application\/ld+json\" class=\"yoast-schema-graph\">{\"@context\":\"https:\\\/\\\/schema.org\",\"@graph\":[{\"@type\":\"WebPage\",\"@id\":\"https:\\\/\\\/ag-frisch.com\\\/es\\\/analisis-de-las-normas-de-importacion\\\/\",\"url\":\"https:\\\/\\\/ag-frisch.com\\\/es\\\/analisis-de-las-normas-de-importacion\\\/\",\"name\":\"Normas de importaci\u00f3n de China | An\u00e1lisis de expertos\",\"isPartOf\":{\"@id\":\"https:\\\/\\\/ag-frisch.com\\\/de\\\/#website\"},\"datePublished\":\"2022-07-21T17:59:09+00:00\",\"dateModified\":\"2023-01-27T04:32:45+00:00\",\"description\":\"An\u00e1lisis de las normas de importaci\u00f3n para China \u25ba Determinaci\u00f3n individual de las normas de importaci\u00f3n \u25ba An\u00e1lisis de necesidades y riesgos por expertos experimentados \u25ba \u00a1Reciba asesoramiento ahora!\",\"breadcrumb\":{\"@id\":\"https:\\\/\\\/ag-frisch.com\\\/es\\\/analisis-de-las-normas-de-importacion\\\/#breadcrumb\"},\"inLanguage\":\"es\",\"potentialAction\":[{\"@type\":\"ReadAction\",\"target\":[\"https:\\\/\\\/ag-frisch.com\\\/es\\\/analisis-de-las-normas-de-importacion\\\/\"]}]},{\"@type\":\"BreadcrumbList\",\"@id\":\"https:\\\/\\\/ag-frisch.com\\\/es\\\/analisis-de-las-normas-de-importacion\\\/#breadcrumb\",\"itemListElement\":[{\"@type\":\"ListItem\",\"position\":1,\"name\":\"Startseite\",\"item\":\"https:\\\/\\\/ag-frisch.com\\\/de\\\/\"},{\"@type\":\"ListItem\",\"position\":2,\"name\":\"An\u00e1lisis de las normas de importaci\u00f3n\"}]},{\"@type\":\"WebSite\",\"@id\":\"https:\\\/\\\/ag-frisch.com\\\/de\\\/#website\",\"url\":\"https:\\\/\\\/ag-frisch.com\\\/de\\\/\",\"name\":\"China Import Beratung f\u00fcr den Einkauf aus China\",\"description\":\"China Import &amp; Export Beratung - Der Dienstleister Ihres Vertrauens f\u00fcr Ihren China Import\",\"publisher\":{\"@id\":\"https:\\\/\\\/ag-frisch.com\\\/de\\\/#organization\"},\"potentialAction\":[{\"@type\":\"SearchAction\",\"target\":{\"@type\":\"EntryPoint\",\"urlTemplate\":\"https:\\\/\\\/ag-frisch.com\\\/de\\\/?s={search_term_string}\"},\"query-input\":{\"@type\":\"PropertyValueSpecification\",\"valueRequired\":true,\"valueName\":\"search_term_string\"}}],\"inLanguage\":\"es\"},{\"@type\":\"Organization\",\"@id\":\"https:\\\/\\\/ag-frisch.com\\\/de\\\/#organization\",\"name\":\"Agentur Frisch International Consulting GmbH & Co. KG\",\"url\":\"https:\\\/\\\/ag-frisch.com\\\/de\\\/\",\"logo\":{\"@type\":\"ImageObject\",\"inLanguage\":\"es\",\"@id\":\"https:\\\/\\\/ag-frisch.com\\\/de\\\/#\\\/schema\\\/logo\\\/image\\\/\",\"url\":\"https:\\\/\\\/ag-frisch.com\\\/wp-content\\\/uploads\\\/2021\\\/08\\\/ag_logo_rgb_300_small.png\",\"contentUrl\":\"https:\\\/\\\/ag-frisch.com\\\/wp-content\\\/uploads\\\/2021\\\/08\\\/ag_logo_rgb_300_small.png\",\"width\":153,\"height\":102,\"caption\":\"Agentur Frisch International Consulting GmbH & Co. KG\"},\"image\":{\"@id\":\"https:\\\/\\\/ag-frisch.com\\\/de\\\/#\\\/schema\\\/logo\\\/image\\\/\"},\"sameAs\":[\"https:\\\/\\\/www.facebook.com\\\/China.Import\",\"https:\\\/\\\/x.com\\\/agenturfrisch\"]}]}<\/script>\n<!-- \/ Yoast SEO plugin. -->","yoast_head_json":{"title":"Normas de importaci\u00f3n de China | An\u00e1lisis de expertos","description":"An\u00e1lisis de las normas de importaci\u00f3n para China \u25ba Determinaci\u00f3n individual de las normas de importaci\u00f3n \u25ba An\u00e1lisis de necesidades y riesgos por expertos experimentados \u25ba \u00a1Reciba asesoramiento ahora!","robots":{"index":"noindex","follow":"follow"},"og_locale":"es_ES","og_type":"article","og_title":"Normas de importaci\u00f3n de China | An\u00e1lisis de expertos","og_description":"An\u00e1lisis de las normas de importaci\u00f3n para China \u25ba Determinaci\u00f3n individual de las normas de importaci\u00f3n \u25ba An\u00e1lisis de necesidades y riesgos por expertos experimentados \u25ba \u00a1Reciba asesoramiento ahora!","og_url":"https:\/\/ag-frisch.com\/es\/analisis-de-las-normas-de-importacion\/","og_site_name":"China Import Beratung f\u00fcr den Einkauf aus China","article_publisher":"https:\/\/www.facebook.com\/China.Import","article_modified_time":"2023-01-27T04:32:45+00:00","twitter_card":"summary_large_image","twitter_site":"@agenturfrisch","twitter_misc":{"Tiempo de lectura":"9 minutos"},"schema":{"@context":"https:\/\/schema.org","@graph":[{"@type":"WebPage","@id":"https:\/\/ag-frisch.com\/es\/analisis-de-las-normas-de-importacion\/","url":"https:\/\/ag-frisch.com\/es\/analisis-de-las-normas-de-importacion\/","name":"Normas de importaci\u00f3n de China | An\u00e1lisis de expertos","isPartOf":{"@id":"https:\/\/ag-frisch.com\/de\/#website"},"datePublished":"2022-07-21T17:59:09+00:00","dateModified":"2023-01-27T04:32:45+00:00","description":"An\u00e1lisis de las normas de importaci\u00f3n para China \u25ba Determinaci\u00f3n individual de las normas de importaci\u00f3n \u25ba An\u00e1lisis de necesidades y riesgos por expertos experimentados \u25ba \u00a1Reciba asesoramiento ahora!","breadcrumb":{"@id":"https:\/\/ag-frisch.com\/es\/analisis-de-las-normas-de-importacion\/#breadcrumb"},"inLanguage":"es","potentialAction":[{"@type":"ReadAction","target":["https:\/\/ag-frisch.com\/es\/analisis-de-las-normas-de-importacion\/"]}]},{"@type":"BreadcrumbList","@id":"https:\/\/ag-frisch.com\/es\/analisis-de-las-normas-de-importacion\/#breadcrumb","itemListElement":[{"@type":"ListItem","position":1,"name":"Startseite","item":"https:\/\/ag-frisch.com\/de\/"},{"@type":"ListItem","position":2,"name":"An\u00e1lisis de las normas de importaci\u00f3n"}]},{"@type":"WebSite","@id":"https:\/\/ag-frisch.com\/de\/#website","url":"https:\/\/ag-frisch.com\/de\/","name":"China Import Beratung f\u00fcr den Einkauf aus China","description":"China Import &amp; Export Beratung - Der Dienstleister Ihres Vertrauens f\u00fcr Ihren China Import","publisher":{"@id":"https:\/\/ag-frisch.com\/de\/#organization"},"potentialAction":[{"@type":"SearchAction","target":{"@type":"EntryPoint","urlTemplate":"https:\/\/ag-frisch.com\/de\/?s={search_term_string}"},"query-input":{"@type":"PropertyValueSpecification","valueRequired":true,"valueName":"search_term_string"}}],"inLanguage":"es"},{"@type":"Organization","@id":"https:\/\/ag-frisch.com\/de\/#organization","name":"Agentur Frisch International Consulting GmbH & Co. KG","url":"https:\/\/ag-frisch.com\/de\/","logo":{"@type":"ImageObject","inLanguage":"es","@id":"https:\/\/ag-frisch.com\/de\/#\/schema\/logo\/image\/","url":"https:\/\/ag-frisch.com\/wp-content\/uploads\/2021\/08\/ag_logo_rgb_300_small.png","contentUrl":"https:\/\/ag-frisch.com\/wp-content\/uploads\/2021\/08\/ag_logo_rgb_300_small.png","width":153,"height":102,"caption":"Agentur Frisch International Consulting GmbH & Co. KG"},"image":{"@id":"https:\/\/ag-frisch.com\/de\/#\/schema\/logo\/image\/"},"sameAs":["https:\/\/www.facebook.com\/China.Import","https:\/\/x.com\/agenturfrisch"]}]}},"_links":{"self":[{"href":"https:\/\/ag-frisch.com\/es\/wp-json\/wp\/v2\/pages\/11883","targetHints":{"allow":["GET"]}}],"collection":[{"href":"https:\/\/ag-frisch.com\/es\/wp-json\/wp\/v2\/pages"}],"about":[{"href":"https:\/\/ag-frisch.com\/es\/wp-json\/wp\/v2\/types\/page"}],"author":[{"embeddable":true,"href":"https:\/\/ag-frisch.com\/es\/wp-json\/wp\/v2\/users\/2"}],"replies":[{"embeddable":true,"href":"https:\/\/ag-frisch.com\/es\/wp-json\/wp\/v2\/comments?post=11883"}],"version-history":[{"count":0,"href":"https:\/\/ag-frisch.com\/es\/wp-json\/wp\/v2\/pages\/11883\/revisions"}],"wp:attachment":[{"href":"https:\/\/ag-frisch.com\/es\/wp-json\/wp\/v2\/media?parent=11883"}],"curies":[{"name":"wp","href":"https:\/\/api.w.org\/{rel}","templated":true}]}}