{"id":11969,"date":"2022-05-09T23:15:03","date_gmt":"2022-05-09T21:15:03","guid":{"rendered":"https:\/\/ag-frisch.com\/suministros-de-jardineria-procedentes-de-china\/"},"modified":"2023-01-27T05:41:48","modified_gmt":"2023-01-27T04:41:48","slug":"suministros-de-jardineria-procedentes-de-china","status":"publish","type":"page","link":"https:\/\/ag-frisch.com\/es\/suministros-de-jardineria-procedentes-de-china\/","title":{"rendered":"Suministros de jardiner\u00eda procedentes de China"},"content":{"rendered":"<p>[et_pb_section fb_built=&#8221;1&#8243; _builder_version=&#8221;4.16&#8243; _module_preset=&#8221;default&#8221; global_colors_info=&#8221;{}&#8221;][et_pb_row _builder_version=&#8221;4.18.1&#8243; _module_preset=&#8221;default&#8221; global_colors_info=&#8221;{}&#8221;][et_pb_column type=&#8221;4_4&#8243; _builder_version=&#8221;4.18.1&#8243; _module_preset=&#8221;default&#8221; global_colors_info=&#8221;{}&#8221;][et_pb_cta title=&#8221;Consultor\u00eda de importaci\u00f3n de China&#8221; button_url=&#8221;https:\/\/ag-frisch.com\/es\/contacte-con\/&#8221; button_text=&#8221;Reserve ahora una consulta&#8221; _builder_version=&#8221;4.16&#8243; _module_preset=&#8221;default&#8221; global_colors_info=&#8221;{}&#8221;]<\/p>\n<p>Con el asesoramiento de la Agencia de Importaci\u00f3n China Frisch, conseguir\u00e1 hacer negocios con China como si lo hicieran profesionales.  <\/p>\n<p>[\/et_pb_cta][\/et_pb_column][\/et_pb_row][et_pb_row _builder_version=&#8221;4.16&#8243; _module_preset=&#8221;default&#8221; global_colors_info=&#8221;{}&#8221;][et_pb_column type=&#8221;4_4&#8243; _builder_version=&#8221;4.16&#8243; _module_preset=&#8221;default&#8221; global_colors_info=&#8221;{}&#8221;][et_pb_text _builder_version=&#8221;4.18.1&#8243; _module_preset=&#8221;default&#8221; hover_enabled=&#8221;0&#8243; global_colors_info=&#8221;{}&#8221; sticky_enabled=&#8221;0&#8243;]<\/p>\n<h1>China importa suministros agr\u00edcolas y de jardiner\u00eda<\/h1>\n<p><strong>Cortac\u00e9spedes, barbacoas y mucho m\u00e1s: suministros de jardiner\u00eda de China<\/strong><\/p>\n<p>Casi nada es tan sagrado para el alem\u00e1n como su hermoso jard\u00edn. En consecuencia, los productos de este sector van bien, y no s\u00f3lo durante la temporada de barbacoas, sino durante todo el a\u00f1o. La Agencia Frisch trabaja con excelentes fabricantes y puede ofrecerle art\u00edculos de jardiner\u00eda procedentes de China a precios inmejorables. S\u00f3lo contratamos a socios comerciales que cumplen nuestros requisitos m\u00e1s estrictos.<\/p>\n<p>&nbsp;<\/p>\n<p><strong>Todo para el jard\u00edn &#8211; importar art\u00edculos de jardiner\u00eda de China<\/strong><\/p>\n<p>Desde fuentes ornamentales de alta calidad y potentes cortac\u00e9spedes hasta carpas para fiestas y pagodas: Puede comprarnos todos los productos relacionados con el jard\u00edn. Podemos proporcionarle los siguientes suministros de jardiner\u00eda procedentes de China, entre muchos otros:<\/p>\n<ul>\n<li>Semillas, fertilizantes y control de plagas<\/li>\n<li>Muebles de jard\u00edn y terrazas<\/li>\n<li>Invernaderos y cobertizos<\/li>\n<li>Vallas y pantallas de protecci\u00f3n de la intimidad<\/li>\n<li>Herramientas y equipos de jardiner\u00eda<\/li>\n<li>Sistemas de riego, sistemas de estanques, pozos<\/li>\n<li>y mucho m\u00e1s.<\/li>\n<\/ul>\n<p>Cuando se trata de suministros de jardiner\u00eda procedentes de China, puede confiar en la m\u00e1xima calidad, y a precios extremadamente bajos. Los productos que compramos a los mayoristas chinos est\u00e1n todos probados y certificados. Las semillas y los granos se someten a pruebas de seguridad qu\u00edmica, al igual que los pesticidas y todos los dem\u00e1s productos. No dejamos estas comprobaciones al mercado chino, sino que las llevamos a cabo en gran medida en nuestra filial BOTH de pruebas de laboratorio. Como comprador, usted se beneficia de ello: tiene la seguridad de recibir productos de primera clase que resisten los controles de calidad alemanes y satisfacen a los consumidores m\u00e1s exigentes.<\/p>\n<p>&nbsp;<\/p>\n<p><strong>Suministros para barbacoas en China para el pasatiempo m\u00e1s bonito del mundo<\/strong><\/p>\n<p>Con la mano en el coraz\u00f3n: \u00bfqu\u00e9 puede haber mejor que una barbacoa con amigos? Ofrecemos los mejores productos del comercio mayorista chino para esta afici\u00f3n favorita de los alemanes. Al comprar suministros para barbacoas en China a trav\u00e9s de nosotros, puede esperar la mejor calidad. Las entregas r\u00e1pidas y el cumplimiento fiable de todos los acuerdos son, por supuesto, tan importantes como un servicio de importaci\u00f3n a la medida de sus necesidades. Por ejemplo, nuestros productores le ofrecen los siguientes suministros para barbacoas procedentes de China:<\/p>\n<ul>\n<li>Parrillas de alta calidad (carb\u00f3n, gas, el\u00e9ctricas)<\/li>\n<li>Parrillas de bolas, piedras de lava, ahumadores<\/li>\n<li>Barbacoas de camping, barbacoas de balc\u00f3n y otras barbacoas especiales<\/li>\n<li>Carb\u00f3n vegetal y encendedor<\/li>\n<li>Accesorios (pinzas, delantales, etc.)<\/li>\n<\/ul>\n<p>&nbsp;<\/p>\n<p><strong>Materias primas, suministros agr\u00edcolas y maquinaria agr\u00edcola procedentes de China<\/strong><\/p>\n<p>Nuestros proveedores le ofrecen no s\u00f3lo productos del sector de la jardiner\u00eda, sino tambi\u00e9n de la agricultura. Por ejemplo, puede adquirir a trav\u00e9s de nosotros carretillas elevadoras de China, m\u00e1quinas empacadoras, tractores y m\u00e1quinas cosechadoras. Desde el arado mec\u00e1nico m\u00e1s peque\u00f1o hasta la cosechadora totalmente automatizada, podemos suministrarle toda la maquinaria agr\u00edcola. Desde m\u00e1quinas aspersoras hasta carretillas elevadoras de China, podemos presentarle a los proveedores perfectos y realizar su importaci\u00f3n de China por usted.<\/p>\n<p>Adem\u00e1s de maquinaria agr\u00edcola como picadoras, cosechadoras y carretillas elevadoras de China, tambi\u00e9n es posible importar materias primas, como aceite de girasol o gas\u00f3leo, por ejemplo, adem\u00e1s de productos agr\u00edcolas como arroz.<\/p>\n<p>&nbsp;<\/p>\n<p><strong>Agentur Frisch: Su socio para el comercio mayorista con China<\/strong><\/p>\n<p>Nos consideramos una agencia de servicios integrales con los m\u00e1s altos est\u00e1ndares. Desde la consulta hasta el cumplimiento \u00edntegro, nuestro objetivo es estar a la altura de nuestras propias exigencias: S\u00f3lo vale el mejor trabajo.<\/p>\n<p>Por lo tanto, cubrimos todas las tareas de importaci\u00f3n de China. Encontramos y remitimos fabricantes, comprobamos y evaluamos la calidad, nos encargamos de las pruebas de laboratorio, los certificados y el etiquetado, y nos ocupamos de toda la log\u00edstica de transporte. Esto significa que tanto nosotros como usted podemos estar siempre seguros de que todo va sobre ruedas cuando compramos suministros para jard\u00edn, para barbacoa o para agricultura en China.<\/p>\n<p><strong>Nuestro trabajo de primera clase le ahorra nervios, tiempo y dinero.<\/strong><\/p>\n<p>[\/et_pb_text][\/et_pb_column][\/et_pb_row][\/et_pb_section][et_pb_section fb_built=&#8221;1&#8243; admin_label=&#8221;Testimonials&#8221; _builder_version=&#8221;4.16&#8243; use_background_color_gradient=&#8221;on&#8221; background_color_gradient_stops=&#8221;rgba(0,106,156,0.85) 0%|rgba(0,106,156,0.85) 100%&#8221; background_color_gradient_start=&#8221;rgba(0,106,156,0.85)&#8221; background_color_gradient_end=&#8221;rgba(0,106,156,0.85)&#8221; custom_padding=&#8221;90px||60px|&#8221; animation_style=&#8221;fold&#8221; animation_direction=&#8221;bottom&#8221; animation_intensity_fold=&#8221;4%&#8221; global_colors_info=&#8221;{}&#8221;][et_pb_row _builder_version=&#8221;4.16&#8243; background_size=&#8221;initial&#8221; background_position=&#8221;top_left&#8221; background_repeat=&#8221;repeat&#8221; custom_width_px=&#8221;710px&#8221; locked=&#8221;off&#8221; global_colors_info=&#8221;{}&#8221;][et_pb_column type=&#8221;4_4&#8243; _builder_version=&#8221;4.16&#8243; background_position=&#8221;top_left&#8221; custom_padding=&#8221;|||&#8221; global_colors_info=&#8221;{}&#8221; custom_padding__hover=&#8221;|||&#8221;][et_pb_text admin_label=&#8221;Testimonials Section Title&#8221; _builder_version=&#8221;4.16&#8243; header_font=&#8221;Montserrat||||&#8221; header_font_size=&#8221;36px&#8221; background_size=&#8221;initial&#8221; background_position=&#8221;top_left&#8221; background_repeat=&#8221;repeat&#8221; text_orientation=&#8221;center&#8221; background_layout=&#8221;dark&#8221; max_width=&#8221;710px&#8221; module_alignment=&#8221;center&#8221; animation_style=&#8221;fold&#8221; animation_direction=&#8221;bottom&#8221; animation_intensity_fold=&#8221;20%&#8221; global_colors_info=&#8221;{}&#8221;]<\/p>\n<h1>M\u00e1s de 5000 clientes satisfechos.<\/h1>\n<p>&nbsp;<\/p>\n<p>[\/et_pb_text][et_pb_divider color=&#8221;#ffffff&#8221; divider_weight=&#8221;3px&#8221; disabled_on=&#8221;off|off|off&#8221; _builder_version=&#8221;4.16&#8243; background_color_gradient_direction=&#8221;90deg&#8221; max_width=&#8221;100px&#8221; module_alignment=&#8221;center&#8221; height=&#8221;5px&#8221; custom_margin=&#8221;||20px|&#8221; custom_padding=&#8221;||20px|&#8221; animation_style=&#8221;slide&#8221; animation_direction=&#8221;bottom&#8221; saved_tabs=&#8221;all&#8221; locked=&#8221;off&#8221; global_colors_info=&#8221;{}&#8221;][\/et_pb_divider][\/et_pb_column][\/et_pb_row][et_pb_row column_structure=&#8221;1_2,1_2&#8243; _builder_version=&#8221;4.18.1&#8243; _module_preset=&#8221;default&#8221; global_colors_info=&#8221;{}&#8221;][et_pb_column type=&#8221;1_2&#8243; _builder_version=&#8221;4.18.1&#8243; _module_preset=&#8221;default&#8221; global_colors_info=&#8221;{}&#8221;][et_pb_testimonial author=&#8221;Marco&#8221; portrait_url=&#8221;https:\/\/ag-frisch.com\/wp-content\/uploads\/2021\/08\/Harald.png&#8221; quote_icon=&#8221;off&#8221; _builder_version=&#8221;4.18.1&#8243; _module_preset=&#8221;default&#8221; body_font_size=&#8221;16px&#8221; use_background_color=&#8221;off&#8221; background_layout=&#8221;dark&#8221; global_colors_info=&#8221;{}&#8221;]Encargu\u00e9 a la Agencia Frisch la fabricaci\u00f3n de un gran mueble en China y su posterior traslado a Alemania. La comunicaci\u00f3n por correo fue fluida en todo momento. Las respuestas, muy r\u00e1pidas y fiables, me dieron constantemente las seguridades indispensables en una empresa de este tipo. Me ayudaron en todo momento a atravesar la jungla burocr\u00e1tica y no se me olvid\u00f3 ning\u00fan formulario ni lo rellen\u00e9 incorrectamente. \u00a1Muy loable!<a href=\"&lt;div%20class=%22pe-richsnippets%22&gt;&nbsp;&lt;\/div&gt;%20&lt;script%20type=%22text\/javascript%22%20src=%22https:\/\/www.provenexpert.com\/widget\/richsnippet.js?u=1NUA0VwZ4RUZ5tmAi5zA4RaplNKAlWwZ&amp;v=2%22%20async&gt;&lt;\/script&gt;%20&lt;div%20style=%22text-align:%20justify;%22&gt;&lt;br%20\/&gt;\"><\/a><\/p>\n<div class=\"brow ratingBarMargin\">\n<div class=\"ratingBar\">\n<div class=\"brow\">\n<div class=\"pe-richsnippets\">&nbsp;<\/div>\n<p><script type=\"text\/javascript\" src=\"https:\/\/www.provenexpert.com\/widget\/richsnippet.js?u=1NUA0VwZ4RUZ5tmAi5zA4RaplNKAlWwZ&amp;v=2\" async=\"\"><\/script><\/p>\n<div style=\"text-align: justify;\"><\/p>\n<div class=\"col-lg-9 col-md-8 col-xs-10 mt20 mb20\">\n<div class=\"col-xs-12 surveyNameForRating\"><\/div>\n<\/div>\n<\/div>\n<\/div>\n<\/div>\n<\/div>\n<p>[\/et_pb_testimonial][\/et_pb_column][et_pb_column type=&#8221;1_2&#8243; _builder_version=&#8221;4.18.1&#8243; _module_preset=&#8221;default&#8221; global_colors_info=&#8221;{}&#8221;][et_pb_testimonial author=&#8221;Simone L.&#8221; portrait_url=&#8221;https:\/\/ag-frisch.com\/wp-content\/uploads\/2021\/08\/Harald.png&#8221; quote_icon=&#8221;off&#8221; _builder_version=&#8221;4.18.1&#8243; _module_preset=&#8221;default&#8221; body_font_size=&#8221;16px&#8221; use_background_color=&#8221;off&#8221; background_layout=&#8221;dark&#8221; global_colors_info=&#8221;{}&#8221;]<\/p>\n<p>Todo arriba. No hay nada mejor que esto. El asesoramiento y la aplicaci\u00f3n no pueden hacerse mejor. Estamos m\u00e1s que satisfechos despu\u00e9s de varios pedidos con esta empresa y continuamos nuestra cooperaci\u00f3n.<\/p>\n<div class=\"brow ratingBarMargin\">\n<div class=\"ratingBar\">\n<div class=\"brow\">\n<div class=\"pe-richsnippets\"> <\/div>\n<p>\n<script type=\"text\/javascript\" src=\"https:\/\/www.provenexpert.com\/widget\/richsnippet.js?u=1NUA0VwZ4RUZ5tmAi5zA4RaplNKAlWwZ&amp;v=2\" async=\"\"><\/script>\n<\/p>\n<div style=\"text-align: justify;\">\n<p>&nbsp;<\/p>\n<div class=\"col-lg-9 col-md-8 col-xs-10 mt20 mb20\">\n<div class=\"col-xs-12 surveyNameForRating\"><\/div>\n<\/div>\n<\/div>\n<\/div>\n<\/div>\n<\/div>\n<p>[\/et_pb_testimonial][\/et_pb_column][\/et_pb_row][et_pb_row _builder_version=&#8221;4.16&#8243; background_size=&#8221;initial&#8221; background_position=&#8221;top_left&#8221; background_repeat=&#8221;repeat&#8221; custom_padding=&#8221;50px|0px|30px|0px&#8221; custom_css_main_element=&#8221;text-align: center;&#8221; global_colors_info=&#8221;{}&#8221;][et_pb_column type=&#8221;4_4&#8243; _builder_version=&#8221;4.16&#8243; custom_padding=&#8221;|||&#8221; global_colors_info=&#8221;{}&#8221; custom_padding__hover=&#8221;|||&#8221;][et_pb_button button_url=&#8221;https:\/\/www.provenexpert.com\/de-de\/agentur-frisch-international-consulting-gmbh-und-co-kg\/&#8221; button_text=&#8221;M\u00c1S VALORACIONES&#8221; button_alignment=&#8221;left&#8221; admin_label=&#8221;Testimonial Button&#8221; _builder_version=&#8221;4.16&#8243; custom_button=&#8221;on&#8221; button_text_size=&#8221;18px&#8221; button_text_color=&#8221;#ffffff&#8221; button_bg_color=&#8221;#6eba01&#8243; button_border_width=&#8221;2px&#8221; button_border_color=&#8221;#6eba01&#8243; button_border_radius=&#8221;0px&#8221; button_letter_spacing=&#8221;2px&#8221; button_font=&#8221;Montserrat|||on|&#8221; button_use_icon=&#8221;off&#8221; animation_style=&#8221;fold&#8221; animation_direction=&#8221;bottom&#8221; button_text_color_hover=&#8221;#ffffff&#8221; button_border_color_hover=&#8221;#ffffff&#8221; button_border_radius_hover=&#8221;0px&#8221; button_letter_spacing_hover=&#8221;2px&#8221; button_bg_color_hover=&#8221;rgba(255,255,255,0)&#8221; locked=&#8221;off&#8221; global_colors_info=&#8221;{}&#8221; button_text_size__hover_enabled=&#8221;off&#8221; button_one_text_size__hover_enabled=&#8221;off&#8221; button_two_text_size__hover_enabled=&#8221;off&#8221; button_text_color__hover_enabled=&#8221;on&#8221; button_text_color__hover=&#8221;#ffffff&#8221; button_one_text_color__hover_enabled=&#8221;off&#8221; button_two_text_color__hover_enabled=&#8221;off&#8221; button_border_width__hover_enabled=&#8221;off&#8221; button_one_border_width__hover_enabled=&#8221;off&#8221; button_two_border_width__hover_enabled=&#8221;off&#8221; button_border_color__hover_enabled=&#8221;on&#8221; button_border_color__hover=&#8221;#ffffff&#8221; button_one_border_color__hover_enabled=&#8221;off&#8221; button_two_border_color__hover_enabled=&#8221;off&#8221; button_border_radius__hover_enabled=&#8221;on&#8221; button_border_radius__hover=&#8221;0px&#8221; button_one_border_radius__hover_enabled=&#8221;off&#8221; button_two_border_radius__hover_enabled=&#8221;off&#8221; button_letter_spacing__hover_enabled=&#8221;on&#8221; button_letter_spacing__hover=&#8221;2px&#8221; button_one_letter_spacing__hover_enabled=&#8221;off&#8221; button_two_letter_spacing__hover_enabled=&#8221;off&#8221; button_bg_color__hover_enabled=&#8221;on&#8221; button_bg_color__hover=&#8221;rgba(255,255,255,0)&#8221; button_one_bg_color__hover_enabled=&#8221;off&#8221; button_two_bg_color__hover_enabled=&#8221;off&#8221;][\/et_pb_button][\/et_pb_column][\/et_pb_row][\/et_pb_section]<\/p>\n","protected":false},"excerpt":{"rendered":"<p>Con el asesoramiento de la Agencia de Importaci\u00f3n China Frisch, conseguir\u00e1 hacer negocios con China como si lo hicieran profesionales. China importa suministros agr\u00edcolas y de jardiner\u00eda Cortac\u00e9spedes, barbacoas y mucho m\u00e1s: suministros de jardiner\u00eda de China Casi nada es tan sagrado para el alem\u00e1n como su hermoso jard\u00edn. En consecuencia, los productos de este [&hellip;]<\/p>\n","protected":false},"author":2,"featured_media":0,"parent":0,"menu_order":0,"comment_status":"closed","ping_status":"closed","template":"","meta":{"_et_pb_use_builder":"on","_et_pb_old_content":"","_et_gb_content_width":"","footnotes":""},"class_list":["post-11969","page","type-page","status-publish","hentry"],"yoast_head":"<!-- This site is optimized with the Yoast SEO plugin v27.4 - https:\/\/yoast.com\/product\/yoast-seo-wordpress\/ -->\n<title>Suministros de jardiner\u00eda de China | Importaci\u00f3n de suministros agr\u00edcolas<\/title>\n<meta name=\"description\" content=\"Suministros de jardiner\u00eda y barbacoa de China \u2714 Importaci\u00f3n de China de suministros agr\u00edcolas \u2714 Cortadoras de c\u00e9sped \u2714 Cercas \u2714 Terrazas \u25ba \u00a1Ases\u00f3rate ahora!\" \/>\n<meta name=\"robots\" content=\"index, follow, max-snippet:-1, max-image-preview:large, max-video-preview:-1\" \/>\n<link rel=\"canonical\" href=\"https:\/\/ag-frisch.com\/es\/suministros-de-jardineria-procedentes-de-china\/\" \/>\n<meta property=\"og:locale\" content=\"es_ES\" \/>\n<meta property=\"og:type\" content=\"article\" \/>\n<meta property=\"og:title\" content=\"Suministros de jardiner\u00eda de China | Importaci\u00f3n de suministros agr\u00edcolas\" \/>\n<meta property=\"og:description\" content=\"Suministros de jardiner\u00eda y barbacoa de China \u2714 Importaci\u00f3n de China de suministros agr\u00edcolas \u2714 Cortadoras de c\u00e9sped \u2714 Cercas \u2714 Terrazas \u25ba \u00a1Ases\u00f3rate ahora!\" \/>\n<meta property=\"og:url\" content=\"https:\/\/ag-frisch.com\/es\/suministros-de-jardineria-procedentes-de-china\/\" \/>\n<meta property=\"og:site_name\" content=\"China Import Beratung f\u00fcr den Einkauf aus China\" \/>\n<meta property=\"article:publisher\" content=\"https:\/\/www.facebook.com\/China.Import\" \/>\n<meta property=\"article:modified_time\" content=\"2023-01-27T04:41:48+00:00\" \/>\n<meta name=\"twitter:card\" content=\"summary_large_image\" \/>\n<meta name=\"twitter:site\" content=\"@agenturfrisch\" \/>\n<meta name=\"twitter:label1\" content=\"Tiempo de lectura\" \/>\n\t<meta name=\"twitter:data1\" content=\"8 minutos\" \/>\n<script type=\"application\/ld+json\" class=\"yoast-schema-graph\">{\"@context\":\"https:\\\/\\\/schema.org\",\"@graph\":[{\"@type\":\"WebPage\",\"@id\":\"https:\\\/\\\/ag-frisch.com\\\/es\\\/suministros-de-jardineria-procedentes-de-china\\\/\",\"url\":\"https:\\\/\\\/ag-frisch.com\\\/es\\\/suministros-de-jardineria-procedentes-de-china\\\/\",\"name\":\"Suministros de jardiner\u00eda de China | Importaci\u00f3n de suministros agr\u00edcolas\",\"isPartOf\":{\"@id\":\"https:\\\/\\\/ag-frisch.com\\\/de\\\/#website\"},\"datePublished\":\"2022-05-09T21:15:03+00:00\",\"dateModified\":\"2023-01-27T04:41:48+00:00\",\"description\":\"Suministros de jardiner\u00eda y barbacoa de China \u2714 Importaci\u00f3n de China de suministros agr\u00edcolas \u2714 Cortadoras de c\u00e9sped \u2714 Cercas \u2714 Terrazas \u25ba \u00a1Ases\u00f3rate ahora!\",\"breadcrumb\":{\"@id\":\"https:\\\/\\\/ag-frisch.com\\\/es\\\/suministros-de-jardineria-procedentes-de-china\\\/#breadcrumb\"},\"inLanguage\":\"es\",\"potentialAction\":[{\"@type\":\"ReadAction\",\"target\":[\"https:\\\/\\\/ag-frisch.com\\\/es\\\/suministros-de-jardineria-procedentes-de-china\\\/\"]}]},{\"@type\":\"BreadcrumbList\",\"@id\":\"https:\\\/\\\/ag-frisch.com\\\/es\\\/suministros-de-jardineria-procedentes-de-china\\\/#breadcrumb\",\"itemListElement\":[{\"@type\":\"ListItem\",\"position\":1,\"name\":\"Startseite\",\"item\":\"https:\\\/\\\/ag-frisch.com\\\/de\\\/\"},{\"@type\":\"ListItem\",\"position\":2,\"name\":\"Suministros de jardiner\u00eda procedentes de China\"}]},{\"@type\":\"WebSite\",\"@id\":\"https:\\\/\\\/ag-frisch.com\\\/de\\\/#website\",\"url\":\"https:\\\/\\\/ag-frisch.com\\\/de\\\/\",\"name\":\"China Import Beratung f\u00fcr den Einkauf aus China\",\"description\":\"China Import &amp; Export Beratung - Der Dienstleister Ihres Vertrauens f\u00fcr Ihren China Import\",\"publisher\":{\"@id\":\"https:\\\/\\\/ag-frisch.com\\\/de\\\/#organization\"},\"potentialAction\":[{\"@type\":\"SearchAction\",\"target\":{\"@type\":\"EntryPoint\",\"urlTemplate\":\"https:\\\/\\\/ag-frisch.com\\\/de\\\/?s={search_term_string}\"},\"query-input\":{\"@type\":\"PropertyValueSpecification\",\"valueRequired\":true,\"valueName\":\"search_term_string\"}}],\"inLanguage\":\"es\"},{\"@type\":\"Organization\",\"@id\":\"https:\\\/\\\/ag-frisch.com\\\/de\\\/#organization\",\"name\":\"Agentur Frisch International Consulting GmbH & Co. KG\",\"url\":\"https:\\\/\\\/ag-frisch.com\\\/de\\\/\",\"logo\":{\"@type\":\"ImageObject\",\"inLanguage\":\"es\",\"@id\":\"https:\\\/\\\/ag-frisch.com\\\/de\\\/#\\\/schema\\\/logo\\\/image\\\/\",\"url\":\"https:\\\/\\\/ag-frisch.com\\\/wp-content\\\/uploads\\\/2021\\\/08\\\/ag_logo_rgb_300_small.png\",\"contentUrl\":\"https:\\\/\\\/ag-frisch.com\\\/wp-content\\\/uploads\\\/2021\\\/08\\\/ag_logo_rgb_300_small.png\",\"width\":153,\"height\":102,\"caption\":\"Agentur Frisch International Consulting GmbH & Co. KG\"},\"image\":{\"@id\":\"https:\\\/\\\/ag-frisch.com\\\/de\\\/#\\\/schema\\\/logo\\\/image\\\/\"},\"sameAs\":[\"https:\\\/\\\/www.facebook.com\\\/China.Import\",\"https:\\\/\\\/x.com\\\/agenturfrisch\"]}]}<\/script>\n<!-- \/ Yoast SEO plugin. -->","yoast_head_json":{"title":"Suministros de jardiner\u00eda de China | Importaci\u00f3n de suministros agr\u00edcolas","description":"Suministros de jardiner\u00eda y barbacoa de China \u2714 Importaci\u00f3n de China de suministros agr\u00edcolas \u2714 Cortadoras de c\u00e9sped \u2714 Cercas \u2714 Terrazas \u25ba \u00a1Ases\u00f3rate ahora!","robots":{"index":"index","follow":"follow","max-snippet":"max-snippet:-1","max-image-preview":"max-image-preview:large","max-video-preview":"max-video-preview:-1"},"canonical":"https:\/\/ag-frisch.com\/es\/suministros-de-jardineria-procedentes-de-china\/","og_locale":"es_ES","og_type":"article","og_title":"Suministros de jardiner\u00eda de China | Importaci\u00f3n de suministros agr\u00edcolas","og_description":"Suministros de jardiner\u00eda y barbacoa de China \u2714 Importaci\u00f3n de China de suministros agr\u00edcolas \u2714 Cortadoras de c\u00e9sped \u2714 Cercas \u2714 Terrazas \u25ba \u00a1Ases\u00f3rate ahora!","og_url":"https:\/\/ag-frisch.com\/es\/suministros-de-jardineria-procedentes-de-china\/","og_site_name":"China Import Beratung f\u00fcr den Einkauf aus China","article_publisher":"https:\/\/www.facebook.com\/China.Import","article_modified_time":"2023-01-27T04:41:48+00:00","twitter_card":"summary_large_image","twitter_site":"@agenturfrisch","twitter_misc":{"Tiempo de lectura":"8 minutos"},"schema":{"@context":"https:\/\/schema.org","@graph":[{"@type":"WebPage","@id":"https:\/\/ag-frisch.com\/es\/suministros-de-jardineria-procedentes-de-china\/","url":"https:\/\/ag-frisch.com\/es\/suministros-de-jardineria-procedentes-de-china\/","name":"Suministros de jardiner\u00eda de China | Importaci\u00f3n de suministros agr\u00edcolas","isPartOf":{"@id":"https:\/\/ag-frisch.com\/de\/#website"},"datePublished":"2022-05-09T21:15:03+00:00","dateModified":"2023-01-27T04:41:48+00:00","description":"Suministros de jardiner\u00eda y barbacoa de China \u2714 Importaci\u00f3n de China de suministros agr\u00edcolas \u2714 Cortadoras de c\u00e9sped \u2714 Cercas \u2714 Terrazas \u25ba \u00a1Ases\u00f3rate ahora!","breadcrumb":{"@id":"https:\/\/ag-frisch.com\/es\/suministros-de-jardineria-procedentes-de-china\/#breadcrumb"},"inLanguage":"es","potentialAction":[{"@type":"ReadAction","target":["https:\/\/ag-frisch.com\/es\/suministros-de-jardineria-procedentes-de-china\/"]}]},{"@type":"BreadcrumbList","@id":"https:\/\/ag-frisch.com\/es\/suministros-de-jardineria-procedentes-de-china\/#breadcrumb","itemListElement":[{"@type":"ListItem","position":1,"name":"Startseite","item":"https:\/\/ag-frisch.com\/de\/"},{"@type":"ListItem","position":2,"name":"Suministros de jardiner\u00eda procedentes de China"}]},{"@type":"WebSite","@id":"https:\/\/ag-frisch.com\/de\/#website","url":"https:\/\/ag-frisch.com\/de\/","name":"China Import Beratung f\u00fcr den Einkauf aus China","description":"China Import &amp; Export Beratung - Der Dienstleister Ihres Vertrauens f\u00fcr Ihren China Import","publisher":{"@id":"https:\/\/ag-frisch.com\/de\/#organization"},"potentialAction":[{"@type":"SearchAction","target":{"@type":"EntryPoint","urlTemplate":"https:\/\/ag-frisch.com\/de\/?s={search_term_string}"},"query-input":{"@type":"PropertyValueSpecification","valueRequired":true,"valueName":"search_term_string"}}],"inLanguage":"es"},{"@type":"Organization","@id":"https:\/\/ag-frisch.com\/de\/#organization","name":"Agentur Frisch International Consulting GmbH & Co. KG","url":"https:\/\/ag-frisch.com\/de\/","logo":{"@type":"ImageObject","inLanguage":"es","@id":"https:\/\/ag-frisch.com\/de\/#\/schema\/logo\/image\/","url":"https:\/\/ag-frisch.com\/wp-content\/uploads\/2021\/08\/ag_logo_rgb_300_small.png","contentUrl":"https:\/\/ag-frisch.com\/wp-content\/uploads\/2021\/08\/ag_logo_rgb_300_small.png","width":153,"height":102,"caption":"Agentur Frisch International Consulting GmbH & Co. KG"},"image":{"@id":"https:\/\/ag-frisch.com\/de\/#\/schema\/logo\/image\/"},"sameAs":["https:\/\/www.facebook.com\/China.Import","https:\/\/x.com\/agenturfrisch"]}]}},"_links":{"self":[{"href":"https:\/\/ag-frisch.com\/es\/wp-json\/wp\/v2\/pages\/11969","targetHints":{"allow":["GET"]}}],"collection":[{"href":"https:\/\/ag-frisch.com\/es\/wp-json\/wp\/v2\/pages"}],"about":[{"href":"https:\/\/ag-frisch.com\/es\/wp-json\/wp\/v2\/types\/page"}],"author":[{"embeddable":true,"href":"https:\/\/ag-frisch.com\/es\/wp-json\/wp\/v2\/users\/2"}],"replies":[{"embeddable":true,"href":"https:\/\/ag-frisch.com\/es\/wp-json\/wp\/v2\/comments?post=11969"}],"version-history":[{"count":0,"href":"https:\/\/ag-frisch.com\/es\/wp-json\/wp\/v2\/pages\/11969\/revisions"}],"wp:attachment":[{"href":"https:\/\/ag-frisch.com\/es\/wp-json\/wp\/v2\/media?parent=11969"}],"curies":[{"name":"wp","href":"https:\/\/api.w.org\/{rel}","templated":true}]}}