{"id":11977,"date":"2022-04-28T13:52:33","date_gmt":"2022-04-28T11:52:33","guid":{"rendered":"https:\/\/ag-frisch.com\/arte-y-antigueedades\/"},"modified":"2023-01-27T05:41:17","modified_gmt":"2023-01-27T04:41:17","slug":"arte-y-antigueedades","status":"publish","type":"page","link":"https:\/\/ag-frisch.com\/es\/arte-y-antigueedades\/","title":{"rendered":"Arte y antig\u00fcedades"},"content":{"rendered":"<p>[et_pb_section fb_built=&#8221;1&#8243; _builder_version=&#8221;4.16&#8243; _module_preset=&#8221;default&#8221; global_colors_info=&#8221;{}&#8221;][et_pb_row _builder_version=&#8221;4.18.1&#8243; _module_preset=&#8221;default&#8221; global_colors_info=&#8221;{}&#8221;][et_pb_column type=&#8221;4_4&#8243; _builder_version=&#8221;4.18.1&#8243; _module_preset=&#8221;default&#8221; global_colors_info=&#8221;{}&#8221;][et_pb_cta title=&#8221;Kunst und Antiqutit\u00e4ten (Repliken\/ Nachbildungen) aus China importieren&#8221; button_url=&#8221;\/kontakt\/&#8221; button_text=&#8221;Jetzt Profis zum Import beauftragen&#8221; _builder_version=&#8221;4.18.1&#8243; _module_preset=&#8221;default&#8221; global_colors_info=&#8221;{}&#8221;]<\/p>\n<p>Wir unterst\u00fctzen Sie beim Import von Nachbildungen von Kunstgegenst\u00e4nden oder Ziergegenst\u00e4nden aus China. Wir sind dabei Ihr Partner von der Lieferantensuche \u00fcber Vertragsverhandlung und Konformit\u00e4tsverfahren \u00fcber Poduktion und Qualit\u00e4tssicherung bis zur Logistik und Anlieferung in Lager des K\u00e4ufers.\u00a0<\/p>\n<p>[\/et_pb_cta][\/et_pb_column][\/et_pb_row][et_pb_row _builder_version=&#8221;4.16&#8243; _module_preset=&#8221;default&#8221; global_colors_info=&#8221;{}&#8221;][et_pb_column type=&#8221;4_4&#8243; _builder_version=&#8221;4.16&#8243; _module_preset=&#8221;default&#8221; global_colors_info=&#8221;{}&#8221;][et_pb_text _builder_version=&#8221;4.18.1&#8243; _module_preset=&#8221;default&#8221; hover_enabled=&#8221;0&#8243; global_colors_info=&#8221;{}&#8221; sticky_enabled=&#8221;0&#8243;]<\/p>\n<h1>Antiquit\u00e4ten und Kunstwerke aus China importieren<\/h1>\n<h2>Kunst- und Antiquit\u00e4ten (Repliken und Nachbildungen)<\/h2>\n<p><strong>Import von Kunstartikeln aus China<\/strong><\/p>\n<p>Chinesische Reproduktionen von Kunstartikeln k\u00f6nnen au\u00dfergew\u00f6hnlich hochwertig und wundersch\u00f6n sein: Man muss nur wissen, von wem man kaufen muss. Die Agentur Frisch bietet Ihnen die richtigen Connections, um an sch\u00f6ne St\u00fccke von bester Qualit\u00e4t zu kommen \u2013 zu unschlagbar niedrigen Preisen, versteht sich. Egal, ob Sie Einzelunternehmer sind, der eine begrenzte St\u00fcckzahl importieren will, oder Gro\u00dfh\u00e4ndler mit hohem Bedarf, wir k\u00fcmmern uns um Ihren Import von Kunstartikeln, sowie den Import von Nachbildungen von Antiquit\u00e4ten aus China.<\/p>\n<p>&nbsp;<\/p>\n<p><strong>Feinste Qualit\u00e4t zu geringen Preisen: Kunstwerke und Antiquit\u00e4ten aus China<\/strong><\/p>\n<p>Wir versorgen Sie mit Produkten von hoher Qualit\u00e4t zu kleinen Preisen, das gilt auch f\u00fcr den Bereich der Kunstwerke und Antiquit\u00e4ten-Nachbildungen aus China. Unsere hauseigene Qualit\u00e4tssicherung sorgt daf\u00fcr, dass Sie keine unangenehmen \u00dcberraschungen erleben bei Ihrem China-Import. Sie sollen von Ihrem Einkauf in China genauso \u00fcberzeugt sein wie wir \u2013 daf\u00fcr stehen wir mit unserem guten Namen. Die Agentur Frisch verf\u00fcgt \u00fcber die langj\u00e4hrige Expertise und das Netzwerk, das notwendig ist, um die richtigen Lieferanten f\u00fcr spezielle Waren wie Kunstartikel und Nachbildungen von Antiquit\u00e4ten aus China zu w\u00e4hlen.<\/p>\n<p>&nbsp;<\/p>\n<p><strong>Originale und Repliken \u2013 Kunstwerke importieren aus China<\/strong><\/p>\n<p>Die chinesische Kunst hat eine jahrtausendelange Tradition. Pr\u00e4zision und Sorgfalt kennzeichnen die Arbeit der K\u00fcnstler in China. Da nimmt es kein Wunder, dass hier die besten Repliken von Malereien und Gem\u00e4lden hergestellt werden, die auf dem Markt erh\u00e4ltlich sind. Alte Meister aus den Niederlanden wie Rembrandt, Bruegel oder van Gogh, oder die Kunst italienischer Maler wie Michelangelo, Botticelli oder Raffael, um nur einige zu nennen \u2013 sie alle werden in w\u00fcrdevoller Pr\u00e4zisionsarbeit von exakten Vorlagen kopiert, die so entstandenen Gem\u00e4lde k\u00f6nnen als Kunstartikel direkt aus China nach Deutschland importiert werden.<\/p>\n<p>Doch auch die eigene traditionelle und moderne Kunst aus China hat einiges zu bieten und ist f\u00fcr den deutschen Markt als China-Import zu erschlie\u00dfen. Sprechen Sie uns an und wir beraten Sie auf Wunsch zu Auswahl und M\u00f6glichkeiten des Imports von Kunstartikeln!<\/p>\n<p>&nbsp;<\/p>\n<p><strong>Traumhafte Nachbildungen von Antiquit\u00e4ten<\/strong><\/p>\n<p>Die Ohrensessel von Louis XVI, ein Himmelbett aus dem Barock oder eine mittelalterliche Truhe \u2013 im Original sind diese Objekte kaum erschwinglich. Viele Kunden greifen daher auf Nachbildungen von Antiquit\u00e4ten zur\u00fcck. L\u00e4ngst hat sich auch der chinesische Markt darauf spezialisiert und bietet \u00fcberzeugende Nachbildungen von Antiquit\u00e4ten f\u00fcr den China-Import an. \u00a0<\/p>\n<p>Weitere antiquarische Replika, die Sie \u00fcber die Agentur Frisch direkt aus China importieren k\u00f6nnen, sind zum Beispiel:<\/p>\n<ul>\n<li>Antike Gl\u00e4ser und Kristalle<\/li>\n<li>Historische Baustoffe und Baumaterialien<\/li>\n<li>Porzellan und Keramik<\/li>\n<li>Teppiche und Kn\u00fcpfereien<\/li>\n<li>Statuen und Skulpturen<\/li>\n<li>Altert\u00fcmliche Kleidung und Gewebe<\/li>\n<li>M\u00f6bel<\/li>\n<li>Antiker Schmuck<\/li>\n<li>Musikinstrumente<\/li>\n<li>u.v.m.<\/li>\n<\/ul>\n<p>&nbsp;<\/p>\n<p><strong>Kunstwerke aus China importieren f\u00fcr Einzelh\u00e4ndler, Gro\u00dfh\u00e4ndler und Antiquariate<\/strong><\/p>\n<p>Wir bieten den direkten Import von Kunstartikeln und Antiquit\u00e4ten-Nachbildungen aus China in unterschiedlichen St\u00fcckzahlen und Qualit\u00e4tsklassen. Sprechen Sie uns an und wir analysieren gemeinsam das f\u00fcr Sie optimale Vorgehen. In jedem Fall profitieren Sie von unserer weitreichenden Erfahrung, unserem Know-how und unserer gepr\u00fcften Zuverl\u00e4ssigkeit.<\/p>\n<p>Die Agentur Frisch ist ein Full-Service-Dienstleister, der Ihnen jede Leistung rund um Ihren China-Import aus einer Hand bieten kann. Von den Vertragsverhandlungen in China \u00fcber die Bestellung von Erstmustern und Prototypen, die Produktionskontrolle und die Qualit\u00e4tssicherung, bis hin zur Transportlogistik, der Zollabwicklung und letztlich der Lagerung oder dem Fulfillment in Deutschland realisieren wir jeden Schritt Ihres Direktimports aus China.<\/p>\n<p>&nbsp;<\/p>\n<p>Als originalgetreue Nachbildungen oder als Repliken, das erhalten Sie bei der Agentur Frisch als China-Import direkt vom Produzenten: Erinnerungen aus alten Berufen, antiker Schmuck, antiquarische B\u00fccher, Kunst direkt von K\u00fcnstlern, antike Gl\u00e4ser oder Kristalle, Handmalereien oder Handzeichnungen, altert\u00fcmliche Grafiken, historische Baustoffe oder Baumaterialien, internationale Kunst oder Antiquariate, altert\u00fcmliche Kleidung oder Gewebe, Malereien und Gem\u00e4lde, antiquarische M\u00f6bel und Einrichtungsgegenst\u00e4nde, Technik und Instrumente, Porzellan und Keramik, Teppiche und Kn\u00fcpfereien, antikes Spielzeug, antike Fotografien oder Fotocollagen, Grafiken sowie Drucke, antike Haushaltsger\u00e4te, k\u00fcnstlerische Holz- und Schnitzarbeiten, K\u00fcnstlerbedarf, Metallarbeiten, antike Musikinstrumente, Skulpturen.<\/p>\n<p>[\/et_pb_text][\/et_pb_column][\/et_pb_row][\/et_pb_section][et_pb_section fb_built=&#8221;1&#8243; admin_label=&#8221;Testimonials&#8221; _builder_version=&#8221;4.16&#8243; use_background_color_gradient=&#8221;on&#8221; background_color_gradient_stops=&#8221;rgba(0,106,156,0.85) 0%|rgba(0,106,156,0.85) 100%&#8221; background_color_gradient_start=&#8221;rgba(0,106,156,0.85)&#8221; background_color_gradient_end=&#8221;rgba(0,106,156,0.85)&#8221; custom_padding=&#8221;90px||60px|&#8221; animation_style=&#8221;fold&#8221; animation_direction=&#8221;bottom&#8221; animation_intensity_fold=&#8221;4%&#8221; global_colors_info=&#8221;{}&#8221;][et_pb_row _builder_version=&#8221;4.16&#8243; background_size=&#8221;initial&#8221; background_position=&#8221;top_left&#8221; background_repeat=&#8221;repeat&#8221; custom_width_px=&#8221;710px&#8221; locked=&#8221;off&#8221; global_colors_info=&#8221;{}&#8221;][et_pb_column type=&#8221;4_4&#8243; _builder_version=&#8221;4.16&#8243; background_position=&#8221;top_left&#8221; custom_padding=&#8221;|||&#8221; global_colors_info=&#8221;{}&#8221; custom_padding__hover=&#8221;|||&#8221;][et_pb_text admin_label=&#8221;Testimonials Section Title&#8221; _builder_version=&#8221;4.16&#8243; header_font=&#8221;Montserrat||||&#8221; header_font_size=&#8221;36px&#8221; background_size=&#8221;initial&#8221; background_position=&#8221;top_left&#8221; background_repeat=&#8221;repeat&#8221; text_orientation=&#8221;center&#8221; background_layout=&#8221;dark&#8221; max_width=&#8221;710px&#8221; module_alignment=&#8221;center&#8221; animation_style=&#8221;fold&#8221; animation_direction=&#8221;bottom&#8221; animation_intensity_fold=&#8221;20%&#8221; global_colors_info=&#8221;{}&#8221;]<\/p>\n<h1>\u00dcber 5000 zufriedene Kunden.<\/h1>\n<p>&nbsp;<\/p>\n<p>[\/et_pb_text][et_pb_divider color=&#8221;#ffffff&#8221; divider_weight=&#8221;3px&#8221; disabled_on=&#8221;off|off|off&#8221; _builder_version=&#8221;4.16&#8243; background_color_gradient_direction=&#8221;90deg&#8221; max_width=&#8221;100px&#8221; module_alignment=&#8221;center&#8221; height=&#8221;5px&#8221; custom_margin=&#8221;||20px|&#8221; custom_padding=&#8221;||20px|&#8221; animation_style=&#8221;slide&#8221; animation_direction=&#8221;bottom&#8221; saved_tabs=&#8221;all&#8221; locked=&#8221;off&#8221; global_colors_info=&#8221;{}&#8221;][\/et_pb_divider][\/et_pb_column][\/et_pb_row][et_pb_row column_structure=&#8221;1_2,1_2&#8243; _builder_version=&#8221;4.18.1&#8243; _module_preset=&#8221;default&#8221; global_colors_info=&#8221;{}&#8221;][et_pb_column type=&#8221;1_2&#8243; _builder_version=&#8221;4.18.1&#8243; _module_preset=&#8221;default&#8221; global_colors_info=&#8221;{}&#8221;][et_pb_testimonial author=&#8221;Marco&#8221; portrait_url=&#8221;https:\/\/ag-frisch.com\/wp-content\/uploads\/2021\/08\/Harald.png&#8221; quote_icon=&#8221;off&#8221; _builder_version=&#8221;4.18.1&#8243; _module_preset=&#8221;default&#8221; body_font_size=&#8221;16px&#8221; use_background_color=&#8221;off&#8221; background_layout=&#8221;dark&#8221; global_colors_info=&#8221;{}&#8221;]Ich habe die Agentur Frisch beauftragt ein gr\u00f6\u00dferes M\u00f6belst\u00fcck in China produzieren zu lassen um es dann folglich nach Deutschland zu \u00fcberf\u00fchren. Per Mail erfolgte die ganze Zeit \u00fcber eine reibungslose Kommunikation! Sehr schnelle und zuverl\u00e4ssige Antworten vermittelten mir st\u00e4ndig die Sicherheiten, die bei so einen Unterfangen unerl\u00e4sslich sind. Jederzeit wurde mir durch den B\u00fcrokratiedschungel geholfen und dabei wurden keine Formulare vergessen oder falsch ausgef\u00fcllt. Sehr lobenswert!<a href=\"&lt;div class=&quot;pe-richsnippets&quot;&gt;&amp;nbsp;&lt;\/div&gt; &lt;script type=&quot;text\/javascript&quot; src=&quot;https:\/\/www.provenexpert.com\/widget\/richsnippet.js?u=1NUA0VwZ4RUZ5tmAi5zA4RaplNKAlWwZ&amp;v=2&quot; async&gt;&lt;\/script&gt; &lt;div style=&quot;text-align: justify;&quot;&gt;&lt;br \/&gt;\"><\/a><\/p>\n<div class=\"brow ratingBarMargin\">\n<div class=\"ratingBar\">\n<div class=\"brow\">\n<div class=\"pe-richsnippets\">&nbsp;<\/div>\n<p><script type=\"text\/javascript\" src=\"https:\/\/www.provenexpert.com\/widget\/richsnippet.js?u=1NUA0VwZ4RUZ5tmAi5zA4RaplNKAlWwZ&#038;v=2\" async><\/script><\/p>\n<div style=\"text-align: justify;\">\n<div class=\"col-lg-9 col-md-8 col-xs-10 mt20 mb20\">\n<div class=\"col-xs-12 surveyNameForRating\"><\/div>\n<\/div>\n<\/div>\n<\/div>\n<\/div>\n<\/div>\n<p>[\/et_pb_testimonial][\/et_pb_column][et_pb_column type=&#8221;1_2&#8243; _builder_version=&#8221;4.18.1&#8243; _module_preset=&#8221;default&#8221; global_colors_info=&#8221;{}&#8221;][et_pb_testimonial author=&#8221;Simone L.&#8221; portrait_url=&#8221;https:\/\/ag-frisch.com\/wp-content\/uploads\/2021\/08\/Harald.png&#8221; quote_icon=&#8221;off&#8221; _builder_version=&#8221;4.18.1&#8243; _module_preset=&#8221;default&#8221; body_font_size=&#8221;16px&#8221; use_background_color=&#8221;off&#8221; background_layout=&#8221;dark&#8221; global_colors_info=&#8221;{}&#8221;]<\/p>\n<p>Alles Top. Besser geht nicht. Beratung und Durchf\u00fchrung kann man nicht besser machen. Wir sind nach mehreren Bestellungen bei diesem Unternehmen mehr als zufrieden und setzen die Zusammenarbeit fort.<\/p>\n<div class=\"brow ratingBarMargin\">\n<div class=\"ratingBar\">\n<div class=\"brow\">\n<div class=\"pe-richsnippets\">\u00a0<\/div>\n<p>\n<script type=\"text\/javascript\" src=\"https:\/\/www.provenexpert.com\/widget\/richsnippet.js?u=1NUA0VwZ4RUZ5tmAi5zA4RaplNKAlWwZ&amp;v=2\" async=\"\"><\/script>\n<\/p>\n<div style=\"text-align: justify;\">\n<p>&nbsp;<\/p>\n<div class=\"col-lg-9 col-md-8 col-xs-10 mt20 mb20\">\n<div class=\"col-xs-12 surveyNameForRating\"><\/div>\n<\/div>\n<\/div>\n<\/div>\n<\/div>\n<\/div>\n<p>[\/et_pb_testimonial][\/et_pb_column][\/et_pb_row][et_pb_row _builder_version=&#8221;4.16&#8243; background_size=&#8221;initial&#8221; background_position=&#8221;top_left&#8221; background_repeat=&#8221;repeat&#8221; custom_padding=&#8221;50px|0px|30px|0px&#8221; custom_css_main_element=&#8221;text-align: center;&#8221; global_colors_info=&#8221;{}&#8221;][et_pb_column type=&#8221;4_4&#8243; _builder_version=&#8221;4.16&#8243; custom_padding=&#8221;|||&#8221; global_colors_info=&#8221;{}&#8221; custom_padding__hover=&#8221;|||&#8221;][et_pb_button button_url=&#8221;https:\/\/www.provenexpert.com\/de-de\/agentur-frisch-international-consulting-gmbh-und-co-kg\/&#8221; button_text=&#8221;MEHR BEWERTUNGEN&#8221; button_alignment=&#8221;left&#8221; admin_label=&#8221;Testimonial Button&#8221; _builder_version=&#8221;4.16&#8243; custom_button=&#8221;on&#8221; button_text_size=&#8221;18px&#8221; button_text_color=&#8221;#ffffff&#8221; button_bg_color=&#8221;#6eba01&#8243; button_border_width=&#8221;2px&#8221; button_border_color=&#8221;#6eba01&#8243; button_border_radius=&#8221;0px&#8221; button_letter_spacing=&#8221;2px&#8221; button_font=&#8221;Montserrat|||on|&#8221; button_use_icon=&#8221;off&#8221; animation_style=&#8221;fold&#8221; animation_direction=&#8221;bottom&#8221; button_text_color_hover=&#8221;#ffffff&#8221; button_border_color_hover=&#8221;#ffffff&#8221; button_border_radius_hover=&#8221;0px&#8221; button_letter_spacing_hover=&#8221;2px&#8221; button_bg_color_hover=&#8221;rgba(255,255,255,0)&#8221; locked=&#8221;off&#8221; global_colors_info=&#8221;{}&#8221; button_text_size__hover_enabled=&#8221;off&#8221; button_one_text_size__hover_enabled=&#8221;off&#8221; button_two_text_size__hover_enabled=&#8221;off&#8221; button_text_color__hover_enabled=&#8221;on&#8221; button_text_color__hover=&#8221;#ffffff&#8221; button_one_text_color__hover_enabled=&#8221;off&#8221; button_two_text_color__hover_enabled=&#8221;off&#8221; button_border_width__hover_enabled=&#8221;off&#8221; button_one_border_width__hover_enabled=&#8221;off&#8221; button_two_border_width__hover_enabled=&#8221;off&#8221; button_border_color__hover_enabled=&#8221;on&#8221; button_border_color__hover=&#8221;#ffffff&#8221; button_one_border_color__hover_enabled=&#8221;off&#8221; button_two_border_color__hover_enabled=&#8221;off&#8221; button_border_radius__hover_enabled=&#8221;on&#8221; button_border_radius__hover=&#8221;0px&#8221; button_one_border_radius__hover_enabled=&#8221;off&#8221; button_two_border_radius__hover_enabled=&#8221;off&#8221; button_letter_spacing__hover_enabled=&#8221;on&#8221; button_letter_spacing__hover=&#8221;2px&#8221; button_one_letter_spacing__hover_enabled=&#8221;off&#8221; button_two_letter_spacing__hover_enabled=&#8221;off&#8221; button_bg_color__hover_enabled=&#8221;on&#8221; button_bg_color__hover=&#8221;rgba(255,255,255,0)&#8221; button_one_bg_color__hover_enabled=&#8221;off&#8221; button_two_bg_color__hover_enabled=&#8221;off&#8221;][\/et_pb_button][\/et_pb_column][\/et_pb_row][\/et_pb_section]<\/p>\n","protected":false},"excerpt":{"rendered":"<p>Wir unterst\u00fctzen Sie beim Import von Nachbildungen von Kunstgegenst\u00e4nden oder Ziergegenst\u00e4nden aus China. Wir sind dabei Ihr Partner von der Lieferantensuche \u00fcber Vertragsverhandlung und Konformit\u00e4tsverfahren \u00fcber Poduktion und Qualit\u00e4tssicherung bis zur Logistik und Anlieferung in Lager des K\u00e4ufers.\u00a0 Antiquit\u00e4ten und Kunstwerke aus China importieren Kunst- und Antiquit\u00e4ten (Repliken und Nachbildungen) Import von Kunstartikeln aus China [&hellip;]<\/p>\n","protected":false},"author":2,"featured_media":0,"parent":0,"menu_order":0,"comment_status":"closed","ping_status":"closed","template":"","meta":{"_et_pb_use_builder":"on","_et_pb_old_content":"","_et_gb_content_width":"","footnotes":""},"class_list":["post-11977","page","type-page","status-publish","hentry"],"yoast_head":"<!-- This site is optimized with the Yoast SEO plugin v27.2 - https:\/\/yoast.com\/product\/yoast-seo-wordpress\/ -->\n<title>Antig\u00fcedades de China | China-Importaci\u00f3n de obras de arte<\/title>\n<meta name=\"description\" content=\"Importar arte y antig\u00fcedades de China \u25ba Muchas r\u00e9plicas y r\u00e9plicas de China \u2714 Obras de arte \u2714 Porcelana \u2714 Joyas \u25ba \u00a1Ases\u00f3rate ahora!\" \/>\n<meta name=\"robots\" content=\"index, follow, max-snippet:-1, max-image-preview:large, max-video-preview:-1\" \/>\n<link rel=\"canonical\" href=\"https:\/\/ag-frisch.com\/es\/arte-y-antigueedades\/\" \/>\n<meta property=\"og:locale\" content=\"es_ES\" \/>\n<meta property=\"og:type\" content=\"article\" \/>\n<meta property=\"og:title\" content=\"Antig\u00fcedades de China | China-Importaci\u00f3n de obras de arte\" \/>\n<meta property=\"og:description\" content=\"Importar arte y antig\u00fcedades de China \u25ba Muchas r\u00e9plicas y r\u00e9plicas de China \u2714 Obras de arte \u2714 Porcelana \u2714 Joyas \u25ba \u00a1Ases\u00f3rate ahora!\" \/>\n<meta property=\"og:url\" content=\"https:\/\/ag-frisch.com\/es\/arte-y-antigueedades\/\" \/>\n<meta property=\"og:site_name\" content=\"China Import Beratung f\u00fcr den Einkauf aus China\" \/>\n<meta property=\"article:publisher\" content=\"https:\/\/www.facebook.com\/China.Import\" \/>\n<meta property=\"article:modified_time\" content=\"2023-01-27T04:41:17+00:00\" \/>\n<meta name=\"twitter:card\" content=\"summary_large_image\" \/>\n<meta name=\"twitter:site\" content=\"@agenturfrisch\" \/>\n<meta name=\"twitter:label1\" content=\"Tiempo de lectura\" \/>\n\t<meta name=\"twitter:data1\" content=\"8 minutos\" \/>\n<script type=\"application\/ld+json\" class=\"yoast-schema-graph\">{\"@context\":\"https:\/\/schema.org\",\"@graph\":[{\"@type\":\"WebPage\",\"@id\":\"https:\/\/ag-frisch.com\/es\/arte-y-antigueedades\/\",\"url\":\"https:\/\/ag-frisch.com\/es\/arte-y-antigueedades\/\",\"name\":\"Antig\u00fcedades de China | China-Importaci\u00f3n de obras de arte\",\"isPartOf\":{\"@id\":\"https:\/\/ag-frisch.com\/de\/#website\"},\"datePublished\":\"2022-04-28T11:52:33+00:00\",\"dateModified\":\"2023-01-27T04:41:17+00:00\",\"description\":\"Importar arte y antig\u00fcedades de China \u25ba Muchas r\u00e9plicas y r\u00e9plicas de China \u2714 Obras de arte \u2714 Porcelana \u2714 Joyas \u25ba \u00a1Ases\u00f3rate ahora!\",\"breadcrumb\":{\"@id\":\"https:\/\/ag-frisch.com\/es\/arte-y-antigueedades\/#breadcrumb\"},\"inLanguage\":\"es\",\"potentialAction\":[{\"@type\":\"ReadAction\",\"target\":[\"https:\/\/ag-frisch.com\/es\/arte-y-antigueedades\/\"]}]},{\"@type\":\"BreadcrumbList\",\"@id\":\"https:\/\/ag-frisch.com\/es\/arte-y-antigueedades\/#breadcrumb\",\"itemListElement\":[{\"@type\":\"ListItem\",\"position\":1,\"name\":\"Startseite\",\"item\":\"https:\/\/ag-frisch.com\/de\/\"},{\"@type\":\"ListItem\",\"position\":2,\"name\":\"Arte y antig\u00fcedades\"}]},{\"@type\":\"WebSite\",\"@id\":\"https:\/\/ag-frisch.com\/de\/#website\",\"url\":\"https:\/\/ag-frisch.com\/de\/\",\"name\":\"China Import Beratung f\u00fcr den Einkauf aus China\",\"description\":\"China Import &amp; Export Beratung - Der Dienstleister Ihres Vertrauens f\u00fcr Ihren China Import\",\"publisher\":{\"@id\":\"https:\/\/ag-frisch.com\/de\/#organization\"},\"potentialAction\":[{\"@type\":\"SearchAction\",\"target\":{\"@type\":\"EntryPoint\",\"urlTemplate\":\"https:\/\/ag-frisch.com\/de\/?s={search_term_string}\"},\"query-input\":{\"@type\":\"PropertyValueSpecification\",\"valueRequired\":true,\"valueName\":\"search_term_string\"}}],\"inLanguage\":\"es\"},{\"@type\":\"Organization\",\"@id\":\"https:\/\/ag-frisch.com\/de\/#organization\",\"name\":\"Agentur Frisch International Consulting GmbH & Co. KG\",\"url\":\"https:\/\/ag-frisch.com\/de\/\",\"logo\":{\"@type\":\"ImageObject\",\"inLanguage\":\"es\",\"@id\":\"https:\/\/ag-frisch.com\/de\/#\/schema\/logo\/image\/\",\"url\":\"https:\/\/ag-frisch.com\/wp-content\/uploads\/2021\/08\/ag_logo_rgb_300_small.png\",\"contentUrl\":\"https:\/\/ag-frisch.com\/wp-content\/uploads\/2021\/08\/ag_logo_rgb_300_small.png\",\"width\":153,\"height\":102,\"caption\":\"Agentur Frisch International Consulting GmbH & Co. KG\"},\"image\":{\"@id\":\"https:\/\/ag-frisch.com\/de\/#\/schema\/logo\/image\/\"},\"sameAs\":[\"https:\/\/www.facebook.com\/China.Import\",\"https:\/\/x.com\/agenturfrisch\"]}]}<\/script>\n<!-- \/ Yoast SEO plugin. -->","yoast_head_json":{"title":"Antig\u00fcedades de China | China-Importaci\u00f3n de obras de arte","description":"Importar arte y antig\u00fcedades de China \u25ba Muchas r\u00e9plicas y r\u00e9plicas de China \u2714 Obras de arte \u2714 Porcelana \u2714 Joyas \u25ba \u00a1Ases\u00f3rate ahora!","robots":{"index":"index","follow":"follow","max-snippet":"max-snippet:-1","max-image-preview":"max-image-preview:large","max-video-preview":"max-video-preview:-1"},"canonical":"https:\/\/ag-frisch.com\/es\/arte-y-antigueedades\/","og_locale":"es_ES","og_type":"article","og_title":"Antig\u00fcedades de China | China-Importaci\u00f3n de obras de arte","og_description":"Importar arte y antig\u00fcedades de China \u25ba Muchas r\u00e9plicas y r\u00e9plicas de China \u2714 Obras de arte \u2714 Porcelana \u2714 Joyas \u25ba \u00a1Ases\u00f3rate ahora!","og_url":"https:\/\/ag-frisch.com\/es\/arte-y-antigueedades\/","og_site_name":"China Import Beratung f\u00fcr den Einkauf aus China","article_publisher":"https:\/\/www.facebook.com\/China.Import","article_modified_time":"2023-01-27T04:41:17+00:00","twitter_card":"summary_large_image","twitter_site":"@agenturfrisch","twitter_misc":{"Tiempo de lectura":"8 minutos"},"schema":{"@context":"https:\/\/schema.org","@graph":[{"@type":"WebPage","@id":"https:\/\/ag-frisch.com\/es\/arte-y-antigueedades\/","url":"https:\/\/ag-frisch.com\/es\/arte-y-antigueedades\/","name":"Antig\u00fcedades de China | China-Importaci\u00f3n de obras de arte","isPartOf":{"@id":"https:\/\/ag-frisch.com\/de\/#website"},"datePublished":"2022-04-28T11:52:33+00:00","dateModified":"2023-01-27T04:41:17+00:00","description":"Importar arte y antig\u00fcedades de China \u25ba Muchas r\u00e9plicas y r\u00e9plicas de China \u2714 Obras de arte \u2714 Porcelana \u2714 Joyas \u25ba \u00a1Ases\u00f3rate ahora!","breadcrumb":{"@id":"https:\/\/ag-frisch.com\/es\/arte-y-antigueedades\/#breadcrumb"},"inLanguage":"es","potentialAction":[{"@type":"ReadAction","target":["https:\/\/ag-frisch.com\/es\/arte-y-antigueedades\/"]}]},{"@type":"BreadcrumbList","@id":"https:\/\/ag-frisch.com\/es\/arte-y-antigueedades\/#breadcrumb","itemListElement":[{"@type":"ListItem","position":1,"name":"Startseite","item":"https:\/\/ag-frisch.com\/de\/"},{"@type":"ListItem","position":2,"name":"Arte y antig\u00fcedades"}]},{"@type":"WebSite","@id":"https:\/\/ag-frisch.com\/de\/#website","url":"https:\/\/ag-frisch.com\/de\/","name":"China Import Beratung f\u00fcr den Einkauf aus China","description":"China Import &amp; Export Beratung - Der Dienstleister Ihres Vertrauens f\u00fcr Ihren China Import","publisher":{"@id":"https:\/\/ag-frisch.com\/de\/#organization"},"potentialAction":[{"@type":"SearchAction","target":{"@type":"EntryPoint","urlTemplate":"https:\/\/ag-frisch.com\/de\/?s={search_term_string}"},"query-input":{"@type":"PropertyValueSpecification","valueRequired":true,"valueName":"search_term_string"}}],"inLanguage":"es"},{"@type":"Organization","@id":"https:\/\/ag-frisch.com\/de\/#organization","name":"Agentur Frisch International Consulting GmbH & Co. KG","url":"https:\/\/ag-frisch.com\/de\/","logo":{"@type":"ImageObject","inLanguage":"es","@id":"https:\/\/ag-frisch.com\/de\/#\/schema\/logo\/image\/","url":"https:\/\/ag-frisch.com\/wp-content\/uploads\/2021\/08\/ag_logo_rgb_300_small.png","contentUrl":"https:\/\/ag-frisch.com\/wp-content\/uploads\/2021\/08\/ag_logo_rgb_300_small.png","width":153,"height":102,"caption":"Agentur Frisch International Consulting GmbH & Co. KG"},"image":{"@id":"https:\/\/ag-frisch.com\/de\/#\/schema\/logo\/image\/"},"sameAs":["https:\/\/www.facebook.com\/China.Import","https:\/\/x.com\/agenturfrisch"]}]}},"_links":{"self":[{"href":"https:\/\/ag-frisch.com\/es\/wp-json\/wp\/v2\/pages\/11977","targetHints":{"allow":["GET"]}}],"collection":[{"href":"https:\/\/ag-frisch.com\/es\/wp-json\/wp\/v2\/pages"}],"about":[{"href":"https:\/\/ag-frisch.com\/es\/wp-json\/wp\/v2\/types\/page"}],"author":[{"embeddable":true,"href":"https:\/\/ag-frisch.com\/es\/wp-json\/wp\/v2\/users\/2"}],"replies":[{"embeddable":true,"href":"https:\/\/ag-frisch.com\/es\/wp-json\/wp\/v2\/comments?post=11977"}],"version-history":[{"count":0,"href":"https:\/\/ag-frisch.com\/es\/wp-json\/wp\/v2\/pages\/11977\/revisions"}],"wp:attachment":[{"href":"https:\/\/ag-frisch.com\/es\/wp-json\/wp\/v2\/media?parent=11977"}],"curies":[{"name":"wp","href":"https:\/\/api.w.org\/{rel}","templated":true}]}}