{"id":14523,"date":"2022-08-23T20:22:01","date_gmt":"2022-08-23T18:22:01","guid":{"rendered":"https:\/\/ag-frisch.com\/directiva-sobre-equipos-radioelectricos-red\/"},"modified":"2023-01-27T05:54:27","modified_gmt":"2023-01-27T04:54:27","slug":"directiva-sobre-equipos-radioelectricos-red","status":"publish","type":"page","link":"https:\/\/ag-frisch.com\/es\/directiva-sobre-equipos-radioelectricos-red\/","title":{"rendered":"Directiva sobre equipos radioel\u00e9ctricos (RED)"},"content":{"rendered":"<p>[et_pb_section fb_built=&#8221;1&#8243; _builder_version=&#8221;4.16&#8243; _module_preset=&#8221;default&#8221; global_colors_info=&#8221;{}&#8221;][et_pb_row _builder_version=&#8221;4.18.1&#8243; _module_preset=&#8221;default&#8221;][et_pb_column _builder_version=&#8221;4.18.1&#8243; _module_preset=&#8221;default&#8221; type=&#8221;4_4&#8243;][et_pb_cta title=&#8221;Consulta sobre las directrices RED&#8221; button_url=&#8221;https:\/\/ag-frisch.com\/es\/contacte-con\/&#8221; button_text=&#8221;Reserve ahora una consulta&#8221; _builder_version=&#8221;4.16&#8243; _module_preset=&#8221;default&#8221; global_colors_info=&#8221;{}&#8221; theme_builder_area=&#8221;post_content&#8221;]<\/p>\n<p>Con el asesoramiento de la Agencia de Importaci\u00f3n China Frisch, no cometer\u00e1 ning\u00fan error al importar equipos de radio de China.<\/p>\n<p>[\/et_pb_cta][\/et_pb_column][\/et_pb_row][et_pb_row _builder_version=&#8221;4.16&#8243; _module_preset=&#8221;default&#8221; global_colors_info=&#8221;{}&#8221;][et_pb_column type=&#8221;4_4&#8243; _builder_version=&#8221;4.16&#8243; _module_preset=&#8221;default&#8221; global_colors_info=&#8221;{}&#8221;][et_pb_text admin_label=&#8221;H1&#8243; _builder_version=&#8221;4.18.1&#8243; _module_preset=&#8221;default&#8221; global_colors_info=&#8221;{}&#8221;]<\/p>\n<h1>Directiva RED (Directiva sobre equipos radioel\u00e9ctricos) para la producci\u00f3n en China<\/h1>\n<p>[\/et_pb_text][et_pb_text _builder_version=&#8221;4.18.1&#8243; _module_preset=&#8221;default&#8221; global_colors_info=&#8221;{}&#8221;]<\/p>\n<h2><strong>Cumplimiento de la Directiva DER para la producci\u00f3n en China<\/strong><\/h2>\n<p>La Directiva de Equipos Radioel\u00e9ctricos (Directiva 2014\/53\/UE, m\u00e1s conocida como &#8220;Directiva RED&#8221;) regula los requisitos de los equipos radioel\u00e9ctricos comercializados en el espacio europeo. En Alemania, la Ley de Equipos Radioel\u00e9ctricos de 2017 corresponde a la aplicaci\u00f3n nacional de la Directiva DER. Cualquiera que importe productos de China incluidos en el \u00e1mbito de aplicaci\u00f3n de la Directiva DER es responsable de su cumplimiento. Esto significa que usted, como comprador de equipos de radio y similares procedentes de China, debe asegurarse de que sus productos no infringen la Directiva DER.<\/p>\n<p>Los productos cubiertos por la Directiva DER son, por ejemplo:<\/p>\n<ul>\n<li>Tel\u00e9fonos m\u00f3viles<\/li>\n<li>Enrutador WLAN<\/li>\n<li>Receptor de radio<\/li>\n<li>componentes radioel\u00e9ctricos para autom\u00f3viles<\/li>\n<li>Antenas DVB-T2<\/li>\n<\/ul>\n<p>La ventaja para usted: los productos a los que se aplica la Directiva RED no tienen que someterse de nuevo a las pruebas de la Directiva CEM.<\/p>\n<p>&nbsp;<\/p>\n<h3><strong>Cumplimiento de la Directiva DER para la producci\u00f3n en China<\/strong><\/h3>\n<p>Si importa productos de China a Alemania, deben cumplir las normas alemanas. En el sector electr\u00f3nico, est\u00e1n la Directiva CEM, la Directiva de Baja Tensi\u00f3n y la Directiva RED. Los requisitos que contiene tienen por objeto garantizar lo siguiente:<\/p>\n<ul>\n<li>Protecci\u00f3n de la salud y la seguridad<\/li>\n<li>compatibilidad electromagn\u00e9tica<\/li>\n<li>Uso eficaz y eficiente de las radiofrecuencias<\/li>\n<li>Evitar interferencias de radio<\/li>\n<\/ul>\n<p>&nbsp;<\/p>\n<p><strong>Nota: \u00a1La importaci\u00f3n de productos electr\u00f3nicos s\u00f3lo es posible si se cumple la directiva RED!<\/strong><\/p>\n<p>&nbsp;<\/p>\n<p>Como su socio para la importaci\u00f3n a China, le proporcionamos informaci\u00f3n completa sobre este y otros temas, y le contamos todo lo que necesita saber para una importaci\u00f3n sin problemas. Adem\u00e1s, tambi\u00e9n nos complace realizar pruebas RED en China en los laboratorios de nuestra filial BEIDE Compliance Laboratory.<\/p>\n<p>&nbsp;<\/p>\n<p><strong>Auditor\u00eda profesional RED en China<\/strong><\/p>\n<p>Nuestra filial BEIDE Compliance Laboratory puede ayudarle a cumplir la directiva RED cuando produzca en China. En sus laboratorios de pruebas, equipados con equipos de alta calidad, se realizan todas las pruebas RED en China, que forman parte de su importaci\u00f3n. En condiciones profesionales, se pueden aportar las pruebas necesarias para el procedimiento de evaluaci\u00f3n de la conformidad. Cuando pone en nuestras manos la inspecci\u00f3n RED en China, puede confiar en que se har\u00e1 un trabajo serio. Si es necesario, tambi\u00e9n realizamos comprobaciones posteriores de los certificados facilitados por otros organismos y, de este modo, nos aseguramos de que no surjan problemas en la aduana.<\/p>\n<p>&nbsp;<\/p>\n<p><strong>Obligaciones del importador<\/strong><\/p>\n<p>La importaci\u00f3n de productos sujetos a la Directiva DER est\u00e1 sujeta a condiciones. Los distintos agentes de los puntos de la cadena de suministro tienen que ofrecer y demostrar un rendimiento adecuado. Entre otros:<\/p>\n<ul>\n<li>Procedimiento de evaluaci\u00f3n de la conformidad<\/li>\n<li>Declaraci\u00f3n de conformidad vigente<\/li>\n<li>Etiquetado de los productos<\/li>\n<li>Instrucciones de uso y seguridad<\/li>\n<\/ul>\n<p>Los requisitos que debe cumplir para garantizar el cumplimiento de la Directiva DER para la producci\u00f3n en China son objeto de nuestras consultas exhaustivas. La Agencia Frisch conoce la situaci\u00f3n jur\u00eddica, la jurisprudencia actual y los procedimientos concretos para comprobar el cumplimiento de la Directiva DER en la producci\u00f3n en China. Estaremos encantados de encargarnos de todas las comprobaciones y otras tareas, y de protegerle de las trampas t\u00edpicas.<\/p>\n<p>&nbsp;<\/p>\n<p><strong>Laboratorio de Conformidad BEIDE &#8211; filial de la Agencia Frisch<\/strong><\/p>\n<p>El Laboratorio de Conformidad BEIDE le ofrece el equipo necesario y especialistas formados para llevar a cabo las pruebas de sus productos en relaci\u00f3n con el cumplimiento de la Directiva DER en China. Nos encargamos de todo el transporte y las inspecciones que se deben realizar durante la inspecci\u00f3n RED en China. Nuestro objetivo es ofrecerle todos los servicios relacionados con su importaci\u00f3n de China de una sola mano.<\/p>\n<p>&nbsp;<\/p>\n<p><strong>Agentur Frisch &#8211; \u00a1su proveedor de servicios integrales fiable y competente en la importaci\u00f3n a China!<\/strong><\/p>\n<p><strong> <\/strong><\/p>\n<p><strong> <\/strong>[\/et_pb_text][\/et_pb_column][\/et_pb_row][\/et_pb_section][et_pb_section fb_built=&#8221;1&#8243; admin_label=&#8221;Testimonials&#8221; _builder_version=&#8221;4.16&#8243; use_background_color_gradient=&#8221;on&#8221; background_color_gradient_stops=&#8221;rgba(0,106,156,0.85) 0%|rgba(0,106,156,0.85) 100%&#8221; background_color_gradient_start=&#8221;rgba(0,106,156,0.85)&#8221; background_color_gradient_end=&#8221;rgba(0,106,156,0.85)&#8221; custom_padding=&#8221;90px||60px|&#8221; animation_style=&#8221;fold&#8221; animation_direction=&#8221;bottom&#8221; animation_intensity_fold=&#8221;4%&#8221; global_colors_info=&#8221;{}&#8221; theme_builder_area=&#8221;post_content&#8221;][et_pb_row _builder_version=&#8221;4.16&#8243; background_size=&#8221;initial&#8221; background_position=&#8221;top_left&#8221; background_repeat=&#8221;repeat&#8221; custom_width_px=&#8221;710px&#8221; locked=&#8221;off&#8221; global_colors_info=&#8221;{}&#8221; theme_builder_area=&#8221;post_content&#8221;][et_pb_column type=&#8221;4_4&#8243; _builder_version=&#8221;4.16&#8243; background_position=&#8221;top_left&#8221; custom_padding=&#8221;|||&#8221; global_colors_info=&#8221;{}&#8221; custom_padding__hover=&#8221;|||&#8221; theme_builder_area=&#8221;post_content&#8221;][et_pb_text admin_label=&#8221;Testimonials Section Title&#8221; _builder_version=&#8221;4.16&#8243; header_font=&#8221;Montserrat||||&#8221; header_font_size=&#8221;36px&#8221; background_size=&#8221;initial&#8221; background_position=&#8221;top_left&#8221; background_repeat=&#8221;repeat&#8221; text_orientation=&#8221;center&#8221; background_layout=&#8221;dark&#8221; max_width=&#8221;710px&#8221; module_alignment=&#8221;center&#8221; animation_style=&#8221;fold&#8221; animation_direction=&#8221;bottom&#8221; animation_intensity_fold=&#8221;20%&#8221; global_colors_info=&#8221;{}&#8221; theme_builder_area=&#8221;post_content&#8221;]<\/p>\n<h1>M\u00e1s de 5000 clientes satisfechos.<\/h1>\n<p>&nbsp;<\/p>\n<p>[\/et_pb_text][et_pb_divider color=&#8221;#ffffff&#8221; divider_weight=&#8221;3px&#8221; disabled_on=&#8221;off|off|off&#8221; _builder_version=&#8221;4.16&#8243; background_color_gradient_direction=&#8221;90deg&#8221; max_width=&#8221;100px&#8221; module_alignment=&#8221;center&#8221; height=&#8221;5px&#8221; custom_margin=&#8221;||20px|&#8221; custom_padding=&#8221;||20px|&#8221; animation_style=&#8221;slide&#8221; animation_direction=&#8221;bottom&#8221; saved_tabs=&#8221;all&#8221; locked=&#8221;off&#8221; global_colors_info=&#8221;{}&#8221; theme_builder_area=&#8221;post_content&#8221;][\/et_pb_divider][\/et_pb_column][\/et_pb_row][et_pb_row column_structure=&#8221;1_2,1_2&#8243; _builder_version=&#8221;4.18.1&#8243; _module_preset=&#8221;default&#8221; global_colors_info=&#8221;{}&#8221; theme_builder_area=&#8221;post_content&#8221;][et_pb_column type=&#8221;1_2&#8243; _builder_version=&#8221;4.18.1&#8243; _module_preset=&#8221;default&#8221; global_colors_info=&#8221;{}&#8221; theme_builder_area=&#8221;post_content&#8221;][et_pb_testimonial author=&#8221;Marco&#8221; portrait_url=&#8221;https:\/\/ag-frisch.com\/wp-content\/uploads\/2021\/08\/Harald.png&#8221; quote_icon=&#8221;off&#8221; _builder_version=&#8221;4.18.1&#8243; _module_preset=&#8221;default&#8221; body_font_size=&#8221;16px&#8221; use_background_color=&#8221;off&#8221; background_layout=&#8221;dark&#8221; global_colors_info=&#8221;{}&#8221; theme_builder_area=&#8221;post_content&#8221;]Encargu\u00e9 a la Agencia Frisch la fabricaci\u00f3n de un gran mueble en China y su posterior traslado a Alemania. La comunicaci\u00f3n por correo fue fluida en todo momento. Las respuestas, muy r\u00e1pidas y fiables, me dieron constantemente las seguridades indispensables en una empresa de este tipo. Me ayudaron en todo momento a atravesar la jungla burocr\u00e1tica y no se me olvid\u00f3 ning\u00fan formulario ni lo rellen\u00e9 incorrectamente. \u00a1Muy loable!<a href=\"&lt;div%20class=%22pe-richsnippets%22&gt;&nbsp;&lt;\/div&gt;%20&lt;script%20type=%22text\/javascript%22%20src=%22https:\/\/www.provenexpert.com\/widget\/richsnippet.js?u=1NUA0VwZ4RUZ5tmAi5zA4RaplNKAlWwZ&amp;v=2%22%20async&gt;&lt;\/script&gt;%20&lt;div%20style=%22text-align:%20justify;%22&gt;&lt;br%20\/&gt;\"><\/a><\/p>\n<div class=\"brow ratingBarMargin\">\n<div class=\"ratingBar\">\n<div class=\"brow\">\n<div class=\"pe-richsnippets\">&nbsp;<\/div>\n<p><script type=\"text\/javascript\" src=\"https:\/\/www.provenexpert.com\/widget\/richsnippet.js?u=1NUA0VwZ4RUZ5tmAi5zA4RaplNKAlWwZ&amp;v=2\" async=\"\"><\/script><\/p>\n<div style=\"text-align: justify;\"><\/p>\n<div class=\"col-lg-9 col-md-8 col-xs-10 mt20 mb20\">\n<div class=\"col-xs-12 surveyNameForRating\"><\/div>\n<\/div>\n<\/div>\n<\/div>\n<\/div>\n<\/div>\n<p>[\/et_pb_testimonial][\/et_pb_column][et_pb_column type=&#8221;1_2&#8243; _builder_version=&#8221;4.18.1&#8243; _module_preset=&#8221;default&#8221; global_colors_info=&#8221;{}&#8221; theme_builder_area=&#8221;post_content&#8221;][et_pb_testimonial author=&#8221;Simone L.&#8221; portrait_url=&#8221;https:\/\/ag-frisch.com\/wp-content\/uploads\/2021\/08\/Harald.png&#8221; quote_icon=&#8221;off&#8221; _builder_version=&#8221;4.18.1&#8243; _module_preset=&#8221;default&#8221; body_font_size=&#8221;16px&#8221; use_background_color=&#8221;off&#8221; background_layout=&#8221;dark&#8221; global_colors_info=&#8221;{}&#8221; theme_builder_area=&#8221;post_content&#8221;]<\/p>\n<p>Todo arriba. No hay nada mejor que esto. El asesoramiento y la aplicaci\u00f3n no pueden hacerse mejor. Estamos m\u00e1s que satisfechos despu\u00e9s de varios pedidos con esta empresa y continuamos nuestra cooperaci\u00f3n.<\/p>\n<div class=\"brow ratingBarMargin\">\n<div class=\"ratingBar\">\n<div class=\"brow\">\n<div class=\"pe-richsnippets\"> <\/div>\n<p>\n<script type=\"text\/javascript\" src=\"https:\/\/www.provenexpert.com\/widget\/richsnippet.js?u=1NUA0VwZ4RUZ5tmAi5zA4RaplNKAlWwZ&amp;v=2\" async=\"\"><\/script>\n<\/p>\n<div style=\"text-align: justify;\">\n<p>&nbsp;<\/p>\n<div class=\"col-lg-9 col-md-8 col-xs-10 mt20 mb20\">\n<div class=\"col-xs-12 surveyNameForRating\"><\/div>\n<\/div>\n<\/div>\n<\/div>\n<\/div>\n<\/div>\n<p>[\/et_pb_testimonial][\/et_pb_column][\/et_pb_row][et_pb_row _builder_version=&#8221;4.16&#8243; background_size=&#8221;initial&#8221; background_position=&#8221;top_left&#8221; background_repeat=&#8221;repeat&#8221; custom_padding=&#8221;50px|0px|30px|0px&#8221; custom_css_main_element=&#8221;text-align: center;&#8221; global_colors_info=&#8221;{}&#8221; theme_builder_area=&#8221;post_content&#8221;][et_pb_column type=&#8221;4_4&#8243; _builder_version=&#8221;4.16&#8243; custom_padding=&#8221;|||&#8221; global_colors_info=&#8221;{}&#8221; custom_padding__hover=&#8221;|||&#8221; theme_builder_area=&#8221;post_content&#8221;][et_pb_button button_url=&#8221;https:\/\/www.provenexpert.com\/de-de\/agentur-frisch-international-consulting-gmbh-und-co-kg\/&#8221; button_text=&#8221;M\u00c1S VALORACIONES&#8221; button_alignment=&#8221;left&#8221; admin_label=&#8221;Testimonial Button&#8221; _builder_version=&#8221;4.16&#8243; custom_button=&#8221;on&#8221; button_text_size=&#8221;18px&#8221; button_text_color=&#8221;#ffffff&#8221; button_bg_color=&#8221;#6eba01&#8243; button_border_width=&#8221;2px&#8221; button_border_color=&#8221;#6eba01&#8243; button_border_radius=&#8221;0px&#8221; button_letter_spacing=&#8221;2px&#8221; button_font=&#8221;Montserrat|||on|&#8221; button_use_icon=&#8221;off&#8221; animation_style=&#8221;fold&#8221; animation_direction=&#8221;bottom&#8221; button_text_color_hover=&#8221;#ffffff&#8221; button_border_color_hover=&#8221;#ffffff&#8221; button_border_radius_hover=&#8221;0px&#8221; button_letter_spacing_hover=&#8221;2px&#8221; button_bg_color_hover=&#8221;rgba(255,255,255,0)&#8221; locked=&#8221;off&#8221; global_colors_info=&#8221;{}&#8221; button_text_size__hover_enabled=&#8221;off&#8221; button_one_text_size__hover_enabled=&#8221;off&#8221; button_two_text_size__hover_enabled=&#8221;off&#8221; button_text_color__hover_enabled=&#8221;on&#8221; button_text_color__hover=&#8221;#ffffff&#8221; button_one_text_color__hover_enabled=&#8221;off&#8221; button_two_text_color__hover_enabled=&#8221;off&#8221; button_border_width__hover_enabled=&#8221;off&#8221; button_one_border_width__hover_enabled=&#8221;off&#8221; button_two_border_width__hover_enabled=&#8221;off&#8221; button_border_color__hover_enabled=&#8221;on&#8221; button_border_color__hover=&#8221;#ffffff&#8221; button_one_border_color__hover_enabled=&#8221;off&#8221; button_two_border_color__hover_enabled=&#8221;off&#8221; button_border_radius__hover_enabled=&#8221;on&#8221; button_border_radius__hover=&#8221;0px&#8221; button_one_border_radius__hover_enabled=&#8221;off&#8221; button_two_border_radius__hover_enabled=&#8221;off&#8221; button_letter_spacing__hover_enabled=&#8221;on&#8221; button_letter_spacing__hover=&#8221;2px&#8221; button_one_letter_spacing__hover_enabled=&#8221;off&#8221; button_two_letter_spacing__hover_enabled=&#8221;off&#8221; button_bg_color__hover_enabled=&#8221;on&#8221; button_bg_color__hover=&#8221;rgba(255,255,255,0)&#8221; button_one_bg_color__hover_enabled=&#8221;off&#8221; button_two_bg_color__hover_enabled=&#8221;off&#8221; theme_builder_area=&#8221;post_content&#8221;][\/et_pb_button][\/et_pb_column][\/et_pb_row][\/et_pb_section]<\/p>\n","protected":false},"excerpt":{"rendered":"<p>Con el asesoramiento de la Agencia de Importaci\u00f3n China Frisch, no cometer\u00e1 ning\u00fan error al importar equipos de radio de China.Directiva RED (Directiva sobre equipos radioel\u00e9ctricos) para la producci\u00f3n en ChinaCumplimiento de la Directiva DER para la producci\u00f3n en China La Directiva de Equipos Radioel\u00e9ctricos (Directiva 2014\/53\/UE, m\u00e1s conocida como &#8220;Directiva RED&#8221;) regula los requisitos [&hellip;]<\/p>\n","protected":false},"author":2,"featured_media":0,"parent":0,"menu_order":0,"comment_status":"closed","ping_status":"closed","template":"","meta":{"_et_pb_use_builder":"on","_et_pb_old_content":"","_et_gb_content_width":"","footnotes":""},"class_list":["post-14523","page","type-page","status-publish","hentry"],"yoast_head":"<!-- This site is optimized with the Yoast SEO plugin v27.2 - https:\/\/yoast.com\/product\/yoast-seo-wordpress\/ -->\n<title>Directiva DER: conformidad y pruebas para los productos procedentes de China<\/title>\n<meta name=\"description\" content=\"Directiva RED (Directiva sobre equipos radioel\u00e9ctricos) para la producci\u00f3n en China \u25ba Pruebas RED profesionales in situ \u25ba \u00a1Obtenga asesoramiento experto ahora!\" \/>\n<meta name=\"robots\" content=\"index, follow, max-snippet:-1, max-image-preview:large, max-video-preview:-1\" \/>\n<link rel=\"canonical\" href=\"https:\/\/ag-frisch.com\/es\/directiva-sobre-equipos-radioelectricos-red\/\" \/>\n<meta property=\"og:locale\" content=\"es_ES\" \/>\n<meta property=\"og:type\" content=\"article\" \/>\n<meta property=\"og:title\" content=\"Directiva DER: conformidad y pruebas para los productos procedentes de China\" \/>\n<meta property=\"og:description\" content=\"Directiva RED (Directiva sobre equipos radioel\u00e9ctricos) para la producci\u00f3n en China \u25ba Pruebas RED profesionales in situ \u25ba \u00a1Obtenga asesoramiento experto ahora!\" \/>\n<meta property=\"og:url\" content=\"https:\/\/ag-frisch.com\/es\/directiva-sobre-equipos-radioelectricos-red\/\" \/>\n<meta property=\"og:site_name\" content=\"China Import Beratung f\u00fcr den Einkauf aus China\" \/>\n<meta property=\"article:publisher\" content=\"https:\/\/www.facebook.com\/China.Import\" \/>\n<meta property=\"article:modified_time\" content=\"2023-01-27T04:54:27+00:00\" \/>\n<meta name=\"twitter:card\" content=\"summary_large_image\" \/>\n<meta name=\"twitter:site\" content=\"@agenturfrisch\" \/>\n<meta name=\"twitter:label1\" content=\"Tiempo de lectura\" \/>\n\t<meta name=\"twitter:data1\" content=\"8 minutos\" \/>\n<script type=\"application\/ld+json\" class=\"yoast-schema-graph\">{\"@context\":\"https:\/\/schema.org\",\"@graph\":[{\"@type\":\"WebPage\",\"@id\":\"https:\/\/ag-frisch.com\/es\/directiva-sobre-equipos-radioelectricos-red\/\",\"url\":\"https:\/\/ag-frisch.com\/es\/directiva-sobre-equipos-radioelectricos-red\/\",\"name\":\"Directiva DER: conformidad y pruebas para los productos procedentes de China\",\"isPartOf\":{\"@id\":\"https:\/\/ag-frisch.com\/de\/#website\"},\"datePublished\":\"2022-08-23T18:22:01+00:00\",\"dateModified\":\"2023-01-27T04:54:27+00:00\",\"description\":\"Directiva RED (Directiva sobre equipos radioel\u00e9ctricos) para la producci\u00f3n en China \u25ba Pruebas RED profesionales in situ \u25ba \u00a1Obtenga asesoramiento experto ahora!\",\"breadcrumb\":{\"@id\":\"https:\/\/ag-frisch.com\/es\/directiva-sobre-equipos-radioelectricos-red\/#breadcrumb\"},\"inLanguage\":\"es\",\"potentialAction\":[{\"@type\":\"ReadAction\",\"target\":[\"https:\/\/ag-frisch.com\/es\/directiva-sobre-equipos-radioelectricos-red\/\"]}]},{\"@type\":\"BreadcrumbList\",\"@id\":\"https:\/\/ag-frisch.com\/es\/directiva-sobre-equipos-radioelectricos-red\/#breadcrumb\",\"itemListElement\":[{\"@type\":\"ListItem\",\"position\":1,\"name\":\"Startseite\",\"item\":\"https:\/\/ag-frisch.com\/de\/\"},{\"@type\":\"ListItem\",\"position\":2,\"name\":\"Directiva sobre equipos radioel\u00e9ctricos (RED)\"}]},{\"@type\":\"WebSite\",\"@id\":\"https:\/\/ag-frisch.com\/de\/#website\",\"url\":\"https:\/\/ag-frisch.com\/de\/\",\"name\":\"China Import Beratung f\u00fcr den Einkauf aus China\",\"description\":\"China Import &amp; Export Beratung - Der Dienstleister Ihres Vertrauens f\u00fcr Ihren China Import\",\"publisher\":{\"@id\":\"https:\/\/ag-frisch.com\/de\/#organization\"},\"potentialAction\":[{\"@type\":\"SearchAction\",\"target\":{\"@type\":\"EntryPoint\",\"urlTemplate\":\"https:\/\/ag-frisch.com\/de\/?s={search_term_string}\"},\"query-input\":{\"@type\":\"PropertyValueSpecification\",\"valueRequired\":true,\"valueName\":\"search_term_string\"}}],\"inLanguage\":\"es\"},{\"@type\":\"Organization\",\"@id\":\"https:\/\/ag-frisch.com\/de\/#organization\",\"name\":\"Agentur Frisch International Consulting GmbH & Co. KG\",\"url\":\"https:\/\/ag-frisch.com\/de\/\",\"logo\":{\"@type\":\"ImageObject\",\"inLanguage\":\"es\",\"@id\":\"https:\/\/ag-frisch.com\/de\/#\/schema\/logo\/image\/\",\"url\":\"https:\/\/ag-frisch.com\/wp-content\/uploads\/2021\/08\/ag_logo_rgb_300_small.png\",\"contentUrl\":\"https:\/\/ag-frisch.com\/wp-content\/uploads\/2021\/08\/ag_logo_rgb_300_small.png\",\"width\":153,\"height\":102,\"caption\":\"Agentur Frisch International Consulting GmbH & Co. KG\"},\"image\":{\"@id\":\"https:\/\/ag-frisch.com\/de\/#\/schema\/logo\/image\/\"},\"sameAs\":[\"https:\/\/www.facebook.com\/China.Import\",\"https:\/\/x.com\/agenturfrisch\"]}]}<\/script>\n<!-- \/ Yoast SEO plugin. -->","yoast_head_json":{"title":"Directiva DER: conformidad y pruebas para los productos procedentes de China","description":"Directiva RED (Directiva sobre equipos radioel\u00e9ctricos) para la producci\u00f3n en China \u25ba Pruebas RED profesionales in situ \u25ba \u00a1Obtenga asesoramiento experto ahora!","robots":{"index":"index","follow":"follow","max-snippet":"max-snippet:-1","max-image-preview":"max-image-preview:large","max-video-preview":"max-video-preview:-1"},"canonical":"https:\/\/ag-frisch.com\/es\/directiva-sobre-equipos-radioelectricos-red\/","og_locale":"es_ES","og_type":"article","og_title":"Directiva DER: conformidad y pruebas para los productos procedentes de China","og_description":"Directiva RED (Directiva sobre equipos radioel\u00e9ctricos) para la producci\u00f3n en China \u25ba Pruebas RED profesionales in situ \u25ba \u00a1Obtenga asesoramiento experto ahora!","og_url":"https:\/\/ag-frisch.com\/es\/directiva-sobre-equipos-radioelectricos-red\/","og_site_name":"China Import Beratung f\u00fcr den Einkauf aus China","article_publisher":"https:\/\/www.facebook.com\/China.Import","article_modified_time":"2023-01-27T04:54:27+00:00","twitter_card":"summary_large_image","twitter_site":"@agenturfrisch","twitter_misc":{"Tiempo de lectura":"8 minutos"},"schema":{"@context":"https:\/\/schema.org","@graph":[{"@type":"WebPage","@id":"https:\/\/ag-frisch.com\/es\/directiva-sobre-equipos-radioelectricos-red\/","url":"https:\/\/ag-frisch.com\/es\/directiva-sobre-equipos-radioelectricos-red\/","name":"Directiva DER: conformidad y pruebas para los productos procedentes de China","isPartOf":{"@id":"https:\/\/ag-frisch.com\/de\/#website"},"datePublished":"2022-08-23T18:22:01+00:00","dateModified":"2023-01-27T04:54:27+00:00","description":"Directiva RED (Directiva sobre equipos radioel\u00e9ctricos) para la producci\u00f3n en China \u25ba Pruebas RED profesionales in situ \u25ba \u00a1Obtenga asesoramiento experto ahora!","breadcrumb":{"@id":"https:\/\/ag-frisch.com\/es\/directiva-sobre-equipos-radioelectricos-red\/#breadcrumb"},"inLanguage":"es","potentialAction":[{"@type":"ReadAction","target":["https:\/\/ag-frisch.com\/es\/directiva-sobre-equipos-radioelectricos-red\/"]}]},{"@type":"BreadcrumbList","@id":"https:\/\/ag-frisch.com\/es\/directiva-sobre-equipos-radioelectricos-red\/#breadcrumb","itemListElement":[{"@type":"ListItem","position":1,"name":"Startseite","item":"https:\/\/ag-frisch.com\/de\/"},{"@type":"ListItem","position":2,"name":"Directiva sobre equipos radioel\u00e9ctricos (RED)"}]},{"@type":"WebSite","@id":"https:\/\/ag-frisch.com\/de\/#website","url":"https:\/\/ag-frisch.com\/de\/","name":"China Import Beratung f\u00fcr den Einkauf aus China","description":"China Import &amp; Export Beratung - Der Dienstleister Ihres Vertrauens f\u00fcr Ihren China Import","publisher":{"@id":"https:\/\/ag-frisch.com\/de\/#organization"},"potentialAction":[{"@type":"SearchAction","target":{"@type":"EntryPoint","urlTemplate":"https:\/\/ag-frisch.com\/de\/?s={search_term_string}"},"query-input":{"@type":"PropertyValueSpecification","valueRequired":true,"valueName":"search_term_string"}}],"inLanguage":"es"},{"@type":"Organization","@id":"https:\/\/ag-frisch.com\/de\/#organization","name":"Agentur Frisch International Consulting GmbH & Co. KG","url":"https:\/\/ag-frisch.com\/de\/","logo":{"@type":"ImageObject","inLanguage":"es","@id":"https:\/\/ag-frisch.com\/de\/#\/schema\/logo\/image\/","url":"https:\/\/ag-frisch.com\/wp-content\/uploads\/2021\/08\/ag_logo_rgb_300_small.png","contentUrl":"https:\/\/ag-frisch.com\/wp-content\/uploads\/2021\/08\/ag_logo_rgb_300_small.png","width":153,"height":102,"caption":"Agentur Frisch International Consulting GmbH & Co. KG"},"image":{"@id":"https:\/\/ag-frisch.com\/de\/#\/schema\/logo\/image\/"},"sameAs":["https:\/\/www.facebook.com\/China.Import","https:\/\/x.com\/agenturfrisch"]}]}},"_links":{"self":[{"href":"https:\/\/ag-frisch.com\/es\/wp-json\/wp\/v2\/pages\/14523","targetHints":{"allow":["GET"]}}],"collection":[{"href":"https:\/\/ag-frisch.com\/es\/wp-json\/wp\/v2\/pages"}],"about":[{"href":"https:\/\/ag-frisch.com\/es\/wp-json\/wp\/v2\/types\/page"}],"author":[{"embeddable":true,"href":"https:\/\/ag-frisch.com\/es\/wp-json\/wp\/v2\/users\/2"}],"replies":[{"embeddable":true,"href":"https:\/\/ag-frisch.com\/es\/wp-json\/wp\/v2\/comments?post=14523"}],"version-history":[{"count":0,"href":"https:\/\/ag-frisch.com\/es\/wp-json\/wp\/v2\/pages\/14523\/revisions"}],"wp:attachment":[{"href":"https:\/\/ag-frisch.com\/es\/wp-json\/wp\/v2\/media?parent=14523"}],"curies":[{"name":"wp","href":"https:\/\/api.w.org\/{rel}","templated":true}]}}