{"id":8742,"date":"2021-09-12T08:12:00","date_gmt":"2021-09-12T06:12:00","guid":{"rendered":"https:\/\/ag-frisch.com\/nuestros-grupos-destinatarios\/grandes-consumidores\/"},"modified":"2023-01-26T21:12:48","modified_gmt":"2023-01-26T20:12:48","slug":"grandes-consumidores","status":"publish","type":"page","link":"https:\/\/ag-frisch.com\/es\/nuestros-grupos-destinatarios\/grandes-consumidores\/","title":{"rendered":"Grandes consumidores"},"content":{"rendered":"<p>[et_pb_section fb_built=&#8221;1&#8243; _builder_version=&#8221;4.16&#8243; _module_preset=&#8221;default&#8221; global_colors_info=&#8221;{}&#8221;][et_pb_row _builder_version=&#8221;4.18.1&#8243; _module_preset=&#8221;default&#8221; global_colors_info=&#8221;{}&#8221;][et_pb_column type=&#8221;4_4&#8243; _builder_version=&#8221;4.18.1&#8243; _module_preset=&#8221;default&#8221; global_colors_info=&#8221;{}&#8221;][et_pb_cta title=&#8221;Importar de China como gran consumidor&#8221; button_url=&#8221;https:\/\/ag-frisch.com\/es\/contacte-con\/&#8221; button_text=&#8221;Reserve ahora una consulta&#8221; _builder_version=&#8221;4.18.1&#8243; _module_preset=&#8221;default&#8221; hover_enabled=&#8221;0&#8243; global_colors_info=&#8221;{}&#8221; sticky_enabled=&#8221;0&#8243;]<\/p>\n<p>Si es usted un gran consumidor y necesita cantidades especialmente grandes de materiales, piezas de repuesto, equipos, m\u00e1quinas u otros art\u00edculos, p\u00f3ngase en contacto con nosotros y le ayudaremos con todas sus compras en China.  <\/p>\n<p>[\/et_pb_cta][\/et_pb_column][\/et_pb_row][et_pb_row _builder_version=&#8221;4.16&#8243; _module_preset=&#8221;default&#8221; global_colors_info=&#8221;{}&#8221;][et_pb_column type=&#8221;4_4&#8243; _builder_version=&#8221;4.16&#8243; _module_preset=&#8221;default&#8221; global_colors_info=&#8221;{}&#8221;][et_pb_text _builder_version=&#8221;4.16&#8243; _module_preset=&#8221;default&#8221; global_colors_info=&#8221;{}&#8221;]<\/p>\n<h2><strong>Grandes consumidores<\/strong><\/h2>\n<p><strong>Para una mayor demanda: Venta al por mayor para los consumidores<\/strong><\/p>\n<p>\u00bfEs usted un gran consumidor y quiere reducir los costes de sus necesidades? Entonces la importaci\u00f3n a China es una buena opci\u00f3n para usted. En ning\u00fan otro sitio puede conseguir productos m\u00e1s baratos y al mismo tiempo de alta calidad. Independientemente de si usted es un contratista de obras que necesita materiales de construcci\u00f3n al por mayor para sus obras o, por ejemplo, un restaurador que quiere comprar barato para su cadena de restaurantes: Agentur Frisch realizar\u00e1 la compra \u00f3ptima en China para usted. Son concebibles las siguientes \u00e1reas:<\/p>\n<ul>\n<li>Venta al por mayor de material de construcci\u00f3n<\/li>\n<li>Herramientas al por mayor<\/li>\n<li>Venta al por mayor de piezas de autom\u00f3vil<\/li>\n<li>Suministros de restaurante al por mayor \/ catering<\/li>\n<li>Material de cuidado al por mayor<\/li>\n<\/ul>\n<p>Adem\u00e1s, tambi\u00e9n servimos a todas las dem\u00e1s \u00e1reas de productos. Si el producto que necesita no est\u00e1 incluido en esta lista, no dude en ponerse en contacto con nosotros, tambi\u00e9n encontraremos el mayorista adecuado de China para usted.<\/p>\n<p>&nbsp;<\/p>\n<p><strong>Todo el servicio de importaci\u00f3n de un solo proveedor<\/strong><\/p>\n<p>Agentur Frisch le ofrece el servicio completo para su importaci\u00f3n de China como consumidor a granel. En el primer paso, realizamos una consulta competente con usted en la que analizamos cu\u00e1l ser\u00e1 la compra al por mayor en China perfecta para usted. Gracias a nuestros muchos a\u00f1os de experiencia y a las conexiones que hemos establecido, podemos presentarle al mejor fabricante de China.<\/p>\n<p>Negociamos los precios por usted y redactamos contratos jur\u00eddicamente seguros en consulta con usted. Si lo desea, podemos suministrarle muestras iniciales o prototipos para su pedido.<\/p>\n<p>Antes, durante y despu\u00e9s de la producci\u00f3n, nosotros y nuestras filiales nos encargamos del control de calidad, as\u00ed como de la certificaci\u00f3n y el etiquetado. Adoptamos un enfoque extraordinariamente limpio para que no haya sorpresas desagradables en la importaci\u00f3n.<\/p>\n<p>Tambi\u00e9n gestionamos la log\u00edstica de transporte de sus compras a mayoristas en China; si lo desea, tambi\u00e9n podemos ofrecerle el almacenamiento de sus productos en Alemania.<\/p>\n<p><strong>Le ofrecemos un servicio completo para sus compras a granel en China.<\/strong><\/p>\n<p>&nbsp;<\/p>\n<p><strong>Calidad de China: Venta al por mayor de material de construcci\u00f3n<\/strong><\/p>\n<p>Como contratista de obras, usted realiza proyectos de construcci\u00f3n de gran envergadura y sabe lo importante que es optimizar los costes, tambi\u00e9n cuando se trata de materiales de construcci\u00f3n. Como constructor, usted es responsable de la viabilidad econ\u00f3mica de su proyecto de construcci\u00f3n y quiere reducir costes siempre que sea posible. Trabajamos con usted para encontrar formas significativas de conseguir grandes ahorros al comprar materiales de construcci\u00f3n al por mayor en China. Trabajamos exclusivamente con proveedores reputados que conocemos, hemos probado y en los que confiamos plenamente. Para que pueda comprar materiales de construcci\u00f3n a mayoristas chinos sin preocupaciones.<\/p>\n<p>&nbsp;<\/p>\n<p><strong>Venta al por mayor de herramientas y piezas de autom\u00f3vil para artesanos y cadenas de talleres<\/strong><\/p>\n<p>Como artesano, \u00bfnecesita m\u00e1s herramientas y accesorios? \u00bfTal vez tenga uno o varios talleres de coches? Entonces la importaci\u00f3n de herramientas de China al por mayor tambi\u00e9n puede ser la soluci\u00f3n perfecta para usted. Ofrecemos la m\u00e1xima calidad probada conforme a las normas alemanas. Mediamos de forma r\u00e1pida y fiable, por ejemplo, los siguientes productos en el campo de la venta al por mayor de herramientas de China:<\/p>\n<ul>\n<li>Destornilladores, martillos, sierras de mano<\/li>\n<li>Taladradoras, sierras circulares, lijadoras de banda<\/li>\n<li>Martillos neum\u00e1ticos, fresadoras y mucho m\u00e1s<\/li>\n<\/ul>\n<p>Entre las piezas de autom\u00f3vil que ofrecemos se encuentran:<\/p>\n<ul>\n<li>Neum\u00e1ticos, llantas<\/li>\n<li>Asientos de coche, asientos traseros<\/li>\n<li>Piezas de repuesto en todo el coche<\/li>\n<li>Accesorios electr\u00f3nicos y piezas de recambio<\/li>\n<\/ul>\n<p>Esto es s\u00f3lo un peque\u00f1o resumen de las herramientas y piezas de autom\u00f3viles al por mayor disponibles a trav\u00e9s de nosotros en China. Realizamos pr\u00e1cticamente cualquier requisito individual para usted.<\/p>\n<p>&nbsp;<\/p>\n<p><strong>Productos al por mayor de alta calidad para gastronom\u00eda y restaurantes<\/strong><\/p>\n<p>Ya se trate de los mejores alimentos o materiales de envasado, mobiliario o suministros de cocina: A trav\u00e9s de la Agencia Frisch, usted puede hacer el negocio perfecto con la venta al por mayor en China como consumidor a granel en el sector de la gastronom\u00eda. S\u00f3lo ofrecemos calidad probada que cumple las normas alemanas. P\u00f3ngase en contacto con nosotros y le encontraremos el proveedor mayorista de gastronom\u00eda y restauraci\u00f3n ideal para usted.<\/p>\n<p>&nbsp;<\/p>\n<p><strong>Ahorrar con sensatez: materiales de cuidado al por mayor de China<\/strong><\/p>\n<p>Los costes en el sector asistencial tambi\u00e9n pueden reducirse de forma sensata: comprando productos m\u00e9dicos y material asistencial al por mayor. Podemos ofrecerle los mejores precios para una enorme variedad de productos. En el \u00e1mbito de la venta al por mayor de material asistencial, cabe citar los siguientes:<\/p>\n<ul>\n<li>Art\u00edculos de higiene (pa\u00f1ales, franelas desechables, etc.)<\/li>\n<li>Productos m\u00e9dicos (jeringuillas desechables, vendas)<\/li>\n<li>Ropa de trabajo (batas y m\u00e1s)<\/li>\n<\/ul>\n<p><strong> <\/strong><\/p>\n<p><strong>Agentur Frisch ofrece a los consumidores a granel un servicio integral perfecto para las importaciones de China.<\/strong><\/p>\n<p>[\/et_pb_text][\/et_pb_column][\/et_pb_row][\/et_pb_section][et_pb_section fb_built=&#8221;1&#8243; admin_label=&#8221;Testimonials&#8221; _builder_version=&#8221;4.16&#8243; use_background_color_gradient=&#8221;on&#8221; background_color_gradient_stops=&#8221;rgba(0,106,156,0.85) 0%|rgba(0,106,156,0.85) 100%&#8221; background_color_gradient_start=&#8221;rgba(0,106,156,0.85)&#8221; background_color_gradient_end=&#8221;rgba(0,106,156,0.85)&#8221; custom_padding=&#8221;90px||60px|&#8221; animation_style=&#8221;fold&#8221; animation_direction=&#8221;bottom&#8221; animation_intensity_fold=&#8221;4%&#8221; global_colors_info=&#8221;{}&#8221;][et_pb_row _builder_version=&#8221;4.16&#8243; background_size=&#8221;initial&#8221; background_position=&#8221;top_left&#8221; background_repeat=&#8221;repeat&#8221; custom_width_px=&#8221;710px&#8221; locked=&#8221;off&#8221; global_colors_info=&#8221;{}&#8221;][et_pb_column type=&#8221;4_4&#8243; _builder_version=&#8221;4.16&#8243; background_position=&#8221;top_left&#8221; custom_padding=&#8221;|||&#8221; global_colors_info=&#8221;{}&#8221; custom_padding__hover=&#8221;|||&#8221;][et_pb_text admin_label=&#8221;Testimonials Section Title&#8221; _builder_version=&#8221;4.16&#8243; header_font=&#8221;Montserrat||||&#8221; header_font_size=&#8221;36px&#8221; background_size=&#8221;initial&#8221; background_position=&#8221;top_left&#8221; background_repeat=&#8221;repeat&#8221; text_orientation=&#8221;center&#8221; background_layout=&#8221;dark&#8221; max_width=&#8221;710px&#8221; module_alignment=&#8221;center&#8221; animation_style=&#8221;fold&#8221; animation_direction=&#8221;bottom&#8221; animation_intensity_fold=&#8221;20%&#8221; global_colors_info=&#8221;{}&#8221;]<\/p>\n<h1>M\u00e1s de 5000 clientes satisfechos.<\/h1>\n<p>&nbsp;<\/p>\n<p>[\/et_pb_text][et_pb_divider color=&#8221;#ffffff&#8221; divider_weight=&#8221;3px&#8221; disabled_on=&#8221;off|off|off&#8221; _builder_version=&#8221;4.16&#8243; background_color_gradient_direction=&#8221;90deg&#8221; max_width=&#8221;100px&#8221; module_alignment=&#8221;center&#8221; height=&#8221;5px&#8221; custom_margin=&#8221;||20px|&#8221; custom_padding=&#8221;||20px|&#8221; animation_style=&#8221;slide&#8221; animation_direction=&#8221;bottom&#8221; saved_tabs=&#8221;all&#8221; locked=&#8221;off&#8221; global_colors_info=&#8221;{}&#8221;][\/et_pb_divider][\/et_pb_column][\/et_pb_row][et_pb_row column_structure=&#8221;1_2,1_2&#8243; _builder_version=&#8221;4.18.1&#8243; _module_preset=&#8221;default&#8221; global_colors_info=&#8221;{}&#8221;][et_pb_column type=&#8221;1_2&#8243; _builder_version=&#8221;4.18.1&#8243; _module_preset=&#8221;default&#8221; global_colors_info=&#8221;{}&#8221;][et_pb_testimonial author=&#8221;Marco&#8221; portrait_url=&#8221;https:\/\/ag-frisch.com\/wp-content\/uploads\/2021\/08\/Harald.png&#8221; quote_icon=&#8221;off&#8221; _builder_version=&#8221;4.18.1&#8243; _module_preset=&#8221;default&#8221; body_font_size=&#8221;16px&#8221; use_background_color=&#8221;off&#8221; background_layout=&#8221;dark&#8221; global_colors_info=&#8221;{}&#8221;]Encargu\u00e9 a la Agencia Frisch la fabricaci\u00f3n de un gran mueble en China y su posterior traslado a Alemania. La comunicaci\u00f3n por correo fue fluida en todo momento. Las respuestas, muy r\u00e1pidas y fiables, me dieron constantemente las seguridades indispensables en una empresa de este tipo. Me ayudaron en todo momento a atravesar la jungla burocr\u00e1tica y no se me olvid\u00f3 ning\u00fan formulario ni lo rellen\u00e9 incorrectamente. \u00a1Muy loable!<a href=\"&lt;div%20class=%22pe-richsnippets%22&gt;&nbsp;&lt;\/div&gt;%20&lt;script%20type=%22text\/javascript%22%20src=%22https:\/\/www.provenexpert.com\/widget\/richsnippet.js?u=1NUA0VwZ4RUZ5tmAi5zA4RaplNKAlWwZ&amp;v=2%22%20async&gt;&lt;\/script&gt;%20&lt;div%20style=%22text-align:%20justify;%22&gt;&lt;br%20\/&gt;\"><\/a><\/p>\n<div class=\"brow ratingBarMargin\">\n<div class=\"ratingBar\">\n<div class=\"brow\">\n<div class=\"pe-richsnippets\">&nbsp;<\/div>\n<p><script type=\"text\/javascript\" src=\"https:\/\/www.provenexpert.com\/widget\/richsnippet.js?u=1NUA0VwZ4RUZ5tmAi5zA4RaplNKAlWwZ&amp;v=2\" async=\"\"><\/script><\/p>\n<div style=\"text-align: justify;\"><\/p>\n<div class=\"col-lg-9 col-md-8 col-xs-10 mt20 mb20\">\n<div class=\"col-xs-12 surveyNameForRating\"><\/div>\n<\/div>\n<\/div>\n<\/div>\n<\/div>\n<\/div>\n<p>[\/et_pb_testimonial][\/et_pb_column][et_pb_column type=&#8221;1_2&#8243; _builder_version=&#8221;4.18.1&#8243; _module_preset=&#8221;default&#8221; global_colors_info=&#8221;{}&#8221;][et_pb_testimonial author=&#8221;Simone L.&#8221; portrait_url=&#8221;https:\/\/ag-frisch.com\/wp-content\/uploads\/2021\/08\/Harald.png&#8221; quote_icon=&#8221;off&#8221; _builder_version=&#8221;4.18.1&#8243; _module_preset=&#8221;default&#8221; body_font_size=&#8221;16px&#8221; use_background_color=&#8221;off&#8221; background_layout=&#8221;dark&#8221; global_colors_info=&#8221;{}&#8221;]<\/p>\n<p>Todo arriba. No hay nada mejor que esto. El asesoramiento y la aplicaci\u00f3n no pueden hacerse mejor. Estamos m\u00e1s que satisfechos despu\u00e9s de varios pedidos con esta empresa y continuamos nuestra cooperaci\u00f3n.<\/p>\n<div class=\"brow ratingBarMargin\">\n<div class=\"ratingBar\">\n<div class=\"brow\">\n<div class=\"pe-richsnippets\"> <\/div>\n<p>\n<script type=\"text\/javascript\" src=\"https:\/\/www.provenexpert.com\/widget\/richsnippet.js?u=1NUA0VwZ4RUZ5tmAi5zA4RaplNKAlWwZ&amp;v=2\" async=\"\"><\/script>\n<\/p>\n<div style=\"text-align: justify;\">\n<p>&nbsp;<\/p>\n<div class=\"col-lg-9 col-md-8 col-xs-10 mt20 mb20\">\n<div class=\"col-xs-12 surveyNameForRating\"><\/div>\n<\/div>\n<\/div>\n<\/div>\n<\/div>\n<\/div>\n<p>[\/et_pb_testimonial][\/et_pb_column][\/et_pb_row][et_pb_row _builder_version=&#8221;4.16&#8243; background_size=&#8221;initial&#8221; background_position=&#8221;top_left&#8221; background_repeat=&#8221;repeat&#8221; custom_padding=&#8221;50px|0px|30px|0px&#8221; custom_css_main_element=&#8221;text-align: center;&#8221; global_colors_info=&#8221;{}&#8221;][et_pb_column type=&#8221;4_4&#8243; _builder_version=&#8221;4.16&#8243; custom_padding=&#8221;|||&#8221; global_colors_info=&#8221;{}&#8221; custom_padding__hover=&#8221;|||&#8221;][et_pb_button button_url=&#8221;https:\/\/www.provenexpert.com\/de-de\/agentur-frisch-international-consulting-gmbh-und-co-kg\/&#8221; button_text=&#8221;M\u00c1S VALORACIONES&#8221; button_alignment=&#8221;left&#8221; admin_label=&#8221;Testimonial Button&#8221; _builder_version=&#8221;4.16&#8243; custom_button=&#8221;on&#8221; button_text_size=&#8221;18px&#8221; button_text_color=&#8221;#ffffff&#8221; button_bg_color=&#8221;#6eba01&#8243; button_border_width=&#8221;2px&#8221; button_border_color=&#8221;#6eba01&#8243; button_border_radius=&#8221;0px&#8221; button_letter_spacing=&#8221;2px&#8221; button_font=&#8221;Montserrat|||on|&#8221; button_use_icon=&#8221;off&#8221; animation_style=&#8221;fold&#8221; animation_direction=&#8221;bottom&#8221; button_text_color_hover=&#8221;#ffffff&#8221; button_border_color_hover=&#8221;#ffffff&#8221; button_border_radius_hover=&#8221;0px&#8221; button_letter_spacing_hover=&#8221;2px&#8221; button_bg_color_hover=&#8221;rgba(255,255,255,0)&#8221; locked=&#8221;off&#8221; global_colors_info=&#8221;{}&#8221; button_text_size__hover_enabled=&#8221;off&#8221; button_one_text_size__hover_enabled=&#8221;off&#8221; button_two_text_size__hover_enabled=&#8221;off&#8221; button_text_color__hover_enabled=&#8221;on&#8221; button_text_color__hover=&#8221;#ffffff&#8221; button_one_text_color__hover_enabled=&#8221;off&#8221; button_two_text_color__hover_enabled=&#8221;off&#8221; button_border_width__hover_enabled=&#8221;off&#8221; button_one_border_width__hover_enabled=&#8221;off&#8221; button_two_border_width__hover_enabled=&#8221;off&#8221; button_border_color__hover_enabled=&#8221;on&#8221; button_border_color__hover=&#8221;#ffffff&#8221; button_one_border_color__hover_enabled=&#8221;off&#8221; button_two_border_color__hover_enabled=&#8221;off&#8221; button_border_radius__hover_enabled=&#8221;on&#8221; button_border_radius__hover=&#8221;0px&#8221; button_one_border_radius__hover_enabled=&#8221;off&#8221; button_two_border_radius__hover_enabled=&#8221;off&#8221; button_letter_spacing__hover_enabled=&#8221;on&#8221; button_letter_spacing__hover=&#8221;2px&#8221; button_one_letter_spacing__hover_enabled=&#8221;off&#8221; button_two_letter_spacing__hover_enabled=&#8221;off&#8221; button_bg_color__hover_enabled=&#8221;on&#8221; button_bg_color__hover=&#8221;rgba(255,255,255,0)&#8221; button_one_bg_color__hover_enabled=&#8221;off&#8221; button_two_bg_color__hover_enabled=&#8221;off&#8221;][\/et_pb_button][\/et_pb_column][\/et_pb_row][\/et_pb_section]<\/p>\n","protected":false},"excerpt":{"rendered":"<p>Si es usted un gran consumidor y necesita cantidades especialmente grandes de materiales, piezas de repuesto, equipos, m\u00e1quinas u otros art\u00edculos, p\u00f3ngase en contacto con nosotros y le ayudaremos con todas sus compras en China. Grandes consumidores Para una mayor demanda: Venta al por mayor para los consumidores \u00bfEs usted un gran consumidor y quiere [&hellip;]<\/p>\n","protected":false},"author":2,"featured_media":0,"parent":8608,"menu_order":0,"comment_status":"closed","ping_status":"closed","template":"","meta":{"_et_pb_use_builder":"on","_et_pb_old_content":"","_et_gb_content_width":"","footnotes":""},"class_list":["post-8742","page","type-page","status-publish","hentry"],"yoast_head":"<!-- This site is optimized with the Yoast SEO plugin v27.4 - https:\/\/yoast.com\/product\/yoast-seo-wordpress\/ -->\n<title>Productos chinos para grandes consumidores<\/title>\n<meta name=\"description\" content=\"Comprar para uso propio en China \u25bb Industria \u2713 Hospitales\u2713 Contratistas \u2713 Talleres de reparaci\u00f3n de coches \u2713 \u00a1Obt\u00e9n asesoramiento experto ahora!\" \/>\n<meta name=\"robots\" content=\"index, follow, max-snippet:-1, max-image-preview:large, max-video-preview:-1\" \/>\n<link rel=\"canonical\" href=\"https:\/\/ag-frisch.com\/es\/nuestros-grupos-destinatarios\/grandes-consumidores\/\" \/>\n<meta property=\"og:locale\" content=\"es_ES\" \/>\n<meta property=\"og:type\" content=\"article\" \/>\n<meta property=\"og:title\" content=\"Productos chinos para grandes consumidores\" \/>\n<meta property=\"og:description\" content=\"Comprar para uso propio en China \u25bb Industria \u2713 Hospitales\u2713 Contratistas \u2713 Talleres de reparaci\u00f3n de coches \u2713 \u00a1Obt\u00e9n asesoramiento experto ahora!\" \/>\n<meta property=\"og:url\" content=\"https:\/\/ag-frisch.com\/es\/nuestros-grupos-destinatarios\/grandes-consumidores\/\" \/>\n<meta property=\"og:site_name\" content=\"China Import Beratung f\u00fcr den Einkauf aus China\" \/>\n<meta property=\"article:publisher\" content=\"https:\/\/www.facebook.com\/China.Import\" \/>\n<meta property=\"article:modified_time\" content=\"2023-01-26T20:12:48+00:00\" \/>\n<meta name=\"twitter:card\" content=\"summary_large_image\" \/>\n<meta name=\"twitter:site\" content=\"@agenturfrisch\" \/>\n<meta name=\"twitter:label1\" content=\"Tiempo de lectura\" \/>\n\t<meta name=\"twitter:data1\" content=\"9 minutos\" \/>\n<script type=\"application\/ld+json\" class=\"yoast-schema-graph\">{\"@context\":\"https:\\\/\\\/schema.org\",\"@graph\":[{\"@type\":\"WebPage\",\"@id\":\"https:\\\/\\\/ag-frisch.com\\\/es\\\/nuestros-grupos-destinatarios\\\/grandes-consumidores\\\/\",\"url\":\"https:\\\/\\\/ag-frisch.com\\\/es\\\/nuestros-grupos-destinatarios\\\/grandes-consumidores\\\/\",\"name\":\"Productos chinos para grandes consumidores\",\"isPartOf\":{\"@id\":\"https:\\\/\\\/ag-frisch.com\\\/de\\\/#website\"},\"datePublished\":\"2021-09-12T06:12:00+00:00\",\"dateModified\":\"2023-01-26T20:12:48+00:00\",\"description\":\"Comprar para uso propio en China \u25bb Industria \u2713 Hospitales\u2713 Contratistas \u2713 Talleres de reparaci\u00f3n de coches \u2713 \u00a1Obt\u00e9n asesoramiento experto ahora!\",\"breadcrumb\":{\"@id\":\"https:\\\/\\\/ag-frisch.com\\\/es\\\/nuestros-grupos-destinatarios\\\/grandes-consumidores\\\/#breadcrumb\"},\"inLanguage\":\"es\",\"potentialAction\":[{\"@type\":\"ReadAction\",\"target\":[\"https:\\\/\\\/ag-frisch.com\\\/es\\\/nuestros-grupos-destinatarios\\\/grandes-consumidores\\\/\"]}]},{\"@type\":\"BreadcrumbList\",\"@id\":\"https:\\\/\\\/ag-frisch.com\\\/es\\\/nuestros-grupos-destinatarios\\\/grandes-consumidores\\\/#breadcrumb\",\"itemListElement\":[{\"@type\":\"ListItem\",\"position\":1,\"name\":\"Startseite\",\"item\":\"https:\\\/\\\/ag-frisch.com\\\/de\\\/\"},{\"@type\":\"ListItem\",\"position\":2,\"name\":\"Nuestros grupos destinatarios\",\"item\":\"https:\\\/\\\/ag-frisch.com\\\/es\\\/nuestros-grupos-destinatarios\\\/\"},{\"@type\":\"ListItem\",\"position\":3,\"name\":\"Grandes consumidores\"}]},{\"@type\":\"WebSite\",\"@id\":\"https:\\\/\\\/ag-frisch.com\\\/de\\\/#website\",\"url\":\"https:\\\/\\\/ag-frisch.com\\\/de\\\/\",\"name\":\"China Import Beratung f\u00fcr den Einkauf aus China\",\"description\":\"China Import &amp; Export Beratung - Der Dienstleister Ihres Vertrauens f\u00fcr Ihren China Import\",\"publisher\":{\"@id\":\"https:\\\/\\\/ag-frisch.com\\\/de\\\/#organization\"},\"potentialAction\":[{\"@type\":\"SearchAction\",\"target\":{\"@type\":\"EntryPoint\",\"urlTemplate\":\"https:\\\/\\\/ag-frisch.com\\\/de\\\/?s={search_term_string}\"},\"query-input\":{\"@type\":\"PropertyValueSpecification\",\"valueRequired\":true,\"valueName\":\"search_term_string\"}}],\"inLanguage\":\"es\"},{\"@type\":\"Organization\",\"@id\":\"https:\\\/\\\/ag-frisch.com\\\/de\\\/#organization\",\"name\":\"Agentur Frisch International Consulting GmbH & Co. KG\",\"url\":\"https:\\\/\\\/ag-frisch.com\\\/de\\\/\",\"logo\":{\"@type\":\"ImageObject\",\"inLanguage\":\"es\",\"@id\":\"https:\\\/\\\/ag-frisch.com\\\/de\\\/#\\\/schema\\\/logo\\\/image\\\/\",\"url\":\"https:\\\/\\\/ag-frisch.com\\\/wp-content\\\/uploads\\\/2021\\\/08\\\/ag_logo_rgb_300_small.png\",\"contentUrl\":\"https:\\\/\\\/ag-frisch.com\\\/wp-content\\\/uploads\\\/2021\\\/08\\\/ag_logo_rgb_300_small.png\",\"width\":153,\"height\":102,\"caption\":\"Agentur Frisch International Consulting GmbH & Co. KG\"},\"image\":{\"@id\":\"https:\\\/\\\/ag-frisch.com\\\/de\\\/#\\\/schema\\\/logo\\\/image\\\/\"},\"sameAs\":[\"https:\\\/\\\/www.facebook.com\\\/China.Import\",\"https:\\\/\\\/x.com\\\/agenturfrisch\"]}]}<\/script>\n<!-- \/ Yoast SEO plugin. -->","yoast_head_json":{"title":"Productos chinos para grandes consumidores","description":"Comprar para uso propio en China \u25bb Industria \u2713 Hospitales\u2713 Contratistas \u2713 Talleres de reparaci\u00f3n de coches \u2713 \u00a1Obt\u00e9n asesoramiento experto ahora!","robots":{"index":"index","follow":"follow","max-snippet":"max-snippet:-1","max-image-preview":"max-image-preview:large","max-video-preview":"max-video-preview:-1"},"canonical":"https:\/\/ag-frisch.com\/es\/nuestros-grupos-destinatarios\/grandes-consumidores\/","og_locale":"es_ES","og_type":"article","og_title":"Productos chinos para grandes consumidores","og_description":"Comprar para uso propio en China \u25bb Industria \u2713 Hospitales\u2713 Contratistas \u2713 Talleres de reparaci\u00f3n de coches \u2713 \u00a1Obt\u00e9n asesoramiento experto ahora!","og_url":"https:\/\/ag-frisch.com\/es\/nuestros-grupos-destinatarios\/grandes-consumidores\/","og_site_name":"China Import Beratung f\u00fcr den Einkauf aus China","article_publisher":"https:\/\/www.facebook.com\/China.Import","article_modified_time":"2023-01-26T20:12:48+00:00","twitter_card":"summary_large_image","twitter_site":"@agenturfrisch","twitter_misc":{"Tiempo de lectura":"9 minutos"},"schema":{"@context":"https:\/\/schema.org","@graph":[{"@type":"WebPage","@id":"https:\/\/ag-frisch.com\/es\/nuestros-grupos-destinatarios\/grandes-consumidores\/","url":"https:\/\/ag-frisch.com\/es\/nuestros-grupos-destinatarios\/grandes-consumidores\/","name":"Productos chinos para grandes consumidores","isPartOf":{"@id":"https:\/\/ag-frisch.com\/de\/#website"},"datePublished":"2021-09-12T06:12:00+00:00","dateModified":"2023-01-26T20:12:48+00:00","description":"Comprar para uso propio en China \u25bb Industria \u2713 Hospitales\u2713 Contratistas \u2713 Talleres de reparaci\u00f3n de coches \u2713 \u00a1Obt\u00e9n asesoramiento experto ahora!","breadcrumb":{"@id":"https:\/\/ag-frisch.com\/es\/nuestros-grupos-destinatarios\/grandes-consumidores\/#breadcrumb"},"inLanguage":"es","potentialAction":[{"@type":"ReadAction","target":["https:\/\/ag-frisch.com\/es\/nuestros-grupos-destinatarios\/grandes-consumidores\/"]}]},{"@type":"BreadcrumbList","@id":"https:\/\/ag-frisch.com\/es\/nuestros-grupos-destinatarios\/grandes-consumidores\/#breadcrumb","itemListElement":[{"@type":"ListItem","position":1,"name":"Startseite","item":"https:\/\/ag-frisch.com\/de\/"},{"@type":"ListItem","position":2,"name":"Nuestros grupos destinatarios","item":"https:\/\/ag-frisch.com\/es\/nuestros-grupos-destinatarios\/"},{"@type":"ListItem","position":3,"name":"Grandes consumidores"}]},{"@type":"WebSite","@id":"https:\/\/ag-frisch.com\/de\/#website","url":"https:\/\/ag-frisch.com\/de\/","name":"China Import Beratung f\u00fcr den Einkauf aus China","description":"China Import &amp; Export Beratung - Der Dienstleister Ihres Vertrauens f\u00fcr Ihren China Import","publisher":{"@id":"https:\/\/ag-frisch.com\/de\/#organization"},"potentialAction":[{"@type":"SearchAction","target":{"@type":"EntryPoint","urlTemplate":"https:\/\/ag-frisch.com\/de\/?s={search_term_string}"},"query-input":{"@type":"PropertyValueSpecification","valueRequired":true,"valueName":"search_term_string"}}],"inLanguage":"es"},{"@type":"Organization","@id":"https:\/\/ag-frisch.com\/de\/#organization","name":"Agentur Frisch International Consulting GmbH & Co. KG","url":"https:\/\/ag-frisch.com\/de\/","logo":{"@type":"ImageObject","inLanguage":"es","@id":"https:\/\/ag-frisch.com\/de\/#\/schema\/logo\/image\/","url":"https:\/\/ag-frisch.com\/wp-content\/uploads\/2021\/08\/ag_logo_rgb_300_small.png","contentUrl":"https:\/\/ag-frisch.com\/wp-content\/uploads\/2021\/08\/ag_logo_rgb_300_small.png","width":153,"height":102,"caption":"Agentur Frisch International Consulting GmbH & Co. KG"},"image":{"@id":"https:\/\/ag-frisch.com\/de\/#\/schema\/logo\/image\/"},"sameAs":["https:\/\/www.facebook.com\/China.Import","https:\/\/x.com\/agenturfrisch"]}]}},"_links":{"self":[{"href":"https:\/\/ag-frisch.com\/es\/wp-json\/wp\/v2\/pages\/8742","targetHints":{"allow":["GET"]}}],"collection":[{"href":"https:\/\/ag-frisch.com\/es\/wp-json\/wp\/v2\/pages"}],"about":[{"href":"https:\/\/ag-frisch.com\/es\/wp-json\/wp\/v2\/types\/page"}],"author":[{"embeddable":true,"href":"https:\/\/ag-frisch.com\/es\/wp-json\/wp\/v2\/users\/2"}],"replies":[{"embeddable":true,"href":"https:\/\/ag-frisch.com\/es\/wp-json\/wp\/v2\/comments?post=8742"}],"version-history":[{"count":0,"href":"https:\/\/ag-frisch.com\/es\/wp-json\/wp\/v2\/pages\/8742\/revisions"}],"up":[{"embeddable":true,"href":"https:\/\/ag-frisch.com\/es\/wp-json\/wp\/v2\/pages\/8608"}],"wp:attachment":[{"href":"https:\/\/ag-frisch.com\/es\/wp-json\/wp\/v2\/media?parent=8742"}],"curies":[{"name":"wp","href":"https:\/\/api.w.org\/{rel}","templated":true}]}}