{"id":8743,"date":"2021-09-12T07:58:20","date_gmt":"2021-09-12T05:58:20","guid":{"rendered":"https:\/\/ag-frisch.com\/nuestros-grupos-destinatarios\/fabricante\/"},"modified":"2023-01-26T21:12:48","modified_gmt":"2023-01-26T20:12:48","slug":"fabricante","status":"publish","type":"page","link":"https:\/\/ag-frisch.com\/es\/nuestros-grupos-destinatarios\/fabricante\/","title":{"rendered":"Fabricante"},"content":{"rendered":"<p>[et_pb_section fb_built=&#8221;1&#8243; _builder_version=&#8221;4.16&#8243; _module_preset=&#8221;default&#8221; global_colors_info=&#8221;{}&#8221;][et_pb_row _builder_version=&#8221;4.18.1&#8243; _module_preset=&#8221;default&#8221; global_colors_info=&#8221;{}&#8221;][et_pb_column type=&#8221;4_4&#8243; _builder_version=&#8221;4.18.1&#8243; _module_preset=&#8221;default&#8221; global_colors_info=&#8221;{}&#8221;][et_pb_cta title=&#8221;Un fabricante traslada su producci\u00f3n a China&#8221; button_url=&#8221;https:\/\/ag-frisch.com\/es\/contacte-con\/&#8221; button_text=&#8221;Reserve ahora una consulta&#8221; _builder_version=&#8221;4.18.1&#8243; _module_preset=&#8221;default&#8221; hover_enabled=&#8221;0&#8243; global_colors_info=&#8221;{}&#8221; sticky_enabled=&#8221;0&#8243;]<\/p>\n<p>Le apoyamos a lo largo de todo el proceso de traslado de la producci\u00f3n a China y, adem\u00e1s, actuamos como asesores para usted.  <\/p>\n<p>[\/et_pb_cta][\/et_pb_column][\/et_pb_row][et_pb_row _builder_version=&#8221;4.16&#8243; _module_preset=&#8221;default&#8221; custom_padding=&#8221;36px|||||&#8221; global_colors_info=&#8221;{}&#8221;][et_pb_column type=&#8221;4_4&#8243; _builder_version=&#8221;4.16&#8243; _module_preset=&#8221;default&#8221; global_colors_info=&#8221;{}&#8221;][et_pb_text _builder_version=&#8221;4.16&#8243; _module_preset=&#8221;default&#8221; custom_padding=&#8221;1px|||||&#8221; global_colors_info=&#8221;{}&#8221;]<\/p>\n<h2><strong>Fabricantes y OEM<\/strong><\/h2>\n<p><strong>Producci\u00f3n por contrato en China para fabricantes<\/strong><\/p>\n<p>\u00bfYa es fabricante y conoce el negocio, y busca formas de producir de forma m\u00e1s barata y eficiente? \u00bfO quiere entrar en el negocio como nuevo y construir su propia marca? Como experto desde hace muchos a\u00f1os en importaciones de China, Agentur Frisch es tambi\u00e9n aqu\u00ed su socio perfecto. Tenemos los conocimientos y las conexiones para encontrar las f\u00e1bricas en China que mejor se adapten a sus requisitos como fabricante. Y eso es s\u00f3lo una parte de nuestros servicios.<\/p>\n<p>&nbsp;<\/p>\n<p><strong>Servicio completo: Qu\u00e9 puede esperar de nosotros<\/strong><\/p>\n<p>Nos consideramos un proveedor de servicios completos para las importaciones a China y no s\u00f3lo nos encargamos de la b\u00fasqueda de f\u00e1bricas en China para usted, sino tambi\u00e9n, si lo desea, de todas las dem\u00e1s tareas relacionadas con su negocio en China. Al hacerlo, disponemos de conexiones fiables y consolidadas y esperamos hacer el mejor trabajo para usted. Nuestros servicios para su producci\u00f3n por contrato en China incluyen, por ejemplo:<\/p>\n<ul>\n<li>Negociaci\u00f3n de precios y preparaci\u00f3n de contratos<\/li>\n<li>Producci\u00f3n de muestras y prototipos iniciales<\/li>\n<li>Conformidad y garant\u00eda de calidad<\/li>\n<li>Pruebas de laboratorio y certificados<\/li>\n<li>Log\u00edstica y control de la carga<\/li>\n<li>Despacho de aduanas<\/li>\n<li>Almacenamiento y distribuci\u00f3n<\/li>\n<\/ul>\n<p>&nbsp;<\/p>\n<p><strong>Reducci\u00f3n de costes con la producci\u00f3n por contrato en China<\/strong><\/p>\n<p>Como fabricante de productos en Alemania, \u00bfest\u00e1 cansado de pagar demasiado por la producci\u00f3n? \u00bfBusca una alternativa m\u00e1s barata y quiere que se produzca en China? Entonces somos su contacto. Analizamos juntos sus necesidades y encontramos las f\u00e1bricas adecuadas en China. Gracias a nuestra amplia experiencia y al gran n\u00famero de socios comerciales de probada eficacia, puede estar seguro de que recibir\u00e1 un servicio de entrega de pedidos fiable y de alta calidad.<\/p>\n<p>Redactaremos los contratos con usted de acuerdo con sus ideas y podemos ayudarle en todos los aspectos de su producci\u00f3n por contrato en China. El gran n\u00famero de nuestros clientes habituales satisfechos habla por s\u00ed solo: \u00a1usted puede ser uno de ellos!<\/p>\n<p>&nbsp;<\/p>\n<p><strong>Crear una marca propia con fabricaci\u00f3n en China<\/strong><\/p>\n<p>Si quieres crear tu propia marca, tienes mucho que considerar. Los costes de puesta en marcha, en particular, pueden ser muy elevados si todo se hace en Alemania. Estos costes de inversi\u00f3n pueden reducirse considerablemente con f\u00e1bricas en China. La calidad probada y las certificaciones v\u00e1lidas garantizan que el resultado sean productos de alta calidad plenamente aceptados por las autoridades y los consumidores del mercado alem\u00e1n.<\/p>\n<p>La Agencia Frisch est\u00e1 a su disposici\u00f3n para ayudarle a construir su nueva marca de diversas maneras. Podemos encontrarle los fabricantes ideales, pero tambi\u00e9n podemos encargarnos de muchos otros servicios relacionados con la nueva marca. Si lo desea, nuestros expertos desarrollar\u00e1n la identidad del producto junto con usted:<\/p>\n<ul>\n<li>Dise\u00f1o del producto<\/li>\n<li>Dise\u00f1o del envase<\/li>\n<li>Etiquetas de los productos<\/li>\n<li>Impresi\u00f3n del logotipo en su producto<\/li>\n<\/ul>\n<p>&nbsp;<\/p>\n<p><strong>Comercio justo y m\u00e1ximo beneficio<\/strong><\/p>\n<p>La producci\u00f3n por contrato en China est\u00e1 plagada de prejuicios: malas condiciones laborales y calidad inferior. Pero no tiene por qu\u00e9 ser as\u00ed. Con los conocimientos adecuados y buenas conexiones, es posible ofrecer productos de primera calidad, comerciar lealmente y aun as\u00ed conseguir precios sensacionalmente bajos. Somos miembro fundador de la Verein der lauteren Importeure e.V. (Asociaci\u00f3n de Importadores Justos) y demostramos que la importaci\u00f3n a China puede ser lucrativa y justa a la vez. Cumplimos todas las normativas y nos complace superar las especificaciones. Esto no s\u00f3lo garantiza tener la conciencia tranquila, sino tambi\u00e9n que no surjan problemas legales. Como fabricante con la Agencia Frisch, puede hacer que sus productos se produzcan en f\u00e1bricas de China sin dudarlo.<\/p>\n<p>&nbsp;<\/p>\n<p><strong>Cumplimentaci\u00f3n completa de los pedidos por nuestras filiales<\/strong><\/p>\n<p>Para poder garantizar a nuestros clientes un procesamiento perfecto, hemos creado nuestras propias empresas para los distintos servicios en la importaci\u00f3n de China. As\u00ed nos aseguramos de que todo funcione sin problemas y con absoluta fiabilidad. Conozca nuestro espectro empresarial:<\/p>\n<ul>\n<li>import4u<\/li>\n<li>inspekt4u<\/li>\n<li>e-Best<\/li>\n<li>China-Import.net<\/li>\n<li>airbridge Consulting<\/li>\n<li>China Import Consult<\/li>\n<li>Stock4u<\/li>\n<li>Laboratorio de pruebas BOTH<\/li>\n<\/ul>\n<p>[\/et_pb_text][\/et_pb_column][\/et_pb_row][\/et_pb_section][et_pb_section fb_built=&#8221;1&#8243; admin_label=&#8221;Testimonials&#8221; _builder_version=&#8221;4.16&#8243; use_background_color_gradient=&#8221;on&#8221; background_color_gradient_stops=&#8221;rgba(0,106,156,0.85) 0%|rgba(0,106,156,0.85) 100%&#8221; background_color_gradient_start=&#8221;rgba(0,106,156,0.85)&#8221; background_color_gradient_end=&#8221;rgba(0,106,156,0.85)&#8221; custom_padding=&#8221;90px||60px|&#8221; animation_style=&#8221;fold&#8221; animation_direction=&#8221;bottom&#8221; animation_intensity_fold=&#8221;4%&#8221; global_colors_info=&#8221;{}&#8221;][et_pb_row _builder_version=&#8221;4.16&#8243; background_size=&#8221;initial&#8221; background_position=&#8221;top_left&#8221; background_repeat=&#8221;repeat&#8221; custom_width_px=&#8221;710px&#8221; locked=&#8221;off&#8221; global_colors_info=&#8221;{}&#8221;][et_pb_column type=&#8221;4_4&#8243; _builder_version=&#8221;4.16&#8243; background_position=&#8221;top_left&#8221; custom_padding=&#8221;|||&#8221; global_colors_info=&#8221;{}&#8221; custom_padding__hover=&#8221;|||&#8221;][et_pb_text admin_label=&#8221;Testimonials Section Title&#8221; _builder_version=&#8221;4.16&#8243; header_font=&#8221;Montserrat||||&#8221; header_font_size=&#8221;36px&#8221; background_size=&#8221;initial&#8221; background_position=&#8221;top_left&#8221; background_repeat=&#8221;repeat&#8221; text_orientation=&#8221;center&#8221; background_layout=&#8221;dark&#8221; max_width=&#8221;710px&#8221; module_alignment=&#8221;center&#8221; animation_style=&#8221;fold&#8221; animation_direction=&#8221;bottom&#8221; animation_intensity_fold=&#8221;20%&#8221; global_colors_info=&#8221;{}&#8221;]<\/p>\n<h1>M\u00e1s de 5000 clientes satisfechos.<\/h1>\n<p>&nbsp;<\/p>\n<p>[\/et_pb_text][et_pb_divider color=&#8221;#ffffff&#8221; divider_weight=&#8221;3px&#8221; disabled_on=&#8221;off|off|off&#8221; _builder_version=&#8221;4.16&#8243; background_color_gradient_direction=&#8221;90deg&#8221; max_width=&#8221;100px&#8221; module_alignment=&#8221;center&#8221; height=&#8221;5px&#8221; custom_margin=&#8221;||20px|&#8221; custom_padding=&#8221;||20px|&#8221; animation_style=&#8221;slide&#8221; animation_direction=&#8221;bottom&#8221; saved_tabs=&#8221;all&#8221; locked=&#8221;off&#8221; global_colors_info=&#8221;{}&#8221;][\/et_pb_divider][\/et_pb_column][\/et_pb_row][et_pb_row column_structure=&#8221;1_2,1_2&#8243; _builder_version=&#8221;4.18.1&#8243; _module_preset=&#8221;default&#8221; global_colors_info=&#8221;{}&#8221;][et_pb_column type=&#8221;1_2&#8243; _builder_version=&#8221;4.18.1&#8243; _module_preset=&#8221;default&#8221; global_colors_info=&#8221;{}&#8221;][et_pb_testimonial author=&#8221;Marco&#8221; portrait_url=&#8221;https:\/\/ag-frisch.com\/wp-content\/uploads\/2021\/08\/Harald.png&#8221; quote_icon=&#8221;off&#8221; _builder_version=&#8221;4.18.1&#8243; _module_preset=&#8221;default&#8221; body_font_size=&#8221;16px&#8221; use_background_color=&#8221;off&#8221; background_layout=&#8221;dark&#8221; global_colors_info=&#8221;{}&#8221;]Encargu\u00e9 a la Agencia Frisch la fabricaci\u00f3n de un gran mueble en China y su posterior traslado a Alemania. La comunicaci\u00f3n por correo fue fluida en todo momento. Las respuestas, muy r\u00e1pidas y fiables, me dieron constantemente las seguridades indispensables en una empresa de este tipo. Me ayudaron en todo momento a atravesar la jungla burocr\u00e1tica y no se me olvid\u00f3 ning\u00fan formulario ni lo rellen\u00e9 incorrectamente. \u00a1Muy loable!<a href=\"&lt;div%20class=%22pe-richsnippets%22&gt;&nbsp;&lt;\/div&gt;%20&lt;script%20type=%22text\/javascript%22%20src=%22https:\/\/www.provenexpert.com\/widget\/richsnippet.js?u=1NUA0VwZ4RUZ5tmAi5zA4RaplNKAlWwZ&amp;v=2%22%20async&gt;&lt;\/script&gt;%20&lt;div%20style=%22text-align:%20justify;%22&gt;&lt;br%20\/&gt;\"><\/a><\/p>\n<div class=\"brow ratingBarMargin\">\n<div class=\"ratingBar\">\n<div class=\"brow\">\n<div class=\"pe-richsnippets\">&nbsp;<\/div>\n<p><script type=\"text\/javascript\" src=\"https:\/\/www.provenexpert.com\/widget\/richsnippet.js?u=1NUA0VwZ4RUZ5tmAi5zA4RaplNKAlWwZ&amp;v=2\" async=\"\"><\/script><\/p>\n<div style=\"text-align: justify;\"><\/p>\n<div class=\"col-lg-9 col-md-8 col-xs-10 mt20 mb20\">\n<div class=\"col-xs-12 surveyNameForRating\"><\/div>\n<\/div>\n<\/div>\n<\/div>\n<\/div>\n<\/div>\n<p>[\/et_pb_testimonial][\/et_pb_column][et_pb_column type=&#8221;1_2&#8243; _builder_version=&#8221;4.18.1&#8243; _module_preset=&#8221;default&#8221; global_colors_info=&#8221;{}&#8221;][et_pb_testimonial author=&#8221;Simone L.&#8221; portrait_url=&#8221;https:\/\/ag-frisch.com\/wp-content\/uploads\/2021\/08\/Harald.png&#8221; quote_icon=&#8221;off&#8221; _builder_version=&#8221;4.18.1&#8243; _module_preset=&#8221;default&#8221; body_font_size=&#8221;16px&#8221; use_background_color=&#8221;off&#8221; background_layout=&#8221;dark&#8221; global_colors_info=&#8221;{}&#8221;]<\/p>\n<p>Todo arriba. No hay nada mejor que esto. El asesoramiento y la aplicaci\u00f3n no pueden hacerse mejor. Estamos m\u00e1s que satisfechos despu\u00e9s de varios pedidos con esta empresa y continuamos nuestra cooperaci\u00f3n.<\/p>\n<div class=\"brow ratingBarMargin\">\n<div class=\"ratingBar\">\n<div class=\"brow\">\n<div class=\"pe-richsnippets\"> <\/div>\n<p>\n<script type=\"text\/javascript\" src=\"https:\/\/www.provenexpert.com\/widget\/richsnippet.js?u=1NUA0VwZ4RUZ5tmAi5zA4RaplNKAlWwZ&amp;v=2\" async=\"\"><\/script>\n<\/p>\n<div style=\"text-align: justify;\">\n<p>&nbsp;<\/p>\n<div class=\"col-lg-9 col-md-8 col-xs-10 mt20 mb20\">\n<div class=\"col-xs-12 surveyNameForRating\"><\/div>\n<\/div>\n<\/div>\n<\/div>\n<\/div>\n<\/div>\n<p>[\/et_pb_testimonial][\/et_pb_column][\/et_pb_row][et_pb_row _builder_version=&#8221;4.16&#8243; background_size=&#8221;initial&#8221; background_position=&#8221;top_left&#8221; background_repeat=&#8221;repeat&#8221; custom_padding=&#8221;50px|0px|30px|0px&#8221; custom_css_main_element=&#8221;text-align: center;&#8221; global_colors_info=&#8221;{}&#8221;][et_pb_column type=&#8221;4_4&#8243; _builder_version=&#8221;4.16&#8243; custom_padding=&#8221;|||&#8221; global_colors_info=&#8221;{}&#8221; custom_padding__hover=&#8221;|||&#8221;][et_pb_button button_url=&#8221;https:\/\/www.provenexpert.com\/de-de\/agentur-frisch-international-consulting-gmbh-und-co-kg\/&#8221; button_text=&#8221;M\u00c1S VALORACIONES&#8221; button_alignment=&#8221;left&#8221; admin_label=&#8221;Testimonial Button&#8221; _builder_version=&#8221;4.16&#8243; custom_button=&#8221;on&#8221; button_text_size=&#8221;18px&#8221; button_text_color=&#8221;#ffffff&#8221; button_bg_color=&#8221;#6eba01&#8243; button_border_width=&#8221;2px&#8221; button_border_color=&#8221;#6eba01&#8243; button_border_radius=&#8221;0px&#8221; button_letter_spacing=&#8221;2px&#8221; button_font=&#8221;Montserrat|||on|&#8221; button_use_icon=&#8221;off&#8221; animation_style=&#8221;fold&#8221; animation_direction=&#8221;bottom&#8221; button_text_color_hover=&#8221;#ffffff&#8221; button_border_color_hover=&#8221;#ffffff&#8221; button_border_radius_hover=&#8221;0px&#8221; button_letter_spacing_hover=&#8221;2px&#8221; button_bg_color_hover=&#8221;rgba(255,255,255,0)&#8221; locked=&#8221;off&#8221; global_colors_info=&#8221;{}&#8221; button_text_size__hover_enabled=&#8221;off&#8221; button_one_text_size__hover_enabled=&#8221;off&#8221; button_two_text_size__hover_enabled=&#8221;off&#8221; button_text_color__hover_enabled=&#8221;on&#8221; button_text_color__hover=&#8221;#ffffff&#8221; button_one_text_color__hover_enabled=&#8221;off&#8221; button_two_text_color__hover_enabled=&#8221;off&#8221; button_border_width__hover_enabled=&#8221;off&#8221; button_one_border_width__hover_enabled=&#8221;off&#8221; button_two_border_width__hover_enabled=&#8221;off&#8221; button_border_color__hover_enabled=&#8221;on&#8221; button_border_color__hover=&#8221;#ffffff&#8221; button_one_border_color__hover_enabled=&#8221;off&#8221; button_two_border_color__hover_enabled=&#8221;off&#8221; button_border_radius__hover_enabled=&#8221;on&#8221; button_border_radius__hover=&#8221;0px&#8221; button_one_border_radius__hover_enabled=&#8221;off&#8221; button_two_border_radius__hover_enabled=&#8221;off&#8221; button_letter_spacing__hover_enabled=&#8221;on&#8221; button_letter_spacing__hover=&#8221;2px&#8221; button_one_letter_spacing__hover_enabled=&#8221;off&#8221; button_two_letter_spacing__hover_enabled=&#8221;off&#8221; button_bg_color__hover_enabled=&#8221;on&#8221; button_bg_color__hover=&#8221;rgba(255,255,255,0)&#8221; button_one_bg_color__hover_enabled=&#8221;off&#8221; button_two_bg_color__hover_enabled=&#8221;off&#8221;][\/et_pb_button][\/et_pb_column][\/et_pb_row][\/et_pb_section]<\/p>\n","protected":false},"excerpt":{"rendered":"<p>Le apoyamos a lo largo de todo el proceso de traslado de la producci\u00f3n a China y, adem\u00e1s, actuamos como asesores para usted. Fabricantes y OEM Producci\u00f3n por contrato en China para fabricantes \u00bfYa es fabricante y conoce el negocio, y busca formas de producir de forma m\u00e1s barata y eficiente? \u00bfO quiere entrar en [&hellip;]<\/p>\n","protected":false},"author":2,"featured_media":0,"parent":8608,"menu_order":0,"comment_status":"closed","ping_status":"closed","template":"","meta":{"_et_pb_use_builder":"on","_et_pb_old_content":"","_et_gb_content_width":"","footnotes":""},"class_list":["post-8743","page","type-page","status-publish","hentry"],"yoast_head":"<!-- This site is optimized with the Yoast SEO plugin v27.4 - https:\/\/yoast.com\/product\/yoast-seo-wordpress\/ -->\n<title>Importar de China como fabricante con marca propia<\/title>\n<meta name=\"description\" content=\"Comprar como fabricante de marcas en China \u25bb Productos de China para fabricantes de marcas \u2713 Socio B2B para importaciones de China \u2713 \u25bb \u00a1Obtenga asesoramiento experto ahora!\" \/>\n<meta name=\"robots\" content=\"index, follow, max-snippet:-1, max-image-preview:large, max-video-preview:-1\" \/>\n<link rel=\"canonical\" href=\"https:\/\/ag-frisch.com\/es\/nuestros-grupos-destinatarios\/fabricante\/\" \/>\n<meta property=\"og:locale\" content=\"es_ES\" \/>\n<meta property=\"og:type\" content=\"article\" \/>\n<meta property=\"og:title\" content=\"Importar de China como fabricante con marca propia\" \/>\n<meta property=\"og:description\" content=\"Comprar como fabricante de marcas en China \u25bb Productos de China para fabricantes de marcas \u2713 Socio B2B para importaciones de China \u2713 \u25bb \u00a1Obtenga asesoramiento experto ahora!\" \/>\n<meta property=\"og:url\" content=\"https:\/\/ag-frisch.com\/es\/nuestros-grupos-destinatarios\/fabricante\/\" \/>\n<meta property=\"og:site_name\" content=\"China Import Beratung f\u00fcr den Einkauf aus China\" \/>\n<meta property=\"article:publisher\" content=\"https:\/\/www.facebook.com\/China.Import\" \/>\n<meta property=\"article:modified_time\" content=\"2023-01-26T20:12:48+00:00\" \/>\n<meta name=\"twitter:card\" content=\"summary_large_image\" \/>\n<meta name=\"twitter:site\" content=\"@agenturfrisch\" \/>\n<meta name=\"twitter:label1\" content=\"Tiempo de lectura\" \/>\n\t<meta name=\"twitter:data1\" content=\"8 minutos\" \/>\n<script type=\"application\/ld+json\" class=\"yoast-schema-graph\">{\"@context\":\"https:\\\/\\\/schema.org\",\"@graph\":[{\"@type\":\"WebPage\",\"@id\":\"https:\\\/\\\/ag-frisch.com\\\/es\\\/nuestros-grupos-destinatarios\\\/fabricante\\\/\",\"url\":\"https:\\\/\\\/ag-frisch.com\\\/es\\\/nuestros-grupos-destinatarios\\\/fabricante\\\/\",\"name\":\"Importar de China como fabricante con marca propia\",\"isPartOf\":{\"@id\":\"https:\\\/\\\/ag-frisch.com\\\/de\\\/#website\"},\"datePublished\":\"2021-09-12T05:58:20+00:00\",\"dateModified\":\"2023-01-26T20:12:48+00:00\",\"description\":\"Comprar como fabricante de marcas en China \u25bb Productos de China para fabricantes de marcas \u2713 Socio B2B para importaciones de China \u2713 \u25bb \u00a1Obtenga asesoramiento experto ahora!\",\"breadcrumb\":{\"@id\":\"https:\\\/\\\/ag-frisch.com\\\/es\\\/nuestros-grupos-destinatarios\\\/fabricante\\\/#breadcrumb\"},\"inLanguage\":\"es\",\"potentialAction\":[{\"@type\":\"ReadAction\",\"target\":[\"https:\\\/\\\/ag-frisch.com\\\/es\\\/nuestros-grupos-destinatarios\\\/fabricante\\\/\"]}]},{\"@type\":\"BreadcrumbList\",\"@id\":\"https:\\\/\\\/ag-frisch.com\\\/es\\\/nuestros-grupos-destinatarios\\\/fabricante\\\/#breadcrumb\",\"itemListElement\":[{\"@type\":\"ListItem\",\"position\":1,\"name\":\"Startseite\",\"item\":\"https:\\\/\\\/ag-frisch.com\\\/de\\\/\"},{\"@type\":\"ListItem\",\"position\":2,\"name\":\"Nuestros grupos destinatarios\",\"item\":\"https:\\\/\\\/ag-frisch.com\\\/es\\\/nuestros-grupos-destinatarios\\\/\"},{\"@type\":\"ListItem\",\"position\":3,\"name\":\"Fabricante\"}]},{\"@type\":\"WebSite\",\"@id\":\"https:\\\/\\\/ag-frisch.com\\\/de\\\/#website\",\"url\":\"https:\\\/\\\/ag-frisch.com\\\/de\\\/\",\"name\":\"China Import Beratung f\u00fcr den Einkauf aus China\",\"description\":\"China Import &amp; Export Beratung - Der Dienstleister Ihres Vertrauens f\u00fcr Ihren China Import\",\"publisher\":{\"@id\":\"https:\\\/\\\/ag-frisch.com\\\/de\\\/#organization\"},\"potentialAction\":[{\"@type\":\"SearchAction\",\"target\":{\"@type\":\"EntryPoint\",\"urlTemplate\":\"https:\\\/\\\/ag-frisch.com\\\/de\\\/?s={search_term_string}\"},\"query-input\":{\"@type\":\"PropertyValueSpecification\",\"valueRequired\":true,\"valueName\":\"search_term_string\"}}],\"inLanguage\":\"es\"},{\"@type\":\"Organization\",\"@id\":\"https:\\\/\\\/ag-frisch.com\\\/de\\\/#organization\",\"name\":\"Agentur Frisch International Consulting GmbH & Co. KG\",\"url\":\"https:\\\/\\\/ag-frisch.com\\\/de\\\/\",\"logo\":{\"@type\":\"ImageObject\",\"inLanguage\":\"es\",\"@id\":\"https:\\\/\\\/ag-frisch.com\\\/de\\\/#\\\/schema\\\/logo\\\/image\\\/\",\"url\":\"https:\\\/\\\/ag-frisch.com\\\/wp-content\\\/uploads\\\/2021\\\/08\\\/ag_logo_rgb_300_small.png\",\"contentUrl\":\"https:\\\/\\\/ag-frisch.com\\\/wp-content\\\/uploads\\\/2021\\\/08\\\/ag_logo_rgb_300_small.png\",\"width\":153,\"height\":102,\"caption\":\"Agentur Frisch International Consulting GmbH & Co. KG\"},\"image\":{\"@id\":\"https:\\\/\\\/ag-frisch.com\\\/de\\\/#\\\/schema\\\/logo\\\/image\\\/\"},\"sameAs\":[\"https:\\\/\\\/www.facebook.com\\\/China.Import\",\"https:\\\/\\\/x.com\\\/agenturfrisch\"]}]}<\/script>\n<!-- \/ Yoast SEO plugin. -->","yoast_head_json":{"title":"Importar de China como fabricante con marca propia","description":"Comprar como fabricante de marcas en China \u25bb Productos de China para fabricantes de marcas \u2713 Socio B2B para importaciones de China \u2713 \u25bb \u00a1Obtenga asesoramiento experto ahora!","robots":{"index":"index","follow":"follow","max-snippet":"max-snippet:-1","max-image-preview":"max-image-preview:large","max-video-preview":"max-video-preview:-1"},"canonical":"https:\/\/ag-frisch.com\/es\/nuestros-grupos-destinatarios\/fabricante\/","og_locale":"es_ES","og_type":"article","og_title":"Importar de China como fabricante con marca propia","og_description":"Comprar como fabricante de marcas en China \u25bb Productos de China para fabricantes de marcas \u2713 Socio B2B para importaciones de China \u2713 \u25bb \u00a1Obtenga asesoramiento experto ahora!","og_url":"https:\/\/ag-frisch.com\/es\/nuestros-grupos-destinatarios\/fabricante\/","og_site_name":"China Import Beratung f\u00fcr den Einkauf aus China","article_publisher":"https:\/\/www.facebook.com\/China.Import","article_modified_time":"2023-01-26T20:12:48+00:00","twitter_card":"summary_large_image","twitter_site":"@agenturfrisch","twitter_misc":{"Tiempo de lectura":"8 minutos"},"schema":{"@context":"https:\/\/schema.org","@graph":[{"@type":"WebPage","@id":"https:\/\/ag-frisch.com\/es\/nuestros-grupos-destinatarios\/fabricante\/","url":"https:\/\/ag-frisch.com\/es\/nuestros-grupos-destinatarios\/fabricante\/","name":"Importar de China como fabricante con marca propia","isPartOf":{"@id":"https:\/\/ag-frisch.com\/de\/#website"},"datePublished":"2021-09-12T05:58:20+00:00","dateModified":"2023-01-26T20:12:48+00:00","description":"Comprar como fabricante de marcas en China \u25bb Productos de China para fabricantes de marcas \u2713 Socio B2B para importaciones de China \u2713 \u25bb \u00a1Obtenga asesoramiento experto ahora!","breadcrumb":{"@id":"https:\/\/ag-frisch.com\/es\/nuestros-grupos-destinatarios\/fabricante\/#breadcrumb"},"inLanguage":"es","potentialAction":[{"@type":"ReadAction","target":["https:\/\/ag-frisch.com\/es\/nuestros-grupos-destinatarios\/fabricante\/"]}]},{"@type":"BreadcrumbList","@id":"https:\/\/ag-frisch.com\/es\/nuestros-grupos-destinatarios\/fabricante\/#breadcrumb","itemListElement":[{"@type":"ListItem","position":1,"name":"Startseite","item":"https:\/\/ag-frisch.com\/de\/"},{"@type":"ListItem","position":2,"name":"Nuestros grupos destinatarios","item":"https:\/\/ag-frisch.com\/es\/nuestros-grupos-destinatarios\/"},{"@type":"ListItem","position":3,"name":"Fabricante"}]},{"@type":"WebSite","@id":"https:\/\/ag-frisch.com\/de\/#website","url":"https:\/\/ag-frisch.com\/de\/","name":"China Import Beratung f\u00fcr den Einkauf aus China","description":"China Import &amp; Export Beratung - Der Dienstleister Ihres Vertrauens f\u00fcr Ihren China Import","publisher":{"@id":"https:\/\/ag-frisch.com\/de\/#organization"},"potentialAction":[{"@type":"SearchAction","target":{"@type":"EntryPoint","urlTemplate":"https:\/\/ag-frisch.com\/de\/?s={search_term_string}"},"query-input":{"@type":"PropertyValueSpecification","valueRequired":true,"valueName":"search_term_string"}}],"inLanguage":"es"},{"@type":"Organization","@id":"https:\/\/ag-frisch.com\/de\/#organization","name":"Agentur Frisch International Consulting GmbH & Co. KG","url":"https:\/\/ag-frisch.com\/de\/","logo":{"@type":"ImageObject","inLanguage":"es","@id":"https:\/\/ag-frisch.com\/de\/#\/schema\/logo\/image\/","url":"https:\/\/ag-frisch.com\/wp-content\/uploads\/2021\/08\/ag_logo_rgb_300_small.png","contentUrl":"https:\/\/ag-frisch.com\/wp-content\/uploads\/2021\/08\/ag_logo_rgb_300_small.png","width":153,"height":102,"caption":"Agentur Frisch International Consulting GmbH & Co. KG"},"image":{"@id":"https:\/\/ag-frisch.com\/de\/#\/schema\/logo\/image\/"},"sameAs":["https:\/\/www.facebook.com\/China.Import","https:\/\/x.com\/agenturfrisch"]}]}},"_links":{"self":[{"href":"https:\/\/ag-frisch.com\/es\/wp-json\/wp\/v2\/pages\/8743","targetHints":{"allow":["GET"]}}],"collection":[{"href":"https:\/\/ag-frisch.com\/es\/wp-json\/wp\/v2\/pages"}],"about":[{"href":"https:\/\/ag-frisch.com\/es\/wp-json\/wp\/v2\/types\/page"}],"author":[{"embeddable":true,"href":"https:\/\/ag-frisch.com\/es\/wp-json\/wp\/v2\/users\/2"}],"replies":[{"embeddable":true,"href":"https:\/\/ag-frisch.com\/es\/wp-json\/wp\/v2\/comments?post=8743"}],"version-history":[{"count":0,"href":"https:\/\/ag-frisch.com\/es\/wp-json\/wp\/v2\/pages\/8743\/revisions"}],"up":[{"embeddable":true,"href":"https:\/\/ag-frisch.com\/es\/wp-json\/wp\/v2\/pages\/8608"}],"wp:attachment":[{"href":"https:\/\/ag-frisch.com\/es\/wp-json\/wp\/v2\/media?parent=8743"}],"curies":[{"name":"wp","href":"https:\/\/api.w.org\/{rel}","templated":true}]}}