{"id":8821,"date":"2021-08-01T12:42:13","date_gmt":"2021-08-01T10:42:13","guid":{"rendered":"https:\/\/ag-frisch.com\/pie-de-imprenta\/"},"modified":"2023-01-26T21:18:57","modified_gmt":"2023-01-26T20:18:57","slug":"pie-de-imprenta","status":"publish","type":"page","link":"https:\/\/ag-frisch.com\/es\/pie-de-imprenta\/","title":{"rendered":"Pie de imprenta"},"content":{"rendered":"<p>[et_pb_section fb_built=&#8221;1&#8243; _builder_version=&#8221;4.16&#8243; _module_preset=&#8221;default&#8221; custom_padding=&#8221;|12px||||&#8221; global_colors_info=&#8221;{}&#8221;][et_pb_row _builder_version=&#8221;4.16&#8243; _module_preset=&#8221;default&#8221; custom_margin=&#8221;|auto||290px||&#8221; global_colors_info=&#8221;{}&#8221;][et_pb_column type=&#8221;4_4&#8243; _builder_version=&#8221;4.16&#8243; _module_preset=&#8221;default&#8221; global_colors_info=&#8221;{}&#8221;][et_pb_text _builder_version=&#8221;4.18.1&#8243; _module_preset=&#8221;default&#8221; admin_label=&#8221;H1&#8243; hover_enabled=&#8221;0&#8243; sticky_enabled=&#8221;0&#8243;]<\/p>\n<h1>Agentur Frisch: Nuestro sello<\/h1>\n<p>[\/et_pb_text][et_pb_text _builder_version=&#8221;4.16&#8243; _module_preset=&#8221;default&#8221; inline_fonts=&#8221;Abhaya Libre&#8221; global_colors_info=&#8221;{}&#8221;]<\/p>\n<h1 class=\"content_pageheader\"><strong>Pie de imprenta de la Agencia Frisch<\/strong><\/h1>\n<div class=\"content_floattext\">\n<p><u>El pie de imprenta tambi\u00e9n se aplica a las p\u00e1ginas externas de Agentur Frisch que enlazan directamente con este pie de imprenta.<\/u><\/p>\n<p><strong>Agencia Frisch International<br \/>\nConsulting GmbH &amp; Co KG<\/strong><\/p>\n<p><strong>Director General: David Michael Frisch<\/strong> (economista y empresario)<\/p>\n<p><span style=\"font-size: 14px;\"><span style=\"font-family: 'Abhaya Libre'; font-size: 30px;\">import4u<\/span><\/span><span style=\"font-family: 'Abhaya Libre'; font-weight: normal;\">\u00ae;  <\/span><span style=\"font-size: 14px;\"><span style=\"font-family: 'Abhaya Libre'; font-size: 30px;\">BEIDE\u00ae<\/span>, <span style=\"font-family: 'Abhaya Libre'; font-size: 30px;\">Sourceit\u00ae<\/span> y <span style=\"font-family: 'Abhaya Libre'; font-size: 30px;\">airbridge\u00ae<\/span> son marcas comerciales de la marca paraguas Agentur <span style=\"font-family: 'Abhaya Libre'; font-size: 30px;\">Frisch\u00ae<\/span> y est\u00e1n registradas como marca comercial en la Oficina Alemana de Patentes y Marcas.<\/span><\/p>\n<p>Domicilio social de la empresa: Berl\u00edn<\/p>\n<p>Edisonstr. 18<br \/>\n12459 Berl\u00edn (Treptow-K\u00f6penick)<br \/>\nAlemania<\/p>\n<p><span style=\"text-decoration: underline;\"><strong>con agencias en Austria, Suiza, Italia, Espa\u00f1a, Reino Unido, Francia, Polonia, B\u00e9lgica, Pa\u00edses Bajos<\/strong><\/span><\/p>\n<p><span style=\"font-size: 14px;\">correo electr\u00f3nico: <\/span><a style=\"font-size: 14px;\">info@ag-frisch.com<\/a><\/p>\n<p>CIF: DE290378221<br \/>\nOficina del Impuesto de Sociedades IV<\/p>\n<p>HRA 47569 B (Juzgado de Primera Instancia de Charlottenburg)<\/p>\n<p><span style=\"font-size: 14px;\">Tel\u00e9fono: <\/span><span class=\"skype_c2c_print_container notranslate\" style=\"font-size: 14px;\">0049 (0) 30 32 89 68 83<\/span><span id=\"skype_c2c_container\" class=\"skype_c2c_container notranslate\" dir=\"ltr\" style=\"font-size: 14px;\" tabindex=\"-1\" data-numbertocall=\"+493032896883\" data-isfreecall=\"false\" data-isrtl=\"false\" data-ismobile=\"false\"><span class=\"skype_c2c_highlighting_inactive_common\" dir=\"ltr\"><span id=\"non_free_num_ui\" class=\"skype_c2c_textarea_span\"><img loading=\"lazy\" decoding=\"async\" class=\"skype_c2c_logo_img\" src=\"resource:\/\/skype_ff_extension-at-jetpack\/skype_ff_extension\/data\/call_skype_logo.png\" alt=\"\" width=\"0\" height=\"0\"><\/span><\/span><\/span><\/p>\n<p>Correo electr\u00f3nico:<br \/>\n<a>info@ag-frisch.com<\/a><\/p>\n<p>Skype: Dav1d27<\/p>\n<p>Internet<br \/>\n<a href=\"http:\/\/www.agentur-frisch.de\/\">www.ag-frisch.com<\/a><\/p>\n<p>Foro de asistencia<br \/>\n<a href=\"http:\/\/www.asiaboard.de\/\">www.asiaboard.de<\/a><\/p>\n<p>Responsable de textos y contenidos: David Frisch<\/p>\n<p>Socio personalmente responsable:<br \/>\n<strong>Agencia Frisch Administration GmbH<br \/>\nSede central en Berl\u00edn<br \/>\nJuzgado de Primera Instancia de Charlottenburg, HRB 146203 B<br \/>\nCIF: DE285997111<br \/>\nDirector General: David Michael Frisch<br \/>\n<\/strong><\/p>\n<p>Agentur Frisch no adopta los socios de cooperaci\u00f3n y las marcas nombradas en las p\u00e1ginas como propias. El propietario es el titular respectivo.<\/p>\n<p>Agentur Frisch no se hace responsable del contenido de los enlaces externos y no adopta su contenido como propio. Los contenidos son responsabilidad de los respectivos operadores de los sitios. Por favor, s\u00f3lo introduzca sitios externos si usted mismo asume que son de confianza. Hemos comprobado las p\u00e1ginas, pero los contenidos pueden cambiar y no nos es posible realizar una comprobaci\u00f3n constante.<\/p>\n<p>El asesoramiento jur\u00eddico y fiscal corre a cargo de cada uno de los socios mencionados. En la medida en que estos servicios est\u00e1n incluidos en las ofertas de Agentur Frisch, Agentur Frisch hace uso de su apoyo y no proporciona ning\u00fan asesoramiento jur\u00eddico o fiscal en s\u00ed.<\/p>\n<\/div>\n<p>.<\/p>\n<p>&nbsp;<\/p>\n<p>[\/et_pb_text][\/et_pb_column][\/et_pb_row][\/et_pb_section]<\/p>\n","protected":false},"excerpt":{"rendered":"<p>Agentur Frisch: Nuestro sello Pie de imprenta de la Agencia Frisch El pie de imprenta tambi\u00e9n se aplica a las p\u00e1ginas externas de Agentur Frisch que enlazan directamente con este pie de imprenta. Agencia Frisch International Consulting GmbH &amp; Co KG Director General: David Michael Frisch (economista y empresario) import4u\u00ae; BEIDE\u00ae, Sourceit\u00ae y airbridge\u00ae son [&hellip;]<\/p>\n","protected":false},"author":6,"featured_media":0,"parent":0,"menu_order":0,"comment_status":"closed","ping_status":"closed","template":"","meta":{"_et_pb_use_builder":"on","_et_pb_old_content":"","_et_gb_content_width":"","footnotes":""},"class_list":["post-8821","page","type-page","status-publish","hentry"],"yoast_head":"<!-- This site is optimized with the Yoast SEO plugin v27.4 - https:\/\/yoast.com\/product\/yoast-seo-wordpress\/ -->\n<title>Pie de imprenta | AG Frisch en Berl\u00edn<\/title>\n<meta name=\"description\" content=\"El sello de Agentur Frisch International Consulting GmbH &amp; Co. KG \u25ba \u00a1Saber m\u00e1s ahora!\" \/>\n<meta name=\"robots\" content=\"index, follow, max-snippet:-1, max-image-preview:large, max-video-preview:-1\" \/>\n<link rel=\"canonical\" href=\"https:\/\/ag-frisch.com\/es\/pie-de-imprenta\/\" \/>\n<meta property=\"og:locale\" content=\"es_ES\" \/>\n<meta property=\"og:type\" content=\"article\" \/>\n<meta property=\"og:title\" content=\"Pie de imprenta | AG Frisch en Berl\u00edn\" \/>\n<meta property=\"og:description\" content=\"El sello de Agentur Frisch International Consulting GmbH &amp; Co. KG \u25ba \u00a1Saber m\u00e1s ahora!\" \/>\n<meta property=\"og:url\" content=\"https:\/\/ag-frisch.com\/es\/pie-de-imprenta\/\" \/>\n<meta property=\"og:site_name\" content=\"China Import Beratung f\u00fcr den Einkauf aus China\" \/>\n<meta property=\"article:publisher\" content=\"https:\/\/www.facebook.com\/China.Import\" \/>\n<meta property=\"article:modified_time\" content=\"2023-01-26T20:18:57+00:00\" \/>\n<meta property=\"og:image\" content=\"\" \/>\n<meta name=\"twitter:card\" content=\"summary_large_image\" \/>\n<meta name=\"twitter:site\" content=\"@agenturfrisch\" \/>\n<meta name=\"twitter:label1\" content=\"Tiempo de lectura\" \/>\n\t<meta name=\"twitter:data1\" content=\"2 minutos\" \/>\n<script type=\"application\/ld+json\" class=\"yoast-schema-graph\">{\"@context\":\"https:\\\/\\\/schema.org\",\"@graph\":[{\"@type\":\"WebPage\",\"@id\":\"https:\\\/\\\/ag-frisch.com\\\/es\\\/pie-de-imprenta\\\/\",\"url\":\"https:\\\/\\\/ag-frisch.com\\\/es\\\/pie-de-imprenta\\\/\",\"name\":\"Pie de imprenta | AG Frisch en Berl\u00edn\",\"isPartOf\":{\"@id\":\"https:\\\/\\\/ag-frisch.com\\\/de\\\/#website\"},\"primaryImageOfPage\":{\"@id\":\"https:\\\/\\\/ag-frisch.com\\\/es\\\/pie-de-imprenta\\\/#primaryimage\"},\"image\":{\"@id\":\"https:\\\/\\\/ag-frisch.com\\\/es\\\/pie-de-imprenta\\\/#primaryimage\"},\"thumbnailUrl\":\"resource:\\\/\\\/skype_ff_extension-at-jetpack\\\/skype_ff_extension\\\/data\\\/call_skype_logo.png\",\"datePublished\":\"2021-08-01T10:42:13+00:00\",\"dateModified\":\"2023-01-26T20:18:57+00:00\",\"description\":\"El sello de Agentur Frisch International Consulting GmbH & Co. KG \u25ba \u00a1Saber m\u00e1s ahora!\",\"breadcrumb\":{\"@id\":\"https:\\\/\\\/ag-frisch.com\\\/es\\\/pie-de-imprenta\\\/#breadcrumb\"},\"inLanguage\":\"es\",\"potentialAction\":[{\"@type\":\"ReadAction\",\"target\":[\"https:\\\/\\\/ag-frisch.com\\\/es\\\/pie-de-imprenta\\\/\"]}]},{\"@type\":\"ImageObject\",\"inLanguage\":\"es\",\"@id\":\"https:\\\/\\\/ag-frisch.com\\\/es\\\/pie-de-imprenta\\\/#primaryimage\",\"url\":\"resource:\\\/\\\/skype_ff_extension-at-jetpack\\\/skype_ff_extension\\\/data\\\/call_skype_logo.png\",\"contentUrl\":\"resource:\\\/\\\/skype_ff_extension-at-jetpack\\\/skype_ff_extension\\\/data\\\/call_skype_logo.png\"},{\"@type\":\"BreadcrumbList\",\"@id\":\"https:\\\/\\\/ag-frisch.com\\\/es\\\/pie-de-imprenta\\\/#breadcrumb\",\"itemListElement\":[{\"@type\":\"ListItem\",\"position\":1,\"name\":\"Startseite\",\"item\":\"https:\\\/\\\/ag-frisch.com\\\/de\\\/\"},{\"@type\":\"ListItem\",\"position\":2,\"name\":\"Pie de imprenta\"}]},{\"@type\":\"WebSite\",\"@id\":\"https:\\\/\\\/ag-frisch.com\\\/de\\\/#website\",\"url\":\"https:\\\/\\\/ag-frisch.com\\\/de\\\/\",\"name\":\"China Import Beratung f\u00fcr den Einkauf aus China\",\"description\":\"China Import &amp; Export Beratung - Der Dienstleister Ihres Vertrauens f\u00fcr Ihren China Import\",\"publisher\":{\"@id\":\"https:\\\/\\\/ag-frisch.com\\\/de\\\/#organization\"},\"potentialAction\":[{\"@type\":\"SearchAction\",\"target\":{\"@type\":\"EntryPoint\",\"urlTemplate\":\"https:\\\/\\\/ag-frisch.com\\\/de\\\/?s={search_term_string}\"},\"query-input\":{\"@type\":\"PropertyValueSpecification\",\"valueRequired\":true,\"valueName\":\"search_term_string\"}}],\"inLanguage\":\"es\"},{\"@type\":\"Organization\",\"@id\":\"https:\\\/\\\/ag-frisch.com\\\/de\\\/#organization\",\"name\":\"Agentur Frisch International Consulting GmbH & Co. KG\",\"url\":\"https:\\\/\\\/ag-frisch.com\\\/de\\\/\",\"logo\":{\"@type\":\"ImageObject\",\"inLanguage\":\"es\",\"@id\":\"https:\\\/\\\/ag-frisch.com\\\/de\\\/#\\\/schema\\\/logo\\\/image\\\/\",\"url\":\"https:\\\/\\\/ag-frisch.com\\\/wp-content\\\/uploads\\\/2021\\\/08\\\/ag_logo_rgb_300_small.png\",\"contentUrl\":\"https:\\\/\\\/ag-frisch.com\\\/wp-content\\\/uploads\\\/2021\\\/08\\\/ag_logo_rgb_300_small.png\",\"width\":153,\"height\":102,\"caption\":\"Agentur Frisch International Consulting GmbH & Co. KG\"},\"image\":{\"@id\":\"https:\\\/\\\/ag-frisch.com\\\/de\\\/#\\\/schema\\\/logo\\\/image\\\/\"},\"sameAs\":[\"https:\\\/\\\/www.facebook.com\\\/China.Import\",\"https:\\\/\\\/x.com\\\/agenturfrisch\"]}]}<\/script>\n<!-- \/ Yoast SEO plugin. -->","yoast_head_json":{"title":"Pie de imprenta | AG Frisch en Berl\u00edn","description":"El sello de Agentur Frisch International Consulting GmbH & Co. KG \u25ba \u00a1Saber m\u00e1s ahora!","robots":{"index":"index","follow":"follow","max-snippet":"max-snippet:-1","max-image-preview":"max-image-preview:large","max-video-preview":"max-video-preview:-1"},"canonical":"https:\/\/ag-frisch.com\/es\/pie-de-imprenta\/","og_locale":"es_ES","og_type":"article","og_title":"Pie de imprenta | AG Frisch en Berl\u00edn","og_description":"El sello de Agentur Frisch International Consulting GmbH & Co. KG \u25ba \u00a1Saber m\u00e1s ahora!","og_url":"https:\/\/ag-frisch.com\/es\/pie-de-imprenta\/","og_site_name":"China Import Beratung f\u00fcr den Einkauf aus China","article_publisher":"https:\/\/www.facebook.com\/China.Import","article_modified_time":"2023-01-26T20:18:57+00:00","og_image":[{"url":"resource:\/\/skype_ff_extension-at-jetpack\/skype_ff_extension\/data\/call_skype_logo.png","type":"","width":"","height":""}],"twitter_card":"summary_large_image","twitter_site":"@agenturfrisch","twitter_misc":{"Tiempo de lectura":"2 minutos"},"schema":{"@context":"https:\/\/schema.org","@graph":[{"@type":"WebPage","@id":"https:\/\/ag-frisch.com\/es\/pie-de-imprenta\/","url":"https:\/\/ag-frisch.com\/es\/pie-de-imprenta\/","name":"Pie de imprenta | AG Frisch en Berl\u00edn","isPartOf":{"@id":"https:\/\/ag-frisch.com\/de\/#website"},"primaryImageOfPage":{"@id":"https:\/\/ag-frisch.com\/es\/pie-de-imprenta\/#primaryimage"},"image":{"@id":"https:\/\/ag-frisch.com\/es\/pie-de-imprenta\/#primaryimage"},"thumbnailUrl":"resource:\/\/skype_ff_extension-at-jetpack\/skype_ff_extension\/data\/call_skype_logo.png","datePublished":"2021-08-01T10:42:13+00:00","dateModified":"2023-01-26T20:18:57+00:00","description":"El sello de Agentur Frisch International Consulting GmbH & Co. KG \u25ba \u00a1Saber m\u00e1s ahora!","breadcrumb":{"@id":"https:\/\/ag-frisch.com\/es\/pie-de-imprenta\/#breadcrumb"},"inLanguage":"es","potentialAction":[{"@type":"ReadAction","target":["https:\/\/ag-frisch.com\/es\/pie-de-imprenta\/"]}]},{"@type":"ImageObject","inLanguage":"es","@id":"https:\/\/ag-frisch.com\/es\/pie-de-imprenta\/#primaryimage","url":"resource:\/\/skype_ff_extension-at-jetpack\/skype_ff_extension\/data\/call_skype_logo.png","contentUrl":"resource:\/\/skype_ff_extension-at-jetpack\/skype_ff_extension\/data\/call_skype_logo.png"},{"@type":"BreadcrumbList","@id":"https:\/\/ag-frisch.com\/es\/pie-de-imprenta\/#breadcrumb","itemListElement":[{"@type":"ListItem","position":1,"name":"Startseite","item":"https:\/\/ag-frisch.com\/de\/"},{"@type":"ListItem","position":2,"name":"Pie de imprenta"}]},{"@type":"WebSite","@id":"https:\/\/ag-frisch.com\/de\/#website","url":"https:\/\/ag-frisch.com\/de\/","name":"China Import Beratung f\u00fcr den Einkauf aus China","description":"China Import &amp; Export Beratung - Der Dienstleister Ihres Vertrauens f\u00fcr Ihren China Import","publisher":{"@id":"https:\/\/ag-frisch.com\/de\/#organization"},"potentialAction":[{"@type":"SearchAction","target":{"@type":"EntryPoint","urlTemplate":"https:\/\/ag-frisch.com\/de\/?s={search_term_string}"},"query-input":{"@type":"PropertyValueSpecification","valueRequired":true,"valueName":"search_term_string"}}],"inLanguage":"es"},{"@type":"Organization","@id":"https:\/\/ag-frisch.com\/de\/#organization","name":"Agentur Frisch International Consulting GmbH & Co. KG","url":"https:\/\/ag-frisch.com\/de\/","logo":{"@type":"ImageObject","inLanguage":"es","@id":"https:\/\/ag-frisch.com\/de\/#\/schema\/logo\/image\/","url":"https:\/\/ag-frisch.com\/wp-content\/uploads\/2021\/08\/ag_logo_rgb_300_small.png","contentUrl":"https:\/\/ag-frisch.com\/wp-content\/uploads\/2021\/08\/ag_logo_rgb_300_small.png","width":153,"height":102,"caption":"Agentur Frisch International Consulting GmbH & Co. KG"},"image":{"@id":"https:\/\/ag-frisch.com\/de\/#\/schema\/logo\/image\/"},"sameAs":["https:\/\/www.facebook.com\/China.Import","https:\/\/x.com\/agenturfrisch"]}]}},"_links":{"self":[{"href":"https:\/\/ag-frisch.com\/es\/wp-json\/wp\/v2\/pages\/8821","targetHints":{"allow":["GET"]}}],"collection":[{"href":"https:\/\/ag-frisch.com\/es\/wp-json\/wp\/v2\/pages"}],"about":[{"href":"https:\/\/ag-frisch.com\/es\/wp-json\/wp\/v2\/types\/page"}],"author":[{"embeddable":true,"href":"https:\/\/ag-frisch.com\/es\/wp-json\/wp\/v2\/users\/6"}],"replies":[{"embeddable":true,"href":"https:\/\/ag-frisch.com\/es\/wp-json\/wp\/v2\/comments?post=8821"}],"version-history":[{"count":0,"href":"https:\/\/ag-frisch.com\/es\/wp-json\/wp\/v2\/pages\/8821\/revisions"}],"wp:attachment":[{"href":"https:\/\/ag-frisch.com\/es\/wp-json\/wp\/v2\/media?parent=8821"}],"curies":[{"name":"wp","href":"https:\/\/api.w.org\/{rel}","templated":true}]}}