{"id":8898,"date":"2021-09-12T07:56:03","date_gmt":"2021-09-12T05:56:03","guid":{"rendered":"https:\/\/ag-frisch.com\/nuestros-grupos-destinatarios\/mayoristas-y-distribuidores\/"},"modified":"2023-01-26T21:25:51","modified_gmt":"2023-01-26T20:25:51","slug":"mayoristas-y-distribuidores","status":"publish","type":"page","link":"https:\/\/ag-frisch.com\/es\/nuestros-grupos-destinatarios\/mayoristas-y-distribuidores\/","title":{"rendered":"Mayoristas y distribuidores"},"content":{"rendered":"<p>[et_pb_section fb_built=&#8221;1&#8243; _builder_version=&#8221;4.16&#8243; _module_preset=&#8221;default&#8221; global_colors_info=&#8221;{}&#8221;][et_pb_row _builder_version=&#8221;4.18.1&#8243; _module_preset=&#8221;default&#8221; global_colors_info=&#8221;{}&#8221;][et_pb_column type=&#8221;4_4&#8243; _builder_version=&#8221;4.18.1&#8243; _module_preset=&#8221;default&#8221; global_colors_info=&#8221;{}&#8221;][et_pb_cta title=&#8221;Pedidos como mayorista y distribuidor de China&#8221; button_url=&#8221;https:\/\/ag-frisch.com\/es\/contacte-con\/&#8221; button_text=&#8221;Reserve ahora una consulta&#8221; _builder_version=&#8221;4.18.1&#8243; _module_preset=&#8221;default&#8221; hover_enabled=&#8221;0&#8243; global_colors_info=&#8221;{}&#8221; sticky_enabled=&#8221;0&#8243;]<\/p>\n<p>Con el asesoramiento de la Agencia de Importaci\u00f3n China Frisch, conseguir\u00e1 hacer negocios con China como si lo hicieran profesionales.<\/p>\n<p>[\/et_pb_cta][\/et_pb_column][\/et_pb_row][et_pb_row _builder_version=&#8221;4.16&#8243; _module_preset=&#8221;default&#8221; global_colors_info=&#8221;{}&#8221;][et_pb_column type=&#8221;4_4&#8243; _builder_version=&#8221;4.16&#8243; _module_preset=&#8221;default&#8221; global_colors_info=&#8221;{}&#8221;][et_pb_text _builder_version=&#8221;4.16&#8243; _module_preset=&#8221;default&#8221; global_colors_info=&#8221;{}&#8221;]<\/p>\n<h2><strong>Mayoristas y distribuidores<\/strong><\/h2>\n<p><strong>Compre en grandes cantidades: Mayoristas de importaci\u00f3n de China<\/strong><\/p>\n<p>Como mayorista, se enfrenta a retos especiales. Usted es responsable de las mercanc\u00edas ante sus importantes socios comerciales y tiene que decidir un sabio equilibrio entre precio y calidad. Agentur Frisch es su socio fuerte para la compra de grandes cantidades directamente del fabricante: aqu\u00ed, la calidad, el precio y el rendimiento son los correctos.<\/p>\n<p>&nbsp;<\/p>\n<p><strong>Las mejores conexiones para su beneficio<\/strong><\/p>\n<p>Para obtener los mejores m\u00e1rgenes de beneficio al comprar grandes cantidades en China, son necesarias unas conexiones comerciales buenas y estables. La agencia Frisch cuenta con muchos a\u00f1os de experiencia y amplios conocimientos. S\u00f3lo trabajamos con fabricantes de cuya calidad y fiabilidad podemos dar fe, y s\u00f3lo intermediamos con mercanc\u00edas que pasan la aduana sin problemas. Nuestras conexiones s\u00f3lidas e inquebrantables con China son una piedra importante en el mosaico del \u00e9xito de su negocio como mayorista cuando compra directamente al fabricante.<\/p>\n<p>&nbsp;<\/p>\n<p><strong>Construir su propia marca con importaciones de China<\/strong><\/p>\n<p>\u00bfSigue intentando hacerse un nombre? \u00bfQuiere conquistar un nuevo segmento en el comercio mayorista, distribuir un nuevo producto o incluso hacer que lo desarrollen? La Agencia Frisch tambi\u00e9n est\u00e1 a su lado en esto. Juntos analizamos sus necesidades y posibilidades y elaboramos un concepto de importaci\u00f3n sobre esta base. Este planteamiento espec\u00edfico y estructurado garantiza el m\u00e1ximo \u00e9xito y el m\u00ednimo riesgo. Nos ocupamos de todos los aspectos que hay que tener en cuenta al comprar directamente al fabricante en China.<\/p>\n<p>&nbsp;<\/p>\n<p><strong>Nuestra gama de productos: tan diversa como la importaci\u00f3n de China<\/strong><\/p>\n<p>Como importador de servicios completos de China, no nos limitamos a un \u00fanico sector, sino que podemos suministrarle pr\u00e1cticamente todos los productos disponibles gracias a nuestros conocimientos, nuestras conexiones y nuestra log\u00edstica. Un extracto de nuestra gama comercial:<\/p>\n<ul>\n<li>Coches, motos, e-bikes y bicicletas<\/li>\n<li>Bricolaje, herramientas<\/li>\n<li>Material de oficina y comercial, papeler\u00eda, material publicitario<\/li>\n<li>Salud, bienestar y cosm\u00e9tica<\/li>\n<li>Arte y antig\u00fcedades (r\u00e9plicas)<\/li>\n<li>Electrodom\u00e9sticos, grandes electrodom\u00e9sticos, peque\u00f1os electrodom\u00e9sticos de cocina y grandes electrodom\u00e9sticos de cocina<\/li>\n<li>Ropa, bolsos, zapatos y accesorios<\/li>\n<li>y mucho m\u00e1s.<\/li>\n<\/ul>\n<p><strong>\u00a1P\u00f3ngase en contacto con nosotros y tambi\u00e9n realizaremos sus compras al por mayor en China!<\/strong><\/p>\n<p>&nbsp;<\/p>\n<p><strong>Contratos estancos para una cooperaci\u00f3n fluida<\/strong><\/p>\n<p>Para que la cooperaci\u00f3n entre mayoristas y fabricantes en China sea lo m\u00e1s fiable y libre de complicaciones posible, es esencial que los contratos sean v\u00e1lidos. Estaremos encantados de asumir esta tarea por usted cuando compre grandes cantidades en China o cree su propia marca. Nuestro departamento jur\u00eddico se encarga de la redacci\u00f3n de sus contratos con proveedores y le evita as\u00ed sorpresas desagradables.<\/p>\n<p>&nbsp;<\/p>\n<p><strong>Conformidad y certificaci\u00f3n para distribuidores<\/strong><\/p>\n<p>La Ley alemana de Seguridad de los Productos estipula que el importador de China es responsable de las mercanc\u00edas que importa. Un an\u00e1lisis de riesgos es la base de la evaluaci\u00f3n de riesgos de los productos que usted encarga. Tambi\u00e9n son obligatorios los controles aleatorios peri\u00f3dicos y las inspecciones por muestreo. Las instrucciones de seguridad y el marcado CE pueden ser necesarios en funci\u00f3n del tipo de producto. Aclaramos de antemano los pasos exactos que hay que dar con usted y el fabricante, para que pueda comprar grandes cantidades en China sin dudarlo.<\/p>\n<p>&nbsp;<\/p>\n<p><strong>Agentur Frisch: Agencia de servicios integrales para la venta al por mayor desde China<\/strong><\/p>\n<p>Agentur Frisch se considera un proveedor de servicios integrales para sus compras al por mayor directamente al fabricante en China. Por ello, le ofrecemos todos los servicios asociados a la compra de grandes cantidades en China a un \u00fanico proveedor. Esto ahorra costes y tiempo y evita rutas largas y costosas. La Agencia Frisch lo har\u00e1 por usted:<\/p>\n<ul>\n<li>B\u00fasqueda de fabricantes, negociaci\u00f3n de precios, dise\u00f1o de contratos<\/li>\n<li>Conformidad, garant\u00eda de calidad, inspecciones<\/li>\n<li>Log\u00edstica, control de las importaciones, transporte<\/li>\n<li>y mucho, mucho m\u00e1s<\/li>\n<\/ul>\n<p>No importa si desea ampliar su gama de productos o establecer su propia marca nueva, si compra grandes cantidades directamente al fabricante en China o si tiene otros planes: \u00a1Agentur Frisch es su socio fuerte para las importaciones de China!<\/p>\n<p><strong> <\/strong><\/p>\n<p><strong>Mayoristas y distribuidores<\/strong><\/p>\n<p>\u00bfCompra y distribuye mercanc\u00edas en grandes cantidades y trata con grandes empresas comerciales o consumidores al por mayor? \u00bfDesea crear nuevos productos en su gama, introducirse en \u00e1reas de productos en las que usted, o sus compradores, a\u00fan no tienen experiencia? \u00bfO quiere implantar sus propias ideas de productos en China y a\u00fan est\u00e1 buscando el socio adecuado? Estaremos encantados de ayudarle con su proyecto en China. Puede concentrarse en su actividad principal, como el desarrollo del mercado y el servicio, y en las ventas.<\/p>\n<p>[\/et_pb_text][\/et_pb_column][\/et_pb_row][\/et_pb_section][et_pb_section fb_built=&#8221;1&#8243; admin_label=&#8221;Testimonials&#8221; _builder_version=&#8221;4.16&#8243; use_background_color_gradient=&#8221;on&#8221; background_color_gradient_stops=&#8221;rgba(0,106,156,0.85) 0%|rgba(0,106,156,0.85) 100%&#8221; background_color_gradient_start=&#8221;rgba(0,106,156,0.85)&#8221; background_color_gradient_end=&#8221;rgba(0,106,156,0.85)&#8221; custom_padding=&#8221;90px||60px|&#8221; animation_style=&#8221;fold&#8221; animation_direction=&#8221;bottom&#8221; animation_intensity_fold=&#8221;4%&#8221; global_colors_info=&#8221;{}&#8221;][et_pb_row _builder_version=&#8221;4.16&#8243; background_size=&#8221;initial&#8221; background_position=&#8221;top_left&#8221; background_repeat=&#8221;repeat&#8221; custom_width_px=&#8221;710px&#8221; locked=&#8221;off&#8221; global_colors_info=&#8221;{}&#8221;][et_pb_column type=&#8221;4_4&#8243; _builder_version=&#8221;4.16&#8243; background_position=&#8221;top_left&#8221; custom_padding=&#8221;|||&#8221; global_colors_info=&#8221;{}&#8221; custom_padding__hover=&#8221;|||&#8221;][et_pb_text admin_label=&#8221;Testimonials Section Title&#8221; _builder_version=&#8221;4.16&#8243; header_font=&#8221;Montserrat||||&#8221; header_font_size=&#8221;36px&#8221; background_size=&#8221;initial&#8221; background_position=&#8221;top_left&#8221; background_repeat=&#8221;repeat&#8221; text_orientation=&#8221;center&#8221; background_layout=&#8221;dark&#8221; max_width=&#8221;710px&#8221; module_alignment=&#8221;center&#8221; animation_style=&#8221;fold&#8221; animation_direction=&#8221;bottom&#8221; animation_intensity_fold=&#8221;20%&#8221; global_colors_info=&#8221;{}&#8221;]<\/p>\n<h1>M\u00e1s de 5000 clientes satisfechos.<\/h1>\n<p>&nbsp;<\/p>\n<p>[\/et_pb_text][et_pb_divider color=&#8221;#ffffff&#8221; divider_weight=&#8221;3px&#8221; disabled_on=&#8221;off|off|off&#8221; _builder_version=&#8221;4.16&#8243; background_color_gradient_direction=&#8221;90deg&#8221; max_width=&#8221;100px&#8221; module_alignment=&#8221;center&#8221; height=&#8221;5px&#8221; custom_margin=&#8221;||20px|&#8221; custom_padding=&#8221;||20px|&#8221; animation_style=&#8221;slide&#8221; animation_direction=&#8221;bottom&#8221; saved_tabs=&#8221;all&#8221; locked=&#8221;off&#8221; global_colors_info=&#8221;{}&#8221;][\/et_pb_divider][\/et_pb_column][\/et_pb_row][et_pb_row column_structure=&#8221;1_2,1_2&#8243; _builder_version=&#8221;4.18.1&#8243; _module_preset=&#8221;default&#8221; global_colors_info=&#8221;{}&#8221;][et_pb_column type=&#8221;1_2&#8243; _builder_version=&#8221;4.18.1&#8243; _module_preset=&#8221;default&#8221; global_colors_info=&#8221;{}&#8221;][et_pb_testimonial author=&#8221;Marco&#8221; portrait_url=&#8221;https:\/\/ag-frisch.com\/wp-content\/uploads\/2021\/08\/Harald.png&#8221; quote_icon=&#8221;off&#8221; _builder_version=&#8221;4.18.1&#8243; _module_preset=&#8221;default&#8221; body_font_size=&#8221;16px&#8221; use_background_color=&#8221;off&#8221; background_layout=&#8221;dark&#8221; global_colors_info=&#8221;{}&#8221;]Encargu\u00e9 a la Agencia Frisch la fabricaci\u00f3n de un gran mueble en China y su posterior traslado a Alemania. La comunicaci\u00f3n por correo fue fluida en todo momento. Las respuestas, muy r\u00e1pidas y fiables, me dieron constantemente las seguridades indispensables en una empresa de este tipo. Me ayudaron en todo momento a atravesar la jungla burocr\u00e1tica y no se me olvid\u00f3 ning\u00fan formulario ni lo rellen\u00e9 incorrectamente. \u00a1Muy loable!<a href=\"&lt;div%20class=%22pe-richsnippets%22&gt;&nbsp;&lt;\/div&gt;%20&lt;script%20type=%22text\/javascript%22%20src=%22https:\/\/www.provenexpert.com\/widget\/richsnippet.js?u=1NUA0VwZ4RUZ5tmAi5zA4RaplNKAlWwZ&amp;v=2%22%20async&gt;&lt;\/script&gt;%20&lt;div%20style=%22text-align:%20justify;%22&gt;&lt;br%20\/&gt;\"><\/a><\/p>\n<div class=\"brow ratingBarMargin\">\n<div class=\"ratingBar\">\n<div class=\"brow\">\n<div class=\"pe-richsnippets\">&nbsp;<\/div>\n<p><script type=\"text\/javascript\" src=\"https:\/\/www.provenexpert.com\/widget\/richsnippet.js?u=1NUA0VwZ4RUZ5tmAi5zA4RaplNKAlWwZ&amp;v=2\" async=\"\"><\/script><\/p>\n<div style=\"text-align: justify;\"><\/p>\n<div class=\"col-lg-9 col-md-8 col-xs-10 mt20 mb20\">\n<div class=\"col-xs-12 surveyNameForRating\"><\/div>\n<\/div>\n<\/div>\n<\/div>\n<\/div>\n<\/div>\n<p>[\/et_pb_testimonial][\/et_pb_column][et_pb_column type=&#8221;1_2&#8243; _builder_version=&#8221;4.18.1&#8243; _module_preset=&#8221;default&#8221; global_colors_info=&#8221;{}&#8221;][et_pb_testimonial author=&#8221;Simone L.&#8221; portrait_url=&#8221;https:\/\/ag-frisch.com\/wp-content\/uploads\/2021\/08\/Harald.png&#8221; quote_icon=&#8221;off&#8221; _builder_version=&#8221;4.18.1&#8243; _module_preset=&#8221;default&#8221; body_font_size=&#8221;16px&#8221; use_background_color=&#8221;off&#8221; background_layout=&#8221;dark&#8221; global_colors_info=&#8221;{}&#8221;]<\/p>\n<p>Todo arriba. No hay nada mejor que esto. El asesoramiento y la aplicaci\u00f3n no pueden hacerse mejor. Estamos m\u00e1s que satisfechos despu\u00e9s de varios pedidos con esta empresa y continuamos nuestra cooperaci\u00f3n.<\/p>\n<div class=\"brow ratingBarMargin\">\n<div class=\"ratingBar\">\n<div class=\"brow\">\n<div class=\"pe-richsnippets\"> <\/div>\n<p>\n<script type=\"text\/javascript\" src=\"https:\/\/www.provenexpert.com\/widget\/richsnippet.js?u=1NUA0VwZ4RUZ5tmAi5zA4RaplNKAlWwZ&amp;v=2\" async=\"\"><\/script>\n<\/p>\n<div style=\"text-align: justify;\">\n<p>&nbsp;<\/p>\n<div class=\"col-lg-9 col-md-8 col-xs-10 mt20 mb20\">\n<div class=\"col-xs-12 surveyNameForRating\"><\/div>\n<\/div>\n<\/div>\n<\/div>\n<\/div>\n<\/div>\n<p>[\/et_pb_testimonial][\/et_pb_column][\/et_pb_row][et_pb_row _builder_version=&#8221;4.16&#8243; background_size=&#8221;initial&#8221; background_position=&#8221;top_left&#8221; background_repeat=&#8221;repeat&#8221; custom_padding=&#8221;50px|0px|30px|0px&#8221; custom_css_main_element=&#8221;text-align: center;&#8221; global_colors_info=&#8221;{}&#8221;][et_pb_column type=&#8221;4_4&#8243; _builder_version=&#8221;4.16&#8243; custom_padding=&#8221;|||&#8221; global_colors_info=&#8221;{}&#8221; custom_padding__hover=&#8221;|||&#8221;][et_pb_button button_url=&#8221;https:\/\/www.provenexpert.com\/de-de\/agentur-frisch-international-consulting-gmbh-und-co-kg\/&#8221; button_text=&#8221;M\u00c1S VALORACIONES&#8221; button_alignment=&#8221;left&#8221; admin_label=&#8221;Testimonial Button&#8221; _builder_version=&#8221;4.16&#8243; custom_button=&#8221;on&#8221; button_text_size=&#8221;18px&#8221; button_text_color=&#8221;#ffffff&#8221; button_bg_color=&#8221;#6eba01&#8243; button_border_width=&#8221;2px&#8221; button_border_color=&#8221;#6eba01&#8243; button_border_radius=&#8221;0px&#8221; button_letter_spacing=&#8221;2px&#8221; button_font=&#8221;Montserrat|||on|&#8221; button_use_icon=&#8221;off&#8221; animation_style=&#8221;fold&#8221; animation_direction=&#8221;bottom&#8221; button_text_color_hover=&#8221;#ffffff&#8221; button_border_color_hover=&#8221;#ffffff&#8221; button_border_radius_hover=&#8221;0px&#8221; button_letter_spacing_hover=&#8221;2px&#8221; button_bg_color_hover=&#8221;rgba(255,255,255,0)&#8221; locked=&#8221;off&#8221; global_colors_info=&#8221;{}&#8221; button_text_size__hover_enabled=&#8221;off&#8221; button_one_text_size__hover_enabled=&#8221;off&#8221; button_two_text_size__hover_enabled=&#8221;off&#8221; button_text_color__hover_enabled=&#8221;on&#8221; button_text_color__hover=&#8221;#ffffff&#8221; button_one_text_color__hover_enabled=&#8221;off&#8221; button_two_text_color__hover_enabled=&#8221;off&#8221; button_border_width__hover_enabled=&#8221;off&#8221; button_one_border_width__hover_enabled=&#8221;off&#8221; button_two_border_width__hover_enabled=&#8221;off&#8221; button_border_color__hover_enabled=&#8221;on&#8221; button_border_color__hover=&#8221;#ffffff&#8221; button_one_border_color__hover_enabled=&#8221;off&#8221; button_two_border_color__hover_enabled=&#8221;off&#8221; button_border_radius__hover_enabled=&#8221;on&#8221; button_border_radius__hover=&#8221;0px&#8221; button_one_border_radius__hover_enabled=&#8221;off&#8221; button_two_border_radius__hover_enabled=&#8221;off&#8221; button_letter_spacing__hover_enabled=&#8221;on&#8221; button_letter_spacing__hover=&#8221;2px&#8221; button_one_letter_spacing__hover_enabled=&#8221;off&#8221; button_two_letter_spacing__hover_enabled=&#8221;off&#8221; button_bg_color__hover_enabled=&#8221;on&#8221; button_bg_color__hover=&#8221;rgba(255,255,255,0)&#8221; button_one_bg_color__hover_enabled=&#8221;off&#8221; button_two_bg_color__hover_enabled=&#8221;off&#8221;][\/et_pb_button][\/et_pb_column][\/et_pb_row][\/et_pb_section]<\/p>\n","protected":false},"excerpt":{"rendered":"<p>Con el asesoramiento de la Agencia de Importaci\u00f3n China Frisch, conseguir\u00e1 hacer negocios con China como si lo hicieran profesionales.Mayoristas y distribuidores Compre en grandes cantidades: Mayoristas de importaci\u00f3n de China Como mayorista, se enfrenta a retos especiales. Usted es responsable de las mercanc\u00edas ante sus importantes socios comerciales y tiene que decidir un sabio [&hellip;]<\/p>\n","protected":false},"author":2,"featured_media":0,"parent":8608,"menu_order":0,"comment_status":"closed","ping_status":"closed","template":"","meta":{"_et_pb_use_builder":"on","_et_pb_old_content":"","_et_gb_content_width":"","footnotes":""},"class_list":["post-8898","page","type-page","status-publish","hentry"],"yoast_head":"<!-- This site is optimized with the Yoast SEO plugin v27.4 - https:\/\/yoast.com\/product\/yoast-seo-wordpress\/ -->\n<title>Venta al por mayor de productos de China<\/title>\n<meta name=\"description\" content=\"Comprar como mayorista en China \u25bb Productos de China para mayoristas \u2713 Socio B2B para importaciones de China \u2713 \u25bb \u00a1Obt\u00e9n asesoramiento experto ahora!\" \/>\n<meta name=\"robots\" content=\"index, follow, max-snippet:-1, max-image-preview:large, max-video-preview:-1\" \/>\n<link rel=\"canonical\" href=\"https:\/\/ag-frisch.com\/es\/nuestros-grupos-destinatarios\/mayoristas-y-distribuidores\/\" \/>\n<meta property=\"og:locale\" content=\"es_ES\" \/>\n<meta property=\"og:type\" content=\"article\" \/>\n<meta property=\"og:title\" content=\"Venta al por mayor de productos de China\" \/>\n<meta property=\"og:description\" content=\"Comprar como mayorista en China \u25bb Productos de China para mayoristas \u2713 Socio B2B para importaciones de China \u2713 \u25bb \u00a1Obt\u00e9n asesoramiento experto ahora!\" \/>\n<meta property=\"og:url\" content=\"https:\/\/ag-frisch.com\/es\/nuestros-grupos-destinatarios\/mayoristas-y-distribuidores\/\" \/>\n<meta property=\"og:site_name\" content=\"China Import Beratung f\u00fcr den Einkauf aus China\" \/>\n<meta property=\"article:publisher\" content=\"https:\/\/www.facebook.com\/China.Import\" \/>\n<meta property=\"article:modified_time\" content=\"2023-01-26T20:25:51+00:00\" \/>\n<meta name=\"twitter:card\" content=\"summary_large_image\" \/>\n<meta name=\"twitter:site\" content=\"@agenturfrisch\" \/>\n<meta name=\"twitter:label1\" content=\"Tiempo de lectura\" \/>\n\t<meta name=\"twitter:data1\" content=\"9 minutos\" \/>\n<script type=\"application\/ld+json\" class=\"yoast-schema-graph\">{\"@context\":\"https:\\\/\\\/schema.org\",\"@graph\":[{\"@type\":\"WebPage\",\"@id\":\"https:\\\/\\\/ag-frisch.com\\\/es\\\/nuestros-grupos-destinatarios\\\/mayoristas-y-distribuidores\\\/\",\"url\":\"https:\\\/\\\/ag-frisch.com\\\/es\\\/nuestros-grupos-destinatarios\\\/mayoristas-y-distribuidores\\\/\",\"name\":\"Venta al por mayor de productos de China\",\"isPartOf\":{\"@id\":\"https:\\\/\\\/ag-frisch.com\\\/de\\\/#website\"},\"datePublished\":\"2021-09-12T05:56:03+00:00\",\"dateModified\":\"2023-01-26T20:25:51+00:00\",\"description\":\"Comprar como mayorista en China \u25bb Productos de China para mayoristas \u2713 Socio B2B para importaciones de China \u2713 \u25bb \u00a1Obt\u00e9n asesoramiento experto ahora!\",\"breadcrumb\":{\"@id\":\"https:\\\/\\\/ag-frisch.com\\\/es\\\/nuestros-grupos-destinatarios\\\/mayoristas-y-distribuidores\\\/#breadcrumb\"},\"inLanguage\":\"es\",\"potentialAction\":[{\"@type\":\"ReadAction\",\"target\":[\"https:\\\/\\\/ag-frisch.com\\\/es\\\/nuestros-grupos-destinatarios\\\/mayoristas-y-distribuidores\\\/\"]}]},{\"@type\":\"BreadcrumbList\",\"@id\":\"https:\\\/\\\/ag-frisch.com\\\/es\\\/nuestros-grupos-destinatarios\\\/mayoristas-y-distribuidores\\\/#breadcrumb\",\"itemListElement\":[{\"@type\":\"ListItem\",\"position\":1,\"name\":\"Startseite\",\"item\":\"https:\\\/\\\/ag-frisch.com\\\/de\\\/\"},{\"@type\":\"ListItem\",\"position\":2,\"name\":\"Nuestros grupos destinatarios\",\"item\":\"https:\\\/\\\/ag-frisch.com\\\/es\\\/nuestros-grupos-destinatarios\\\/\"},{\"@type\":\"ListItem\",\"position\":3,\"name\":\"Mayoristas y distribuidores\"}]},{\"@type\":\"WebSite\",\"@id\":\"https:\\\/\\\/ag-frisch.com\\\/de\\\/#website\",\"url\":\"https:\\\/\\\/ag-frisch.com\\\/de\\\/\",\"name\":\"China Import Beratung f\u00fcr den Einkauf aus China\",\"description\":\"China Import &amp; Export Beratung - Der Dienstleister Ihres Vertrauens f\u00fcr Ihren China Import\",\"publisher\":{\"@id\":\"https:\\\/\\\/ag-frisch.com\\\/de\\\/#organization\"},\"potentialAction\":[{\"@type\":\"SearchAction\",\"target\":{\"@type\":\"EntryPoint\",\"urlTemplate\":\"https:\\\/\\\/ag-frisch.com\\\/de\\\/?s={search_term_string}\"},\"query-input\":{\"@type\":\"PropertyValueSpecification\",\"valueRequired\":true,\"valueName\":\"search_term_string\"}}],\"inLanguage\":\"es\"},{\"@type\":\"Organization\",\"@id\":\"https:\\\/\\\/ag-frisch.com\\\/de\\\/#organization\",\"name\":\"Agentur Frisch International Consulting GmbH & Co. KG\",\"url\":\"https:\\\/\\\/ag-frisch.com\\\/de\\\/\",\"logo\":{\"@type\":\"ImageObject\",\"inLanguage\":\"es\",\"@id\":\"https:\\\/\\\/ag-frisch.com\\\/de\\\/#\\\/schema\\\/logo\\\/image\\\/\",\"url\":\"https:\\\/\\\/ag-frisch.com\\\/wp-content\\\/uploads\\\/2021\\\/08\\\/ag_logo_rgb_300_small.png\",\"contentUrl\":\"https:\\\/\\\/ag-frisch.com\\\/wp-content\\\/uploads\\\/2021\\\/08\\\/ag_logo_rgb_300_small.png\",\"width\":153,\"height\":102,\"caption\":\"Agentur Frisch International Consulting GmbH & Co. KG\"},\"image\":{\"@id\":\"https:\\\/\\\/ag-frisch.com\\\/de\\\/#\\\/schema\\\/logo\\\/image\\\/\"},\"sameAs\":[\"https:\\\/\\\/www.facebook.com\\\/China.Import\",\"https:\\\/\\\/x.com\\\/agenturfrisch\"]}]}<\/script>\n<!-- \/ Yoast SEO plugin. -->","yoast_head_json":{"title":"Venta al por mayor de productos de China","description":"Comprar como mayorista en China \u25bb Productos de China para mayoristas \u2713 Socio B2B para importaciones de China \u2713 \u25bb \u00a1Obt\u00e9n asesoramiento experto ahora!","robots":{"index":"index","follow":"follow","max-snippet":"max-snippet:-1","max-image-preview":"max-image-preview:large","max-video-preview":"max-video-preview:-1"},"canonical":"https:\/\/ag-frisch.com\/es\/nuestros-grupos-destinatarios\/mayoristas-y-distribuidores\/","og_locale":"es_ES","og_type":"article","og_title":"Venta al por mayor de productos de China","og_description":"Comprar como mayorista en China \u25bb Productos de China para mayoristas \u2713 Socio B2B para importaciones de China \u2713 \u25bb \u00a1Obt\u00e9n asesoramiento experto ahora!","og_url":"https:\/\/ag-frisch.com\/es\/nuestros-grupos-destinatarios\/mayoristas-y-distribuidores\/","og_site_name":"China Import Beratung f\u00fcr den Einkauf aus China","article_publisher":"https:\/\/www.facebook.com\/China.Import","article_modified_time":"2023-01-26T20:25:51+00:00","twitter_card":"summary_large_image","twitter_site":"@agenturfrisch","twitter_misc":{"Tiempo de lectura":"9 minutos"},"schema":{"@context":"https:\/\/schema.org","@graph":[{"@type":"WebPage","@id":"https:\/\/ag-frisch.com\/es\/nuestros-grupos-destinatarios\/mayoristas-y-distribuidores\/","url":"https:\/\/ag-frisch.com\/es\/nuestros-grupos-destinatarios\/mayoristas-y-distribuidores\/","name":"Venta al por mayor de productos de China","isPartOf":{"@id":"https:\/\/ag-frisch.com\/de\/#website"},"datePublished":"2021-09-12T05:56:03+00:00","dateModified":"2023-01-26T20:25:51+00:00","description":"Comprar como mayorista en China \u25bb Productos de China para mayoristas \u2713 Socio B2B para importaciones de China \u2713 \u25bb \u00a1Obt\u00e9n asesoramiento experto ahora!","breadcrumb":{"@id":"https:\/\/ag-frisch.com\/es\/nuestros-grupos-destinatarios\/mayoristas-y-distribuidores\/#breadcrumb"},"inLanguage":"es","potentialAction":[{"@type":"ReadAction","target":["https:\/\/ag-frisch.com\/es\/nuestros-grupos-destinatarios\/mayoristas-y-distribuidores\/"]}]},{"@type":"BreadcrumbList","@id":"https:\/\/ag-frisch.com\/es\/nuestros-grupos-destinatarios\/mayoristas-y-distribuidores\/#breadcrumb","itemListElement":[{"@type":"ListItem","position":1,"name":"Startseite","item":"https:\/\/ag-frisch.com\/de\/"},{"@type":"ListItem","position":2,"name":"Nuestros grupos destinatarios","item":"https:\/\/ag-frisch.com\/es\/nuestros-grupos-destinatarios\/"},{"@type":"ListItem","position":3,"name":"Mayoristas y distribuidores"}]},{"@type":"WebSite","@id":"https:\/\/ag-frisch.com\/de\/#website","url":"https:\/\/ag-frisch.com\/de\/","name":"China Import Beratung f\u00fcr den Einkauf aus China","description":"China Import &amp; Export Beratung - Der Dienstleister Ihres Vertrauens f\u00fcr Ihren China Import","publisher":{"@id":"https:\/\/ag-frisch.com\/de\/#organization"},"potentialAction":[{"@type":"SearchAction","target":{"@type":"EntryPoint","urlTemplate":"https:\/\/ag-frisch.com\/de\/?s={search_term_string}"},"query-input":{"@type":"PropertyValueSpecification","valueRequired":true,"valueName":"search_term_string"}}],"inLanguage":"es"},{"@type":"Organization","@id":"https:\/\/ag-frisch.com\/de\/#organization","name":"Agentur Frisch International Consulting GmbH & Co. KG","url":"https:\/\/ag-frisch.com\/de\/","logo":{"@type":"ImageObject","inLanguage":"es","@id":"https:\/\/ag-frisch.com\/de\/#\/schema\/logo\/image\/","url":"https:\/\/ag-frisch.com\/wp-content\/uploads\/2021\/08\/ag_logo_rgb_300_small.png","contentUrl":"https:\/\/ag-frisch.com\/wp-content\/uploads\/2021\/08\/ag_logo_rgb_300_small.png","width":153,"height":102,"caption":"Agentur Frisch International Consulting GmbH & Co. KG"},"image":{"@id":"https:\/\/ag-frisch.com\/de\/#\/schema\/logo\/image\/"},"sameAs":["https:\/\/www.facebook.com\/China.Import","https:\/\/x.com\/agenturfrisch"]}]}},"_links":{"self":[{"href":"https:\/\/ag-frisch.com\/es\/wp-json\/wp\/v2\/pages\/8898","targetHints":{"allow":["GET"]}}],"collection":[{"href":"https:\/\/ag-frisch.com\/es\/wp-json\/wp\/v2\/pages"}],"about":[{"href":"https:\/\/ag-frisch.com\/es\/wp-json\/wp\/v2\/types\/page"}],"author":[{"embeddable":true,"href":"https:\/\/ag-frisch.com\/es\/wp-json\/wp\/v2\/users\/2"}],"replies":[{"embeddable":true,"href":"https:\/\/ag-frisch.com\/es\/wp-json\/wp\/v2\/comments?post=8898"}],"version-history":[{"count":0,"href":"https:\/\/ag-frisch.com\/es\/wp-json\/wp\/v2\/pages\/8898\/revisions"}],"up":[{"embeddable":true,"href":"https:\/\/ag-frisch.com\/es\/wp-json\/wp\/v2\/pages\/8608"}],"wp:attachment":[{"href":"https:\/\/ag-frisch.com\/es\/wp-json\/wp\/v2\/media?parent=8898"}],"curies":[{"name":"wp","href":"https:\/\/api.w.org\/{rel}","templated":true}]}}