{"id":9144,"date":"2021-09-12T22:05:39","date_gmt":"2021-09-12T20:05:39","guid":{"rendered":"https:\/\/ag-frisch.com\/optimizacion\/"},"modified":"2023-01-26T22:04:31","modified_gmt":"2023-01-26T21:04:31","slug":"optimizacion","status":"publish","type":"page","link":"https:\/\/ag-frisch.com\/es\/optimizacion\/","title":{"rendered":"Optimizaci\u00f3n"},"content":{"rendered":"<p>[et_pb_section fb_built=&#8221;1&#8243; _builder_version=&#8221;4.16&#8243; _module_preset=&#8221;default&#8221; global_colors_info=&#8221;{}&#8221;][et_pb_row _builder_version=&#8221;4.18.1&#8243; _module_preset=&#8221;default&#8221; global_colors_info=&#8221;{}&#8221;][et_pb_column type=&#8221;4_4&#8243; _builder_version=&#8221;4.18.1&#8243; _module_preset=&#8221;default&#8221; global_colors_info=&#8221;{}&#8221;][et_pb_cta title=&#8221;Consultor\u00eda de comercio electr\u00f3nico&#8221; button_url=&#8221;https:\/\/ag-frisch.com\/es\/contacte-con\/&#8221; button_text=&#8221;Reserve ahora una consulta&#8221; _builder_version=&#8221;4.16&#8243; _module_preset=&#8221;default&#8221; global_colors_info=&#8221;{}&#8221;]<\/p>\n<p>Con los consejos de la Agencia de Importaci\u00f3n de China Frisch, triunfar\u00e1 en el comercio en l\u00ednea como los profesionales.  <\/p>\n<p>[\/et_pb_cta][\/et_pb_column][\/et_pb_row][et_pb_row _builder_version=&#8221;4.16&#8243; _module_preset=&#8221;default&#8221; global_colors_info=&#8221;{}&#8221;][et_pb_column type=&#8221;4_4&#8243; _builder_version=&#8221;4.16&#8243; _module_preset=&#8221;default&#8221; global_colors_info=&#8221;{}&#8221;][et_pb_text _builder_version=&#8221;4.16&#8243; _module_preset=&#8221;default&#8221; global_colors_info=&#8221;{}&#8221;]<\/p>\n<h1><strong>Optimizaci\u00f3n constante de la visibilidad de sus productos<\/strong><\/h1>\n<p><strong>Optimizaci\u00f3n de sus productos en Amazon, Ebay y Co.<\/strong><\/p>\n<p>Quedarse quieto es un paso atr\u00e1s: tampoco hay que dormirse en los laureles en el comercio en l\u00ednea. Aunque sus productos vayan muy bien en la actualidad, no puede dar por sentado que seguir\u00e1n as\u00ed sin su intervenci\u00f3n. Las tendencias y los gustos de los clientes evolucionan con rapidez. Lo que es popular hoy puede acabar siendo un \u00e9xito de ventas ma\u00f1ana. Agentur Frisch le apoya en su supervivencia empresarial con los siguientes servicios:<\/p>\n<ul>\n<li>Evaluaci\u00f3n de los productos<\/li>\n<li>Optimizaci\u00f3n de productos<\/li>\n<li>Aumentar la visibilidad<\/li>\n<li>Ampliar su negocio en l\u00ednea<\/li>\n<\/ul>\n<p>&nbsp;<\/p>\n<p><strong>Evaluaci\u00f3n de opiniones para optimizar sus ventas comerciales en l\u00ednea<\/strong><\/p>\n<p>Aunque no est\u00e9 de acuerdo con todas las opiniones de los clientes, otros clientes las leen y, a menudo, al menos hay aspectos ciertos. En una \u00e9poca en la que el \u00e9xito del comercio en l\u00ednea viene determinado por las recomendaciones y las experiencias de los clientes, no se puede sobrestimar el valor de las opiniones reales. Con mucho gusto nos encargamos de la evaluaci\u00f3n de sus productos y extraemos de ella las optimizaciones que deben realizarse en sus art\u00edculos.<\/p>\n<p>&nbsp;<\/p>\n<p><strong>Optimizaci\u00f3n de los productos y sus caracter\u00edsticas<\/strong><\/p>\n<p>Para seguir siendo competitivo en Amazon, Ebay y otras plataformas, es necesario optimizar constantemente sus productos. Vamos a la caza por usted y exploramos las nuevas tendencias de sus competidores, las opiniones de personas influyentes y cr\u00edticos, los avances t\u00e9cnicos y todo lo que hay que saber si quiere mejorar a\u00fan m\u00e1s su producto individual. Nuestros a\u00f1os de experiencia en el comercio en l\u00ednea nos ayudan a evaluar correctamente la situaci\u00f3n. En conversaciones conjuntas, determinamos c\u00f3mo se puede mejorar a\u00fan su producto para lograr la optimizaci\u00f3n de sus ventas en l\u00ednea.<\/p>\n<p>&nbsp;<\/p>\n<p><strong>Optimizaci\u00f3n de la visibilidad en Amazon, Ebay y Co.<\/strong><\/p>\n<p>Amazon, Ebay y compa\u00f1\u00eda son extremadamente \u00e1giles y adaptan sus algoritmos a las tendencias del momento. Un producto que ayer ocupaba los primeros puestos puede ser hoy pr\u00e1cticamente invisible. Con una optimizaci\u00f3n constante en Amazon y Ebay, nos aseguramos de que sus productos sigan present\u00e1ndose de la forma m\u00e1s destacada posible a los clientes. Para ello, es necesario observar la evoluci\u00f3n y reaccionar con rapidez, porque Internet es din\u00e1mico y r\u00e1pido, y as\u00ed es exactamente como debe ser su marketing si quiere tener \u00e9xito.<\/p>\n<p>La agencia Frisch conoce la evoluci\u00f3n, las fluctuaciones y las tendencias a las que est\u00e1 sujeto el negocio en l\u00ednea. Llevamos muchos a\u00f1os optimizando productos y sus listados. La optimizaci\u00f3n en Amazon o Ebay puede incluir, entre otras cosas:<\/p>\n<ul>\n<li>Actualizaci\u00f3n de las fotos de los productos<\/li>\n<li>Actualizar la descripci\u00f3n del producto<\/li>\n<li>Revisi\u00f3n de la categorizaci\u00f3n<\/li>\n<li>Ajuste de los precios<\/li>\n<\/ul>\n<p>Estaremos encantados de encargarnos de crear nuevas fotos y textos para usted. Nuestros experimentados fot\u00f3grafos y redactores encontrar\u00e1n los \u00e1ngulos y las palabras adecuadas para que su producto vuelva a brillar.<\/p>\n<p>&nbsp;<\/p>\n<p><strong>Ampliaci\u00f3n del volumen de ventas<\/strong><\/p>\n<p>La consecuencia natural de optimizar sus ventas en l\u00ednea es aumentar las ventas. As\u00ed podr\u00e1 aumentar sus ventas sin tener que invertir mucho m\u00e1s. Tambi\u00e9n podemos ofrecerle asesoramiento especializado sobre este tema. El crecimiento empresarial de nuestros socios comerciales es una preocupaci\u00f3n muy cercana a nuestros corazones. Nuestro gran n\u00famero de clientes habituales satisfechos y con \u00e9xito habla por s\u00ed solo.<\/p>\n<p>&nbsp;<\/p>\n<p>No deje al azar la optimizaci\u00f3n de sus ventas en l\u00ednea en Amazon o Ebay. Sea m\u00e1s r\u00e1pido que la competencia y deje que nuestros expertos trabajen para su \u00e9xito.<\/p>\n<p>&nbsp;<\/p>\n<p>&nbsp;<\/p>\n<p>&nbsp;<\/p>\n<p>[\/et_pb_text][\/et_pb_column][\/et_pb_row][\/et_pb_section][et_pb_section fb_built=&#8221;1&#8243; admin_label=&#8221;Testimonials&#8221; _builder_version=&#8221;4.16&#8243; use_background_color_gradient=&#8221;on&#8221; background_color_gradient_stops=&#8221;rgba(0,106,156,0.85) 0%|rgba(0,106,156,0.85) 100%&#8221; background_color_gradient_start=&#8221;rgba(0,106,156,0.85)&#8221; background_color_gradient_end=&#8221;rgba(0,106,156,0.85)&#8221; custom_padding=&#8221;90px||60px|&#8221; animation_style=&#8221;fold&#8221; animation_direction=&#8221;bottom&#8221; animation_intensity_fold=&#8221;4%&#8221; global_colors_info=&#8221;{}&#8221;][et_pb_row _builder_version=&#8221;4.16&#8243; background_size=&#8221;initial&#8221; background_position=&#8221;top_left&#8221; background_repeat=&#8221;repeat&#8221; custom_width_px=&#8221;710px&#8221; locked=&#8221;off&#8221; global_colors_info=&#8221;{}&#8221;][et_pb_column type=&#8221;4_4&#8243; _builder_version=&#8221;4.16&#8243; background_position=&#8221;top_left&#8221; custom_padding=&#8221;|||&#8221; global_colors_info=&#8221;{}&#8221; custom_padding__hover=&#8221;|||&#8221;][et_pb_text admin_label=&#8221;Testimonials Section Title&#8221; _builder_version=&#8221;4.16&#8243; header_font=&#8221;Montserrat||||&#8221; header_font_size=&#8221;36px&#8221; background_size=&#8221;initial&#8221; background_position=&#8221;top_left&#8221; background_repeat=&#8221;repeat&#8221; text_orientation=&#8221;center&#8221; background_layout=&#8221;dark&#8221; max_width=&#8221;710px&#8221; module_alignment=&#8221;center&#8221; animation_style=&#8221;fold&#8221; animation_direction=&#8221;bottom&#8221; animation_intensity_fold=&#8221;20%&#8221; global_colors_info=&#8221;{}&#8221;]<\/p>\n<h1>M\u00e1s de 5000 clientes satisfechos.<\/h1>\n<p>&nbsp;<\/p>\n<p>[\/et_pb_text][et_pb_divider color=&#8221;#ffffff&#8221; divider_weight=&#8221;3px&#8221; disabled_on=&#8221;off|off|off&#8221; _builder_version=&#8221;4.16&#8243; background_color_gradient_direction=&#8221;90deg&#8221; max_width=&#8221;100px&#8221; module_alignment=&#8221;center&#8221; height=&#8221;5px&#8221; custom_margin=&#8221;||20px|&#8221; custom_padding=&#8221;||20px|&#8221; animation_style=&#8221;slide&#8221; animation_direction=&#8221;bottom&#8221; saved_tabs=&#8221;all&#8221; locked=&#8221;off&#8221; global_colors_info=&#8221;{}&#8221;][\/et_pb_divider][\/et_pb_column][\/et_pb_row][et_pb_row column_structure=&#8221;1_2,1_2&#8243; _builder_version=&#8221;4.18.1&#8243; _module_preset=&#8221;default&#8221; global_colors_info=&#8221;{}&#8221;][et_pb_column type=&#8221;1_2&#8243; _builder_version=&#8221;4.18.1&#8243; _module_preset=&#8221;default&#8221; global_colors_info=&#8221;{}&#8221;][et_pb_testimonial author=&#8221;Marco&#8221; portrait_url=&#8221;https:\/\/ag-frisch.com\/wp-content\/uploads\/2021\/08\/Harald.png&#8221; quote_icon=&#8221;off&#8221; _builder_version=&#8221;4.18.1&#8243; _module_preset=&#8221;default&#8221; body_font_size=&#8221;16px&#8221; use_background_color=&#8221;off&#8221; background_layout=&#8221;dark&#8221; global_colors_info=&#8221;{}&#8221;]Encargu\u00e9 a la Agencia Frisch la fabricaci\u00f3n de un gran mueble en China y su posterior traslado a Alemania. La comunicaci\u00f3n por correo fue fluida en todo momento. Las respuestas, muy r\u00e1pidas y fiables, me dieron constantemente las seguridades indispensables en una empresa de este tipo. Me ayudaron en todo momento a atravesar la jungla burocr\u00e1tica y no se me olvid\u00f3 ning\u00fan formulario ni lo rellen\u00e9 incorrectamente. \u00a1Muy loable!<a href=\"&lt;div%20class=%22pe-richsnippets%22&gt;&nbsp;&lt;\/div&gt;%20&lt;script%20type=%22text\/javascript%22%20src=%22https:\/\/www.provenexpert.com\/widget\/richsnippet.js?u=1NUA0VwZ4RUZ5tmAi5zA4RaplNKAlWwZ&amp;v=2%22%20async&gt;&lt;\/script&gt;%20&lt;div%20style=%22text-align:%20justify;%22&gt;&lt;br%20\/&gt;\"><\/a><\/p>\n<div class=\"brow ratingBarMargin\">\n<div class=\"ratingBar\">\n<div class=\"brow\">\n<div class=\"pe-richsnippets\">&nbsp;<\/div>\n<p><script type=\"text\/javascript\" src=\"https:\/\/www.provenexpert.com\/widget\/richsnippet.js?u=1NUA0VwZ4RUZ5tmAi5zA4RaplNKAlWwZ&amp;v=2\" async=\"\"><\/script><\/p>\n<div style=\"text-align: justify;\"><\/p>\n<div class=\"col-lg-9 col-md-8 col-xs-10 mt20 mb20\">\n<div class=\"col-xs-12 surveyNameForRating\"><\/div>\n<\/div>\n<\/div>\n<\/div>\n<\/div>\n<\/div>\n<p>[\/et_pb_testimonial][\/et_pb_column][et_pb_column type=&#8221;1_2&#8243; _builder_version=&#8221;4.18.1&#8243; _module_preset=&#8221;default&#8221; global_colors_info=&#8221;{}&#8221;][et_pb_testimonial author=&#8221;Simone L.&#8221; portrait_url=&#8221;https:\/\/ag-frisch.com\/wp-content\/uploads\/2021\/08\/Harald.png&#8221; quote_icon=&#8221;off&#8221; _builder_version=&#8221;4.18.1&#8243; _module_preset=&#8221;default&#8221; body_font_size=&#8221;16px&#8221; use_background_color=&#8221;off&#8221; background_layout=&#8221;dark&#8221; global_colors_info=&#8221;{}&#8221;]<\/p>\n<p>Todo arriba. No hay nada mejor que esto. El asesoramiento y la aplicaci\u00f3n no pueden hacerse mejor. Estamos m\u00e1s que satisfechos despu\u00e9s de varios pedidos con esta empresa y continuamos nuestra cooperaci\u00f3n.<\/p>\n<div class=\"brow ratingBarMargin\">\n<div class=\"ratingBar\">\n<div class=\"brow\">\n<div class=\"pe-richsnippets\"> <\/div>\n<p>\n<script type=\"text\/javascript\" src=\"https:\/\/www.provenexpert.com\/widget\/richsnippet.js?u=1NUA0VwZ4RUZ5tmAi5zA4RaplNKAlWwZ&amp;v=2\" async=\"\"><\/script>\n<\/p>\n<div style=\"text-align: justify;\">\n<p>&nbsp;<\/p>\n<div class=\"col-lg-9 col-md-8 col-xs-10 mt20 mb20\">\n<div class=\"col-xs-12 surveyNameForRating\"><\/div>\n<\/div>\n<\/div>\n<\/div>\n<\/div>\n<\/div>\n<p>[\/et_pb_testimonial][\/et_pb_column][\/et_pb_row][et_pb_row _builder_version=&#8221;4.16&#8243; background_size=&#8221;initial&#8221; background_position=&#8221;top_left&#8221; background_repeat=&#8221;repeat&#8221; custom_padding=&#8221;50px|0px|30px|0px&#8221; custom_css_main_element=&#8221;text-align: center;&#8221; global_colors_info=&#8221;{}&#8221;][et_pb_column type=&#8221;4_4&#8243; _builder_version=&#8221;4.16&#8243; custom_padding=&#8221;|||&#8221; global_colors_info=&#8221;{}&#8221; custom_padding__hover=&#8221;|||&#8221;][et_pb_button button_url=&#8221;https:\/\/www.provenexpert.com\/de-de\/agentur-frisch-international-consulting-gmbh-und-co-kg\/&#8221; button_text=&#8221;M\u00c1S VALORACIONES&#8221; button_alignment=&#8221;left&#8221; admin_label=&#8221;Testimonial Button&#8221; _builder_version=&#8221;4.16&#8243; custom_button=&#8221;on&#8221; button_text_size=&#8221;18px&#8221; button_text_color=&#8221;#ffffff&#8221; button_bg_color=&#8221;#6eba01&#8243; button_border_width=&#8221;2px&#8221; button_border_color=&#8221;#6eba01&#8243; button_border_radius=&#8221;0px&#8221; button_letter_spacing=&#8221;2px&#8221; button_font=&#8221;Montserrat|||on|&#8221; button_use_icon=&#8221;off&#8221; animation_style=&#8221;fold&#8221; animation_direction=&#8221;bottom&#8221; button_text_color_hover=&#8221;#ffffff&#8221; button_border_color_hover=&#8221;#ffffff&#8221; button_border_radius_hover=&#8221;0px&#8221; button_letter_spacing_hover=&#8221;2px&#8221; button_bg_color_hover=&#8221;rgba(255,255,255,0)&#8221; locked=&#8221;off&#8221; global_colors_info=&#8221;{}&#8221; button_text_size__hover_enabled=&#8221;off&#8221; button_one_text_size__hover_enabled=&#8221;off&#8221; button_two_text_size__hover_enabled=&#8221;off&#8221; button_text_color__hover_enabled=&#8221;on&#8221; button_text_color__hover=&#8221;#ffffff&#8221; button_one_text_color__hover_enabled=&#8221;off&#8221; button_two_text_color__hover_enabled=&#8221;off&#8221; button_border_width__hover_enabled=&#8221;off&#8221; button_one_border_width__hover_enabled=&#8221;off&#8221; button_two_border_width__hover_enabled=&#8221;off&#8221; button_border_color__hover_enabled=&#8221;on&#8221; button_border_color__hover=&#8221;#ffffff&#8221; button_one_border_color__hover_enabled=&#8221;off&#8221; button_two_border_color__hover_enabled=&#8221;off&#8221; button_border_radius__hover_enabled=&#8221;on&#8221; button_border_radius__hover=&#8221;0px&#8221; button_one_border_radius__hover_enabled=&#8221;off&#8221; button_two_border_radius__hover_enabled=&#8221;off&#8221; button_letter_spacing__hover_enabled=&#8221;on&#8221; button_letter_spacing__hover=&#8221;2px&#8221; button_one_letter_spacing__hover_enabled=&#8221;off&#8221; button_two_letter_spacing__hover_enabled=&#8221;off&#8221; button_bg_color__hover_enabled=&#8221;on&#8221; button_bg_color__hover=&#8221;rgba(255,255,255,0)&#8221; button_one_bg_color__hover_enabled=&#8221;off&#8221; button_two_bg_color__hover_enabled=&#8221;off&#8221;][\/et_pb_button][\/et_pb_column][\/et_pb_row][\/et_pb_section]<\/p>\n","protected":false},"excerpt":{"rendered":"<p>Con los consejos de la Agencia de Importaci\u00f3n de China Frisch, triunfar\u00e1 en el comercio en l\u00ednea como los profesionales. Optimizaci\u00f3n constante de la visibilidad de sus productos Optimizaci\u00f3n de sus productos en Amazon, Ebay y Co. Quedarse quieto es un paso atr\u00e1s: tampoco hay que dormirse en los laureles en el comercio en l\u00ednea. [&hellip;]<\/p>\n","protected":false},"author":2,"featured_media":0,"parent":0,"menu_order":0,"comment_status":"closed","ping_status":"closed","template":"","meta":{"_et_pb_use_builder":"on","_et_pb_old_content":"","_et_gb_content_width":"","footnotes":""},"class_list":["post-9144","page","type-page","status-publish","hentry"],"yoast_head":"<!-- This site is optimized with the Yoast SEO plugin v27.2 - https:\/\/yoast.com\/product\/yoast-seo-wordpress\/ -->\n<title>Optimizaci\u00f3n de la visibilidad de los productos en el comercio electr\u00f3nico<\/title>\n<meta name=\"description\" content=\"Productos SEO en eCommerce: Mejora la visibilidad \u2713 Genera m\u00e1s ventas \u2713 \u25bb \u00a1Obt\u00e9n asesoramiento experto ahora!\" \/>\n<meta name=\"robots\" content=\"index, follow, max-snippet:-1, max-image-preview:large, max-video-preview:-1\" \/>\n<link rel=\"canonical\" href=\"https:\/\/ag-frisch.com\/es\/optimizacion\/\" \/>\n<meta property=\"og:locale\" content=\"es_ES\" \/>\n<meta property=\"og:type\" content=\"article\" \/>\n<meta property=\"og:title\" content=\"Optimizaci\u00f3n de la visibilidad de los productos en el comercio electr\u00f3nico\" \/>\n<meta property=\"og:description\" content=\"Productos SEO en eCommerce: Mejora la visibilidad \u2713 Genera m\u00e1s ventas \u2713 \u25bb \u00a1Obt\u00e9n asesoramiento experto ahora!\" \/>\n<meta property=\"og:url\" content=\"https:\/\/ag-frisch.com\/es\/optimizacion\/\" \/>\n<meta property=\"og:site_name\" content=\"China Import Beratung f\u00fcr den Einkauf aus China\" \/>\n<meta property=\"article:publisher\" content=\"https:\/\/www.facebook.com\/China.Import\" \/>\n<meta property=\"article:modified_time\" content=\"2023-01-26T21:04:31+00:00\" \/>\n<meta name=\"twitter:card\" content=\"summary_large_image\" \/>\n<meta name=\"twitter:site\" content=\"@agenturfrisch\" \/>\n<meta name=\"twitter:label1\" content=\"Tiempo de lectura\" \/>\n\t<meta name=\"twitter:data1\" content=\"8 minutos\" \/>\n<script type=\"application\/ld+json\" class=\"yoast-schema-graph\">{\"@context\":\"https:\/\/schema.org\",\"@graph\":[{\"@type\":\"WebPage\",\"@id\":\"https:\/\/ag-frisch.com\/es\/optimizacion\/\",\"url\":\"https:\/\/ag-frisch.com\/es\/optimizacion\/\",\"name\":\"Optimizaci\u00f3n de la visibilidad de los productos en el comercio electr\u00f3nico\",\"isPartOf\":{\"@id\":\"https:\/\/ag-frisch.com\/de\/#website\"},\"datePublished\":\"2021-09-12T20:05:39+00:00\",\"dateModified\":\"2023-01-26T21:04:31+00:00\",\"description\":\"Productos SEO en eCommerce: Mejora la visibilidad \u2713 Genera m\u00e1s ventas \u2713 \u25bb \u00a1Obt\u00e9n asesoramiento experto ahora!\",\"breadcrumb\":{\"@id\":\"https:\/\/ag-frisch.com\/es\/optimizacion\/#breadcrumb\"},\"inLanguage\":\"es\",\"potentialAction\":[{\"@type\":\"ReadAction\",\"target\":[\"https:\/\/ag-frisch.com\/es\/optimizacion\/\"]}]},{\"@type\":\"BreadcrumbList\",\"@id\":\"https:\/\/ag-frisch.com\/es\/optimizacion\/#breadcrumb\",\"itemListElement\":[{\"@type\":\"ListItem\",\"position\":1,\"name\":\"Startseite\",\"item\":\"https:\/\/ag-frisch.com\/de\/\"},{\"@type\":\"ListItem\",\"position\":2,\"name\":\"Optimizaci\u00f3n\"}]},{\"@type\":\"WebSite\",\"@id\":\"https:\/\/ag-frisch.com\/de\/#website\",\"url\":\"https:\/\/ag-frisch.com\/de\/\",\"name\":\"China Import Beratung f\u00fcr den Einkauf aus China\",\"description\":\"China Import &amp; Export Beratung - Der Dienstleister Ihres Vertrauens f\u00fcr Ihren China Import\",\"publisher\":{\"@id\":\"https:\/\/ag-frisch.com\/de\/#organization\"},\"potentialAction\":[{\"@type\":\"SearchAction\",\"target\":{\"@type\":\"EntryPoint\",\"urlTemplate\":\"https:\/\/ag-frisch.com\/de\/?s={search_term_string}\"},\"query-input\":{\"@type\":\"PropertyValueSpecification\",\"valueRequired\":true,\"valueName\":\"search_term_string\"}}],\"inLanguage\":\"es\"},{\"@type\":\"Organization\",\"@id\":\"https:\/\/ag-frisch.com\/de\/#organization\",\"name\":\"Agentur Frisch International Consulting GmbH & Co. KG\",\"url\":\"https:\/\/ag-frisch.com\/de\/\",\"logo\":{\"@type\":\"ImageObject\",\"inLanguage\":\"es\",\"@id\":\"https:\/\/ag-frisch.com\/de\/#\/schema\/logo\/image\/\",\"url\":\"https:\/\/ag-frisch.com\/wp-content\/uploads\/2021\/08\/ag_logo_rgb_300_small.png\",\"contentUrl\":\"https:\/\/ag-frisch.com\/wp-content\/uploads\/2021\/08\/ag_logo_rgb_300_small.png\",\"width\":153,\"height\":102,\"caption\":\"Agentur Frisch International Consulting GmbH & Co. KG\"},\"image\":{\"@id\":\"https:\/\/ag-frisch.com\/de\/#\/schema\/logo\/image\/\"},\"sameAs\":[\"https:\/\/www.facebook.com\/China.Import\",\"https:\/\/x.com\/agenturfrisch\"]}]}<\/script>\n<!-- \/ Yoast SEO plugin. -->","yoast_head_json":{"title":"Optimizaci\u00f3n de la visibilidad de los productos en el comercio electr\u00f3nico","description":"Productos SEO en eCommerce: Mejora la visibilidad \u2713 Genera m\u00e1s ventas \u2713 \u25bb \u00a1Obt\u00e9n asesoramiento experto ahora!","robots":{"index":"index","follow":"follow","max-snippet":"max-snippet:-1","max-image-preview":"max-image-preview:large","max-video-preview":"max-video-preview:-1"},"canonical":"https:\/\/ag-frisch.com\/es\/optimizacion\/","og_locale":"es_ES","og_type":"article","og_title":"Optimizaci\u00f3n de la visibilidad de los productos en el comercio electr\u00f3nico","og_description":"Productos SEO en eCommerce: Mejora la visibilidad \u2713 Genera m\u00e1s ventas \u2713 \u25bb \u00a1Obt\u00e9n asesoramiento experto ahora!","og_url":"https:\/\/ag-frisch.com\/es\/optimizacion\/","og_site_name":"China Import Beratung f\u00fcr den Einkauf aus China","article_publisher":"https:\/\/www.facebook.com\/China.Import","article_modified_time":"2023-01-26T21:04:31+00:00","twitter_card":"summary_large_image","twitter_site":"@agenturfrisch","twitter_misc":{"Tiempo de lectura":"8 minutos"},"schema":{"@context":"https:\/\/schema.org","@graph":[{"@type":"WebPage","@id":"https:\/\/ag-frisch.com\/es\/optimizacion\/","url":"https:\/\/ag-frisch.com\/es\/optimizacion\/","name":"Optimizaci\u00f3n de la visibilidad de los productos en el comercio electr\u00f3nico","isPartOf":{"@id":"https:\/\/ag-frisch.com\/de\/#website"},"datePublished":"2021-09-12T20:05:39+00:00","dateModified":"2023-01-26T21:04:31+00:00","description":"Productos SEO en eCommerce: Mejora la visibilidad \u2713 Genera m\u00e1s ventas \u2713 \u25bb \u00a1Obt\u00e9n asesoramiento experto ahora!","breadcrumb":{"@id":"https:\/\/ag-frisch.com\/es\/optimizacion\/#breadcrumb"},"inLanguage":"es","potentialAction":[{"@type":"ReadAction","target":["https:\/\/ag-frisch.com\/es\/optimizacion\/"]}]},{"@type":"BreadcrumbList","@id":"https:\/\/ag-frisch.com\/es\/optimizacion\/#breadcrumb","itemListElement":[{"@type":"ListItem","position":1,"name":"Startseite","item":"https:\/\/ag-frisch.com\/de\/"},{"@type":"ListItem","position":2,"name":"Optimizaci\u00f3n"}]},{"@type":"WebSite","@id":"https:\/\/ag-frisch.com\/de\/#website","url":"https:\/\/ag-frisch.com\/de\/","name":"China Import Beratung f\u00fcr den Einkauf aus China","description":"China Import &amp; Export Beratung - Der Dienstleister Ihres Vertrauens f\u00fcr Ihren China Import","publisher":{"@id":"https:\/\/ag-frisch.com\/de\/#organization"},"potentialAction":[{"@type":"SearchAction","target":{"@type":"EntryPoint","urlTemplate":"https:\/\/ag-frisch.com\/de\/?s={search_term_string}"},"query-input":{"@type":"PropertyValueSpecification","valueRequired":true,"valueName":"search_term_string"}}],"inLanguage":"es"},{"@type":"Organization","@id":"https:\/\/ag-frisch.com\/de\/#organization","name":"Agentur Frisch International Consulting GmbH & Co. KG","url":"https:\/\/ag-frisch.com\/de\/","logo":{"@type":"ImageObject","inLanguage":"es","@id":"https:\/\/ag-frisch.com\/de\/#\/schema\/logo\/image\/","url":"https:\/\/ag-frisch.com\/wp-content\/uploads\/2021\/08\/ag_logo_rgb_300_small.png","contentUrl":"https:\/\/ag-frisch.com\/wp-content\/uploads\/2021\/08\/ag_logo_rgb_300_small.png","width":153,"height":102,"caption":"Agentur Frisch International Consulting GmbH & Co. KG"},"image":{"@id":"https:\/\/ag-frisch.com\/de\/#\/schema\/logo\/image\/"},"sameAs":["https:\/\/www.facebook.com\/China.Import","https:\/\/x.com\/agenturfrisch"]}]}},"_links":{"self":[{"href":"https:\/\/ag-frisch.com\/es\/wp-json\/wp\/v2\/pages\/9144","targetHints":{"allow":["GET"]}}],"collection":[{"href":"https:\/\/ag-frisch.com\/es\/wp-json\/wp\/v2\/pages"}],"about":[{"href":"https:\/\/ag-frisch.com\/es\/wp-json\/wp\/v2\/types\/page"}],"author":[{"embeddable":true,"href":"https:\/\/ag-frisch.com\/es\/wp-json\/wp\/v2\/users\/2"}],"replies":[{"embeddable":true,"href":"https:\/\/ag-frisch.com\/es\/wp-json\/wp\/v2\/comments?post=9144"}],"version-history":[{"count":0,"href":"https:\/\/ag-frisch.com\/es\/wp-json\/wp\/v2\/pages\/9144\/revisions"}],"wp:attachment":[{"href":"https:\/\/ag-frisch.com\/es\/wp-json\/wp\/v2\/media?parent=9144"}],"curies":[{"name":"wp","href":"https:\/\/api.w.org\/{rel}","templated":true}]}}