{"id":9275,"date":"2021-09-12T22:04:32","date_gmt":"2021-09-12T20:04:32","guid":{"rendered":"https:\/\/ag-frisch.com\/logistica\/"},"modified":"2023-01-26T22:06:25","modified_gmt":"2023-01-26T21:06:25","slug":"logistica","status":"publish","type":"page","link":"https:\/\/ag-frisch.com\/es\/logistica\/","title":{"rendered":"Log\u00edstica"},"content":{"rendered":"<p>[et_pb_section fb_built=&#8221;1&#8243; _builder_version=&#8221;4.16&#8243; _module_preset=&#8221;default&#8221; global_colors_info=&#8221;{}&#8221;][et_pb_row _builder_version=&#8221;4.16&#8243; _module_preset=&#8221;default&#8221; global_colors_info=&#8221;{}&#8221;][et_pb_column type=&#8221;4_4&#8243; _builder_version=&#8221;4.16&#8243; _module_preset=&#8221;default&#8221; global_colors_info=&#8221;{}&#8221;][et_pb_cta title=&#8221;Env\u00edos desde China&#8221; button_url=&#8221;https:\/\/ag-frisch.com\/es\/contacte-con\/&#8221; button_text=&#8221;Solicitar flete desde China ahora&#8221; _builder_version=&#8221;4.16&#8243; _module_preset=&#8221;default&#8221; global_colors_info=&#8221;{}&#8221;]<\/p>\n<p>Solicite el env\u00edo desde China y deje que se encarguen los expertos.  <\/p>\n<p>[\/et_pb_cta][et_pb_image src=&#8221;https:\/\/ag-frisch.com\/wp-content\/uploads\/2021\/11\/china-import-300px.jpg&#8221; _builder_version=&#8221;4.16&#8243; _module_preset=&#8221;default&#8221; global_colors_info=&#8221;{}&#8221;][\/et_pb_image][et_pb_text _builder_version=&#8221;4.16&#8243; _module_preset=&#8221;default&#8221; global_colors_info=&#8221;{}&#8221;]<\/p>\n<h1><strong><\/strong><\/h1>\n<h1><strong><\/strong><\/h1>\n<h1><strong><\/strong><\/h1>\n<h1><strong>Manipulaci\u00f3n log\u00edstica desde China<\/strong><\/h1>\n<p>el personal de nuestra marca &#8220;China-Import.net&#8221; ya han encontrado la mejor ruta log\u00edstica para usted despu\u00e9s de la liberaci\u00f3n despu\u00e9s de la inspecci\u00f3n y cuidar de reservar el env\u00edo. Desde el transporte expr\u00e9s hasta el a\u00e9reo, pasando por el mar\u00edtimo y el ferroviario, tenemos la posibilidad de considerar todas las rutas log\u00edsticas para usted, con mucho gusto tambi\u00e9n divididas en varios m\u00e9todos de env\u00edo, por ejemplo, una parte por v\u00eda a\u00e9rea por adelantado y el resto por v\u00eda mar\u00edtima.  <\/p>\n<p>&nbsp;<\/p>\n<p><span>Un transitario suele ser un proveedor de servicios que se hace cargo de todos los servicios relacionados con sus mercanc\u00edas. En concreto, le ofrecemos una visi\u00f3n general de los servicios de un transitario especializado en  <\/span><strong>Transportes desde China<\/strong><span>.<\/span><\/p>\n<p><span>&#8211; Asesoramiento sobre operaciones de pago a China<\/span><br \/><span>&#8211; C\u00e1lculo del coste total de sus compras en China<\/span><br \/><span>&#8211; Negociaciones con el proveedor en China<\/span><br \/><span>&#8211; Evaluaci\u00f3n de proveedores<\/span><br \/><span>&#8211; Auditor\u00edas en China<\/span><br \/><span>&#8211; Autenticaci\u00f3n de certificados<\/span><br \/><span>&#8211; Auditor\u00edas e inspecciones de calidad en China<\/span><br \/><span>&#8211; Transporte de carga general desde China (flete mar\u00edtimo desde China)<\/span><br \/><span>&#8211; Env\u00edo de contenedores desde China (<\/span><strong>Transporte mar\u00edtimo desde China<\/strong><span>)<\/span><br \/><span>&#8211; <\/span><strong>Carga a\u00e9rea desde China<\/strong><br \/><span>&#8211; Transporte ferroviario de mercanc\u00edas desde China<\/span><br \/><span>&#8211; Manipulaci\u00f3n incluso de peque\u00f1os env\u00edos de muestras desde China<\/span><br \/><span>&#8211; Almac\u00e9n temporal en China (almac\u00e9n colectivo)<\/span><br \/><span>&#8211; Almac\u00e9n receptor en Alemania (almac\u00e9n colectivo y aduanero)<\/span><br \/><span>&#8211; Organizaci\u00f3n de toda la log\u00edstica, desde la recogida hasta la entrega.<\/span><\/p>\n<p>&nbsp;<\/p>\n<p>&nbsp;<\/p>\n<h1><strong>Para m\u00e1s informaci\u00f3n<\/strong><\/h1>\n<p>&nbsp;<\/p>\n<h2>Log\u00edstica y almacenamiento<\/h2>\n<div class=\"img\"> <\/div>\n<p>Como agencia de importaci\u00f3n, contamos con socios fuertes para su log\u00edstica, almacenamiento (puesta en servicio) y tambi\u00e9n para el env\u00edo posterior. Esto significa que tambi\u00e9n se le asesora y atiende \u00f3ptimamente en log\u00edstica. Nuestros socios tienen muchos a\u00f1os de experiencia y siempre se esfuerzan por encontrar la mejor soluci\u00f3n para usted.<\/p>\n<p>&nbsp;<\/p>\n<h2>Recogida en el extranjero<\/h2>\n<p>La recogida en el extranjero la realiza la red de agentes establecida. Previamente, debe aclararse qui\u00e9n asume qu\u00e9 responsabilidad. Tenga en cuenta que la mercanc\u00eda no s\u00f3lo debe estar bien embalada, sino tambi\u00e9n bien asegurada. Esto se aplica en particular a los valores de las mercanc\u00edas superiores a 5,00 euros\/kg.<\/p>\n<p>&nbsp;<\/p>\n<h2>Env\u00edo o flete a\u00e9reo<\/h2>\n<p>Ya sea transporte mar\u00edtimo o a\u00e9reo, o incluso una mezcla de ambos, siempre intentamos encontrar la mejor soluci\u00f3n para usted. La soluci\u00f3n m\u00e1s barata no siempre es la mejor cuando se trata de log\u00edstica. Deje que nosotros o nuestros socios le asesoremos detalladamente sobre sus deseos y las posibilidades. Recomendamos:<span> <\/span><a href=\"http:\/\/www.china-import.net\/\"><strong>Env\u00edos desde China<\/strong><\/a><a href=\"http:\/\/www.spediteur-berlin.de\/\"><br \/><\/a><\/p>\n<p>&nbsp;<\/p>\n<h2>Transporte mar\u00edtimo<\/h2>\n<p>Para el transporte mar\u00edtimo desde Asia, puede esperar un plazo de entrega de unas 4 &#8211; 5 semanas hasta Hamburgo. El transporte mar\u00edtimo le permite mejorar las condiciones de pago, pero, por supuesto, tarda mucho m\u00e1s que el transporte a\u00e9reo. Por seguridad, tambi\u00e9n es posible el env\u00edo en un contenedor sellado.<\/p>\n<p>Recomendaci\u00f3n:<span> <\/span><a href=\"http:\/\/www.ilg-logistics.com\/static\/pdf\/ilg-image-de.pdf\">Escolta durante el transporte (seguridad)<\/a> <\/p>\n<p><strong>En log\u00edstica, nuestros socios est\u00e1n obligados a suscribir urgentemente una p\u00f3liza de seguro est\u00e1ndar, al menos para FCL en flete mar\u00edtimo, lo que suele redundar tambi\u00e9n en inter\u00e9s del cliente. En caso de duda, comente con nosotros qu\u00e9 riesgos desea o necesita asegurar. Los costes adicionales suelen ser del 5 por mil sobre el 110% del valor de la mercanc\u00eda y son aceptados por el cliente al hacer el pedido.<br \/><\/strong><\/p>\n<p><strong><\/strong><\/p>\n<h2>Transporte a\u00e9reo<\/h2>\n<p>Con el transporte a\u00e9reo, los plazos de entrega son r\u00e1pidos, pero los costes de transporte suelen ser considerablemente m\u00e1s elevados.<\/p>\n<p><span><strong>Transporte ferroviario de mercanc\u00edas<\/strong><\/span><\/p>\n<p>La alternativa al transporte a\u00e9reo, tarda un poco m\u00e1s pero es mucho m\u00e1s r\u00e1pido que el transporte por barco. Sin embargo, cuesta entre 4 y 5 veces m\u00e1s que el transporte mar\u00edtimo, pero sigue siendo considerablemente m\u00e1s barato que el a\u00e9reo y, por tanto, es m\u00e1s una alternativa al transporte a\u00e9reo que al mar\u00edtimo.<\/p>\n<p>&nbsp;<\/p>\n<h2>Recepci\u00f3n de mercanc\u00edas<\/h2>\n<p>Estaremos encantados de recibir su mercanc\u00eda en el almac\u00e9n de nuestra sucursal en Hamburgo. Los 50.000 espacios para pal\u00e9s le ofrecen suficiente espacio de estiba para que tambi\u00e9n podamos almacenar con gusto sus mercanc\u00edas. Por supuesto, tambi\u00e9n podemos hacer que sus mercanc\u00edas se reembalen, se empaqueten, se embalen en pal\u00e9s, se reembalen en cajas master, etc. e incluso se env\u00eden a sus propios clientes si es necesario. Tambi\u00e9n es posible realizar una inspecci\u00f3n de calidad despu\u00e9s de la entrega a trav\u00e9s de nuestros socios de Hamburgo.<\/p>\n<p>&nbsp;<\/p>\n<h2>Despacho de aduanas<\/h2>\n<p>La mercanc\u00eda puede despacharse a trav\u00e9s de nuestros socios. Por regla general, los derechos de aduana y el impuesto sobre el volumen de negocios de importaci\u00f3n corren a cargo de nuestros socios log\u00edsticos. Si procede, se cobrar\u00e1 una tasa de exposici\u00f3n.<\/p>\n<p>&nbsp;<\/p>\n<h2>Entrega<\/h2>\n<p>Por supuesto, podemos hacernos cargo del seguimiento hasta la entrega por usted, lo que significa que no tiene que preocuparse de nada excepto de aceptar la mercanc\u00eda correctamente.<\/p>\n<p>&nbsp;<\/p>\n<p><a href=\"http:\/\/infos%20zur%20haftung%20bei%20der%20fracht\/\"><br \/><\/a><a href=\"http:\/\/www.ewaic.de\/fileadmin\/redaktion\/Downloads\/binnenschifffahrt.pdf?PHPSESSID=g27j72m0nkru5tt3vql3mhpge0\"> <\/a><a href=\"http:\/\/www.tis-gdv.de\/tis\/tagungen\/svt\/svt03\/07_frahm.pdf\"><\/a><\/p>\n<div> <strong><\/strong><\/div>\n<p>[\/et_pb_text][\/et_pb_column][\/et_pb_row][\/et_pb_section][et_pb_section fb_built=&#8221;1&#8243; admin_label=&#8221;Testimonials&#8221; _builder_version=&#8221;4.16&#8243; use_background_color_gradient=&#8221;on&#8221; background_color_gradient_stops=&#8221;rgba(0,106,156,0.85) 0%|rgba(0,106,156,0.85) 100%&#8221; background_color_gradient_start=&#8221;rgba(0,106,156,0.85)&#8221; background_color_gradient_end=&#8221;rgba(0,106,156,0.85)&#8221; custom_padding=&#8221;90px||60px|&#8221; animation_style=&#8221;fold&#8221; animation_direction=&#8221;bottom&#8221; animation_intensity_fold=&#8221;4%&#8221; global_colors_info=&#8221;{}&#8221;][et_pb_row _builder_version=&#8221;4.16&#8243; background_size=&#8221;initial&#8221; background_position=&#8221;top_left&#8221; background_repeat=&#8221;repeat&#8221; custom_width_px=&#8221;710px&#8221; locked=&#8221;off&#8221; global_colors_info=&#8221;{}&#8221;][et_pb_column type=&#8221;4_4&#8243; _builder_version=&#8221;4.16&#8243; background_position=&#8221;top_left&#8221; custom_padding=&#8221;|||&#8221; global_colors_info=&#8221;{}&#8221; custom_padding__hover=&#8221;|||&#8221;][et_pb_text admin_label=&#8221;Testimonials Section Title&#8221; _builder_version=&#8221;4.16&#8243; header_font=&#8221;Montserrat||||&#8221; header_font_size=&#8221;36px&#8221; background_size=&#8221;initial&#8221; background_position=&#8221;top_left&#8221; background_repeat=&#8221;repeat&#8221; text_orientation=&#8221;center&#8221; background_layout=&#8221;dark&#8221; max_width=&#8221;710px&#8221; module_alignment=&#8221;center&#8221; animation_style=&#8221;fold&#8221; animation_direction=&#8221;bottom&#8221; animation_intensity_fold=&#8221;20%&#8221; global_colors_info=&#8221;{}&#8221;]<\/p>\n<h1>M\u00e1s de 5000 clientes satisfechos.<\/h1>\n<p>&nbsp;<\/p>\n<p>[\/et_pb_text][et_pb_divider color=&#8221;#ffffff&#8221; divider_weight=&#8221;3px&#8221; disabled_on=&#8221;off|off|off&#8221; _builder_version=&#8221;4.16&#8243; background_color_gradient_direction=&#8221;90deg&#8221; max_width=&#8221;100px&#8221; module_alignment=&#8221;center&#8221; height=&#8221;5px&#8221; custom_margin=&#8221;||20px|&#8221; custom_padding=&#8221;||20px|&#8221; animation_style=&#8221;slide&#8221; animation_direction=&#8221;bottom&#8221; saved_tabs=&#8221;all&#8221; locked=&#8221;off&#8221; global_colors_info=&#8221;{}&#8221;][\/et_pb_divider][\/et_pb_column][\/et_pb_row][et_pb_row column_structure=&#8221;1_2,1_2&#8243; _builder_version=&#8221;4.18.1&#8243; _module_preset=&#8221;default&#8221; global_colors_info=&#8221;{}&#8221;][et_pb_column type=&#8221;1_2&#8243; _builder_version=&#8221;4.18.1&#8243; _module_preset=&#8221;default&#8221; global_colors_info=&#8221;{}&#8221;][et_pb_testimonial author=&#8221;Marco&#8221; portrait_url=&#8221;https:\/\/ag-frisch.com\/wp-content\/uploads\/2021\/08\/Harald.png&#8221; quote_icon=&#8221;off&#8221; _builder_version=&#8221;4.18.1&#8243; _module_preset=&#8221;default&#8221; body_font_size=&#8221;16px&#8221; use_background_color=&#8221;off&#8221; background_layout=&#8221;dark&#8221; global_colors_info=&#8221;{}&#8221;]Encargu\u00e9 a la Agencia Frisch la fabricaci\u00f3n de un gran mueble en China y su posterior traslado a Alemania. La comunicaci\u00f3n por correo fue fluida en todo momento. Las respuestas, muy r\u00e1pidas y fiables, me dieron constantemente las seguridades indispensables en una empresa de este tipo. Me ayudaron en todo momento a atravesar la jungla burocr\u00e1tica y no se me olvid\u00f3 ning\u00fan formulario ni lo rellen\u00e9 incorrectamente. \u00a1Muy loable!<a href=\"&lt;div%20class=%22pe-richsnippets%22&gt;&nbsp;&lt;\/div&gt;%20&lt;script%20type=%22text\/javascript%22%20src=%22https:\/\/www.provenexpert.com\/widget\/richsnippet.js?u=1NUA0VwZ4RUZ5tmAi5zA4RaplNKAlWwZ&amp;v=2%22%20async&gt;&lt;\/script&gt;%20&lt;div%20style=%22text-align:%20justify;%22&gt;&lt;br%20\/&gt;\"><\/a><\/p>\n<div class=\"brow ratingBarMargin\">\n<div class=\"ratingBar\">\n<div class=\"brow\">\n<div class=\"pe-richsnippets\">&nbsp;<\/div>\n<p><script type=\"text\/javascript\" src=\"https:\/\/www.provenexpert.com\/widget\/richsnippet.js?u=1NUA0VwZ4RUZ5tmAi5zA4RaplNKAlWwZ&amp;v=2\" async=\"\"><\/script><\/p>\n<div style=\"text-align: justify;\"><\/p>\n<div class=\"col-lg-9 col-md-8 col-xs-10 mt20 mb20\">\n<div class=\"col-xs-12 surveyNameForRating\"><\/div>\n<\/div>\n<\/div>\n<\/div>\n<\/div>\n<\/div>\n<p>[\/et_pb_testimonial][\/et_pb_column][et_pb_column type=&#8221;1_2&#8243; _builder_version=&#8221;4.18.1&#8243; _module_preset=&#8221;default&#8221; global_colors_info=&#8221;{}&#8221;][et_pb_testimonial author=&#8221;Simone L.&#8221; portrait_url=&#8221;https:\/\/ag-frisch.com\/wp-content\/uploads\/2021\/08\/Harald.png&#8221; quote_icon=&#8221;off&#8221; _builder_version=&#8221;4.18.1&#8243; _module_preset=&#8221;default&#8221; body_font_size=&#8221;16px&#8221; use_background_color=&#8221;off&#8221; background_layout=&#8221;dark&#8221; global_colors_info=&#8221;{}&#8221;]<\/p>\n<p>Todo arriba. No hay nada mejor que esto. El asesoramiento y la aplicaci\u00f3n no pueden hacerse mejor. Estamos m\u00e1s que satisfechos despu\u00e9s de varios pedidos con esta empresa y continuamos nuestra cooperaci\u00f3n.<\/p>\n<div class=\"brow ratingBarMargin\">\n<div class=\"ratingBar\">\n<div class=\"brow\">\n<div class=\"pe-richsnippets\"> <\/div>\n<p>\n<script type=\"text\/javascript\" src=\"https:\/\/www.provenexpert.com\/widget\/richsnippet.js?u=1NUA0VwZ4RUZ5tmAi5zA4RaplNKAlWwZ&amp;v=2\" async=\"\"><\/script>\n<\/p>\n<div style=\"text-align: justify;\">\n<p>&nbsp;<\/p>\n<div class=\"col-lg-9 col-md-8 col-xs-10 mt20 mb20\">\n<div class=\"col-xs-12 surveyNameForRating\"><\/div>\n<\/div>\n<\/div>\n<\/div>\n<\/div>\n<\/div>\n<p>[\/et_pb_testimonial][\/et_pb_column][\/et_pb_row][et_pb_row _builder_version=&#8221;4.16&#8243; background_size=&#8221;initial&#8221; background_position=&#8221;top_left&#8221; background_repeat=&#8221;repeat&#8221; custom_padding=&#8221;50px|0px|30px|0px&#8221; custom_css_main_element=&#8221;text-align: center;&#8221; global_colors_info=&#8221;{}&#8221;][et_pb_column type=&#8221;4_4&#8243; _builder_version=&#8221;4.16&#8243; custom_padding=&#8221;|||&#8221; global_colors_info=&#8221;{}&#8221; custom_padding__hover=&#8221;|||&#8221;][et_pb_button button_url=&#8221;https:\/\/www.provenexpert.com\/de-de\/agentur-frisch-international-consulting-gmbh-und-co-kg\/&#8221; button_text=&#8221;M\u00c1S VALORACIONES&#8221; button_alignment=&#8221;left&#8221; admin_label=&#8221;Testimonial Button&#8221; _builder_version=&#8221;4.16&#8243; custom_button=&#8221;on&#8221; button_text_size=&#8221;18px&#8221; button_text_color=&#8221;#ffffff&#8221; button_bg_color=&#8221;#6eba01&#8243; button_border_width=&#8221;2px&#8221; button_border_color=&#8221;#6eba01&#8243; button_border_radius=&#8221;0px&#8221; button_letter_spacing=&#8221;2px&#8221; button_font=&#8221;Montserrat|||on|&#8221; button_use_icon=&#8221;off&#8221; animation_style=&#8221;fold&#8221; animation_direction=&#8221;bottom&#8221; button_text_color_hover=&#8221;#ffffff&#8221; button_border_color_hover=&#8221;#ffffff&#8221; button_border_radius_hover=&#8221;0px&#8221; button_letter_spacing_hover=&#8221;2px&#8221; button_bg_color_hover=&#8221;rgba(255,255,255,0)&#8221; locked=&#8221;off&#8221; global_colors_info=&#8221;{}&#8221; button_text_size__hover_enabled=&#8221;off&#8221; button_one_text_size__hover_enabled=&#8221;off&#8221; button_two_text_size__hover_enabled=&#8221;off&#8221; button_text_color__hover_enabled=&#8221;on&#8221; button_text_color__hover=&#8221;#ffffff&#8221; button_one_text_color__hover_enabled=&#8221;off&#8221; button_two_text_color__hover_enabled=&#8221;off&#8221; button_border_width__hover_enabled=&#8221;off&#8221; button_one_border_width__hover_enabled=&#8221;off&#8221; button_two_border_width__hover_enabled=&#8221;off&#8221; button_border_color__hover_enabled=&#8221;on&#8221; button_border_color__hover=&#8221;#ffffff&#8221; button_one_border_color__hover_enabled=&#8221;off&#8221; button_two_border_color__hover_enabled=&#8221;off&#8221; button_border_radius__hover_enabled=&#8221;on&#8221; button_border_radius__hover=&#8221;0px&#8221; button_one_border_radius__hover_enabled=&#8221;off&#8221; button_two_border_radius__hover_enabled=&#8221;off&#8221; button_letter_spacing__hover_enabled=&#8221;on&#8221; button_letter_spacing__hover=&#8221;2px&#8221; button_one_letter_spacing__hover_enabled=&#8221;off&#8221; button_two_letter_spacing__hover_enabled=&#8221;off&#8221; button_bg_color__hover_enabled=&#8221;on&#8221; button_bg_color__hover=&#8221;rgba(255,255,255,0)&#8221; button_one_bg_color__hover_enabled=&#8221;off&#8221; button_two_bg_color__hover_enabled=&#8221;off&#8221;][\/et_pb_button][\/et_pb_column][\/et_pb_row][\/et_pb_section][et_pb_section fb_built=&#8221;1&#8243; _builder_version=&#8221;4.16&#8243; _module_preset=&#8221;default&#8221; global_colors_info=&#8221;{}&#8221;][\/et_pb_section]<\/p>\n","protected":false},"excerpt":{"rendered":"<p>Solicite el env\u00edo desde China y deje que se encarguen los expertos. Manipulaci\u00f3n log\u00edstica desde China el personal de nuestra marca &#8220;China-Import.net&#8221; ya han encontrado la mejor ruta log\u00edstica para usted despu\u00e9s de la liberaci\u00f3n despu\u00e9s de la inspecci\u00f3n y cuidar de reservar el env\u00edo. Desde el transporte expr\u00e9s hasta el a\u00e9reo, pasando por el [&hellip;]<\/p>\n","protected":false},"author":2,"featured_media":0,"parent":0,"menu_order":0,"comment_status":"closed","ping_status":"closed","template":"","meta":{"_et_pb_use_builder":"on","_et_pb_old_content":"","_et_gb_content_width":"","footnotes":""},"class_list":["post-9275","page","type-page","status-publish","hentry"],"yoast_head":"<!-- This site is optimized with the Yoast SEO plugin v27.2 - https:\/\/yoast.com\/product\/yoast-seo-wordpress\/ -->\n<title>China-import.net - Su proveedor de servicios log\u00edsticos desde Berl\u00edn<\/title>\n<meta name=\"description\" content=\"Manipulaci\u00f3n log\u00edstica China - Alemania UE \u25bb Express \u2713 Carga mar\u00edtima \u2713 Carga a\u00e9rea \u2713 Carga ferroviaria \u25bb \u00a1Reciba asesoramiento experto ahora!\" \/>\n<meta name=\"robots\" content=\"index, follow, max-snippet:-1, max-image-preview:large, max-video-preview:-1\" \/>\n<link rel=\"canonical\" href=\"https:\/\/ag-frisch.com\/es\/logistica\/\" \/>\n<meta property=\"og:locale\" content=\"es_ES\" \/>\n<meta property=\"og:type\" content=\"article\" \/>\n<meta property=\"og:title\" content=\"China-import.net - Su proveedor de servicios log\u00edsticos desde Berl\u00edn\" \/>\n<meta property=\"og:description\" content=\"Manipulaci\u00f3n log\u00edstica China - Alemania UE \u25bb Express \u2713 Carga mar\u00edtima \u2713 Carga a\u00e9rea \u2713 Carga ferroviaria \u25bb \u00a1Reciba asesoramiento experto ahora!\" \/>\n<meta property=\"og:url\" content=\"https:\/\/ag-frisch.com\/es\/logistica\/\" \/>\n<meta property=\"og:site_name\" content=\"China Import Beratung f\u00fcr den Einkauf aus China\" \/>\n<meta property=\"article:publisher\" content=\"https:\/\/www.facebook.com\/China.Import\" \/>\n<meta property=\"article:modified_time\" content=\"2023-01-26T21:06:25+00:00\" \/>\n<meta name=\"twitter:card\" content=\"summary_large_image\" \/>\n<meta name=\"twitter:site\" content=\"@agenturfrisch\" \/>\n<meta name=\"twitter:label1\" content=\"Tiempo de lectura\" \/>\n\t<meta name=\"twitter:data1\" content=\"9 minutos\" \/>\n<script type=\"application\/ld+json\" class=\"yoast-schema-graph\">{\"@context\":\"https:\/\/schema.org\",\"@graph\":[{\"@type\":\"WebPage\",\"@id\":\"https:\/\/ag-frisch.com\/es\/logistica\/\",\"url\":\"https:\/\/ag-frisch.com\/es\/logistica\/\",\"name\":\"China-import.net - Su proveedor de servicios log\u00edsticos desde Berl\u00edn\",\"isPartOf\":{\"@id\":\"https:\/\/ag-frisch.com\/de\/#website\"},\"datePublished\":\"2021-09-12T20:04:32+00:00\",\"dateModified\":\"2023-01-26T21:06:25+00:00\",\"description\":\"Manipulaci\u00f3n log\u00edstica China - Alemania UE \u25bb Express \u2713 Carga mar\u00edtima \u2713 Carga a\u00e9rea \u2713 Carga ferroviaria \u25bb \u00a1Reciba asesoramiento experto ahora!\",\"breadcrumb\":{\"@id\":\"https:\/\/ag-frisch.com\/es\/logistica\/#breadcrumb\"},\"inLanguage\":\"es\",\"potentialAction\":[{\"@type\":\"ReadAction\",\"target\":[\"https:\/\/ag-frisch.com\/es\/logistica\/\"]}]},{\"@type\":\"BreadcrumbList\",\"@id\":\"https:\/\/ag-frisch.com\/es\/logistica\/#breadcrumb\",\"itemListElement\":[{\"@type\":\"ListItem\",\"position\":1,\"name\":\"Startseite\",\"item\":\"https:\/\/ag-frisch.com\/de\/\"},{\"@type\":\"ListItem\",\"position\":2,\"name\":\"Log\u00edstica\"}]},{\"@type\":\"WebSite\",\"@id\":\"https:\/\/ag-frisch.com\/de\/#website\",\"url\":\"https:\/\/ag-frisch.com\/de\/\",\"name\":\"China Import Beratung f\u00fcr den Einkauf aus China\",\"description\":\"China Import &amp; Export Beratung - Der Dienstleister Ihres Vertrauens f\u00fcr Ihren China Import\",\"publisher\":{\"@id\":\"https:\/\/ag-frisch.com\/de\/#organization\"},\"potentialAction\":[{\"@type\":\"SearchAction\",\"target\":{\"@type\":\"EntryPoint\",\"urlTemplate\":\"https:\/\/ag-frisch.com\/de\/?s={search_term_string}\"},\"query-input\":{\"@type\":\"PropertyValueSpecification\",\"valueRequired\":true,\"valueName\":\"search_term_string\"}}],\"inLanguage\":\"es\"},{\"@type\":\"Organization\",\"@id\":\"https:\/\/ag-frisch.com\/de\/#organization\",\"name\":\"Agentur Frisch International Consulting GmbH & Co. KG\",\"url\":\"https:\/\/ag-frisch.com\/de\/\",\"logo\":{\"@type\":\"ImageObject\",\"inLanguage\":\"es\",\"@id\":\"https:\/\/ag-frisch.com\/de\/#\/schema\/logo\/image\/\",\"url\":\"https:\/\/ag-frisch.com\/wp-content\/uploads\/2021\/08\/ag_logo_rgb_300_small.png\",\"contentUrl\":\"https:\/\/ag-frisch.com\/wp-content\/uploads\/2021\/08\/ag_logo_rgb_300_small.png\",\"width\":153,\"height\":102,\"caption\":\"Agentur Frisch International Consulting GmbH & Co. KG\"},\"image\":{\"@id\":\"https:\/\/ag-frisch.com\/de\/#\/schema\/logo\/image\/\"},\"sameAs\":[\"https:\/\/www.facebook.com\/China.Import\",\"https:\/\/x.com\/agenturfrisch\"]}]}<\/script>\n<!-- \/ Yoast SEO plugin. -->","yoast_head_json":{"title":"China-import.net - Su proveedor de servicios log\u00edsticos desde Berl\u00edn","description":"Manipulaci\u00f3n log\u00edstica China - Alemania UE \u25bb Express \u2713 Carga mar\u00edtima \u2713 Carga a\u00e9rea \u2713 Carga ferroviaria \u25bb \u00a1Reciba asesoramiento experto ahora!","robots":{"index":"index","follow":"follow","max-snippet":"max-snippet:-1","max-image-preview":"max-image-preview:large","max-video-preview":"max-video-preview:-1"},"canonical":"https:\/\/ag-frisch.com\/es\/logistica\/","og_locale":"es_ES","og_type":"article","og_title":"China-import.net - Su proveedor de servicios log\u00edsticos desde Berl\u00edn","og_description":"Manipulaci\u00f3n log\u00edstica China - Alemania UE \u25bb Express \u2713 Carga mar\u00edtima \u2713 Carga a\u00e9rea \u2713 Carga ferroviaria \u25bb \u00a1Reciba asesoramiento experto ahora!","og_url":"https:\/\/ag-frisch.com\/es\/logistica\/","og_site_name":"China Import Beratung f\u00fcr den Einkauf aus China","article_publisher":"https:\/\/www.facebook.com\/China.Import","article_modified_time":"2023-01-26T21:06:25+00:00","twitter_card":"summary_large_image","twitter_site":"@agenturfrisch","twitter_misc":{"Tiempo de lectura":"9 minutos"},"schema":{"@context":"https:\/\/schema.org","@graph":[{"@type":"WebPage","@id":"https:\/\/ag-frisch.com\/es\/logistica\/","url":"https:\/\/ag-frisch.com\/es\/logistica\/","name":"China-import.net - Su proveedor de servicios log\u00edsticos desde Berl\u00edn","isPartOf":{"@id":"https:\/\/ag-frisch.com\/de\/#website"},"datePublished":"2021-09-12T20:04:32+00:00","dateModified":"2023-01-26T21:06:25+00:00","description":"Manipulaci\u00f3n log\u00edstica China - Alemania UE \u25bb Express \u2713 Carga mar\u00edtima \u2713 Carga a\u00e9rea \u2713 Carga ferroviaria \u25bb \u00a1Reciba asesoramiento experto ahora!","breadcrumb":{"@id":"https:\/\/ag-frisch.com\/es\/logistica\/#breadcrumb"},"inLanguage":"es","potentialAction":[{"@type":"ReadAction","target":["https:\/\/ag-frisch.com\/es\/logistica\/"]}]},{"@type":"BreadcrumbList","@id":"https:\/\/ag-frisch.com\/es\/logistica\/#breadcrumb","itemListElement":[{"@type":"ListItem","position":1,"name":"Startseite","item":"https:\/\/ag-frisch.com\/de\/"},{"@type":"ListItem","position":2,"name":"Log\u00edstica"}]},{"@type":"WebSite","@id":"https:\/\/ag-frisch.com\/de\/#website","url":"https:\/\/ag-frisch.com\/de\/","name":"China Import Beratung f\u00fcr den Einkauf aus China","description":"China Import &amp; Export Beratung - Der Dienstleister Ihres Vertrauens f\u00fcr Ihren China Import","publisher":{"@id":"https:\/\/ag-frisch.com\/de\/#organization"},"potentialAction":[{"@type":"SearchAction","target":{"@type":"EntryPoint","urlTemplate":"https:\/\/ag-frisch.com\/de\/?s={search_term_string}"},"query-input":{"@type":"PropertyValueSpecification","valueRequired":true,"valueName":"search_term_string"}}],"inLanguage":"es"},{"@type":"Organization","@id":"https:\/\/ag-frisch.com\/de\/#organization","name":"Agentur Frisch International Consulting GmbH & Co. KG","url":"https:\/\/ag-frisch.com\/de\/","logo":{"@type":"ImageObject","inLanguage":"es","@id":"https:\/\/ag-frisch.com\/de\/#\/schema\/logo\/image\/","url":"https:\/\/ag-frisch.com\/wp-content\/uploads\/2021\/08\/ag_logo_rgb_300_small.png","contentUrl":"https:\/\/ag-frisch.com\/wp-content\/uploads\/2021\/08\/ag_logo_rgb_300_small.png","width":153,"height":102,"caption":"Agentur Frisch International Consulting GmbH & Co. KG"},"image":{"@id":"https:\/\/ag-frisch.com\/de\/#\/schema\/logo\/image\/"},"sameAs":["https:\/\/www.facebook.com\/China.Import","https:\/\/x.com\/agenturfrisch"]}]}},"_links":{"self":[{"href":"https:\/\/ag-frisch.com\/es\/wp-json\/wp\/v2\/pages\/9275","targetHints":{"allow":["GET"]}}],"collection":[{"href":"https:\/\/ag-frisch.com\/es\/wp-json\/wp\/v2\/pages"}],"about":[{"href":"https:\/\/ag-frisch.com\/es\/wp-json\/wp\/v2\/types\/page"}],"author":[{"embeddable":true,"href":"https:\/\/ag-frisch.com\/es\/wp-json\/wp\/v2\/users\/2"}],"replies":[{"embeddable":true,"href":"https:\/\/ag-frisch.com\/es\/wp-json\/wp\/v2\/comments?post=9275"}],"version-history":[{"count":0,"href":"https:\/\/ag-frisch.com\/es\/wp-json\/wp\/v2\/pages\/9275\/revisions"}],"wp:attachment":[{"href":"https:\/\/ag-frisch.com\/es\/wp-json\/wp\/v2\/media?parent=9275"}],"curies":[{"name":"wp","href":"https:\/\/api.w.org\/{rel}","templated":true}]}}