{"id":9537,"date":"2021-09-21T23:01:32","date_gmt":"2021-09-21T21:01:32","guid":{"rendered":"https:\/\/ag-frisch.com\/reunion-de-la-red-de-compradores\/"},"modified":"2023-01-26T22:50:53","modified_gmt":"2023-01-26T21:50:53","slug":"reunion-de-la-red-de-compradores","status":"publish","type":"page","link":"https:\/\/ag-frisch.com\/es\/paginas-de-informacion\/reunion-de-la-red-de-compradores\/","title":{"rendered":"Reuni\u00f3n de la red de compradores"},"content":{"rendered":"<p>[et_pb_section fb_built=&#8221;1&#8243; _builder_version=&#8221;4.16&#8243; _module_preset=&#8221;default&#8221; global_colors_info=&#8221;{}&#8221;][et_pb_row _builder_version=&#8221;4.16&#8243; _module_preset=&#8221;default&#8221; global_colors_info=&#8221;{}&#8221;][et_pb_column type=&#8221;4_4&#8243; _builder_version=&#8221;4.16&#8243; _module_preset=&#8221;default&#8221; global_colors_info=&#8221;{}&#8221;][et_pb_text _builder_version=&#8221;4.18.1&#8243; _module_preset=&#8221;default&#8221; hover_enabled=&#8221;0&#8243; global_colors_info=&#8221;{}&#8221; sticky_enabled=&#8221;0&#8243;]<\/p>\n<h1>Reuni\u00f3n de la Red de Compradores de China para Importadores<\/h1>\n<h2>Reuni\u00f3n de la red de compradores (relacionados con Asia)<\/h2>\n<div class=\"content_floattext\">\n<div>\n<p><span><strong>Debido a la pandemia de Corona, las reuniones est\u00e1n actualmente en pausa.  <\/strong><\/span><\/p>\n<p>Encuentro en red para empresarios, compradores y personas interesadas en Asia (especialmente China, Corea y Jap\u00f3n).<\/p>\n<p>En la reuni\u00f3n de la red, podr\u00e1 ampliar sus conocimientos en el \u00e1mbito de la importaci\u00f3n de China.<\/p>\n<p>Desde Nov. En 2014, la Agencia Frisch ofreci\u00f3 <strong>reuniones<\/strong> peri\u00f3dicas <strong>para establecer contactos<\/strong>. Nos gustar\u00eda dirigirnos a compradores de peque\u00f1as y medianas empresas, as\u00ed como de grupos empresariales<strong>(red para compradores<\/strong>). En algunos casos tambi\u00e9n cooperamos con asociaciones con fines id\u00e9nticos o similares. El objetivo es el intercambio de experiencias, por lo que no es infrecuente que tambi\u00e9n surjan relaciones comerciales.<\/p>\n<p>Los participantes en nuestras reuniones suelen ser alemanes que tienen relaci\u00f3n con Asia, asi\u00e1ticos que estudian o trabajan en Alemania, transitarios, compa\u00f1\u00edas navieras, abogados internacionales, proveedores de servicios del \u00e1mbito del comercio exterior\/compras y log\u00edstica y compradores de la industria y el comercio.<\/p>\n<p>Las <strong>reuniones de la red <\/strong>se celebran peri\u00f3dicamente en Berl\u00edn, y tambi\u00e9n hay reuniones irregulares en regiones cambiantes.<\/p>\n<p>Las <strong>reuniones de la red <\/strong>se celebran<u> cada a\u00f1o<\/u> en una fecha que se anuncia con suficiente antelaci\u00f3n. Puede ponerse en contacto con nosotros en<a><\/a><\/p>\n<p>info@ag-frisch.de<\/p>\n<p>(o el enlace de inscripci\u00f3n al evento que figura m\u00e1s abajo) para inscribirse en una de las pr\u00f3ximas reuniones. La participaci\u00f3n es gratuita, cada uno s\u00f3lo paga sus bebidas y comida.<br \/><span><br \/><\/span><span><img loading=\"lazy\" decoding=\"async\" src=\"http:\/\/www.ag-frisch.de\/cmsstore\/Einladung.jpg\" alt=\"\" width=\"620\" height=\"437\"><\/span><\/p>\n<p><span><strong><\/strong><\/span><\/p>\n<p><span>Los organizadores:<br \/><\/span><br \/><a href=\"https:\/\/www.xing.com\/profile\/David%C2%B4%C3%B3%C3%8E%C3%80_Frisch\">David Frisch (en Xing)<\/a><\/p>\n<\/div>\n<\/div>\n<p>&nbsp;<\/p>\n<p>[\/et_pb_text][\/et_pb_column][\/et_pb_row][et_pb_row _builder_version=&#8221;4.16&#8243; _module_preset=&#8221;default&#8221; global_colors_info=&#8221;{}&#8221;][et_pb_column type=&#8221;4_4&#8243; _builder_version=&#8221;4.16&#8243; _module_preset=&#8221;default&#8221; global_colors_info=&#8221;{}&#8221;][et_pb_code _builder_version=&#8221;4.16&#8243; _module_preset=&#8221;default&#8221; global_colors_info=&#8221;{}&#8221;][\/et_pb_code][\/et_pb_column][\/et_pb_row][\/et_pb_section]<\/p>\n","protected":false},"excerpt":{"rendered":"<p>Reuni\u00f3n de la Red de Compradores de China para Importadores Reuni\u00f3n de la red de compradores (relacionados con Asia) Debido a la pandemia de Corona, las reuniones est\u00e1n actualmente en pausa. Encuentro en red para empresarios, compradores y personas interesadas en Asia (especialmente China, Corea y Jap\u00f3n). En la reuni\u00f3n de la red, podr\u00e1 ampliar [&hellip;]<\/p>\n","protected":false},"author":2,"featured_media":0,"parent":8460,"menu_order":0,"comment_status":"closed","ping_status":"closed","template":"","meta":{"_et_pb_use_builder":"on","_et_pb_old_content":"","_et_gb_content_width":"","footnotes":""},"class_list":["post-9537","page","type-page","status-publish","hentry"],"yoast_head":"<!-- This site is optimized with the Yoast SEO plugin v27.2 - https:\/\/yoast.com\/product\/yoast-seo-wordpress\/ -->\n<title>Reuni\u00f3n de la Red de Compradores | Red de Importaci\u00f3n de China para Compradores<\/title>\n<meta name=\"description\" content=\"China-Import Network Meeting \u25ba Un encuentro en red para empresarios y compradores \u25ba El intercambio de contactos y conocimientos \u25ba \u00a1\u00danete ahora!\" \/>\n<meta name=\"robots\" content=\"index, follow, max-snippet:-1, max-image-preview:large, max-video-preview:-1\" \/>\n<link rel=\"canonical\" href=\"https:\/\/ag-frisch.com\/es\/reunion-de-la-red-de-compradores\/\" \/>\n<meta property=\"og:locale\" content=\"es_ES\" \/>\n<meta property=\"og:type\" content=\"article\" \/>\n<meta property=\"og:title\" content=\"Reuni\u00f3n de la Red de Compradores | Red de Importaci\u00f3n de China para Compradores\" \/>\n<meta property=\"og:description\" content=\"China-Import Network Meeting \u25ba Un encuentro en red para empresarios y compradores \u25ba El intercambio de contactos y conocimientos \u25ba \u00a1\u00danete ahora!\" \/>\n<meta property=\"og:url\" content=\"https:\/\/ag-frisch.com\/es\/reunion-de-la-red-de-compradores\/\" \/>\n<meta property=\"og:site_name\" content=\"China Import Beratung f\u00fcr den Einkauf aus China\" \/>\n<meta property=\"article:publisher\" content=\"https:\/\/www.facebook.com\/China.Import\" \/>\n<meta property=\"article:modified_time\" content=\"2023-01-26T21:50:53+00:00\" \/>\n<meta property=\"og:image\" content=\"http:\/\/www.ag-frisch.de\/cmsstore\/Einladung.jpg\" \/>\n<meta name=\"twitter:card\" content=\"summary_large_image\" \/>\n<meta name=\"twitter:site\" content=\"@agenturfrisch\" \/>\n<meta name=\"twitter:label1\" content=\"Tiempo de lectura\" \/>\n\t<meta name=\"twitter:data1\" content=\"2 minutos\" \/>\n<script type=\"application\/ld+json\" class=\"yoast-schema-graph\">{\"@context\":\"https:\/\/schema.org\",\"@graph\":[{\"@type\":\"WebPage\",\"@id\":\"https:\/\/ag-frisch.com\/es\/reunion-de-la-red-de-compradores\/\",\"url\":\"https:\/\/ag-frisch.com\/es\/reunion-de-la-red-de-compradores\/\",\"name\":\"Reuni\u00f3n de la Red de Compradores | Red de Importaci\u00f3n de China para Compradores\",\"isPartOf\":{\"@id\":\"https:\/\/ag-frisch.com\/de\/#website\"},\"primaryImageOfPage\":{\"@id\":\"https:\/\/ag-frisch.com\/es\/reunion-de-la-red-de-compradores\/#primaryimage\"},\"image\":{\"@id\":\"https:\/\/ag-frisch.com\/es\/reunion-de-la-red-de-compradores\/#primaryimage\"},\"thumbnailUrl\":\"http:\/\/www.ag-frisch.de\/cmsstore\/Einladung.jpg\",\"datePublished\":\"2021-09-21T21:01:32+00:00\",\"dateModified\":\"2023-01-26T21:50:53+00:00\",\"description\":\"China-Import Network Meeting \u25ba Un encuentro en red para empresarios y compradores \u25ba El intercambio de contactos y conocimientos \u25ba \u00a1\u00danete ahora!\",\"breadcrumb\":{\"@id\":\"https:\/\/ag-frisch.com\/es\/reunion-de-la-red-de-compradores\/#breadcrumb\"},\"inLanguage\":\"es\",\"potentialAction\":[{\"@type\":\"ReadAction\",\"target\":[\"https:\/\/ag-frisch.com\/es\/reunion-de-la-red-de-compradores\/\"]}]},{\"@type\":\"ImageObject\",\"inLanguage\":\"es\",\"@id\":\"https:\/\/ag-frisch.com\/es\/reunion-de-la-red-de-compradores\/#primaryimage\",\"url\":\"http:\/\/www.ag-frisch.de\/cmsstore\/Einladung.jpg\",\"contentUrl\":\"http:\/\/www.ag-frisch.de\/cmsstore\/Einladung.jpg\"},{\"@type\":\"BreadcrumbList\",\"@id\":\"https:\/\/ag-frisch.com\/es\/reunion-de-la-red-de-compradores\/#breadcrumb\",\"itemListElement\":[{\"@type\":\"ListItem\",\"position\":1,\"name\":\"Startseite\",\"item\":\"https:\/\/ag-frisch.com\/de\/\"},{\"@type\":\"ListItem\",\"position\":2,\"name\":\"Reuni\u00f3n de la red de compradores\"}]},{\"@type\":\"WebSite\",\"@id\":\"https:\/\/ag-frisch.com\/de\/#website\",\"url\":\"https:\/\/ag-frisch.com\/de\/\",\"name\":\"China Import Beratung f\u00fcr den Einkauf aus China\",\"description\":\"China Import &amp; Export Beratung - Der Dienstleister Ihres Vertrauens f\u00fcr Ihren China Import\",\"publisher\":{\"@id\":\"https:\/\/ag-frisch.com\/de\/#organization\"},\"potentialAction\":[{\"@type\":\"SearchAction\",\"target\":{\"@type\":\"EntryPoint\",\"urlTemplate\":\"https:\/\/ag-frisch.com\/de\/?s={search_term_string}\"},\"query-input\":{\"@type\":\"PropertyValueSpecification\",\"valueRequired\":true,\"valueName\":\"search_term_string\"}}],\"inLanguage\":\"es\"},{\"@type\":\"Organization\",\"@id\":\"https:\/\/ag-frisch.com\/de\/#organization\",\"name\":\"Agentur Frisch International Consulting GmbH & Co. KG\",\"url\":\"https:\/\/ag-frisch.com\/de\/\",\"logo\":{\"@type\":\"ImageObject\",\"inLanguage\":\"es\",\"@id\":\"https:\/\/ag-frisch.com\/de\/#\/schema\/logo\/image\/\",\"url\":\"https:\/\/ag-frisch.com\/wp-content\/uploads\/2021\/08\/ag_logo_rgb_300_small.png\",\"contentUrl\":\"https:\/\/ag-frisch.com\/wp-content\/uploads\/2021\/08\/ag_logo_rgb_300_small.png\",\"width\":153,\"height\":102,\"caption\":\"Agentur Frisch International Consulting GmbH & Co. KG\"},\"image\":{\"@id\":\"https:\/\/ag-frisch.com\/de\/#\/schema\/logo\/image\/\"},\"sameAs\":[\"https:\/\/www.facebook.com\/China.Import\",\"https:\/\/x.com\/agenturfrisch\"]}]}<\/script>\n<!-- \/ Yoast SEO plugin. -->","yoast_head_json":{"title":"Reuni\u00f3n de la Red de Compradores | Red de Importaci\u00f3n de China para Compradores","description":"China-Import Network Meeting \u25ba Un encuentro en red para empresarios y compradores \u25ba El intercambio de contactos y conocimientos \u25ba \u00a1\u00danete ahora!","robots":{"index":"index","follow":"follow","max-snippet":"max-snippet:-1","max-image-preview":"max-image-preview:large","max-video-preview":"max-video-preview:-1"},"canonical":"https:\/\/ag-frisch.com\/es\/reunion-de-la-red-de-compradores\/","og_locale":"es_ES","og_type":"article","og_title":"Reuni\u00f3n de la Red de Compradores | Red de Importaci\u00f3n de China para Compradores","og_description":"China-Import Network Meeting \u25ba Un encuentro en red para empresarios y compradores \u25ba El intercambio de contactos y conocimientos \u25ba \u00a1\u00danete ahora!","og_url":"https:\/\/ag-frisch.com\/es\/reunion-de-la-red-de-compradores\/","og_site_name":"China Import Beratung f\u00fcr den Einkauf aus China","article_publisher":"https:\/\/www.facebook.com\/China.Import","article_modified_time":"2023-01-26T21:50:53+00:00","og_image":[{"url":"http:\/\/www.ag-frisch.de\/cmsstore\/Einladung.jpg","type":"","width":"","height":""}],"twitter_card":"summary_large_image","twitter_site":"@agenturfrisch","twitter_misc":{"Tiempo de lectura":"2 minutos"},"schema":{"@context":"https:\/\/schema.org","@graph":[{"@type":"WebPage","@id":"https:\/\/ag-frisch.com\/es\/reunion-de-la-red-de-compradores\/","url":"https:\/\/ag-frisch.com\/es\/reunion-de-la-red-de-compradores\/","name":"Reuni\u00f3n de la Red de Compradores | Red de Importaci\u00f3n de China para Compradores","isPartOf":{"@id":"https:\/\/ag-frisch.com\/de\/#website"},"primaryImageOfPage":{"@id":"https:\/\/ag-frisch.com\/es\/reunion-de-la-red-de-compradores\/#primaryimage"},"image":{"@id":"https:\/\/ag-frisch.com\/es\/reunion-de-la-red-de-compradores\/#primaryimage"},"thumbnailUrl":"http:\/\/www.ag-frisch.de\/cmsstore\/Einladung.jpg","datePublished":"2021-09-21T21:01:32+00:00","dateModified":"2023-01-26T21:50:53+00:00","description":"China-Import Network Meeting \u25ba Un encuentro en red para empresarios y compradores \u25ba El intercambio de contactos y conocimientos \u25ba \u00a1\u00danete ahora!","breadcrumb":{"@id":"https:\/\/ag-frisch.com\/es\/reunion-de-la-red-de-compradores\/#breadcrumb"},"inLanguage":"es","potentialAction":[{"@type":"ReadAction","target":["https:\/\/ag-frisch.com\/es\/reunion-de-la-red-de-compradores\/"]}]},{"@type":"ImageObject","inLanguage":"es","@id":"https:\/\/ag-frisch.com\/es\/reunion-de-la-red-de-compradores\/#primaryimage","url":"http:\/\/www.ag-frisch.de\/cmsstore\/Einladung.jpg","contentUrl":"http:\/\/www.ag-frisch.de\/cmsstore\/Einladung.jpg"},{"@type":"BreadcrumbList","@id":"https:\/\/ag-frisch.com\/es\/reunion-de-la-red-de-compradores\/#breadcrumb","itemListElement":[{"@type":"ListItem","position":1,"name":"Startseite","item":"https:\/\/ag-frisch.com\/de\/"},{"@type":"ListItem","position":2,"name":"Reuni\u00f3n de la red de compradores"}]},{"@type":"WebSite","@id":"https:\/\/ag-frisch.com\/de\/#website","url":"https:\/\/ag-frisch.com\/de\/","name":"China Import Beratung f\u00fcr den Einkauf aus China","description":"China Import &amp; Export Beratung - Der Dienstleister Ihres Vertrauens f\u00fcr Ihren China Import","publisher":{"@id":"https:\/\/ag-frisch.com\/de\/#organization"},"potentialAction":[{"@type":"SearchAction","target":{"@type":"EntryPoint","urlTemplate":"https:\/\/ag-frisch.com\/de\/?s={search_term_string}"},"query-input":{"@type":"PropertyValueSpecification","valueRequired":true,"valueName":"search_term_string"}}],"inLanguage":"es"},{"@type":"Organization","@id":"https:\/\/ag-frisch.com\/de\/#organization","name":"Agentur Frisch International Consulting GmbH & Co. KG","url":"https:\/\/ag-frisch.com\/de\/","logo":{"@type":"ImageObject","inLanguage":"es","@id":"https:\/\/ag-frisch.com\/de\/#\/schema\/logo\/image\/","url":"https:\/\/ag-frisch.com\/wp-content\/uploads\/2021\/08\/ag_logo_rgb_300_small.png","contentUrl":"https:\/\/ag-frisch.com\/wp-content\/uploads\/2021\/08\/ag_logo_rgb_300_small.png","width":153,"height":102,"caption":"Agentur Frisch International Consulting GmbH & Co. KG"},"image":{"@id":"https:\/\/ag-frisch.com\/de\/#\/schema\/logo\/image\/"},"sameAs":["https:\/\/www.facebook.com\/China.Import","https:\/\/x.com\/agenturfrisch"]}]}},"_links":{"self":[{"href":"https:\/\/ag-frisch.com\/es\/wp-json\/wp\/v2\/pages\/9537","targetHints":{"allow":["GET"]}}],"collection":[{"href":"https:\/\/ag-frisch.com\/es\/wp-json\/wp\/v2\/pages"}],"about":[{"href":"https:\/\/ag-frisch.com\/es\/wp-json\/wp\/v2\/types\/page"}],"author":[{"embeddable":true,"href":"https:\/\/ag-frisch.com\/es\/wp-json\/wp\/v2\/users\/2"}],"replies":[{"embeddable":true,"href":"https:\/\/ag-frisch.com\/es\/wp-json\/wp\/v2\/comments?post=9537"}],"version-history":[{"count":0,"href":"https:\/\/ag-frisch.com\/es\/wp-json\/wp\/v2\/pages\/9537\/revisions"}],"up":[{"embeddable":true,"href":"https:\/\/ag-frisch.com\/es\/wp-json\/wp\/v2\/pages\/8460"}],"wp:attachment":[{"href":"https:\/\/ag-frisch.com\/es\/wp-json\/wp\/v2\/media?parent=9537"}],"curies":[{"name":"wp","href":"https:\/\/api.w.org\/{rel}","templated":true}]}}