{"id":9884,"date":"2021-10-14T23:56:22","date_gmt":"2021-10-14T21:56:22","guid":{"rendered":"https:\/\/ag-frisch.com\/viaje-a-china\/"},"modified":"2023-01-27T05:16:46","modified_gmt":"2023-01-27T04:16:46","slug":"viaje-a-china","status":"publish","type":"page","link":"https:\/\/ag-frisch.com\/es\/viaje-a-china\/","title":{"rendered":"Viaje a China"},"content":{"rendered":"<p>[et_pb_section fb_built=&#8221;1&#8243; _builder_version=&#8221;4.9.10&#8243; _module_preset=&#8221;default&#8221; global_colors_info=&#8221;{}&#8221;][et_pb_row _builder_version=&#8221;4.9.10&#8243; _module_preset=&#8221;default&#8221; global_colors_info=&#8221;{}&#8221;][et_pb_column type=&#8221;4_4&#8243; _builder_version=&#8221;4.9.10&#8243; _module_preset=&#8221;default&#8221; global_colors_info=&#8221;{}&#8221;][et_pb_text _builder_version=&#8221;4.9.10&#8243; _module_preset=&#8221;default&#8221; global_colors_info=&#8221;{}&#8221;]<\/p>\n<p style=\"font-weight: 900;\">Viaje de negocios o visita a una f\u00e1brica en China o Europa: \u00a1ya estamos in situ para usted!<\/p>\n<p>\u00bfSe encuentra en Europa o fuera de China y desea visitar a sus socios comerciales en Asia, principalmente en China? Le apoyamos durante su visita a la f\u00e1brica.<\/p>\n<p>Incluso si vive en Asia u otros pa\u00edses extranjeros y desea visitar a sus socios comerciales en Alemania, somos el contacto adecuado para usted.<\/p>\n<p>Ya durante la preparaci\u00f3n del viaje le apoyamos para que su viaje de negocios tenga un resultado positivo.<\/p>\n<p>&nbsp;<\/p>\n<p><strong>Viaje de negocios a China<\/strong><\/p>\n<p>  China es, junto con Estados Unidos, uno de los principales destinos de los viajes de negocios desde hace varios a\u00f1os. La Rep\u00fablica Popular est\u00e1 abierta a los inversores extranjeros. Es aconsejable visitar algunas ciudades en un viaje de negocios a China para conocer nuevos contactos o identificar nuevos lugares.<\/p>\n<p>&nbsp;<\/p>\n<p><strong>Shanghai, la ciudad cosmopolita de China<\/strong><\/p>\n<p>  Shangh\u00e1i siempre debe formar parte de un viaje de negocios a China. La metr\u00f3poli de 23 millones de habitantes (en 2010) es, adem\u00e1s de  <span> <\/span>el nudo de comunicaciones m\u00e1s importante del pa\u00eds, un centro cultural y educativo. Adem\u00e1s, Shanghai ha estado muy abierta al comercio con el mundo occidental desde la Guerra del Opio con Gran Breta\u00f1a en 1842. Al mismo tiempo, esto significa que la lengua inglesa es com\u00fan, especialmente en la vida empresarial.  <span> <\/span>A d\u00eda de hoy, Shangh\u00e1i es el buque insignia de las casas industriales chinas. Adem\u00e1s de la industria textil, Shanghai es pionera en la producci\u00f3n de productos farmac\u00e9uticos, veh\u00edculos e impresos. Entretanto, unos 50.000 inversores extranjeros se han instalado en Shanghai. Una buena base para establecer nuevos contactos en China.<\/p>\n<p>&nbsp;<\/p>\n<p><strong>Hong Kong, centro financiero de China<\/strong><\/p>\n<p>  Hong Kong tambi\u00e9n se ha consolidado como un importante centro para las empresas extranjeras. Entre otras cosas, porque la metr\u00f3poli ha adquirido un estatus liberal especial en China. Hong Kong es desde hace a\u00f1os uno de los sectores financieros m\u00e1s importantes del mundo, por lo que tambi\u00e9n depende en gran medida del comercio internacional. Otras ventajas de la ciudad son los impuestos, que son bajos en comparaci\u00f3n con otros sectores chinos. Por lo tanto, no s\u00f3lo las compras son especialmente baratas, sino que las inversiones tambi\u00e9n pueden merecer la pena debido al bajo tipo impositivo.<\/p>\n<p>&nbsp;<\/p>\n<p><strong>Pek\u00edn como motor econ\u00f3mico m\u00e1s importante<\/strong><\/p>\n<p>  Pek\u00edn es la capital de China y, por tanto, depende directamente del gobierno chino, lo que puede resultar muy ventajoso para las empresas extranjeras. Porque el Primer Ministro chino ve a Alemania y China como un nuevo dream team y quiere garantizar un trato justo a los inversores extranjeros. Esto ocurrir\u00e1, cuando entre en vigor, primero en Pek\u00edn. S\u00f3lo por esta raz\u00f3n, pero tambi\u00e9n porque Pek\u00edn es el motor econ\u00f3mico m\u00e1s importante de China, la capital del pa\u00eds no puede faltar como destino en un viaje de negocios.<\/p>\n<p>&nbsp;<\/p>\n<p><strong>La Agencia Frisch gestiona todo su viaje de negocios<\/strong><\/p>\n<p><span>Preparaci\u00f3n para el viaje mediante asesoramiento y formaci\u00f3n<\/span><\/p>\n<p><em>Planificaci\u00f3n y organizaci\u00f3n de sus citas profesionales<\/em><\/p>\n<p><span>Planificaci\u00f3n y organizaci\u00f3n de su viaje en avi\u00f3n y tambi\u00e9n de las conexiones nacionales con el extranjero<\/span><\/p>\n<p><em>Organizaci\u00f3n y planificaci\u00f3n de su compa\u00f1\u00eda de viaje<\/em><\/p>\n<p><span>Asistencia en los tr\u00e1mites de entrada<\/span><\/p>\n<p><span>Organizaci\u00f3n de su alojamiento<\/span><\/p>\n<p><span><\/span><\/p>\n<p><span><strong>Le preparamos para China  <\/strong><\/span><\/p>\n<p>Preparamos con usted su viaje de negocios para que est\u00e9 lo mejor preparado posible. P\u00f3ngase en forma para el pa\u00eds de su socio comercial: Agentur Frisch le ofrece un amplio apoyo.<\/p>\n<p>Formaci\u00f3n de competencias para el mercado asi\u00e1tico o europeo. Le apoyamos para que deje la mejor impresi\u00f3n y se prepare una cooperaci\u00f3n intercultural impecable.<\/p>\n<p><strong>Le apoyamos durante su llegada y estancia en China<\/strong><\/p>\n<p><span>Para que su viaje de negocios sea un \u00e9xito, le apoyamos durante su estancia en China.<\/span><\/p>\n<p><span>A trav\u00e9s de nuestros socios, empleados y contactos locales, podemos ofrecerle, entre otros, los siguientes servicios:<\/span><\/p>\n<p><em>Traslado del aeropuerto al hotel<\/em><\/p>\n<p><span>Acompa\u00f1amiento en reuniones de negocios, gustosamente con traducci\u00f3n<\/span><\/p>\n<p><em>Visitas guiadas a ciudades y pueblos<\/em><\/p>\n<p><span>Apoyo a las actividades de ocio<\/span><\/p>\n<p><em>Traslados dentro del viaje, por ejemplo, a otras ciudades o a otros socios comerciales<\/em><\/p>\n<p><span>Traslado al aeropuerto de salida<\/span><br \/><strong><br \/>Tambi\u00e9n estamos siempre a su disposici\u00f3n in situ. Comente con nosotros los detalles de su estancia y le haremos una oferta que se adapte a sus planes.<\/strong><span>.<\/span><\/p>\n<p><img loading=\"lazy\" decoding=\"async\" width=\"180\" height=\"101\" alt=\"\" src=\"http:\/\/www.ag-frisch.de\/cmsstore\/S73F5675.JPG\"><\/p>\n<p><strong>Sue Keke con clientes en viaje de negocios<\/strong><\/p>\n<p><strong><\/strong><\/p>\n<p><strong>Su estancia en el extranjero<\/strong><\/p>\n<p><strong> <\/strong><\/p>\n<p><strong><\/strong>Elegimos para usted el alojamiento \u00f3ptimo en el pa\u00eds de sus proveedores o de sus clientes. Ya tenemos contactos con hoteles y albergues para que pueda conseguir el mejor alojamiento posible adaptado a sus necesidades.<\/p>\n<p>En muchas ciudades tambi\u00e9n existe la posibilidad de alojarte en pisos o apartamentos de invitados con cocina propia a un precio razonable.<\/p>\n<p>Nos centramos en Alemania y China. P\u00f3ngase en contacto con nosotros para encontrar la mejor soluci\u00f3n a sus necesidades.<\/p>\n<p>Por supuesto, tambi\u00e9n somos el contacto adecuado para su viaje y estaremos encantados de ayudarle.<\/p>\n<p>&nbsp;<\/p>\n<h4><strong>\u00bfEs usted proveedor y desea presentarse en ferias de Alemania o China?<\/strong><\/h4>\n<p><span>\u00bfDesea comprar en China o Alemania y busca un agente que busque posibles proveedores en las ferias de ese pa\u00eds?<\/span><\/p>\n<p><span>Entonces Agentur Frisch es el interlocutor adecuado, porque estaremos encantados de estar a su lado para que su visita a la feria sea un \u00e9xito.<\/span><\/p>\n<p><span>Preparamos ferias para usted como expositor y organizamos todo el proceso por usted. Desde la reserva del espacio, pasando por la instalaci\u00f3n y el mobiliario del stand, hasta la realizaci\u00f3n de promociones, le ofrecemos un apoyo integral.<\/span><\/p>\n<p><span>o<\/span><\/p>\n<p><span>visitamos ferias y nos ponemos en contacto con posibles proveedores para usted. Recibir\u00e1 resultados e informes claros para que podamos ser su representante de compras en la feria y as\u00ed aliviarle.<\/span><\/p>\n<p>&nbsp;<\/p>\n<p>[\/et_pb_text][\/et_pb_column][\/et_pb_row][\/et_pb_section]<\/p>\n","protected":false},"excerpt":{"rendered":"<p>Viaje de negocios o visita a una f\u00e1brica en China o Europa: \u00a1ya estamos in situ para usted! \u00bfSe encuentra en Europa o fuera de China y desea visitar a sus socios comerciales en Asia, principalmente en China? Le apoyamos durante su visita a la f\u00e1brica. Incluso si vive en Asia u otros pa\u00edses extranjeros [&hellip;]<\/p>\n","protected":false},"author":2,"featured_media":0,"parent":0,"menu_order":0,"comment_status":"closed","ping_status":"closed","template":"","meta":{"_et_pb_use_builder":"on","_et_pb_old_content":"","_et_gb_content_width":"","footnotes":""},"class_list":["post-9884","page","type-page","status-publish","hentry"],"yoast_head":"<!-- This site is optimized with the Yoast SEO plugin v27.2 - https:\/\/yoast.com\/product\/yoast-seo-wordpress\/ -->\n<title>Visita a una f\u00e1brica en China\/ Viaje de negocios a China<\/title>\n<meta name=\"description\" content=\"Visitar f\u00e1brica en China- Viaje de negocios a China- Visitar proveedor en China - obtenga orientaci\u00f3n experta ahora.\" \/>\n<meta name=\"robots\" content=\"index, follow, max-snippet:-1, max-image-preview:large, max-video-preview:-1\" \/>\n<link rel=\"canonical\" href=\"https:\/\/ag-frisch.com\/es\/viaje-a-china\/\" \/>\n<meta property=\"og:locale\" content=\"es_ES\" \/>\n<meta property=\"og:type\" content=\"article\" \/>\n<meta property=\"og:title\" content=\"Visita a una f\u00e1brica en China\/ Viaje de negocios a China\" \/>\n<meta property=\"og:description\" content=\"Visitar f\u00e1brica en China- Viaje de negocios a China- Visitar proveedor en China - obtenga orientaci\u00f3n experta ahora.\" \/>\n<meta property=\"og:url\" content=\"https:\/\/ag-frisch.com\/es\/viaje-a-china\/\" \/>\n<meta property=\"og:site_name\" content=\"China Import Beratung f\u00fcr den Einkauf aus China\" \/>\n<meta property=\"article:publisher\" content=\"https:\/\/www.facebook.com\/China.Import\" \/>\n<meta property=\"article:modified_time\" content=\"2023-01-27T04:16:46+00:00\" \/>\n<meta property=\"og:image\" content=\"http:\/\/www.ag-frisch.de\/cmsstore\/S73F5675.JPG\" \/>\n<meta name=\"twitter:card\" content=\"summary_large_image\" \/>\n<meta name=\"twitter:site\" content=\"@agenturfrisch\" \/>\n<meta name=\"twitter:label1\" content=\"Tiempo de lectura\" \/>\n\t<meta name=\"twitter:data1\" content=\"5 minutos\" \/>\n<script type=\"application\/ld+json\" class=\"yoast-schema-graph\">{\"@context\":\"https:\/\/schema.org\",\"@graph\":[{\"@type\":\"WebPage\",\"@id\":\"https:\/\/ag-frisch.com\/es\/viaje-a-china\/\",\"url\":\"https:\/\/ag-frisch.com\/es\/viaje-a-china\/\",\"name\":\"Visita a una f\u00e1brica en China\/ Viaje de negocios a China\",\"isPartOf\":{\"@id\":\"https:\/\/ag-frisch.com\/de\/#website\"},\"primaryImageOfPage\":{\"@id\":\"https:\/\/ag-frisch.com\/es\/viaje-a-china\/#primaryimage\"},\"image\":{\"@id\":\"https:\/\/ag-frisch.com\/es\/viaje-a-china\/#primaryimage\"},\"thumbnailUrl\":\"http:\/\/www.ag-frisch.de\/cmsstore\/S73F5675.JPG\",\"datePublished\":\"2021-10-14T21:56:22+00:00\",\"dateModified\":\"2023-01-27T04:16:46+00:00\",\"description\":\"Visitar f\u00e1brica en China- Viaje de negocios a China- Visitar proveedor en China - obtenga orientaci\u00f3n experta ahora.\",\"breadcrumb\":{\"@id\":\"https:\/\/ag-frisch.com\/es\/viaje-a-china\/#breadcrumb\"},\"inLanguage\":\"es\",\"potentialAction\":[{\"@type\":\"ReadAction\",\"target\":[\"https:\/\/ag-frisch.com\/es\/viaje-a-china\/\"]}]},{\"@type\":\"ImageObject\",\"inLanguage\":\"es\",\"@id\":\"https:\/\/ag-frisch.com\/es\/viaje-a-china\/#primaryimage\",\"url\":\"http:\/\/www.ag-frisch.de\/cmsstore\/S73F5675.JPG\",\"contentUrl\":\"http:\/\/www.ag-frisch.de\/cmsstore\/S73F5675.JPG\"},{\"@type\":\"BreadcrumbList\",\"@id\":\"https:\/\/ag-frisch.com\/es\/viaje-a-china\/#breadcrumb\",\"itemListElement\":[{\"@type\":\"ListItem\",\"position\":1,\"name\":\"Startseite\",\"item\":\"https:\/\/ag-frisch.com\/de\/\"},{\"@type\":\"ListItem\",\"position\":2,\"name\":\"Viaje a China\"}]},{\"@type\":\"WebSite\",\"@id\":\"https:\/\/ag-frisch.com\/de\/#website\",\"url\":\"https:\/\/ag-frisch.com\/de\/\",\"name\":\"China Import Beratung f\u00fcr den Einkauf aus China\",\"description\":\"China Import &amp; Export Beratung - Der Dienstleister Ihres Vertrauens f\u00fcr Ihren China Import\",\"publisher\":{\"@id\":\"https:\/\/ag-frisch.com\/de\/#organization\"},\"potentialAction\":[{\"@type\":\"SearchAction\",\"target\":{\"@type\":\"EntryPoint\",\"urlTemplate\":\"https:\/\/ag-frisch.com\/de\/?s={search_term_string}\"},\"query-input\":{\"@type\":\"PropertyValueSpecification\",\"valueRequired\":true,\"valueName\":\"search_term_string\"}}],\"inLanguage\":\"es\"},{\"@type\":\"Organization\",\"@id\":\"https:\/\/ag-frisch.com\/de\/#organization\",\"name\":\"Agentur Frisch International Consulting GmbH & Co. KG\",\"url\":\"https:\/\/ag-frisch.com\/de\/\",\"logo\":{\"@type\":\"ImageObject\",\"inLanguage\":\"es\",\"@id\":\"https:\/\/ag-frisch.com\/de\/#\/schema\/logo\/image\/\",\"url\":\"https:\/\/ag-frisch.com\/wp-content\/uploads\/2021\/08\/ag_logo_rgb_300_small.png\",\"contentUrl\":\"https:\/\/ag-frisch.com\/wp-content\/uploads\/2021\/08\/ag_logo_rgb_300_small.png\",\"width\":153,\"height\":102,\"caption\":\"Agentur Frisch International Consulting GmbH & Co. KG\"},\"image\":{\"@id\":\"https:\/\/ag-frisch.com\/de\/#\/schema\/logo\/image\/\"},\"sameAs\":[\"https:\/\/www.facebook.com\/China.Import\",\"https:\/\/x.com\/agenturfrisch\"]}]}<\/script>\n<!-- \/ Yoast SEO plugin. -->","yoast_head_json":{"title":"Visita a una f\u00e1brica en China\/ Viaje de negocios a China","description":"Visitar f\u00e1brica en China- Viaje de negocios a China- Visitar proveedor en China - obtenga orientaci\u00f3n experta ahora.","robots":{"index":"index","follow":"follow","max-snippet":"max-snippet:-1","max-image-preview":"max-image-preview:large","max-video-preview":"max-video-preview:-1"},"canonical":"https:\/\/ag-frisch.com\/es\/viaje-a-china\/","og_locale":"es_ES","og_type":"article","og_title":"Visita a una f\u00e1brica en China\/ Viaje de negocios a China","og_description":"Visitar f\u00e1brica en China- Viaje de negocios a China- Visitar proveedor en China - obtenga orientaci\u00f3n experta ahora.","og_url":"https:\/\/ag-frisch.com\/es\/viaje-a-china\/","og_site_name":"China Import Beratung f\u00fcr den Einkauf aus China","article_publisher":"https:\/\/www.facebook.com\/China.Import","article_modified_time":"2023-01-27T04:16:46+00:00","og_image":[{"url":"http:\/\/www.ag-frisch.de\/cmsstore\/S73F5675.JPG","type":"","width":"","height":""}],"twitter_card":"summary_large_image","twitter_site":"@agenturfrisch","twitter_misc":{"Tiempo de lectura":"5 minutos"},"schema":{"@context":"https:\/\/schema.org","@graph":[{"@type":"WebPage","@id":"https:\/\/ag-frisch.com\/es\/viaje-a-china\/","url":"https:\/\/ag-frisch.com\/es\/viaje-a-china\/","name":"Visita a una f\u00e1brica en China\/ Viaje de negocios a China","isPartOf":{"@id":"https:\/\/ag-frisch.com\/de\/#website"},"primaryImageOfPage":{"@id":"https:\/\/ag-frisch.com\/es\/viaje-a-china\/#primaryimage"},"image":{"@id":"https:\/\/ag-frisch.com\/es\/viaje-a-china\/#primaryimage"},"thumbnailUrl":"http:\/\/www.ag-frisch.de\/cmsstore\/S73F5675.JPG","datePublished":"2021-10-14T21:56:22+00:00","dateModified":"2023-01-27T04:16:46+00:00","description":"Visitar f\u00e1brica en China- Viaje de negocios a China- Visitar proveedor en China - obtenga orientaci\u00f3n experta ahora.","breadcrumb":{"@id":"https:\/\/ag-frisch.com\/es\/viaje-a-china\/#breadcrumb"},"inLanguage":"es","potentialAction":[{"@type":"ReadAction","target":["https:\/\/ag-frisch.com\/es\/viaje-a-china\/"]}]},{"@type":"ImageObject","inLanguage":"es","@id":"https:\/\/ag-frisch.com\/es\/viaje-a-china\/#primaryimage","url":"http:\/\/www.ag-frisch.de\/cmsstore\/S73F5675.JPG","contentUrl":"http:\/\/www.ag-frisch.de\/cmsstore\/S73F5675.JPG"},{"@type":"BreadcrumbList","@id":"https:\/\/ag-frisch.com\/es\/viaje-a-china\/#breadcrumb","itemListElement":[{"@type":"ListItem","position":1,"name":"Startseite","item":"https:\/\/ag-frisch.com\/de\/"},{"@type":"ListItem","position":2,"name":"Viaje a China"}]},{"@type":"WebSite","@id":"https:\/\/ag-frisch.com\/de\/#website","url":"https:\/\/ag-frisch.com\/de\/","name":"China Import Beratung f\u00fcr den Einkauf aus China","description":"China Import &amp; Export Beratung - Der Dienstleister Ihres Vertrauens f\u00fcr Ihren China Import","publisher":{"@id":"https:\/\/ag-frisch.com\/de\/#organization"},"potentialAction":[{"@type":"SearchAction","target":{"@type":"EntryPoint","urlTemplate":"https:\/\/ag-frisch.com\/de\/?s={search_term_string}"},"query-input":{"@type":"PropertyValueSpecification","valueRequired":true,"valueName":"search_term_string"}}],"inLanguage":"es"},{"@type":"Organization","@id":"https:\/\/ag-frisch.com\/de\/#organization","name":"Agentur Frisch International Consulting GmbH & Co. KG","url":"https:\/\/ag-frisch.com\/de\/","logo":{"@type":"ImageObject","inLanguage":"es","@id":"https:\/\/ag-frisch.com\/de\/#\/schema\/logo\/image\/","url":"https:\/\/ag-frisch.com\/wp-content\/uploads\/2021\/08\/ag_logo_rgb_300_small.png","contentUrl":"https:\/\/ag-frisch.com\/wp-content\/uploads\/2021\/08\/ag_logo_rgb_300_small.png","width":153,"height":102,"caption":"Agentur Frisch International Consulting GmbH & Co. KG"},"image":{"@id":"https:\/\/ag-frisch.com\/de\/#\/schema\/logo\/image\/"},"sameAs":["https:\/\/www.facebook.com\/China.Import","https:\/\/x.com\/agenturfrisch"]}]}},"_links":{"self":[{"href":"https:\/\/ag-frisch.com\/es\/wp-json\/wp\/v2\/pages\/9884","targetHints":{"allow":["GET"]}}],"collection":[{"href":"https:\/\/ag-frisch.com\/es\/wp-json\/wp\/v2\/pages"}],"about":[{"href":"https:\/\/ag-frisch.com\/es\/wp-json\/wp\/v2\/types\/page"}],"author":[{"embeddable":true,"href":"https:\/\/ag-frisch.com\/es\/wp-json\/wp\/v2\/users\/2"}],"replies":[{"embeddable":true,"href":"https:\/\/ag-frisch.com\/es\/wp-json\/wp\/v2\/comments?post=9884"}],"version-history":[{"count":0,"href":"https:\/\/ag-frisch.com\/es\/wp-json\/wp\/v2\/pages\/9884\/revisions"}],"wp:attachment":[{"href":"https:\/\/ag-frisch.com\/es\/wp-json\/wp\/v2\/media?parent=9884"}],"curies":[{"name":"wp","href":"https:\/\/api.w.org\/{rel}","templated":true}]}}