{"id":10072,"date":"2021-10-24T22:44:21","date_gmt":"2021-10-24T20:44:21","guid":{"rendered":"https:\/\/ag-frisch.com\/fret-ferroviaire\/"},"modified":"2023-01-27T05:19:22","modified_gmt":"2023-01-27T04:19:22","slug":"fret-ferroviaire","status":"publish","type":"page","link":"https:\/\/ag-frisch.com\/fr\/fret-ferroviaire\/","title":{"rendered":"Fret ferroviaire"},"content":{"rendered":"<p>[et_pb_section fb_built=&#8221;1&#8243; _builder_version=&#8221;4.16&#8243; _module_preset=&#8221;default&#8221; global_colors_info=&#8221;{}&#8221;][et_pb_row _builder_version=&#8221;4.18.1&#8243; _module_preset=&#8221;default&#8221;][et_pb_column _builder_version=&#8221;4.18.1&#8243; _module_preset=&#8221;default&#8221; type=&#8221;4_4&#8243;][et_pb_cta title=&#8221;Fret ferroviaire en provenance de Chine&#8221; button_url=&#8221;https:\/\/ag-frisch.com\/fr\/contact\/&#8221; button_text=&#8221;Demander maintenant du fret ferroviaire depuis la Chine&#8221; _builder_version=&#8221;4.18.1&#8243; _module_preset=&#8221;default&#8221; hover_enabled=&#8221;0&#8243; global_colors_info=&#8221;{}&#8221; theme_builder_area=&#8221;post_content&#8221; sticky_enabled=&#8221;0&#8243;]<\/p>\n<p>Si vous avez besoin d&#8217;un d\u00e9lai plus rapide que la voie maritime et nettement moins cher que le fret a\u00e9rien, n&#8217;h\u00e9sitez pas \u00e0 nous demander le fret ferroviaire.  <\/p>\n<p>[\/et_pb_cta][\/et_pb_column][\/et_pb_row][et_pb_row _builder_version=&#8221;4.16&#8243; _module_preset=&#8221;default&#8221; global_colors_info=&#8221;{}&#8221;][et_pb_column type=&#8221;4_4&#8243; _builder_version=&#8221;4.16&#8243; _module_preset=&#8221;default&#8221; global_colors_info=&#8221;{}&#8221;][et_pb_image src=&#8221;https:\/\/ag-frisch.com\/wp-content\/uploads\/2021\/10\/Bahnfracht-aus-china-scaled.jpeg&#8221; _builder_version=&#8221;4.16&#8243; _module_preset=&#8221;default&#8221; global_colors_info=&#8221;{}&#8221;][\/et_pb_image][et_pb_text _builder_version=&#8221;4.16&#8243; _module_preset=&#8221;default&#8221; custom_padding=&#8221;3px|||||&#8221; global_colors_info=&#8221;{}&#8221;]<\/p>\n<h1>Fret ferroviaire en provenance de Chine<\/h1>\n<p><strong>Alternative \u00e0 la voie maritime et au fret a\u00e9rien : le transport par rail<\/strong><\/p>\n<p>Si la voie maritime est trop lente et le fret a\u00e9rien trop co\u00fbteux, l&#8217;option du fret ferroviaire depuis la Chine devrait \u00eatre examin\u00e9e de plus pr\u00e8s. Elle repr\u00e9sente une voie m\u00e9diane des possibilit\u00e9s de transport, qui peut \u00eatre tr\u00e8s judicieuse pour certains produits. Les avantages de l&#8217;envoi par train depuis la Chine sont par exemple<\/p>\n<ul>\n<li>livraison relativement rapide d&#8217;environ 14 jours (plus d\u00e9lai avant\/apr\u00e8s)<\/li>\n<li>co\u00fbte pr\u00e8s de la moiti\u00e9 du fret a\u00e9rien<\/li>\n<li>grande fiabilit\u00e9<\/li>\n<\/ul>\n<p>&nbsp;<\/p>\n<p><strong>Avantage du fret ferroviaire en provenance de Chine par rapport au fret maritime<\/strong><\/p>\n<p>Alors que l&#8217;exp\u00e9dition par voie maritime depuis la Chine n\u00e9cessite souvent quatre, voire six semaines, le transport par train depuis la Chine permet de gagner un temps consid\u00e9rable en termes de d\u00e9lais de livraison : 10 \u00e0 14 jours peuvent g\u00e9n\u00e9ralement \u00eatre \u00e9conomis\u00e9s. Cependant, les co\u00fbts sont \u00e9galement jusqu&#8217;\u00e0 trois fois plus \u00e9lev\u00e9s que pour le fret maritime. Il est donc conseill\u00e9 de proc\u00e9der \u00e0 un examen minutieux afin d&#8217;\u00e9viter toute augmentation inutile des co\u00fbts et, par cons\u00e9quent, toute baisse des b\u00e9n\u00e9fices. Il est possible de fractionner le transport si seule une certaine partie des marchandises est requise en urgence. Le gain de temps de deux semaines doit \u00eatre rentable au sens propre du terme.<\/p>\n<p>&nbsp;<\/p>\n<p><strong>Avantage du fret ferroviaire en provenance de Chine par rapport au fret a\u00e9rien<\/strong><\/p>\n<p>Le d\u00e9lai de livraison r\u00e9el pour le fret a\u00e9rien en provenance de Chine est d&#8217;environ deux semaines. C&#8217;est le temps que met une livraison par train de la Chine vers l&#8217;Allemagne. Mais il s&#8217;y ajoute g\u00e9n\u00e9ralement des temps de pr\u00e9paration et de suivi co\u00fbteux, de sorte qu&#8217;en fin de compte, on peut plut\u00f4t compter sur trois ou quatre semaines. L&#8217;\u00e9conomie de co\u00fbts du transport ferroviaire depuis la Chine par rapport au fret a\u00e9rien est pour cela d&#8217;environ 50 pour cent. Un argument important en faveur de l&#8217;exp\u00e9dition par fret ferroviaire depuis la Chine.<\/p>\n<p>&nbsp;<\/p>\n<p><strong>En train de la Chine vers l&#8217;Allemagne via la Route de la Soie<\/strong><\/p>\n<p>La Route de la Soie historique, qui relie la Chine et l&#8217;Europe depuis deux mille ans d\u00e9j\u00e0, a r\u00e9cemment repris de l&#8217;importance. Depuis l&#8217;effondrement de l&#8217;Union sovi\u00e9tique, cette route peut \u00e0 nouveau \u00eatre utilis\u00e9e relativement tranquillement, les lignes de chemin de fer ont \u00e9t\u00e9 et sont encore d\u00e9velopp\u00e9es. Il existe d\u00e9sormais une liaison qui permet d&#8217;acheminer des marchandises par train de la Chine vers l&#8217;Allemagne. Il reste toutefois \u00e0 voir dans quelle mesure les d\u00e9veloppements de la &#8220;nouvelle \u00e8re politique&#8221; proclam\u00e9e par la Russie auront un impact concret sur cette voie commerciale.<\/p>\n<p>&nbsp;<\/p>\n<p><strong>Points de d\u00e9part et gares d&#8217;arriv\u00e9e<\/strong><\/p>\n<p>Les gares de d\u00e9part pour le trafic ferroviaire en provenance de Chine via la Route de la Soie sont Chongqing, Wuhan, Xian et Zhengzhou. Des marchandises peuvent \u00eatre charg\u00e9es ici. Nous nous chargeons volontiers du transport depuis le site de l&#8217;usine de fabrication jusqu&#8217;\u00e0 la gare la plus proche, ainsi que de toutes les prestations logistiques qui entourent ce trajet.<\/p>\n<p>En Allemagne, les gares d&#8217;arriv\u00e9e de votre fret ferroviaire en provenance de Chine sont Duisbourg, Hambourg et Munich. Dans ce cas, nous nous chargeons volontiers du stockage ou du transfert direct vers l&#8217;entrep\u00f4t de votre choix.<\/p>\n<p>&nbsp;<\/p>\n<p><strong>Conseils d&#8217;experts pour votre fret ferroviaire en provenance de Chine<\/strong><\/p>\n<p>Comme vous l&#8217;avez vu avec l&#8217;exemple du transport ferroviaire depuis la Chine, il y a de nombreux facteurs individuels \u00e0 prendre en compte lors du choix de l&#8217;itin\u00e9raire de transport optimal. \u00c0 l&#8217;agence Frisch, nous connaissons tous les avantages, les inconv\u00e9nients et les particularit\u00e9s des diff\u00e9rentes possibilit\u00e9s de transport. Toutes ne sont pas adapt\u00e9es \u00e0 chaque produit. Des solutions combin\u00e9es sont parfois propos\u00e9es, dans lesquelles une partie des marchandises est par exemple d\u00e9j\u00e0 envoy\u00e9e par avion ou par train depuis la Chine, et une autre partie &#8211; g\u00e9n\u00e9ralement plus importante &#8211; prend le chemin plus lent mais moins cher du fret maritime. Nous nous ferons un plaisir de d\u00e9terminer votre solution id\u00e9ale lors d&#8217;un entretien de conseil.<\/p>\n<p>&nbsp;<\/p>\n<p>[\/et_pb_text][\/et_pb_column][\/et_pb_row][et_pb_row _builder_version=&#8221;4.16&#8243; _module_preset=&#8221;default&#8221; global_colors_info=&#8221;{}&#8221;][et_pb_column type=&#8221;4_4&#8243; _builder_version=&#8221;4.16&#8243; _module_preset=&#8221;default&#8221; global_colors_info=&#8221;{}&#8221;][et_pb_image src=&#8221;https:\/\/ag-frisch.com\/wp-content\/uploads\/2021\/10\/bahn_seidenstrasse-scaled.jpeg&#8221; _builder_version=&#8221;4.16&#8243; _module_preset=&#8221;default&#8221; global_colors_info=&#8221;{}&#8221;][\/et_pb_image][\/et_pb_column][\/et_pb_row][\/et_pb_section][et_pb_section fb_built=&#8221;1&#8243; admin_label=&#8221;Testimonials&#8221; _builder_version=&#8221;4.16&#8243; use_background_color_gradient=&#8221;on&#8221; background_color_gradient_stops=&#8221;rgba(0,106,156,0.85) 0%|rgba(0,106,156,0.85) 100%&#8221; background_color_gradient_start=&#8221;rgba(0,106,156,0.85)&#8221; background_color_gradient_end=&#8221;rgba(0,106,156,0.85)&#8221; custom_padding=&#8221;90px||60px|&#8221; animation_style=&#8221;fold&#8221; animation_direction=&#8221;bottom&#8221; animation_intensity_fold=&#8221;4%&#8221; global_colors_info=&#8221;{}&#8221; theme_builder_area=&#8221;post_content&#8221;][et_pb_row _builder_version=&#8221;4.16&#8243; background_size=&#8221;initial&#8221; background_position=&#8221;top_left&#8221; background_repeat=&#8221;repeat&#8221; custom_width_px=&#8221;710px&#8221; locked=&#8221;off&#8221; global_colors_info=&#8221;{}&#8221; theme_builder_area=&#8221;post_content&#8221;][et_pb_column type=&#8221;4_4&#8243; _builder_version=&#8221;4.16&#8243; background_position=&#8221;top_left&#8221; custom_padding=&#8221;|||&#8221; global_colors_info=&#8221;{}&#8221; custom_padding__hover=&#8221;|||&#8221; theme_builder_area=&#8221;post_content&#8221;][et_pb_text admin_label=&#8221;Testimonials Section Title&#8221; _builder_version=&#8221;4.16&#8243; header_font=&#8221;Montserrat||||&#8221; header_font_size=&#8221;36px&#8221; background_size=&#8221;initial&#8221; background_position=&#8221;top_left&#8221; background_repeat=&#8221;repeat&#8221; text_orientation=&#8221;center&#8221; background_layout=&#8221;dark&#8221; max_width=&#8221;710px&#8221; module_alignment=&#8221;center&#8221; animation_style=&#8221;fold&#8221; animation_direction=&#8221;bottom&#8221; animation_intensity_fold=&#8221;20%&#8221; global_colors_info=&#8221;{}&#8221; theme_builder_area=&#8221;post_content&#8221;]<\/p>\n<h1>Plus de 5000 clients satisfaits.<\/h1>\n<p>&nbsp;<\/p>\n<p>[\/et_pb_text][et_pb_divider color=&#8221;#ffffff&#8221; divider_weight=&#8221;3px&#8221; disabled_on=&#8221;off|off|off&#8221; _builder_version=&#8221;4.16&#8243; background_color_gradient_direction=&#8221;90deg&#8221; max_width=&#8221;100px&#8221; module_alignment=&#8221;center&#8221; height=&#8221;5px&#8221; custom_margin=&#8221;||20px|&#8221; custom_padding=&#8221;||20px|&#8221; animation_style=&#8221;slide&#8221; animation_direction=&#8221;bottom&#8221; saved_tabs=&#8221;all&#8221; locked=&#8221;off&#8221; global_colors_info=&#8221;{}&#8221; theme_builder_area=&#8221;post_content&#8221;][\/et_pb_divider][\/et_pb_column][\/et_pb_row][et_pb_row column_structure=&#8221;1_2,1_2&#8243; _builder_version=&#8221;4.18.1&#8243; _module_preset=&#8221;default&#8221; global_colors_info=&#8221;{}&#8221; theme_builder_area=&#8221;post_content&#8221;][et_pb_column type=&#8221;1_2&#8243; _builder_version=&#8221;4.18.1&#8243; _module_preset=&#8221;default&#8221; global_colors_info=&#8221;{}&#8221; theme_builder_area=&#8221;post_content&#8221;][et_pb_testimonial author=&#8221;Marco&#8221; portrait_url=&#8221;https:\/\/ag-frisch.com\/wp-content\/uploads\/2021\/08\/Harald.png&#8221; quote_icon=&#8221;off&#8221; _builder_version=&#8221;4.18.1&#8243; _module_preset=&#8221;default&#8221; body_font_size=&#8221;16px&#8221; use_background_color=&#8221;off&#8221; background_layout=&#8221;dark&#8221; global_colors_info=&#8221;{}&#8221; theme_builder_area=&#8221;post_content&#8221;]J&#8217;ai demand\u00e9 \u00e0 l&#8217;agence Frisch de faire produire un meuble de grande taille en Chine et de le transf\u00e9rer ensuite en Allemagne. La communication par e-mail a \u00e9t\u00e9 fluide tout au long du processus ! Des r\u00e9ponses tr\u00e8s rapides et fiables m&#8217;ont apport\u00e9 en permanence les garanties indispensables \u00e0 une telle entreprise. J&#8217;ai toujours \u00e9t\u00e9 aid\u00e9 dans la jungle bureaucratique et aucun formulaire n&#8217;a \u00e9t\u00e9 oubli\u00e9 ou mal rempli. Tr\u00e8s louable !<a href=\"&lt;div%20class=%22pe-richsnippets%22&gt;&nbsp;&lt;\/div&gt;%20&lt;script%20type=%22text\/javascript%22%20src=%22https:\/\/www.provenexpert.com\/widget\/richsnippet.js?u=1NUA0VwZ4RUZ5tmAi5zA4RaplNKAlWwZ&amp;v=2%22%20async&gt;&lt;\/script&gt;%20&lt;div%20style=%22text-align:%20justify;%22&gt;&lt;br%20\/&gt;\"><\/a><\/p>\n<div class=\"brow ratingBarMargin\">\n<div class=\"ratingBar\">\n<div class=\"brow\">\n<div class=\"pe-richsnippets\">&nbsp;<\/div>\n<p><script type=\"text\/javascript\" src=\"https:\/\/www.provenexpert.com\/widget\/richsnippet.js?u=1NUA0VwZ4RUZ5tmAi5zA4RaplNKAlWwZ&amp;v=2\" async=\"\"><\/script><\/p>\n<div style=\"text-align: justify;\"><\/p>\n<div class=\"col-lg-9 col-md-8 col-xs-10 mt20 mb20\">\n<div class=\"col-xs-12 surveyNameForRating\"><\/div>\n<\/div>\n<\/div>\n<\/div>\n<\/div>\n<\/div>\n<p>[\/et_pb_testimonial][\/et_pb_column][et_pb_column type=&#8221;1_2&#8243; _builder_version=&#8221;4.18.1&#8243; _module_preset=&#8221;default&#8221; global_colors_info=&#8221;{}&#8221; theme_builder_area=&#8221;post_content&#8221;][et_pb_testimonial author=&#8221;Simone L.&#8221; portrait_url=&#8221;https:\/\/ag-frisch.com\/wp-content\/uploads\/2021\/08\/Harald.png&#8221; quote_icon=&#8221;off&#8221; _builder_version=&#8221;4.18.1&#8243; _module_preset=&#8221;default&#8221; body_font_size=&#8221;16px&#8221; use_background_color=&#8221;off&#8221; background_layout=&#8221;dark&#8221; global_colors_info=&#8221;{}&#8221; theme_builder_area=&#8221;post_content&#8221;]<\/p>\n<p>Tout est au top. On ne peut pas faire mieux. On ne peut pas faire mieux en mati\u00e8re de conseil et de r\u00e9alisation. Apr\u00e8s avoir pass\u00e9 plusieurs commandes aupr\u00e8s de cette entreprise, nous sommes plus que satisfaits et poursuivons notre collaboration.<\/p>\n<div class=\"brow ratingBarMargin\">\n<div class=\"ratingBar\">\n<div class=\"brow\">\n<div class=\"pe-richsnippets\"> <\/div>\n<p>\n<script type=\"text\/javascript\" src=\"https:\/\/www.provenexpert.com\/widget\/richsnippet.js?u=1NUA0VwZ4RUZ5tmAi5zA4RaplNKAlWwZ&amp;v=2\" async=\"\"><\/script>\n<\/p>\n<div style=\"text-align: justify;\">\n<p>&nbsp;<\/p>\n<div class=\"col-lg-9 col-md-8 col-xs-10 mt20 mb20\">\n<div class=\"col-xs-12 surveyNameForRating\"><\/div>\n<\/div>\n<\/div>\n<\/div>\n<\/div>\n<\/div>\n<p>[\/et_pb_testimonial][\/et_pb_column][\/et_pb_row][et_pb_row _builder_version=&#8221;4.16&#8243; background_size=&#8221;initial&#8221; background_position=&#8221;top_left&#8221; background_repeat=&#8221;repeat&#8221; custom_padding=&#8221;50px|0px|30px|0px&#8221; custom_css_main_element=&#8221;text-align: center;&#8221; global_colors_info=&#8221;{}&#8221; theme_builder_area=&#8221;post_content&#8221;][et_pb_column type=&#8221;4_4&#8243; _builder_version=&#8221;4.16&#8243; custom_padding=&#8221;|||&#8221; global_colors_info=&#8221;{}&#8221; custom_padding__hover=&#8221;|||&#8221; theme_builder_area=&#8221;post_content&#8221;][et_pb_button button_url=&#8221;https:\/\/www.provenexpert.com\/de-de\/agentur-frisch-international-consulting-gmbh-und-co-kg\/&#8221; button_text=&#8221;PLUS D&#039;AVIS&#8221; button_alignment=&#8221;left&#8221; admin_label=&#8221;Testimonial Button&#8221; _builder_version=&#8221;4.16&#8243; custom_button=&#8221;on&#8221; button_text_size=&#8221;18px&#8221; button_text_color=&#8221;#ffffff&#8221; button_bg_color=&#8221;#6eba01&#8243; button_border_width=&#8221;2px&#8221; button_border_color=&#8221;#6eba01&#8243; button_border_radius=&#8221;0px&#8221; button_letter_spacing=&#8221;2px&#8221; button_font=&#8221;Montserrat|||on|&#8221; button_use_icon=&#8221;off&#8221; animation_style=&#8221;fold&#8221; animation_direction=&#8221;bottom&#8221; button_text_color_hover=&#8221;#ffffff&#8221; button_border_color_hover=&#8221;#ffffff&#8221; button_border_radius_hover=&#8221;0px&#8221; button_letter_spacing_hover=&#8221;2px&#8221; button_bg_color_hover=&#8221;rgba(255,255,255,0)&#8221; locked=&#8221;off&#8221; global_colors_info=&#8221;{}&#8221; button_text_size__hover_enabled=&#8221;off&#8221; button_one_text_size__hover_enabled=&#8221;off&#8221; button_two_text_size__hover_enabled=&#8221;off&#8221; button_text_color__hover_enabled=&#8221;on&#8221; button_text_color__hover=&#8221;#ffffff&#8221; button_one_text_color__hover_enabled=&#8221;off&#8221; button_two_text_color__hover_enabled=&#8221;off&#8221; button_border_width__hover_enabled=&#8221;off&#8221; button_one_border_width__hover_enabled=&#8221;off&#8221; button_two_border_width__hover_enabled=&#8221;off&#8221; button_border_color__hover_enabled=&#8221;on&#8221; button_border_color__hover=&#8221;#ffffff&#8221; button_one_border_color__hover_enabled=&#8221;off&#8221; button_two_border_color__hover_enabled=&#8221;off&#8221; button_border_radius__hover_enabled=&#8221;on&#8221; button_border_radius__hover=&#8221;0px&#8221; button_one_border_radius__hover_enabled=&#8221;off&#8221; button_two_border_radius__hover_enabled=&#8221;off&#8221; button_letter_spacing__hover_enabled=&#8221;on&#8221; button_letter_spacing__hover=&#8221;2px&#8221; button_one_letter_spacing__hover_enabled=&#8221;off&#8221; button_two_letter_spacing__hover_enabled=&#8221;off&#8221; button_bg_color__hover_enabled=&#8221;on&#8221; button_bg_color__hover=&#8221;rgba(255,255,255,0)&#8221; button_one_bg_color__hover_enabled=&#8221;off&#8221; button_two_bg_color__hover_enabled=&#8221;off&#8221; theme_builder_area=&#8221;post_content&#8221;][\/et_pb_button][\/et_pb_column][\/et_pb_row][\/et_pb_section][et_pb_section fb_built=&#8221;1&#8243; _builder_version=&#8221;4.16&#8243; _module_preset=&#8221;default&#8221; global_colors_info=&#8221;{}&#8221;][\/et_pb_section]<\/p>\n","protected":false},"excerpt":{"rendered":"<p>Si vous avez besoin d&#8217;un d\u00e9lai plus rapide que la voie maritime et nettement moins cher que le fret a\u00e9rien, n&#8217;h\u00e9sitez pas \u00e0 nous demander le fret ferroviaire. Fret ferroviaire en provenance de Chine Alternative \u00e0 la voie maritime et au fret a\u00e9rien : le transport par rail Si la voie maritime est trop lente [&hellip;]<\/p>\n","protected":false},"author":2,"featured_media":0,"parent":0,"menu_order":0,"comment_status":"closed","ping_status":"closed","template":"","meta":{"_et_pb_use_builder":"on","_et_pb_old_content":"","_et_gb_content_width":"","footnotes":""},"class_list":["post-10072","page","type-page","status-publish","hentry"],"yoast_head":"<!-- This site is optimized with the Yoast SEO plugin v27.4 - https:\/\/yoast.com\/product\/yoast-seo-wordpress\/ -->\n<title>Fret ferroviaire de Chine | Importer des marchandises de Chine par le rail<\/title>\n<meta name=\"description\" content=\"Fret ferroviaire de Chine \u25ba Importer vos marchandises de Chine par le rail \u25ba Service complet pour le transport ferroviaire de Chine \u25ba Demandez conseil maintenant !\" \/>\n<meta name=\"robots\" content=\"index, follow, max-snippet:-1, max-image-preview:large, max-video-preview:-1\" \/>\n<link rel=\"canonical\" href=\"https:\/\/ag-frisch.com\/fr\/fret-ferroviaire\/\" \/>\n<meta property=\"og:locale\" content=\"fr_FR\" \/>\n<meta property=\"og:type\" content=\"article\" \/>\n<meta property=\"og:title\" content=\"Fret ferroviaire de Chine | Importer des marchandises de Chine par le rail\" \/>\n<meta property=\"og:description\" content=\"Fret ferroviaire de Chine \u25ba Importer vos marchandises de Chine par le rail \u25ba Service complet pour le transport ferroviaire de Chine \u25ba Demandez conseil maintenant !\" \/>\n<meta property=\"og:url\" content=\"https:\/\/ag-frisch.com\/fr\/fret-ferroviaire\/\" \/>\n<meta property=\"og:site_name\" content=\"China Import Beratung f\u00fcr den Einkauf aus China\" \/>\n<meta property=\"article:publisher\" content=\"https:\/\/www.facebook.com\/China.Import\" \/>\n<meta property=\"article:modified_time\" content=\"2023-01-27T04:19:22+00:00\" \/>\n<meta name=\"twitter:card\" content=\"summary_large_image\" \/>\n<meta name=\"twitter:site\" content=\"@agenturfrisch\" \/>\n<meta name=\"twitter:label1\" content=\"Dur\u00e9e de lecture estim\u00e9e\" \/>\n\t<meta name=\"twitter:data1\" content=\"9 minutes\" \/>\n<script type=\"application\/ld+json\" class=\"yoast-schema-graph\">{\"@context\":\"https:\\\/\\\/schema.org\",\"@graph\":[{\"@type\":\"WebPage\",\"@id\":\"https:\\\/\\\/ag-frisch.com\\\/fr\\\/fret-ferroviaire\\\/\",\"url\":\"https:\\\/\\\/ag-frisch.com\\\/fr\\\/fret-ferroviaire\\\/\",\"name\":\"Fret ferroviaire de Chine | Importer des marchandises de Chine par le rail\",\"isPartOf\":{\"@id\":\"https:\\\/\\\/ag-frisch.com\\\/de\\\/#website\"},\"datePublished\":\"2021-10-24T20:44:21+00:00\",\"dateModified\":\"2023-01-27T04:19:22+00:00\",\"description\":\"Fret ferroviaire de Chine \u25ba Importer vos marchandises de Chine par le rail \u25ba Service complet pour le transport ferroviaire de Chine \u25ba Demandez conseil maintenant !\",\"breadcrumb\":{\"@id\":\"https:\\\/\\\/ag-frisch.com\\\/fr\\\/fret-ferroviaire\\\/#breadcrumb\"},\"inLanguage\":\"fr-FR\",\"potentialAction\":[{\"@type\":\"ReadAction\",\"target\":[\"https:\\\/\\\/ag-frisch.com\\\/fr\\\/fret-ferroviaire\\\/\"]}]},{\"@type\":\"BreadcrumbList\",\"@id\":\"https:\\\/\\\/ag-frisch.com\\\/fr\\\/fret-ferroviaire\\\/#breadcrumb\",\"itemListElement\":[{\"@type\":\"ListItem\",\"position\":1,\"name\":\"Startseite\",\"item\":\"https:\\\/\\\/ag-frisch.com\\\/de\\\/\"},{\"@type\":\"ListItem\",\"position\":2,\"name\":\"Fret ferroviaire\"}]},{\"@type\":\"WebSite\",\"@id\":\"https:\\\/\\\/ag-frisch.com\\\/de\\\/#website\",\"url\":\"https:\\\/\\\/ag-frisch.com\\\/de\\\/\",\"name\":\"China Import Beratung f\u00fcr den Einkauf aus China\",\"description\":\"China Import &amp; Export Beratung - Der Dienstleister Ihres Vertrauens f\u00fcr Ihren China Import\",\"publisher\":{\"@id\":\"https:\\\/\\\/ag-frisch.com\\\/de\\\/#organization\"},\"potentialAction\":[{\"@type\":\"SearchAction\",\"target\":{\"@type\":\"EntryPoint\",\"urlTemplate\":\"https:\\\/\\\/ag-frisch.com\\\/de\\\/?s={search_term_string}\"},\"query-input\":{\"@type\":\"PropertyValueSpecification\",\"valueRequired\":true,\"valueName\":\"search_term_string\"}}],\"inLanguage\":\"fr-FR\"},{\"@type\":\"Organization\",\"@id\":\"https:\\\/\\\/ag-frisch.com\\\/de\\\/#organization\",\"name\":\"Agentur Frisch International Consulting GmbH & Co. KG\",\"url\":\"https:\\\/\\\/ag-frisch.com\\\/de\\\/\",\"logo\":{\"@type\":\"ImageObject\",\"inLanguage\":\"fr-FR\",\"@id\":\"https:\\\/\\\/ag-frisch.com\\\/de\\\/#\\\/schema\\\/logo\\\/image\\\/\",\"url\":\"https:\\\/\\\/ag-frisch.com\\\/wp-content\\\/uploads\\\/2021\\\/08\\\/ag_logo_rgb_300_small.png\",\"contentUrl\":\"https:\\\/\\\/ag-frisch.com\\\/wp-content\\\/uploads\\\/2021\\\/08\\\/ag_logo_rgb_300_small.png\",\"width\":153,\"height\":102,\"caption\":\"Agentur Frisch International Consulting GmbH & Co. KG\"},\"image\":{\"@id\":\"https:\\\/\\\/ag-frisch.com\\\/de\\\/#\\\/schema\\\/logo\\\/image\\\/\"},\"sameAs\":[\"https:\\\/\\\/www.facebook.com\\\/China.Import\",\"https:\\\/\\\/x.com\\\/agenturfrisch\"]}]}<\/script>\n<!-- \/ Yoast SEO plugin. -->","yoast_head_json":{"title":"Fret ferroviaire de Chine | Importer des marchandises de Chine par le rail","description":"Fret ferroviaire de Chine \u25ba Importer vos marchandises de Chine par le rail \u25ba Service complet pour le transport ferroviaire de Chine \u25ba Demandez conseil maintenant !","robots":{"index":"index","follow":"follow","max-snippet":"max-snippet:-1","max-image-preview":"max-image-preview:large","max-video-preview":"max-video-preview:-1"},"canonical":"https:\/\/ag-frisch.com\/fr\/fret-ferroviaire\/","og_locale":"fr_FR","og_type":"article","og_title":"Fret ferroviaire de Chine | Importer des marchandises de Chine par le rail","og_description":"Fret ferroviaire de Chine \u25ba Importer vos marchandises de Chine par le rail \u25ba Service complet pour le transport ferroviaire de Chine \u25ba Demandez conseil maintenant !","og_url":"https:\/\/ag-frisch.com\/fr\/fret-ferroviaire\/","og_site_name":"China Import Beratung f\u00fcr den Einkauf aus China","article_publisher":"https:\/\/www.facebook.com\/China.Import","article_modified_time":"2023-01-27T04:19:22+00:00","twitter_card":"summary_large_image","twitter_site":"@agenturfrisch","twitter_misc":{"Dur\u00e9e de lecture estim\u00e9e":"9 minutes"},"schema":{"@context":"https:\/\/schema.org","@graph":[{"@type":"WebPage","@id":"https:\/\/ag-frisch.com\/fr\/fret-ferroviaire\/","url":"https:\/\/ag-frisch.com\/fr\/fret-ferroviaire\/","name":"Fret ferroviaire de Chine | Importer des marchandises de Chine par le rail","isPartOf":{"@id":"https:\/\/ag-frisch.com\/de\/#website"},"datePublished":"2021-10-24T20:44:21+00:00","dateModified":"2023-01-27T04:19:22+00:00","description":"Fret ferroviaire de Chine \u25ba Importer vos marchandises de Chine par le rail \u25ba Service complet pour le transport ferroviaire de Chine \u25ba Demandez conseil maintenant !","breadcrumb":{"@id":"https:\/\/ag-frisch.com\/fr\/fret-ferroviaire\/#breadcrumb"},"inLanguage":"fr-FR","potentialAction":[{"@type":"ReadAction","target":["https:\/\/ag-frisch.com\/fr\/fret-ferroviaire\/"]}]},{"@type":"BreadcrumbList","@id":"https:\/\/ag-frisch.com\/fr\/fret-ferroviaire\/#breadcrumb","itemListElement":[{"@type":"ListItem","position":1,"name":"Startseite","item":"https:\/\/ag-frisch.com\/de\/"},{"@type":"ListItem","position":2,"name":"Fret ferroviaire"}]},{"@type":"WebSite","@id":"https:\/\/ag-frisch.com\/de\/#website","url":"https:\/\/ag-frisch.com\/de\/","name":"China Import Beratung f\u00fcr den Einkauf aus China","description":"China Import &amp; Export Beratung - Der Dienstleister Ihres Vertrauens f\u00fcr Ihren China Import","publisher":{"@id":"https:\/\/ag-frisch.com\/de\/#organization"},"potentialAction":[{"@type":"SearchAction","target":{"@type":"EntryPoint","urlTemplate":"https:\/\/ag-frisch.com\/de\/?s={search_term_string}"},"query-input":{"@type":"PropertyValueSpecification","valueRequired":true,"valueName":"search_term_string"}}],"inLanguage":"fr-FR"},{"@type":"Organization","@id":"https:\/\/ag-frisch.com\/de\/#organization","name":"Agentur Frisch International Consulting GmbH & Co. KG","url":"https:\/\/ag-frisch.com\/de\/","logo":{"@type":"ImageObject","inLanguage":"fr-FR","@id":"https:\/\/ag-frisch.com\/de\/#\/schema\/logo\/image\/","url":"https:\/\/ag-frisch.com\/wp-content\/uploads\/2021\/08\/ag_logo_rgb_300_small.png","contentUrl":"https:\/\/ag-frisch.com\/wp-content\/uploads\/2021\/08\/ag_logo_rgb_300_small.png","width":153,"height":102,"caption":"Agentur Frisch International Consulting GmbH & Co. KG"},"image":{"@id":"https:\/\/ag-frisch.com\/de\/#\/schema\/logo\/image\/"},"sameAs":["https:\/\/www.facebook.com\/China.Import","https:\/\/x.com\/agenturfrisch"]}]}},"_links":{"self":[{"href":"https:\/\/ag-frisch.com\/fr\/wp-json\/wp\/v2\/pages\/10072","targetHints":{"allow":["GET"]}}],"collection":[{"href":"https:\/\/ag-frisch.com\/fr\/wp-json\/wp\/v2\/pages"}],"about":[{"href":"https:\/\/ag-frisch.com\/fr\/wp-json\/wp\/v2\/types\/page"}],"author":[{"embeddable":true,"href":"https:\/\/ag-frisch.com\/fr\/wp-json\/wp\/v2\/users\/2"}],"replies":[{"embeddable":true,"href":"https:\/\/ag-frisch.com\/fr\/wp-json\/wp\/v2\/comments?post=10072"}],"version-history":[{"count":0,"href":"https:\/\/ag-frisch.com\/fr\/wp-json\/wp\/v2\/pages\/10072\/revisions"}],"wp:attachment":[{"href":"https:\/\/ag-frisch.com\/fr\/wp-json\/wp\/v2\/media?parent=10072"}],"curies":[{"name":"wp","href":"https:\/\/api.w.org\/{rel}","templated":true}]}}