{"id":10222,"date":"2021-10-24T23:10:56","date_gmt":"2021-10-24T21:10:56","guid":{"rendered":"https:\/\/ag-frisch.com\/fret-maritime\/"},"modified":"2023-01-27T05:20:22","modified_gmt":"2023-01-27T04:20:22","slug":"fret-maritime","status":"publish","type":"page","link":"https:\/\/ag-frisch.com\/fr\/fret-maritime\/","title":{"rendered":"Fret maritime"},"content":{"rendered":"<p>[et_pb_section fb_built=&#8221;1&#8243; _builder_version=&#8221;4.16&#8243; _module_preset=&#8221;default&#8221; global_colors_info=&#8221;{}&#8221;][et_pb_row _builder_version=&#8221;4.16&#8243; _module_preset=&#8221;default&#8221; global_colors_info=&#8221;{}&#8221;][et_pb_column type=&#8221;4_4&#8243; _builder_version=&#8221;4.16&#8243; _module_preset=&#8221;default&#8221; global_colors_info=&#8221;{}&#8221;][et_pb_cta title=&#8221;Fret maritime en provenance de Chine&#8221; button_url=&#8221;https:\/\/ag-frisch.com\/fr\/contact\/&#8221; button_text=&#8221;Faire exp\u00e9dier maintenant par un professionnel&#8221; _builder_version=&#8221;4.16&#8243; _module_preset=&#8221;default&#8221; global_colors_info=&#8221;{}&#8221;]<\/p>\n<p>Nous exp\u00e9dions vos marchandises par fret maritime de la Chine vers l&#8217;UE, par exemple vers Hambourg, Rotterdam ou Anvers.  <\/p>\n<p>[\/et_pb_cta][et_pb_text _builder_version=&#8221;4.16&#8243; _module_preset=&#8221;default&#8221; global_colors_info=&#8221;{}&#8221;]<\/p>\n<h1>Fret maritime en provenance de Chine<\/h1>\n<p><strong>Le mode d&#8217;exp\u00e9dition standard pour la plupart des marchandises<\/strong><\/p>\n<p>La plupart des marchandises envoy\u00e9es de Chine vers l&#8217;Allemagne arrivent par voie maritime. L&#8217;avantage de cette option de transport r\u00e9side dans son prix exceptionnellement bas. Par rapport au fret ferroviaire ou m\u00eame a\u00e9rien, il est possible de r\u00e9aliser des \u00e9conomies consid\u00e9rables. L&#8217;inconv\u00e9nient, selon le produit, est le temps de transport relativement long du fret maritime depuis la Chine. Vous devriez opter pour la livraison par conteneur maritime depuis la Chine si vous :<\/p>\n<ul>\n<li>avez de grandes quantit\u00e9s \u00e0 exp\u00e9dier<\/li>\n<li>veulent le prix le plus bas pour l&#8217;exp\u00e9dition<\/li>\n<li>vous pouvez attendre 4 \u00e0 6 semaines pour votre marchandise<\/li>\n<\/ul>\n<p>La voie d&#8217;exp\u00e9dition du fret maritime depuis la Chine est une voie qui a fait ses preuves et qui est particuli\u00e8rement facile \u00e0 g\u00e9rer et \u00e0 calculer.<\/p>\n<p>&nbsp;<\/p>\n<p><strong>Envoi de grandes quantit\u00e9s par conteneurs maritimes depuis la Chine<\/strong><\/p>\n<p>Si vous importez de grandes quantit\u00e9s d&#8217;articles ou des marchandises encombrantes, le transport par conteneur depuis la Chine par voie maritime est dans la plupart des cas le meilleur choix. Le fret maritime est rentable \u00e0 partir de 100 kilos (FOB &#8211; jusqu&#8217;\u00e0 bord) ou 200 kilos (EXW &#8211; d\u00e9part usine), soit 0,5 et 1 m\u00e8tre cube, selon le fournisseur. Si vous souhaitez envoyer de petits envois\/quantit\u00e9s ou par exemple des premiers \u00e9chantillons, nous vous recommandons le fret a\u00e9rien ou directement l&#8217;envoi express depuis la Chine.<\/p>\n<p>&nbsp;<\/p>\n<p><strong>Dur\u00e9e de l&#8217;exp\u00e9dition par fret maritime depuis la Chine<\/strong><\/p>\n<p>Un navire a besoin d&#8217;un certain temps pour se rendre en Europe par la voie maritime, du Pacifique \u00e0 l&#8217;oc\u00e9an Indien, en passant par le canal de Suez et finalement par la M\u00e9diterran\u00e9e et l&#8217;Atlantique. Quatre \u00e0 six semaines de transport sont r\u00e9alistes &#8211; les distances \u00e0 parcourir sont \u00e9normes. Ces dur\u00e9es peuvent varier l\u00e9g\u00e8rement vers le haut ou vers le bas, mais les d\u00e9lais se situent g\u00e9n\u00e9ralement dans cette fourchette.<\/p>\n<p>R\u00e9cemment, le passage du Nord-Est \u00e0 travers l&#8217;Arctique a \u00e9galement \u00e9t\u00e9 envisag\u00e9. Il est possible que les d\u00e9lais de transport pour le fret maritime en provenance de Chine soient encore consid\u00e9rablement r\u00e9duits, d&#8217;environ deux semaines &#8211; mais c&#8217;est encore de la musique d&#8217;avenir, que nous ne proposons pas actuellement en standard \u00e0 nos clients.<\/p>\n<p>&nbsp;<\/p>\n<p><strong>Avantage \u00e9vident de la voie maritime : des co\u00fbts r\u00e9duits<\/strong><\/p>\n<p>Le fret express et le fret a\u00e9rien sont les plus chers, mais m\u00eame le transport ferroviaire co\u00fbte encore trois fois plus cher que le transport maritime. Le transport de conteneurs depuis la Chine par voie maritime est le moyen le plus \u00e9conomique d&#8217;exp\u00e9dier des marchandises de Chine vers l&#8217;Allemagne. Outre d&#8217;autres facteurs &#8211; comme la relative ind\u00e9pendance vis-\u00e0-vis des blocages politiques sur le continent -, la voie maritime est donc le mode de transport le plus souvent choisi.<\/p>\n<p>&nbsp;<\/p>\n<p><strong>Chargements, groupage et LCL (marchandises diverses) par fret maritime en provenance de Chine<\/strong><\/p>\n<p>L&#8217;agence Frisch fait transporter chaque semaine un conteneur de groupage vers l&#8217;Allemagne depuis pratiquement tous les principaux ports chinois. Cela vous offre la possibilit\u00e9 de joindre vos envois de marchandises diverses dans notre conteneur maritime en provenance de Chine. Cette option de fret LCL (Less than Container Load) vous permet d&#8217;\u00e9conomiser beaucoup d&#8217;argent.<\/p>\n<p>Vous pouvez \u00e9galement nous demander de collecter vos marchandises aupr\u00e8s de diff\u00e9rents fabricants en Chine et de les exp\u00e9dier dans un conteneur.<\/p>\n<p>&nbsp;<\/p>\n<p><strong>Agence Frisch &#8211; Votre prestataire logistique pour le transport de conteneurs depuis la Chine<\/strong><\/p>\n<p>Gr\u00e2ce \u00e0 notre vaste exp\u00e9rience en mati\u00e8re d&#8217;importation de Chine et de tous les services qui y sont li\u00e9s, nous pouvons d\u00e9terminer pour vous le meilleur moyen de transport lors d&#8217;un entretien de conseil. En lien avec cela, nous trouvons et recommandons \u00e9galement les meilleurs prestataires de services pour les diff\u00e9rentes \u00e9tapes du transport.<\/p>\n<p>Les autres prestations de l&#8217;agence Frisch comprennent<\/p>\n<ul>\n<li>D\u00e9lai, le cas \u00e9ch\u00e9ant, pour EXW (du fournisseur au port en Chine)<\/li>\n<li>Exp\u00e9dition de conteneurs de fret maritime (20FCL\/ 40FCL et 40HQ)<\/li>\n<li>Exp\u00e9dition de marchandises g\u00e9n\u00e9rales (LCL) depuis la Chine<\/li>\n<li>Conteneurs de groupage de vos marchandises provenant de diff\u00e9rents fournisseurs en Chine<\/li>\n<li>Couverture de l&#8217;assurance transport<\/li>\n<li>D\u00e9douanement dans le port en Europe\/Allemagne (par exemple Rotterdam\/Hambourg)<\/li>\n<li>Livraison au sein de l&#8217;UE, par exemple par train ou par camion<\/li>\n<\/ul>\n<p>&nbsp;<\/p>\n<p><strong>N&#8217;h\u00e9sitez pas \u00e0 nous contacter &#8211; nous serons ravis de mettre notre expertise au service de votre transport de conteneurs depuis la Chine !<\/strong>[\/et_pb_text][\/et_pb_column][\/et_pb_row][et_pb_row _builder_version=&#8221;4.16&#8243; _module_preset=&#8221;default&#8221; global_colors_info=&#8221;{}&#8221;][et_pb_column type=&#8221;4_4&#8243; _builder_version=&#8221;4.16&#8243; _module_preset=&#8221;default&#8221; global_colors_info=&#8221;{}&#8221;][\/et_pb_column][\/et_pb_row][\/et_pb_section][et_pb_section fb_built=&#8221;1&#8243; admin_label=&#8221;Testimonials&#8221; _builder_version=&#8221;4.16&#8243; use_background_color_gradient=&#8221;on&#8221; background_color_gradient_stops=&#8221;rgba(0,106,156,0.85) 0%|rgba(0,106,156,0.85) 100%&#8221; background_color_gradient_start=&#8221;rgba(0,106,156,0.85)&#8221; background_color_gradient_end=&#8221;rgba(0,106,156,0.85)&#8221; custom_padding=&#8221;90px||60px|&#8221; animation_style=&#8221;fold&#8221; animation_direction=&#8221;bottom&#8221; animation_intensity_fold=&#8221;4%&#8221; global_colors_info=&#8221;{}&#8221; theme_builder_area=&#8221;post_content&#8221;][et_pb_row _builder_version=&#8221;4.16&#8243; background_size=&#8221;initial&#8221; background_position=&#8221;top_left&#8221; background_repeat=&#8221;repeat&#8221; custom_width_px=&#8221;710px&#8221; locked=&#8221;off&#8221; global_colors_info=&#8221;{}&#8221; theme_builder_area=&#8221;post_content&#8221;][et_pb_column type=&#8221;4_4&#8243; _builder_version=&#8221;4.16&#8243; background_position=&#8221;top_left&#8221; custom_padding=&#8221;|||&#8221; global_colors_info=&#8221;{}&#8221; custom_padding__hover=&#8221;|||&#8221; theme_builder_area=&#8221;post_content&#8221;][et_pb_text admin_label=&#8221;Testimonials Section Title&#8221; _builder_version=&#8221;4.16&#8243; header_font=&#8221;Montserrat||||&#8221; header_font_size=&#8221;36px&#8221; background_size=&#8221;initial&#8221; background_position=&#8221;top_left&#8221; background_repeat=&#8221;repeat&#8221; text_orientation=&#8221;center&#8221; background_layout=&#8221;dark&#8221; max_width=&#8221;710px&#8221; module_alignment=&#8221;center&#8221; animation_style=&#8221;fold&#8221; animation_direction=&#8221;bottom&#8221; animation_intensity_fold=&#8221;20%&#8221; global_colors_info=&#8221;{}&#8221; theme_builder_area=&#8221;post_content&#8221;]<\/p>\n<h1>Plus de 5000 clients satisfaits.<\/h1>\n<p>&nbsp;<\/p>\n<p>[\/et_pb_text][et_pb_divider color=&#8221;#ffffff&#8221; divider_weight=&#8221;3px&#8221; disabled_on=&#8221;off|off|off&#8221; _builder_version=&#8221;4.16&#8243; background_color_gradient_direction=&#8221;90deg&#8221; max_width=&#8221;100px&#8221; module_alignment=&#8221;center&#8221; height=&#8221;5px&#8221; custom_margin=&#8221;||20px|&#8221; custom_padding=&#8221;||20px|&#8221; animation_style=&#8221;slide&#8221; animation_direction=&#8221;bottom&#8221; saved_tabs=&#8221;all&#8221; locked=&#8221;off&#8221; global_colors_info=&#8221;{}&#8221; theme_builder_area=&#8221;post_content&#8221;][\/et_pb_divider][\/et_pb_column][\/et_pb_row][et_pb_row column_structure=&#8221;1_2,1_2&#8243; _builder_version=&#8221;4.18.1&#8243; _module_preset=&#8221;default&#8221; global_colors_info=&#8221;{}&#8221; theme_builder_area=&#8221;post_content&#8221;][et_pb_column type=&#8221;1_2&#8243; _builder_version=&#8221;4.18.1&#8243; _module_preset=&#8221;default&#8221; global_colors_info=&#8221;{}&#8221; theme_builder_area=&#8221;post_content&#8221;][et_pb_testimonial author=&#8221;Marco&#8221; portrait_url=&#8221;https:\/\/ag-frisch.com\/wp-content\/uploads\/2021\/08\/Harald.png&#8221; quote_icon=&#8221;off&#8221; _builder_version=&#8221;4.18.1&#8243; _module_preset=&#8221;default&#8221; body_font_size=&#8221;16px&#8221; use_background_color=&#8221;off&#8221; background_layout=&#8221;dark&#8221; global_colors_info=&#8221;{}&#8221; theme_builder_area=&#8221;post_content&#8221;]J&#8217;ai demand\u00e9 \u00e0 l&#8217;agence Frisch de faire produire un meuble de grande taille en Chine et de le transf\u00e9rer ensuite en Allemagne. La communication par e-mail a \u00e9t\u00e9 fluide tout au long du processus ! Des r\u00e9ponses tr\u00e8s rapides et fiables m&#8217;ont apport\u00e9 en permanence les garanties indispensables \u00e0 une telle entreprise. J&#8217;ai toujours \u00e9t\u00e9 aid\u00e9 dans la jungle bureaucratique et aucun formulaire n&#8217;a \u00e9t\u00e9 oubli\u00e9 ou mal rempli. Tr\u00e8s louable !<a href=\"&lt;div%20class=%22pe-richsnippets%22&gt;&nbsp;&lt;\/div&gt;%20&lt;script%20type=%22text\/javascript%22%20src=%22https:\/\/www.provenexpert.com\/widget\/richsnippet.js?u=1NUA0VwZ4RUZ5tmAi5zA4RaplNKAlWwZ&amp;v=2%22%20async&gt;&lt;\/script&gt;%20&lt;div%20style=%22text-align:%20justify;%22&gt;&lt;br%20\/&gt;\"><\/a><\/p>\n<div class=\"brow ratingBarMargin\">\n<div class=\"ratingBar\">\n<div class=\"brow\">\n<div class=\"pe-richsnippets\">&nbsp;<\/div>\n<p><script type=\"text\/javascript\" src=\"https:\/\/www.provenexpert.com\/widget\/richsnippet.js?u=1NUA0VwZ4RUZ5tmAi5zA4RaplNKAlWwZ&amp;v=2\" async=\"\"><\/script><\/p>\n<div style=\"text-align: justify;\"><\/p>\n<div class=\"col-lg-9 col-md-8 col-xs-10 mt20 mb20\">\n<div class=\"col-xs-12 surveyNameForRating\"><\/div>\n<\/div>\n<\/div>\n<\/div>\n<\/div>\n<\/div>\n<p>[\/et_pb_testimonial][\/et_pb_column][et_pb_column type=&#8221;1_2&#8243; _builder_version=&#8221;4.18.1&#8243; _module_preset=&#8221;default&#8221; global_colors_info=&#8221;{}&#8221; theme_builder_area=&#8221;post_content&#8221;][et_pb_testimonial author=&#8221;Simone L.&#8221; portrait_url=&#8221;https:\/\/ag-frisch.com\/wp-content\/uploads\/2021\/08\/Harald.png&#8221; quote_icon=&#8221;off&#8221; _builder_version=&#8221;4.18.1&#8243; _module_preset=&#8221;default&#8221; body_font_size=&#8221;16px&#8221; use_background_color=&#8221;off&#8221; background_layout=&#8221;dark&#8221; global_colors_info=&#8221;{}&#8221; theme_builder_area=&#8221;post_content&#8221;]<\/p>\n<p>Tout est au top. On ne peut pas faire mieux. On ne peut pas faire mieux en mati\u00e8re de conseil et de r\u00e9alisation. Apr\u00e8s avoir pass\u00e9 plusieurs commandes aupr\u00e8s de cette entreprise, nous sommes plus que satisfaits et poursuivons notre collaboration.<\/p>\n<div class=\"brow ratingBarMargin\">\n<div class=\"ratingBar\">\n<div class=\"brow\">\n<div class=\"pe-richsnippets\"> <\/div>\n<p>\n<script type=\"text\/javascript\" src=\"https:\/\/www.provenexpert.com\/widget\/richsnippet.js?u=1NUA0VwZ4RUZ5tmAi5zA4RaplNKAlWwZ&amp;v=2\" async=\"\"><\/script>\n<\/p>\n<div style=\"text-align: justify;\">\n<p>&nbsp;<\/p>\n<div class=\"col-lg-9 col-md-8 col-xs-10 mt20 mb20\">\n<div class=\"col-xs-12 surveyNameForRating\"><\/div>\n<\/div>\n<\/div>\n<\/div>\n<\/div>\n<\/div>\n<p>[\/et_pb_testimonial][\/et_pb_column][\/et_pb_row][et_pb_row _builder_version=&#8221;4.16&#8243; background_size=&#8221;initial&#8221; background_position=&#8221;top_left&#8221; background_repeat=&#8221;repeat&#8221; custom_padding=&#8221;50px|0px|30px|0px&#8221; custom_css_main_element=&#8221;text-align: center;&#8221; global_colors_info=&#8221;{}&#8221; theme_builder_area=&#8221;post_content&#8221;][et_pb_column type=&#8221;4_4&#8243; _builder_version=&#8221;4.16&#8243; custom_padding=&#8221;|||&#8221; global_colors_info=&#8221;{}&#8221; custom_padding__hover=&#8221;|||&#8221; theme_builder_area=&#8221;post_content&#8221;][et_pb_button button_url=&#8221;https:\/\/www.provenexpert.com\/de-de\/agentur-frisch-international-consulting-gmbh-und-co-kg\/&#8221; button_text=&#8221;PLUS D&#039;AVIS&#8221; button_alignment=&#8221;left&#8221; admin_label=&#8221;Testimonial Button&#8221; _builder_version=&#8221;4.16&#8243; custom_button=&#8221;on&#8221; button_text_size=&#8221;18px&#8221; button_text_color=&#8221;#ffffff&#8221; button_bg_color=&#8221;#6eba01&#8243; button_border_width=&#8221;2px&#8221; button_border_color=&#8221;#6eba01&#8243; button_border_radius=&#8221;0px&#8221; button_letter_spacing=&#8221;2px&#8221; button_font=&#8221;Montserrat|||on|&#8221; button_use_icon=&#8221;off&#8221; animation_style=&#8221;fold&#8221; animation_direction=&#8221;bottom&#8221; button_text_color_hover=&#8221;#ffffff&#8221; button_border_color_hover=&#8221;#ffffff&#8221; button_border_radius_hover=&#8221;0px&#8221; button_letter_spacing_hover=&#8221;2px&#8221; button_bg_color_hover=&#8221;rgba(255,255,255,0)&#8221; locked=&#8221;off&#8221; global_colors_info=&#8221;{}&#8221; button_text_size__hover_enabled=&#8221;off&#8221; button_one_text_size__hover_enabled=&#8221;off&#8221; button_two_text_size__hover_enabled=&#8221;off&#8221; button_text_color__hover_enabled=&#8221;on&#8221; button_text_color__hover=&#8221;#ffffff&#8221; button_one_text_color__hover_enabled=&#8221;off&#8221; button_two_text_color__hover_enabled=&#8221;off&#8221; button_border_width__hover_enabled=&#8221;off&#8221; button_one_border_width__hover_enabled=&#8221;off&#8221; button_two_border_width__hover_enabled=&#8221;off&#8221; button_border_color__hover_enabled=&#8221;on&#8221; button_border_color__hover=&#8221;#ffffff&#8221; button_one_border_color__hover_enabled=&#8221;off&#8221; button_two_border_color__hover_enabled=&#8221;off&#8221; button_border_radius__hover_enabled=&#8221;on&#8221; button_border_radius__hover=&#8221;0px&#8221; button_one_border_radius__hover_enabled=&#8221;off&#8221; button_two_border_radius__hover_enabled=&#8221;off&#8221; button_letter_spacing__hover_enabled=&#8221;on&#8221; button_letter_spacing__hover=&#8221;2px&#8221; button_one_letter_spacing__hover_enabled=&#8221;off&#8221; button_two_letter_spacing__hover_enabled=&#8221;off&#8221; button_bg_color__hover_enabled=&#8221;on&#8221; button_bg_color__hover=&#8221;rgba(255,255,255,0)&#8221; button_one_bg_color__hover_enabled=&#8221;off&#8221; button_two_bg_color__hover_enabled=&#8221;off&#8221; theme_builder_area=&#8221;post_content&#8221;][\/et_pb_button][\/et_pb_column][\/et_pb_row][\/et_pb_section]<\/p>\n","protected":false},"excerpt":{"rendered":"<p>Nous exp\u00e9dions vos marchandises par fret maritime de la Chine vers l&#8217;UE, par exemple vers Hambourg, Rotterdam ou Anvers. Fret maritime en provenance de Chine Le mode d&#8217;exp\u00e9dition standard pour la plupart des marchandises La plupart des marchandises envoy\u00e9es de Chine vers l&#8217;Allemagne arrivent par voie maritime. L&#8217;avantage de cette option de transport r\u00e9side dans [&hellip;]<\/p>\n","protected":false},"author":2,"featured_media":0,"parent":0,"menu_order":0,"comment_status":"closed","ping_status":"closed","template":"","meta":{"_et_pb_use_builder":"on","_et_pb_old_content":"","_et_gb_content_width":"","footnotes":""},"class_list":["post-10222","page","type-page","status-publish","hentry"],"yoast_head":"<!-- This site is optimized with the Yoast SEO plugin v27.2 - https:\/\/yoast.com\/product\/yoast-seo-wordpress\/ -->\n<title>Fret maritime de Chine : importer de Chine en conteneur maritime<\/title>\n<meta name=\"description\" content=\"Fret maritime depuis la Chine \u25ba Envoi de grandes quantit\u00e9s par conteneurs maritimes depuis la Chine \u25ba Importer des marchandises en toute s\u00e9curit\u00e9 par voie maritime \u25ba Demandez maintenant conseil \u00e0 des experts !\" \/>\n<meta name=\"robots\" content=\"index, follow, max-snippet:-1, max-image-preview:large, max-video-preview:-1\" \/>\n<link rel=\"canonical\" href=\"https:\/\/ag-frisch.com\/fr\/fret-maritime\/\" \/>\n<meta property=\"og:locale\" content=\"fr_FR\" \/>\n<meta property=\"og:type\" content=\"article\" \/>\n<meta property=\"og:title\" content=\"Fret maritime de Chine : importer de Chine en conteneur maritime\" \/>\n<meta property=\"og:description\" content=\"Fret maritime depuis la Chine \u25ba Envoi de grandes quantit\u00e9s par conteneurs maritimes depuis la Chine \u25ba Importer des marchandises en toute s\u00e9curit\u00e9 par voie maritime \u25ba Demandez maintenant conseil \u00e0 des experts !\" \/>\n<meta property=\"og:url\" content=\"https:\/\/ag-frisch.com\/fr\/fret-maritime\/\" \/>\n<meta property=\"og:site_name\" content=\"China Import Beratung f\u00fcr den Einkauf aus China\" \/>\n<meta property=\"article:publisher\" content=\"https:\/\/www.facebook.com\/China.Import\" \/>\n<meta property=\"article:modified_time\" content=\"2023-01-27T04:20:22+00:00\" \/>\n<meta name=\"twitter:card\" content=\"summary_large_image\" \/>\n<meta name=\"twitter:site\" content=\"@agenturfrisch\" \/>\n<meta name=\"twitter:label1\" content=\"Dur\u00e9e de lecture estim\u00e9e\" \/>\n\t<meta name=\"twitter:data1\" content=\"9 minutes\" \/>\n<script type=\"application\/ld+json\" class=\"yoast-schema-graph\">{\"@context\":\"https:\/\/schema.org\",\"@graph\":[{\"@type\":\"WebPage\",\"@id\":\"https:\/\/ag-frisch.com\/fr\/fret-maritime\/\",\"url\":\"https:\/\/ag-frisch.com\/fr\/fret-maritime\/\",\"name\":\"Fret maritime de Chine : importer de Chine en conteneur maritime\",\"isPartOf\":{\"@id\":\"https:\/\/ag-frisch.com\/de\/#website\"},\"datePublished\":\"2021-10-24T21:10:56+00:00\",\"dateModified\":\"2023-01-27T04:20:22+00:00\",\"description\":\"Fret maritime depuis la Chine \u25ba Envoi de grandes quantit\u00e9s par conteneurs maritimes depuis la Chine \u25ba Importer des marchandises en toute s\u00e9curit\u00e9 par voie maritime \u25ba Demandez maintenant conseil \u00e0 des experts !\",\"breadcrumb\":{\"@id\":\"https:\/\/ag-frisch.com\/fr\/fret-maritime\/#breadcrumb\"},\"inLanguage\":\"fr-FR\",\"potentialAction\":[{\"@type\":\"ReadAction\",\"target\":[\"https:\/\/ag-frisch.com\/fr\/fret-maritime\/\"]}]},{\"@type\":\"BreadcrumbList\",\"@id\":\"https:\/\/ag-frisch.com\/fr\/fret-maritime\/#breadcrumb\",\"itemListElement\":[{\"@type\":\"ListItem\",\"position\":1,\"name\":\"Startseite\",\"item\":\"https:\/\/ag-frisch.com\/de\/\"},{\"@type\":\"ListItem\",\"position\":2,\"name\":\"Fret maritime\"}]},{\"@type\":\"WebSite\",\"@id\":\"https:\/\/ag-frisch.com\/de\/#website\",\"url\":\"https:\/\/ag-frisch.com\/de\/\",\"name\":\"China Import Beratung f\u00fcr den Einkauf aus China\",\"description\":\"China Import &amp; Export Beratung - Der Dienstleister Ihres Vertrauens f\u00fcr Ihren China Import\",\"publisher\":{\"@id\":\"https:\/\/ag-frisch.com\/de\/#organization\"},\"potentialAction\":[{\"@type\":\"SearchAction\",\"target\":{\"@type\":\"EntryPoint\",\"urlTemplate\":\"https:\/\/ag-frisch.com\/de\/?s={search_term_string}\"},\"query-input\":{\"@type\":\"PropertyValueSpecification\",\"valueRequired\":true,\"valueName\":\"search_term_string\"}}],\"inLanguage\":\"fr-FR\"},{\"@type\":\"Organization\",\"@id\":\"https:\/\/ag-frisch.com\/de\/#organization\",\"name\":\"Agentur Frisch International Consulting GmbH & Co. KG\",\"url\":\"https:\/\/ag-frisch.com\/de\/\",\"logo\":{\"@type\":\"ImageObject\",\"inLanguage\":\"fr-FR\",\"@id\":\"https:\/\/ag-frisch.com\/de\/#\/schema\/logo\/image\/\",\"url\":\"https:\/\/ag-frisch.com\/wp-content\/uploads\/2021\/08\/ag_logo_rgb_300_small.png\",\"contentUrl\":\"https:\/\/ag-frisch.com\/wp-content\/uploads\/2021\/08\/ag_logo_rgb_300_small.png\",\"width\":153,\"height\":102,\"caption\":\"Agentur Frisch International Consulting GmbH & Co. KG\"},\"image\":{\"@id\":\"https:\/\/ag-frisch.com\/de\/#\/schema\/logo\/image\/\"},\"sameAs\":[\"https:\/\/www.facebook.com\/China.Import\",\"https:\/\/x.com\/agenturfrisch\"]}]}<\/script>\n<!-- \/ Yoast SEO plugin. -->","yoast_head_json":{"title":"Fret maritime de Chine : importer de Chine en conteneur maritime","description":"Fret maritime depuis la Chine \u25ba Envoi de grandes quantit\u00e9s par conteneurs maritimes depuis la Chine \u25ba Importer des marchandises en toute s\u00e9curit\u00e9 par voie maritime \u25ba Demandez maintenant conseil \u00e0 des experts !","robots":{"index":"index","follow":"follow","max-snippet":"max-snippet:-1","max-image-preview":"max-image-preview:large","max-video-preview":"max-video-preview:-1"},"canonical":"https:\/\/ag-frisch.com\/fr\/fret-maritime\/","og_locale":"fr_FR","og_type":"article","og_title":"Fret maritime de Chine : importer de Chine en conteneur maritime","og_description":"Fret maritime depuis la Chine \u25ba Envoi de grandes quantit\u00e9s par conteneurs maritimes depuis la Chine \u25ba Importer des marchandises en toute s\u00e9curit\u00e9 par voie maritime \u25ba Demandez maintenant conseil \u00e0 des experts !","og_url":"https:\/\/ag-frisch.com\/fr\/fret-maritime\/","og_site_name":"China Import Beratung f\u00fcr den Einkauf aus China","article_publisher":"https:\/\/www.facebook.com\/China.Import","article_modified_time":"2023-01-27T04:20:22+00:00","twitter_card":"summary_large_image","twitter_site":"@agenturfrisch","twitter_misc":{"Dur\u00e9e de lecture estim\u00e9e":"9 minutes"},"schema":{"@context":"https:\/\/schema.org","@graph":[{"@type":"WebPage","@id":"https:\/\/ag-frisch.com\/fr\/fret-maritime\/","url":"https:\/\/ag-frisch.com\/fr\/fret-maritime\/","name":"Fret maritime de Chine : importer de Chine en conteneur maritime","isPartOf":{"@id":"https:\/\/ag-frisch.com\/de\/#website"},"datePublished":"2021-10-24T21:10:56+00:00","dateModified":"2023-01-27T04:20:22+00:00","description":"Fret maritime depuis la Chine \u25ba Envoi de grandes quantit\u00e9s par conteneurs maritimes depuis la Chine \u25ba Importer des marchandises en toute s\u00e9curit\u00e9 par voie maritime \u25ba Demandez maintenant conseil \u00e0 des experts !","breadcrumb":{"@id":"https:\/\/ag-frisch.com\/fr\/fret-maritime\/#breadcrumb"},"inLanguage":"fr-FR","potentialAction":[{"@type":"ReadAction","target":["https:\/\/ag-frisch.com\/fr\/fret-maritime\/"]}]},{"@type":"BreadcrumbList","@id":"https:\/\/ag-frisch.com\/fr\/fret-maritime\/#breadcrumb","itemListElement":[{"@type":"ListItem","position":1,"name":"Startseite","item":"https:\/\/ag-frisch.com\/de\/"},{"@type":"ListItem","position":2,"name":"Fret maritime"}]},{"@type":"WebSite","@id":"https:\/\/ag-frisch.com\/de\/#website","url":"https:\/\/ag-frisch.com\/de\/","name":"China Import Beratung f\u00fcr den Einkauf aus China","description":"China Import &amp; Export Beratung - Der Dienstleister Ihres Vertrauens f\u00fcr Ihren China Import","publisher":{"@id":"https:\/\/ag-frisch.com\/de\/#organization"},"potentialAction":[{"@type":"SearchAction","target":{"@type":"EntryPoint","urlTemplate":"https:\/\/ag-frisch.com\/de\/?s={search_term_string}"},"query-input":{"@type":"PropertyValueSpecification","valueRequired":true,"valueName":"search_term_string"}}],"inLanguage":"fr-FR"},{"@type":"Organization","@id":"https:\/\/ag-frisch.com\/de\/#organization","name":"Agentur Frisch International Consulting GmbH & Co. KG","url":"https:\/\/ag-frisch.com\/de\/","logo":{"@type":"ImageObject","inLanguage":"fr-FR","@id":"https:\/\/ag-frisch.com\/de\/#\/schema\/logo\/image\/","url":"https:\/\/ag-frisch.com\/wp-content\/uploads\/2021\/08\/ag_logo_rgb_300_small.png","contentUrl":"https:\/\/ag-frisch.com\/wp-content\/uploads\/2021\/08\/ag_logo_rgb_300_small.png","width":153,"height":102,"caption":"Agentur Frisch International Consulting GmbH & Co. KG"},"image":{"@id":"https:\/\/ag-frisch.com\/de\/#\/schema\/logo\/image\/"},"sameAs":["https:\/\/www.facebook.com\/China.Import","https:\/\/x.com\/agenturfrisch"]}]}},"_links":{"self":[{"href":"https:\/\/ag-frisch.com\/fr\/wp-json\/wp\/v2\/pages\/10222","targetHints":{"allow":["GET"]}}],"collection":[{"href":"https:\/\/ag-frisch.com\/fr\/wp-json\/wp\/v2\/pages"}],"about":[{"href":"https:\/\/ag-frisch.com\/fr\/wp-json\/wp\/v2\/types\/page"}],"author":[{"embeddable":true,"href":"https:\/\/ag-frisch.com\/fr\/wp-json\/wp\/v2\/users\/2"}],"replies":[{"embeddable":true,"href":"https:\/\/ag-frisch.com\/fr\/wp-json\/wp\/v2\/comments?post=10222"}],"version-history":[{"count":0,"href":"https:\/\/ag-frisch.com\/fr\/wp-json\/wp\/v2\/pages\/10222\/revisions"}],"wp:attachment":[{"href":"https:\/\/ag-frisch.com\/fr\/wp-json\/wp\/v2\/media?parent=10222"}],"curies":[{"name":"wp","href":"https:\/\/api.w.org\/{rel}","templated":true}]}}