{"id":10256,"date":"2021-10-24T09:26:50","date_gmt":"2021-10-24T07:26:50","guid":{"rendered":"https:\/\/ag-frisch.com\/fret-aerien\/"},"modified":"2023-01-27T05:20:18","modified_gmt":"2023-01-27T04:20:18","slug":"fret-aerien","status":"publish","type":"page","link":"https:\/\/ag-frisch.com\/fr\/fret-aerien\/","title":{"rendered":"Fret a\u00e9rien"},"content":{"rendered":"<p>[et_pb_section fb_built=&#8221;1&#8243; _builder_version=&#8221;4.16&#8243; _module_preset=&#8221;default&#8221; global_colors_info=&#8221;{}&#8221;][et_pb_row _builder_version=&#8221;4.18.1&#8243; _module_preset=&#8221;default&#8221;][et_pb_column _builder_version=&#8221;4.18.1&#8243; _module_preset=&#8221;default&#8221; type=&#8221;4_4&#8243;][et_pb_cta title=&#8221;Fret a\u00e9rien en provenance de Chine&#8221; button_url=&#8221;https:\/\/ag-frisch.com\/fr\/contact\/&#8221; button_text=&#8221;Demander maintenant du fret a\u00e9rien depuis la Chine&#8221; _builder_version=&#8221;4.18.1&#8243; _module_preset=&#8221;default&#8221; hover_enabled=&#8221;0&#8243; global_colors_info=&#8221;{}&#8221; theme_builder_area=&#8221;post_content&#8221; sticky_enabled=&#8221;0&#8243;]<\/p>\n<p>Nous nous occupons de votre fret a\u00e9rien depuis la Chine et organisons une exp\u00e9dition rapide.  <\/p>\n<p>[\/et_pb_cta][\/et_pb_column][\/et_pb_row][et_pb_row _builder_version=&#8221;4.16&#8243; _module_preset=&#8221;default&#8221; global_colors_info=&#8221;{}&#8221;][et_pb_column type=&#8221;4_4&#8243; _builder_version=&#8221;4.16&#8243; _module_preset=&#8221;default&#8221; global_colors_info=&#8221;{}&#8221;][et_pb_image src=&#8221;https:\/\/ag-frisch.com\/wp-content\/uploads\/2021\/10\/Luftfracht-aus-china-scaled.jpeg&#8221; _builder_version=&#8221;4.16&#8243; _module_preset=&#8221;default&#8221; global_colors_info=&#8221;{}&#8221;][\/et_pb_image][et_pb_text _builder_version=&#8221;4.16&#8243; _module_preset=&#8221;default&#8221; global_colors_info=&#8221;{}&#8221;]<\/p>\n<h1>Fret a\u00e9rien en provenance de Chine<\/h1>\n<p><strong>Exp\u00e9dition rapide de Chine par voie a\u00e9rienne<\/strong><\/p>\n<p>Si vos marchandises doivent vous parvenir particuli\u00e8rement rapidement, le fret a\u00e9rien est g\u00e9n\u00e9ralement le meilleur moyen. Alors qu&#8217;il peut s&#8217;\u00e9couler quatre bonnes semaines avant que votre livraison ne vous parvienne dans le cadre d&#8217;un transport maritime normal, les marchandises exp\u00e9di\u00e9es par avion depuis la Chine atteignent g\u00e9n\u00e9ralement leur destination en Allemagne en deux ou trois semaines. Cette forme d&#8217;envoi est id\u00e9ale si vous souhaitez recevoir la livraison le plus rapidement possible pour diverses raisons. Cela peut \u00eatre le cas, par exemple, pour les produits p\u00e9rissables ou pour les r\u00e9actions du march\u00e9 \u00e0 des tendances \u00e9ph\u00e9m\u00e8res, pour les livraisons suppl\u00e9mentaires ou pour d&#8217;autres marchandises dont on a besoin en urgence.<\/p>\n<p>L&#8217;agence Frisch s&#8217;occupe \u00e9galement de tous les aspects du fret a\u00e9rien en provenance de Chine. Cela signifie que vous pouvez attendre de nous les prestations suivantes :<\/p>\n<ul>\n<li>R\u00e9cup\u00e9rer la marchandise chez le producteur et l&#8217;amener \u00e0 l&#8217;a\u00e9roport<\/li>\n<li>D\u00e9douanement et prise en charge de toutes les communications avec les autorit\u00e9s<\/li>\n<li>Livraison chez vous ou \u00e0 la destination de votre choix<\/li>\n<\/ul>\n<p>Nous accordons une priorit\u00e9 particuli\u00e8re \u00e0 vos marchandises transport\u00e9es par avion depuis la Chine, car nous savons qu&#8217;elles sont exp\u00e9di\u00e9es rapidement : Les personnes qui r\u00e9servent un fret a\u00e9rien ont besoin d&#8217;une exp\u00e9dition extra rapide depuis la Chine.<\/p>\n<p>&nbsp;<\/p>\n<p><strong>Dur\u00e9e d&#8217;exp\u00e9dition du fret a\u00e9rien depuis la Chine<\/strong><\/p>\n<p>En r\u00e8gle g\u00e9n\u00e9rale, les marchandises exp\u00e9di\u00e9es de Chine par avion arrivent chez vous dans un d\u00e9lai de deux, voire trois semaines maximum. Il faut toutefois tenir compte de l\u00e9g\u00e8res fluctuations sur lesquelles il n&#8217;est pas possible d&#8217;influer. Les conditions m\u00e9t\u00e9orologiques et le taux de remplissage sont des facteurs importants, les incidents sur la machine ou l&#8217;a\u00e9roport peuvent entra\u00eener des retards, m\u00eame s&#8217;ils sont rapidement r\u00e9solus. Enfin, des circonstances particuli\u00e8res, comme la r\u00e9cente pand\u00e9mie de Covid19, peuvent parfois avoir une influence consid\u00e9rable sur le d\u00e9lai d&#8217;exp\u00e9dition par voie a\u00e9rienne depuis la Chine.<\/p>\n<p>Cependant, en tant que service d&#8217;importation de Chine, nous faisons tout ce qui est en notre pouvoir pour que cette exp\u00e9dition rapide depuis la Chine se d\u00e9roule le plus rapidement possible. Nous effectuons les transports de mani\u00e8re professionnelle et dans les meilleurs d\u00e9lais, en faisant appel \u00e0 des collaborateurs fiables et \u00e0 des entreprises sp\u00e9cialis\u00e9es. Nous veillons \u00e0 ce que les documents que nous fournissons pour la douane et le chargement soient impeccablement pr\u00e9par\u00e9s, complets, exacts et pr\u00e9par\u00e9s dans les d\u00e9lais. Enfin, nous savons quelles sont les entreprises de logistique les mieux adapt\u00e9es \u00e0 chaque mission, ce qui nous permet de confier votre fret a\u00e9rien en provenance de Chine aux bonnes mains, c&#8217;est-\u00e0-dire les plus rapides.<\/p>\n<p>&nbsp;<\/p>\n<p><strong>Poids r\u00e9el, poids volum\u00e9trique et poids soumis au fret<\/strong><\/p>\n<p>Si vous d\u00e9cidez d&#8217;acheminer vos marchandises par voie a\u00e9rienne de la Chine vers l&#8217;Allemagne, les co\u00fbts seront plus \u00e9lev\u00e9s que par voie terrestre ou maritime. Les co\u00fbts sont calcul\u00e9s soit en fonction du poids, soit en fonction du volume ou du poids volum\u00e9trique.<\/p>\n<p>Le poids volum\u00e9trique est obtenu \u00e0 partir de la formule suivante :<\/p>\n<p><em>nombre de paquets x (hauteur x largeur x longueur des paquets) \/ 5000 = poids volum\u00e9trique<\/em><\/p>\n<p>Si le poids volum\u00e9trique est plus \u00e9lev\u00e9 que le poids r\u00e9el &#8211; c&#8217;est-\u00e0-dire le poids que votre marchandise a r\u00e9ellement &#8211; le poids volum\u00e9trique sera utilis\u00e9 pour le calcul des frais de port. C&#8217;est donc toujours la valeur la plus \u00e9lev\u00e9e qui d\u00e9termine le co\u00fbt du fret a\u00e9rien en provenance de Chine. La raison en est l&#8217;espace limit\u00e9 dans l&#8217;avion : celui qui envoie cinq tonnes de plumes remplit davantage la soute que celui qui envoie une demi-tonne de livres ; il n&#8217;est donc pas possible d&#8217;utiliser le seul poids pour les frais d&#8217;envoi.<\/p>\n<p>&nbsp;<\/p>\n<p><strong>Savoir-faire pour un envoi optimal<\/strong><\/p>\n<p>Toutes ces subtilit\u00e9s et l&#8217;ensemble du savoir-faire relatif \u00e0 votre exp\u00e9dition rapide depuis la Chine font partie pour nous, \u00e0 l&#8217;agence Frisch, du b.a.-ba de l&#8217;importation de Chine. Nous connaissons les conditions g\u00e9n\u00e9rales et les particularit\u00e9s et pouvons \u00e9galement vous conseiller de mani\u00e8re optimale sur le th\u00e8me du fret a\u00e9rien en provenance de Chine.<\/p>\n<p>&nbsp;<\/p>\n<p>[\/et_pb_text][et_pb_image src=&#8221;https:\/\/ag-frisch.com\/wp-content\/uploads\/2021\/10\/Luftfracht-scaled.jpeg&#8221; title_text=&#8221;loading cargo&#8221; _builder_version=&#8221;4.16&#8243; _module_preset=&#8221;default&#8221; global_colors_info=&#8221;{}&#8221;][\/et_pb_image][\/et_pb_column][\/et_pb_row][\/et_pb_section][et_pb_section fb_built=&#8221;1&#8243; admin_label=&#8221;Testimonials&#8221; _builder_version=&#8221;4.16&#8243; use_background_color_gradient=&#8221;on&#8221; background_color_gradient_stops=&#8221;rgba(0,106,156,0.85) 0%|rgba(0,106,156,0.85) 100%&#8221; background_color_gradient_start=&#8221;rgba(0,106,156,0.85)&#8221; background_color_gradient_end=&#8221;rgba(0,106,156,0.85)&#8221; custom_padding=&#8221;90px||60px|&#8221; animation_style=&#8221;fold&#8221; animation_direction=&#8221;bottom&#8221; animation_intensity_fold=&#8221;4%&#8221; global_colors_info=&#8221;{}&#8221; theme_builder_area=&#8221;post_content&#8221;][et_pb_row _builder_version=&#8221;4.16&#8243; background_size=&#8221;initial&#8221; background_position=&#8221;top_left&#8221; background_repeat=&#8221;repeat&#8221; custom_width_px=&#8221;710px&#8221; locked=&#8221;off&#8221; global_colors_info=&#8221;{}&#8221; theme_builder_area=&#8221;post_content&#8221;][et_pb_column type=&#8221;4_4&#8243; _builder_version=&#8221;4.16&#8243; background_position=&#8221;top_left&#8221; custom_padding=&#8221;|||&#8221; global_colors_info=&#8221;{}&#8221; custom_padding__hover=&#8221;|||&#8221; theme_builder_area=&#8221;post_content&#8221;][et_pb_text admin_label=&#8221;Testimonials Section Title&#8221; _builder_version=&#8221;4.16&#8243; header_font=&#8221;Montserrat||||&#8221; header_font_size=&#8221;36px&#8221; background_size=&#8221;initial&#8221; background_position=&#8221;top_left&#8221; background_repeat=&#8221;repeat&#8221; text_orientation=&#8221;center&#8221; background_layout=&#8221;dark&#8221; max_width=&#8221;710px&#8221; module_alignment=&#8221;center&#8221; animation_style=&#8221;fold&#8221; animation_direction=&#8221;bottom&#8221; animation_intensity_fold=&#8221;20%&#8221; global_colors_info=&#8221;{}&#8221; theme_builder_area=&#8221;post_content&#8221;]<\/p>\n<h1>Plus de 5000 clients satisfaits.<\/h1>\n<p>&nbsp;<\/p>\n<p>[\/et_pb_text][et_pb_divider color=&#8221;#ffffff&#8221; divider_weight=&#8221;3px&#8221; disabled_on=&#8221;off|off|off&#8221; _builder_version=&#8221;4.16&#8243; background_color_gradient_direction=&#8221;90deg&#8221; max_width=&#8221;100px&#8221; module_alignment=&#8221;center&#8221; height=&#8221;5px&#8221; custom_margin=&#8221;||20px|&#8221; custom_padding=&#8221;||20px|&#8221; animation_style=&#8221;slide&#8221; animation_direction=&#8221;bottom&#8221; saved_tabs=&#8221;all&#8221; locked=&#8221;off&#8221; global_colors_info=&#8221;{}&#8221; theme_builder_area=&#8221;post_content&#8221;][\/et_pb_divider][\/et_pb_column][\/et_pb_row][et_pb_row column_structure=&#8221;1_2,1_2&#8243; _builder_version=&#8221;4.18.1&#8243; _module_preset=&#8221;default&#8221; global_colors_info=&#8221;{}&#8221; theme_builder_area=&#8221;post_content&#8221;][et_pb_column type=&#8221;1_2&#8243; _builder_version=&#8221;4.18.1&#8243; _module_preset=&#8221;default&#8221; global_colors_info=&#8221;{}&#8221; theme_builder_area=&#8221;post_content&#8221;][et_pb_testimonial author=&#8221;Marco&#8221; portrait_url=&#8221;https:\/\/ag-frisch.com\/wp-content\/uploads\/2021\/08\/Harald.png&#8221; quote_icon=&#8221;off&#8221; _builder_version=&#8221;4.18.1&#8243; _module_preset=&#8221;default&#8221; body_font_size=&#8221;16px&#8221; use_background_color=&#8221;off&#8221; background_layout=&#8221;dark&#8221; global_colors_info=&#8221;{}&#8221; theme_builder_area=&#8221;post_content&#8221;]J&#8217;ai demand\u00e9 \u00e0 l&#8217;agence Frisch de faire produire un meuble de grande taille en Chine et de le transf\u00e9rer ensuite en Allemagne. La communication par e-mail a \u00e9t\u00e9 fluide tout au long du processus ! Des r\u00e9ponses tr\u00e8s rapides et fiables m&#8217;ont apport\u00e9 en permanence les garanties indispensables \u00e0 une telle entreprise. J&#8217;ai toujours \u00e9t\u00e9 aid\u00e9 dans la jungle bureaucratique et aucun formulaire n&#8217;a \u00e9t\u00e9 oubli\u00e9 ou mal rempli. Tr\u00e8s louable !<a href=\"&lt;div%20class=%22pe-richsnippets%22&gt;&nbsp;&lt;\/div&gt;%20&lt;script%20type=%22text\/javascript%22%20src=%22https:\/\/www.provenexpert.com\/widget\/richsnippet.js?u=1NUA0VwZ4RUZ5tmAi5zA4RaplNKAlWwZ&amp;v=2%22%20async&gt;&lt;\/script&gt;%20&lt;div%20style=%22text-align:%20justify;%22&gt;&lt;br%20\/&gt;\"><\/a><\/p>\n<div class=\"brow ratingBarMargin\">\n<div class=\"ratingBar\">\n<div class=\"brow\">\n<div class=\"pe-richsnippets\">&nbsp;<\/div>\n<p><script type=\"text\/javascript\" src=\"https:\/\/www.provenexpert.com\/widget\/richsnippet.js?u=1NUA0VwZ4RUZ5tmAi5zA4RaplNKAlWwZ&amp;v=2\" async=\"\"><\/script><\/p>\n<div style=\"text-align: justify;\"><\/p>\n<div class=\"col-lg-9 col-md-8 col-xs-10 mt20 mb20\">\n<div class=\"col-xs-12 surveyNameForRating\"><\/div>\n<\/div>\n<\/div>\n<\/div>\n<\/div>\n<\/div>\n<p>[\/et_pb_testimonial][\/et_pb_column][et_pb_column type=&#8221;1_2&#8243; _builder_version=&#8221;4.18.1&#8243; _module_preset=&#8221;default&#8221; global_colors_info=&#8221;{}&#8221; theme_builder_area=&#8221;post_content&#8221;][et_pb_testimonial author=&#8221;Simone L.&#8221; portrait_url=&#8221;https:\/\/ag-frisch.com\/wp-content\/uploads\/2021\/08\/Harald.png&#8221; quote_icon=&#8221;off&#8221; _builder_version=&#8221;4.18.1&#8243; _module_preset=&#8221;default&#8221; body_font_size=&#8221;16px&#8221; use_background_color=&#8221;off&#8221; background_layout=&#8221;dark&#8221; global_colors_info=&#8221;{}&#8221; theme_builder_area=&#8221;post_content&#8221;]<\/p>\n<p>Tout est au top. On ne peut pas faire mieux. On ne peut pas faire mieux en mati\u00e8re de conseil et de r\u00e9alisation. Apr\u00e8s avoir pass\u00e9 plusieurs commandes aupr\u00e8s de cette entreprise, nous sommes plus que satisfaits et poursuivons notre collaboration.<\/p>\n<div class=\"brow ratingBarMargin\">\n<div class=\"ratingBar\">\n<div class=\"brow\">\n<div class=\"pe-richsnippets\"> <\/div>\n<p>\n<script type=\"text\/javascript\" src=\"https:\/\/www.provenexpert.com\/widget\/richsnippet.js?u=1NUA0VwZ4RUZ5tmAi5zA4RaplNKAlWwZ&amp;v=2\" async=\"\"><\/script>\n<\/p>\n<div style=\"text-align: justify;\">\n<p>&nbsp;<\/p>\n<div class=\"col-lg-9 col-md-8 col-xs-10 mt20 mb20\">\n<div class=\"col-xs-12 surveyNameForRating\"><\/div>\n<\/div>\n<\/div>\n<\/div>\n<\/div>\n<\/div>\n<p>[\/et_pb_testimonial][\/et_pb_column][\/et_pb_row][et_pb_row _builder_version=&#8221;4.16&#8243; background_size=&#8221;initial&#8221; background_position=&#8221;top_left&#8221; background_repeat=&#8221;repeat&#8221; custom_padding=&#8221;50px|0px|30px|0px&#8221; custom_css_main_element=&#8221;text-align: center;&#8221; global_colors_info=&#8221;{}&#8221; theme_builder_area=&#8221;post_content&#8221;][et_pb_column type=&#8221;4_4&#8243; _builder_version=&#8221;4.16&#8243; custom_padding=&#8221;|||&#8221; global_colors_info=&#8221;{}&#8221; custom_padding__hover=&#8221;|||&#8221; theme_builder_area=&#8221;post_content&#8221;][et_pb_button button_url=&#8221;https:\/\/www.provenexpert.com\/de-de\/agentur-frisch-international-consulting-gmbh-und-co-kg\/&#8221; button_text=&#8221;PLUS D&#039;AVIS&#8221; button_alignment=&#8221;left&#8221; admin_label=&#8221;Testimonial Button&#8221; _builder_version=&#8221;4.16&#8243; custom_button=&#8221;on&#8221; button_text_size=&#8221;18px&#8221; button_text_color=&#8221;#ffffff&#8221; button_bg_color=&#8221;#6eba01&#8243; button_border_width=&#8221;2px&#8221; button_border_color=&#8221;#6eba01&#8243; button_border_radius=&#8221;0px&#8221; button_letter_spacing=&#8221;2px&#8221; button_font=&#8221;Montserrat|||on|&#8221; button_use_icon=&#8221;off&#8221; animation_style=&#8221;fold&#8221; animation_direction=&#8221;bottom&#8221; button_text_color_hover=&#8221;#ffffff&#8221; button_border_color_hover=&#8221;#ffffff&#8221; button_border_radius_hover=&#8221;0px&#8221; button_letter_spacing_hover=&#8221;2px&#8221; button_bg_color_hover=&#8221;rgba(255,255,255,0)&#8221; locked=&#8221;off&#8221; global_colors_info=&#8221;{}&#8221; button_text_size__hover_enabled=&#8221;off&#8221; button_one_text_size__hover_enabled=&#8221;off&#8221; button_two_text_size__hover_enabled=&#8221;off&#8221; button_text_color__hover_enabled=&#8221;on&#8221; button_text_color__hover=&#8221;#ffffff&#8221; button_one_text_color__hover_enabled=&#8221;off&#8221; button_two_text_color__hover_enabled=&#8221;off&#8221; button_border_width__hover_enabled=&#8221;off&#8221; button_one_border_width__hover_enabled=&#8221;off&#8221; button_two_border_width__hover_enabled=&#8221;off&#8221; button_border_color__hover_enabled=&#8221;on&#8221; button_border_color__hover=&#8221;#ffffff&#8221; button_one_border_color__hover_enabled=&#8221;off&#8221; button_two_border_color__hover_enabled=&#8221;off&#8221; button_border_radius__hover_enabled=&#8221;on&#8221; button_border_radius__hover=&#8221;0px&#8221; button_one_border_radius__hover_enabled=&#8221;off&#8221; button_two_border_radius__hover_enabled=&#8221;off&#8221; button_letter_spacing__hover_enabled=&#8221;on&#8221; button_letter_spacing__hover=&#8221;2px&#8221; button_one_letter_spacing__hover_enabled=&#8221;off&#8221; button_two_letter_spacing__hover_enabled=&#8221;off&#8221; button_bg_color__hover_enabled=&#8221;on&#8221; button_bg_color__hover=&#8221;rgba(255,255,255,0)&#8221; button_one_bg_color__hover_enabled=&#8221;off&#8221; button_two_bg_color__hover_enabled=&#8221;off&#8221; theme_builder_area=&#8221;post_content&#8221;][\/et_pb_button][\/et_pb_column][\/et_pb_row][\/et_pb_section][et_pb_section fb_built=&#8221;1&#8243; _builder_version=&#8221;4.16&#8243; _module_preset=&#8221;default&#8221; global_colors_info=&#8221;{}&#8221;][\/et_pb_section]<\/p>\n","protected":false},"excerpt":{"rendered":"<p>Nous nous occupons de votre fret a\u00e9rien depuis la Chine et organisons une exp\u00e9dition rapide. Fret a\u00e9rien en provenance de Chine Exp\u00e9dition rapide de Chine par voie a\u00e9rienne Si vos marchandises doivent vous parvenir particuli\u00e8rement rapidement, le fret a\u00e9rien est g\u00e9n\u00e9ralement le meilleur moyen. Alors qu&#8217;il peut s&#8217;\u00e9couler quatre bonnes semaines avant que votre livraison [&hellip;]<\/p>\n","protected":false},"author":2,"featured_media":0,"parent":0,"menu_order":0,"comment_status":"closed","ping_status":"closed","template":"","meta":{"_et_pb_use_builder":"on","_et_pb_old_content":"","_et_gb_content_width":"","footnotes":""},"class_list":["post-10256","page","type-page","status-publish","hentry"],"yoast_head":"<!-- This site is optimized with the Yoast SEO plugin v27.4 - https:\/\/yoast.com\/product\/yoast-seo-wordpress\/ -->\n<title>Fret a\u00e9rien de Chine | Importer des marchandises par voie a\u00e9rienne<\/title>\n<meta name=\"description\" content=\"Fret a\u00e9rien de Chine \u25ba Importer vos marchandises de Chine par voie a\u00e9rienne \u25ba Service complet autour du fret a\u00e9rien de Chine \u25ba Conseill\u00e9 maintenant par des professionnels !\" \/>\n<meta name=\"robots\" content=\"index, follow, max-snippet:-1, max-image-preview:large, max-video-preview:-1\" \/>\n<link rel=\"canonical\" href=\"https:\/\/ag-frisch.com\/fr\/fret-aerien\/\" \/>\n<meta property=\"og:locale\" content=\"fr_FR\" \/>\n<meta property=\"og:type\" content=\"article\" \/>\n<meta property=\"og:title\" content=\"Fret a\u00e9rien de Chine | Importer des marchandises par voie a\u00e9rienne\" \/>\n<meta property=\"og:description\" content=\"Fret a\u00e9rien de Chine \u25ba Importer vos marchandises de Chine par voie a\u00e9rienne \u25ba Service complet autour du fret a\u00e9rien de Chine \u25ba Conseill\u00e9 maintenant par des professionnels !\" \/>\n<meta property=\"og:url\" content=\"https:\/\/ag-frisch.com\/fr\/fret-aerien\/\" \/>\n<meta property=\"og:site_name\" content=\"China Import Beratung f\u00fcr den Einkauf aus China\" \/>\n<meta property=\"article:publisher\" content=\"https:\/\/www.facebook.com\/China.Import\" \/>\n<meta property=\"article:modified_time\" content=\"2023-01-27T04:20:18+00:00\" \/>\n<meta name=\"twitter:card\" content=\"summary_large_image\" \/>\n<meta name=\"twitter:site\" content=\"@agenturfrisch\" \/>\n<meta name=\"twitter:label1\" content=\"Dur\u00e9e de lecture estim\u00e9e\" \/>\n\t<meta name=\"twitter:data1\" content=\"9 minutes\" \/>\n<script type=\"application\/ld+json\" class=\"yoast-schema-graph\">{\"@context\":\"https:\\\/\\\/schema.org\",\"@graph\":[{\"@type\":\"WebPage\",\"@id\":\"https:\\\/\\\/ag-frisch.com\\\/fr\\\/fret-aerien\\\/\",\"url\":\"https:\\\/\\\/ag-frisch.com\\\/fr\\\/fret-aerien\\\/\",\"name\":\"Fret a\u00e9rien de Chine | Importer des marchandises par voie a\u00e9rienne\",\"isPartOf\":{\"@id\":\"https:\\\/\\\/ag-frisch.com\\\/de\\\/#website\"},\"datePublished\":\"2021-10-24T07:26:50+00:00\",\"dateModified\":\"2023-01-27T04:20:18+00:00\",\"description\":\"Fret a\u00e9rien de Chine \u25ba Importer vos marchandises de Chine par voie a\u00e9rienne \u25ba Service complet autour du fret a\u00e9rien de Chine \u25ba Conseill\u00e9 maintenant par des professionnels !\",\"breadcrumb\":{\"@id\":\"https:\\\/\\\/ag-frisch.com\\\/fr\\\/fret-aerien\\\/#breadcrumb\"},\"inLanguage\":\"fr-FR\",\"potentialAction\":[{\"@type\":\"ReadAction\",\"target\":[\"https:\\\/\\\/ag-frisch.com\\\/fr\\\/fret-aerien\\\/\"]}]},{\"@type\":\"BreadcrumbList\",\"@id\":\"https:\\\/\\\/ag-frisch.com\\\/fr\\\/fret-aerien\\\/#breadcrumb\",\"itemListElement\":[{\"@type\":\"ListItem\",\"position\":1,\"name\":\"Startseite\",\"item\":\"https:\\\/\\\/ag-frisch.com\\\/de\\\/\"},{\"@type\":\"ListItem\",\"position\":2,\"name\":\"Fret a\u00e9rien\"}]},{\"@type\":\"WebSite\",\"@id\":\"https:\\\/\\\/ag-frisch.com\\\/de\\\/#website\",\"url\":\"https:\\\/\\\/ag-frisch.com\\\/de\\\/\",\"name\":\"China Import Beratung f\u00fcr den Einkauf aus China\",\"description\":\"China Import &amp; Export Beratung - Der Dienstleister Ihres Vertrauens f\u00fcr Ihren China Import\",\"publisher\":{\"@id\":\"https:\\\/\\\/ag-frisch.com\\\/de\\\/#organization\"},\"potentialAction\":[{\"@type\":\"SearchAction\",\"target\":{\"@type\":\"EntryPoint\",\"urlTemplate\":\"https:\\\/\\\/ag-frisch.com\\\/de\\\/?s={search_term_string}\"},\"query-input\":{\"@type\":\"PropertyValueSpecification\",\"valueRequired\":true,\"valueName\":\"search_term_string\"}}],\"inLanguage\":\"fr-FR\"},{\"@type\":\"Organization\",\"@id\":\"https:\\\/\\\/ag-frisch.com\\\/de\\\/#organization\",\"name\":\"Agentur Frisch International Consulting GmbH & Co. KG\",\"url\":\"https:\\\/\\\/ag-frisch.com\\\/de\\\/\",\"logo\":{\"@type\":\"ImageObject\",\"inLanguage\":\"fr-FR\",\"@id\":\"https:\\\/\\\/ag-frisch.com\\\/de\\\/#\\\/schema\\\/logo\\\/image\\\/\",\"url\":\"https:\\\/\\\/ag-frisch.com\\\/wp-content\\\/uploads\\\/2021\\\/08\\\/ag_logo_rgb_300_small.png\",\"contentUrl\":\"https:\\\/\\\/ag-frisch.com\\\/wp-content\\\/uploads\\\/2021\\\/08\\\/ag_logo_rgb_300_small.png\",\"width\":153,\"height\":102,\"caption\":\"Agentur Frisch International Consulting GmbH & Co. KG\"},\"image\":{\"@id\":\"https:\\\/\\\/ag-frisch.com\\\/de\\\/#\\\/schema\\\/logo\\\/image\\\/\"},\"sameAs\":[\"https:\\\/\\\/www.facebook.com\\\/China.Import\",\"https:\\\/\\\/x.com\\\/agenturfrisch\"]}]}<\/script>\n<!-- \/ Yoast SEO plugin. -->","yoast_head_json":{"title":"Fret a\u00e9rien de Chine | Importer des marchandises par voie a\u00e9rienne","description":"Fret a\u00e9rien de Chine \u25ba Importer vos marchandises de Chine par voie a\u00e9rienne \u25ba Service complet autour du fret a\u00e9rien de Chine \u25ba Conseill\u00e9 maintenant par des professionnels !","robots":{"index":"index","follow":"follow","max-snippet":"max-snippet:-1","max-image-preview":"max-image-preview:large","max-video-preview":"max-video-preview:-1"},"canonical":"https:\/\/ag-frisch.com\/fr\/fret-aerien\/","og_locale":"fr_FR","og_type":"article","og_title":"Fret a\u00e9rien de Chine | Importer des marchandises par voie a\u00e9rienne","og_description":"Fret a\u00e9rien de Chine \u25ba Importer vos marchandises de Chine par voie a\u00e9rienne \u25ba Service complet autour du fret a\u00e9rien de Chine \u25ba Conseill\u00e9 maintenant par des professionnels !","og_url":"https:\/\/ag-frisch.com\/fr\/fret-aerien\/","og_site_name":"China Import Beratung f\u00fcr den Einkauf aus China","article_publisher":"https:\/\/www.facebook.com\/China.Import","article_modified_time":"2023-01-27T04:20:18+00:00","twitter_card":"summary_large_image","twitter_site":"@agenturfrisch","twitter_misc":{"Dur\u00e9e de lecture estim\u00e9e":"9 minutes"},"schema":{"@context":"https:\/\/schema.org","@graph":[{"@type":"WebPage","@id":"https:\/\/ag-frisch.com\/fr\/fret-aerien\/","url":"https:\/\/ag-frisch.com\/fr\/fret-aerien\/","name":"Fret a\u00e9rien de Chine | Importer des marchandises par voie a\u00e9rienne","isPartOf":{"@id":"https:\/\/ag-frisch.com\/de\/#website"},"datePublished":"2021-10-24T07:26:50+00:00","dateModified":"2023-01-27T04:20:18+00:00","description":"Fret a\u00e9rien de Chine \u25ba Importer vos marchandises de Chine par voie a\u00e9rienne \u25ba Service complet autour du fret a\u00e9rien de Chine \u25ba Conseill\u00e9 maintenant par des professionnels !","breadcrumb":{"@id":"https:\/\/ag-frisch.com\/fr\/fret-aerien\/#breadcrumb"},"inLanguage":"fr-FR","potentialAction":[{"@type":"ReadAction","target":["https:\/\/ag-frisch.com\/fr\/fret-aerien\/"]}]},{"@type":"BreadcrumbList","@id":"https:\/\/ag-frisch.com\/fr\/fret-aerien\/#breadcrumb","itemListElement":[{"@type":"ListItem","position":1,"name":"Startseite","item":"https:\/\/ag-frisch.com\/de\/"},{"@type":"ListItem","position":2,"name":"Fret a\u00e9rien"}]},{"@type":"WebSite","@id":"https:\/\/ag-frisch.com\/de\/#website","url":"https:\/\/ag-frisch.com\/de\/","name":"China Import Beratung f\u00fcr den Einkauf aus China","description":"China Import &amp; Export Beratung - Der Dienstleister Ihres Vertrauens f\u00fcr Ihren China Import","publisher":{"@id":"https:\/\/ag-frisch.com\/de\/#organization"},"potentialAction":[{"@type":"SearchAction","target":{"@type":"EntryPoint","urlTemplate":"https:\/\/ag-frisch.com\/de\/?s={search_term_string}"},"query-input":{"@type":"PropertyValueSpecification","valueRequired":true,"valueName":"search_term_string"}}],"inLanguage":"fr-FR"},{"@type":"Organization","@id":"https:\/\/ag-frisch.com\/de\/#organization","name":"Agentur Frisch International Consulting GmbH & Co. KG","url":"https:\/\/ag-frisch.com\/de\/","logo":{"@type":"ImageObject","inLanguage":"fr-FR","@id":"https:\/\/ag-frisch.com\/de\/#\/schema\/logo\/image\/","url":"https:\/\/ag-frisch.com\/wp-content\/uploads\/2021\/08\/ag_logo_rgb_300_small.png","contentUrl":"https:\/\/ag-frisch.com\/wp-content\/uploads\/2021\/08\/ag_logo_rgb_300_small.png","width":153,"height":102,"caption":"Agentur Frisch International Consulting GmbH & Co. KG"},"image":{"@id":"https:\/\/ag-frisch.com\/de\/#\/schema\/logo\/image\/"},"sameAs":["https:\/\/www.facebook.com\/China.Import","https:\/\/x.com\/agenturfrisch"]}]}},"_links":{"self":[{"href":"https:\/\/ag-frisch.com\/fr\/wp-json\/wp\/v2\/pages\/10256","targetHints":{"allow":["GET"]}}],"collection":[{"href":"https:\/\/ag-frisch.com\/fr\/wp-json\/wp\/v2\/pages"}],"about":[{"href":"https:\/\/ag-frisch.com\/fr\/wp-json\/wp\/v2\/types\/page"}],"author":[{"embeddable":true,"href":"https:\/\/ag-frisch.com\/fr\/wp-json\/wp\/v2\/users\/2"}],"replies":[{"embeddable":true,"href":"https:\/\/ag-frisch.com\/fr\/wp-json\/wp\/v2\/comments?post=10256"}],"version-history":[{"count":0,"href":"https:\/\/ag-frisch.com\/fr\/wp-json\/wp\/v2\/pages\/10256\/revisions"}],"wp:attachment":[{"href":"https:\/\/ag-frisch.com\/fr\/wp-json\/wp\/v2\/media?parent=10256"}],"curies":[{"name":"wp","href":"https:\/\/api.w.org\/{rel}","templated":true}]}}