{"id":10278,"date":"2021-10-25T07:11:20","date_gmt":"2021-10-25T05:11:20","guid":{"rendered":"https:\/\/ag-frisch.com\/controle-du-chargement\/"},"modified":"2023-01-27T05:20:20","modified_gmt":"2023-01-27T04:20:20","slug":"controle-du-chargement","status":"publish","type":"page","link":"https:\/\/ag-frisch.com\/fr\/controle-du-chargement\/","title":{"rendered":"Contr\u00f4le du chargement"},"content":{"rendered":"<p>[et_pb_section fb_built=&#8221;1&#8243; _builder_version=&#8221;4.16&#8243; global_colors_info=&#8221;{}&#8221;][et_pb_row _builder_version=&#8221;4.16&#8243; background_size=&#8221;initial&#8221; background_position=&#8221;top_left&#8221; background_repeat=&#8221;repeat&#8221; global_colors_info=&#8221;{}&#8221;][et_pb_column type=&#8221;4_4&#8243; _builder_version=&#8221;4.16&#8243; custom_padding=&#8221;|||&#8221; global_colors_info=&#8221;{}&#8221; custom_padding__hover=&#8221;|||&#8221;][et_pb_cta title=&#8221;Faire contr\u00f4ler le chargement de vos marchandises en Chine&#8221; button_url=&#8221;https:\/\/ag-frisch.com\/fr\/contact\/&#8221; button_text=&#8221;R\u00e9server maintenant un contr\u00f4le de chargement en Chine&#8221; _builder_version=&#8221;4.18.1&#8243; _module_preset=&#8221;default&#8221; hover_enabled=&#8221;0&#8243; global_colors_info=&#8221;{}&#8221; theme_builder_area=&#8221;post_content&#8221; sticky_enabled=&#8221;0&#8243;]<\/p>\n<p>En surveillant le chargement en Chine, vous \u00e9vitez les erreurs de chargement ou les mauvaises surprises si les mauvaises marchandises ont \u00e9t\u00e9 charg\u00e9es.  <\/p>\n<p>[\/et_pb_cta][et_pb_text _builder_version=&#8221;4.16&#8243; background_size=&#8221;initial&#8221; background_position=&#8221;top_left&#8221; background_repeat=&#8221;repeat&#8221; global_colors_info=&#8221;{}&#8221;]<\/p>\n<h1>Contr\u00f4le du chargement en Chine<\/h1>\n<p>le contr\u00f4le du chargement est g\u00e9n\u00e9ralement effectu\u00e9 le jour du chargement. Le chargement de la marchandise est contr\u00f4l\u00e9, notamment pour v\u00e9rifier si la bonne marchandise est charg\u00e9e sous la forme prescrite (le cas \u00e9ch\u00e9ant, vous avez vos propres instructions sur la mani\u00e8re dont la marchandise doit \u00eatre emball\u00e9e, par exemple sur des palettes) et surtout si la s\u00e9curit\u00e9 du chargement est correcte (si, par exemple, une machine doit \u00eatre fix\u00e9e dans le conteneur de telle mani\u00e8re \u00e0 \u00e9viter les dommages pendant le transport). Lors du contr\u00f4le du chargement, on v\u00e9rifie \u00e9galement la quantit\u00e9 de produits qui seront charg\u00e9s au total. Cela permet d&#8217;\u00e9viter les manques litigieux. Si cela n&#8217;a pas encore pu \u00eatre v\u00e9rifi\u00e9 lors de l&#8217;inspection des marchandises, la qualit\u00e9 de l&#8217;emballage (par ex. cartons, caisses, tonneaux, palettes) est \u00e9galement contr\u00f4l\u00e9e visuellement lors du chargement.<\/p>\n<p>L&#8217;importation depuis la Chine est extr\u00eamement lucrative et offre des marges b\u00e9n\u00e9ficiaires consid\u00e9rables. Mais il y a aussi des pi\u00e8ges qu&#8217;il faut conna\u00eetre et respecter pour tirer le maximum de l&#8217;affaire et \u00e9viter les ennuis d\u00e8s le d\u00e9part. Le contr\u00f4le du chargement sur place en Chine en fait partie de mani\u00e8re incontournable. Cela permet d&#8217;\u00e9viter des erreurs inutiles d\u00e8s le chargement des marchandises en Chine. Nos services dans le cadre du contr\u00f4le de votre chargement de conteneurs en Chine comprennent<\/p>\n<ul>\n<li>forme convenue du chargement<\/li>\n<li>Respect de directives sp\u00e9cifiques<\/li>\n<li>Contr\u00f4le de la s\u00e9curit\u00e9 du chargement<\/li>\n<li>Contr\u00f4le de la quantit\u00e9 de marchandises<\/li>\n<li>Contr\u00f4le de la qualit\u00e9 des emballages<\/li>\n<li>Inspection du conteneur de fret maritime<\/li>\n<\/ul>\n<p>&nbsp;<\/p>\n<p><strong>Chargement de la marchandise en Chine en bonne et due forme<\/strong><\/p>\n<p>Selon le type de produit, vous avez des exigences sp\u00e9cifiques en mati\u00e8re de chargement de la marchandise. Il se peut que certaines formes d&#8217;emballage aient un sens particulier pour votre logistique ult\u00e9rieure, de sorte qu&#8217;il faut y pr\u00eater attention en amont. Certains commer\u00e7ants ont besoin d&#8217;une disposition sp\u00e9ciale des marchandises ou ont des directives sur la mani\u00e8re dont les marchandises doivent \u00eatre palettis\u00e9es lors de leur chargement en Chine. En tant que votre partenaire d&#8217;importation, l&#8217;agence Frisch s&#8217;occupe, avec des collaborateurs sur place, du chargement sans probl\u00e8me et conform\u00e9ment aux accords de votre marchandise en Chine. Pour ce faire, nous faisons exclusivement appel \u00e0 des collaborateurs fiables et exp\u00e9riment\u00e9s.<\/p>\n<p>Si vous avez des souhaits individuels concernant le chargement de vos marchandises en Chine, parlez-en avec nous le plus t\u00f4t possible. Presque toutes les particularit\u00e9s peuvent \u00eatre prises en compte et s\u00e9curis\u00e9es dans le cadre d&#8217;un contr\u00f4le de chargement en Chine.<\/p>\n<p>&nbsp;<\/p>\n<p><strong>Contr\u00f4le de la s\u00e9curit\u00e9 du chargement &#8211; Contr\u00f4le du chargement des conteneurs en Chine<\/strong><\/p>\n<p>Toute n\u00e9gligence dans l&#8217;arrimage du chargement peut entra\u00eener des probl\u00e8mes consid\u00e9rables. Elles ne peuvent pas \u00eatre totalement exclues, m\u00eame chez les emballeurs exp\u00e9riment\u00e9s et dignes de confiance. C&#8217;est pourquoi nous effectuons un contr\u00f4le suppl\u00e9mentaire du chargement des conteneurs en Chine avec du personnel sp\u00e9cialis\u00e9 et form\u00e9. De cette mani\u00e8re, nous pouvons \u00e9viter d&#8217;endommager vos marchandises et de prendre des risques suppl\u00e9mentaires. Cela s&#8217;applique non seulement, mais surtout, aux cargaisons plus importantes et plus vuln\u00e9rables, telles que<\/p>\n<ul>\n<li>Grandes machines<\/li>\n<li>Biens fragiles<\/li>\n<li>Marchandises dangereuses<\/li>\n<\/ul>\n<p>Mais en principe, chaque livraison est soumise par nous \u00e0 un contr\u00f4le minutieux et consciencieux lors du chargement du conteneur en Chine.<\/p>\n<p>&nbsp;<\/p>\n<p><strong>V\u00e9rification de la quantit\u00e9 de marchandises<\/strong><\/p>\n<p>Lors du contr\u00f4le du chargement en Chine, nous v\u00e9rifions \u00e9galement la quantit\u00e9 de produits qui seront charg\u00e9s au total. Les manques litigieux peuvent ainsi \u00eatre exclus &#8211; parmi les points litigieux, c&#8217;est sinon un cas fr\u00e9quent. Avec l&#8217;agence Frisch, vous \u00e9vitez ces d\u00e9sagr\u00e9ments inutiles et chronophages.<\/p>\n<p>&nbsp;<\/p>\n<p><strong>V\u00e9rification de la qualit\u00e9 des emballages lors du contr\u00f4le du chargement en Chine<\/strong><\/p>\n<p>Dans le cadre du chargement de votre marchandise en Chine, nous pouvons \u00e9galement v\u00e9rifier la qualit\u00e9 de l&#8217;emballage, si cela n&#8217;a pas d\u00e9j\u00e0 \u00e9t\u00e9 fait. Les cartons, les caisses, les tonneaux ou les palettes sont contr\u00f4l\u00e9s pour s&#8217;assurer qu&#8217;ils ne sont pas nocifs et qu&#8217;ils sont adapt\u00e9s. Il s&#8217;agit d&#8217;un examen visuel approfondi.<\/p>\n<p>&nbsp;<\/p>\n<p><strong>Contr\u00f4le du conteneur de fret maritime<\/strong><\/p>\n<p>Si votre marchandise est exp\u00e9di\u00e9e par conteneur maritime, nous v\u00e9rifions que celui-ci est propre et exempt de dommages ou autres d\u00e9fauts avant de charger votre marchandise en Chine. C&#8217;est important pour que la valeur de vos marchandises ne soit pas diminu\u00e9e par un conteneur endommag\u00e9, sale ou contamin\u00e9. Apr\u00e8s le chargement de vos marchandises en Chine, nous v\u00e9rifions que le conteneur est correctement scell\u00e9. Seul un sceau non bris\u00e9 permet de s&#8217;assurer que votre marchandise est intacte. Afin de nous assurer que personne n&#8217;a manipul\u00e9 votre conteneur ou alt\u00e9r\u00e9 le sceau, nous vous envoyons des photos du sceau original. Vous pouvez ainsi v\u00e9rifier qu&#8217;il s&#8217;agit bien du m\u00eame sceau \u00e0 l&#8217;arriv\u00e9e de votre livraison de Chine.[\/et_pb_text][\/et_pb_column][\/et_pb_row][\/et_pb_section][et_pb_section fb_built=&#8221;1&#8243; admin_label=&#8221;Testimonials&#8221; _builder_version=&#8221;4.16&#8243; use_background_color_gradient=&#8221;on&#8221; background_color_gradient_stops=&#8221;rgba(0,106,156,0.85) 0%|rgba(0,106,156,0.85) 100%&#8221; background_color_gradient_start=&#8221;rgba(0,106,156,0.85)&#8221; background_color_gradient_end=&#8221;rgba(0,106,156,0.85)&#8221; custom_padding=&#8221;90px||60px|&#8221; animation_style=&#8221;fold&#8221; animation_direction=&#8221;bottom&#8221; animation_intensity_fold=&#8221;4%&#8221; global_colors_info=&#8221;{}&#8221; theme_builder_area=&#8221;post_content&#8221;][et_pb_row _builder_version=&#8221;4.16&#8243; background_size=&#8221;initial&#8221; background_position=&#8221;top_left&#8221; background_repeat=&#8221;repeat&#8221; custom_width_px=&#8221;710px&#8221; locked=&#8221;off&#8221; global_colors_info=&#8221;{}&#8221; theme_builder_area=&#8221;post_content&#8221;][et_pb_column type=&#8221;4_4&#8243; _builder_version=&#8221;4.16&#8243; background_position=&#8221;top_left&#8221; custom_padding=&#8221;|||&#8221; global_colors_info=&#8221;{}&#8221; custom_padding__hover=&#8221;|||&#8221; theme_builder_area=&#8221;post_content&#8221;][et_pb_text admin_label=&#8221;Testimonials Section Title&#8221; _builder_version=&#8221;4.16&#8243; header_font=&#8221;Montserrat||||&#8221; header_font_size=&#8221;36px&#8221; background_size=&#8221;initial&#8221; background_position=&#8221;top_left&#8221; background_repeat=&#8221;repeat&#8221; text_orientation=&#8221;center&#8221; background_layout=&#8221;dark&#8221; max_width=&#8221;710px&#8221; module_alignment=&#8221;center&#8221; animation_style=&#8221;fold&#8221; animation_direction=&#8221;bottom&#8221; animation_intensity_fold=&#8221;20%&#8221; global_colors_info=&#8221;{}&#8221; theme_builder_area=&#8221;post_content&#8221;]<\/p>\n<h1>Plus de 5000 clients satisfaits.<\/h1>\n<p>&nbsp;<\/p>\n<p>[\/et_pb_text][et_pb_divider color=&#8221;#ffffff&#8221; divider_weight=&#8221;3px&#8221; disabled_on=&#8221;off|off|off&#8221; _builder_version=&#8221;4.16&#8243; background_color_gradient_direction=&#8221;90deg&#8221; max_width=&#8221;100px&#8221; module_alignment=&#8221;center&#8221; height=&#8221;5px&#8221; custom_margin=&#8221;||20px|&#8221; custom_padding=&#8221;||20px|&#8221; animation_style=&#8221;slide&#8221; animation_direction=&#8221;bottom&#8221; saved_tabs=&#8221;all&#8221; locked=&#8221;off&#8221; global_colors_info=&#8221;{}&#8221; theme_builder_area=&#8221;post_content&#8221;][\/et_pb_divider][\/et_pb_column][\/et_pb_row][et_pb_row column_structure=&#8221;1_2,1_2&#8243; _builder_version=&#8221;4.18.1&#8243; _module_preset=&#8221;default&#8221; global_colors_info=&#8221;{}&#8221; theme_builder_area=&#8221;post_content&#8221;][et_pb_column type=&#8221;1_2&#8243; _builder_version=&#8221;4.18.1&#8243; _module_preset=&#8221;default&#8221; global_colors_info=&#8221;{}&#8221; theme_builder_area=&#8221;post_content&#8221;][et_pb_testimonial author=&#8221;Marco&#8221; portrait_url=&#8221;https:\/\/ag-frisch.com\/wp-content\/uploads\/2021\/08\/Harald.png&#8221; quote_icon=&#8221;off&#8221; _builder_version=&#8221;4.18.1&#8243; _module_preset=&#8221;default&#8221; body_font_size=&#8221;16px&#8221; use_background_color=&#8221;off&#8221; background_layout=&#8221;dark&#8221; global_colors_info=&#8221;{}&#8221; theme_builder_area=&#8221;post_content&#8221;]J&#8217;ai demand\u00e9 \u00e0 l&#8217;agence Frisch de faire produire un meuble de grande taille en Chine et de le transf\u00e9rer ensuite en Allemagne. La communication par e-mail a \u00e9t\u00e9 fluide tout au long du processus ! Des r\u00e9ponses tr\u00e8s rapides et fiables m&#8217;ont apport\u00e9 en permanence les garanties indispensables \u00e0 une telle entreprise. J&#8217;ai toujours \u00e9t\u00e9 aid\u00e9 dans la jungle bureaucratique et aucun formulaire n&#8217;a \u00e9t\u00e9 oubli\u00e9 ou mal rempli. Tr\u00e8s louable !<a href=\"&lt;div%20class=%22pe-richsnippets%22&gt;&nbsp;&lt;\/div&gt;%20&lt;script%20type=%22text\/javascript%22%20src=%22https:\/\/www.provenexpert.com\/widget\/richsnippet.js?u=1NUA0VwZ4RUZ5tmAi5zA4RaplNKAlWwZ&amp;v=2%22%20async&gt;&lt;\/script&gt;%20&lt;div%20style=%22text-align:%20justify;%22&gt;&lt;br%20\/&gt;\"><\/a><\/p>\n<div class=\"brow ratingBarMargin\">\n<div class=\"ratingBar\">\n<div class=\"brow\">\n<div class=\"pe-richsnippets\">&nbsp;<\/div>\n<p><script type=\"text\/javascript\" src=\"https:\/\/www.provenexpert.com\/widget\/richsnippet.js?u=1NUA0VwZ4RUZ5tmAi5zA4RaplNKAlWwZ&amp;v=2\" async=\"\"><\/script><\/p>\n<div style=\"text-align: justify;\"><\/p>\n<div class=\"col-lg-9 col-md-8 col-xs-10 mt20 mb20\">\n<div class=\"col-xs-12 surveyNameForRating\"><\/div>\n<\/div>\n<\/div>\n<\/div>\n<\/div>\n<\/div>\n<p>[\/et_pb_testimonial][\/et_pb_column][et_pb_column type=&#8221;1_2&#8243; _builder_version=&#8221;4.18.1&#8243; _module_preset=&#8221;default&#8221; global_colors_info=&#8221;{}&#8221; theme_builder_area=&#8221;post_content&#8221;][et_pb_testimonial author=&#8221;Simone L.&#8221; portrait_url=&#8221;https:\/\/ag-frisch.com\/wp-content\/uploads\/2021\/08\/Harald.png&#8221; quote_icon=&#8221;off&#8221; _builder_version=&#8221;4.18.1&#8243; _module_preset=&#8221;default&#8221; body_font_size=&#8221;16px&#8221; use_background_color=&#8221;off&#8221; background_layout=&#8221;dark&#8221; global_colors_info=&#8221;{}&#8221; theme_builder_area=&#8221;post_content&#8221;]<\/p>\n<p>Tout est au top. On ne peut pas faire mieux. On ne peut pas faire mieux en mati\u00e8re de conseil et de r\u00e9alisation. Apr\u00e8s avoir pass\u00e9 plusieurs commandes aupr\u00e8s de cette entreprise, nous sommes plus que satisfaits et poursuivons notre collaboration.<\/p>\n<div class=\"brow ratingBarMargin\">\n<div class=\"ratingBar\">\n<div class=\"brow\">\n<div class=\"pe-richsnippets\"> <\/div>\n<p>\n<script type=\"text\/javascript\" src=\"https:\/\/www.provenexpert.com\/widget\/richsnippet.js?u=1NUA0VwZ4RUZ5tmAi5zA4RaplNKAlWwZ&amp;v=2\" async=\"\"><\/script>\n<\/p>\n<div style=\"text-align: justify;\">\n<p>&nbsp;<\/p>\n<div class=\"col-lg-9 col-md-8 col-xs-10 mt20 mb20\">\n<div class=\"col-xs-12 surveyNameForRating\"><\/div>\n<\/div>\n<\/div>\n<\/div>\n<\/div>\n<\/div>\n<p>[\/et_pb_testimonial][\/et_pb_column][\/et_pb_row][et_pb_row _builder_version=&#8221;4.16&#8243; background_size=&#8221;initial&#8221; background_position=&#8221;top_left&#8221; background_repeat=&#8221;repeat&#8221; custom_padding=&#8221;50px|0px|30px|0px&#8221; custom_css_main_element=&#8221;text-align: center;&#8221; global_colors_info=&#8221;{}&#8221; theme_builder_area=&#8221;post_content&#8221;][et_pb_column type=&#8221;4_4&#8243; _builder_version=&#8221;4.16&#8243; custom_padding=&#8221;|||&#8221; global_colors_info=&#8221;{}&#8221; custom_padding__hover=&#8221;|||&#8221; theme_builder_area=&#8221;post_content&#8221;][et_pb_button button_url=&#8221;https:\/\/www.provenexpert.com\/de-de\/agentur-frisch-international-consulting-gmbh-und-co-kg\/&#8221; button_text=&#8221;PLUS D&#039;AVIS&#8221; button_alignment=&#8221;left&#8221; admin_label=&#8221;Testimonial Button&#8221; _builder_version=&#8221;4.16&#8243; custom_button=&#8221;on&#8221; button_text_size=&#8221;18px&#8221; button_text_color=&#8221;#ffffff&#8221; button_bg_color=&#8221;#6eba01&#8243; button_border_width=&#8221;2px&#8221; button_border_color=&#8221;#6eba01&#8243; button_border_radius=&#8221;0px&#8221; button_letter_spacing=&#8221;2px&#8221; button_font=&#8221;Montserrat|||on|&#8221; button_use_icon=&#8221;off&#8221; animation_style=&#8221;fold&#8221; animation_direction=&#8221;bottom&#8221; button_text_color_hover=&#8221;#ffffff&#8221; button_border_color_hover=&#8221;#ffffff&#8221; button_border_radius_hover=&#8221;0px&#8221; button_letter_spacing_hover=&#8221;2px&#8221; button_bg_color_hover=&#8221;rgba(255,255,255,0)&#8221; locked=&#8221;off&#8221; global_colors_info=&#8221;{}&#8221; button_text_size__hover_enabled=&#8221;off&#8221; button_one_text_size__hover_enabled=&#8221;off&#8221; button_two_text_size__hover_enabled=&#8221;off&#8221; button_text_color__hover_enabled=&#8221;on&#8221; button_text_color__hover=&#8221;#ffffff&#8221; button_one_text_color__hover_enabled=&#8221;off&#8221; button_two_text_color__hover_enabled=&#8221;off&#8221; button_border_width__hover_enabled=&#8221;off&#8221; button_one_border_width__hover_enabled=&#8221;off&#8221; button_two_border_width__hover_enabled=&#8221;off&#8221; button_border_color__hover_enabled=&#8221;on&#8221; button_border_color__hover=&#8221;#ffffff&#8221; button_one_border_color__hover_enabled=&#8221;off&#8221; button_two_border_color__hover_enabled=&#8221;off&#8221; button_border_radius__hover_enabled=&#8221;on&#8221; button_border_radius__hover=&#8221;0px&#8221; button_one_border_radius__hover_enabled=&#8221;off&#8221; button_two_border_radius__hover_enabled=&#8221;off&#8221; button_letter_spacing__hover_enabled=&#8221;on&#8221; button_letter_spacing__hover=&#8221;2px&#8221; button_one_letter_spacing__hover_enabled=&#8221;off&#8221; button_two_letter_spacing__hover_enabled=&#8221;off&#8221; button_bg_color__hover_enabled=&#8221;on&#8221; button_bg_color__hover=&#8221;rgba(255,255,255,0)&#8221; button_one_bg_color__hover_enabled=&#8221;off&#8221; button_two_bg_color__hover_enabled=&#8221;off&#8221; theme_builder_area=&#8221;post_content&#8221;][\/et_pb_button][\/et_pb_column][\/et_pb_row][\/et_pb_section]<\/p>\n","protected":false},"excerpt":{"rendered":"<p>En surveillant le chargement en Chine, vous \u00e9vitez les erreurs de chargement ou les mauvaises surprises si les mauvaises marchandises ont \u00e9t\u00e9 charg\u00e9es. Contr\u00f4le du chargement en Chine le contr\u00f4le du chargement est g\u00e9n\u00e9ralement effectu\u00e9 le jour du chargement. Le chargement de la marchandise est contr\u00f4l\u00e9, notamment pour v\u00e9rifier si la bonne marchandise est charg\u00e9e [&hellip;]<\/p>\n","protected":false},"author":2,"featured_media":0,"parent":0,"menu_order":0,"comment_status":"closed","ping_status":"closed","template":"","meta":{"_et_pb_use_builder":"on","_et_pb_old_content":"","_et_gb_content_width":"","footnotes":""},"class_list":["post-10278","page","type-page","status-publish","hentry"],"yoast_head":"<!-- This site is optimized with the Yoast SEO plugin v27.2 - https:\/\/yoast.com\/product\/yoast-seo-wordpress\/ -->\n<title>Contr\u00f4le du chargement en Chine | Contr\u00f4le approfondi avant le chargement<\/title>\n<meta name=\"description\" content=\"Contr\u00f4le de chargement en Chine \u25ba Ex\u00e9cut\u00e9 le jour du chargement \u25ba Faire charger la bonne marchandise dans la forme prescrite \u25ba Demander maintenant conseil \u00e0 des experts !\" \/>\n<meta name=\"robots\" content=\"index, follow, max-snippet:-1, max-image-preview:large, max-video-preview:-1\" \/>\n<link rel=\"canonical\" href=\"https:\/\/ag-frisch.com\/fr\/controle-du-chargement\/\" \/>\n<meta property=\"og:locale\" content=\"fr_FR\" \/>\n<meta property=\"og:type\" content=\"article\" \/>\n<meta property=\"og:title\" content=\"Contr\u00f4le du chargement en Chine | Contr\u00f4le approfondi avant le chargement\" \/>\n<meta property=\"og:description\" content=\"Contr\u00f4le de chargement en Chine \u25ba Ex\u00e9cut\u00e9 le jour du chargement \u25ba Faire charger la bonne marchandise dans la forme prescrite \u25ba Demander maintenant conseil \u00e0 des experts !\" \/>\n<meta property=\"og:url\" content=\"https:\/\/ag-frisch.com\/fr\/controle-du-chargement\/\" \/>\n<meta property=\"og:site_name\" content=\"China Import Beratung f\u00fcr den Einkauf aus China\" \/>\n<meta property=\"article:publisher\" content=\"https:\/\/www.facebook.com\/China.Import\" \/>\n<meta property=\"article:modified_time\" content=\"2023-01-27T04:20:20+00:00\" \/>\n<meta name=\"twitter:card\" content=\"summary_large_image\" \/>\n<meta name=\"twitter:site\" content=\"@agenturfrisch\" \/>\n<meta name=\"twitter:label1\" content=\"Dur\u00e9e de lecture estim\u00e9e\" \/>\n\t<meta name=\"twitter:data1\" content=\"9 minutes\" \/>\n<script type=\"application\/ld+json\" class=\"yoast-schema-graph\">{\"@context\":\"https:\/\/schema.org\",\"@graph\":[{\"@type\":\"WebPage\",\"@id\":\"https:\/\/ag-frisch.com\/fr\/controle-du-chargement\/\",\"url\":\"https:\/\/ag-frisch.com\/fr\/controle-du-chargement\/\",\"name\":\"Contr\u00f4le du chargement en Chine | Contr\u00f4le approfondi avant le chargement\",\"isPartOf\":{\"@id\":\"https:\/\/ag-frisch.com\/de\/#website\"},\"datePublished\":\"2021-10-25T05:11:20+00:00\",\"dateModified\":\"2023-01-27T04:20:20+00:00\",\"description\":\"Contr\u00f4le de chargement en Chine \u25ba Ex\u00e9cut\u00e9 le jour du chargement \u25ba Faire charger la bonne marchandise dans la forme prescrite \u25ba Demander maintenant conseil \u00e0 des experts !\",\"breadcrumb\":{\"@id\":\"https:\/\/ag-frisch.com\/fr\/controle-du-chargement\/#breadcrumb\"},\"inLanguage\":\"fr-FR\",\"potentialAction\":[{\"@type\":\"ReadAction\",\"target\":[\"https:\/\/ag-frisch.com\/fr\/controle-du-chargement\/\"]}]},{\"@type\":\"BreadcrumbList\",\"@id\":\"https:\/\/ag-frisch.com\/fr\/controle-du-chargement\/#breadcrumb\",\"itemListElement\":[{\"@type\":\"ListItem\",\"position\":1,\"name\":\"Startseite\",\"item\":\"https:\/\/ag-frisch.com\/de\/\"},{\"@type\":\"ListItem\",\"position\":2,\"name\":\"Contr\u00f4le du chargement\"}]},{\"@type\":\"WebSite\",\"@id\":\"https:\/\/ag-frisch.com\/de\/#website\",\"url\":\"https:\/\/ag-frisch.com\/de\/\",\"name\":\"China Import Beratung f\u00fcr den Einkauf aus China\",\"description\":\"China Import &amp; Export Beratung - Der Dienstleister Ihres Vertrauens f\u00fcr Ihren China Import\",\"publisher\":{\"@id\":\"https:\/\/ag-frisch.com\/de\/#organization\"},\"potentialAction\":[{\"@type\":\"SearchAction\",\"target\":{\"@type\":\"EntryPoint\",\"urlTemplate\":\"https:\/\/ag-frisch.com\/de\/?s={search_term_string}\"},\"query-input\":{\"@type\":\"PropertyValueSpecification\",\"valueRequired\":true,\"valueName\":\"search_term_string\"}}],\"inLanguage\":\"fr-FR\"},{\"@type\":\"Organization\",\"@id\":\"https:\/\/ag-frisch.com\/de\/#organization\",\"name\":\"Agentur Frisch International Consulting GmbH & Co. KG\",\"url\":\"https:\/\/ag-frisch.com\/de\/\",\"logo\":{\"@type\":\"ImageObject\",\"inLanguage\":\"fr-FR\",\"@id\":\"https:\/\/ag-frisch.com\/de\/#\/schema\/logo\/image\/\",\"url\":\"https:\/\/ag-frisch.com\/wp-content\/uploads\/2021\/08\/ag_logo_rgb_300_small.png\",\"contentUrl\":\"https:\/\/ag-frisch.com\/wp-content\/uploads\/2021\/08\/ag_logo_rgb_300_small.png\",\"width\":153,\"height\":102,\"caption\":\"Agentur Frisch International Consulting GmbH & Co. KG\"},\"image\":{\"@id\":\"https:\/\/ag-frisch.com\/de\/#\/schema\/logo\/image\/\"},\"sameAs\":[\"https:\/\/www.facebook.com\/China.Import\",\"https:\/\/x.com\/agenturfrisch\"]}]}<\/script>\n<!-- \/ Yoast SEO plugin. -->","yoast_head_json":{"title":"Contr\u00f4le du chargement en Chine | Contr\u00f4le approfondi avant le chargement","description":"Contr\u00f4le de chargement en Chine \u25ba Ex\u00e9cut\u00e9 le jour du chargement \u25ba Faire charger la bonne marchandise dans la forme prescrite \u25ba Demander maintenant conseil \u00e0 des experts !","robots":{"index":"index","follow":"follow","max-snippet":"max-snippet:-1","max-image-preview":"max-image-preview:large","max-video-preview":"max-video-preview:-1"},"canonical":"https:\/\/ag-frisch.com\/fr\/controle-du-chargement\/","og_locale":"fr_FR","og_type":"article","og_title":"Contr\u00f4le du chargement en Chine | Contr\u00f4le approfondi avant le chargement","og_description":"Contr\u00f4le de chargement en Chine \u25ba Ex\u00e9cut\u00e9 le jour du chargement \u25ba Faire charger la bonne marchandise dans la forme prescrite \u25ba Demander maintenant conseil \u00e0 des experts !","og_url":"https:\/\/ag-frisch.com\/fr\/controle-du-chargement\/","og_site_name":"China Import Beratung f\u00fcr den Einkauf aus China","article_publisher":"https:\/\/www.facebook.com\/China.Import","article_modified_time":"2023-01-27T04:20:20+00:00","twitter_card":"summary_large_image","twitter_site":"@agenturfrisch","twitter_misc":{"Dur\u00e9e de lecture estim\u00e9e":"9 minutes"},"schema":{"@context":"https:\/\/schema.org","@graph":[{"@type":"WebPage","@id":"https:\/\/ag-frisch.com\/fr\/controle-du-chargement\/","url":"https:\/\/ag-frisch.com\/fr\/controle-du-chargement\/","name":"Contr\u00f4le du chargement en Chine | Contr\u00f4le approfondi avant le chargement","isPartOf":{"@id":"https:\/\/ag-frisch.com\/de\/#website"},"datePublished":"2021-10-25T05:11:20+00:00","dateModified":"2023-01-27T04:20:20+00:00","description":"Contr\u00f4le de chargement en Chine \u25ba Ex\u00e9cut\u00e9 le jour du chargement \u25ba Faire charger la bonne marchandise dans la forme prescrite \u25ba Demander maintenant conseil \u00e0 des experts !","breadcrumb":{"@id":"https:\/\/ag-frisch.com\/fr\/controle-du-chargement\/#breadcrumb"},"inLanguage":"fr-FR","potentialAction":[{"@type":"ReadAction","target":["https:\/\/ag-frisch.com\/fr\/controle-du-chargement\/"]}]},{"@type":"BreadcrumbList","@id":"https:\/\/ag-frisch.com\/fr\/controle-du-chargement\/#breadcrumb","itemListElement":[{"@type":"ListItem","position":1,"name":"Startseite","item":"https:\/\/ag-frisch.com\/de\/"},{"@type":"ListItem","position":2,"name":"Contr\u00f4le du chargement"}]},{"@type":"WebSite","@id":"https:\/\/ag-frisch.com\/de\/#website","url":"https:\/\/ag-frisch.com\/de\/","name":"China Import Beratung f\u00fcr den Einkauf aus China","description":"China Import &amp; Export Beratung - Der Dienstleister Ihres Vertrauens f\u00fcr Ihren China Import","publisher":{"@id":"https:\/\/ag-frisch.com\/de\/#organization"},"potentialAction":[{"@type":"SearchAction","target":{"@type":"EntryPoint","urlTemplate":"https:\/\/ag-frisch.com\/de\/?s={search_term_string}"},"query-input":{"@type":"PropertyValueSpecification","valueRequired":true,"valueName":"search_term_string"}}],"inLanguage":"fr-FR"},{"@type":"Organization","@id":"https:\/\/ag-frisch.com\/de\/#organization","name":"Agentur Frisch International Consulting GmbH & Co. KG","url":"https:\/\/ag-frisch.com\/de\/","logo":{"@type":"ImageObject","inLanguage":"fr-FR","@id":"https:\/\/ag-frisch.com\/de\/#\/schema\/logo\/image\/","url":"https:\/\/ag-frisch.com\/wp-content\/uploads\/2021\/08\/ag_logo_rgb_300_small.png","contentUrl":"https:\/\/ag-frisch.com\/wp-content\/uploads\/2021\/08\/ag_logo_rgb_300_small.png","width":153,"height":102,"caption":"Agentur Frisch International Consulting GmbH & Co. KG"},"image":{"@id":"https:\/\/ag-frisch.com\/de\/#\/schema\/logo\/image\/"},"sameAs":["https:\/\/www.facebook.com\/China.Import","https:\/\/x.com\/agenturfrisch"]}]}},"_links":{"self":[{"href":"https:\/\/ag-frisch.com\/fr\/wp-json\/wp\/v2\/pages\/10278","targetHints":{"allow":["GET"]}}],"collection":[{"href":"https:\/\/ag-frisch.com\/fr\/wp-json\/wp\/v2\/pages"}],"about":[{"href":"https:\/\/ag-frisch.com\/fr\/wp-json\/wp\/v2\/types\/page"}],"author":[{"embeddable":true,"href":"https:\/\/ag-frisch.com\/fr\/wp-json\/wp\/v2\/users\/2"}],"replies":[{"embeddable":true,"href":"https:\/\/ag-frisch.com\/fr\/wp-json\/wp\/v2\/comments?post=10278"}],"version-history":[{"count":0,"href":"https:\/\/ag-frisch.com\/fr\/wp-json\/wp\/v2\/pages\/10278\/revisions"}],"wp:attachment":[{"href":"https:\/\/ag-frisch.com\/fr\/wp-json\/wp\/v2\/media?parent=10278"}],"curies":[{"name":"wp","href":"https:\/\/api.w.org\/{rel}","templated":true}]}}