{"id":10322,"date":"2021-10-16T20:10:48","date_gmt":"2021-10-16T18:10:48","guid":{"rendered":"https:\/\/ag-frisch.com\/prejuges-contre-les-chinois\/"},"modified":"2023-01-27T05:20:37","modified_gmt":"2023-01-27T04:20:37","slug":"prejuges-contre-les-chinois","status":"publish","type":"page","link":"https:\/\/ag-frisch.com\/fr\/sites-dinformation\/prejuges-contre-les-chinois\/","title":{"rendered":"Pr\u00e9jug\u00e9s contre les Chinois"},"content":{"rendered":"<p>[et_pb_section fb_built=&#8221;1&#8243; _builder_version=&#8221;4.16&#8243; _module_preset=&#8221;default&#8221; global_colors_info=&#8221;{}&#8221;][et_pb_row _builder_version=&#8221;4.16&#8243; _module_preset=&#8221;default&#8221; global_colors_info=&#8221;{}&#8221;][et_pb_column type=&#8221;4_4&#8243; _builder_version=&#8221;4.16&#8243; _module_preset=&#8221;default&#8221; global_colors_info=&#8221;{}&#8221;][et_pb_text _builder_version=&#8221;4.18.1&#8243; _module_preset=&#8221;default&#8221; global_colors_info=&#8221;{}&#8221;]<\/p>\n<h1 class=\"content_pageheader_v2\">Pr\u00e9jug\u00e9s contre les Chinois<\/h1>\n<p>&nbsp;<\/p>\n<div class=\"content_floattext\">\n<p><strong>Il existe de nombreux pr\u00e9jug\u00e9s \u00e0 l&#8217;\u00e9gard des Chinois<\/strong><\/p>\n<div>\n<p>l&#8217;agence Frisch le sait aussi. L&#8217;agence Frisch International Consulting est une agence d&#8217;importation qui organise pour ses clients l&#8217;ensemble des projets d&#8217;importation depuis la Chine. Sur cette page, nous souhaitons aborder les pr\u00e9jug\u00e9s existants \u00e0 l&#8217;encontre de la Chine et des Chinois :<\/p>\n<p>&nbsp;<\/p>\n<p> <strong style=\"font-size: 14px;\">En Chine, ils mangent des chiens et des chats<\/strong><\/p>\n<\/div>\n<div>Ce n&#8217;est qu&#8217;une demi-v\u00e9rit\u00e9. La Chine est incroyablement grande, bien plus grande que l&#8217;Europe. M\u00eame en Europe, nous avons des habitudes alimentaires inhabituelles. Il suffit de regarder l&#8217;Espagne, la Gr\u00e8ce ou l&#8217;Italie. Bien entendu, les habitudes alimentaires en Chine sont \u00e9galement tr\u00e8s diff\u00e9rentes d&#8217;une province \u00e0 l&#8217;autre. Dans la province de Guangdong, les habitants sont connus pour avoir des habitudes alimentaires que la plupart des gens des autres provinces chinoises ne peuvent pas comprendre. De m\u00eame, les habitants d&#8217;autres provinces trouvent la consommation de chiens ou de chats aussi incompr\u00e9hensible que la n\u00f4tre. Dans le Guangdong, il existe effectivement des r\u00e9gions o\u00f9 la viande de chien ou de chat est tr\u00e8s appr\u00e9ci\u00e9e et fait partie des habitudes alimentaires normales.<\/div>\n<div><\/div>\n<div><\/div>\n<div><\/div>\n<div><\/div>\n<div>\n<p><strong><\/strong><\/p>\n<p><strong><\/strong><\/p>\n<p><strong>Tous les Chinois sont petits<\/strong><br \/>Cela n&#8217;est pas non plus correct. Il suffit pour cela de lire le livre Guiness des records mondiaux, dans lequel le plus grand homme de taille naturelle est un Chinois. La femme la plus grande du monde est \u00e9galement originaire de Chine. En Chine, la taille varie selon les r\u00e9gions. De m\u00eame qu&#8217;un Norv\u00e9gien est g\u00e9n\u00e9ralement plus grand qu&#8217;un Italien, les Chinois du nord, comme ceux de P\u00e9kin ou de Tianjin, sont g\u00e9n\u00e9ralement beaucoup plus grands que ceux du sud, comme ceux du Hunan ou du Guangdong.<br \/><strong><br \/>Tous les Chinois ne peuvent avoir qu&#8217;un seul enfant<br \/><\/strong>Il existe certes une politique de l&#8217;enfant unique, mais elle n&#8217;intervient pas autant dans le choix de l&#8217;individu qu&#8217;on le pense en Occident. Il existe de nombreuses exceptions. En principe, la politique de l&#8217;enfant unique ne s&#8217;applique pas aux 56 peuples de Chine qui ne sont pas des Chinois Han. De plus, la politique de l&#8217;enfant unique ne s&#8217;applique \u00e9galement aux Chinois Han que si vous \u00eates enregistr\u00e9 en tant que m\u00e9nage d\u00e9clar\u00e9 de certaines villes. Ce n&#8217;est pas le cas dans les petites villes et les zones rurales, ni dans de nombreux districts cog\u00e9r\u00e9s par des villes plus importantes. Contrairement \u00e0 ce qui se passe ici, on ne compte pas imm\u00e9diatement comme habitant d&#8217;une ville si l&#8217;on y r\u00e9side, mais l&#8217;ensemble du m\u00e9nage doit \u00eatre enregistr\u00e9 pour la ville. Pour obtenir une telle autorisation de reconnaissance du m\u00e9nage pour une grande ville, il faut \u00e0 nouveau remplir de nombreuses conditions (par exemple, avoir termin\u00e9 ses \u00e9tudes, avoir une carri\u00e8re professionnelle, avoir un certain revenu, etc.) Si vous habitez dans une ville o\u00f9 la politique de l&#8217;enfant unique est en vigueur, mais que votre m\u00e9nage se trouve encore officiellement dans un village, la disposition relative \u00e0 l&#8217;enfant unique ne s&#8217;applique pas \u00e0 vous. Avec certaines demandes et p\u00e9nalit\u00e9s, il est toutefois possible de lever l&#8217;interdiction d&#8217;avoir un deuxi\u00e8me enfant pour les chefs de m\u00e9nage dans les grandes villes &#8211; et ceux qui tiennent leur m\u00e9nage dans une grande ville peuvent g\u00e9n\u00e9ralement se le permettre.<\/p>\n<p><strong>Le parti communiste d\u00e9cide de tout en Chine<\/strong><br \/>Cela aussi est pr\u00e9sent\u00e9 de mani\u00e8re erron\u00e9e par les m\u00e9dias occidentaux. Le parti communiste n&#8217;existe pas en tant que tel, mais tous les partis de Chine sont communistes, puisque la Chine est un pays communiste. Il existe donc une multitude de partis et de politiciens qui se regroupent sous le nom de partis communistes. Ce regroupement se compose de tr\u00e8s nombreux partis aux int\u00e9r\u00eats tr\u00e8s divers, qui luttent sans cesse pour faire valoir leurs propres int\u00e9r\u00eats au sein de la f\u00e9d\u00e9ration. Ainsi, les influences les plus diverses des groupes d&#8217;int\u00e9r\u00eats les plus vari\u00e9s des diff\u00e9rentes provinces se retrouvent au sein de cette conf\u00e9d\u00e9ration.<\/p>\n<\/div>\n<\/div>\n<p>[\/et_pb_text][\/et_pb_column][\/et_pb_row][et_pb_row _builder_version=&#8221;4.18.1&#8243; _module_preset=&#8221;default&#8221; global_colors_info=&#8221;{}&#8221;][et_pb_column type=&#8221;4_4&#8243; _builder_version=&#8221;4.18.1&#8243; _module_preset=&#8221;default&#8221; global_colors_info=&#8221;{}&#8221;][\/et_pb_column][\/et_pb_row][\/et_pb_section]<\/p>\n","protected":false},"excerpt":{"rendered":"<p>Pr\u00e9jug\u00e9s contre les Chinois &nbsp; Il existe de nombreux pr\u00e9jug\u00e9s \u00e0 l&#8217;\u00e9gard des Chinois l&#8217;agence Frisch le sait aussi. L&#8217;agence Frisch International Consulting est une agence d&#8217;importation qui organise pour ses clients l&#8217;ensemble des projets d&#8217;importation depuis la Chine. Sur cette page, nous souhaitons aborder les pr\u00e9jug\u00e9s existants \u00e0 l&#8217;encontre de la Chine et des [&hellip;]<\/p>\n","protected":false},"author":2,"featured_media":0,"parent":8475,"menu_order":0,"comment_status":"open","ping_status":"closed","template":"","meta":{"_et_pb_use_builder":"on","_et_pb_old_content":"","_et_gb_content_width":"","footnotes":""},"class_list":["post-10322","page","type-page","status-publish","hentry"],"yoast_head":"<!-- This site is optimized with the Yoast SEO plugin v27.4 - https:\/\/yoast.com\/product\/yoast-seo-wordpress\/ -->\n<title>Comprendre et \u00e9valuer les pr\u00e9jug\u00e9s envers les Chinois<\/title>\n<meta name=\"description\" content=\"V\u00e9rifier les pr\u00e9jug\u00e9s \u00e0 l&#039;\u00e9gard des Chinois \u2713 \u00c9valuer les partenaires commerciaux en Chine \u2713 \u25bb Demander conseil \u00e0 des experts maintenant !\" \/>\n<meta name=\"robots\" content=\"noindex, nofollow\" \/>\n<meta property=\"og:locale\" content=\"fr_FR\" \/>\n<meta property=\"og:type\" content=\"article\" \/>\n<meta property=\"og:title\" content=\"Comprendre et \u00e9valuer les pr\u00e9jug\u00e9s envers les Chinois\" \/>\n<meta property=\"og:description\" content=\"V\u00e9rifier les pr\u00e9jug\u00e9s \u00e0 l&#039;\u00e9gard des Chinois \u2713 \u00c9valuer les partenaires commerciaux en Chine \u2713 \u25bb Demander conseil \u00e0 des experts maintenant !\" \/>\n<meta property=\"og:url\" content=\"https:\/\/ag-frisch.com\/de\/?page_id=865\" \/>\n<meta property=\"og:site_name\" content=\"China Import Beratung f\u00fcr den Einkauf aus China\" \/>\n<meta property=\"article:publisher\" content=\"https:\/\/www.facebook.com\/China.Import\" \/>\n<meta property=\"article:modified_time\" content=\"2023-01-27T04:20:37+00:00\" \/>\n<meta name=\"twitter:card\" content=\"summary_large_image\" \/>\n<meta name=\"twitter:site\" content=\"@agenturfrisch\" \/>\n<meta name=\"twitter:label1\" content=\"Dur\u00e9e de lecture estim\u00e9e\" \/>\n\t<meta name=\"twitter:data1\" content=\"4 minutes\" \/>\n<script type=\"application\/ld+json\" class=\"yoast-schema-graph\">{\"@context\":\"https:\\\/\\\/schema.org\",\"@graph\":[{\"@type\":\"WebPage\",\"@id\":\"https:\\\/\\\/ag-frisch.com\\\/de\\\/?page_id=865\",\"url\":\"https:\\\/\\\/ag-frisch.com\\\/de\\\/?page_id=865\",\"name\":\"Comprendre et \u00e9valuer les pr\u00e9jug\u00e9s envers les Chinois\",\"isPartOf\":{\"@id\":\"https:\\\/\\\/ag-frisch.com\\\/de\\\/#website\"},\"datePublished\":\"2021-10-16T18:10:48+00:00\",\"dateModified\":\"2023-01-27T04:20:37+00:00\",\"description\":\"V\u00e9rifier les pr\u00e9jug\u00e9s \u00e0 l'\u00e9gard des Chinois \u2713 \u00c9valuer les partenaires commerciaux en Chine \u2713 \u25bb Demander conseil \u00e0 des experts maintenant !\",\"breadcrumb\":{\"@id\":\"https:\\\/\\\/ag-frisch.com\\\/de\\\/?page_id=865#breadcrumb\"},\"inLanguage\":\"fr-FR\",\"potentialAction\":[{\"@type\":\"ReadAction\",\"target\":[\"https:\\\/\\\/ag-frisch.com\\\/de\\\/?page_id=865\"]}]},{\"@type\":\"BreadcrumbList\",\"@id\":\"https:\\\/\\\/ag-frisch.com\\\/de\\\/?page_id=865#breadcrumb\",\"itemListElement\":[{\"@type\":\"ListItem\",\"position\":1,\"name\":\"Startseite\",\"item\":\"https:\\\/\\\/ag-frisch.com\\\/de\\\/\"},{\"@type\":\"ListItem\",\"position\":2,\"name\":\"Pr\u00e9jug\u00e9s contre les Chinois\"}]},{\"@type\":\"WebSite\",\"@id\":\"https:\\\/\\\/ag-frisch.com\\\/de\\\/#website\",\"url\":\"https:\\\/\\\/ag-frisch.com\\\/de\\\/\",\"name\":\"China Import Beratung f\u00fcr den Einkauf aus China\",\"description\":\"China Import &amp; Export Beratung - Der Dienstleister Ihres Vertrauens f\u00fcr Ihren China Import\",\"publisher\":{\"@id\":\"https:\\\/\\\/ag-frisch.com\\\/de\\\/#organization\"},\"potentialAction\":[{\"@type\":\"SearchAction\",\"target\":{\"@type\":\"EntryPoint\",\"urlTemplate\":\"https:\\\/\\\/ag-frisch.com\\\/de\\\/?s={search_term_string}\"},\"query-input\":{\"@type\":\"PropertyValueSpecification\",\"valueRequired\":true,\"valueName\":\"search_term_string\"}}],\"inLanguage\":\"fr-FR\"},{\"@type\":\"Organization\",\"@id\":\"https:\\\/\\\/ag-frisch.com\\\/de\\\/#organization\",\"name\":\"Agentur Frisch International Consulting GmbH & Co. KG\",\"url\":\"https:\\\/\\\/ag-frisch.com\\\/de\\\/\",\"logo\":{\"@type\":\"ImageObject\",\"inLanguage\":\"fr-FR\",\"@id\":\"https:\\\/\\\/ag-frisch.com\\\/de\\\/#\\\/schema\\\/logo\\\/image\\\/\",\"url\":\"https:\\\/\\\/ag-frisch.com\\\/wp-content\\\/uploads\\\/2021\\\/08\\\/ag_logo_rgb_300_small.png\",\"contentUrl\":\"https:\\\/\\\/ag-frisch.com\\\/wp-content\\\/uploads\\\/2021\\\/08\\\/ag_logo_rgb_300_small.png\",\"width\":153,\"height\":102,\"caption\":\"Agentur Frisch International Consulting GmbH & Co. KG\"},\"image\":{\"@id\":\"https:\\\/\\\/ag-frisch.com\\\/de\\\/#\\\/schema\\\/logo\\\/image\\\/\"},\"sameAs\":[\"https:\\\/\\\/www.facebook.com\\\/China.Import\",\"https:\\\/\\\/x.com\\\/agenturfrisch\"]}]}<\/script>\n<!-- \/ Yoast SEO plugin. -->","yoast_head_json":{"title":"Comprendre et \u00e9valuer les pr\u00e9jug\u00e9s envers les Chinois","description":"V\u00e9rifier les pr\u00e9jug\u00e9s \u00e0 l'\u00e9gard des Chinois \u2713 \u00c9valuer les partenaires commerciaux en Chine \u2713 \u25bb Demander conseil \u00e0 des experts maintenant !","robots":{"index":"noindex","follow":"nofollow"},"og_locale":"fr_FR","og_type":"article","og_title":"Comprendre et \u00e9valuer les pr\u00e9jug\u00e9s envers les Chinois","og_description":"V\u00e9rifier les pr\u00e9jug\u00e9s \u00e0 l'\u00e9gard des Chinois \u2713 \u00c9valuer les partenaires commerciaux en Chine \u2713 \u25bb Demander conseil \u00e0 des experts maintenant !","og_url":"https:\/\/ag-frisch.com\/de\/?page_id=865","og_site_name":"China Import Beratung f\u00fcr den Einkauf aus China","article_publisher":"https:\/\/www.facebook.com\/China.Import","article_modified_time":"2023-01-27T04:20:37+00:00","twitter_card":"summary_large_image","twitter_site":"@agenturfrisch","twitter_misc":{"Dur\u00e9e de lecture estim\u00e9e":"4 minutes"},"schema":{"@context":"https:\/\/schema.org","@graph":[{"@type":"WebPage","@id":"https:\/\/ag-frisch.com\/de\/?page_id=865","url":"https:\/\/ag-frisch.com\/de\/?page_id=865","name":"Comprendre et \u00e9valuer les pr\u00e9jug\u00e9s envers les Chinois","isPartOf":{"@id":"https:\/\/ag-frisch.com\/de\/#website"},"datePublished":"2021-10-16T18:10:48+00:00","dateModified":"2023-01-27T04:20:37+00:00","description":"V\u00e9rifier les pr\u00e9jug\u00e9s \u00e0 l'\u00e9gard des Chinois \u2713 \u00c9valuer les partenaires commerciaux en Chine \u2713 \u25bb Demander conseil \u00e0 des experts maintenant !","breadcrumb":{"@id":"https:\/\/ag-frisch.com\/de\/?page_id=865#breadcrumb"},"inLanguage":"fr-FR","potentialAction":[{"@type":"ReadAction","target":["https:\/\/ag-frisch.com\/de\/?page_id=865"]}]},{"@type":"BreadcrumbList","@id":"https:\/\/ag-frisch.com\/de\/?page_id=865#breadcrumb","itemListElement":[{"@type":"ListItem","position":1,"name":"Startseite","item":"https:\/\/ag-frisch.com\/de\/"},{"@type":"ListItem","position":2,"name":"Pr\u00e9jug\u00e9s contre les Chinois"}]},{"@type":"WebSite","@id":"https:\/\/ag-frisch.com\/de\/#website","url":"https:\/\/ag-frisch.com\/de\/","name":"China Import Beratung f\u00fcr den Einkauf aus China","description":"China Import &amp; Export Beratung - Der Dienstleister Ihres Vertrauens f\u00fcr Ihren China Import","publisher":{"@id":"https:\/\/ag-frisch.com\/de\/#organization"},"potentialAction":[{"@type":"SearchAction","target":{"@type":"EntryPoint","urlTemplate":"https:\/\/ag-frisch.com\/de\/?s={search_term_string}"},"query-input":{"@type":"PropertyValueSpecification","valueRequired":true,"valueName":"search_term_string"}}],"inLanguage":"fr-FR"},{"@type":"Organization","@id":"https:\/\/ag-frisch.com\/de\/#organization","name":"Agentur Frisch International Consulting GmbH & Co. KG","url":"https:\/\/ag-frisch.com\/de\/","logo":{"@type":"ImageObject","inLanguage":"fr-FR","@id":"https:\/\/ag-frisch.com\/de\/#\/schema\/logo\/image\/","url":"https:\/\/ag-frisch.com\/wp-content\/uploads\/2021\/08\/ag_logo_rgb_300_small.png","contentUrl":"https:\/\/ag-frisch.com\/wp-content\/uploads\/2021\/08\/ag_logo_rgb_300_small.png","width":153,"height":102,"caption":"Agentur Frisch International Consulting GmbH & Co. KG"},"image":{"@id":"https:\/\/ag-frisch.com\/de\/#\/schema\/logo\/image\/"},"sameAs":["https:\/\/www.facebook.com\/China.Import","https:\/\/x.com\/agenturfrisch"]}]}},"_links":{"self":[{"href":"https:\/\/ag-frisch.com\/fr\/wp-json\/wp\/v2\/pages\/10322","targetHints":{"allow":["GET"]}}],"collection":[{"href":"https:\/\/ag-frisch.com\/fr\/wp-json\/wp\/v2\/pages"}],"about":[{"href":"https:\/\/ag-frisch.com\/fr\/wp-json\/wp\/v2\/types\/page"}],"author":[{"embeddable":true,"href":"https:\/\/ag-frisch.com\/fr\/wp-json\/wp\/v2\/users\/2"}],"replies":[{"embeddable":true,"href":"https:\/\/ag-frisch.com\/fr\/wp-json\/wp\/v2\/comments?post=10322"}],"version-history":[{"count":0,"href":"https:\/\/ag-frisch.com\/fr\/wp-json\/wp\/v2\/pages\/10322\/revisions"}],"up":[{"embeddable":true,"href":"https:\/\/ag-frisch.com\/fr\/wp-json\/wp\/v2\/pages\/8475"}],"wp:attachment":[{"href":"https:\/\/ag-frisch.com\/fr\/wp-json\/wp\/v2\/media?parent=10322"}],"curies":[{"name":"wp","href":"https:\/\/api.w.org\/{rel}","templated":true}]}}