{"id":10421,"date":"2021-11-07T11:00:34","date_gmt":"2021-11-07T10:00:34","guid":{"rendered":"https:\/\/ag-frisch.com\/achats-en-chine\/"},"modified":"2023-01-27T05:21:23","modified_gmt":"2023-01-27T04:21:23","slug":"achats-en-chine","status":"publish","type":"page","link":"https:\/\/ag-frisch.com\/fr\/achats-en-chine\/","title":{"rendered":"Achats en Chine"},"content":{"rendered":"<p>[et_pb_section fb_built=&#8221;1&#8243; _builder_version=&#8221;4.9.10&#8243; _module_preset=&#8221;default&#8221;][et_pb_row _builder_version=&#8221;4.9.10&#8243; _module_preset=&#8221;default&#8221;][et_pb_column _builder_version=&#8221;4.9.10&#8243; _module_preset=&#8221;default&#8221; type=&#8221;4_4&#8243;][et_pb_text _builder_version=&#8221;4.9.10&#8243; _module_preset=&#8221;default&#8221; hover_enabled=&#8221;0&#8243; sticky_enabled=&#8221;0&#8243;]<\/p>\n<div class=\"et_post_meta_wrapper\">\n<h1 class=\"entry-title\">Acheter en Chine &#8211; est-ce rentable ?<\/h1>\n<\/div>\n<div class=\"entry-content\">\n<p>La Chine \u00e9tant une \u00e9conomie commerciale de premier plan mais aussi gigantesque, la simple id\u00e9e de vous lancer dans un achat en gros aupr\u00e8s de ce pays peut facilement vous donner la migraine. Mais ne d\u00e9sesp\u00e9rez pas et n&#8217;abandonnez pas votre projet avant de l&#8217;avoir commenc\u00e9. Certainement le<span> <\/span><a href=\"http:\/\/www.ag-frisch.de\/\">Achat de la Chine<\/a><span> <\/span>n&#8217;est pas une mince affaire. Tout est trop loin, vous ne parlez probablement pas la langue, vous ne connaissez pas les coutumes et si vous avez d\u00e9j\u00e0 \u00e9t\u00e9 en Chine, vous savez que la Chine est un monde assez diff\u00e9rent de l&#8217;Allemagne.<br \/>Nous avons r\u00e9dig\u00e9 ici une sorte de feuille de route pour vous ; des choses auxquelles vous devez faire attention et d&#8217;autres que vous devez \u00e9viter lors de vos activit\u00e9s.<span> <\/span>Il est pr\u00e9f\u00e9rable de s&#8217;abstenir d&#8217;<a href=\"http:\/\/www.ag-frisch.de\/\">acheter des produits en provenance de Chine<\/a>.<br \/>Comme le nom de commerce de gros l&#8217;indique, il s&#8217;agit d&#8217;un mode de commerce o\u00f9 le distributeur propose ses produits en rayon par rapport aux produits fabriqu\u00e9s pour le client.<br \/>Le commerce de gros de la Chine est en grande partie centr\u00e9 sur le commerce int\u00e9rieur. Votre premi\u00e8re \u00e9tape doit donc \u00eatre de trouver un distributeur qui vise le commerce international. \u00c0 Yiwu, dans la province du Zhejiang, vous trouverez une multitude d&#8217;excellents grossistes qui exportent vers presque toutes les r\u00e9gions du monde. Pour la plupart, vous pouvez simplement aller dans le grand magasin et acheter les produits pour votre<span> <\/span><a href=\"http:\/\/www.ag-frisch.de\/\">Achat de la Chine<\/a><span> <\/span>pour la premi\u00e8re fois. Le seul probl\u00e8me est que les produits import\u00e9s dans les pays occidentaux doivent r\u00e9pondre \u00e0 un certain standard. Mais en r\u00e9alit\u00e9, seuls quelques produits de grossistes chinois sont conformes aux normes allemandes. Importer des produits non conformes est ill\u00e9gal. Vous pouvez \u00eatre contraint de retirer le produit ou m\u00eame \u00eatre impliqu\u00e9 dans une proc\u00e9dure judiciaire dont vous serez le seul \u00e0 supporter les frais.<br \/>En principe, on peut toutefois dire que le<span> <\/span>L&#8217;<a href=\"http:\/\/www.ag-frisch.de\/\">achat en Chine<\/a>, par l&#8217;interm\u00e9diaire d&#8217;un grossiste, n&#8217;est rentable que si vous achetez une plus large gamme de produits, chacun en quantit\u00e9 relativement faible.<br \/>Alors, comment \u00e7a se passe ? Voici 8 \u00e9tapes qui vous aideront \u00e0 trouver un emploi lucratif.<span> <\/span><a href=\"http:\/\/www.ag-frisch.de\/\">Achats en Chine<\/a><span> <\/span>de faire.<\/p>\n<ol>\n<li><strong>Trouvez le bon grossiste :<\/strong><br \/>C&#8217;est \u00e9videmment la base de votre entreprise d&#8217;importation de Chine. Trouver et v\u00e9rifier les principaux fournisseurs peut \u00eatre un processus compliqu\u00e9 et d\u00e9routant. N&#8217;oubliez pas que les produits chinois sont en grande partie fabriqu\u00e9s pour le commerce int\u00e9rieur et peuvent ne pas correspondre aux normes allemandes.<\/li>\n<li><strong>Familiarisez-vous avec la proc\u00e9dure d&#8217;exp\u00e9dition et comprenez-la.<br \/><\/strong>Il s&#8217;agit du nom et de l&#8217;adresse de l&#8217;exportateur et du destinataire, du lieu et de la date d&#8217;\u00e9mission, du num\u00e9ro de facture, de l&#8217;indication du transport, du pays d&#8217;origine, de la marque, des num\u00e9ros et du nombre de colis, de la d\u00e9signation exacte des marchandises, des poids brut et net, des prix unitaires et du montant total, des conditions de livraison et de paiement, de tous les documents de transport, de l&#8217;emballage, de l&#8217;assurance &#8211; et ce ne sont l\u00e0 que quelques-unes des choses dont vous devez tenir compte lorsque vous achetez de la Chine.<\/li>\n<li><strong>Comprendre les droits d&#8217;importation, les taxes et les frais :<\/strong><span> <\/span>Tous les produits que vous importez de Chine sont soumis \u00e0 des droits d&#8217;importation, ainsi qu&#8217;\u00e0 des taxes et autres pr\u00e9l\u00e8vements. Ils sont responsables de tous les frais encourus.<\/li>\n<li><strong>Adaptez votre produit \u00e0 un groupe cible sp\u00e9cifique :<\/strong><span> <\/span>Cela implique de concevoir un document de sp\u00e9cifications de produit. Cette rubrique comprend des informations sur les mat\u00e9riaux, les couleurs et d&#8217;autres fonctionnalit\u00e9s de votre produit.<\/li>\n<li><strong>Commander des \u00e9chantillons et perfectionner votre produit :<\/strong><span> <\/span>Une fois que vous \u00eates au clair sur la qualit\u00e9 de votre produit et les conditions de votre commande, par exemple le nombre de r\u00e9visions, vos chances d&#8217;obtenir un succ\u00e8s dans la fabrication de votre produit pour un<a href=\"http:\/\/www.ag-frisch.de\/\">achat<\/a><span> <\/span><a href=\"http:\/\/www.ag-frisch.de\/\">de Chine<\/a><span> <\/span>augmentent consid\u00e9rablement.<\/li>\n<li><strong>\u00c9tablissez une base solide pour une pr\u00e9commande avec<\/strong> un contrat de vente : un bon contrat de vente assure votre achat de Chine contre une exp\u00e9dition correcte, un paiement et des dates de livraison tardives.<\/li>\n<li><strong>Payez vos fournisseurs et \u00e9vitez les fraudes :<\/strong><span> <\/span>Renseignez-vous bien sur toutes les conditions de paiement possibles ; quelles sont celles qu&#8217;ils acceptent et celles que vous ne devriez pas accepter. Demandez conseil pour savoir comment vous prot\u00e9ger contre la fraude. &#8211; Ils n&#8217;ont gu\u00e8re de stabilit\u00e9 juridique \u00e0 l&#8217;\u00e9tranger.<\/li>\n<li><strong>\u00c9vitez les marchandises endommag\u00e9es ou d\u00e9fectueuses en contr\u00f4lant la qualit\u00e9<\/strong>: l\u00e0 encore, vous devez vous informer tr\u00e8s pr\u00e9cis\u00e9ment de toutes les r\u00e8gles et r\u00e9glementations. Fondamentalement, ce que vous voulez, c&#8217;est un contr\u00f4leur de qualit\u00e9 chinois local et impartial. Vous pouvez le charger de v\u00e9rifier la qualit\u00e9 de vos marchandises contre paiement.<\/li>\n<\/ol>\n<p>Comme vous pouvez le constater, c&#8217;est une jungle de bureaucratie dans laquelle vous entrez. Cela ne devrait toutefois pas vous emp\u00eacher de faire vos achats en Chine. L&#8217;une des choses les plus importantes \u00e0 cet \u00e9gard est que vous obteniez les informations et l&#8217;aide correctes pour votre<span> <\/span><a href=\"http:\/\/www.ag-frisch.de\/\">Achat depuis la Chine<\/a><span> <\/span>l\u00e0 o\u00f9 vous en avez besoin.<br \/>Le march\u00e9 commercial chinois, en tant qu&#8217;\u00e9conomie mondiale de premier plan, offre une riche palette de produits divers \u00e0 des prix relativement bons. L&#8217;avantage pour votre<span> <\/span><a href=\"http:\/\/www.ag-frisch.de\/\">Achat de la Chine<\/a><span> <\/span>est qu&#8217;une fois que vous avez trouv\u00e9 le grossiste appropri\u00e9, orient\u00e9 vers l&#8217;international, vous n&#8217;avez pas besoin d&#8217;acheter de grandes quantit\u00e9s. La diversit\u00e9 du march\u00e9 chinois permet d&#8217;acheter facilement des produits vari\u00e9s, m\u00eame en petites quantit\u00e9s. &#8211; Par rapport au march\u00e9 national, o\u00f9 le montant unitaire minimum est de 10 000.<br \/>Pour plus d&#8217;informations pour votre<span> <\/span><a href=\"http:\/\/www.ag-frisch.de\/\">Achats en Chine<\/a><span> <\/span>veuillez vous adresser \u00e0 :<span> <\/span><a href=\"mailto:info@ag-frisch.de\">info@ag-frisch.de<\/a><\/p>\n<\/div>\n<p>[\/et_pb_text][\/et_pb_column][\/et_pb_row][\/et_pb_section]<\/p>\n","protected":false},"excerpt":{"rendered":"<p>Acheter en Chine &#8211; est-ce rentable ? La Chine \u00e9tant une \u00e9conomie commerciale de premier plan mais aussi gigantesque, la simple id\u00e9e de vous lancer dans un achat en gros aupr\u00e8s de ce pays peut facilement vous donner la migraine. Mais ne d\u00e9sesp\u00e9rez pas et n&#8217;abandonnez pas votre projet avant de l&#8217;avoir commenc\u00e9. Certainement le [&hellip;]<\/p>\n","protected":false},"author":2,"featured_media":0,"parent":0,"menu_order":0,"comment_status":"closed","ping_status":"closed","template":"","meta":{"_et_pb_use_builder":"on","_et_pb_old_content":"","_et_gb_content_width":"","footnotes":""},"class_list":["post-10421","page","type-page","status-publish","hentry"],"yoast_head":"<!-- This site is optimized with the Yoast SEO plugin v27.2 - https:\/\/yoast.com\/product\/yoast-seo-wordpress\/ -->\n<title>Achats en Chine - China Import Beratung f\u00fcr den Einkauf aus China<\/title>\n<meta name=\"robots\" content=\"index, follow, max-snippet:-1, max-image-preview:large, max-video-preview:-1\" \/>\n<link rel=\"canonical\" href=\"https:\/\/ag-frisch.com\/fr\/achats-en-chine\/\" \/>\n<meta property=\"og:locale\" content=\"fr_FR\" \/>\n<meta property=\"og:type\" content=\"article\" \/>\n<meta property=\"og:title\" content=\"Achats en Chine - China Import Beratung f\u00fcr den Einkauf aus China\" \/>\n<meta property=\"og:description\" content=\"Acheter en Chine - est-ce rentable ? La Chine \u00e9tant une \u00e9conomie commerciale de premier plan mais aussi gigantesque, la simple id\u00e9e de vous lancer dans un achat en gros aupr\u00e8s de ce pays peut facilement vous donner la migraine. Mais ne d\u00e9sesp\u00e9rez pas et n&#039;abandonnez pas votre projet avant de l&#039;avoir commenc\u00e9. Certainement le [&hellip;]\" \/>\n<meta property=\"og:url\" content=\"https:\/\/ag-frisch.com\/fr\/achats-en-chine\/\" \/>\n<meta property=\"og:site_name\" content=\"China Import Beratung f\u00fcr den Einkauf aus China\" \/>\n<meta property=\"article:publisher\" content=\"https:\/\/www.facebook.com\/China.Import\" \/>\n<meta property=\"article:modified_time\" content=\"2023-01-27T04:21:23+00:00\" \/>\n<meta name=\"twitter:card\" content=\"summary_large_image\" \/>\n<meta name=\"twitter:site\" content=\"@agenturfrisch\" \/>\n<meta name=\"twitter:label1\" content=\"Dur\u00e9e de lecture estim\u00e9e\" \/>\n\t<meta name=\"twitter:data1\" content=\"5 minutes\" \/>\n<script type=\"application\/ld+json\" class=\"yoast-schema-graph\">{\"@context\":\"https:\/\/schema.org\",\"@graph\":[{\"@type\":\"WebPage\",\"@id\":\"https:\/\/ag-frisch.com\/fr\/achats-en-chine\/\",\"url\":\"https:\/\/ag-frisch.com\/fr\/achats-en-chine\/\",\"name\":\"Achats en Chine - China Import Beratung f\u00fcr den Einkauf aus China\",\"isPartOf\":{\"@id\":\"https:\/\/ag-frisch.com\/de\/#website\"},\"datePublished\":\"2021-11-07T10:00:34+00:00\",\"dateModified\":\"2023-01-27T04:21:23+00:00\",\"breadcrumb\":{\"@id\":\"https:\/\/ag-frisch.com\/fr\/achats-en-chine\/#breadcrumb\"},\"inLanguage\":\"fr-FR\",\"potentialAction\":[{\"@type\":\"ReadAction\",\"target\":[\"https:\/\/ag-frisch.com\/fr\/achats-en-chine\/\"]}]},{\"@type\":\"BreadcrumbList\",\"@id\":\"https:\/\/ag-frisch.com\/fr\/achats-en-chine\/#breadcrumb\",\"itemListElement\":[{\"@type\":\"ListItem\",\"position\":1,\"name\":\"Startseite\",\"item\":\"https:\/\/ag-frisch.com\/de\/\"},{\"@type\":\"ListItem\",\"position\":2,\"name\":\"Achats en Chine\"}]},{\"@type\":\"WebSite\",\"@id\":\"https:\/\/ag-frisch.com\/de\/#website\",\"url\":\"https:\/\/ag-frisch.com\/de\/\",\"name\":\"China Import Beratung f\u00fcr den Einkauf aus China\",\"description\":\"China Import &amp; Export Beratung - Der Dienstleister Ihres Vertrauens f\u00fcr Ihren China Import\",\"publisher\":{\"@id\":\"https:\/\/ag-frisch.com\/de\/#organization\"},\"potentialAction\":[{\"@type\":\"SearchAction\",\"target\":{\"@type\":\"EntryPoint\",\"urlTemplate\":\"https:\/\/ag-frisch.com\/de\/?s={search_term_string}\"},\"query-input\":{\"@type\":\"PropertyValueSpecification\",\"valueRequired\":true,\"valueName\":\"search_term_string\"}}],\"inLanguage\":\"fr-FR\"},{\"@type\":\"Organization\",\"@id\":\"https:\/\/ag-frisch.com\/de\/#organization\",\"name\":\"Agentur Frisch International Consulting GmbH & Co. KG\",\"url\":\"https:\/\/ag-frisch.com\/de\/\",\"logo\":{\"@type\":\"ImageObject\",\"inLanguage\":\"fr-FR\",\"@id\":\"https:\/\/ag-frisch.com\/de\/#\/schema\/logo\/image\/\",\"url\":\"https:\/\/ag-frisch.com\/wp-content\/uploads\/2021\/08\/ag_logo_rgb_300_small.png\",\"contentUrl\":\"https:\/\/ag-frisch.com\/wp-content\/uploads\/2021\/08\/ag_logo_rgb_300_small.png\",\"width\":153,\"height\":102,\"caption\":\"Agentur Frisch International Consulting GmbH & Co. KG\"},\"image\":{\"@id\":\"https:\/\/ag-frisch.com\/de\/#\/schema\/logo\/image\/\"},\"sameAs\":[\"https:\/\/www.facebook.com\/China.Import\",\"https:\/\/x.com\/agenturfrisch\"]}]}<\/script>\n<!-- \/ Yoast SEO plugin. -->","yoast_head_json":{"title":"Achats en Chine - China Import Beratung f\u00fcr den Einkauf aus China","robots":{"index":"index","follow":"follow","max-snippet":"max-snippet:-1","max-image-preview":"max-image-preview:large","max-video-preview":"max-video-preview:-1"},"canonical":"https:\/\/ag-frisch.com\/fr\/achats-en-chine\/","og_locale":"fr_FR","og_type":"article","og_title":"Achats en Chine - China Import Beratung f\u00fcr den Einkauf aus China","og_description":"Acheter en Chine - est-ce rentable ? La Chine \u00e9tant une \u00e9conomie commerciale de premier plan mais aussi gigantesque, la simple id\u00e9e de vous lancer dans un achat en gros aupr\u00e8s de ce pays peut facilement vous donner la migraine. Mais ne d\u00e9sesp\u00e9rez pas et n'abandonnez pas votre projet avant de l'avoir commenc\u00e9. Certainement le [&hellip;]","og_url":"https:\/\/ag-frisch.com\/fr\/achats-en-chine\/","og_site_name":"China Import Beratung f\u00fcr den Einkauf aus China","article_publisher":"https:\/\/www.facebook.com\/China.Import","article_modified_time":"2023-01-27T04:21:23+00:00","twitter_card":"summary_large_image","twitter_site":"@agenturfrisch","twitter_misc":{"Dur\u00e9e de lecture estim\u00e9e":"5 minutes"},"schema":{"@context":"https:\/\/schema.org","@graph":[{"@type":"WebPage","@id":"https:\/\/ag-frisch.com\/fr\/achats-en-chine\/","url":"https:\/\/ag-frisch.com\/fr\/achats-en-chine\/","name":"Achats en Chine - China Import Beratung f\u00fcr den Einkauf aus China","isPartOf":{"@id":"https:\/\/ag-frisch.com\/de\/#website"},"datePublished":"2021-11-07T10:00:34+00:00","dateModified":"2023-01-27T04:21:23+00:00","breadcrumb":{"@id":"https:\/\/ag-frisch.com\/fr\/achats-en-chine\/#breadcrumb"},"inLanguage":"fr-FR","potentialAction":[{"@type":"ReadAction","target":["https:\/\/ag-frisch.com\/fr\/achats-en-chine\/"]}]},{"@type":"BreadcrumbList","@id":"https:\/\/ag-frisch.com\/fr\/achats-en-chine\/#breadcrumb","itemListElement":[{"@type":"ListItem","position":1,"name":"Startseite","item":"https:\/\/ag-frisch.com\/de\/"},{"@type":"ListItem","position":2,"name":"Achats en Chine"}]},{"@type":"WebSite","@id":"https:\/\/ag-frisch.com\/de\/#website","url":"https:\/\/ag-frisch.com\/de\/","name":"China Import Beratung f\u00fcr den Einkauf aus China","description":"China Import &amp; Export Beratung - Der Dienstleister Ihres Vertrauens f\u00fcr Ihren China Import","publisher":{"@id":"https:\/\/ag-frisch.com\/de\/#organization"},"potentialAction":[{"@type":"SearchAction","target":{"@type":"EntryPoint","urlTemplate":"https:\/\/ag-frisch.com\/de\/?s={search_term_string}"},"query-input":{"@type":"PropertyValueSpecification","valueRequired":true,"valueName":"search_term_string"}}],"inLanguage":"fr-FR"},{"@type":"Organization","@id":"https:\/\/ag-frisch.com\/de\/#organization","name":"Agentur Frisch International Consulting GmbH & Co. KG","url":"https:\/\/ag-frisch.com\/de\/","logo":{"@type":"ImageObject","inLanguage":"fr-FR","@id":"https:\/\/ag-frisch.com\/de\/#\/schema\/logo\/image\/","url":"https:\/\/ag-frisch.com\/wp-content\/uploads\/2021\/08\/ag_logo_rgb_300_small.png","contentUrl":"https:\/\/ag-frisch.com\/wp-content\/uploads\/2021\/08\/ag_logo_rgb_300_small.png","width":153,"height":102,"caption":"Agentur Frisch International Consulting GmbH & Co. KG"},"image":{"@id":"https:\/\/ag-frisch.com\/de\/#\/schema\/logo\/image\/"},"sameAs":["https:\/\/www.facebook.com\/China.Import","https:\/\/x.com\/agenturfrisch"]}]}},"_links":{"self":[{"href":"https:\/\/ag-frisch.com\/fr\/wp-json\/wp\/v2\/pages\/10421","targetHints":{"allow":["GET"]}}],"collection":[{"href":"https:\/\/ag-frisch.com\/fr\/wp-json\/wp\/v2\/pages"}],"about":[{"href":"https:\/\/ag-frisch.com\/fr\/wp-json\/wp\/v2\/types\/page"}],"author":[{"embeddable":true,"href":"https:\/\/ag-frisch.com\/fr\/wp-json\/wp\/v2\/users\/2"}],"replies":[{"embeddable":true,"href":"https:\/\/ag-frisch.com\/fr\/wp-json\/wp\/v2\/comments?post=10421"}],"version-history":[{"count":0,"href":"https:\/\/ag-frisch.com\/fr\/wp-json\/wp\/v2\/pages\/10421\/revisions"}],"wp:attachment":[{"href":"https:\/\/ag-frisch.com\/fr\/wp-json\/wp\/v2\/media?parent=10421"}],"curies":[{"name":"wp","href":"https:\/\/api.w.org\/{rel}","templated":true}]}}