{"id":10600,"date":"2021-11-07T20:19:01","date_gmt":"2021-11-07T19:19:01","guid":{"rendered":"https:\/\/ag-frisch.com\/importer-soi-meme-de-chine\/"},"modified":"2023-01-27T05:23:21","modified_gmt":"2023-01-27T04:23:21","slug":"importer-soi-meme-de-chine","status":"publish","type":"page","link":"https:\/\/ag-frisch.com\/fr\/importer-soi-meme-de-chine\/","title":{"rendered":"Importer soi-m\u00eame de Chine"},"content":{"rendered":"<p>[et_pb_section fb_built=&#8221;1&#8243; _builder_version=&#8221;4.16&#8243; _module_preset=&#8221;default&#8221; global_colors_info=&#8221;{}&#8221;][et_pb_row _builder_version=&#8221;4.18.1&#8243; _module_preset=&#8221;default&#8221;][et_pb_column _builder_version=&#8221;4.18.1&#8243; _module_preset=&#8221;default&#8221; type=&#8221;4_4&#8243;][et_pb_cta title=&#8221;Conseil en importation de Chine&#8221; button_url=&#8221;https:\/\/ag-frisch.com\/fr\/contact\/&#8221; button_text=&#8221;R\u00e9server une consultation maintenant&#8221; _builder_version=&#8221;4.16&#8243; _module_preset=&#8221;default&#8221; global_colors_info=&#8221;{}&#8221; theme_builder_area=&#8221;post_content&#8221;]<\/p>\n<p>Gr\u00e2ce aux conseils de l&#8217;agence d&#8217;importation chinoise Frisch, vous r\u00e9ussirez vos affaires en Chine comme les professionnels.  <\/p>\n<p>[\/et_pb_cta][\/et_pb_column][\/et_pb_row][et_pb_row _builder_version=&#8221;4.16&#8243; _module_preset=&#8221;default&#8221; global_colors_info=&#8221;{}&#8221;][et_pb_column type=&#8221;4_4&#8243; _builder_version=&#8221;4.16&#8243; _module_preset=&#8221;default&#8221; global_colors_info=&#8221;{}&#8221;][et_pb_text _builder_version=&#8221;4.16&#8243; _module_preset=&#8221;default&#8221; global_colors_info=&#8221;{}&#8221;]<\/p>\n<div class=\"et_post_meta_wrapper\">\n<h1 class=\"entry-title\">Acheter en Chine &#8211; Comment rentabiliser ses achats en Chine<\/h1>\n<\/div>\n<div class=\"entry-content\">\n<h2>Importer soi-m\u00eame de Chine<\/h2>\n<p>Qui n&#8217;a jamais pens\u00e9 \u00e0 quel point il serait agr\u00e9able d&#8217;avoir sa propre petite entreprise et de gagner sa vie avec ? De nombreuses personnes tentent de lancer un petit commerce sur Ebay et misent sur les marchandises en provenance de Chine. Une chose est s\u00fbre : tout le monde ne peut pas se lancer dans le commerce de marchandises chinoises sans un gros capital de d\u00e9part. Il n&#8217;est pas non plus conseill\u00e9 aux b\u00e9n\u00e9ficiaires de l&#8217;aide sociale, aux \u00e9tudiants et aux \u00e9l\u00e8ves d&#8217;acheter quelques articles en Chine et de les vendre sur Ebay ou d&#8217;autres plateformes en ligne. Ce n&#8217;est pas si simple et cela doit \u00eatre planifi\u00e9 \u00e0 l&#8217;avance. Le site<span> <\/span><strong>Marchandises en provenance de Chine<\/strong><span> <\/span>sont g\u00e9n\u00e9ralement assez bon march\u00e9 \u00e0 l&#8217;achat, mais il y a aussi suffisamment de probl\u00e8mes pour que les produits arrivent en Allemagne en toute s\u00e9curit\u00e9 et l\u00e9galement. En outre, on ne sait pas non plus \u00e0 l&#8217;avance quelle sera la qualit\u00e9 des marchandises en provenance de Chine et si elles poss\u00e8dent les labels de contr\u00f4le n\u00e9cessaires pour l&#8217;UE. Il faut \u00e9galement veiller \u00e0 ne pas importer de contrefa\u00e7ons de marques, car cela pourrait avoir des cons\u00e9quences importantes pour vous. Lors de l&#8217;importation de marchandises en provenance de Chine, il faut tenir compte de nombreux \u00e9l\u00e9ments. Il est donc souvent conseill\u00e9 de faire appel \u00e0 une entreprise professionnelle sp\u00e9cialis\u00e9e dans l&#8217;importation de marchandises chinoises&#8230; Lire la suite de<span> <\/span><strong><a title=\"Marchandises en provenance de Chine\" href=\"http:\/\/chinaimportdotnet.wordpress.com\/waren-aus-china-professionell-importieren\/\">Marchandises en provenance de Chine<\/a><\/strong><\/p>\n<p><a href=\"http:\/\/www.ag-frisch.de\/\"><img decoding=\"async\" src=\"http:\/\/www.ag-frisch.de\/mastercontents\/kantfiles\/Neues%20Bild.PNG\" alt=\"http:\/\/www.ag-frisch.de\/mastercontents\/kantfiles\/Neues%20Bild.PNG\"><\/a><\/p>\n<\/div>\n<p>[\/et_pb_text][\/et_pb_column][\/et_pb_row][\/et_pb_section][et_pb_section fb_built=&#8221;1&#8243; admin_label=&#8221;Testimonials&#8221; _builder_version=&#8221;4.16&#8243; use_background_color_gradient=&#8221;on&#8221; background_color_gradient_stops=&#8221;rgba(0,106,156,0.85) 0%|rgba(0,106,156,0.85) 100%&#8221; background_color_gradient_start=&#8221;rgba(0,106,156,0.85)&#8221; background_color_gradient_end=&#8221;rgba(0,106,156,0.85)&#8221; custom_padding=&#8221;90px||60px|&#8221; animation_style=&#8221;fold&#8221; animation_direction=&#8221;bottom&#8221; animation_intensity_fold=&#8221;4%&#8221; global_colors_info=&#8221;{}&#8221; theme_builder_area=&#8221;post_content&#8221;][et_pb_row _builder_version=&#8221;4.16&#8243; background_size=&#8221;initial&#8221; background_position=&#8221;top_left&#8221; background_repeat=&#8221;repeat&#8221; custom_width_px=&#8221;710px&#8221; locked=&#8221;off&#8221; global_colors_info=&#8221;{}&#8221; theme_builder_area=&#8221;post_content&#8221;][et_pb_column type=&#8221;4_4&#8243; _builder_version=&#8221;4.16&#8243; background_position=&#8221;top_left&#8221; custom_padding=&#8221;|||&#8221; global_colors_info=&#8221;{}&#8221; custom_padding__hover=&#8221;|||&#8221; theme_builder_area=&#8221;post_content&#8221;][et_pb_text admin_label=&#8221;Testimonials Section Title&#8221; _builder_version=&#8221;4.16&#8243; header_font=&#8221;Montserrat||||&#8221; header_font_size=&#8221;36px&#8221; background_size=&#8221;initial&#8221; background_position=&#8221;top_left&#8221; background_repeat=&#8221;repeat&#8221; text_orientation=&#8221;center&#8221; background_layout=&#8221;dark&#8221; max_width=&#8221;710px&#8221; module_alignment=&#8221;center&#8221; animation_style=&#8221;fold&#8221; animation_direction=&#8221;bottom&#8221; animation_intensity_fold=&#8221;20%&#8221; global_colors_info=&#8221;{}&#8221; theme_builder_area=&#8221;post_content&#8221;]<\/p>\n<h1>Plus de 5000 clients satisfaits.<\/h1>\n<p>&nbsp;<\/p>\n<p>[\/et_pb_text][et_pb_divider color=&#8221;#ffffff&#8221; divider_weight=&#8221;3px&#8221; disabled_on=&#8221;off|off|off&#8221; _builder_version=&#8221;4.16&#8243; background_color_gradient_direction=&#8221;90deg&#8221; max_width=&#8221;100px&#8221; module_alignment=&#8221;center&#8221; height=&#8221;5px&#8221; custom_margin=&#8221;||20px|&#8221; custom_padding=&#8221;||20px|&#8221; animation_style=&#8221;slide&#8221; animation_direction=&#8221;bottom&#8221; saved_tabs=&#8221;all&#8221; locked=&#8221;off&#8221; global_colors_info=&#8221;{}&#8221; theme_builder_area=&#8221;post_content&#8221;][\/et_pb_divider][\/et_pb_column][\/et_pb_row][et_pb_row column_structure=&#8221;1_2,1_2&#8243; _builder_version=&#8221;4.18.1&#8243; _module_preset=&#8221;default&#8221; global_colors_info=&#8221;{}&#8221; theme_builder_area=&#8221;post_content&#8221;][et_pb_column type=&#8221;1_2&#8243; _builder_version=&#8221;4.18.1&#8243; _module_preset=&#8221;default&#8221; global_colors_info=&#8221;{}&#8221; theme_builder_area=&#8221;post_content&#8221;][et_pb_testimonial author=&#8221;Marco&#8221; portrait_url=&#8221;https:\/\/ag-frisch.com\/wp-content\/uploads\/2021\/08\/Harald.png&#8221; quote_icon=&#8221;off&#8221; _builder_version=&#8221;4.18.1&#8243; _module_preset=&#8221;default&#8221; body_font_size=&#8221;16px&#8221; use_background_color=&#8221;off&#8221; background_layout=&#8221;dark&#8221; global_colors_info=&#8221;{}&#8221; theme_builder_area=&#8221;post_content&#8221;]J&#8217;ai demand\u00e9 \u00e0 l&#8217;agence Frisch de faire produire un meuble de grande taille en Chine et de le transf\u00e9rer ensuite en Allemagne. La communication par e-mail a \u00e9t\u00e9 fluide tout au long du processus ! Des r\u00e9ponses tr\u00e8s rapides et fiables m&#8217;ont apport\u00e9 en permanence les garanties indispensables \u00e0 une telle entreprise. J&#8217;ai toujours \u00e9t\u00e9 aid\u00e9 dans la jungle bureaucratique et aucun formulaire n&#8217;a \u00e9t\u00e9 oubli\u00e9 ou mal rempli. Tr\u00e8s louable !<a href=\"&lt;div%20class=%22pe-richsnippets%22&gt;&nbsp;&lt;\/div&gt;%20&lt;script%20type=%22text\/javascript%22%20src=%22https:\/\/www.provenexpert.com\/widget\/richsnippet.js?u=1NUA0VwZ4RUZ5tmAi5zA4RaplNKAlWwZ&amp;v=2%22%20async&gt;&lt;\/script&gt;%20&lt;div%20style=%22text-align:%20justify;%22&gt;&lt;br%20\/&gt;\"><\/a><\/p>\n<div class=\"brow ratingBarMargin\">\n<div class=\"ratingBar\">\n<div class=\"brow\">\n<div class=\"pe-richsnippets\">&nbsp;<\/div>\n<p><script type=\"text\/javascript\" src=\"https:\/\/www.provenexpert.com\/widget\/richsnippet.js?u=1NUA0VwZ4RUZ5tmAi5zA4RaplNKAlWwZ&amp;v=2\" async=\"\"><\/script><\/p>\n<div style=\"text-align: justify;\"><\/p>\n<div class=\"col-lg-9 col-md-8 col-xs-10 mt20 mb20\">\n<div class=\"col-xs-12 surveyNameForRating\"><\/div>\n<\/div>\n<\/div>\n<\/div>\n<\/div>\n<\/div>\n<p>[\/et_pb_testimonial][\/et_pb_column][et_pb_column type=&#8221;1_2&#8243; _builder_version=&#8221;4.18.1&#8243; _module_preset=&#8221;default&#8221; global_colors_info=&#8221;{}&#8221; theme_builder_area=&#8221;post_content&#8221;][et_pb_testimonial author=&#8221;Simone L.&#8221; portrait_url=&#8221;https:\/\/ag-frisch.com\/wp-content\/uploads\/2021\/08\/Harald.png&#8221; quote_icon=&#8221;off&#8221; _builder_version=&#8221;4.18.1&#8243; _module_preset=&#8221;default&#8221; body_font_size=&#8221;16px&#8221; use_background_color=&#8221;off&#8221; background_layout=&#8221;dark&#8221; global_colors_info=&#8221;{}&#8221; theme_builder_area=&#8221;post_content&#8221;]<\/p>\n<p>Tout est au top. On ne peut pas faire mieux. On ne peut pas faire mieux en mati\u00e8re de conseil et de r\u00e9alisation. Apr\u00e8s avoir pass\u00e9 plusieurs commandes aupr\u00e8s de cette entreprise, nous sommes plus que satisfaits et poursuivons notre collaboration.<\/p>\n<div class=\"brow ratingBarMargin\">\n<div class=\"ratingBar\">\n<div class=\"brow\">\n<div class=\"pe-richsnippets\"> <\/div>\n<p>\n<script type=\"text\/javascript\" src=\"https:\/\/www.provenexpert.com\/widget\/richsnippet.js?u=1NUA0VwZ4RUZ5tmAi5zA4RaplNKAlWwZ&amp;v=2\" async=\"\"><\/script>\n<\/p>\n<div style=\"text-align: justify;\">\n<p>&nbsp;<\/p>\n<div class=\"col-lg-9 col-md-8 col-xs-10 mt20 mb20\">\n<div class=\"col-xs-12 surveyNameForRating\"><\/div>\n<\/div>\n<\/div>\n<\/div>\n<\/div>\n<\/div>\n<p>[\/et_pb_testimonial][\/et_pb_column][\/et_pb_row][et_pb_row _builder_version=&#8221;4.16&#8243; background_size=&#8221;initial&#8221; background_position=&#8221;top_left&#8221; background_repeat=&#8221;repeat&#8221; custom_padding=&#8221;50px|0px|30px|0px&#8221; custom_css_main_element=&#8221;text-align: center;&#8221; global_colors_info=&#8221;{}&#8221; theme_builder_area=&#8221;post_content&#8221;][et_pb_column type=&#8221;4_4&#8243; _builder_version=&#8221;4.16&#8243; custom_padding=&#8221;|||&#8221; global_colors_info=&#8221;{}&#8221; custom_padding__hover=&#8221;|||&#8221; theme_builder_area=&#8221;post_content&#8221;][et_pb_button button_url=&#8221;https:\/\/www.provenexpert.com\/de-de\/agentur-frisch-international-consulting-gmbh-und-co-kg\/&#8221; button_text=&#8221;PLUS D&#039;AVIS&#8221; button_alignment=&#8221;left&#8221; admin_label=&#8221;Testimonial Button&#8221; _builder_version=&#8221;4.16&#8243; custom_button=&#8221;on&#8221; button_text_size=&#8221;18px&#8221; button_text_color=&#8221;#ffffff&#8221; button_bg_color=&#8221;#6eba01&#8243; button_border_width=&#8221;2px&#8221; button_border_color=&#8221;#6eba01&#8243; button_border_radius=&#8221;0px&#8221; button_letter_spacing=&#8221;2px&#8221; button_font=&#8221;Montserrat|||on|&#8221; button_use_icon=&#8221;off&#8221; animation_style=&#8221;fold&#8221; animation_direction=&#8221;bottom&#8221; button_text_color_hover=&#8221;#ffffff&#8221; button_border_color_hover=&#8221;#ffffff&#8221; button_border_radius_hover=&#8221;0px&#8221; button_letter_spacing_hover=&#8221;2px&#8221; button_bg_color_hover=&#8221;rgba(255,255,255,0)&#8221; locked=&#8221;off&#8221; global_colors_info=&#8221;{}&#8221; button_text_size__hover_enabled=&#8221;off&#8221; button_one_text_size__hover_enabled=&#8221;off&#8221; button_two_text_size__hover_enabled=&#8221;off&#8221; button_text_color__hover_enabled=&#8221;on&#8221; button_text_color__hover=&#8221;#ffffff&#8221; button_one_text_color__hover_enabled=&#8221;off&#8221; button_two_text_color__hover_enabled=&#8221;off&#8221; button_border_width__hover_enabled=&#8221;off&#8221; button_one_border_width__hover_enabled=&#8221;off&#8221; button_two_border_width__hover_enabled=&#8221;off&#8221; button_border_color__hover_enabled=&#8221;on&#8221; button_border_color__hover=&#8221;#ffffff&#8221; button_one_border_color__hover_enabled=&#8221;off&#8221; button_two_border_color__hover_enabled=&#8221;off&#8221; button_border_radius__hover_enabled=&#8221;on&#8221; button_border_radius__hover=&#8221;0px&#8221; button_one_border_radius__hover_enabled=&#8221;off&#8221; button_two_border_radius__hover_enabled=&#8221;off&#8221; button_letter_spacing__hover_enabled=&#8221;on&#8221; button_letter_spacing__hover=&#8221;2px&#8221; button_one_letter_spacing__hover_enabled=&#8221;off&#8221; button_two_letter_spacing__hover_enabled=&#8221;off&#8221; button_bg_color__hover_enabled=&#8221;on&#8221; button_bg_color__hover=&#8221;rgba(255,255,255,0)&#8221; button_one_bg_color__hover_enabled=&#8221;off&#8221; button_two_bg_color__hover_enabled=&#8221;off&#8221; theme_builder_area=&#8221;post_content&#8221;][\/et_pb_button][\/et_pb_column][\/et_pb_row][\/et_pb_section]<\/p>\n","protected":false},"excerpt":{"rendered":"<p>Gr\u00e2ce aux conseils de l&#8217;agence d&#8217;importation chinoise Frisch, vous r\u00e9ussirez vos affaires en Chine comme les professionnels. Acheter en Chine &#8211; Comment rentabiliser ses achats en Chine Importer soi-m\u00eame de Chine Qui n&#8217;a jamais pens\u00e9 \u00e0 quel point il serait agr\u00e9able d&#8217;avoir sa propre petite entreprise et de gagner sa vie avec ? De nombreuses [&hellip;]<\/p>\n","protected":false},"author":2,"featured_media":0,"parent":0,"menu_order":0,"comment_status":"closed","ping_status":"closed","template":"","meta":{"_et_pb_use_builder":"on","_et_pb_old_content":"","_et_gb_content_width":"","footnotes":""},"class_list":["post-10600","page","type-page","status-publish","hentry"],"yoast_head":"<!-- This site is optimized with the Yoast SEO plugin v27.4 - https:\/\/yoast.com\/product\/yoast-seo-wordpress\/ -->\n<title>Importer soi-m\u00eame de Chine - China Import Beratung f\u00fcr den Einkauf aus China<\/title>\n<meta name=\"robots\" content=\"index, follow, max-snippet:-1, max-image-preview:large, max-video-preview:-1\" \/>\n<link rel=\"canonical\" href=\"https:\/\/ag-frisch.com\/fr\/importer-soi-meme-de-chine\/\" \/>\n<meta property=\"og:locale\" content=\"fr_FR\" \/>\n<meta property=\"og:type\" content=\"article\" \/>\n<meta property=\"og:title\" content=\"Importer soi-m\u00eame de Chine - China Import Beratung f\u00fcr den Einkauf aus China\" \/>\n<meta property=\"og:description\" content=\"Gr\u00e2ce aux conseils de l&#039;agence d&#039;importation chinoise Frisch, vous r\u00e9ussirez vos affaires en Chine comme les professionnels. Acheter en Chine - Comment rentabiliser ses achats en Chine Importer soi-m\u00eame de Chine Qui n&#039;a jamais pens\u00e9 \u00e0 quel point il serait agr\u00e9able d&#039;avoir sa propre petite entreprise et de gagner sa vie avec ? De nombreuses [&hellip;]\" \/>\n<meta property=\"og:url\" content=\"https:\/\/ag-frisch.com\/fr\/importer-soi-meme-de-chine\/\" \/>\n<meta property=\"og:site_name\" content=\"China Import Beratung f\u00fcr den Einkauf aus China\" \/>\n<meta property=\"article:publisher\" content=\"https:\/\/www.facebook.com\/China.Import\" \/>\n<meta property=\"article:modified_time\" content=\"2023-01-27T04:23:21+00:00\" \/>\n<meta property=\"og:image\" content=\"http:\/\/www.ag-frisch.de\/mastercontents\/kantfiles\/Neues%20Bild.PNG\" \/>\n<meta name=\"twitter:card\" content=\"summary_large_image\" \/>\n<meta name=\"twitter:site\" content=\"@agenturfrisch\" \/>\n<meta name=\"twitter:label1\" content=\"Dur\u00e9e de lecture estim\u00e9e\" \/>\n\t<meta name=\"twitter:data1\" content=\"6 minutes\" \/>\n<script type=\"application\/ld+json\" class=\"yoast-schema-graph\">{\"@context\":\"https:\\\/\\\/schema.org\",\"@graph\":[{\"@type\":\"WebPage\",\"@id\":\"https:\\\/\\\/ag-frisch.com\\\/fr\\\/importer-soi-meme-de-chine\\\/\",\"url\":\"https:\\\/\\\/ag-frisch.com\\\/fr\\\/importer-soi-meme-de-chine\\\/\",\"name\":\"Importer soi-m\u00eame de Chine - China Import Beratung f\u00fcr den Einkauf aus China\",\"isPartOf\":{\"@id\":\"https:\\\/\\\/ag-frisch.com\\\/de\\\/#website\"},\"primaryImageOfPage\":{\"@id\":\"https:\\\/\\\/ag-frisch.com\\\/fr\\\/importer-soi-meme-de-chine\\\/#primaryimage\"},\"image\":{\"@id\":\"https:\\\/\\\/ag-frisch.com\\\/fr\\\/importer-soi-meme-de-chine\\\/#primaryimage\"},\"thumbnailUrl\":\"http:\\\/\\\/www.ag-frisch.de\\\/mastercontents\\\/kantfiles\\\/Neues%20Bild.PNG\",\"datePublished\":\"2021-11-07T19:19:01+00:00\",\"dateModified\":\"2023-01-27T04:23:21+00:00\",\"breadcrumb\":{\"@id\":\"https:\\\/\\\/ag-frisch.com\\\/fr\\\/importer-soi-meme-de-chine\\\/#breadcrumb\"},\"inLanguage\":\"fr-FR\",\"potentialAction\":[{\"@type\":\"ReadAction\",\"target\":[\"https:\\\/\\\/ag-frisch.com\\\/fr\\\/importer-soi-meme-de-chine\\\/\"]}]},{\"@type\":\"ImageObject\",\"inLanguage\":\"fr-FR\",\"@id\":\"https:\\\/\\\/ag-frisch.com\\\/fr\\\/importer-soi-meme-de-chine\\\/#primaryimage\",\"url\":\"http:\\\/\\\/www.ag-frisch.de\\\/mastercontents\\\/kantfiles\\\/Neues%20Bild.PNG\",\"contentUrl\":\"http:\\\/\\\/www.ag-frisch.de\\\/mastercontents\\\/kantfiles\\\/Neues%20Bild.PNG\"},{\"@type\":\"BreadcrumbList\",\"@id\":\"https:\\\/\\\/ag-frisch.com\\\/fr\\\/importer-soi-meme-de-chine\\\/#breadcrumb\",\"itemListElement\":[{\"@type\":\"ListItem\",\"position\":1,\"name\":\"Startseite\",\"item\":\"https:\\\/\\\/ag-frisch.com\\\/de\\\/\"},{\"@type\":\"ListItem\",\"position\":2,\"name\":\"Importer soi-m\u00eame de Chine\"}]},{\"@type\":\"WebSite\",\"@id\":\"https:\\\/\\\/ag-frisch.com\\\/de\\\/#website\",\"url\":\"https:\\\/\\\/ag-frisch.com\\\/de\\\/\",\"name\":\"China Import Beratung f\u00fcr den Einkauf aus China\",\"description\":\"China Import &amp; Export Beratung - Der Dienstleister Ihres Vertrauens f\u00fcr Ihren China Import\",\"publisher\":{\"@id\":\"https:\\\/\\\/ag-frisch.com\\\/de\\\/#organization\"},\"potentialAction\":[{\"@type\":\"SearchAction\",\"target\":{\"@type\":\"EntryPoint\",\"urlTemplate\":\"https:\\\/\\\/ag-frisch.com\\\/de\\\/?s={search_term_string}\"},\"query-input\":{\"@type\":\"PropertyValueSpecification\",\"valueRequired\":true,\"valueName\":\"search_term_string\"}}],\"inLanguage\":\"fr-FR\"},{\"@type\":\"Organization\",\"@id\":\"https:\\\/\\\/ag-frisch.com\\\/de\\\/#organization\",\"name\":\"Agentur Frisch International Consulting GmbH & Co. KG\",\"url\":\"https:\\\/\\\/ag-frisch.com\\\/de\\\/\",\"logo\":{\"@type\":\"ImageObject\",\"inLanguage\":\"fr-FR\",\"@id\":\"https:\\\/\\\/ag-frisch.com\\\/de\\\/#\\\/schema\\\/logo\\\/image\\\/\",\"url\":\"https:\\\/\\\/ag-frisch.com\\\/wp-content\\\/uploads\\\/2021\\\/08\\\/ag_logo_rgb_300_small.png\",\"contentUrl\":\"https:\\\/\\\/ag-frisch.com\\\/wp-content\\\/uploads\\\/2021\\\/08\\\/ag_logo_rgb_300_small.png\",\"width\":153,\"height\":102,\"caption\":\"Agentur Frisch International Consulting GmbH & Co. KG\"},\"image\":{\"@id\":\"https:\\\/\\\/ag-frisch.com\\\/de\\\/#\\\/schema\\\/logo\\\/image\\\/\"},\"sameAs\":[\"https:\\\/\\\/www.facebook.com\\\/China.Import\",\"https:\\\/\\\/x.com\\\/agenturfrisch\"]}]}<\/script>\n<!-- \/ Yoast SEO plugin. -->","yoast_head_json":{"title":"Importer soi-m\u00eame de Chine - China Import Beratung f\u00fcr den Einkauf aus China","robots":{"index":"index","follow":"follow","max-snippet":"max-snippet:-1","max-image-preview":"max-image-preview:large","max-video-preview":"max-video-preview:-1"},"canonical":"https:\/\/ag-frisch.com\/fr\/importer-soi-meme-de-chine\/","og_locale":"fr_FR","og_type":"article","og_title":"Importer soi-m\u00eame de Chine - China Import Beratung f\u00fcr den Einkauf aus China","og_description":"Gr\u00e2ce aux conseils de l'agence d'importation chinoise Frisch, vous r\u00e9ussirez vos affaires en Chine comme les professionnels. Acheter en Chine - Comment rentabiliser ses achats en Chine Importer soi-m\u00eame de Chine Qui n'a jamais pens\u00e9 \u00e0 quel point il serait agr\u00e9able d'avoir sa propre petite entreprise et de gagner sa vie avec ? De nombreuses [&hellip;]","og_url":"https:\/\/ag-frisch.com\/fr\/importer-soi-meme-de-chine\/","og_site_name":"China Import Beratung f\u00fcr den Einkauf aus China","article_publisher":"https:\/\/www.facebook.com\/China.Import","article_modified_time":"2023-01-27T04:23:21+00:00","og_image":[{"url":"http:\/\/www.ag-frisch.de\/mastercontents\/kantfiles\/Neues%20Bild.PNG","type":"","width":"","height":""}],"twitter_card":"summary_large_image","twitter_site":"@agenturfrisch","twitter_misc":{"Dur\u00e9e de lecture estim\u00e9e":"6 minutes"},"schema":{"@context":"https:\/\/schema.org","@graph":[{"@type":"WebPage","@id":"https:\/\/ag-frisch.com\/fr\/importer-soi-meme-de-chine\/","url":"https:\/\/ag-frisch.com\/fr\/importer-soi-meme-de-chine\/","name":"Importer soi-m\u00eame de Chine - China Import Beratung f\u00fcr den Einkauf aus China","isPartOf":{"@id":"https:\/\/ag-frisch.com\/de\/#website"},"primaryImageOfPage":{"@id":"https:\/\/ag-frisch.com\/fr\/importer-soi-meme-de-chine\/#primaryimage"},"image":{"@id":"https:\/\/ag-frisch.com\/fr\/importer-soi-meme-de-chine\/#primaryimage"},"thumbnailUrl":"http:\/\/www.ag-frisch.de\/mastercontents\/kantfiles\/Neues%20Bild.PNG","datePublished":"2021-11-07T19:19:01+00:00","dateModified":"2023-01-27T04:23:21+00:00","breadcrumb":{"@id":"https:\/\/ag-frisch.com\/fr\/importer-soi-meme-de-chine\/#breadcrumb"},"inLanguage":"fr-FR","potentialAction":[{"@type":"ReadAction","target":["https:\/\/ag-frisch.com\/fr\/importer-soi-meme-de-chine\/"]}]},{"@type":"ImageObject","inLanguage":"fr-FR","@id":"https:\/\/ag-frisch.com\/fr\/importer-soi-meme-de-chine\/#primaryimage","url":"http:\/\/www.ag-frisch.de\/mastercontents\/kantfiles\/Neues%20Bild.PNG","contentUrl":"http:\/\/www.ag-frisch.de\/mastercontents\/kantfiles\/Neues%20Bild.PNG"},{"@type":"BreadcrumbList","@id":"https:\/\/ag-frisch.com\/fr\/importer-soi-meme-de-chine\/#breadcrumb","itemListElement":[{"@type":"ListItem","position":1,"name":"Startseite","item":"https:\/\/ag-frisch.com\/de\/"},{"@type":"ListItem","position":2,"name":"Importer soi-m\u00eame de Chine"}]},{"@type":"WebSite","@id":"https:\/\/ag-frisch.com\/de\/#website","url":"https:\/\/ag-frisch.com\/de\/","name":"China Import Beratung f\u00fcr den Einkauf aus China","description":"China Import &amp; Export Beratung - Der Dienstleister Ihres Vertrauens f\u00fcr Ihren China Import","publisher":{"@id":"https:\/\/ag-frisch.com\/de\/#organization"},"potentialAction":[{"@type":"SearchAction","target":{"@type":"EntryPoint","urlTemplate":"https:\/\/ag-frisch.com\/de\/?s={search_term_string}"},"query-input":{"@type":"PropertyValueSpecification","valueRequired":true,"valueName":"search_term_string"}}],"inLanguage":"fr-FR"},{"@type":"Organization","@id":"https:\/\/ag-frisch.com\/de\/#organization","name":"Agentur Frisch International Consulting GmbH & Co. KG","url":"https:\/\/ag-frisch.com\/de\/","logo":{"@type":"ImageObject","inLanguage":"fr-FR","@id":"https:\/\/ag-frisch.com\/de\/#\/schema\/logo\/image\/","url":"https:\/\/ag-frisch.com\/wp-content\/uploads\/2021\/08\/ag_logo_rgb_300_small.png","contentUrl":"https:\/\/ag-frisch.com\/wp-content\/uploads\/2021\/08\/ag_logo_rgb_300_small.png","width":153,"height":102,"caption":"Agentur Frisch International Consulting GmbH & Co. KG"},"image":{"@id":"https:\/\/ag-frisch.com\/de\/#\/schema\/logo\/image\/"},"sameAs":["https:\/\/www.facebook.com\/China.Import","https:\/\/x.com\/agenturfrisch"]}]}},"_links":{"self":[{"href":"https:\/\/ag-frisch.com\/fr\/wp-json\/wp\/v2\/pages\/10600","targetHints":{"allow":["GET"]}}],"collection":[{"href":"https:\/\/ag-frisch.com\/fr\/wp-json\/wp\/v2\/pages"}],"about":[{"href":"https:\/\/ag-frisch.com\/fr\/wp-json\/wp\/v2\/types\/page"}],"author":[{"embeddable":true,"href":"https:\/\/ag-frisch.com\/fr\/wp-json\/wp\/v2\/users\/2"}],"replies":[{"embeddable":true,"href":"https:\/\/ag-frisch.com\/fr\/wp-json\/wp\/v2\/comments?post=10600"}],"version-history":[{"count":0,"href":"https:\/\/ag-frisch.com\/fr\/wp-json\/wp\/v2\/pages\/10600\/revisions"}],"wp:attachment":[{"href":"https:\/\/ag-frisch.com\/fr\/wp-json\/wp\/v2\/media?parent=10600"}],"curies":[{"name":"wp","href":"https:\/\/api.w.org\/{rel}","templated":true}]}}