{"id":10785,"date":"2021-11-07T20:59:49","date_gmt":"2021-11-07T19:59:49","guid":{"rendered":"https:\/\/ag-frisch.com\/examen-lfgb\/"},"modified":"2023-01-27T05:24:06","modified_gmt":"2023-01-27T04:24:06","slug":"examen-lfgb","status":"publish","type":"page","link":"https:\/\/ag-frisch.com\/fr\/examen-lfgb\/","title":{"rendered":"examen lfgb"},"content":{"rendered":"<p>[et_pb_section fb_built=&#8221;1&#8243; _builder_version=&#8221;4.16&#8243; _module_preset=&#8221;default&#8221; global_colors_info=&#8221;{}&#8221;][et_pb_row _builder_version=&#8221;4.16&#8243; _module_preset=&#8221;default&#8221; global_colors_info=&#8221;{}&#8221;][et_pb_column type=&#8221;4_4&#8243; _builder_version=&#8221;4.16&#8243; _module_preset=&#8221;default&#8221; global_colors_info=&#8221;{}&#8221;][et_pb_cta title=&#8221;Faire r\u00e9aliser le contr\u00f4le LFGB directement en Chine&#8221; button_url=&#8221;https:\/\/ag-frisch.com\/fr\/contact\/&#8221; button_text=&#8221;Demandez maintenant directement&#8221; _builder_version=&#8221;4.16&#8243; _module_preset=&#8221;default&#8221; global_colors_info=&#8221;{}&#8221;]<\/p>\n<p>Nous vous soutenons dans la mise en conformit\u00e9 LFGB de vos produits en provenance de Chine.  <\/p>\n<p>[\/et_pb_cta][et_pb_text _builder_version=&#8221;4.18.1&#8243; _module_preset=&#8221;default&#8221; hover_enabled=&#8221;0&#8243; global_colors_info=&#8221;{}&#8221; sticky_enabled=&#8221;0&#8243;]<\/p>\n<h1>Contr\u00f4le LFGB : conformit\u00e9 et contr\u00f4le lors de l&#8217;importation de Chine<\/h1>\n<h2>Laboratoire de test LFGB en Chine<\/h2>\n<p><strong>LFGB &#8211; Code des denr\u00e9es alimentaires et des aliments pour animaux<\/strong><\/p>\n<p><strong>Respect du LFGB pour les produits en provenance de Chine  <\/strong><\/p>\n<p>Depuis 2005, la loi sur les denr\u00e9es alimentaires et les aliments pour animaux (LFGB) s&#8217;applique \u00e0 tout ce qui est vendu en Allemagne en mati\u00e8re de denr\u00e9es alimentaires et d&#8217;aliments pour animaux, mais aussi en mati\u00e8re d&#8217;articles de consommation courante li\u00e9s \u00e0 la s\u00e9curit\u00e9. L&#8217;\u00e9l\u00e9ment d\u00e9terminant pour la prise en compte des mat\u00e9riaux et objets par le LFGB est la quantit\u00e9 et la dur\u00e9e du contact du produit avec les denr\u00e9es alimentaires.<\/p>\n<p>Les produits couverts par le LFGB sont par exemple<\/p>\n<ul>\n<li>Vaisselle, tasses, couverts<\/li>\n<li>Sali\u00e8re et poivri\u00e8re<\/li>\n<li>Barquettes \u00e0 fruits<\/li>\n<li>Planches \u00e0 d\u00e9couper<\/li>\n<\/ul>\n<p>Outre les marchandises qui entrent en contact avec les denr\u00e9es alimentaires, les objets qui entrent en contact avec le corps humain (peau, cheveux, en particulier aussi les muqueuses) rel\u00e8vent \u00e9galement de la LFGB. Il s&#8217;agit par exemple<\/p>\n<ul>\n<li>Linge de lit<\/li>\n<li>T\u00e9tine pour b\u00e9b\u00e9 (sucette)<\/li>\n<li>Sifflets<\/li>\n<li>Brosses \u00e0 dents<\/li>\n<\/ul>\n<p>Le contexte du LFGB est la s\u00e9curit\u00e9 des personnes et des animaux. Les consommateurs ont le droit de recevoir des produits non toxiques contr\u00f4l\u00e9s. Cela doit permettre de pr\u00e9venir les dommages et de s\u00e9curiser la circulation mondiale des marchandises.<\/p>\n<p><strong>Le respect du LFGB pour les produits en provenance de Chine est une prestation obligatoire. Un examen appropri\u00e9 est n\u00e9cessaire.<\/strong><\/p>\n<p>Afin de garantir le respect de la LFGB pour les produits en provenance de Chine, un contr\u00f4le LFGB devrait \u00eatre effectu\u00e9 en Chine.<\/p>\n<p>&nbsp;<\/p>\n<p><strong>Contr\u00f4le LFGB en Chine par nos laboratoires de test<\/strong><\/p>\n<p>La filiale de l&#8217;agence Frisch, BEIDE Compliance Laboratory, poss\u00e8de ses propres laboratoires d&#8217;essai en Chine. Nous nous assurons ainsi que les certificats de contr\u00f4le sont fiables. Si l&#8217;on se fie \u00e0 des sources peu s\u00e9rieuses ou peu s\u00fbres, cela peut rapidement entra\u00eener de graves probl\u00e8mes lors de l&#8217;importation en Allemagne. Il est \u00e9galement possible d&#8217;\u00e9viter des rappels co\u00fbteux en faisant r\u00e9aliser des tests LFGB s\u00e9rieux et fiables en Chine.<\/p>\n<p>BEIDE Compliance Laboratory dispose de laboratoires hautement professionnels, contr\u00f4l\u00e9s de mani\u00e8re ind\u00e9pendante, dans lesquels nous pouvons effectuer des tests LFGB en Chine selon les normes allemandes. Lors de ces tests, nous d\u00e9terminons la teneur en substances nocives de vos produits. \u00c0 partir de la liste europ\u00e9enne des substances dangereuses, interdites ou faisant l&#8217;objet de restrictions, nous v\u00e9rifions l&#8217;innocuit\u00e9 de vos produits. BEIDE Compliance Laboratory est un laboratoire de test LFGB qualifi\u00e9 en Chine et est autoris\u00e9 \u00e0 d\u00e9livrer les certificats d&#8217;essai correspondants apr\u00e8s avoir effectu\u00e9 les tests.<\/p>\n<p><strong>La r\u00e9alisation des tests dans le laboratoire d&#8217;essai des DEUX LFGB en Chine vous donne l&#8217;assurance d&#8217;importer des marchandises certifi\u00e9es conformes aux normes de l&#8217;UE.<\/strong><\/p>\n<p>Sur demande, nous vous fournissons en outre le mod\u00e8le de d\u00e9claration de conformit\u00e9 dont vous avez besoin pour l&#8217;importation en Allemagne.<\/p>\n<p>&nbsp;<\/p>\n<p><strong>S\u00e9curit\u00e9 du respect de la LFGB pour les produits en provenance de Chine<\/strong><\/p>\n<p>La confiance c&#8217;est bien, le contr\u00f4le c&#8217;est mieux &#8211; en tant que votre prestataire de services complets dans l&#8217;importation de Chine, vous pouvez compter sur la qualit\u00e9 de nos prestations. Nous effectuons pour vous l&#8217;ensemble du processus d&#8217;importation. En cas de difficult\u00e9s, nous pouvons donc r\u00e9agir particuli\u00e8rement vite et nous agissons de mani\u00e8re responsable \u00e0 chaque \u00e9tape de la prestation d&#8217;importation. Nos DEUX laboratoires de test LFGB en Chine font partie de ce service de premi\u00e8re classe. Nous effectuons nous-m\u00eames les contr\u00f4les LFGB en Chine et pouvons donc garantir leur qualit\u00e9. Avec nous, aucune surprise ne vous attend \u00e0 la douane et aux contr\u00f4les administratifs.<\/p>\n<p>&nbsp;<\/p>\n<p><strong>Mon importation est-elle soumise au respect de la LFGB pour les produits en provenance de Chine ?<\/strong><\/p>\n<p>Si vous ne pouvez pas r\u00e9pondre avec certitude \u00e0 cette question, nous nous ferons un plaisir de d\u00e9terminer pour vous si votre produit doit \u00eatre soumis \u00e0 un contr\u00f4le LFGB. Car malheureusement, les faits ne sont pas toujours totalement clairs. Les experts juridiques de l&#8217;agence Frisch connaissent la loi et les jugements actuels des tribunaux et peuvent donc faire des d\u00e9clarations claires sur la pertinence, pour votre importation, du respect de la LFGB pour les produits en provenance de Chine.<\/p>\n<p>&nbsp;<\/p>\n<p><strong>Confiez-nous le contr\u00f4le LFGB en Chine !<\/strong><\/p>\n<p>[\/et_pb_text][\/et_pb_column][\/et_pb_row][\/et_pb_section][et_pb_section fb_built=&#8221;1&#8243; admin_label=&#8221;Testimonials&#8221; _builder_version=&#8221;4.16&#8243; use_background_color_gradient=&#8221;on&#8221; background_color_gradient_stops=&#8221;rgba(0,106,156,0.85) 0%|rgba(0,106,156,0.85) 100%&#8221; background_color_gradient_start=&#8221;rgba(0,106,156,0.85)&#8221; background_color_gradient_end=&#8221;rgba(0,106,156,0.85)&#8221; custom_padding=&#8221;90px||60px|&#8221; animation_style=&#8221;fold&#8221; animation_direction=&#8221;bottom&#8221; animation_intensity_fold=&#8221;4%&#8221; global_colors_info=&#8221;{}&#8221;][et_pb_row _builder_version=&#8221;4.16&#8243; background_size=&#8221;initial&#8221; background_position=&#8221;top_left&#8221; background_repeat=&#8221;repeat&#8221; custom_width_px=&#8221;710px&#8221; locked=&#8221;off&#8221; global_colors_info=&#8221;{}&#8221;][et_pb_column type=&#8221;4_4&#8243; _builder_version=&#8221;4.16&#8243; background_position=&#8221;top_left&#8221; custom_padding=&#8221;|||&#8221; global_colors_info=&#8221;{}&#8221; custom_padding__hover=&#8221;|||&#8221;][et_pb_text admin_label=&#8221;Testimonials Section Title&#8221; _builder_version=&#8221;4.16&#8243; header_font=&#8221;Montserrat||||&#8221; header_font_size=&#8221;36px&#8221; background_size=&#8221;initial&#8221; background_position=&#8221;top_left&#8221; background_repeat=&#8221;repeat&#8221; text_orientation=&#8221;center&#8221; background_layout=&#8221;dark&#8221; max_width=&#8221;710px&#8221; module_alignment=&#8221;center&#8221; animation_style=&#8221;fold&#8221; animation_direction=&#8221;bottom&#8221; animation_intensity_fold=&#8221;20%&#8221; global_colors_info=&#8221;{}&#8221;]<\/p>\n<h1>Plus de 5000 clients satisfaits.<\/h1>\n<p>&nbsp;<\/p>\n<p>[\/et_pb_text][et_pb_divider color=&#8221;#ffffff&#8221; divider_weight=&#8221;3px&#8221; disabled_on=&#8221;off|off|off&#8221; _builder_version=&#8221;4.16&#8243; background_color_gradient_direction=&#8221;90deg&#8221; max_width=&#8221;100px&#8221; module_alignment=&#8221;center&#8221; height=&#8221;5px&#8221; custom_margin=&#8221;||20px|&#8221; custom_padding=&#8221;||20px|&#8221; animation_style=&#8221;slide&#8221; animation_direction=&#8221;bottom&#8221; saved_tabs=&#8221;all&#8221; locked=&#8221;off&#8221; global_colors_info=&#8221;{}&#8221;][\/et_pb_divider][\/et_pb_column][\/et_pb_row][et_pb_row column_structure=&#8221;1_2,1_2&#8243; _builder_version=&#8221;4.18.1&#8243; _module_preset=&#8221;default&#8221; global_colors_info=&#8221;{}&#8221;][et_pb_column type=&#8221;1_2&#8243; _builder_version=&#8221;4.18.1&#8243; _module_preset=&#8221;default&#8221; global_colors_info=&#8221;{}&#8221;][et_pb_testimonial author=&#8221;Marco&#8221; portrait_url=&#8221;https:\/\/ag-frisch.com\/wp-content\/uploads\/2021\/08\/Harald.png&#8221; quote_icon=&#8221;off&#8221; _builder_version=&#8221;4.18.1&#8243; _module_preset=&#8221;default&#8221; body_font_size=&#8221;16px&#8221; use_background_color=&#8221;off&#8221; background_layout=&#8221;dark&#8221; global_colors_info=&#8221;{}&#8221;]J&#8217;ai demand\u00e9 \u00e0 l&#8217;agence Frisch de faire produire un meuble de grande taille en Chine et de le transf\u00e9rer ensuite en Allemagne. La communication par e-mail a \u00e9t\u00e9 fluide tout au long du processus ! Des r\u00e9ponses tr\u00e8s rapides et fiables m&#8217;ont apport\u00e9 en permanence les garanties indispensables \u00e0 une telle entreprise. J&#8217;ai toujours \u00e9t\u00e9 aid\u00e9 dans la jungle bureaucratique et aucun formulaire n&#8217;a \u00e9t\u00e9 oubli\u00e9 ou mal rempli. Tr\u00e8s louable !<a href=\"&lt;div%20class=%22pe-richsnippets%22&gt;&nbsp;&lt;\/div&gt;%20&lt;script%20type=%22text\/javascript%22%20src=%22https:\/\/www.provenexpert.com\/widget\/richsnippet.js?u=1NUA0VwZ4RUZ5tmAi5zA4RaplNKAlWwZ&amp;v=2%22%20async&gt;&lt;\/script&gt;%20&lt;div%20style=%22text-align:%20justify;%22&gt;&lt;br%20\/&gt;\"><\/a><\/p>\n<div class=\"brow ratingBarMargin\">\n<div class=\"ratingBar\">\n<div class=\"brow\">\n<div class=\"pe-richsnippets\">&nbsp;<\/div>\n<p><script type=\"text\/javascript\" src=\"https:\/\/www.provenexpert.com\/widget\/richsnippet.js?u=1NUA0VwZ4RUZ5tmAi5zA4RaplNKAlWwZ&amp;v=2\" async=\"\"><\/script><\/p>\n<div style=\"text-align: justify;\"><\/p>\n<div class=\"col-lg-9 col-md-8 col-xs-10 mt20 mb20\">\n<div class=\"col-xs-12 surveyNameForRating\"><\/div>\n<\/div>\n<\/div>\n<\/div>\n<\/div>\n<\/div>\n<p>[\/et_pb_testimonial][\/et_pb_column][et_pb_column type=&#8221;1_2&#8243; _builder_version=&#8221;4.18.1&#8243; _module_preset=&#8221;default&#8221; global_colors_info=&#8221;{}&#8221;][et_pb_testimonial author=&#8221;Simone L.&#8221; portrait_url=&#8221;https:\/\/ag-frisch.com\/wp-content\/uploads\/2021\/08\/Harald.png&#8221; quote_icon=&#8221;off&#8221; _builder_version=&#8221;4.18.1&#8243; _module_preset=&#8221;default&#8221; body_font_size=&#8221;16px&#8221; use_background_color=&#8221;off&#8221; background_layout=&#8221;dark&#8221; global_colors_info=&#8221;{}&#8221;]<\/p>\n<p>Tout est au top. On ne peut pas faire mieux. On ne peut pas faire mieux en mati\u00e8re de conseil et de r\u00e9alisation. Apr\u00e8s avoir pass\u00e9 plusieurs commandes aupr\u00e8s de cette entreprise, nous sommes plus que satisfaits et poursuivons notre collaboration.<\/p>\n<div class=\"brow ratingBarMargin\">\n<div class=\"ratingBar\">\n<div class=\"brow\">\n<div class=\"pe-richsnippets\"> <\/div>\n<p>\n<script type=\"text\/javascript\" src=\"https:\/\/www.provenexpert.com\/widget\/richsnippet.js?u=1NUA0VwZ4RUZ5tmAi5zA4RaplNKAlWwZ&amp;v=2\" async=\"\"><\/script>\n<\/p>\n<div style=\"text-align: justify;\">\n<p>&nbsp;<\/p>\n<div class=\"col-lg-9 col-md-8 col-xs-10 mt20 mb20\">\n<div class=\"col-xs-12 surveyNameForRating\"><\/div>\n<\/div>\n<\/div>\n<\/div>\n<\/div>\n<\/div>\n<p>[\/et_pb_testimonial][\/et_pb_column][\/et_pb_row][et_pb_row _builder_version=&#8221;4.16&#8243; background_size=&#8221;initial&#8221; background_position=&#8221;top_left&#8221; background_repeat=&#8221;repeat&#8221; custom_padding=&#8221;50px|0px|30px|0px&#8221; custom_css_main_element=&#8221;text-align: center;&#8221; global_colors_info=&#8221;{}&#8221;][et_pb_column type=&#8221;4_4&#8243; _builder_version=&#8221;4.16&#8243; custom_padding=&#8221;|||&#8221; global_colors_info=&#8221;{}&#8221; custom_padding__hover=&#8221;|||&#8221;][et_pb_button button_url=&#8221;https:\/\/www.provenexpert.com\/de-de\/agentur-frisch-international-consulting-gmbh-und-co-kg\/&#8221; button_text=&#8221;PLUS D&#039;AVIS&#8221; button_alignment=&#8221;left&#8221; admin_label=&#8221;Testimonial Button&#8221; _builder_version=&#8221;4.16&#8243; custom_button=&#8221;on&#8221; button_text_size=&#8221;18px&#8221; button_text_color=&#8221;#ffffff&#8221; button_bg_color=&#8221;#6eba01&#8243; button_border_width=&#8221;2px&#8221; button_border_color=&#8221;#6eba01&#8243; button_border_radius=&#8221;0px&#8221; button_letter_spacing=&#8221;2px&#8221; button_font=&#8221;Montserrat|||on|&#8221; button_use_icon=&#8221;off&#8221; animation_style=&#8221;fold&#8221; animation_direction=&#8221;bottom&#8221; button_text_color_hover=&#8221;#ffffff&#8221; button_border_color_hover=&#8221;#ffffff&#8221; button_border_radius_hover=&#8221;0px&#8221; button_letter_spacing_hover=&#8221;2px&#8221; button_bg_color_hover=&#8221;rgba(255,255,255,0)&#8221; locked=&#8221;off&#8221; global_colors_info=&#8221;{}&#8221; button_text_size__hover_enabled=&#8221;off&#8221; button_one_text_size__hover_enabled=&#8221;off&#8221; button_two_text_size__hover_enabled=&#8221;off&#8221; button_text_color__hover_enabled=&#8221;on&#8221; button_text_color__hover=&#8221;#ffffff&#8221; button_one_text_color__hover_enabled=&#8221;off&#8221; button_two_text_color__hover_enabled=&#8221;off&#8221; button_border_width__hover_enabled=&#8221;off&#8221; button_one_border_width__hover_enabled=&#8221;off&#8221; button_two_border_width__hover_enabled=&#8221;off&#8221; button_border_color__hover_enabled=&#8221;on&#8221; button_border_color__hover=&#8221;#ffffff&#8221; button_one_border_color__hover_enabled=&#8221;off&#8221; button_two_border_color__hover_enabled=&#8221;off&#8221; button_border_radius__hover_enabled=&#8221;on&#8221; button_border_radius__hover=&#8221;0px&#8221; button_one_border_radius__hover_enabled=&#8221;off&#8221; button_two_border_radius__hover_enabled=&#8221;off&#8221; button_letter_spacing__hover_enabled=&#8221;on&#8221; button_letter_spacing__hover=&#8221;2px&#8221; button_one_letter_spacing__hover_enabled=&#8221;off&#8221; button_two_letter_spacing__hover_enabled=&#8221;off&#8221; button_bg_color__hover_enabled=&#8221;on&#8221; button_bg_color__hover=&#8221;rgba(255,255,255,0)&#8221; button_one_bg_color__hover_enabled=&#8221;off&#8221; button_two_bg_color__hover_enabled=&#8221;off&#8221;][\/et_pb_button][\/et_pb_column][\/et_pb_row][\/et_pb_section]<\/p>\n","protected":false},"excerpt":{"rendered":"<p>Nous vous soutenons dans la mise en conformit\u00e9 LFGB de vos produits en provenance de Chine. Contr\u00f4le LFGB : conformit\u00e9 et contr\u00f4le lors de l&#8217;importation de Chine Laboratoire de test LFGB en Chine LFGB &#8211; Code des denr\u00e9es alimentaires et des aliments pour animaux Respect du LFGB pour les produits en provenance de Chine Depuis [&hellip;]<\/p>\n","protected":false},"author":2,"featured_media":0,"parent":0,"menu_order":0,"comment_status":"closed","ping_status":"closed","template":"","meta":{"_et_pb_use_builder":"on","_et_pb_old_content":"","_et_gb_content_width":"","footnotes":""},"class_list":["post-10785","page","type-page","status-publish","hentry"],"yoast_head":"<!-- This site is optimized with the Yoast SEO plugin v27.4 - https:\/\/yoast.com\/product\/yoast-seo-wordpress\/ -->\n<title>Contr\u00f4le LFGB : conformit\u00e9 et contr\u00f4le lors de l&#039;importation de Chine<\/title>\n<meta name=\"description\" content=\"Contr\u00f4le LFGB par nos propres laboratoires d&#039;essai \u25ba Importation s\u00fbre gr\u00e2ce au contr\u00f4le et au respect du LFGB \u25ba Demandez maintenant conseil \u00e0 des experts !\" \/>\n<meta name=\"robots\" content=\"index, follow, max-snippet:-1, max-image-preview:large, max-video-preview:-1\" \/>\n<link rel=\"canonical\" href=\"https:\/\/ag-frisch.com\/fr\/examen-lfgb\/\" \/>\n<meta property=\"og:locale\" content=\"fr_FR\" \/>\n<meta property=\"og:type\" content=\"article\" \/>\n<meta property=\"og:title\" content=\"Contr\u00f4le LFGB : conformit\u00e9 et contr\u00f4le lors de l&#039;importation de Chine\" \/>\n<meta property=\"og:description\" content=\"Contr\u00f4le LFGB par nos propres laboratoires d&#039;essai \u25ba Importation s\u00fbre gr\u00e2ce au contr\u00f4le et au respect du LFGB \u25ba Demandez maintenant conseil \u00e0 des experts !\" \/>\n<meta property=\"og:url\" content=\"https:\/\/ag-frisch.com\/fr\/examen-lfgb\/\" \/>\n<meta property=\"og:site_name\" content=\"China Import Beratung f\u00fcr den Einkauf aus China\" \/>\n<meta property=\"article:publisher\" content=\"https:\/\/www.facebook.com\/China.Import\" \/>\n<meta property=\"article:modified_time\" content=\"2023-01-27T04:24:06+00:00\" \/>\n<meta name=\"twitter:card\" content=\"summary_large_image\" \/>\n<meta name=\"twitter:site\" content=\"@agenturfrisch\" \/>\n<meta name=\"twitter:label1\" content=\"Dur\u00e9e de lecture estim\u00e9e\" \/>\n\t<meta name=\"twitter:data1\" content=\"8 minutes\" \/>\n<script type=\"application\/ld+json\" class=\"yoast-schema-graph\">{\"@context\":\"https:\\\/\\\/schema.org\",\"@graph\":[{\"@type\":\"WebPage\",\"@id\":\"https:\\\/\\\/ag-frisch.com\\\/fr\\\/examen-lfgb\\\/\",\"url\":\"https:\\\/\\\/ag-frisch.com\\\/fr\\\/examen-lfgb\\\/\",\"name\":\"Contr\u00f4le LFGB : conformit\u00e9 et contr\u00f4le lors de l'importation de Chine\",\"isPartOf\":{\"@id\":\"https:\\\/\\\/ag-frisch.com\\\/de\\\/#website\"},\"datePublished\":\"2021-11-07T19:59:49+00:00\",\"dateModified\":\"2023-01-27T04:24:06+00:00\",\"description\":\"Contr\u00f4le LFGB par nos propres laboratoires d'essai \u25ba Importation s\u00fbre gr\u00e2ce au contr\u00f4le et au respect du LFGB \u25ba Demandez maintenant conseil \u00e0 des experts !\",\"breadcrumb\":{\"@id\":\"https:\\\/\\\/ag-frisch.com\\\/fr\\\/examen-lfgb\\\/#breadcrumb\"},\"inLanguage\":\"fr-FR\",\"potentialAction\":[{\"@type\":\"ReadAction\",\"target\":[\"https:\\\/\\\/ag-frisch.com\\\/fr\\\/examen-lfgb\\\/\"]}]},{\"@type\":\"BreadcrumbList\",\"@id\":\"https:\\\/\\\/ag-frisch.com\\\/fr\\\/examen-lfgb\\\/#breadcrumb\",\"itemListElement\":[{\"@type\":\"ListItem\",\"position\":1,\"name\":\"Startseite\",\"item\":\"https:\\\/\\\/ag-frisch.com\\\/de\\\/\"},{\"@type\":\"ListItem\",\"position\":2,\"name\":\"examen lfgb\"}]},{\"@type\":\"WebSite\",\"@id\":\"https:\\\/\\\/ag-frisch.com\\\/de\\\/#website\",\"url\":\"https:\\\/\\\/ag-frisch.com\\\/de\\\/\",\"name\":\"China Import Beratung f\u00fcr den Einkauf aus China\",\"description\":\"China Import &amp; Export Beratung - Der Dienstleister Ihres Vertrauens f\u00fcr Ihren China Import\",\"publisher\":{\"@id\":\"https:\\\/\\\/ag-frisch.com\\\/de\\\/#organization\"},\"potentialAction\":[{\"@type\":\"SearchAction\",\"target\":{\"@type\":\"EntryPoint\",\"urlTemplate\":\"https:\\\/\\\/ag-frisch.com\\\/de\\\/?s={search_term_string}\"},\"query-input\":{\"@type\":\"PropertyValueSpecification\",\"valueRequired\":true,\"valueName\":\"search_term_string\"}}],\"inLanguage\":\"fr-FR\"},{\"@type\":\"Organization\",\"@id\":\"https:\\\/\\\/ag-frisch.com\\\/de\\\/#organization\",\"name\":\"Agentur Frisch International Consulting GmbH & Co. KG\",\"url\":\"https:\\\/\\\/ag-frisch.com\\\/de\\\/\",\"logo\":{\"@type\":\"ImageObject\",\"inLanguage\":\"fr-FR\",\"@id\":\"https:\\\/\\\/ag-frisch.com\\\/de\\\/#\\\/schema\\\/logo\\\/image\\\/\",\"url\":\"https:\\\/\\\/ag-frisch.com\\\/wp-content\\\/uploads\\\/2021\\\/08\\\/ag_logo_rgb_300_small.png\",\"contentUrl\":\"https:\\\/\\\/ag-frisch.com\\\/wp-content\\\/uploads\\\/2021\\\/08\\\/ag_logo_rgb_300_small.png\",\"width\":153,\"height\":102,\"caption\":\"Agentur Frisch International Consulting GmbH & Co. KG\"},\"image\":{\"@id\":\"https:\\\/\\\/ag-frisch.com\\\/de\\\/#\\\/schema\\\/logo\\\/image\\\/\"},\"sameAs\":[\"https:\\\/\\\/www.facebook.com\\\/China.Import\",\"https:\\\/\\\/x.com\\\/agenturfrisch\"]}]}<\/script>\n<!-- \/ Yoast SEO plugin. -->","yoast_head_json":{"title":"Contr\u00f4le LFGB : conformit\u00e9 et contr\u00f4le lors de l'importation de Chine","description":"Contr\u00f4le LFGB par nos propres laboratoires d'essai \u25ba Importation s\u00fbre gr\u00e2ce au contr\u00f4le et au respect du LFGB \u25ba Demandez maintenant conseil \u00e0 des experts !","robots":{"index":"index","follow":"follow","max-snippet":"max-snippet:-1","max-image-preview":"max-image-preview:large","max-video-preview":"max-video-preview:-1"},"canonical":"https:\/\/ag-frisch.com\/fr\/examen-lfgb\/","og_locale":"fr_FR","og_type":"article","og_title":"Contr\u00f4le LFGB : conformit\u00e9 et contr\u00f4le lors de l'importation de Chine","og_description":"Contr\u00f4le LFGB par nos propres laboratoires d'essai \u25ba Importation s\u00fbre gr\u00e2ce au contr\u00f4le et au respect du LFGB \u25ba Demandez maintenant conseil \u00e0 des experts !","og_url":"https:\/\/ag-frisch.com\/fr\/examen-lfgb\/","og_site_name":"China Import Beratung f\u00fcr den Einkauf aus China","article_publisher":"https:\/\/www.facebook.com\/China.Import","article_modified_time":"2023-01-27T04:24:06+00:00","twitter_card":"summary_large_image","twitter_site":"@agenturfrisch","twitter_misc":{"Dur\u00e9e de lecture estim\u00e9e":"8 minutes"},"schema":{"@context":"https:\/\/schema.org","@graph":[{"@type":"WebPage","@id":"https:\/\/ag-frisch.com\/fr\/examen-lfgb\/","url":"https:\/\/ag-frisch.com\/fr\/examen-lfgb\/","name":"Contr\u00f4le LFGB : conformit\u00e9 et contr\u00f4le lors de l'importation de Chine","isPartOf":{"@id":"https:\/\/ag-frisch.com\/de\/#website"},"datePublished":"2021-11-07T19:59:49+00:00","dateModified":"2023-01-27T04:24:06+00:00","description":"Contr\u00f4le LFGB par nos propres laboratoires d'essai \u25ba Importation s\u00fbre gr\u00e2ce au contr\u00f4le et au respect du LFGB \u25ba Demandez maintenant conseil \u00e0 des experts !","breadcrumb":{"@id":"https:\/\/ag-frisch.com\/fr\/examen-lfgb\/#breadcrumb"},"inLanguage":"fr-FR","potentialAction":[{"@type":"ReadAction","target":["https:\/\/ag-frisch.com\/fr\/examen-lfgb\/"]}]},{"@type":"BreadcrumbList","@id":"https:\/\/ag-frisch.com\/fr\/examen-lfgb\/#breadcrumb","itemListElement":[{"@type":"ListItem","position":1,"name":"Startseite","item":"https:\/\/ag-frisch.com\/de\/"},{"@type":"ListItem","position":2,"name":"examen lfgb"}]},{"@type":"WebSite","@id":"https:\/\/ag-frisch.com\/de\/#website","url":"https:\/\/ag-frisch.com\/de\/","name":"China Import Beratung f\u00fcr den Einkauf aus China","description":"China Import &amp; Export Beratung - Der Dienstleister Ihres Vertrauens f\u00fcr Ihren China Import","publisher":{"@id":"https:\/\/ag-frisch.com\/de\/#organization"},"potentialAction":[{"@type":"SearchAction","target":{"@type":"EntryPoint","urlTemplate":"https:\/\/ag-frisch.com\/de\/?s={search_term_string}"},"query-input":{"@type":"PropertyValueSpecification","valueRequired":true,"valueName":"search_term_string"}}],"inLanguage":"fr-FR"},{"@type":"Organization","@id":"https:\/\/ag-frisch.com\/de\/#organization","name":"Agentur Frisch International Consulting GmbH & Co. KG","url":"https:\/\/ag-frisch.com\/de\/","logo":{"@type":"ImageObject","inLanguage":"fr-FR","@id":"https:\/\/ag-frisch.com\/de\/#\/schema\/logo\/image\/","url":"https:\/\/ag-frisch.com\/wp-content\/uploads\/2021\/08\/ag_logo_rgb_300_small.png","contentUrl":"https:\/\/ag-frisch.com\/wp-content\/uploads\/2021\/08\/ag_logo_rgb_300_small.png","width":153,"height":102,"caption":"Agentur Frisch International Consulting GmbH & Co. KG"},"image":{"@id":"https:\/\/ag-frisch.com\/de\/#\/schema\/logo\/image\/"},"sameAs":["https:\/\/www.facebook.com\/China.Import","https:\/\/x.com\/agenturfrisch"]}]}},"_links":{"self":[{"href":"https:\/\/ag-frisch.com\/fr\/wp-json\/wp\/v2\/pages\/10785","targetHints":{"allow":["GET"]}}],"collection":[{"href":"https:\/\/ag-frisch.com\/fr\/wp-json\/wp\/v2\/pages"}],"about":[{"href":"https:\/\/ag-frisch.com\/fr\/wp-json\/wp\/v2\/types\/page"}],"author":[{"embeddable":true,"href":"https:\/\/ag-frisch.com\/fr\/wp-json\/wp\/v2\/users\/2"}],"replies":[{"embeddable":true,"href":"https:\/\/ag-frisch.com\/fr\/wp-json\/wp\/v2\/comments?post=10785"}],"version-history":[{"count":0,"href":"https:\/\/ag-frisch.com\/fr\/wp-json\/wp\/v2\/pages\/10785\/revisions"}],"wp:attachment":[{"href":"https:\/\/ag-frisch.com\/fr\/wp-json\/wp\/v2\/media?parent=10785"}],"curies":[{"name":"wp","href":"https:\/\/api.w.org\/{rel}","templated":true}]}}