{"id":11090,"date":"2022-04-28T14:02:02","date_gmt":"2022-04-28T12:02:02","guid":{"rendered":"https:\/\/ag-frisch.com\/voitures-et-motos\/"},"modified":"2023-01-27T05:27:31","modified_gmt":"2023-01-27T04:27:31","slug":"voitures-et-motos","status":"publish","type":"page","link":"https:\/\/ag-frisch.com\/fr\/voitures-et-motos\/","title":{"rendered":"Voitures et motos"},"content":{"rendered":"<p>[et_pb_section fb_built=&#8221;1&#8243; _builder_version=&#8221;4.16&#8243; _module_preset=&#8221;default&#8221; global_colors_info=&#8221;{}&#8221;][et_pb_row _builder_version=&#8221;4.18.1&#8243; _module_preset=&#8221;default&#8221; global_colors_info=&#8221;{}&#8221;][et_pb_column type=&#8221;4_4&#8243; _builder_version=&#8221;4.18.1&#8243; _module_preset=&#8221;default&#8221; global_colors_info=&#8221;{}&#8221;][et_pb_cta title=&#8221;Importer des pi\u00e8ces automobiles, des v\u00e9los \u00e9lectriques et des bicyclettes de Chine&#8221; button_url=&#8221;https:\/\/ag-frisch.com\/fr\/contact\/&#8221; button_text=&#8221;Faire appel \u00e0 des professionnels maintenant&#8221; _builder_version=&#8221;4.18.1&#8243; _module_preset=&#8221;default&#8221; global_colors_info=&#8221;{}&#8221;]<\/p>\n<p>Nous vous assistons dans l&#8217;achat de pi\u00e8ces automobiles, de v\u00e9los \u00e9lectriques et de bicyclettes, depuis la premi\u00e8re demande, la recherche de fournisseurs en Chine, les commandes d&#8217;\u00e9chantillons, la r\u00e9daction de contrats, les proc\u00e9dures de conformit\u00e9, l&#8217;assurance qualit\u00e9 en Chine jusqu&#8217;\u00e0 la logistique et la livraison.  <\/p>\n<p>[\/et_pb_cta][\/et_pb_column][\/et_pb_row][et_pb_row _builder_version=&#8221;4.16&#8243; _module_preset=&#8221;default&#8221; global_colors_info=&#8221;{}&#8221;][et_pb_column type=&#8221;4_4&#8243; _builder_version=&#8221;4.16&#8243; _module_preset=&#8221;default&#8221; global_colors_info=&#8221;{}&#8221;][et_pb_text _builder_version=&#8221;4.18.1&#8243; _module_preset=&#8221;default&#8221; custom_padding=&#8221;0px||1px|||&#8221; hover_enabled=&#8221;0&#8243; global_colors_info=&#8221;{}&#8221; sticky_enabled=&#8221;0&#8243;]<\/p>\n<h1>Importation de v\u00e9hicules en provenance de Chine : votre professionnel pour l&#8217;importation de voitures et de pi\u00e8ces automobiles<br \/>\n<\/h1>\n<p>L&#8217;agence Frisch vous propose des produits de tailles tr\u00e8s diverses, du coupe-ongles \u00e0 la machine industrielle &#8211; vous pouvez \u00e9galement vous procurer chez nous des voitures, des pi\u00e8ces automobiles et tout ce qui concerne les deux roues. Nous vous mettons en contact avec des entreprises en Chine qui produisent exactement comme vous le souhaitez. Nous analysons avec vous les besoins et \u00e9tablissons le lien optimal avec le fabricant appropri\u00e9 pour acheter des pi\u00e8ces automobiles et plus encore en Chine. L&#8217;agence Frisch vous propose dans l&#8217;importation de Chine :<\/p>\n<ul>\n<li>Voitures et pi\u00e8ces automobiles<\/li>\n<li>Deux-roues, quads et accessoires<\/li>\n<li>V\u00e9los \u00e9lectriques et v\u00e9los<\/li>\n<li>et bien d&#8217;autres choses encore.<\/li>\n<\/ul>\n<p>&nbsp;<\/p>\n<p><strong>De la jante \u00e0 la caravane : voitures et pi\u00e8ces automobiles de Chine<\/strong><\/p>\n<p>La gamme de produits que nous proposons dans le domaine de l&#8217;automobile est immense et va des plus petites pi\u00e8ces et composants automobiles aux flottes enti\u00e8res de voitures de diff\u00e9rentes tailles, en passant par les produits de tuning, les besoins de r\u00e9paration et les pi\u00e8ces de rechange. Qu&#8217;il s&#8217;agisse d&#8217;un v\u00e9hicule utilitaire ou d&#8217;une berline, d&#8217;un monospace ou d&#8217;une petite voiture, l&#8217;agence Frisch trouvera \u00e9galement pour vous le producteur de Chine avec lequel vous ferez les meilleures affaires.<\/p>\n<p>&nbsp;<\/p>\n<p><strong>Importer des motos, des quads et des articles de sport automobile de Chine<\/strong><\/p>\n<p>Nous ne proposons pas seulement des automobiles et des accessoires, mais aussi des motos, des quads et tout ce qui concerne les deux-roues et leurs apparent\u00e9s. Vous pouvez \u00e9galement importer des v\u00eatements de moto de Chine, ainsi que des pi\u00e8ces de r\u00e9paration et de rechange et de nombreux accessoires.<\/p>\n<p>&nbsp;<\/p>\n<p><strong>V\u00e9los \u00e9lectriques modernes et v\u00e9los bon march\u00e9 du fabricant  <\/strong><\/p>\n<p>L&#8217;Allemagne est un gigantesque d\u00e9bouch\u00e9 pour les v\u00e9los \u00e9lectriques chinois, qui sont m\u00eame encourag\u00e9s par l&#8217;\u00c9tat. L&#8217;importance des v\u00e9los \u00e9lectriques va encore s&#8217;accro\u00eetre \u00e0 l&#8217;avenir gr\u00e2ce au changement de mode de transport. Nous vous proposons des producteurs qui vous vendent des v\u00e9los \u00e9lectriques \u00e0 des prix imbattables et en m\u00eame temps de grande qualit\u00e9 directement depuis la Chine. Vous pouvez \u00e9galement acheter des v\u00e9los et des accessoires de v\u00e9lo en Chine aupr\u00e8s de nos partenaires commerciaux \u00e0 des prix bas.<\/p>\n<p>&nbsp;<\/p>\n<p><strong>L&#8217;achat d&#8217;une voiture est une affaire de confiance &#8211; m\u00eame lorsqu&#8217;elle est import\u00e9e de Chine<\/strong><\/p>\n<p>Vous voulez \u00eatre s\u00fbr de ne vendre \u00e0 vos clients que des voitures et des deux-roues absolument irr\u00e9prochables import\u00e9s de Chine ? C&#8217;est compr\u00e9hensible. De co\u00fbteux dommages et int\u00e9r\u00eats, voire des vies humaines, sont en jeu. Nos partenaires commerciaux en Chine sont exclusivement des entreprises contr\u00f4lables selon la norme IATF 16949. Sur demande, nous nous chargeons nous-m\u00eames de l&#8217;assurance qualit\u00e9 avant, pendant et apr\u00e8s la production. Nous vous offrons exactement la s\u00e9curit\u00e9 dont vous avez d\u00e9finitivement besoin lorsque vous achetez des pi\u00e8ces automobiles, des motos, des v\u00e9los \u00e9lectriques et des v\u00e9los en provenance de Chine &#8211; \u00e0 des prix tr\u00e8s bas.<\/p>\n<p>&nbsp;<\/p>\n<p><strong>Pour plus de s\u00e9curit\u00e9 : service de l&#8217;agence Frisch<\/strong><\/p>\n<p>Nos filiales internes inspekt4u et le laboratoire de test BEIDE veillent \u00e0 ce que les produits et les composants arrivent sans probl\u00e8me sur le march\u00e9 allemand et r\u00e9pondent aux exigences de s\u00e9curit\u00e9 les plus \u00e9lev\u00e9es lors de leur utilisation. Si vous le souhaitez, vous pouvez attendre de nous les prestations suivantes :<\/p>\n<ul>\n<li>Visite d&#8217;audit avant la production en Chine, le cas \u00e9ch\u00e9ant avec audit social (certificat inclus)<\/li>\n<li>FAI Essai de type initial en Chine<\/li>\n<li>Contr\u00f4le DPI pendant la production en Chine<\/li>\n<li>PM Surveillance de la production en Chine<\/li>\n<li>DSS \u00c9limination des marchandises d\u00e9fectueuses en Chine<\/li>\n<li>Certificat Respect des conditions de travail reconnues au niveau international<\/li>\n<li>CLS Surveillance du chargement en Chine<\/li>\n<li>Contr\u00f4les selon les normes DIN (pour les pi\u00e8ces automobiles, entre autres, <span>IATF 16949, pour les si\u00e8ges pour enfants, entre autres, ECE R44)<\/span><\/li>\n<li>Tests de laboratoire tels que RoHS et\/ou REACH<\/li>\n<li>Assurer le respect des directives CE, par exemple pour les pi\u00e8ces \u00e9lectroniques.  <\/li>\n<\/ul>\n<p>Nous veillons \u00e0 ce que vous n&#8217;ayez pas de mauvaises surprises avec votre importation de Chine de l&#8217;agence Frisch. Les produits que nous procurons sont de haute qualit\u00e9 et vous donnent l&#8217;assurance de ne pas avoir de probl\u00e8mes avec les douanes ou le respect des normes allemandes ou europ\u00e9ennes. Nous nous chargeons \u00e9galement du stockage et de la logistique de transport.<\/p>\n<p>&nbsp;<\/p>\n<p><strong>Voitures, motos, v\u00e9los \u00e9lectriques et v\u00e9los de Chine &#8211; la meilleure qualit\u00e9 \u00e0 petit prix !<\/strong><\/p>\n<p>Qu&#8217;il s&#8217;agisse d&#8217;une voiture ou d&#8217;une moto, de v\u00e9los ou d&#8217;accessoires en provenance de Chine, l&#8217;agence Frisch est votre partenaire de choix pour l&#8217;achat direct aupr\u00e8s du fabricant. N&#8217;h\u00e9sitez pas \u00e0 nous contacter, nous trouverons ensemble la meilleure affaire pour vous &#8211; et la r\u00e9aliserons avec comp\u00e9tence.<\/p>\n<p>[\/et_pb_text][\/et_pb_column][\/et_pb_row][\/et_pb_section][et_pb_section fb_built=&#8221;1&#8243; admin_label=&#8221;Testimonials&#8221; _builder_version=&#8221;4.16&#8243; use_background_color_gradient=&#8221;on&#8221; background_color_gradient_stops=&#8221;rgba(0,106,156,0.85) 0%|rgba(0,106,156,0.85) 100%&#8221; background_color_gradient_start=&#8221;rgba(0,106,156,0.85)&#8221; background_color_gradient_end=&#8221;rgba(0,106,156,0.85)&#8221; custom_padding=&#8221;90px||60px|&#8221; animation_style=&#8221;fold&#8221; animation_direction=&#8221;bottom&#8221; animation_intensity_fold=&#8221;4%&#8221; global_colors_info=&#8221;{}&#8221;][et_pb_row _builder_version=&#8221;4.16&#8243; background_size=&#8221;initial&#8221; background_position=&#8221;top_left&#8221; background_repeat=&#8221;repeat&#8221; custom_width_px=&#8221;710px&#8221; locked=&#8221;off&#8221; global_colors_info=&#8221;{}&#8221;][et_pb_column type=&#8221;4_4&#8243; _builder_version=&#8221;4.16&#8243; background_position=&#8221;top_left&#8221; custom_padding=&#8221;|||&#8221; global_colors_info=&#8221;{}&#8221; custom_padding__hover=&#8221;|||&#8221;][et_pb_text admin_label=&#8221;Testimonials Section Title&#8221; _builder_version=&#8221;4.16&#8243; header_font=&#8221;Montserrat||||&#8221; header_font_size=&#8221;36px&#8221; background_size=&#8221;initial&#8221; background_position=&#8221;top_left&#8221; background_repeat=&#8221;repeat&#8221; text_orientation=&#8221;center&#8221; background_layout=&#8221;dark&#8221; max_width=&#8221;710px&#8221; module_alignment=&#8221;center&#8221; animation_style=&#8221;fold&#8221; animation_direction=&#8221;bottom&#8221; animation_intensity_fold=&#8221;20%&#8221; global_colors_info=&#8221;{}&#8221;]<\/p>\n<h1>Plus de 5000 clients satisfaits.<\/h1>\n<p>&nbsp;<\/p>\n<p>[\/et_pb_text][et_pb_divider color=&#8221;#ffffff&#8221; divider_weight=&#8221;3px&#8221; disabled_on=&#8221;off|off|off&#8221; _builder_version=&#8221;4.16&#8243; background_color_gradient_direction=&#8221;90deg&#8221; max_width=&#8221;100px&#8221; module_alignment=&#8221;center&#8221; height=&#8221;5px&#8221; custom_margin=&#8221;||20px|&#8221; custom_padding=&#8221;||20px|&#8221; animation_style=&#8221;slide&#8221; animation_direction=&#8221;bottom&#8221; saved_tabs=&#8221;all&#8221; locked=&#8221;off&#8221; global_colors_info=&#8221;{}&#8221;][\/et_pb_divider][\/et_pb_column][\/et_pb_row][et_pb_row column_structure=&#8221;1_2,1_2&#8243; _builder_version=&#8221;4.18.1&#8243; _module_preset=&#8221;default&#8221; global_colors_info=&#8221;{}&#8221;][et_pb_column type=&#8221;1_2&#8243; _builder_version=&#8221;4.18.1&#8243; _module_preset=&#8221;default&#8221; global_colors_info=&#8221;{}&#8221;][et_pb_testimonial author=&#8221;Marco&#8221; portrait_url=&#8221;https:\/\/ag-frisch.com\/wp-content\/uploads\/2021\/08\/Harald.png&#8221; quote_icon=&#8221;off&#8221; _builder_version=&#8221;4.18.1&#8243; _module_preset=&#8221;default&#8221; body_font_size=&#8221;16px&#8221; use_background_color=&#8221;off&#8221; background_layout=&#8221;dark&#8221; global_colors_info=&#8221;{}&#8221;]J&#8217;ai demand\u00e9 \u00e0 l&#8217;agence Frisch de faire produire un meuble de grande taille en Chine et de le transf\u00e9rer ensuite en Allemagne. La communication par e-mail a \u00e9t\u00e9 fluide tout au long du processus ! Des r\u00e9ponses tr\u00e8s rapides et fiables m&#8217;ont apport\u00e9 en permanence les garanties indispensables \u00e0 une telle entreprise. J&#8217;ai toujours \u00e9t\u00e9 aid\u00e9 dans la jungle bureaucratique et aucun formulaire n&#8217;a \u00e9t\u00e9 oubli\u00e9 ou mal rempli. Tr\u00e8s louable !<a href=\"&lt;div%20class=%22pe-richsnippets%22&gt;&nbsp;&lt;\/div&gt;%20&lt;script%20type=%22text\/javascript%22%20src=%22https:\/\/www.provenexpert.com\/widget\/richsnippet.js?u=1NUA0VwZ4RUZ5tmAi5zA4RaplNKAlWwZ&amp;v=2%22%20async&gt;&lt;\/script&gt;%20&lt;div%20style=%22text-align:%20justify;%22&gt;&lt;br%20\/&gt;\"><\/a><\/p>\n<div class=\"brow ratingBarMargin\">\n<div class=\"ratingBar\">\n<div class=\"brow\">\n<div class=\"pe-richsnippets\">&nbsp;<\/div>\n<p><script type=\"text\/javascript\" src=\"https:\/\/www.provenexpert.com\/widget\/richsnippet.js?u=1NUA0VwZ4RUZ5tmAi5zA4RaplNKAlWwZ&amp;v=2\" async=\"\"><\/script><\/p>\n<div style=\"text-align: justify;\"><\/p>\n<div class=\"col-lg-9 col-md-8 col-xs-10 mt20 mb20\">\n<div class=\"col-xs-12 surveyNameForRating\"><\/div>\n<\/div>\n<\/div>\n<\/div>\n<\/div>\n<\/div>\n<p>[\/et_pb_testimonial][\/et_pb_column][et_pb_column type=&#8221;1_2&#8243; _builder_version=&#8221;4.18.1&#8243; _module_preset=&#8221;default&#8221; global_colors_info=&#8221;{}&#8221;][et_pb_testimonial author=&#8221;Simone L.&#8221; portrait_url=&#8221;https:\/\/ag-frisch.com\/wp-content\/uploads\/2021\/08\/Harald.png&#8221; quote_icon=&#8221;off&#8221; _builder_version=&#8221;4.18.1&#8243; _module_preset=&#8221;default&#8221; body_font_size=&#8221;16px&#8221; use_background_color=&#8221;off&#8221; background_layout=&#8221;dark&#8221; global_colors_info=&#8221;{}&#8221;]<\/p>\n<p>Tout est au top. On ne peut pas faire mieux. On ne peut pas faire mieux en mati\u00e8re de conseil et de r\u00e9alisation. Apr\u00e8s avoir pass\u00e9 plusieurs commandes aupr\u00e8s de cette entreprise, nous sommes plus que satisfaits et poursuivons notre collaboration.<\/p>\n<div class=\"brow ratingBarMargin\">\n<div class=\"ratingBar\">\n<div class=\"brow\">\n<div class=\"pe-richsnippets\"> <\/div>\n<p>\n<script type=\"text\/javascript\" src=\"https:\/\/www.provenexpert.com\/widget\/richsnippet.js?u=1NUA0VwZ4RUZ5tmAi5zA4RaplNKAlWwZ&amp;v=2\" async=\"\"><\/script>\n<\/p>\n<div style=\"text-align: justify;\">\n<p>&nbsp;<\/p>\n<div class=\"col-lg-9 col-md-8 col-xs-10 mt20 mb20\">\n<div class=\"col-xs-12 surveyNameForRating\"><\/div>\n<\/div>\n<\/div>\n<\/div>\n<\/div>\n<\/div>\n<p>[\/et_pb_testimonial][\/et_pb_column][\/et_pb_row][et_pb_row _builder_version=&#8221;4.16&#8243; background_size=&#8221;initial&#8221; background_position=&#8221;top_left&#8221; background_repeat=&#8221;repeat&#8221; custom_padding=&#8221;50px|0px|30px|0px&#8221; custom_css_main_element=&#8221;text-align: center;&#8221; global_colors_info=&#8221;{}&#8221;][et_pb_column type=&#8221;4_4&#8243; _builder_version=&#8221;4.16&#8243; custom_padding=&#8221;|||&#8221; global_colors_info=&#8221;{}&#8221; custom_padding__hover=&#8221;|||&#8221;][et_pb_button button_url=&#8221;https:\/\/www.provenexpert.com\/de-de\/agentur-frisch-international-consulting-gmbh-und-co-kg\/&#8221; button_text=&#8221;PLUS D&#039;AVIS&#8221; button_alignment=&#8221;left&#8221; admin_label=&#8221;Testimonial Button&#8221; _builder_version=&#8221;4.16&#8243; custom_button=&#8221;on&#8221; button_text_size=&#8221;18px&#8221; button_text_color=&#8221;#ffffff&#8221; button_bg_color=&#8221;#6eba01&#8243; button_border_width=&#8221;2px&#8221; button_border_color=&#8221;#6eba01&#8243; button_border_radius=&#8221;0px&#8221; button_letter_spacing=&#8221;2px&#8221; button_font=&#8221;Montserrat|||on|&#8221; button_use_icon=&#8221;off&#8221; animation_style=&#8221;fold&#8221; animation_direction=&#8221;bottom&#8221; button_text_color_hover=&#8221;#ffffff&#8221; button_border_color_hover=&#8221;#ffffff&#8221; button_border_radius_hover=&#8221;0px&#8221; button_letter_spacing_hover=&#8221;2px&#8221; button_bg_color_hover=&#8221;rgba(255,255,255,0)&#8221; locked=&#8221;off&#8221; global_colors_info=&#8221;{}&#8221; button_text_size__hover_enabled=&#8221;off&#8221; button_one_text_size__hover_enabled=&#8221;off&#8221; button_two_text_size__hover_enabled=&#8221;off&#8221; button_text_color__hover_enabled=&#8221;on&#8221; button_text_color__hover=&#8221;#ffffff&#8221; button_one_text_color__hover_enabled=&#8221;off&#8221; button_two_text_color__hover_enabled=&#8221;off&#8221; button_border_width__hover_enabled=&#8221;off&#8221; button_one_border_width__hover_enabled=&#8221;off&#8221; button_two_border_width__hover_enabled=&#8221;off&#8221; button_border_color__hover_enabled=&#8221;on&#8221; button_border_color__hover=&#8221;#ffffff&#8221; button_one_border_color__hover_enabled=&#8221;off&#8221; button_two_border_color__hover_enabled=&#8221;off&#8221; button_border_radius__hover_enabled=&#8221;on&#8221; button_border_radius__hover=&#8221;0px&#8221; button_one_border_radius__hover_enabled=&#8221;off&#8221; button_two_border_radius__hover_enabled=&#8221;off&#8221; button_letter_spacing__hover_enabled=&#8221;on&#8221; button_letter_spacing__hover=&#8221;2px&#8221; button_one_letter_spacing__hover_enabled=&#8221;off&#8221; button_two_letter_spacing__hover_enabled=&#8221;off&#8221; button_bg_color__hover_enabled=&#8221;on&#8221; button_bg_color__hover=&#8221;rgba(255,255,255,0)&#8221; button_one_bg_color__hover_enabled=&#8221;off&#8221; button_two_bg_color__hover_enabled=&#8221;off&#8221;][\/et_pb_button][\/et_pb_column][\/et_pb_row][\/et_pb_section]<\/p>\n","protected":false},"excerpt":{"rendered":"<p>Nous vous assistons dans l&#8217;achat de pi\u00e8ces automobiles, de v\u00e9los \u00e9lectriques et de bicyclettes, depuis la premi\u00e8re demande, la recherche de fournisseurs en Chine, les commandes d&#8217;\u00e9chantillons, la r\u00e9daction de contrats, les proc\u00e9dures de conformit\u00e9, l&#8217;assurance qualit\u00e9 en Chine jusqu&#8217;\u00e0 la logistique et la livraison. Importation de v\u00e9hicules en provenance de Chine : votre professionnel [&hellip;]<\/p>\n","protected":false},"author":2,"featured_media":0,"parent":0,"menu_order":0,"comment_status":"closed","ping_status":"closed","template":"","meta":{"_et_pb_use_builder":"on","_et_pb_old_content":"","_et_gb_content_width":"","footnotes":""},"class_list":["post-11090","page","type-page","status-publish","hentry"],"yoast_head":"<!-- This site is optimized with the Yoast SEO plugin v27.4 - https:\/\/yoast.com\/product\/yoast-seo-wordpress\/ -->\n<title>Autoteile Import-Profi | Importation de voitures et de motos de Chine<\/title>\n<meta name=\"description\" content=\"Importation de voitures et de motos de Chine \u25ba De la jante \u00e0 la caravane - nous vous aidons \u00e0 importer des v\u00e9hicules \u25ba Demandez conseil maintenant !\" \/>\n<meta name=\"robots\" content=\"index, follow, max-snippet:-1, max-image-preview:large, max-video-preview:-1\" \/>\n<link rel=\"canonical\" href=\"https:\/\/ag-frisch.com\/fr\/voitures-et-motos\/\" \/>\n<meta property=\"og:locale\" content=\"fr_FR\" \/>\n<meta property=\"og:type\" content=\"article\" \/>\n<meta property=\"og:title\" content=\"Autoteile Import-Profi | Importation de voitures et de motos de Chine\" \/>\n<meta property=\"og:description\" content=\"Importation de voitures et de motos de Chine \u25ba De la jante \u00e0 la caravane - nous vous aidons \u00e0 importer des v\u00e9hicules \u25ba Demandez conseil maintenant !\" \/>\n<meta property=\"og:url\" content=\"https:\/\/ag-frisch.com\/fr\/voitures-et-motos\/\" \/>\n<meta property=\"og:site_name\" content=\"China Import Beratung f\u00fcr den Einkauf aus China\" \/>\n<meta property=\"article:publisher\" content=\"https:\/\/www.facebook.com\/China.Import\" \/>\n<meta property=\"article:modified_time\" content=\"2023-01-27T04:27:31+00:00\" \/>\n<meta name=\"twitter:card\" content=\"summary_large_image\" \/>\n<meta name=\"twitter:site\" content=\"@agenturfrisch\" \/>\n<meta name=\"twitter:label1\" content=\"Dur\u00e9e de lecture estim\u00e9e\" \/>\n\t<meta name=\"twitter:data1\" content=\"9 minutes\" \/>\n<script type=\"application\/ld+json\" class=\"yoast-schema-graph\">{\"@context\":\"https:\\\/\\\/schema.org\",\"@graph\":[{\"@type\":\"WebPage\",\"@id\":\"https:\\\/\\\/ag-frisch.com\\\/fr\\\/voitures-et-motos\\\/\",\"url\":\"https:\\\/\\\/ag-frisch.com\\\/fr\\\/voitures-et-motos\\\/\",\"name\":\"Autoteile Import-Profi | Importation de voitures et de motos de Chine\",\"isPartOf\":{\"@id\":\"https:\\\/\\\/ag-frisch.com\\\/de\\\/#website\"},\"datePublished\":\"2022-04-28T12:02:02+00:00\",\"dateModified\":\"2023-01-27T04:27:31+00:00\",\"description\":\"Importation de voitures et de motos de Chine \u25ba De la jante \u00e0 la caravane - nous vous aidons \u00e0 importer des v\u00e9hicules \u25ba Demandez conseil maintenant !\",\"breadcrumb\":{\"@id\":\"https:\\\/\\\/ag-frisch.com\\\/fr\\\/voitures-et-motos\\\/#breadcrumb\"},\"inLanguage\":\"fr-FR\",\"potentialAction\":[{\"@type\":\"ReadAction\",\"target\":[\"https:\\\/\\\/ag-frisch.com\\\/fr\\\/voitures-et-motos\\\/\"]}]},{\"@type\":\"BreadcrumbList\",\"@id\":\"https:\\\/\\\/ag-frisch.com\\\/fr\\\/voitures-et-motos\\\/#breadcrumb\",\"itemListElement\":[{\"@type\":\"ListItem\",\"position\":1,\"name\":\"Startseite\",\"item\":\"https:\\\/\\\/ag-frisch.com\\\/de\\\/\"},{\"@type\":\"ListItem\",\"position\":2,\"name\":\"Voitures et motos\"}]},{\"@type\":\"WebSite\",\"@id\":\"https:\\\/\\\/ag-frisch.com\\\/de\\\/#website\",\"url\":\"https:\\\/\\\/ag-frisch.com\\\/de\\\/\",\"name\":\"China Import Beratung f\u00fcr den Einkauf aus China\",\"description\":\"China Import &amp; Export Beratung - Der Dienstleister Ihres Vertrauens f\u00fcr Ihren China Import\",\"publisher\":{\"@id\":\"https:\\\/\\\/ag-frisch.com\\\/de\\\/#organization\"},\"potentialAction\":[{\"@type\":\"SearchAction\",\"target\":{\"@type\":\"EntryPoint\",\"urlTemplate\":\"https:\\\/\\\/ag-frisch.com\\\/de\\\/?s={search_term_string}\"},\"query-input\":{\"@type\":\"PropertyValueSpecification\",\"valueRequired\":true,\"valueName\":\"search_term_string\"}}],\"inLanguage\":\"fr-FR\"},{\"@type\":\"Organization\",\"@id\":\"https:\\\/\\\/ag-frisch.com\\\/de\\\/#organization\",\"name\":\"Agentur Frisch International Consulting GmbH & Co. KG\",\"url\":\"https:\\\/\\\/ag-frisch.com\\\/de\\\/\",\"logo\":{\"@type\":\"ImageObject\",\"inLanguage\":\"fr-FR\",\"@id\":\"https:\\\/\\\/ag-frisch.com\\\/de\\\/#\\\/schema\\\/logo\\\/image\\\/\",\"url\":\"https:\\\/\\\/ag-frisch.com\\\/wp-content\\\/uploads\\\/2021\\\/08\\\/ag_logo_rgb_300_small.png\",\"contentUrl\":\"https:\\\/\\\/ag-frisch.com\\\/wp-content\\\/uploads\\\/2021\\\/08\\\/ag_logo_rgb_300_small.png\",\"width\":153,\"height\":102,\"caption\":\"Agentur Frisch International Consulting GmbH & Co. KG\"},\"image\":{\"@id\":\"https:\\\/\\\/ag-frisch.com\\\/de\\\/#\\\/schema\\\/logo\\\/image\\\/\"},\"sameAs\":[\"https:\\\/\\\/www.facebook.com\\\/China.Import\",\"https:\\\/\\\/x.com\\\/agenturfrisch\"]}]}<\/script>\n<!-- \/ Yoast SEO plugin. -->","yoast_head_json":{"title":"Autoteile Import-Profi | Importation de voitures et de motos de Chine","description":"Importation de voitures et de motos de Chine \u25ba De la jante \u00e0 la caravane - nous vous aidons \u00e0 importer des v\u00e9hicules \u25ba Demandez conseil maintenant !","robots":{"index":"index","follow":"follow","max-snippet":"max-snippet:-1","max-image-preview":"max-image-preview:large","max-video-preview":"max-video-preview:-1"},"canonical":"https:\/\/ag-frisch.com\/fr\/voitures-et-motos\/","og_locale":"fr_FR","og_type":"article","og_title":"Autoteile Import-Profi | Importation de voitures et de motos de Chine","og_description":"Importation de voitures et de motos de Chine \u25ba De la jante \u00e0 la caravane - nous vous aidons \u00e0 importer des v\u00e9hicules \u25ba Demandez conseil maintenant !","og_url":"https:\/\/ag-frisch.com\/fr\/voitures-et-motos\/","og_site_name":"China Import Beratung f\u00fcr den Einkauf aus China","article_publisher":"https:\/\/www.facebook.com\/China.Import","article_modified_time":"2023-01-27T04:27:31+00:00","twitter_card":"summary_large_image","twitter_site":"@agenturfrisch","twitter_misc":{"Dur\u00e9e de lecture estim\u00e9e":"9 minutes"},"schema":{"@context":"https:\/\/schema.org","@graph":[{"@type":"WebPage","@id":"https:\/\/ag-frisch.com\/fr\/voitures-et-motos\/","url":"https:\/\/ag-frisch.com\/fr\/voitures-et-motos\/","name":"Autoteile Import-Profi | Importation de voitures et de motos de Chine","isPartOf":{"@id":"https:\/\/ag-frisch.com\/de\/#website"},"datePublished":"2022-04-28T12:02:02+00:00","dateModified":"2023-01-27T04:27:31+00:00","description":"Importation de voitures et de motos de Chine \u25ba De la jante \u00e0 la caravane - nous vous aidons \u00e0 importer des v\u00e9hicules \u25ba Demandez conseil maintenant !","breadcrumb":{"@id":"https:\/\/ag-frisch.com\/fr\/voitures-et-motos\/#breadcrumb"},"inLanguage":"fr-FR","potentialAction":[{"@type":"ReadAction","target":["https:\/\/ag-frisch.com\/fr\/voitures-et-motos\/"]}]},{"@type":"BreadcrumbList","@id":"https:\/\/ag-frisch.com\/fr\/voitures-et-motos\/#breadcrumb","itemListElement":[{"@type":"ListItem","position":1,"name":"Startseite","item":"https:\/\/ag-frisch.com\/de\/"},{"@type":"ListItem","position":2,"name":"Voitures et motos"}]},{"@type":"WebSite","@id":"https:\/\/ag-frisch.com\/de\/#website","url":"https:\/\/ag-frisch.com\/de\/","name":"China Import Beratung f\u00fcr den Einkauf aus China","description":"China Import &amp; Export Beratung - Der Dienstleister Ihres Vertrauens f\u00fcr Ihren China Import","publisher":{"@id":"https:\/\/ag-frisch.com\/de\/#organization"},"potentialAction":[{"@type":"SearchAction","target":{"@type":"EntryPoint","urlTemplate":"https:\/\/ag-frisch.com\/de\/?s={search_term_string}"},"query-input":{"@type":"PropertyValueSpecification","valueRequired":true,"valueName":"search_term_string"}}],"inLanguage":"fr-FR"},{"@type":"Organization","@id":"https:\/\/ag-frisch.com\/de\/#organization","name":"Agentur Frisch International Consulting GmbH & Co. KG","url":"https:\/\/ag-frisch.com\/de\/","logo":{"@type":"ImageObject","inLanguage":"fr-FR","@id":"https:\/\/ag-frisch.com\/de\/#\/schema\/logo\/image\/","url":"https:\/\/ag-frisch.com\/wp-content\/uploads\/2021\/08\/ag_logo_rgb_300_small.png","contentUrl":"https:\/\/ag-frisch.com\/wp-content\/uploads\/2021\/08\/ag_logo_rgb_300_small.png","width":153,"height":102,"caption":"Agentur Frisch International Consulting GmbH & Co. KG"},"image":{"@id":"https:\/\/ag-frisch.com\/de\/#\/schema\/logo\/image\/"},"sameAs":["https:\/\/www.facebook.com\/China.Import","https:\/\/x.com\/agenturfrisch"]}]}},"_links":{"self":[{"href":"https:\/\/ag-frisch.com\/fr\/wp-json\/wp\/v2\/pages\/11090","targetHints":{"allow":["GET"]}}],"collection":[{"href":"https:\/\/ag-frisch.com\/fr\/wp-json\/wp\/v2\/pages"}],"about":[{"href":"https:\/\/ag-frisch.com\/fr\/wp-json\/wp\/v2\/types\/page"}],"author":[{"embeddable":true,"href":"https:\/\/ag-frisch.com\/fr\/wp-json\/wp\/v2\/users\/2"}],"replies":[{"embeddable":true,"href":"https:\/\/ag-frisch.com\/fr\/wp-json\/wp\/v2\/comments?post=11090"}],"version-history":[{"count":0,"href":"https:\/\/ag-frisch.com\/fr\/wp-json\/wp\/v2\/pages\/11090\/revisions"}],"wp:attachment":[{"href":"https:\/\/ag-frisch.com\/fr\/wp-json\/wp\/v2\/media?parent=11090"}],"curies":[{"name":"wp","href":"https:\/\/api.w.org\/{rel}","templated":true}]}}