{"id":11093,"date":"2022-04-28T13:52:33","date_gmt":"2022-04-28T11:52:33","guid":{"rendered":"https:\/\/ag-frisch.com\/art-et-antiquites\/"},"modified":"2023-01-27T05:27:35","modified_gmt":"2023-01-27T04:27:35","slug":"art-et-antiquites","status":"publish","type":"page","link":"https:\/\/ag-frisch.com\/fr\/art-et-antiquites\/","title":{"rendered":"Art et antiquit\u00e9s"},"content":{"rendered":"<p>[et_pb_section fb_built=&#8221;1&#8243; _builder_version=&#8221;4.16&#8243; _module_preset=&#8221;default&#8221; global_colors_info=&#8221;{}&#8221;][et_pb_row _builder_version=&#8221;4.18.1&#8243; _module_preset=&#8221;default&#8221; global_colors_info=&#8221;{}&#8221;][et_pb_column type=&#8221;4_4&#8243; _builder_version=&#8221;4.18.1&#8243; _module_preset=&#8221;default&#8221; global_colors_info=&#8221;{}&#8221;][et_pb_cta title=&#8221;Importer des \u0153uvres d&#039;art et des antiquit\u00e9s (r\u00e9pliques\/imitations) de Chine&#8221; button_url=&#8221;https:\/\/ag-frisch.com\/fr\/contact\/&#8221; button_text=&#8221;Faire appel \u00e0 des professionnels pour importer maintenant&#8221; _builder_version=&#8221;4.18.1&#8243; _module_preset=&#8221;default&#8221; global_colors_info=&#8221;{}&#8221;]<\/p>\n<p>Nous vous aidons \u00e0 importer des r\u00e9pliques d&#8217;objets d&#8217;art ou d&#8217;ornement de Chine. Nous sommes votre partenaire depuis la recherche du fournisseur jusqu&#8217;\u00e0 la logistique et la livraison dans l&#8217;entrep\u00f4t de l&#8217;acheteur, en passant par la n\u00e9gociation du contrat et les proc\u00e9dures de conformit\u00e9, la production et l&#8217;assurance qualit\u00e9.  <\/p>\n<p>[\/et_pb_cta][\/et_pb_column][\/et_pb_row][et_pb_row _builder_version=&#8221;4.16&#8243; _module_preset=&#8221;default&#8221; global_colors_info=&#8221;{}&#8221;][et_pb_column type=&#8221;4_4&#8243; _builder_version=&#8221;4.16&#8243; _module_preset=&#8221;default&#8221; global_colors_info=&#8221;{}&#8221;][et_pb_text _builder_version=&#8221;4.18.1&#8243; _module_preset=&#8221;default&#8221; hover_enabled=&#8221;0&#8243; global_colors_info=&#8221;{}&#8221; sticky_enabled=&#8221;0&#8243;]<\/p>\n<h1>Importer des antiquit\u00e9s et des \u0153uvres d&#8217;art de Chine<\/h1>\n<h2>Art et antiquit\u00e9s (r\u00e9pliques et imitations)<\/h2>\n<p><strong>Importation d&#8217;articles d&#8217;art de Chine<\/strong><\/p>\n<p>Les reproductions chinoises d&#8217;articles d&#8217;art peuvent \u00eatre d&#8217;une qualit\u00e9 exceptionnelle et d&#8217;une grande beaut\u00e9 : Il suffit de savoir \u00e0 qui acheter. L&#8217;agence Frisch vous offre les bonnes connexions pour obtenir de belles pi\u00e8ces de la meilleure qualit\u00e9 &#8211; \u00e0 des prix imbattables, bien s\u00fbr. Que vous soyez un entrepreneur individuel souhaitant importer un nombre limit\u00e9 de pi\u00e8ces ou un grossiste avec des besoins importants, nous nous occupons de votre importation d&#8217;articles d&#8217;art, ainsi que de l&#8217;importation de r\u00e9pliques d&#8217;antiquit\u00e9s de Chine.<\/p>\n<p>&nbsp;<\/p>\n<p><strong>La qualit\u00e9 la plus fine \u00e0 petits prix : \u0152uvres d&#8217;art et antiquit\u00e9s de Chine<\/strong><\/p>\n<p>Nous vous fournissons des produits de grande qualit\u00e9 \u00e0 petits prix, y compris dans le domaine des \u0153uvres d&#8217;art et des reproductions d&#8217;antiquit\u00e9s de Chine. Notre propre service d&#8217;assurance qualit\u00e9 veille \u00e0 ce que vous n&#8217;ayez pas de mauvaises surprises lors de votre importation en Chine. Vous devez \u00eatre aussi convaincu que nous de vos achats en Chine &#8211; c&#8217;est ce que nous garantissons avec notre bonne r\u00e9putation. L&#8217;agence Frisch dispose de la longue expertise et du r\u00e9seau n\u00e9cessaires pour choisir les bons fournisseurs pour des marchandises sp\u00e9cifiques telles que les articles d&#8217;art et les r\u00e9pliques d&#8217;antiquit\u00e9s en provenance de Chine.<\/p>\n<p>&nbsp;<\/p>\n<p><strong>Originaux et r\u00e9pliques &#8211; Importer des \u0153uvres d&#8217;art de Chine<\/strong><\/p>\n<p>L&#8217;art chinois a une tradition mill\u00e9naire. La pr\u00e9cision et la minutie caract\u00e9risent le travail des artistes en Chine. Il n&#8217;est donc pas \u00e9tonnant que l&#8217;on y produise les meilleures r\u00e9pliques de peintures et de tableaux disponibles sur le march\u00e9. Les ma\u00eetres anciens des Pays-Bas comme Rembrandt, Bruegel ou van Gogh, ou l&#8217;art des peintres italiens comme Michel-Ange, Botticelli ou Rapha\u00ebl, pour n&#8217;en citer que quelques-uns &#8211; tous sont copi\u00e9s avec une digne pr\u00e9cision \u00e0 partir de mod\u00e8les exacts, les tableaux ainsi cr\u00e9\u00e9s peuvent \u00eatre import\u00e9s directement de Chine en Allemagne comme articles d&#8217;art.<\/p>\n<p>Mais l&#8217;art traditionnel et moderne propre \u00e0 la Chine a \u00e9galement beaucoup \u00e0 offrir et peut \u00eatre exploit\u00e9 pour le march\u00e9 allemand en tant qu&#8217;importation de Chine. N&#8217;h\u00e9sitez pas \u00e0 nous contacter et nous vous conseillerons sur le choix et les possibilit\u00e9s d&#8217;importation d&#8217;articles d&#8217;art si vous le souhaitez !<\/p>\n<p>&nbsp;<\/p>\n<p><strong>Des reproductions d&#8217;antiquit\u00e9s de r\u00eave<\/strong><\/p>\n<p>Les fauteuils \u00e0 oreilles de Louis XVI, un lit \u00e0 baldaquin de l&#8217;\u00e9poque baroque ou un coffre m\u00e9di\u00e9val &#8211; en version originale, ces objets sont difficilement abordables. De nombreux clients se tournent donc vers des reproductions d&#8217;antiquit\u00e9s. Depuis longtemps, le march\u00e9 chinois s&#8217;est \u00e9galement sp\u00e9cialis\u00e9 dans ce domaine et propose des reproductions convaincantes d&#8217;antiquit\u00e9s pour l&#8217;importation en Chine.  <\/p>\n<p>D&#8217;autres r\u00e9pliques anciennes que vous pouvez importer directement de Chine par l&#8217;interm\u00e9diaire de l&#8217;agence Frisch sont par exemple :<\/p>\n<ul>\n<li>Verres et cristaux anciens<\/li>\n<li>Mat\u00e9riaux de construction historiques<\/li>\n<li>Porcelaine et c\u00e9ramique<\/li>\n<li>Tapis et objets \u00e0 nouer<\/li>\n<li>Statues et sculptures<\/li>\n<li>V\u00eatements et tissus anciens<\/li>\n<li>Meubles<\/li>\n<li>Bijoux anciens<\/li>\n<li>Instruments de musique<\/li>\n<li>et bien d&#8217;autres choses encore.<\/li>\n<\/ul>\n<p>&nbsp;<\/p>\n<p><strong>Importer des \u0153uvres d&#8217;art de Chine pour les d\u00e9taillants, les grossistes et les antiquaires<\/strong><\/p>\n<p>Nous proposons l&#8217;importation directe d&#8217;articles d&#8217;art et de r\u00e9pliques d&#8217;antiquit\u00e9s de Chine en diff\u00e9rentes quantit\u00e9s et classes de qualit\u00e9. Contactez-nous et nous analyserons ensemble la proc\u00e9dure la mieux adapt\u00e9e \u00e0 vos besoins. Dans tous les cas, vous b\u00e9n\u00e9ficiez de notre vaste exp\u00e9rience, de notre savoir-faire et de notre fiabilit\u00e9 \u00e9prouv\u00e9e.<\/p>\n<p>L&#8217;agence Frisch est un prestataire de services complets qui peut vous offrir chaque prestation relative \u00e0 votre importation en Chine d&#8217;un seul tenant. Nous r\u00e9alisons chaque \u00e9tape de votre importation directe de Chine, depuis les n\u00e9gociations contractuelles en Chine jusqu&#8217;\u00e0 la commande des premiers \u00e9chantillons et prototypes, le contr\u00f4le de la production et l&#8217;assurance qualit\u00e9, la logistique de transport, le d\u00e9douanement et, enfin, le stockage ou le fulfillment en Allemagne.<\/p>\n<p>&nbsp;<\/p>\n<p>L&#8217;agence Frisch vous propose des reproductions fid\u00e8les \u00e0 l&#8217;original ou des r\u00e9pliques directement import\u00e9es de Chine par le producteur : Souvenirs d&#8217;anciens m\u00e9tiers, bijoux anciens, livres anciens, art directement r\u00e9alis\u00e9 par des artistes, verres ou cristaux anciens, peintures ou dessins \u00e0 la main, gravures anciennes, mat\u00e9riaux de construction historiques, art international ou antiquit\u00e9s, v\u00eatements ou tissus anciens, peintures et tableaux, meubles et objets d&#8217;ameublement anciens, techniques et instruments, porcelaines et c\u00e9ramiques, tapis et objets \u00e0 nouer, jouets anciens, photographies ou collages photographiques anciens, gravures et estampes, appareils m\u00e9nagers anciens, bois et sculptures artistiques, fournitures pour artistes, ouvrages en m\u00e9tal, instruments de musique anciens, sculptures.<\/p>\n<p>[\/et_pb_text][\/et_pb_column][\/et_pb_row][\/et_pb_section][et_pb_section fb_built=&#8221;1&#8243; admin_label=&#8221;Testimonials&#8221; _builder_version=&#8221;4.16&#8243; use_background_color_gradient=&#8221;on&#8221; background_color_gradient_stops=&#8221;rgba(0,106,156,0.85) 0%|rgba(0,106,156,0.85) 100%&#8221; background_color_gradient_start=&#8221;rgba(0,106,156,0.85)&#8221; background_color_gradient_end=&#8221;rgba(0,106,156,0.85)&#8221; custom_padding=&#8221;90px||60px|&#8221; animation_style=&#8221;fold&#8221; animation_direction=&#8221;bottom&#8221; animation_intensity_fold=&#8221;4%&#8221; global_colors_info=&#8221;{}&#8221;][et_pb_row _builder_version=&#8221;4.16&#8243; background_size=&#8221;initial&#8221; background_position=&#8221;top_left&#8221; background_repeat=&#8221;repeat&#8221; custom_width_px=&#8221;710px&#8221; locked=&#8221;off&#8221; global_colors_info=&#8221;{}&#8221;][et_pb_column type=&#8221;4_4&#8243; _builder_version=&#8221;4.16&#8243; background_position=&#8221;top_left&#8221; custom_padding=&#8221;|||&#8221; global_colors_info=&#8221;{}&#8221; custom_padding__hover=&#8221;|||&#8221;][et_pb_text admin_label=&#8221;Testimonials Section Title&#8221; _builder_version=&#8221;4.16&#8243; header_font=&#8221;Montserrat||||&#8221; header_font_size=&#8221;36px&#8221; background_size=&#8221;initial&#8221; background_position=&#8221;top_left&#8221; background_repeat=&#8221;repeat&#8221; text_orientation=&#8221;center&#8221; background_layout=&#8221;dark&#8221; max_width=&#8221;710px&#8221; module_alignment=&#8221;center&#8221; animation_style=&#8221;fold&#8221; animation_direction=&#8221;bottom&#8221; animation_intensity_fold=&#8221;20%&#8221; global_colors_info=&#8221;{}&#8221;]<\/p>\n<h1>Plus de 5000 clients satisfaits.<\/h1>\n<p>&nbsp;<\/p>\n<p>[\/et_pb_text][et_pb_divider color=&#8221;#ffffff&#8221; divider_weight=&#8221;3px&#8221; disabled_on=&#8221;off|off|off&#8221; _builder_version=&#8221;4.16&#8243; background_color_gradient_direction=&#8221;90deg&#8221; max_width=&#8221;100px&#8221; module_alignment=&#8221;center&#8221; height=&#8221;5px&#8221; custom_margin=&#8221;||20px|&#8221; custom_padding=&#8221;||20px|&#8221; animation_style=&#8221;slide&#8221; animation_direction=&#8221;bottom&#8221; saved_tabs=&#8221;all&#8221; locked=&#8221;off&#8221; global_colors_info=&#8221;{}&#8221;][\/et_pb_divider][\/et_pb_column][\/et_pb_row][et_pb_row column_structure=&#8221;1_2,1_2&#8243; _builder_version=&#8221;4.18.1&#8243; _module_preset=&#8221;default&#8221; global_colors_info=&#8221;{}&#8221;][et_pb_column type=&#8221;1_2&#8243; _builder_version=&#8221;4.18.1&#8243; _module_preset=&#8221;default&#8221; global_colors_info=&#8221;{}&#8221;][et_pb_testimonial author=&#8221;Marco&#8221; portrait_url=&#8221;https:\/\/ag-frisch.com\/wp-content\/uploads\/2021\/08\/Harald.png&#8221; quote_icon=&#8221;off&#8221; _builder_version=&#8221;4.18.1&#8243; _module_preset=&#8221;default&#8221; body_font_size=&#8221;16px&#8221; use_background_color=&#8221;off&#8221; background_layout=&#8221;dark&#8221; global_colors_info=&#8221;{}&#8221;]J&#8217;ai demand\u00e9 \u00e0 l&#8217;agence Frisch de faire produire un meuble de grande taille en Chine et de le transf\u00e9rer ensuite en Allemagne. La communication par e-mail a \u00e9t\u00e9 fluide tout au long du processus ! Des r\u00e9ponses tr\u00e8s rapides et fiables m&#8217;ont apport\u00e9 en permanence les garanties indispensables \u00e0 une telle entreprise. J&#8217;ai toujours \u00e9t\u00e9 aid\u00e9 dans la jungle bureaucratique et aucun formulaire n&#8217;a \u00e9t\u00e9 oubli\u00e9 ou mal rempli. Tr\u00e8s louable !<a href=\"&lt;div%20class=%22pe-richsnippets%22&gt;&nbsp;&lt;\/div&gt;%20&lt;script%20type=%22text\/javascript%22%20src=%22https:\/\/www.provenexpert.com\/widget\/richsnippet.js?u=1NUA0VwZ4RUZ5tmAi5zA4RaplNKAlWwZ&amp;v=2%22%20async&gt;&lt;\/script&gt;%20&lt;div%20style=%22text-align:%20justify;%22&gt;&lt;br%20\/&gt;\"><\/a><\/p>\n<div class=\"brow ratingBarMargin\">\n<div class=\"ratingBar\">\n<div class=\"brow\">\n<div class=\"pe-richsnippets\">&nbsp;<\/div>\n<p><script type=\"text\/javascript\" src=\"https:\/\/www.provenexpert.com\/widget\/richsnippet.js?u=1NUA0VwZ4RUZ5tmAi5zA4RaplNKAlWwZ&amp;v=2\" async=\"\"><\/script><\/p>\n<div style=\"text-align: justify;\"><\/p>\n<div class=\"col-lg-9 col-md-8 col-xs-10 mt20 mb20\">\n<div class=\"col-xs-12 surveyNameForRating\"><\/div>\n<\/div>\n<\/div>\n<\/div>\n<\/div>\n<\/div>\n<p>[\/et_pb_testimonial][\/et_pb_column][et_pb_column type=&#8221;1_2&#8243; _builder_version=&#8221;4.18.1&#8243; _module_preset=&#8221;default&#8221; global_colors_info=&#8221;{}&#8221;][et_pb_testimonial author=&#8221;Simone L.&#8221; portrait_url=&#8221;https:\/\/ag-frisch.com\/wp-content\/uploads\/2021\/08\/Harald.png&#8221; quote_icon=&#8221;off&#8221; _builder_version=&#8221;4.18.1&#8243; _module_preset=&#8221;default&#8221; body_font_size=&#8221;16px&#8221; use_background_color=&#8221;off&#8221; background_layout=&#8221;dark&#8221; global_colors_info=&#8221;{}&#8221;]<\/p>\n<p>Tout est au top. On ne peut pas faire mieux. On ne peut pas faire mieux en mati\u00e8re de conseil et de r\u00e9alisation. Apr\u00e8s avoir pass\u00e9 plusieurs commandes aupr\u00e8s de cette entreprise, nous sommes plus que satisfaits et poursuivons notre collaboration.<\/p>\n<div class=\"brow ratingBarMargin\">\n<div class=\"ratingBar\">\n<div class=\"brow\">\n<div class=\"pe-richsnippets\"> <\/div>\n<p>\n<script type=\"text\/javascript\" src=\"https:\/\/www.provenexpert.com\/widget\/richsnippet.js?u=1NUA0VwZ4RUZ5tmAi5zA4RaplNKAlWwZ&amp;v=2\" async=\"\"><\/script>\n<\/p>\n<div style=\"text-align: justify;\">\n<p>&nbsp;<\/p>\n<div class=\"col-lg-9 col-md-8 col-xs-10 mt20 mb20\">\n<div class=\"col-xs-12 surveyNameForRating\"><\/div>\n<\/div>\n<\/div>\n<\/div>\n<\/div>\n<\/div>\n<p>[\/et_pb_testimonial][\/et_pb_column][\/et_pb_row][et_pb_row _builder_version=&#8221;4.16&#8243; background_size=&#8221;initial&#8221; background_position=&#8221;top_left&#8221; background_repeat=&#8221;repeat&#8221; custom_padding=&#8221;50px|0px|30px|0px&#8221; custom_css_main_element=&#8221;text-align: center;&#8221; global_colors_info=&#8221;{}&#8221;][et_pb_column type=&#8221;4_4&#8243; _builder_version=&#8221;4.16&#8243; custom_padding=&#8221;|||&#8221; global_colors_info=&#8221;{}&#8221; custom_padding__hover=&#8221;|||&#8221;][et_pb_button button_url=&#8221;https:\/\/www.provenexpert.com\/de-de\/agentur-frisch-international-consulting-gmbh-und-co-kg\/&#8221; button_text=&#8221;PLUS D&#039;AVIS&#8221; button_alignment=&#8221;left&#8221; admin_label=&#8221;Testimonial Button&#8221; _builder_version=&#8221;4.16&#8243; custom_button=&#8221;on&#8221; button_text_size=&#8221;18px&#8221; button_text_color=&#8221;#ffffff&#8221; button_bg_color=&#8221;#6eba01&#8243; button_border_width=&#8221;2px&#8221; button_border_color=&#8221;#6eba01&#8243; button_border_radius=&#8221;0px&#8221; button_letter_spacing=&#8221;2px&#8221; button_font=&#8221;Montserrat|||on|&#8221; button_use_icon=&#8221;off&#8221; animation_style=&#8221;fold&#8221; animation_direction=&#8221;bottom&#8221; button_text_color_hover=&#8221;#ffffff&#8221; button_border_color_hover=&#8221;#ffffff&#8221; button_border_radius_hover=&#8221;0px&#8221; button_letter_spacing_hover=&#8221;2px&#8221; button_bg_color_hover=&#8221;rgba(255,255,255,0)&#8221; locked=&#8221;off&#8221; global_colors_info=&#8221;{}&#8221; button_text_size__hover_enabled=&#8221;off&#8221; button_one_text_size__hover_enabled=&#8221;off&#8221; button_two_text_size__hover_enabled=&#8221;off&#8221; button_text_color__hover_enabled=&#8221;on&#8221; button_text_color__hover=&#8221;#ffffff&#8221; button_one_text_color__hover_enabled=&#8221;off&#8221; button_two_text_color__hover_enabled=&#8221;off&#8221; button_border_width__hover_enabled=&#8221;off&#8221; button_one_border_width__hover_enabled=&#8221;off&#8221; button_two_border_width__hover_enabled=&#8221;off&#8221; button_border_color__hover_enabled=&#8221;on&#8221; button_border_color__hover=&#8221;#ffffff&#8221; button_one_border_color__hover_enabled=&#8221;off&#8221; button_two_border_color__hover_enabled=&#8221;off&#8221; button_border_radius__hover_enabled=&#8221;on&#8221; button_border_radius__hover=&#8221;0px&#8221; button_one_border_radius__hover_enabled=&#8221;off&#8221; button_two_border_radius__hover_enabled=&#8221;off&#8221; button_letter_spacing__hover_enabled=&#8221;on&#8221; button_letter_spacing__hover=&#8221;2px&#8221; button_one_letter_spacing__hover_enabled=&#8221;off&#8221; button_two_letter_spacing__hover_enabled=&#8221;off&#8221; button_bg_color__hover_enabled=&#8221;on&#8221; button_bg_color__hover=&#8221;rgba(255,255,255,0)&#8221; button_one_bg_color__hover_enabled=&#8221;off&#8221; button_two_bg_color__hover_enabled=&#8221;off&#8221;][\/et_pb_button][\/et_pb_column][\/et_pb_row][\/et_pb_section]<\/p>\n","protected":false},"excerpt":{"rendered":"<p>Nous vous aidons \u00e0 importer des r\u00e9pliques d&#8217;objets d&#8217;art ou d&#8217;ornement de Chine. Nous sommes votre partenaire depuis la recherche du fournisseur jusqu&#8217;\u00e0 la logistique et la livraison dans l&#8217;entrep\u00f4t de l&#8217;acheteur, en passant par la n\u00e9gociation du contrat et les proc\u00e9dures de conformit\u00e9, la production et l&#8217;assurance qualit\u00e9. Importer des antiquit\u00e9s et des \u0153uvres [&hellip;]<\/p>\n","protected":false},"author":2,"featured_media":0,"parent":0,"menu_order":0,"comment_status":"closed","ping_status":"closed","template":"","meta":{"_et_pb_use_builder":"on","_et_pb_old_content":"","_et_gb_content_width":"","footnotes":""},"class_list":["post-11093","page","type-page","status-publish","hentry"],"yoast_head":"<!-- This site is optimized with the Yoast SEO plugin v27.4 - https:\/\/yoast.com\/product\/yoast-seo-wordpress\/ -->\n<title>Antiquit\u00e9s de Chine | Importation d&#039;\u0153uvres d&#039;art de Chine<\/title>\n<meta name=\"description\" content=\"Importer art &amp; antiquit\u00e9s de Chine \u25ba Nombreuses imitations et r\u00e9pliques de Chine \u2714 \u0152uvres d&#039;art \u2714 Porcelaine \u2714 Bijoux \u25ba Consultez maintenant !\" \/>\n<meta name=\"robots\" content=\"index, follow, max-snippet:-1, max-image-preview:large, max-video-preview:-1\" \/>\n<link rel=\"canonical\" href=\"https:\/\/ag-frisch.com\/fr\/art-et-antiquites\/\" \/>\n<meta property=\"og:locale\" content=\"fr_FR\" \/>\n<meta property=\"og:type\" content=\"article\" \/>\n<meta property=\"og:title\" content=\"Antiquit\u00e9s de Chine | Importation d&#039;\u0153uvres d&#039;art de Chine\" \/>\n<meta property=\"og:description\" content=\"Importer art &amp; antiquit\u00e9s de Chine \u25ba Nombreuses imitations et r\u00e9pliques de Chine \u2714 \u0152uvres d&#039;art \u2714 Porcelaine \u2714 Bijoux \u25ba Consultez maintenant !\" \/>\n<meta property=\"og:url\" content=\"https:\/\/ag-frisch.com\/fr\/art-et-antiquites\/\" \/>\n<meta property=\"og:site_name\" content=\"China Import Beratung f\u00fcr den Einkauf aus China\" \/>\n<meta property=\"article:publisher\" content=\"https:\/\/www.facebook.com\/China.Import\" \/>\n<meta property=\"article:modified_time\" content=\"2023-01-27T04:27:35+00:00\" \/>\n<meta name=\"twitter:card\" content=\"summary_large_image\" \/>\n<meta name=\"twitter:site\" content=\"@agenturfrisch\" \/>\n<meta name=\"twitter:label1\" content=\"Dur\u00e9e de lecture estim\u00e9e\" \/>\n\t<meta name=\"twitter:data1\" content=\"9 minutes\" \/>\n<script type=\"application\/ld+json\" class=\"yoast-schema-graph\">{\"@context\":\"https:\\\/\\\/schema.org\",\"@graph\":[{\"@type\":\"WebPage\",\"@id\":\"https:\\\/\\\/ag-frisch.com\\\/fr\\\/art-et-antiquites\\\/\",\"url\":\"https:\\\/\\\/ag-frisch.com\\\/fr\\\/art-et-antiquites\\\/\",\"name\":\"Antiquit\u00e9s de Chine | Importation d'\u0153uvres d'art de Chine\",\"isPartOf\":{\"@id\":\"https:\\\/\\\/ag-frisch.com\\\/de\\\/#website\"},\"datePublished\":\"2022-04-28T11:52:33+00:00\",\"dateModified\":\"2023-01-27T04:27:35+00:00\",\"description\":\"Importer art & antiquit\u00e9s de Chine \u25ba Nombreuses imitations et r\u00e9pliques de Chine \u2714 \u0152uvres d'art \u2714 Porcelaine \u2714 Bijoux \u25ba Consultez maintenant !\",\"breadcrumb\":{\"@id\":\"https:\\\/\\\/ag-frisch.com\\\/fr\\\/art-et-antiquites\\\/#breadcrumb\"},\"inLanguage\":\"fr-FR\",\"potentialAction\":[{\"@type\":\"ReadAction\",\"target\":[\"https:\\\/\\\/ag-frisch.com\\\/fr\\\/art-et-antiquites\\\/\"]}]},{\"@type\":\"BreadcrumbList\",\"@id\":\"https:\\\/\\\/ag-frisch.com\\\/fr\\\/art-et-antiquites\\\/#breadcrumb\",\"itemListElement\":[{\"@type\":\"ListItem\",\"position\":1,\"name\":\"Startseite\",\"item\":\"https:\\\/\\\/ag-frisch.com\\\/de\\\/\"},{\"@type\":\"ListItem\",\"position\":2,\"name\":\"Art et antiquit\u00e9s\"}]},{\"@type\":\"WebSite\",\"@id\":\"https:\\\/\\\/ag-frisch.com\\\/de\\\/#website\",\"url\":\"https:\\\/\\\/ag-frisch.com\\\/de\\\/\",\"name\":\"China Import Beratung f\u00fcr den Einkauf aus China\",\"description\":\"China Import &amp; Export Beratung - Der Dienstleister Ihres Vertrauens f\u00fcr Ihren China Import\",\"publisher\":{\"@id\":\"https:\\\/\\\/ag-frisch.com\\\/de\\\/#organization\"},\"potentialAction\":[{\"@type\":\"SearchAction\",\"target\":{\"@type\":\"EntryPoint\",\"urlTemplate\":\"https:\\\/\\\/ag-frisch.com\\\/de\\\/?s={search_term_string}\"},\"query-input\":{\"@type\":\"PropertyValueSpecification\",\"valueRequired\":true,\"valueName\":\"search_term_string\"}}],\"inLanguage\":\"fr-FR\"},{\"@type\":\"Organization\",\"@id\":\"https:\\\/\\\/ag-frisch.com\\\/de\\\/#organization\",\"name\":\"Agentur Frisch International Consulting GmbH & Co. KG\",\"url\":\"https:\\\/\\\/ag-frisch.com\\\/de\\\/\",\"logo\":{\"@type\":\"ImageObject\",\"inLanguage\":\"fr-FR\",\"@id\":\"https:\\\/\\\/ag-frisch.com\\\/de\\\/#\\\/schema\\\/logo\\\/image\\\/\",\"url\":\"https:\\\/\\\/ag-frisch.com\\\/wp-content\\\/uploads\\\/2021\\\/08\\\/ag_logo_rgb_300_small.png\",\"contentUrl\":\"https:\\\/\\\/ag-frisch.com\\\/wp-content\\\/uploads\\\/2021\\\/08\\\/ag_logo_rgb_300_small.png\",\"width\":153,\"height\":102,\"caption\":\"Agentur Frisch International Consulting GmbH & Co. KG\"},\"image\":{\"@id\":\"https:\\\/\\\/ag-frisch.com\\\/de\\\/#\\\/schema\\\/logo\\\/image\\\/\"},\"sameAs\":[\"https:\\\/\\\/www.facebook.com\\\/China.Import\",\"https:\\\/\\\/x.com\\\/agenturfrisch\"]}]}<\/script>\n<!-- \/ Yoast SEO plugin. -->","yoast_head_json":{"title":"Antiquit\u00e9s de Chine | Importation d'\u0153uvres d'art de Chine","description":"Importer art & antiquit\u00e9s de Chine \u25ba Nombreuses imitations et r\u00e9pliques de Chine \u2714 \u0152uvres d'art \u2714 Porcelaine \u2714 Bijoux \u25ba Consultez maintenant !","robots":{"index":"index","follow":"follow","max-snippet":"max-snippet:-1","max-image-preview":"max-image-preview:large","max-video-preview":"max-video-preview:-1"},"canonical":"https:\/\/ag-frisch.com\/fr\/art-et-antiquites\/","og_locale":"fr_FR","og_type":"article","og_title":"Antiquit\u00e9s de Chine | Importation d'\u0153uvres d'art de Chine","og_description":"Importer art & antiquit\u00e9s de Chine \u25ba Nombreuses imitations et r\u00e9pliques de Chine \u2714 \u0152uvres d'art \u2714 Porcelaine \u2714 Bijoux \u25ba Consultez maintenant !","og_url":"https:\/\/ag-frisch.com\/fr\/art-et-antiquites\/","og_site_name":"China Import Beratung f\u00fcr den Einkauf aus China","article_publisher":"https:\/\/www.facebook.com\/China.Import","article_modified_time":"2023-01-27T04:27:35+00:00","twitter_card":"summary_large_image","twitter_site":"@agenturfrisch","twitter_misc":{"Dur\u00e9e de lecture estim\u00e9e":"9 minutes"},"schema":{"@context":"https:\/\/schema.org","@graph":[{"@type":"WebPage","@id":"https:\/\/ag-frisch.com\/fr\/art-et-antiquites\/","url":"https:\/\/ag-frisch.com\/fr\/art-et-antiquites\/","name":"Antiquit\u00e9s de Chine | Importation d'\u0153uvres d'art de Chine","isPartOf":{"@id":"https:\/\/ag-frisch.com\/de\/#website"},"datePublished":"2022-04-28T11:52:33+00:00","dateModified":"2023-01-27T04:27:35+00:00","description":"Importer art & antiquit\u00e9s de Chine \u25ba Nombreuses imitations et r\u00e9pliques de Chine \u2714 \u0152uvres d'art \u2714 Porcelaine \u2714 Bijoux \u25ba Consultez maintenant !","breadcrumb":{"@id":"https:\/\/ag-frisch.com\/fr\/art-et-antiquites\/#breadcrumb"},"inLanguage":"fr-FR","potentialAction":[{"@type":"ReadAction","target":["https:\/\/ag-frisch.com\/fr\/art-et-antiquites\/"]}]},{"@type":"BreadcrumbList","@id":"https:\/\/ag-frisch.com\/fr\/art-et-antiquites\/#breadcrumb","itemListElement":[{"@type":"ListItem","position":1,"name":"Startseite","item":"https:\/\/ag-frisch.com\/de\/"},{"@type":"ListItem","position":2,"name":"Art et antiquit\u00e9s"}]},{"@type":"WebSite","@id":"https:\/\/ag-frisch.com\/de\/#website","url":"https:\/\/ag-frisch.com\/de\/","name":"China Import Beratung f\u00fcr den Einkauf aus China","description":"China Import &amp; Export Beratung - Der Dienstleister Ihres Vertrauens f\u00fcr Ihren China Import","publisher":{"@id":"https:\/\/ag-frisch.com\/de\/#organization"},"potentialAction":[{"@type":"SearchAction","target":{"@type":"EntryPoint","urlTemplate":"https:\/\/ag-frisch.com\/de\/?s={search_term_string}"},"query-input":{"@type":"PropertyValueSpecification","valueRequired":true,"valueName":"search_term_string"}}],"inLanguage":"fr-FR"},{"@type":"Organization","@id":"https:\/\/ag-frisch.com\/de\/#organization","name":"Agentur Frisch International Consulting GmbH & Co. KG","url":"https:\/\/ag-frisch.com\/de\/","logo":{"@type":"ImageObject","inLanguage":"fr-FR","@id":"https:\/\/ag-frisch.com\/de\/#\/schema\/logo\/image\/","url":"https:\/\/ag-frisch.com\/wp-content\/uploads\/2021\/08\/ag_logo_rgb_300_small.png","contentUrl":"https:\/\/ag-frisch.com\/wp-content\/uploads\/2021\/08\/ag_logo_rgb_300_small.png","width":153,"height":102,"caption":"Agentur Frisch International Consulting GmbH & Co. KG"},"image":{"@id":"https:\/\/ag-frisch.com\/de\/#\/schema\/logo\/image\/"},"sameAs":["https:\/\/www.facebook.com\/China.Import","https:\/\/x.com\/agenturfrisch"]}]}},"_links":{"self":[{"href":"https:\/\/ag-frisch.com\/fr\/wp-json\/wp\/v2\/pages\/11093","targetHints":{"allow":["GET"]}}],"collection":[{"href":"https:\/\/ag-frisch.com\/fr\/wp-json\/wp\/v2\/pages"}],"about":[{"href":"https:\/\/ag-frisch.com\/fr\/wp-json\/wp\/v2\/types\/page"}],"author":[{"embeddable":true,"href":"https:\/\/ag-frisch.com\/fr\/wp-json\/wp\/v2\/users\/2"}],"replies":[{"embeddable":true,"href":"https:\/\/ag-frisch.com\/fr\/wp-json\/wp\/v2\/comments?post=11093"}],"version-history":[{"count":0,"href":"https:\/\/ag-frisch.com\/fr\/wp-json\/wp\/v2\/pages\/11093\/revisions"}],"wp:attachment":[{"href":"https:\/\/ag-frisch.com\/fr\/wp-json\/wp\/v2\/media?parent=11093"}],"curies":[{"name":"wp","href":"https:\/\/api.w.org\/{rel}","templated":true}]}}