{"id":11189,"date":"2022-04-30T06:21:11","date_gmt":"2022-04-30T04:21:11","guid":{"rendered":"https:\/\/ag-frisch.com\/materiel-photo-de-chine\/"},"modified":"2023-01-27T05:27:35","modified_gmt":"2023-01-27T04:27:35","slug":"materiel-photo-de-chine","status":"publish","type":"page","link":"https:\/\/ag-frisch.com\/fr\/materiel-photo-de-chine\/","title":{"rendered":"Mat\u00e9riel photo de Chine"},"content":{"rendered":"<p>[et_pb_section fb_built=&#8221;1&#8243; _builder_version=&#8221;4.16&#8243; _module_preset=&#8221;default&#8221; global_colors_info=&#8221;{}&#8221;][et_pb_row _builder_version=&#8221;4.18.1&#8243; _module_preset=&#8221;default&#8221; global_colors_info=&#8221;{}&#8221;][et_pb_column type=&#8221;4_4&#8243; _builder_version=&#8221;4.18.1&#8243; _module_preset=&#8221;default&#8221; global_colors_info=&#8221;{}&#8221;][et_pb_cta title=&#8221;Importation de petits appareils \u00e9lectroniques de Chine&#8221; button_url=&#8221;https:\/\/ag-frisch.com\/fr\/contact\/&#8221; button_text=&#8221;Faire importer maintenant par un professionnel  &#8221; _builder_version=&#8221;4.18.1&#8243; _module_preset=&#8221;default&#8221; hover_enabled=&#8221;0&#8243; global_colors_info=&#8221;{}&#8221; sticky_enabled=&#8221;0&#8243;]<\/p>\n<p>Les experts en importation de Chine d\u00e9veloppent pour vous l&#8217;importation compl\u00e8te de petits appareils \u00e9lectroniques et de technique de divertissement depuis la Chine.<\/p>\n<p>[\/et_pb_cta][\/et_pb_column][\/et_pb_row][et_pb_row _builder_version=&#8221;4.16&#8243; _module_preset=&#8221;default&#8221; global_colors_info=&#8221;{}&#8221;][et_pb_column type=&#8221;4_4&#8243; _builder_version=&#8221;4.16&#8243; _module_preset=&#8221;default&#8221; global_colors_info=&#8221;{}&#8221;][et_pb_text _builder_version=&#8221;4.18.1&#8243; _module_preset=&#8221;default&#8221; global_colors_info=&#8221;{}&#8221;]<\/p>\n<h1>Importation de petits appareils \u00e9lectroniques et de technologie de divertissement de Chine<\/h1>\n<p><strong>Ordinateurs, t\u00e9l\u00e9phones portables, mat\u00e9riel photo et autres en provenance de Chine<\/strong><\/p>\n<p>Peu de pays sont aussi synonymes de petits appareils \u00e9lectroniques bon march\u00e9 que la Chine : &#8220;Made in China&#8221; est devenu l&#8217;incarnation des appareils techniques produits \u00e0 bas prix. Mais ces temps sont r\u00e9volus depuis longtemps : entre-temps, le march\u00e9 est devenu florissant, des produits de premi\u00e8re qualit\u00e9 sont d\u00e9velopp\u00e9s et fabriqu\u00e9s \u00e0 un rythme effr\u00e9n\u00e9 pour la distribution mondiale. \u00c0 l&#8217;agence Frisch, nous vous fournissons les relations commerciales en Chine dont vous avez besoin pour en tirer profit. Nous connaissons les fabricants et savons \u00e0 quoi il faut faire attention lors de l&#8217;importation en Chine de mat\u00e9riel photo, de petits appareils \u00e9lectroniques, d&#8217;ordinateurs et autres.<\/p>\n<p>&nbsp;<\/p>\n<p><strong>Produit \u00e0 bas prix et de haute qualit\u00e9 &#8211; petits appareils \u00e9lectroniques de Chine<\/strong><\/p>\n<p>En tant que grossiste ou entrepreneur individuel ambitieux, vous savez \u00e0 quel point il est important d&#8217;acheter le moins cher possible afin de r\u00e9aliser des marges raisonnables. Nous vous offrons les meilleurs contacts pour renforcer votre activit\u00e9 par l&#8217;importation d&#8217;\u00e9lectronique en Chine, de mani\u00e8re s\u00e9rieuse mais lucrative. Dans ce domaine, nous vous fournissons volontiers des produits tels que :<\/p>\n<ul>\n<li>T\u00e9l\u00e9phones portables, smartphones, tablettes<\/li>\n<li>Ordinateurs portables, ordinateurs<\/li>\n<li>Appareils photo reflex num\u00e9riques\/analogiques, appareils photo num\u00e9riques et accessoires<\/li>\n<li>T\u00e9l\u00e9phones et installations t\u00e9l\u00e9phoniques<\/li>\n<li>\u00c9quipement de laboratoire photo et accessoires de studio photo<\/li>\n<li>Lampes LED, ampoules \u00e0 incandescence, lampes de poche<\/li>\n<li>et bien d&#8217;autres choses encore.<\/li>\n<\/ul>\n<p>&nbsp;<\/p>\n<p><strong>Fournitures photographiques de Chine : quand la qualit\u00e9 compte<\/strong><\/p>\n<p>De nos jours, tout le monde peut prendre rapidement quelques photos avec son smartphone. Mais les bonnes photos sont souvent le fruit du hasard. Ceux qui souhaitent pratiquer une photographie plus sophistiqu\u00e9e se tournent encore volontiers vers les appareils photo reflex ou du moins vers d&#8217;excellents appareils photo num\u00e9riques. Nous vous procurons ici la meilleure qualit\u00e9 au niveau allemand. Il en va de m\u00eame pour les cam\u00e9ras et les projecteurs de cin\u00e9ma, les objectifs et tous les accessoires. Nos producteurs proposent \u00e9galement tout ce qu&#8217;il faut pour \u00e9quiper des laboratoires photo et des studios photo complets. Ainsi, pour une fraction du prix, vous obtenez des marchandises de qualit\u00e9 absolue.<\/p>\n<p>&nbsp;<\/p>\n<p><strong>Une bonne connexion &#8211; Technologie de communication et \u00e9lectronique grand public de Chine<\/strong><\/p>\n<p>Le march\u00e9 chinois de l&#8217;\u00e9lectronique de communication est extr\u00eamement s\u00e9lectif, les appareils qui y sont d\u00e9sormais produits r\u00e9pondent aux exigences les plus \u00e9lev\u00e9es et sont con\u00e7us par de v\u00e9ritables sp\u00e9cialistes. Qu&#8217;il s&#8217;agisse d&#8217;un smartphone ou d&#8217;un ordinateur, d&#8217;un ordinateur portable haut de gamme ou d&#8217;une console de jeux, nous trouverons pour vous le fournisseur optimal pour l&#8217;importation d&#8217;\u00e9lectronique grand public depuis la Chine.<\/p>\n<p>&nbsp;<\/p>\n<p><strong>Importation chinoise s\u00e9rieuse et fiable avec l&#8217;agence Frisch<\/strong><\/p>\n<p>Nous ne saurons jamais assez vous mettre en garde contre les vendeurs de vent qui vous promettent le ciel bleu et vous laissent ensuite sous la pluie. Des partenaires commerciaux peu scrupuleux nuisent \u00e0 la r\u00e9putation des importations chinoises propres. L&#8217;agence Frisch est active dans ce domaine depuis de nombreuses ann\u00e9es et ce n&#8217;est pas pour rien qu&#8217;elle dispose d&#8217;un solide portefeuille de clients r\u00e9guliers. Notre note de 5 \u00e9toiles sur Google est \u00e9loquente.<\/p>\n<p>Nous vous offrons<\/p>\n<ul>\n<li>Fiabilit\u00e9<\/li>\n<li>d\u00e9roulement correct<\/li>\n<li>Normes allemandes<\/li>\n<li>des prix avantageux<\/li>\n<li>top savoir-faire<\/li>\n<li>Service complet<\/li>\n<\/ul>\n<p>&nbsp;<\/p>\n<p><strong>Une seule agence pour tous les services li\u00e9s \u00e0 votre importation de Chine<\/strong><\/p>\n<p>De la recherche du fabricant \u00e0 la n\u00e9gociation des prix et \u00e0 l&#8217;\u00e9laboration des contrats, du contr\u00f4le de la production \u00e0 l&#8217;assurance qualit\u00e9, en passant par le transport, les droits de douane et les autorisations et, si vous le souhaitez, le stockage en Allemagne, nous vous proposons tous les services n\u00e9cessaires \u00e0 votre achat de mat\u00e9riel photographique ou d&#8217;\u00e9lectronique grand public en provenance de Chine.<\/p>\n<p>&nbsp;<\/p>\n<p><strong>Entreprises d&#8217;importation de Chine avec exp\u00e9rience et r\u00e9f\u00e9rences<\/strong><\/p>\n<p>Nous sommes fiers de pouvoir prendre en charge pratiquement toutes les prestations pour vous avec nos filiales et de pouvoir ainsi garantir la meilleure qualit\u00e9. Nos marques comme import4u, inspekt4u, airbridge Consulting, le laboratoire de test BEIDE ou stock4u sont des pi\u00e8ces importantes de la mosa\u00efque de votre succ\u00e8s commercial lors de l&#8217;importation de Chine.<\/p>\n<p>Parmi nos r\u00e9f\u00e9rences, nous comptons de grandes entreprises de renom ainsi que des topsellers d&#8217;eBay et d&#8217;Amazon. Beaucoup de nos clients s&#8217;approvisionnent chez nous depuis de nombreuses ann\u00e9es. Nous voulons des clients satisfaits et nous faisons quelque chose pour cela.<\/p>\n<p>Faites confiance aux services d&#8217;une entreprise d&#8217;importation chinoise exp\u00e9riment\u00e9e.<\/p>\n<p>&nbsp;<\/p>\n<p><strong>Nous offrons le succ\u00e8s sans compromis.<\/strong><\/p>\n<p>&nbsp;<\/p>\n<p>[\/et_pb_text][\/et_pb_column][\/et_pb_row][\/et_pb_section][et_pb_section fb_built=&#8221;1&#8243; admin_label=&#8221;Testimonials&#8221; _builder_version=&#8221;4.16&#8243; use_background_color_gradient=&#8221;on&#8221; background_color_gradient_stops=&#8221;rgba(0,106,156,0.85) 0%|rgba(0,106,156,0.85) 100%&#8221; background_color_gradient_start=&#8221;rgba(0,106,156,0.85)&#8221; background_color_gradient_end=&#8221;rgba(0,106,156,0.85)&#8221; custom_padding=&#8221;90px||60px|&#8221; animation_style=&#8221;fold&#8221; animation_direction=&#8221;bottom&#8221; animation_intensity_fold=&#8221;4%&#8221; global_colors_info=&#8221;{}&#8221;][et_pb_row _builder_version=&#8221;4.16&#8243; background_size=&#8221;initial&#8221; background_position=&#8221;top_left&#8221; background_repeat=&#8221;repeat&#8221; custom_width_px=&#8221;710px&#8221; locked=&#8221;off&#8221; global_colors_info=&#8221;{}&#8221;][et_pb_column type=&#8221;4_4&#8243; _builder_version=&#8221;4.16&#8243; background_position=&#8221;top_left&#8221; custom_padding=&#8221;|||&#8221; global_colors_info=&#8221;{}&#8221; custom_padding__hover=&#8221;|||&#8221;][et_pb_text admin_label=&#8221;Testimonials Section Title&#8221; _builder_version=&#8221;4.16&#8243; header_font=&#8221;Montserrat||||&#8221; header_font_size=&#8221;36px&#8221; background_size=&#8221;initial&#8221; background_position=&#8221;top_left&#8221; background_repeat=&#8221;repeat&#8221; text_orientation=&#8221;center&#8221; background_layout=&#8221;dark&#8221; max_width=&#8221;710px&#8221; module_alignment=&#8221;center&#8221; animation_style=&#8221;fold&#8221; animation_direction=&#8221;bottom&#8221; animation_intensity_fold=&#8221;20%&#8221; global_colors_info=&#8221;{}&#8221;]<\/p>\n<h1>Plus de 5000 clients satisfaits.<\/h1>\n<p>&nbsp;<\/p>\n<p>[\/et_pb_text][et_pb_divider color=&#8221;#ffffff&#8221; divider_weight=&#8221;3px&#8221; disabled_on=&#8221;off|off|off&#8221; _builder_version=&#8221;4.16&#8243; background_color_gradient_direction=&#8221;90deg&#8221; max_width=&#8221;100px&#8221; module_alignment=&#8221;center&#8221; height=&#8221;5px&#8221; custom_margin=&#8221;||20px|&#8221; custom_padding=&#8221;||20px|&#8221; animation_style=&#8221;slide&#8221; animation_direction=&#8221;bottom&#8221; saved_tabs=&#8221;all&#8221; locked=&#8221;off&#8221; global_colors_info=&#8221;{}&#8221;][\/et_pb_divider][\/et_pb_column][\/et_pb_row][et_pb_row column_structure=&#8221;1_2,1_2&#8243; _builder_version=&#8221;4.18.1&#8243; _module_preset=&#8221;default&#8221; global_colors_info=&#8221;{}&#8221;][et_pb_column type=&#8221;1_2&#8243; _builder_version=&#8221;4.18.1&#8243; _module_preset=&#8221;default&#8221; global_colors_info=&#8221;{}&#8221;][et_pb_testimonial author=&#8221;Marco&#8221; portrait_url=&#8221;https:\/\/ag-frisch.com\/wp-content\/uploads\/2021\/08\/Harald.png&#8221; quote_icon=&#8221;off&#8221; _builder_version=&#8221;4.18.1&#8243; _module_preset=&#8221;default&#8221; body_font_size=&#8221;16px&#8221; use_background_color=&#8221;off&#8221; background_layout=&#8221;dark&#8221; global_colors_info=&#8221;{}&#8221;]J&#8217;ai demand\u00e9 \u00e0 l&#8217;agence Frisch de faire produire un meuble de grande taille en Chine et de le transf\u00e9rer ensuite en Allemagne. La communication par e-mail a \u00e9t\u00e9 fluide tout au long du processus ! Des r\u00e9ponses tr\u00e8s rapides et fiables m&#8217;ont apport\u00e9 en permanence les garanties indispensables \u00e0 une telle entreprise. J&#8217;ai toujours \u00e9t\u00e9 aid\u00e9 dans la jungle bureaucratique et aucun formulaire n&#8217;a \u00e9t\u00e9 oubli\u00e9 ou mal rempli. Tr\u00e8s louable !<a href=\"&lt;div%20class=%22pe-richsnippets%22&gt;&nbsp;&lt;\/div&gt;%20&lt;script%20type=%22text\/javascript%22%20src=%22https:\/\/www.provenexpert.com\/widget\/richsnippet.js?u=1NUA0VwZ4RUZ5tmAi5zA4RaplNKAlWwZ&amp;v=2%22%20async&gt;&lt;\/script&gt;%20&lt;div%20style=%22text-align:%20justify;%22&gt;&lt;br%20\/&gt;\"><\/a><\/p>\n<div class=\"brow ratingBarMargin\">\n<div class=\"ratingBar\">\n<div class=\"brow\">\n<div class=\"pe-richsnippets\">&nbsp;<\/div>\n<p><script type=\"text\/javascript\" src=\"https:\/\/www.provenexpert.com\/widget\/richsnippet.js?u=1NUA0VwZ4RUZ5tmAi5zA4RaplNKAlWwZ&amp;v=2\" async=\"\"><\/script><\/p>\n<div style=\"text-align: justify;\"><\/p>\n<div class=\"col-lg-9 col-md-8 col-xs-10 mt20 mb20\">\n<div class=\"col-xs-12 surveyNameForRating\"><\/div>\n<\/div>\n<\/div>\n<\/div>\n<\/div>\n<\/div>\n<p>[\/et_pb_testimonial][\/et_pb_column][et_pb_column type=&#8221;1_2&#8243; _builder_version=&#8221;4.18.1&#8243; _module_preset=&#8221;default&#8221; global_colors_info=&#8221;{}&#8221;][et_pb_testimonial author=&#8221;Simone L.&#8221; portrait_url=&#8221;https:\/\/ag-frisch.com\/wp-content\/uploads\/2021\/08\/Harald.png&#8221; quote_icon=&#8221;off&#8221; _builder_version=&#8221;4.18.1&#8243; _module_preset=&#8221;default&#8221; body_font_size=&#8221;16px&#8221; use_background_color=&#8221;off&#8221; background_layout=&#8221;dark&#8221; global_colors_info=&#8221;{}&#8221;]<\/p>\n<p>Tout est au top. On ne peut pas faire mieux. On ne peut pas faire mieux en mati\u00e8re de conseil et de r\u00e9alisation. Apr\u00e8s avoir pass\u00e9 plusieurs commandes aupr\u00e8s de cette entreprise, nous sommes plus que satisfaits et poursuivons notre collaboration.<\/p>\n<div class=\"brow ratingBarMargin\">\n<div class=\"ratingBar\">\n<div class=\"brow\">\n<div class=\"pe-richsnippets\"> <\/div>\n<p>\n<script type=\"text\/javascript\" src=\"https:\/\/www.provenexpert.com\/widget\/richsnippet.js?u=1NUA0VwZ4RUZ5tmAi5zA4RaplNKAlWwZ&amp;v=2\" async=\"\"><\/script>\n<\/p>\n<div style=\"text-align: justify;\">\n<p>&nbsp;<\/p>\n<div class=\"col-lg-9 col-md-8 col-xs-10 mt20 mb20\">\n<div class=\"col-xs-12 surveyNameForRating\"><\/div>\n<\/div>\n<\/div>\n<\/div>\n<\/div>\n<\/div>\n<p>[\/et_pb_testimonial][\/et_pb_column][\/et_pb_row][et_pb_row _builder_version=&#8221;4.16&#8243; background_size=&#8221;initial&#8221; background_position=&#8221;top_left&#8221; background_repeat=&#8221;repeat&#8221; custom_padding=&#8221;50px|0px|30px|0px&#8221; custom_css_main_element=&#8221;text-align: center;&#8221; global_colors_info=&#8221;{}&#8221;][et_pb_column type=&#8221;4_4&#8243; _builder_version=&#8221;4.16&#8243; custom_padding=&#8221;|||&#8221; global_colors_info=&#8221;{}&#8221; custom_padding__hover=&#8221;|||&#8221;][et_pb_button button_url=&#8221;https:\/\/www.provenexpert.com\/de-de\/agentur-frisch-international-consulting-gmbh-und-co-kg\/&#8221; button_text=&#8221;PLUS D&#039;AVIS&#8221; button_alignment=&#8221;left&#8221; admin_label=&#8221;Testimonial Button&#8221; _builder_version=&#8221;4.16&#8243; custom_button=&#8221;on&#8221; button_text_size=&#8221;18px&#8221; button_text_color=&#8221;#ffffff&#8221; button_bg_color=&#8221;#6eba01&#8243; button_border_width=&#8221;2px&#8221; button_border_color=&#8221;#6eba01&#8243; button_border_radius=&#8221;0px&#8221; button_letter_spacing=&#8221;2px&#8221; button_font=&#8221;Montserrat|||on|&#8221; button_use_icon=&#8221;off&#8221; animation_style=&#8221;fold&#8221; animation_direction=&#8221;bottom&#8221; button_text_color_hover=&#8221;#ffffff&#8221; button_border_color_hover=&#8221;#ffffff&#8221; button_border_radius_hover=&#8221;0px&#8221; button_letter_spacing_hover=&#8221;2px&#8221; button_bg_color_hover=&#8221;rgba(255,255,255,0)&#8221; locked=&#8221;off&#8221; global_colors_info=&#8221;{}&#8221; button_text_size__hover_enabled=&#8221;off&#8221; button_one_text_size__hover_enabled=&#8221;off&#8221; button_two_text_size__hover_enabled=&#8221;off&#8221; button_text_color__hover_enabled=&#8221;on&#8221; button_text_color__hover=&#8221;#ffffff&#8221; button_one_text_color__hover_enabled=&#8221;off&#8221; button_two_text_color__hover_enabled=&#8221;off&#8221; button_border_width__hover_enabled=&#8221;off&#8221; button_one_border_width__hover_enabled=&#8221;off&#8221; button_two_border_width__hover_enabled=&#8221;off&#8221; button_border_color__hover_enabled=&#8221;on&#8221; button_border_color__hover=&#8221;#ffffff&#8221; button_one_border_color__hover_enabled=&#8221;off&#8221; button_two_border_color__hover_enabled=&#8221;off&#8221; button_border_radius__hover_enabled=&#8221;on&#8221; button_border_radius__hover=&#8221;0px&#8221; button_one_border_radius__hover_enabled=&#8221;off&#8221; button_two_border_radius__hover_enabled=&#8221;off&#8221; button_letter_spacing__hover_enabled=&#8221;on&#8221; button_letter_spacing__hover=&#8221;2px&#8221; button_one_letter_spacing__hover_enabled=&#8221;off&#8221; button_two_letter_spacing__hover_enabled=&#8221;off&#8221; button_bg_color__hover_enabled=&#8221;on&#8221; button_bg_color__hover=&#8221;rgba(255,255,255,0)&#8221; button_one_bg_color__hover_enabled=&#8221;off&#8221; button_two_bg_color__hover_enabled=&#8221;off&#8221;][\/et_pb_button][\/et_pb_column][\/et_pb_row][\/et_pb_section]<\/p>\n","protected":false},"excerpt":{"rendered":"<p>Les experts en importation de Chine d\u00e9veloppent pour vous l&#8217;importation compl\u00e8te de petits appareils \u00e9lectroniques et de technique de divertissement depuis la Chine.Importation de petits appareils \u00e9lectroniques et de technologie de divertissement de Chine Ordinateurs, t\u00e9l\u00e9phones portables, mat\u00e9riel photo et autres en provenance de Chine Peu de pays sont aussi synonymes de petits appareils \u00e9lectroniques [&hellip;]<\/p>\n","protected":false},"author":2,"featured_media":0,"parent":0,"menu_order":0,"comment_status":"closed","ping_status":"closed","template":"","meta":{"_et_pb_use_builder":"on","_et_pb_old_content":"","_et_gb_content_width":"","footnotes":""},"class_list":["post-11189","page","type-page","status-publish","hentry"],"yoast_head":"<!-- This site is optimized with the Yoast SEO plugin v27.4 - https:\/\/yoast.com\/product\/yoast-seo-wordpress\/ -->\n<title>Importation de petits appareils \u00e9lectroniques | Electronique grand public de Chine<\/title>\n<meta name=\"description\" content=\"Importation chinoise de petits appareils \u00e9lectroniques \u25ba production bon march\u00e9, qualit\u00e9 TOP \u2714 technique de communication \u2714 mat\u00e9riel photo \u2714 \u00e9lectronique grand public \u25ba faites-vous conseiller !\" \/>\n<meta name=\"robots\" content=\"index, follow, max-snippet:-1, max-image-preview:large, max-video-preview:-1\" \/>\n<link rel=\"canonical\" href=\"https:\/\/ag-frisch.com\/fr\/materiel-photo-de-chine\/\" \/>\n<meta property=\"og:locale\" content=\"fr_FR\" \/>\n<meta property=\"og:type\" content=\"article\" \/>\n<meta property=\"og:title\" content=\"Importation de petits appareils \u00e9lectroniques | Electronique grand public de Chine\" \/>\n<meta property=\"og:description\" content=\"Importation chinoise de petits appareils \u00e9lectroniques \u25ba production bon march\u00e9, qualit\u00e9 TOP \u2714 technique de communication \u2714 mat\u00e9riel photo \u2714 \u00e9lectronique grand public \u25ba faites-vous conseiller !\" \/>\n<meta property=\"og:url\" content=\"https:\/\/ag-frisch.com\/fr\/materiel-photo-de-chine\/\" \/>\n<meta property=\"og:site_name\" content=\"China Import Beratung f\u00fcr den Einkauf aus China\" \/>\n<meta property=\"article:publisher\" content=\"https:\/\/www.facebook.com\/China.Import\" \/>\n<meta property=\"article:modified_time\" content=\"2023-01-27T04:27:35+00:00\" \/>\n<meta name=\"twitter:card\" content=\"summary_large_image\" \/>\n<meta name=\"twitter:site\" content=\"@agenturfrisch\" \/>\n<meta name=\"twitter:label1\" content=\"Dur\u00e9e de lecture estim\u00e9e\" \/>\n\t<meta name=\"twitter:data1\" content=\"9 minutes\" \/>\n<script type=\"application\/ld+json\" class=\"yoast-schema-graph\">{\"@context\":\"https:\\\/\\\/schema.org\",\"@graph\":[{\"@type\":\"WebPage\",\"@id\":\"https:\\\/\\\/ag-frisch.com\\\/fr\\\/materiel-photo-de-chine\\\/\",\"url\":\"https:\\\/\\\/ag-frisch.com\\\/fr\\\/materiel-photo-de-chine\\\/\",\"name\":\"Importation de petits appareils \u00e9lectroniques | Electronique grand public de Chine\",\"isPartOf\":{\"@id\":\"https:\\\/\\\/ag-frisch.com\\\/de\\\/#website\"},\"datePublished\":\"2022-04-30T04:21:11+00:00\",\"dateModified\":\"2023-01-27T04:27:35+00:00\",\"description\":\"Importation chinoise de petits appareils \u00e9lectroniques \u25ba production bon march\u00e9, qualit\u00e9 TOP \u2714 technique de communication \u2714 mat\u00e9riel photo \u2714 \u00e9lectronique grand public \u25ba faites-vous conseiller !\",\"breadcrumb\":{\"@id\":\"https:\\\/\\\/ag-frisch.com\\\/fr\\\/materiel-photo-de-chine\\\/#breadcrumb\"},\"inLanguage\":\"fr-FR\",\"potentialAction\":[{\"@type\":\"ReadAction\",\"target\":[\"https:\\\/\\\/ag-frisch.com\\\/fr\\\/materiel-photo-de-chine\\\/\"]}]},{\"@type\":\"BreadcrumbList\",\"@id\":\"https:\\\/\\\/ag-frisch.com\\\/fr\\\/materiel-photo-de-chine\\\/#breadcrumb\",\"itemListElement\":[{\"@type\":\"ListItem\",\"position\":1,\"name\":\"Startseite\",\"item\":\"https:\\\/\\\/ag-frisch.com\\\/de\\\/\"},{\"@type\":\"ListItem\",\"position\":2,\"name\":\"Mat\u00e9riel photo de Chine\"}]},{\"@type\":\"WebSite\",\"@id\":\"https:\\\/\\\/ag-frisch.com\\\/de\\\/#website\",\"url\":\"https:\\\/\\\/ag-frisch.com\\\/de\\\/\",\"name\":\"China Import Beratung f\u00fcr den Einkauf aus China\",\"description\":\"China Import &amp; Export Beratung - Der Dienstleister Ihres Vertrauens f\u00fcr Ihren China Import\",\"publisher\":{\"@id\":\"https:\\\/\\\/ag-frisch.com\\\/de\\\/#organization\"},\"potentialAction\":[{\"@type\":\"SearchAction\",\"target\":{\"@type\":\"EntryPoint\",\"urlTemplate\":\"https:\\\/\\\/ag-frisch.com\\\/de\\\/?s={search_term_string}\"},\"query-input\":{\"@type\":\"PropertyValueSpecification\",\"valueRequired\":true,\"valueName\":\"search_term_string\"}}],\"inLanguage\":\"fr-FR\"},{\"@type\":\"Organization\",\"@id\":\"https:\\\/\\\/ag-frisch.com\\\/de\\\/#organization\",\"name\":\"Agentur Frisch International Consulting GmbH & Co. KG\",\"url\":\"https:\\\/\\\/ag-frisch.com\\\/de\\\/\",\"logo\":{\"@type\":\"ImageObject\",\"inLanguage\":\"fr-FR\",\"@id\":\"https:\\\/\\\/ag-frisch.com\\\/de\\\/#\\\/schema\\\/logo\\\/image\\\/\",\"url\":\"https:\\\/\\\/ag-frisch.com\\\/wp-content\\\/uploads\\\/2021\\\/08\\\/ag_logo_rgb_300_small.png\",\"contentUrl\":\"https:\\\/\\\/ag-frisch.com\\\/wp-content\\\/uploads\\\/2021\\\/08\\\/ag_logo_rgb_300_small.png\",\"width\":153,\"height\":102,\"caption\":\"Agentur Frisch International Consulting GmbH & Co. KG\"},\"image\":{\"@id\":\"https:\\\/\\\/ag-frisch.com\\\/de\\\/#\\\/schema\\\/logo\\\/image\\\/\"},\"sameAs\":[\"https:\\\/\\\/www.facebook.com\\\/China.Import\",\"https:\\\/\\\/x.com\\\/agenturfrisch\"]}]}<\/script>\n<!-- \/ Yoast SEO plugin. -->","yoast_head_json":{"title":"Importation de petits appareils \u00e9lectroniques | Electronique grand public de Chine","description":"Importation chinoise de petits appareils \u00e9lectroniques \u25ba production bon march\u00e9, qualit\u00e9 TOP \u2714 technique de communication \u2714 mat\u00e9riel photo \u2714 \u00e9lectronique grand public \u25ba faites-vous conseiller !","robots":{"index":"index","follow":"follow","max-snippet":"max-snippet:-1","max-image-preview":"max-image-preview:large","max-video-preview":"max-video-preview:-1"},"canonical":"https:\/\/ag-frisch.com\/fr\/materiel-photo-de-chine\/","og_locale":"fr_FR","og_type":"article","og_title":"Importation de petits appareils \u00e9lectroniques | Electronique grand public de Chine","og_description":"Importation chinoise de petits appareils \u00e9lectroniques \u25ba production bon march\u00e9, qualit\u00e9 TOP \u2714 technique de communication \u2714 mat\u00e9riel photo \u2714 \u00e9lectronique grand public \u25ba faites-vous conseiller !","og_url":"https:\/\/ag-frisch.com\/fr\/materiel-photo-de-chine\/","og_site_name":"China Import Beratung f\u00fcr den Einkauf aus China","article_publisher":"https:\/\/www.facebook.com\/China.Import","article_modified_time":"2023-01-27T04:27:35+00:00","twitter_card":"summary_large_image","twitter_site":"@agenturfrisch","twitter_misc":{"Dur\u00e9e de lecture estim\u00e9e":"9 minutes"},"schema":{"@context":"https:\/\/schema.org","@graph":[{"@type":"WebPage","@id":"https:\/\/ag-frisch.com\/fr\/materiel-photo-de-chine\/","url":"https:\/\/ag-frisch.com\/fr\/materiel-photo-de-chine\/","name":"Importation de petits appareils \u00e9lectroniques | Electronique grand public de Chine","isPartOf":{"@id":"https:\/\/ag-frisch.com\/de\/#website"},"datePublished":"2022-04-30T04:21:11+00:00","dateModified":"2023-01-27T04:27:35+00:00","description":"Importation chinoise de petits appareils \u00e9lectroniques \u25ba production bon march\u00e9, qualit\u00e9 TOP \u2714 technique de communication \u2714 mat\u00e9riel photo \u2714 \u00e9lectronique grand public \u25ba faites-vous conseiller !","breadcrumb":{"@id":"https:\/\/ag-frisch.com\/fr\/materiel-photo-de-chine\/#breadcrumb"},"inLanguage":"fr-FR","potentialAction":[{"@type":"ReadAction","target":["https:\/\/ag-frisch.com\/fr\/materiel-photo-de-chine\/"]}]},{"@type":"BreadcrumbList","@id":"https:\/\/ag-frisch.com\/fr\/materiel-photo-de-chine\/#breadcrumb","itemListElement":[{"@type":"ListItem","position":1,"name":"Startseite","item":"https:\/\/ag-frisch.com\/de\/"},{"@type":"ListItem","position":2,"name":"Mat\u00e9riel photo de Chine"}]},{"@type":"WebSite","@id":"https:\/\/ag-frisch.com\/de\/#website","url":"https:\/\/ag-frisch.com\/de\/","name":"China Import Beratung f\u00fcr den Einkauf aus China","description":"China Import &amp; Export Beratung - Der Dienstleister Ihres Vertrauens f\u00fcr Ihren China Import","publisher":{"@id":"https:\/\/ag-frisch.com\/de\/#organization"},"potentialAction":[{"@type":"SearchAction","target":{"@type":"EntryPoint","urlTemplate":"https:\/\/ag-frisch.com\/de\/?s={search_term_string}"},"query-input":{"@type":"PropertyValueSpecification","valueRequired":true,"valueName":"search_term_string"}}],"inLanguage":"fr-FR"},{"@type":"Organization","@id":"https:\/\/ag-frisch.com\/de\/#organization","name":"Agentur Frisch International Consulting GmbH & Co. KG","url":"https:\/\/ag-frisch.com\/de\/","logo":{"@type":"ImageObject","inLanguage":"fr-FR","@id":"https:\/\/ag-frisch.com\/de\/#\/schema\/logo\/image\/","url":"https:\/\/ag-frisch.com\/wp-content\/uploads\/2021\/08\/ag_logo_rgb_300_small.png","contentUrl":"https:\/\/ag-frisch.com\/wp-content\/uploads\/2021\/08\/ag_logo_rgb_300_small.png","width":153,"height":102,"caption":"Agentur Frisch International Consulting GmbH & Co. KG"},"image":{"@id":"https:\/\/ag-frisch.com\/de\/#\/schema\/logo\/image\/"},"sameAs":["https:\/\/www.facebook.com\/China.Import","https:\/\/x.com\/agenturfrisch"]}]}},"_links":{"self":[{"href":"https:\/\/ag-frisch.com\/fr\/wp-json\/wp\/v2\/pages\/11189","targetHints":{"allow":["GET"]}}],"collection":[{"href":"https:\/\/ag-frisch.com\/fr\/wp-json\/wp\/v2\/pages"}],"about":[{"href":"https:\/\/ag-frisch.com\/fr\/wp-json\/wp\/v2\/types\/page"}],"author":[{"embeddable":true,"href":"https:\/\/ag-frisch.com\/fr\/wp-json\/wp\/v2\/users\/2"}],"replies":[{"embeddable":true,"href":"https:\/\/ag-frisch.com\/fr\/wp-json\/wp\/v2\/comments?post=11189"}],"version-history":[{"count":0,"href":"https:\/\/ag-frisch.com\/fr\/wp-json\/wp\/v2\/pages\/11189\/revisions"}],"wp:attachment":[{"href":"https:\/\/ag-frisch.com\/fr\/wp-json\/wp\/v2\/media?parent=11189"}],"curies":[{"name":"wp","href":"https:\/\/api.w.org\/{rel}","templated":true}]}}