{"id":11224,"date":"2022-04-28T14:09:01","date_gmt":"2022-04-28T12:09:01","guid":{"rendered":"https:\/\/ag-frisch.com\/importation-de-materiel-de-puericulture-de-chine\/"},"modified":"2023-01-27T05:27:33","modified_gmt":"2023-01-27T04:27:33","slug":"importation-de-materiel-de-puericulture-de-chine","status":"publish","type":"page","link":"https:\/\/ag-frisch.com\/fr\/importation-de-materiel-de-puericulture-de-chine\/","title":{"rendered":"Importation de mat\u00e9riel de pu\u00e9riculture de Chine"},"content":{"rendered":"<p>[et_pb_section fb_built=&#8221;1&#8243; _builder_version=&#8221;4.16&#8243; _module_preset=&#8221;default&#8221; global_colors_info=&#8221;{}&#8221;][et_pb_row _builder_version=&#8221;4.18.1&#8243; _module_preset=&#8221;default&#8221; global_colors_info=&#8221;{}&#8221;][et_pb_column type=&#8221;4_4&#8243; _builder_version=&#8221;4.18.1&#8243; _module_preset=&#8221;default&#8221; global_colors_info=&#8221;{}&#8221;][et_pb_cta title=&#8221;Conseil en importation de Chine&#8221; button_url=&#8221;https:\/\/ag-frisch.com\/fr\/contact\/&#8221; button_text=&#8221;R\u00e9server une consultation maintenant&#8221; _builder_version=&#8221;4.16&#8243; _module_preset=&#8221;default&#8221; global_colors_info=&#8221;{}&#8221;]<\/p>\n<p>Gr\u00e2ce aux conseils de l&#8217;agence d&#8217;importation chinoise Frisch, vous r\u00e9ussirez vos affaires en Chine comme les professionnels.  <\/p>\n<p>[\/et_pb_cta][\/et_pb_column][\/et_pb_row][et_pb_row _builder_version=&#8221;4.16&#8243; _module_preset=&#8221;default&#8221; global_colors_info=&#8221;{}&#8221;][et_pb_column type=&#8221;4_4&#8243; _builder_version=&#8221;4.16&#8243; _module_preset=&#8221;default&#8221; global_colors_info=&#8221;{}&#8221;][et_pb_text _builder_version=&#8221;4.18.1&#8243; _module_preset=&#8221;default&#8221; hover_enabled=&#8221;0&#8243; global_colors_info=&#8221;{}&#8221; sticky_enabled=&#8221;0&#8243;]<\/p>\n<h1>Importation d&#8217;articles pour b\u00e9b\u00e9s et jeunes enfants de Chine : nous le rendons possible !<\/h1>\n<p><strong>La qualit\u00e9 pour les tout-petits : des articles pour b\u00e9b\u00e9s fabriqu\u00e9s en Chine<\/strong><\/p>\n<p>De jolies grenouill\u00e8res, des petites chaussures, une t\u00e9tine toute neuve &#8211; il y a beaucoup de choses merveilleuses que l&#8217;on peut acheter pour les b\u00e9b\u00e9s. La confiance est essentielle. L&#8217;agence Frisch est votre partenaire pour l&#8217;importation d&#8217;articles de pu\u00e9riculture de confiance en provenance de Chine. Des contr\u00f4les de qualit\u00e9 tr\u00e8s stricts garantissent qu&#8217;en tant que vendeur, vous pouvez n\u00e9gocier sans crainte les produits que nous vous proposons. Notre haute qualit\u00e9 et nos prix imbattables sont le r\u00e9sultat de notre longue exp\u00e9rience sur le march\u00e9 chinois et de nos excellentes relations l\u00e0-bas.<\/p>\n<p><strong>Profitez de notre savoir-faire et de nos contacts.<\/strong><\/p>\n<p>&nbsp;<\/p>\n<p><strong>V\u00eatements, jouets, poussettes &amp; Co<\/strong><\/p>\n<p>Notre gamme de produits pour b\u00e9b\u00e9s et jeunes enfants est gigantesque et comprend des articles aussi divers que des articles de soins et des tables \u00e0 langer, des v\u00eatements pour b\u00e9b\u00e9s et enfants, des poussettes et des si\u00e8ges auto pour enfants &#8211; et bien d&#8217;autres choses encore. N&#8217;h\u00e9sitez pas \u00e0 nous contacter, nous trouverons le fournisseur id\u00e9al pour l&#8217;article de pu\u00e9riculture ou l&#8217;article pour b\u00e9b\u00e9 que vous souhaitez acheter en Chine. Vous pouvez vous procurer les articles suivants, entre autres, chez nous :<\/p>\n<ul>\n<li>Jouets et livres pour enfants<\/li>\n<li>V\u00eatements pour b\u00e9b\u00e9s et enfants<\/li>\n<li>Poussettes, si\u00e8ges pour enfants et si\u00e8ges pour v\u00e9los<\/li>\n<li>Articles de s\u00e9curit\u00e9 (babyphone, etc.)<\/li>\n<li>Meubles pour chambre d&#8217;enfant (lits b\u00e9b\u00e9, tables \u00e0 langer, armoires, etc.)<\/li>\n<li>Jouets \u00e9ducatifs et mat\u00e9riel d&#8217;apprentissage pour b\u00e9b\u00e9s et jeunes enfants<\/li>\n<li>Besoin pour les anniversaires d&#8217;enfants<\/li>\n<li>et bien d&#8217;autres choses encore.<\/li>\n<\/ul>\n<p>&nbsp;<\/p>\n<p><strong>Articles de pu\u00e9riculture de haute qualit\u00e9 en provenance de Chine \u00e0 bas prix<\/strong><\/p>\n<p>En tant que grossiste, vous souhaitez vous approvisionner en Chine directement aupr\u00e8s du fabricant par notre interm\u00e9diaire ? Ou vous souhaitez cr\u00e9er votre propre entreprise, ajouter une nouvelle branche \u00e0 votre entreprise ou vous \u00eates revendeur professionnel ? Quels que soient vos besoins, l&#8217;agence Frisch est votre partenaire comp\u00e9tent pour l&#8217;importation de Chine.<\/p>\n<p>Notre exp\u00e9rience et notre fiabilit\u00e9 font de nous le premier choix pour l&#8217;achat d&#8217;articles de pu\u00e9riculture de qualit\u00e9 mais \u00e0 bas prix en provenance de Chine. Nous sommes conscients de notre responsabilit\u00e9, en particulier dans ce domaine sensible, et agissons de mani\u00e8re responsable &#8211; ainsi, la qualit\u00e9, la s\u00e9curit\u00e9 et le prix sont au rendez-vous.<\/p>\n<p>&nbsp;<\/p>\n<p><strong>Un service complet pour vos importations chinoises<\/strong><\/p>\n<p>Lorsque vous achetez des articles pour b\u00e9b\u00e9s et jeunes enfants en Chine par notre interm\u00e9diaire, vous n&#8217;avez en fait plus \u00e0 vous soucier de rien. L&#8217;agence Frisch est un prestataire de services complet qui se charge de tout ce qui concerne vos importations chinoises directement aupr\u00e8s du fabricant. Nous pouvons vous fournir ces services sur demande :<\/p>\n<ul>\n<li>Recherche de fabricants, n\u00e9gociations de prix et r\u00e9daction de contrats<\/li>\n<li>Assurance qualit\u00e9, contr\u00f4les et inspection<\/li>\n<li>Conformit\u00e9 et certifications<\/li>\n<li>Logistique et transport<\/li>\n<li>Stockage et ex\u00e9cution des commandes<\/li>\n<\/ul>\n<p>Nous analysons avec vous quelles usines en Chine sont susceptibles de vous int\u00e9resser pour votre importation d&#8217;articles de pu\u00e9riculture depuis la Chine, et nous nous chargeons de tout le reste &#8211; si vous le souhaitez.<\/p>\n<p>&nbsp;<\/p>\n<p><strong>Des contr\u00f4les de qualit\u00e9 stricts pour des articles de pu\u00e9riculture s\u00fbrs en provenance de Chine<\/strong><\/p>\n<p>Nous soumettons les produits que nous vendons \u00e0 des contr\u00f4les tr\u00e8s stricts &#8211; car nous voulons que vous n&#8217;ayez aucun probl\u00e8me avec les articles pour b\u00e9b\u00e9s que vous vendez en Chine. Ni \u00e0 la douane, ni apr\u00e8s. Dans notre filiale BEIDE Test-Labor, nous effectuons de mani\u00e8re professionnelle les tests de laboratoire n\u00e9cessaires ou souhait\u00e9s en plus, et nous nous occupons de tous les audits, contr\u00f4les et certifications avant, pendant et apr\u00e8s la production de vos articles.<\/p>\n<p>En important des produits chinois par l&#8217;interm\u00e9diaire de l&#8217;agence Frisch, vous pouvez \u00eatre s\u00fbr d&#8217;obtenir une qualit\u00e9 contr\u00f4l\u00e9e. Cela porte ses fruits &#8211; m\u00eame au sens propre. Avec nous, vous n&#8217;avez pas \u00e0 vous attendre \u00e0 des frais de suivi co\u00fbteux ou \u00e0 vous \u00e9nerver contre des produits de mauvaise qualit\u00e9 que vous ne pourrez finalement pas vendre. Nous disposons d&#8217;une grande exp\u00e9rience et sommes s\u00e9rieux, tout en \u00e9tant en mesure de proposer les prix les plus bas.<\/p>\n<p><strong>Contactez-nous pour importer des articles de pu\u00e9riculture de Chine et devenez vous aussi un de nos clients r\u00e9guliers tr\u00e8s satisfaits !<\/strong><\/p>\n<p>&nbsp;<\/p>\n<p>[\/et_pb_text][\/et_pb_column][\/et_pb_row][\/et_pb_section][et_pb_section fb_built=&#8221;1&#8243; admin_label=&#8221;Testimonials&#8221; _builder_version=&#8221;4.16&#8243; use_background_color_gradient=&#8221;on&#8221; background_color_gradient_stops=&#8221;rgba(0,106,156,0.85) 0%|rgba(0,106,156,0.85) 100%&#8221; background_color_gradient_start=&#8221;rgba(0,106,156,0.85)&#8221; background_color_gradient_end=&#8221;rgba(0,106,156,0.85)&#8221; custom_padding=&#8221;90px||60px|&#8221; animation_style=&#8221;fold&#8221; animation_direction=&#8221;bottom&#8221; animation_intensity_fold=&#8221;4%&#8221; global_colors_info=&#8221;{}&#8221;][et_pb_row _builder_version=&#8221;4.16&#8243; background_size=&#8221;initial&#8221; background_position=&#8221;top_left&#8221; background_repeat=&#8221;repeat&#8221; custom_width_px=&#8221;710px&#8221; locked=&#8221;off&#8221; global_colors_info=&#8221;{}&#8221;][et_pb_column type=&#8221;4_4&#8243; _builder_version=&#8221;4.16&#8243; background_position=&#8221;top_left&#8221; custom_padding=&#8221;|||&#8221; global_colors_info=&#8221;{}&#8221; custom_padding__hover=&#8221;|||&#8221;][et_pb_text admin_label=&#8221;Testimonials Section Title&#8221; _builder_version=&#8221;4.16&#8243; header_font=&#8221;Montserrat||||&#8221; header_font_size=&#8221;36px&#8221; background_size=&#8221;initial&#8221; background_position=&#8221;top_left&#8221; background_repeat=&#8221;repeat&#8221; text_orientation=&#8221;center&#8221; background_layout=&#8221;dark&#8221; max_width=&#8221;710px&#8221; module_alignment=&#8221;center&#8221; animation_style=&#8221;fold&#8221; animation_direction=&#8221;bottom&#8221; animation_intensity_fold=&#8221;20%&#8221; global_colors_info=&#8221;{}&#8221;]<\/p>\n<h1>Plus de 5000 clients satisfaits.<\/h1>\n<p>&nbsp;<\/p>\n<p>[\/et_pb_text][et_pb_divider color=&#8221;#ffffff&#8221; divider_weight=&#8221;3px&#8221; disabled_on=&#8221;off|off|off&#8221; _builder_version=&#8221;4.16&#8243; background_color_gradient_direction=&#8221;90deg&#8221; max_width=&#8221;100px&#8221; module_alignment=&#8221;center&#8221; height=&#8221;5px&#8221; custom_margin=&#8221;||20px|&#8221; custom_padding=&#8221;||20px|&#8221; animation_style=&#8221;slide&#8221; animation_direction=&#8221;bottom&#8221; saved_tabs=&#8221;all&#8221; locked=&#8221;off&#8221; global_colors_info=&#8221;{}&#8221;][\/et_pb_divider][\/et_pb_column][\/et_pb_row][et_pb_row column_structure=&#8221;1_2,1_2&#8243; _builder_version=&#8221;4.18.1&#8243; _module_preset=&#8221;default&#8221; global_colors_info=&#8221;{}&#8221;][et_pb_column type=&#8221;1_2&#8243; _builder_version=&#8221;4.18.1&#8243; _module_preset=&#8221;default&#8221; global_colors_info=&#8221;{}&#8221;][et_pb_testimonial author=&#8221;Marco&#8221; portrait_url=&#8221;https:\/\/ag-frisch.com\/wp-content\/uploads\/2021\/08\/Harald.png&#8221; quote_icon=&#8221;off&#8221; _builder_version=&#8221;4.18.1&#8243; _module_preset=&#8221;default&#8221; body_font_size=&#8221;16px&#8221; use_background_color=&#8221;off&#8221; background_layout=&#8221;dark&#8221; global_colors_info=&#8221;{}&#8221;]J&#8217;ai demand\u00e9 \u00e0 l&#8217;agence Frisch de faire produire un meuble de grande taille en Chine et de le transf\u00e9rer ensuite en Allemagne. La communication par e-mail a \u00e9t\u00e9 fluide tout au long du processus ! Des r\u00e9ponses tr\u00e8s rapides et fiables m&#8217;ont apport\u00e9 en permanence les garanties indispensables \u00e0 une telle entreprise. J&#8217;ai toujours \u00e9t\u00e9 aid\u00e9 dans la jungle bureaucratique et aucun formulaire n&#8217;a \u00e9t\u00e9 oubli\u00e9 ou mal rempli. Tr\u00e8s louable !<a href=\"&lt;div%20class=%22pe-richsnippets%22&gt;&nbsp;&lt;\/div&gt;%20&lt;script%20type=%22text\/javascript%22%20src=%22https:\/\/www.provenexpert.com\/widget\/richsnippet.js?u=1NUA0VwZ4RUZ5tmAi5zA4RaplNKAlWwZ&amp;v=2%22%20async&gt;&lt;\/script&gt;%20&lt;div%20style=%22text-align:%20justify;%22&gt;&lt;br%20\/&gt;\"><\/a><\/p>\n<div class=\"brow ratingBarMargin\">\n<div class=\"ratingBar\">\n<div class=\"brow\">\n<div class=\"pe-richsnippets\">&nbsp;<\/div>\n<p><script type=\"text\/javascript\" src=\"https:\/\/www.provenexpert.com\/widget\/richsnippet.js?u=1NUA0VwZ4RUZ5tmAi5zA4RaplNKAlWwZ&amp;v=2\" async=\"\"><\/script><\/p>\n<div style=\"text-align: justify;\"><\/p>\n<div class=\"col-lg-9 col-md-8 col-xs-10 mt20 mb20\">\n<div class=\"col-xs-12 surveyNameForRating\"><\/div>\n<\/div>\n<\/div>\n<\/div>\n<\/div>\n<\/div>\n<p>[\/et_pb_testimonial][\/et_pb_column][et_pb_column type=&#8221;1_2&#8243; _builder_version=&#8221;4.18.1&#8243; _module_preset=&#8221;default&#8221; global_colors_info=&#8221;{}&#8221;][et_pb_testimonial author=&#8221;Simone L.&#8221; portrait_url=&#8221;https:\/\/ag-frisch.com\/wp-content\/uploads\/2021\/08\/Harald.png&#8221; quote_icon=&#8221;off&#8221; _builder_version=&#8221;4.18.1&#8243; _module_preset=&#8221;default&#8221; body_font_size=&#8221;16px&#8221; use_background_color=&#8221;off&#8221; background_layout=&#8221;dark&#8221; global_colors_info=&#8221;{}&#8221;]<\/p>\n<p>Tout est au top. On ne peut pas faire mieux. On ne peut pas faire mieux en mati\u00e8re de conseil et de r\u00e9alisation. Apr\u00e8s avoir pass\u00e9 plusieurs commandes aupr\u00e8s de cette entreprise, nous sommes plus que satisfaits et poursuivons notre collaboration.<\/p>\n<div class=\"brow ratingBarMargin\">\n<div class=\"ratingBar\">\n<div class=\"brow\">\n<div class=\"pe-richsnippets\"> <\/div>\n<p>\n<script type=\"text\/javascript\" src=\"https:\/\/www.provenexpert.com\/widget\/richsnippet.js?u=1NUA0VwZ4RUZ5tmAi5zA4RaplNKAlWwZ&amp;v=2\" async=\"\"><\/script>\n<\/p>\n<div style=\"text-align: justify;\">\n<p>&nbsp;<\/p>\n<div class=\"col-lg-9 col-md-8 col-xs-10 mt20 mb20\">\n<div class=\"col-xs-12 surveyNameForRating\"><\/div>\n<\/div>\n<\/div>\n<\/div>\n<\/div>\n<\/div>\n<p>[\/et_pb_testimonial][\/et_pb_column][\/et_pb_row][et_pb_row _builder_version=&#8221;4.16&#8243; background_size=&#8221;initial&#8221; background_position=&#8221;top_left&#8221; background_repeat=&#8221;repeat&#8221; custom_padding=&#8221;50px|0px|30px|0px&#8221; custom_css_main_element=&#8221;text-align: center;&#8221; global_colors_info=&#8221;{}&#8221;][et_pb_column type=&#8221;4_4&#8243; _builder_version=&#8221;4.16&#8243; custom_padding=&#8221;|||&#8221; global_colors_info=&#8221;{}&#8221; custom_padding__hover=&#8221;|||&#8221;][et_pb_button button_url=&#8221;https:\/\/www.provenexpert.com\/de-de\/agentur-frisch-international-consulting-gmbh-und-co-kg\/&#8221; button_text=&#8221;PLUS D&#039;AVIS&#8221; button_alignment=&#8221;left&#8221; admin_label=&#8221;Testimonial Button&#8221; _builder_version=&#8221;4.16&#8243; custom_button=&#8221;on&#8221; button_text_size=&#8221;18px&#8221; button_text_color=&#8221;#ffffff&#8221; button_bg_color=&#8221;#6eba01&#8243; button_border_width=&#8221;2px&#8221; button_border_color=&#8221;#6eba01&#8243; button_border_radius=&#8221;0px&#8221; button_letter_spacing=&#8221;2px&#8221; button_font=&#8221;Montserrat|||on|&#8221; button_use_icon=&#8221;off&#8221; animation_style=&#8221;fold&#8221; animation_direction=&#8221;bottom&#8221; button_text_color_hover=&#8221;#ffffff&#8221; button_border_color_hover=&#8221;#ffffff&#8221; button_border_radius_hover=&#8221;0px&#8221; button_letter_spacing_hover=&#8221;2px&#8221; button_bg_color_hover=&#8221;rgba(255,255,255,0)&#8221; locked=&#8221;off&#8221; global_colors_info=&#8221;{}&#8221; button_text_size__hover_enabled=&#8221;off&#8221; button_one_text_size__hover_enabled=&#8221;off&#8221; button_two_text_size__hover_enabled=&#8221;off&#8221; button_text_color__hover_enabled=&#8221;on&#8221; button_text_color__hover=&#8221;#ffffff&#8221; button_one_text_color__hover_enabled=&#8221;off&#8221; button_two_text_color__hover_enabled=&#8221;off&#8221; button_border_width__hover_enabled=&#8221;off&#8221; button_one_border_width__hover_enabled=&#8221;off&#8221; button_two_border_width__hover_enabled=&#8221;off&#8221; button_border_color__hover_enabled=&#8221;on&#8221; button_border_color__hover=&#8221;#ffffff&#8221; button_one_border_color__hover_enabled=&#8221;off&#8221; button_two_border_color__hover_enabled=&#8221;off&#8221; button_border_radius__hover_enabled=&#8221;on&#8221; button_border_radius__hover=&#8221;0px&#8221; button_one_border_radius__hover_enabled=&#8221;off&#8221; button_two_border_radius__hover_enabled=&#8221;off&#8221; button_letter_spacing__hover_enabled=&#8221;on&#8221; button_letter_spacing__hover=&#8221;2px&#8221; button_one_letter_spacing__hover_enabled=&#8221;off&#8221; button_two_letter_spacing__hover_enabled=&#8221;off&#8221; button_bg_color__hover_enabled=&#8221;on&#8221; button_bg_color__hover=&#8221;rgba(255,255,255,0)&#8221; button_one_bg_color__hover_enabled=&#8221;off&#8221; button_two_bg_color__hover_enabled=&#8221;off&#8221;][\/et_pb_button][\/et_pb_column][\/et_pb_row][\/et_pb_section]<\/p>\n","protected":false},"excerpt":{"rendered":"<p>Gr\u00e2ce aux conseils de l&#8217;agence d&#8217;importation chinoise Frisch, vous r\u00e9ussirez vos affaires en Chine comme les professionnels. Importation d&#8217;articles pour b\u00e9b\u00e9s et jeunes enfants de Chine : nous le rendons possible ! La qualit\u00e9 pour les tout-petits : des articles pour b\u00e9b\u00e9s fabriqu\u00e9s en Chine De jolies grenouill\u00e8res, des petites chaussures, une t\u00e9tine toute neuve [&hellip;]<\/p>\n","protected":false},"author":2,"featured_media":0,"parent":0,"menu_order":0,"comment_status":"closed","ping_status":"closed","template":"","meta":{"_et_pb_use_builder":"on","_et_pb_old_content":"","_et_gb_content_width":"","footnotes":""},"class_list":["post-11224","page","type-page","status-publish","hentry"],"yoast_head":"<!-- This site is optimized with the Yoast SEO plugin v27.2 - https:\/\/yoast.com\/product\/yoast-seo-wordpress\/ -->\n<title>Importation de produits pour b\u00e9b\u00e9s et jeunes enfants de Chine<\/title>\n<meta name=\"description\" content=\"Importation d&#039;articles pour b\u00e9b\u00e9s &amp; jeunes enfants de Chine \u25ba Articles pour b\u00e9b\u00e9s et jouets TOP \u2714 Contr\u00f4le de qualit\u00e9 \u2714 Achats avantageux \u25ba Demandez conseil maintenant !\" \/>\n<meta name=\"robots\" content=\"index, follow, max-snippet:-1, max-image-preview:large, max-video-preview:-1\" \/>\n<link rel=\"canonical\" href=\"https:\/\/ag-frisch.com\/fr\/importation-de-materiel-de-puericulture-de-chine\/\" \/>\n<meta property=\"og:locale\" content=\"fr_FR\" \/>\n<meta property=\"og:type\" content=\"article\" \/>\n<meta property=\"og:title\" content=\"Importation de produits pour b\u00e9b\u00e9s et jeunes enfants de Chine\" \/>\n<meta property=\"og:description\" content=\"Importation d&#039;articles pour b\u00e9b\u00e9s &amp; jeunes enfants de Chine \u25ba Articles pour b\u00e9b\u00e9s et jouets TOP \u2714 Contr\u00f4le de qualit\u00e9 \u2714 Achats avantageux \u25ba Demandez conseil maintenant !\" \/>\n<meta property=\"og:url\" content=\"https:\/\/ag-frisch.com\/fr\/importation-de-materiel-de-puericulture-de-chine\/\" \/>\n<meta property=\"og:site_name\" content=\"China Import Beratung f\u00fcr den Einkauf aus China\" \/>\n<meta property=\"article:publisher\" content=\"https:\/\/www.facebook.com\/China.Import\" \/>\n<meta property=\"article:modified_time\" content=\"2023-01-27T04:27:33+00:00\" \/>\n<meta name=\"twitter:card\" content=\"summary_large_image\" \/>\n<meta name=\"twitter:site\" content=\"@agenturfrisch\" \/>\n<meta name=\"twitter:label1\" content=\"Dur\u00e9e de lecture estim\u00e9e\" \/>\n\t<meta name=\"twitter:data1\" content=\"8 minutes\" \/>\n<script type=\"application\/ld+json\" class=\"yoast-schema-graph\">{\"@context\":\"https:\/\/schema.org\",\"@graph\":[{\"@type\":\"WebPage\",\"@id\":\"https:\/\/ag-frisch.com\/fr\/importation-de-materiel-de-puericulture-de-chine\/\",\"url\":\"https:\/\/ag-frisch.com\/fr\/importation-de-materiel-de-puericulture-de-chine\/\",\"name\":\"Importation de produits pour b\u00e9b\u00e9s et jeunes enfants de Chine\",\"isPartOf\":{\"@id\":\"https:\/\/ag-frisch.com\/de\/#website\"},\"datePublished\":\"2022-04-28T12:09:01+00:00\",\"dateModified\":\"2023-01-27T04:27:33+00:00\",\"description\":\"Importation d'articles pour b\u00e9b\u00e9s & jeunes enfants de Chine \u25ba Articles pour b\u00e9b\u00e9s et jouets TOP \u2714 Contr\u00f4le de qualit\u00e9 \u2714 Achats avantageux \u25ba Demandez conseil maintenant !\",\"breadcrumb\":{\"@id\":\"https:\/\/ag-frisch.com\/fr\/importation-de-materiel-de-puericulture-de-chine\/#breadcrumb\"},\"inLanguage\":\"fr-FR\",\"potentialAction\":[{\"@type\":\"ReadAction\",\"target\":[\"https:\/\/ag-frisch.com\/fr\/importation-de-materiel-de-puericulture-de-chine\/\"]}]},{\"@type\":\"BreadcrumbList\",\"@id\":\"https:\/\/ag-frisch.com\/fr\/importation-de-materiel-de-puericulture-de-chine\/#breadcrumb\",\"itemListElement\":[{\"@type\":\"ListItem\",\"position\":1,\"name\":\"Startseite\",\"item\":\"https:\/\/ag-frisch.com\/de\/\"},{\"@type\":\"ListItem\",\"position\":2,\"name\":\"Importation de mat\u00e9riel de pu\u00e9riculture de Chine\"}]},{\"@type\":\"WebSite\",\"@id\":\"https:\/\/ag-frisch.com\/de\/#website\",\"url\":\"https:\/\/ag-frisch.com\/de\/\",\"name\":\"China Import Beratung f\u00fcr den Einkauf aus China\",\"description\":\"China Import &amp; Export Beratung - Der Dienstleister Ihres Vertrauens f\u00fcr Ihren China Import\",\"publisher\":{\"@id\":\"https:\/\/ag-frisch.com\/de\/#organization\"},\"potentialAction\":[{\"@type\":\"SearchAction\",\"target\":{\"@type\":\"EntryPoint\",\"urlTemplate\":\"https:\/\/ag-frisch.com\/de\/?s={search_term_string}\"},\"query-input\":{\"@type\":\"PropertyValueSpecification\",\"valueRequired\":true,\"valueName\":\"search_term_string\"}}],\"inLanguage\":\"fr-FR\"},{\"@type\":\"Organization\",\"@id\":\"https:\/\/ag-frisch.com\/de\/#organization\",\"name\":\"Agentur Frisch International Consulting GmbH & Co. KG\",\"url\":\"https:\/\/ag-frisch.com\/de\/\",\"logo\":{\"@type\":\"ImageObject\",\"inLanguage\":\"fr-FR\",\"@id\":\"https:\/\/ag-frisch.com\/de\/#\/schema\/logo\/image\/\",\"url\":\"https:\/\/ag-frisch.com\/wp-content\/uploads\/2021\/08\/ag_logo_rgb_300_small.png\",\"contentUrl\":\"https:\/\/ag-frisch.com\/wp-content\/uploads\/2021\/08\/ag_logo_rgb_300_small.png\",\"width\":153,\"height\":102,\"caption\":\"Agentur Frisch International Consulting GmbH & Co. KG\"},\"image\":{\"@id\":\"https:\/\/ag-frisch.com\/de\/#\/schema\/logo\/image\/\"},\"sameAs\":[\"https:\/\/www.facebook.com\/China.Import\",\"https:\/\/x.com\/agenturfrisch\"]}]}<\/script>\n<!-- \/ Yoast SEO plugin. -->","yoast_head_json":{"title":"Importation de produits pour b\u00e9b\u00e9s et jeunes enfants de Chine","description":"Importation d'articles pour b\u00e9b\u00e9s & jeunes enfants de Chine \u25ba Articles pour b\u00e9b\u00e9s et jouets TOP \u2714 Contr\u00f4le de qualit\u00e9 \u2714 Achats avantageux \u25ba Demandez conseil maintenant !","robots":{"index":"index","follow":"follow","max-snippet":"max-snippet:-1","max-image-preview":"max-image-preview:large","max-video-preview":"max-video-preview:-1"},"canonical":"https:\/\/ag-frisch.com\/fr\/importation-de-materiel-de-puericulture-de-chine\/","og_locale":"fr_FR","og_type":"article","og_title":"Importation de produits pour b\u00e9b\u00e9s et jeunes enfants de Chine","og_description":"Importation d'articles pour b\u00e9b\u00e9s & jeunes enfants de Chine \u25ba Articles pour b\u00e9b\u00e9s et jouets TOP \u2714 Contr\u00f4le de qualit\u00e9 \u2714 Achats avantageux \u25ba Demandez conseil maintenant !","og_url":"https:\/\/ag-frisch.com\/fr\/importation-de-materiel-de-puericulture-de-chine\/","og_site_name":"China Import Beratung f\u00fcr den Einkauf aus China","article_publisher":"https:\/\/www.facebook.com\/China.Import","article_modified_time":"2023-01-27T04:27:33+00:00","twitter_card":"summary_large_image","twitter_site":"@agenturfrisch","twitter_misc":{"Dur\u00e9e de lecture estim\u00e9e":"8 minutes"},"schema":{"@context":"https:\/\/schema.org","@graph":[{"@type":"WebPage","@id":"https:\/\/ag-frisch.com\/fr\/importation-de-materiel-de-puericulture-de-chine\/","url":"https:\/\/ag-frisch.com\/fr\/importation-de-materiel-de-puericulture-de-chine\/","name":"Importation de produits pour b\u00e9b\u00e9s et jeunes enfants de Chine","isPartOf":{"@id":"https:\/\/ag-frisch.com\/de\/#website"},"datePublished":"2022-04-28T12:09:01+00:00","dateModified":"2023-01-27T04:27:33+00:00","description":"Importation d'articles pour b\u00e9b\u00e9s & jeunes enfants de Chine \u25ba Articles pour b\u00e9b\u00e9s et jouets TOP \u2714 Contr\u00f4le de qualit\u00e9 \u2714 Achats avantageux \u25ba Demandez conseil maintenant !","breadcrumb":{"@id":"https:\/\/ag-frisch.com\/fr\/importation-de-materiel-de-puericulture-de-chine\/#breadcrumb"},"inLanguage":"fr-FR","potentialAction":[{"@type":"ReadAction","target":["https:\/\/ag-frisch.com\/fr\/importation-de-materiel-de-puericulture-de-chine\/"]}]},{"@type":"BreadcrumbList","@id":"https:\/\/ag-frisch.com\/fr\/importation-de-materiel-de-puericulture-de-chine\/#breadcrumb","itemListElement":[{"@type":"ListItem","position":1,"name":"Startseite","item":"https:\/\/ag-frisch.com\/de\/"},{"@type":"ListItem","position":2,"name":"Importation de mat\u00e9riel de pu\u00e9riculture de Chine"}]},{"@type":"WebSite","@id":"https:\/\/ag-frisch.com\/de\/#website","url":"https:\/\/ag-frisch.com\/de\/","name":"China Import Beratung f\u00fcr den Einkauf aus China","description":"China Import &amp; Export Beratung - Der Dienstleister Ihres Vertrauens f\u00fcr Ihren China Import","publisher":{"@id":"https:\/\/ag-frisch.com\/de\/#organization"},"potentialAction":[{"@type":"SearchAction","target":{"@type":"EntryPoint","urlTemplate":"https:\/\/ag-frisch.com\/de\/?s={search_term_string}"},"query-input":{"@type":"PropertyValueSpecification","valueRequired":true,"valueName":"search_term_string"}}],"inLanguage":"fr-FR"},{"@type":"Organization","@id":"https:\/\/ag-frisch.com\/de\/#organization","name":"Agentur Frisch International Consulting GmbH & Co. KG","url":"https:\/\/ag-frisch.com\/de\/","logo":{"@type":"ImageObject","inLanguage":"fr-FR","@id":"https:\/\/ag-frisch.com\/de\/#\/schema\/logo\/image\/","url":"https:\/\/ag-frisch.com\/wp-content\/uploads\/2021\/08\/ag_logo_rgb_300_small.png","contentUrl":"https:\/\/ag-frisch.com\/wp-content\/uploads\/2021\/08\/ag_logo_rgb_300_small.png","width":153,"height":102,"caption":"Agentur Frisch International Consulting GmbH & Co. KG"},"image":{"@id":"https:\/\/ag-frisch.com\/de\/#\/schema\/logo\/image\/"},"sameAs":["https:\/\/www.facebook.com\/China.Import","https:\/\/x.com\/agenturfrisch"]}]}},"_links":{"self":[{"href":"https:\/\/ag-frisch.com\/fr\/wp-json\/wp\/v2\/pages\/11224","targetHints":{"allow":["GET"]}}],"collection":[{"href":"https:\/\/ag-frisch.com\/fr\/wp-json\/wp\/v2\/pages"}],"about":[{"href":"https:\/\/ag-frisch.com\/fr\/wp-json\/wp\/v2\/types\/page"}],"author":[{"embeddable":true,"href":"https:\/\/ag-frisch.com\/fr\/wp-json\/wp\/v2\/users\/2"}],"replies":[{"embeddable":true,"href":"https:\/\/ag-frisch.com\/fr\/wp-json\/wp\/v2\/comments?post=11224"}],"version-history":[{"count":0,"href":"https:\/\/ag-frisch.com\/fr\/wp-json\/wp\/v2\/pages\/11224\/revisions"}],"wp:attachment":[{"href":"https:\/\/ag-frisch.com\/fr\/wp-json\/wp\/v2\/media?parent=11224"}],"curies":[{"name":"wp","href":"https:\/\/api.w.org\/{rel}","templated":true}]}}