{"id":11225,"date":"2022-04-30T06:13:29","date_gmt":"2022-04-30T04:13:29","guid":{"rendered":"https:\/\/ag-frisch.com\/outils-de-chine\/"},"modified":"2023-01-27T05:27:35","modified_gmt":"2023-01-27T04:27:35","slug":"outils-de-chine","status":"publish","type":"page","link":"https:\/\/ag-frisch.com\/fr\/outils-de-chine\/","title":{"rendered":"Outils de Chine"},"content":{"rendered":"<p>[et_pb_section fb_built=&#8221;1&#8243; _builder_version=&#8221;4.16&#8243; _module_preset=&#8221;default&#8221; global_colors_info=&#8221;{}&#8221;][et_pb_row _builder_version=&#8221;4.18.1&#8243; _module_preset=&#8221;default&#8221; global_colors_info=&#8221;{}&#8221;][et_pb_column type=&#8221;4_4&#8243; _builder_version=&#8221;4.18.1&#8243; _module_preset=&#8221;default&#8221; global_colors_info=&#8221;{}&#8221;][et_pb_cta title=&#8221;Importer des outils de Chine&#8221; button_url=&#8221;https:\/\/ag-frisch.com\/fr\/contact\/&#8221; button_text=&#8221;Laissez maintenant le professionnel importer !&#8221; _builder_version=&#8221;4.18.1&#8243; _module_preset=&#8221;default&#8221; global_colors_info=&#8221;{}&#8221;]<\/p>\n<p>Les experts de l&#8217;agence d&#8217;importation chinoise Frisch vous soutiennent dans toutes vos d\u00e9marches d&#8217;importation d&#8217;outils et d&#8217;\u00e9quipements d&#8217;atelier depuis la Chine.  <\/p>\n<p>[\/et_pb_cta][\/et_pb_column][\/et_pb_row][et_pb_row _builder_version=&#8221;4.16&#8243; _module_preset=&#8221;default&#8221; global_colors_info=&#8221;{}&#8221;][et_pb_column type=&#8221;4_4&#8243; _builder_version=&#8221;4.16&#8243; _module_preset=&#8221;default&#8221; global_colors_info=&#8221;{}&#8221;][et_pb_text _builder_version=&#8221;4.16&#8243; _module_preset=&#8221;default&#8221; global_colors_info=&#8221;{}&#8221;]<\/p>\n<h1>Outils de Chine<\/h1>\n<p><strong>Votre march\u00e9 de la construction en ligne : Outils de Chine<\/strong><\/p>\n<p>Nous proposons aux grossistes et aux d\u00e9taillants (par exemple dans le secteur de la construction) nos services d&#8217;importation d&#8217;outils et de mat\u00e9riaux de construction depuis la Chine. Apr\u00e8s un conseil personnel approfondi, nous nous chargeons de trouver le fabricant optimal pour vos produits et vous fournissons sur demande des \u00e9chantillons initiaux ou des prototypes. Nous r\u00e9digeons les contrats avec vous, nous nous occupons du contr\u00f4le de la production et de la logistique de transport &#8211; et finalement, si vous le souhaitez, m\u00eame du stockage ou du fulfillment.<\/p>\n<p>L&#8217;agence Frisch est active depuis de nombreuses ann\u00e9es dans l&#8217;importation de Chine et dispose de relations de premier ordre. En plus de nombreux autres produits, du tournevis \u00e0 la machine industrielle, vous pouvez vous procurer chez nous, entre autres, ce qui suit :<\/p>\n<ul>\n<li>Outils et quincaillerie<\/li>\n<li>Mat\u00e9riaux de construction &amp; mat\u00e9riaux de construction<\/li>\n<li>Mat\u00e9riel \u00e9lectrique<\/li>\n<li>Equipement d&#8217;atelier<\/li>\n<li>Machines<\/li>\n<\/ul>\n<p>&nbsp;<\/p>\n<p><strong>De la vis au marteau-piqueur : importer des outils de Chine<\/strong><\/p>\n<p>Quels que soient vos besoins concrets, nous avons le fournisseur qu&#8217;il vous faut. Nous travaillons avec un grand nombre de producteurs fiables et s\u00e9rieux et nous trouverons certainement le meilleur partenaire pour votre importation d&#8217;outils en provenance de Chine. Qu&#8217;il s&#8217;agisse d&#8217;un tournevis ou d&#8217;une perceuse, d&#8217;un marteau, d&#8217;une tron\u00e7onneuse ou d&#8217;un \u00e9quipement complet d&#8217;atelier, l&#8217;agence Frisch trouvera pour vous le partenaire commercial ad\u00e9quat en mati\u00e8re de mat\u00e9riaux de construction, de produits durs et de quincaillerie en provenance de Chine.<\/p>\n<p>&nbsp;<\/p>\n<p><strong>Mat\u00e9riaux de construction de Chine &#8211; une qualit\u00e9 sup\u00e9rieure \u00e0 un prix imbattable<\/strong><\/p>\n<p>Vous \u00eates ma\u00eetre d&#8217;ouvrage ou propri\u00e9taire d&#8217;une entreprise de construction et vous en avez assez de payer inutilement des frais \u00e9lev\u00e9s pour vos mat\u00e9riaux de construction ? Alors China-Import est la solution qu&#8217;il vous faut. Il est important de choisir des fabricants qui produisent selon des normes internationales et qui sont en mesure de fournir une qualit\u00e9 \u00e9lev\u00e9e. L&#8217;agence Frisch veille \u00e0 ce que vous ne tombiez pas sur des &#8220;brebis galeuses&#8221;, mais que vous achetiez vos mat\u00e9riaux de construction en Chine aupr\u00e8s de producteurs qui ont \u00e9t\u00e9 contr\u00f4l\u00e9s et confirm\u00e9s selon les exigences allemandes.<\/p>\n<p>Vous pouvez notamment vous procurer ces produits chez nous, dans la cat\u00e9gorie Mat\u00e9riaux de construction en provenance de Chine :<\/p>\n<ul>\n<li>Carreaux, carrelages<\/li>\n<li>Pierres, supports de terrasse<\/li>\n<li>Bois, tonnelles ou garages en kit<\/li>\n<li>Kits de construction<\/li>\n<li>Mat\u00e9riaux d&#8217;isolation, mat\u00e9riaux d&#8217;assainissement<\/li>\n<li>Techniques de chauffage et de s\u00e9chage<\/li>\n<li>Bardeaux de toit<\/li>\n<li>et bien d&#8217;autres choses encore.<\/li>\n<\/ul>\n<p>&nbsp;<\/p>\n<p><strong>Importer en toute s\u00e9curit\u00e9 de Chine tout ce qui concerne l&#8217;\u00e9lectronique<\/strong><\/p>\n<p>Outre les mat\u00e9riaux de construction et les outils en provenance de Chine, notre offre couvre \u00e9galement tous les articles \u00e9lectriques. Vous obtenez par notre interm\u00e9diaire en importation directe de Chine du fabricant par exemple :<\/p>\n<ul>\n<li>Panneaux solaires et installations solaires<\/li>\n<li>Lumi\u00e8re, lampes et solutions d&#8217;\u00e9clairage<\/li>\n<li>Mat\u00e9riel \u00e9lectrique, du c\u00e2ble \u00e0 la borne<\/li>\n<li>Outils \u00e9lectriques<\/li>\n<li>Technique de s\u00e9curit\u00e9<\/li>\n<li>Appareils de mesure \u00e9lectroniques et technique de mesure<\/li>\n<li>Climatiseurs, d\u00e9shumidificateurs de chantier et appareils de chauffage industriels<\/li>\n<\/ul>\n<p>L&#8217;agence Frisch travaille exclusivement avec des producteurs v\u00e9rifi\u00e9s et fiables. Afin de maintenir notre niveau d&#8217;exigence \u00e9lev\u00e9, nous veillons nous-m\u00eames \u00e0 la qualit\u00e9 et au contr\u00f4le.<\/p>\n<p>&nbsp;<\/p>\n<p><strong>Prestations de l&#8217;agence Frisch pour votre importation de Chine<\/strong><\/p>\n<p>Pour votre importation en Chine, vous pouvez obtenir de notre main tout ce qui est n\u00e9cessaire \u00e0 l&#8217;achat directement aupr\u00e8s du fabricant, de la r\u00e9daction du contrat au contr\u00f4le de la qualit\u00e9 en passant par la logistique et le stockage. La premi\u00e8re \u00e9tape est un entretien de conseil au cours duquel nous d\u00e9terminons quels sont les produits\/producteurs qui ont un sens pour vous et quels sont les services dont vous souhaitez b\u00e9n\u00e9ficier de notre part. C&#8217;est sur cette base que nous intervenons &#8211; si vous le souhaitez, dans une mesure telle que vous devez vous-m\u00eame vous occuper exclusivement de votre activit\u00e9 principale en Allemagne.<\/p>\n<p>Nous r\u00e9alisons \u00e9galement des tests de laboratoire exigeants, par exemple sur des mat\u00e9riaux de construction sensibles, gr\u00e2ce \u00e0 notre filiale BEIDE Test-Labor. Nous disposons d&#8217;un savoir-faire complet en mati\u00e8re de certifications et de marquages et vous guidons \u00e0 travers l&#8217;ensemble du processus d&#8217;autorisations, de douanes et autres.<\/p>\n<p>&nbsp;<\/p>\n<p><strong>Produits durs et mat\u00e9riaux de construction en direct du fabricant<\/strong><\/p>\n<p>De la ferrure \u00e0 la maison pr\u00e9fabriqu\u00e9e, nous vous mettons en contact avec les partenaires commerciaux ad\u00e9quats en Chine, avec lesquels vous ferez un maximum de b\u00e9n\u00e9fices &#8211; sans risque. Nos contrats \u00e9tanches et notre bonne connaissance du march\u00e9 chinois y veillent.<\/p>\n<p><strong>Contactez-nous et d\u00e9couvrez ce que nous pouvons faire pour vous !<\/strong><\/p>\n<p>&nbsp;<\/p>\n<p>[\/et_pb_text][\/et_pb_column][\/et_pb_row][\/et_pb_section][et_pb_section fb_built=&#8221;1&#8243; admin_label=&#8221;Testimonials&#8221; _builder_version=&#8221;4.16&#8243; use_background_color_gradient=&#8221;on&#8221; background_color_gradient_stops=&#8221;rgba(0,106,156,0.85) 0%|rgba(0,106,156,0.85) 100%&#8221; background_color_gradient_start=&#8221;rgba(0,106,156,0.85)&#8221; background_color_gradient_end=&#8221;rgba(0,106,156,0.85)&#8221; custom_padding=&#8221;90px||60px|&#8221; animation_style=&#8221;fold&#8221; animation_direction=&#8221;bottom&#8221; animation_intensity_fold=&#8221;4%&#8221; global_colors_info=&#8221;{}&#8221;][et_pb_row _builder_version=&#8221;4.16&#8243; background_size=&#8221;initial&#8221; background_position=&#8221;top_left&#8221; background_repeat=&#8221;repeat&#8221; custom_width_px=&#8221;710px&#8221; locked=&#8221;off&#8221; global_colors_info=&#8221;{}&#8221;][et_pb_column type=&#8221;4_4&#8243; _builder_version=&#8221;4.16&#8243; background_position=&#8221;top_left&#8221; custom_padding=&#8221;|||&#8221; global_colors_info=&#8221;{}&#8221; custom_padding__hover=&#8221;|||&#8221;][et_pb_text admin_label=&#8221;Testimonials Section Title&#8221; _builder_version=&#8221;4.16&#8243; header_font=&#8221;Montserrat||||&#8221; header_font_size=&#8221;36px&#8221; background_size=&#8221;initial&#8221; background_position=&#8221;top_left&#8221; background_repeat=&#8221;repeat&#8221; text_orientation=&#8221;center&#8221; background_layout=&#8221;dark&#8221; max_width=&#8221;710px&#8221; module_alignment=&#8221;center&#8221; animation_style=&#8221;fold&#8221; animation_direction=&#8221;bottom&#8221; animation_intensity_fold=&#8221;20%&#8221; global_colors_info=&#8221;{}&#8221;]<\/p>\n<h1>Plus de 5000 clients satisfaits.<\/h1>\n<p>&nbsp;<\/p>\n<p>[\/et_pb_text][et_pb_divider color=&#8221;#ffffff&#8221; divider_weight=&#8221;3px&#8221; disabled_on=&#8221;off|off|off&#8221; _builder_version=&#8221;4.16&#8243; background_color_gradient_direction=&#8221;90deg&#8221; max_width=&#8221;100px&#8221; module_alignment=&#8221;center&#8221; height=&#8221;5px&#8221; custom_margin=&#8221;||20px|&#8221; custom_padding=&#8221;||20px|&#8221; animation_style=&#8221;slide&#8221; animation_direction=&#8221;bottom&#8221; saved_tabs=&#8221;all&#8221; locked=&#8221;off&#8221; global_colors_info=&#8221;{}&#8221;][\/et_pb_divider][\/et_pb_column][\/et_pb_row][et_pb_row column_structure=&#8221;1_2,1_2&#8243; _builder_version=&#8221;4.18.1&#8243; _module_preset=&#8221;default&#8221; global_colors_info=&#8221;{}&#8221;][et_pb_column type=&#8221;1_2&#8243; _builder_version=&#8221;4.18.1&#8243; _module_preset=&#8221;default&#8221; global_colors_info=&#8221;{}&#8221;][et_pb_testimonial author=&#8221;Marco&#8221; portrait_url=&#8221;https:\/\/ag-frisch.com\/wp-content\/uploads\/2021\/08\/Harald.png&#8221; quote_icon=&#8221;off&#8221; _builder_version=&#8221;4.18.1&#8243; _module_preset=&#8221;default&#8221; body_font_size=&#8221;16px&#8221; use_background_color=&#8221;off&#8221; background_layout=&#8221;dark&#8221; global_colors_info=&#8221;{}&#8221;]J&#8217;ai demand\u00e9 \u00e0 l&#8217;agence Frisch de faire produire un meuble de grande taille en Chine et de le transf\u00e9rer ensuite en Allemagne. La communication par e-mail a \u00e9t\u00e9 fluide tout au long du processus ! Des r\u00e9ponses tr\u00e8s rapides et fiables m&#8217;ont apport\u00e9 en permanence les garanties indispensables \u00e0 une telle entreprise. J&#8217;ai toujours \u00e9t\u00e9 aid\u00e9 dans la jungle bureaucratique et aucun formulaire n&#8217;a \u00e9t\u00e9 oubli\u00e9 ou mal rempli. Tr\u00e8s louable !<a href=\"&lt;div%20class=%22pe-richsnippets%22&gt;&nbsp;&lt;\/div&gt;%20&lt;script%20type=%22text\/javascript%22%20src=%22https:\/\/www.provenexpert.com\/widget\/richsnippet.js?u=1NUA0VwZ4RUZ5tmAi5zA4RaplNKAlWwZ&amp;v=2%22%20async&gt;&lt;\/script&gt;%20&lt;div%20style=%22text-align:%20justify;%22&gt;&lt;br%20\/&gt;\"><\/a><\/p>\n<div class=\"brow ratingBarMargin\">\n<div class=\"ratingBar\">\n<div class=\"brow\">\n<div class=\"pe-richsnippets\">&nbsp;<\/div>\n<p><script type=\"text\/javascript\" src=\"https:\/\/www.provenexpert.com\/widget\/richsnippet.js?u=1NUA0VwZ4RUZ5tmAi5zA4RaplNKAlWwZ&amp;v=2\" async=\"\"><\/script><\/p>\n<div style=\"text-align: justify;\"><\/p>\n<div class=\"col-lg-9 col-md-8 col-xs-10 mt20 mb20\">\n<div class=\"col-xs-12 surveyNameForRating\"><\/div>\n<\/div>\n<\/div>\n<\/div>\n<\/div>\n<\/div>\n<p>[\/et_pb_testimonial][\/et_pb_column][et_pb_column type=&#8221;1_2&#8243; _builder_version=&#8221;4.18.1&#8243; _module_preset=&#8221;default&#8221; global_colors_info=&#8221;{}&#8221;][et_pb_testimonial author=&#8221;Simone L.&#8221; portrait_url=&#8221;https:\/\/ag-frisch.com\/wp-content\/uploads\/2021\/08\/Harald.png&#8221; quote_icon=&#8221;off&#8221; _builder_version=&#8221;4.18.1&#8243; _module_preset=&#8221;default&#8221; body_font_size=&#8221;16px&#8221; use_background_color=&#8221;off&#8221; background_layout=&#8221;dark&#8221; global_colors_info=&#8221;{}&#8221;]<\/p>\n<p>Tout est au top. On ne peut pas faire mieux. On ne peut pas faire mieux en mati\u00e8re de conseil et de r\u00e9alisation. Apr\u00e8s avoir pass\u00e9 plusieurs commandes aupr\u00e8s de cette entreprise, nous sommes plus que satisfaits et poursuivons notre collaboration.<\/p>\n<div class=\"brow ratingBarMargin\">\n<div class=\"ratingBar\">\n<div class=\"brow\">\n<div class=\"pe-richsnippets\"> <\/div>\n<p>\n<script type=\"text\/javascript\" src=\"https:\/\/www.provenexpert.com\/widget\/richsnippet.js?u=1NUA0VwZ4RUZ5tmAi5zA4RaplNKAlWwZ&amp;v=2\" async=\"\"><\/script>\n<\/p>\n<div style=\"text-align: justify;\">\n<p>&nbsp;<\/p>\n<div class=\"col-lg-9 col-md-8 col-xs-10 mt20 mb20\">\n<div class=\"col-xs-12 surveyNameForRating\"><\/div>\n<\/div>\n<\/div>\n<\/div>\n<\/div>\n<\/div>\n<p>[\/et_pb_testimonial][\/et_pb_column][\/et_pb_row][et_pb_row _builder_version=&#8221;4.16&#8243; background_size=&#8221;initial&#8221; background_position=&#8221;top_left&#8221; background_repeat=&#8221;repeat&#8221; custom_padding=&#8221;50px|0px|30px|0px&#8221; custom_css_main_element=&#8221;text-align: center;&#8221; global_colors_info=&#8221;{}&#8221;][et_pb_column type=&#8221;4_4&#8243; _builder_version=&#8221;4.16&#8243; custom_padding=&#8221;|||&#8221; global_colors_info=&#8221;{}&#8221; custom_padding__hover=&#8221;|||&#8221;][et_pb_button button_url=&#8221;https:\/\/www.provenexpert.com\/de-de\/agentur-frisch-international-consulting-gmbh-und-co-kg\/&#8221; button_text=&#8221;PLUS D&#039;AVIS&#8221; button_alignment=&#8221;left&#8221; admin_label=&#8221;Testimonial Button&#8221; _builder_version=&#8221;4.16&#8243; custom_button=&#8221;on&#8221; button_text_size=&#8221;18px&#8221; button_text_color=&#8221;#ffffff&#8221; button_bg_color=&#8221;#6eba01&#8243; button_border_width=&#8221;2px&#8221; button_border_color=&#8221;#6eba01&#8243; button_border_radius=&#8221;0px&#8221; button_letter_spacing=&#8221;2px&#8221; button_font=&#8221;Montserrat|||on|&#8221; button_use_icon=&#8221;off&#8221; animation_style=&#8221;fold&#8221; animation_direction=&#8221;bottom&#8221; button_text_color_hover=&#8221;#ffffff&#8221; button_border_color_hover=&#8221;#ffffff&#8221; button_border_radius_hover=&#8221;0px&#8221; button_letter_spacing_hover=&#8221;2px&#8221; button_bg_color_hover=&#8221;rgba(255,255,255,0)&#8221; locked=&#8221;off&#8221; global_colors_info=&#8221;{}&#8221; button_text_size__hover_enabled=&#8221;off&#8221; button_one_text_size__hover_enabled=&#8221;off&#8221; button_two_text_size__hover_enabled=&#8221;off&#8221; button_text_color__hover_enabled=&#8221;on&#8221; button_text_color__hover=&#8221;#ffffff&#8221; button_one_text_color__hover_enabled=&#8221;off&#8221; button_two_text_color__hover_enabled=&#8221;off&#8221; button_border_width__hover_enabled=&#8221;off&#8221; button_one_border_width__hover_enabled=&#8221;off&#8221; button_two_border_width__hover_enabled=&#8221;off&#8221; button_border_color__hover_enabled=&#8221;on&#8221; button_border_color__hover=&#8221;#ffffff&#8221; button_one_border_color__hover_enabled=&#8221;off&#8221; button_two_border_color__hover_enabled=&#8221;off&#8221; button_border_radius__hover_enabled=&#8221;on&#8221; button_border_radius__hover=&#8221;0px&#8221; button_one_border_radius__hover_enabled=&#8221;off&#8221; button_two_border_radius__hover_enabled=&#8221;off&#8221; button_letter_spacing__hover_enabled=&#8221;on&#8221; button_letter_spacing__hover=&#8221;2px&#8221; button_one_letter_spacing__hover_enabled=&#8221;off&#8221; button_two_letter_spacing__hover_enabled=&#8221;off&#8221; button_bg_color__hover_enabled=&#8221;on&#8221; button_bg_color__hover=&#8221;rgba(255,255,255,0)&#8221; button_one_bg_color__hover_enabled=&#8221;off&#8221; button_two_bg_color__hover_enabled=&#8221;off&#8221;][\/et_pb_button][\/et_pb_column][\/et_pb_row][\/et_pb_section]<\/p>\n","protected":false},"excerpt":{"rendered":"<p>Les experts de l&#8217;agence d&#8217;importation chinoise Frisch vous soutiennent dans toutes vos d\u00e9marches d&#8217;importation d&#8217;outils et d&#8217;\u00e9quipements d&#8217;atelier depuis la Chine. Outils de Chine Votre march\u00e9 de la construction en ligne : Outils de Chine Nous proposons aux grossistes et aux d\u00e9taillants (par exemple dans le secteur de la construction) nos services d&#8217;importation d&#8217;outils et [&hellip;]<\/p>\n","protected":false},"author":2,"featured_media":0,"parent":0,"menu_order":0,"comment_status":"closed","ping_status":"closed","template":"","meta":{"_et_pb_use_builder":"on","_et_pb_old_content":"","_et_gb_content_width":"","footnotes":""},"class_list":["post-11225","page","type-page","status-publish","hentry"],"yoast_head":"<!-- This site is optimized with the Yoast SEO plugin v27.4 - https:\/\/yoast.com\/product\/yoast-seo-wordpress\/ -->\n<title>Importer des outils de Chine en respectant toutes les directives europ\u00e9ennes<\/title>\n<meta name=\"description\" content=\"Outils de Chine \u25bb Outils et articles de bricolage de Chine : n\u00e9gociation d&#039;achat \u2713 Contrat de vente \u2713 Assurance qualit\u00e9 \u2713 \u25bb Demandez conseil maintenant !\" \/>\n<meta name=\"robots\" content=\"index, follow, max-snippet:-1, max-image-preview:large, max-video-preview:-1\" \/>\n<link rel=\"canonical\" href=\"https:\/\/ag-frisch.com\/fr\/outils-de-chine\/\" \/>\n<meta property=\"og:locale\" content=\"fr_FR\" \/>\n<meta property=\"og:type\" content=\"article\" \/>\n<meta property=\"og:title\" content=\"Importer des outils de Chine en respectant toutes les directives europ\u00e9ennes\" \/>\n<meta property=\"og:description\" content=\"Outils de Chine \u25bb Outils et articles de bricolage de Chine : n\u00e9gociation d&#039;achat \u2713 Contrat de vente \u2713 Assurance qualit\u00e9 \u2713 \u25bb Demandez conseil maintenant !\" \/>\n<meta property=\"og:url\" content=\"https:\/\/ag-frisch.com\/fr\/outils-de-chine\/\" \/>\n<meta property=\"og:site_name\" content=\"China Import Beratung f\u00fcr den Einkauf aus China\" \/>\n<meta property=\"article:publisher\" content=\"https:\/\/www.facebook.com\/China.Import\" \/>\n<meta property=\"article:modified_time\" content=\"2023-01-27T04:27:35+00:00\" \/>\n<meta name=\"twitter:card\" content=\"summary_large_image\" \/>\n<meta name=\"twitter:site\" content=\"@agenturfrisch\" \/>\n<meta name=\"twitter:label1\" content=\"Dur\u00e9e de lecture estim\u00e9e\" \/>\n\t<meta name=\"twitter:data1\" content=\"9 minutes\" \/>\n<script type=\"application\/ld+json\" class=\"yoast-schema-graph\">{\"@context\":\"https:\\\/\\\/schema.org\",\"@graph\":[{\"@type\":\"WebPage\",\"@id\":\"https:\\\/\\\/ag-frisch.com\\\/fr\\\/outils-de-chine\\\/\",\"url\":\"https:\\\/\\\/ag-frisch.com\\\/fr\\\/outils-de-chine\\\/\",\"name\":\"Importer des outils de Chine en respectant toutes les directives europ\u00e9ennes\",\"isPartOf\":{\"@id\":\"https:\\\/\\\/ag-frisch.com\\\/de\\\/#website\"},\"datePublished\":\"2022-04-30T04:13:29+00:00\",\"dateModified\":\"2023-01-27T04:27:35+00:00\",\"description\":\"Outils de Chine \u25bb Outils et articles de bricolage de Chine : n\u00e9gociation d'achat \u2713 Contrat de vente \u2713 Assurance qualit\u00e9 \u2713 \u25bb Demandez conseil maintenant !\",\"breadcrumb\":{\"@id\":\"https:\\\/\\\/ag-frisch.com\\\/fr\\\/outils-de-chine\\\/#breadcrumb\"},\"inLanguage\":\"fr-FR\",\"potentialAction\":[{\"@type\":\"ReadAction\",\"target\":[\"https:\\\/\\\/ag-frisch.com\\\/fr\\\/outils-de-chine\\\/\"]}]},{\"@type\":\"BreadcrumbList\",\"@id\":\"https:\\\/\\\/ag-frisch.com\\\/fr\\\/outils-de-chine\\\/#breadcrumb\",\"itemListElement\":[{\"@type\":\"ListItem\",\"position\":1,\"name\":\"Startseite\",\"item\":\"https:\\\/\\\/ag-frisch.com\\\/de\\\/\"},{\"@type\":\"ListItem\",\"position\":2,\"name\":\"Outils de Chine\"}]},{\"@type\":\"WebSite\",\"@id\":\"https:\\\/\\\/ag-frisch.com\\\/de\\\/#website\",\"url\":\"https:\\\/\\\/ag-frisch.com\\\/de\\\/\",\"name\":\"China Import Beratung f\u00fcr den Einkauf aus China\",\"description\":\"China Import &amp; Export Beratung - Der Dienstleister Ihres Vertrauens f\u00fcr Ihren China Import\",\"publisher\":{\"@id\":\"https:\\\/\\\/ag-frisch.com\\\/de\\\/#organization\"},\"potentialAction\":[{\"@type\":\"SearchAction\",\"target\":{\"@type\":\"EntryPoint\",\"urlTemplate\":\"https:\\\/\\\/ag-frisch.com\\\/de\\\/?s={search_term_string}\"},\"query-input\":{\"@type\":\"PropertyValueSpecification\",\"valueRequired\":true,\"valueName\":\"search_term_string\"}}],\"inLanguage\":\"fr-FR\"},{\"@type\":\"Organization\",\"@id\":\"https:\\\/\\\/ag-frisch.com\\\/de\\\/#organization\",\"name\":\"Agentur Frisch International Consulting GmbH & Co. KG\",\"url\":\"https:\\\/\\\/ag-frisch.com\\\/de\\\/\",\"logo\":{\"@type\":\"ImageObject\",\"inLanguage\":\"fr-FR\",\"@id\":\"https:\\\/\\\/ag-frisch.com\\\/de\\\/#\\\/schema\\\/logo\\\/image\\\/\",\"url\":\"https:\\\/\\\/ag-frisch.com\\\/wp-content\\\/uploads\\\/2021\\\/08\\\/ag_logo_rgb_300_small.png\",\"contentUrl\":\"https:\\\/\\\/ag-frisch.com\\\/wp-content\\\/uploads\\\/2021\\\/08\\\/ag_logo_rgb_300_small.png\",\"width\":153,\"height\":102,\"caption\":\"Agentur Frisch International Consulting GmbH & Co. KG\"},\"image\":{\"@id\":\"https:\\\/\\\/ag-frisch.com\\\/de\\\/#\\\/schema\\\/logo\\\/image\\\/\"},\"sameAs\":[\"https:\\\/\\\/www.facebook.com\\\/China.Import\",\"https:\\\/\\\/x.com\\\/agenturfrisch\"]}]}<\/script>\n<!-- \/ Yoast SEO plugin. -->","yoast_head_json":{"title":"Importer des outils de Chine en respectant toutes les directives europ\u00e9ennes","description":"Outils de Chine \u25bb Outils et articles de bricolage de Chine : n\u00e9gociation d'achat \u2713 Contrat de vente \u2713 Assurance qualit\u00e9 \u2713 \u25bb Demandez conseil maintenant !","robots":{"index":"index","follow":"follow","max-snippet":"max-snippet:-1","max-image-preview":"max-image-preview:large","max-video-preview":"max-video-preview:-1"},"canonical":"https:\/\/ag-frisch.com\/fr\/outils-de-chine\/","og_locale":"fr_FR","og_type":"article","og_title":"Importer des outils de Chine en respectant toutes les directives europ\u00e9ennes","og_description":"Outils de Chine \u25bb Outils et articles de bricolage de Chine : n\u00e9gociation d'achat \u2713 Contrat de vente \u2713 Assurance qualit\u00e9 \u2713 \u25bb Demandez conseil maintenant !","og_url":"https:\/\/ag-frisch.com\/fr\/outils-de-chine\/","og_site_name":"China Import Beratung f\u00fcr den Einkauf aus China","article_publisher":"https:\/\/www.facebook.com\/China.Import","article_modified_time":"2023-01-27T04:27:35+00:00","twitter_card":"summary_large_image","twitter_site":"@agenturfrisch","twitter_misc":{"Dur\u00e9e de lecture estim\u00e9e":"9 minutes"},"schema":{"@context":"https:\/\/schema.org","@graph":[{"@type":"WebPage","@id":"https:\/\/ag-frisch.com\/fr\/outils-de-chine\/","url":"https:\/\/ag-frisch.com\/fr\/outils-de-chine\/","name":"Importer des outils de Chine en respectant toutes les directives europ\u00e9ennes","isPartOf":{"@id":"https:\/\/ag-frisch.com\/de\/#website"},"datePublished":"2022-04-30T04:13:29+00:00","dateModified":"2023-01-27T04:27:35+00:00","description":"Outils de Chine \u25bb Outils et articles de bricolage de Chine : n\u00e9gociation d'achat \u2713 Contrat de vente \u2713 Assurance qualit\u00e9 \u2713 \u25bb Demandez conseil maintenant !","breadcrumb":{"@id":"https:\/\/ag-frisch.com\/fr\/outils-de-chine\/#breadcrumb"},"inLanguage":"fr-FR","potentialAction":[{"@type":"ReadAction","target":["https:\/\/ag-frisch.com\/fr\/outils-de-chine\/"]}]},{"@type":"BreadcrumbList","@id":"https:\/\/ag-frisch.com\/fr\/outils-de-chine\/#breadcrumb","itemListElement":[{"@type":"ListItem","position":1,"name":"Startseite","item":"https:\/\/ag-frisch.com\/de\/"},{"@type":"ListItem","position":2,"name":"Outils de Chine"}]},{"@type":"WebSite","@id":"https:\/\/ag-frisch.com\/de\/#website","url":"https:\/\/ag-frisch.com\/de\/","name":"China Import Beratung f\u00fcr den Einkauf aus China","description":"China Import &amp; Export Beratung - Der Dienstleister Ihres Vertrauens f\u00fcr Ihren China Import","publisher":{"@id":"https:\/\/ag-frisch.com\/de\/#organization"},"potentialAction":[{"@type":"SearchAction","target":{"@type":"EntryPoint","urlTemplate":"https:\/\/ag-frisch.com\/de\/?s={search_term_string}"},"query-input":{"@type":"PropertyValueSpecification","valueRequired":true,"valueName":"search_term_string"}}],"inLanguage":"fr-FR"},{"@type":"Organization","@id":"https:\/\/ag-frisch.com\/de\/#organization","name":"Agentur Frisch International Consulting GmbH & Co. KG","url":"https:\/\/ag-frisch.com\/de\/","logo":{"@type":"ImageObject","inLanguage":"fr-FR","@id":"https:\/\/ag-frisch.com\/de\/#\/schema\/logo\/image\/","url":"https:\/\/ag-frisch.com\/wp-content\/uploads\/2021\/08\/ag_logo_rgb_300_small.png","contentUrl":"https:\/\/ag-frisch.com\/wp-content\/uploads\/2021\/08\/ag_logo_rgb_300_small.png","width":153,"height":102,"caption":"Agentur Frisch International Consulting GmbH & Co. KG"},"image":{"@id":"https:\/\/ag-frisch.com\/de\/#\/schema\/logo\/image\/"},"sameAs":["https:\/\/www.facebook.com\/China.Import","https:\/\/x.com\/agenturfrisch"]}]}},"_links":{"self":[{"href":"https:\/\/ag-frisch.com\/fr\/wp-json\/wp\/v2\/pages\/11225","targetHints":{"allow":["GET"]}}],"collection":[{"href":"https:\/\/ag-frisch.com\/fr\/wp-json\/wp\/v2\/pages"}],"about":[{"href":"https:\/\/ag-frisch.com\/fr\/wp-json\/wp\/v2\/types\/page"}],"author":[{"embeddable":true,"href":"https:\/\/ag-frisch.com\/fr\/wp-json\/wp\/v2\/users\/2"}],"replies":[{"embeddable":true,"href":"https:\/\/ag-frisch.com\/fr\/wp-json\/wp\/v2\/comments?post=11225"}],"version-history":[{"count":0,"href":"https:\/\/ag-frisch.com\/fr\/wp-json\/wp\/v2\/pages\/11225\/revisions"}],"wp:attachment":[{"href":"https:\/\/ag-frisch.com\/fr\/wp-json\/wp\/v2\/media?parent=11225"}],"curies":[{"name":"wp","href":"https:\/\/api.w.org\/{rel}","templated":true}]}}