{"id":11228,"date":"2022-04-30T06:16:48","date_gmt":"2022-04-30T04:16:48","guid":{"rendered":"https:\/\/ag-frisch.com\/fournitures-de-bureau-de-chine\/"},"modified":"2023-01-27T05:27:36","modified_gmt":"2023-01-27T04:27:36","slug":"fournitures-de-bureau-de-chine","status":"publish","type":"page","link":"https:\/\/ag-frisch.com\/fr\/fournitures-de-bureau-de-chine\/","title":{"rendered":"Fournitures de bureau de Chine"},"content":{"rendered":"<p>[et_pb_section fb_built=&#8221;1&#8243; _builder_version=&#8221;4.16&#8243; _module_preset=&#8221;default&#8221; global_colors_info=&#8221;{}&#8221;][et_pb_row _builder_version=&#8221;4.18.1&#8243; _module_preset=&#8221;default&#8221; global_colors_info=&#8221;{}&#8221;][et_pb_column type=&#8221;4_4&#8243; _builder_version=&#8221;4.18.1&#8243; _module_preset=&#8221;default&#8221; global_colors_info=&#8221;{}&#8221;][et_pb_cta title=&#8221;Importation de Chine&#8221; button_url=&#8221;https:\/\/ag-frisch.com\/fr\/contact\/&#8221; button_text=&#8221;R\u00e9server maintenant chez un professionnel&#8221; _builder_version=&#8221;4.18.1&#8243; _module_preset=&#8221;default&#8221; global_colors_info=&#8221;{}&#8221;]<\/p>\n<p>Gr\u00e2ce \u00e0 l&#8217;agence d&#8217;importation chinoise Frisch, vous r\u00e9ussissez vos affaires en Chine comme les professionnels.<\/p>\n<p>[\/et_pb_cta][\/et_pb_column][\/et_pb_row][et_pb_row _builder_version=&#8221;4.16&#8243; _module_preset=&#8221;default&#8221; global_colors_info=&#8221;{}&#8221;][et_pb_column type=&#8221;4_4&#8243; _builder_version=&#8221;4.16&#8243; _module_preset=&#8221;default&#8221; global_colors_info=&#8221;{}&#8221;][et_pb_text _builder_version=&#8221;4.18.1&#8243; _module_preset=&#8221;default&#8221; hover_enabled=&#8221;0&#8243; global_colors_info=&#8221;{}&#8221; sticky_enabled=&#8221;0&#8243;]<\/p>\n<h1>Importation de fournitures de bureau et de mat\u00e9riel publicitaire de Chine<\/h1>\n<p><strong>Fournitures de bureau et mat\u00e9riel publicitaire de Chine<\/strong><\/p>\n<p>Les post-it et les stylos, le papier d&#8217;imprimante et les enveloppes &#8211; on les trouve moins chers en Chine. Pourquoi, en tant que grossiste ou d\u00e9taillant allemand, devriez-vous encore payer trop cher, m\u00eame pour un grand nombre de pi\u00e8ces ? En tant que partenaire comp\u00e9tent pour l&#8217;importation de Chine, nous vous mettons en contact avec des partenaires commerciaux aupr\u00e8s desquels vous pouvez acheter des fournitures de bureau chinoises \u00e0 des prix beaucoup plus avantageux. Parmi les produits que vous pouvez faire importer par notre interm\u00e9diaire, on trouve par exemple<\/p>\n<ul>\n<li>Papeterie, articles de bureau et de papeterie<\/li>\n<li>Mat\u00e9riaux d&#8217;emballage<\/li>\n<li>Besoins de pr\u00e9sentation et de formation<\/li>\n<li>Am\u00e9nagement de magasins et de boutiques<\/li>\n<li>Fournitures pour salons et articles promotionnels<\/li>\n<li>et bien d&#8217;autres choses encore.<\/li>\n<\/ul>\n<p>&nbsp;<\/p>\n<p><strong>Importer des articles de papeterie et de bureau de Chine \u00e0 bas prix<\/strong><\/p>\n<p>Notre portefeuille de produits couvre tout le domaine des fournitures de bureau. Les r\u00e8gles et les loupes, les surligneurs et les sous-mains en font partie, tout comme les fournitures de dessin ou les calendriers. Nous travaillons exclusivement avec des entreprises s\u00e9rieuses qui travaillent proprement. Les fournitures de bureau en provenance de Chine que nous proposons r\u00e9pondent aux exigences allemandes &#8211; et ce, \u00e0 des prix chinois.<\/p>\n<p>&nbsp;<\/p>\n<p><strong>\u00c9quipement de bureau et am\u00e9nagement de magasin<\/strong><\/p>\n<p>Par notre interm\u00e9diaire, vous pouvez obtenir non seulement de petits produits de fournitures de bureau, mais aussi des \u00e9quipements professionnels complets. Du bureau au flipchart, de l&#8217;armoire \u00e0 dossiers au fauteuil de direction, l&#8217;agence Frisch vous propose tous les objets qui font partie d&#8217;un am\u00e9nagement complet de bureaux, de salles de conf\u00e9rence, de salles de formation et de magasins.<\/p>\n<p>Nos partenaires commerciaux peuvent \u00e9galement r\u00e9aliser des installations h\u00f4teli\u00e8res compl\u00e8tes. Du comptoir d&#8217;h\u00f4tel haut de gamme \u00e0 l&#8217;\u00e9quipement de chambre et aux fournitures administratives, nous trouvons pour vous le meilleur fournisseur chinois au meilleur prix.<\/p>\n<p>&nbsp;<\/p>\n<p><strong>Acheter des articles promotionnels en Chine et \u00e9conomiser<\/strong><\/p>\n<p>M\u00eame \u00e0 l&#8217;\u00e8re de la num\u00e9risation, les objets publicitaires physiques restent un instrument publicitaire appropri\u00e9 qui permet de rappeler sans cesse votre entreprise au destinataire du cadeau. Les fournisseurs chinois peuvent d\u00e9sormais facilement rivaliser avec les fabricants allemands de mat\u00e9riel publicitaire en termes de qualit\u00e9, et ce \u00e0 des prix tr\u00e8s diff\u00e9rents. \u00c0 l&#8217;agence Frisch, nous travaillons depuis longtemps avec d&#8217;excellents producteurs et nous veillons personnellement \u00e0 ce que nos exigences \u00e9lev\u00e9es soient respect\u00e9es.<\/p>\n<p>Vous pouvez vous procurer chez nous, entre autres, les articles promotionnels suivants en provenance de Chine :<\/p>\n<ul>\n<li>Briquets<\/li>\n<li>Ballons de baudruche<\/li>\n<li>Blocs-notes<\/li>\n<li>T-shirts<\/li>\n<li>Tasses<\/li>\n<li>Sacs pour ordinateurs portables<\/li>\n<li>Autocollants<\/li>\n<li>et bien d&#8217;autres choses encore.<\/li>\n<\/ul>\n<p>&nbsp;<\/p>\n<p><strong>Des solutions personnalis\u00e9es pour r\u00e9pondre \u00e0 vos besoins<\/strong><\/p>\n<p>L&#8217;agence Frisch est votre partenaire pour le d\u00e9roulement complet de vos achats de fournitures de bureau ou d&#8217;articles publicitaires en Chine. De la recherche du fabricant \u00e0 la n\u00e9gociation du prix et \u00e0 l&#8217;\u00e9laboration du contrat, en passant par le contr\u00f4le de la qualit\u00e9 et toute la logistique de l&#8217;exp\u00e9dition et, en fin de compte, m\u00eame le stockage ou le fulfillment, nous vous proposons un service complet pour l&#8217;importation de Chine. Lors d&#8217;un entretien de conseil, nous d\u00e9terminerons quelles prestations vous souhaitez recevoir de notre part et si vous souhaitez les prendre en charge vous-m\u00eame, et dans quelle mesure. Nous vous proposons de r\u00e9server ces services de mani\u00e8re \u00e9quitable et transparente :<\/p>\n<ul>\n<li>Recherche de produit\/fabricant<\/li>\n<li>Contr\u00f4le de la production\/audits\/inspections<\/li>\n<li>Conformit\u00e9\/certifications\/marquages<\/li>\n<li>Logistique de transport\/contr\u00f4le du chargement\/d\u00e9douanement<\/li>\n<li>Stockage<\/li>\n<\/ul>\n<p>Nous prenons le temps de vous \u00e9couter et de trouver ensemble quel est votre deal id\u00e9al en mati\u00e8re d&#8217;importation de Chine. Nous attachons beaucoup d&#8217;importance \u00e0 un conseil personnel et individuel et clarifions autant de choses que possible \u00e0 l&#8217;avance afin que votre achat de fournitures de bureau en provenance de Chine se d\u00e9roule sans probl\u00e8me et \u00e0 votre enti\u00e8re satisfaction.<\/p>\n<p>Notre approche s\u00e9rieuse vous garantit une importation chinoise sans probl\u00e8me et des marchandises que vous pouvez distribuer ou utiliser sans r\u00e9serve sur le march\u00e9 allemand. Nous contr\u00f4lons l&#8217;innocuit\u00e9 des produits que nous fournissons dans nos propres laboratoires et nous sommes nous-m\u00eames tr\u00e8s exigeants en mati\u00e8re de qualit\u00e9. Cela permet d&#8217;\u00e9conomiser des co\u00fbts et des soucis et fait de nous l&#8217;un des importateurs chinois les plus appr\u00e9ci\u00e9s sur le march\u00e9 allemand.<\/p>\n<p>&nbsp;<\/p>\n<p><strong>Nous sommes fiers de nos nombreux clients r\u00e9guliers satisfaits et du nombre \u00e9norme de transactions d\u00e9j\u00e0 r\u00e9alis\u00e9es de mani\u00e8re positive. N&#8217;h\u00e9sitez pas \u00e0 nous contacter !<\/strong><\/p>\n<p>&nbsp;<\/p>\n<p>[\/et_pb_text][\/et_pb_column][\/et_pb_row][\/et_pb_section][et_pb_section fb_built=&#8221;1&#8243; admin_label=&#8221;Testimonials&#8221; _builder_version=&#8221;4.16&#8243; use_background_color_gradient=&#8221;on&#8221; background_color_gradient_stops=&#8221;rgba(0,106,156,0.85) 0%|rgba(0,106,156,0.85) 100%&#8221; background_color_gradient_start=&#8221;rgba(0,106,156,0.85)&#8221; background_color_gradient_end=&#8221;rgba(0,106,156,0.85)&#8221; custom_padding=&#8221;90px||60px|&#8221; animation_style=&#8221;fold&#8221; animation_direction=&#8221;bottom&#8221; animation_intensity_fold=&#8221;4%&#8221; global_colors_info=&#8221;{}&#8221;][et_pb_row _builder_version=&#8221;4.16&#8243; background_size=&#8221;initial&#8221; background_position=&#8221;top_left&#8221; background_repeat=&#8221;repeat&#8221; custom_width_px=&#8221;710px&#8221; locked=&#8221;off&#8221; global_colors_info=&#8221;{}&#8221;][et_pb_column type=&#8221;4_4&#8243; _builder_version=&#8221;4.16&#8243; background_position=&#8221;top_left&#8221; custom_padding=&#8221;|||&#8221; global_colors_info=&#8221;{}&#8221; custom_padding__hover=&#8221;|||&#8221;][et_pb_text admin_label=&#8221;Testimonials Section Title&#8221; _builder_version=&#8221;4.16&#8243; header_font=&#8221;Montserrat||||&#8221; header_font_size=&#8221;36px&#8221; background_size=&#8221;initial&#8221; background_position=&#8221;top_left&#8221; background_repeat=&#8221;repeat&#8221; text_orientation=&#8221;center&#8221; background_layout=&#8221;dark&#8221; max_width=&#8221;710px&#8221; module_alignment=&#8221;center&#8221; animation_style=&#8221;fold&#8221; animation_direction=&#8221;bottom&#8221; animation_intensity_fold=&#8221;20%&#8221; global_colors_info=&#8221;{}&#8221;]<\/p>\n<h1>Plus de 5000 clients satisfaits.<\/h1>\n<p>&nbsp;<\/p>\n<p>[\/et_pb_text][et_pb_divider color=&#8221;#ffffff&#8221; divider_weight=&#8221;3px&#8221; disabled_on=&#8221;off|off|off&#8221; _builder_version=&#8221;4.16&#8243; background_color_gradient_direction=&#8221;90deg&#8221; max_width=&#8221;100px&#8221; module_alignment=&#8221;center&#8221; height=&#8221;5px&#8221; custom_margin=&#8221;||20px|&#8221; custom_padding=&#8221;||20px|&#8221; animation_style=&#8221;slide&#8221; animation_direction=&#8221;bottom&#8221; saved_tabs=&#8221;all&#8221; locked=&#8221;off&#8221; global_colors_info=&#8221;{}&#8221;][\/et_pb_divider][\/et_pb_column][\/et_pb_row][et_pb_row column_structure=&#8221;1_2,1_2&#8243; _builder_version=&#8221;4.18.1&#8243; _module_preset=&#8221;default&#8221; global_colors_info=&#8221;{}&#8221;][et_pb_column type=&#8221;1_2&#8243; _builder_version=&#8221;4.18.1&#8243; _module_preset=&#8221;default&#8221; global_colors_info=&#8221;{}&#8221;][et_pb_testimonial author=&#8221;Marco&#8221; portrait_url=&#8221;https:\/\/ag-frisch.com\/wp-content\/uploads\/2021\/08\/Harald.png&#8221; quote_icon=&#8221;off&#8221; _builder_version=&#8221;4.18.1&#8243; _module_preset=&#8221;default&#8221; body_font_size=&#8221;16px&#8221; use_background_color=&#8221;off&#8221; background_layout=&#8221;dark&#8221; global_colors_info=&#8221;{}&#8221;]J&#8217;ai demand\u00e9 \u00e0 l&#8217;agence Frisch de faire produire un meuble de grande taille en Chine et de le transf\u00e9rer ensuite en Allemagne. La communication par e-mail a \u00e9t\u00e9 fluide tout au long du processus ! Des r\u00e9ponses tr\u00e8s rapides et fiables m&#8217;ont apport\u00e9 en permanence les garanties indispensables \u00e0 une telle entreprise. J&#8217;ai toujours \u00e9t\u00e9 aid\u00e9 dans la jungle bureaucratique et aucun formulaire n&#8217;a \u00e9t\u00e9 oubli\u00e9 ou mal rempli. Tr\u00e8s louable !<a href=\"&lt;div%20class=%22pe-richsnippets%22&gt;&nbsp;&lt;\/div&gt;%20&lt;script%20type=%22text\/javascript%22%20src=%22https:\/\/www.provenexpert.com\/widget\/richsnippet.js?u=1NUA0VwZ4RUZ5tmAi5zA4RaplNKAlWwZ&amp;v=2%22%20async&gt;&lt;\/script&gt;%20&lt;div%20style=%22text-align:%20justify;%22&gt;&lt;br%20\/&gt;\"><\/a><\/p>\n<div class=\"brow ratingBarMargin\">\n<div class=\"ratingBar\">\n<div class=\"brow\">\n<div class=\"pe-richsnippets\">&nbsp;<\/div>\n<p><script type=\"text\/javascript\" src=\"https:\/\/www.provenexpert.com\/widget\/richsnippet.js?u=1NUA0VwZ4RUZ5tmAi5zA4RaplNKAlWwZ&amp;v=2\" async=\"\"><\/script><\/p>\n<div style=\"text-align: justify;\"><\/p>\n<div class=\"col-lg-9 col-md-8 col-xs-10 mt20 mb20\">\n<div class=\"col-xs-12 surveyNameForRating\"><\/div>\n<\/div>\n<\/div>\n<\/div>\n<\/div>\n<\/div>\n<p>[\/et_pb_testimonial][\/et_pb_column][et_pb_column type=&#8221;1_2&#8243; _builder_version=&#8221;4.18.1&#8243; _module_preset=&#8221;default&#8221; global_colors_info=&#8221;{}&#8221;][et_pb_testimonial author=&#8221;Simone L.&#8221; portrait_url=&#8221;https:\/\/ag-frisch.com\/wp-content\/uploads\/2021\/08\/Harald.png&#8221; quote_icon=&#8221;off&#8221; _builder_version=&#8221;4.18.1&#8243; _module_preset=&#8221;default&#8221; body_font_size=&#8221;16px&#8221; use_background_color=&#8221;off&#8221; background_layout=&#8221;dark&#8221; global_colors_info=&#8221;{}&#8221;]<\/p>\n<p>Tout est au top. On ne peut pas faire mieux. On ne peut pas faire mieux en mati\u00e8re de conseil et de r\u00e9alisation. Apr\u00e8s avoir pass\u00e9 plusieurs commandes aupr\u00e8s de cette entreprise, nous sommes plus que satisfaits et poursuivons notre collaboration.<\/p>\n<div class=\"brow ratingBarMargin\">\n<div class=\"ratingBar\">\n<div class=\"brow\">\n<div class=\"pe-richsnippets\"> <\/div>\n<p>\n<script type=\"text\/javascript\" src=\"https:\/\/www.provenexpert.com\/widget\/richsnippet.js?u=1NUA0VwZ4RUZ5tmAi5zA4RaplNKAlWwZ&amp;v=2\" async=\"\"><\/script>\n<\/p>\n<div style=\"text-align: justify;\">\n<p>&nbsp;<\/p>\n<div class=\"col-lg-9 col-md-8 col-xs-10 mt20 mb20\">\n<div class=\"col-xs-12 surveyNameForRating\"><\/div>\n<\/div>\n<\/div>\n<\/div>\n<\/div>\n<\/div>\n<p>[\/et_pb_testimonial][\/et_pb_column][\/et_pb_row][et_pb_row _builder_version=&#8221;4.16&#8243; background_size=&#8221;initial&#8221; background_position=&#8221;top_left&#8221; background_repeat=&#8221;repeat&#8221; custom_padding=&#8221;50px|0px|30px|0px&#8221; custom_css_main_element=&#8221;text-align: center;&#8221; global_colors_info=&#8221;{}&#8221;][et_pb_column type=&#8221;4_4&#8243; _builder_version=&#8221;4.16&#8243; custom_padding=&#8221;|||&#8221; global_colors_info=&#8221;{}&#8221; custom_padding__hover=&#8221;|||&#8221;][et_pb_button button_url=&#8221;https:\/\/www.provenexpert.com\/de-de\/agentur-frisch-international-consulting-gmbh-und-co-kg\/&#8221; button_text=&#8221;PLUS D&#039;AVIS&#8221; button_alignment=&#8221;left&#8221; admin_label=&#8221;Testimonial Button&#8221; _builder_version=&#8221;4.16&#8243; custom_button=&#8221;on&#8221; button_text_size=&#8221;18px&#8221; button_text_color=&#8221;#ffffff&#8221; button_bg_color=&#8221;#6eba01&#8243; button_border_width=&#8221;2px&#8221; button_border_color=&#8221;#6eba01&#8243; button_border_radius=&#8221;0px&#8221; button_letter_spacing=&#8221;2px&#8221; button_font=&#8221;Montserrat|||on|&#8221; button_use_icon=&#8221;off&#8221; animation_style=&#8221;fold&#8221; animation_direction=&#8221;bottom&#8221; button_text_color_hover=&#8221;#ffffff&#8221; button_border_color_hover=&#8221;#ffffff&#8221; button_border_radius_hover=&#8221;0px&#8221; button_letter_spacing_hover=&#8221;2px&#8221; button_bg_color_hover=&#8221;rgba(255,255,255,0)&#8221; locked=&#8221;off&#8221; global_colors_info=&#8221;{}&#8221; button_text_size__hover_enabled=&#8221;off&#8221; button_one_text_size__hover_enabled=&#8221;off&#8221; button_two_text_size__hover_enabled=&#8221;off&#8221; button_text_color__hover_enabled=&#8221;on&#8221; button_text_color__hover=&#8221;#ffffff&#8221; button_one_text_color__hover_enabled=&#8221;off&#8221; button_two_text_color__hover_enabled=&#8221;off&#8221; button_border_width__hover_enabled=&#8221;off&#8221; button_one_border_width__hover_enabled=&#8221;off&#8221; button_two_border_width__hover_enabled=&#8221;off&#8221; button_border_color__hover_enabled=&#8221;on&#8221; button_border_color__hover=&#8221;#ffffff&#8221; button_one_border_color__hover_enabled=&#8221;off&#8221; button_two_border_color__hover_enabled=&#8221;off&#8221; button_border_radius__hover_enabled=&#8221;on&#8221; button_border_radius__hover=&#8221;0px&#8221; button_one_border_radius__hover_enabled=&#8221;off&#8221; button_two_border_radius__hover_enabled=&#8221;off&#8221; button_letter_spacing__hover_enabled=&#8221;on&#8221; button_letter_spacing__hover=&#8221;2px&#8221; button_one_letter_spacing__hover_enabled=&#8221;off&#8221; button_two_letter_spacing__hover_enabled=&#8221;off&#8221; button_bg_color__hover_enabled=&#8221;on&#8221; button_bg_color__hover=&#8221;rgba(255,255,255,0)&#8221; button_one_bg_color__hover_enabled=&#8221;off&#8221; button_two_bg_color__hover_enabled=&#8221;off&#8221;][\/et_pb_button][\/et_pb_column][\/et_pb_row][\/et_pb_section]<\/p>\n","protected":false},"excerpt":{"rendered":"<p>Gr\u00e2ce \u00e0 l&#8217;agence d&#8217;importation chinoise Frisch, vous r\u00e9ussissez vos affaires en Chine comme les professionnels.Importation de fournitures de bureau et de mat\u00e9riel publicitaire de Chine Fournitures de bureau et mat\u00e9riel publicitaire de Chine Les post-it et les stylos, le papier d&#8217;imprimante et les enveloppes &#8211; on les trouve moins chers en Chine. Pourquoi, en tant [&hellip;]<\/p>\n","protected":false},"author":2,"featured_media":0,"parent":0,"menu_order":0,"comment_status":"closed","ping_status":"closed","template":"","meta":{"_et_pb_use_builder":"on","_et_pb_old_content":"","_et_gb_content_width":"","footnotes":""},"class_list":["post-11228","page","type-page","status-publish","hentry"],"yoast_head":"<!-- This site is optimized with the Yoast SEO plugin v27.2 - https:\/\/yoast.com\/product\/yoast-seo-wordpress\/ -->\n<title>Fournitures de bureau de Chine | Importation de mat\u00e9riel publicitaire<\/title>\n<meta name=\"description\" content=\"Importation de fournitures de bureau de Chine \u25ba Mat\u00e9riel publicitaire et commercial de haute qualit\u00e9 \u2714 \u00c9quipement de bureau \u2714 Solutions personnalis\u00e9es \u25ba Demandez conseil maintenant !\" \/>\n<meta name=\"robots\" content=\"index, follow, max-snippet:-1, max-image-preview:large, max-video-preview:-1\" \/>\n<link rel=\"canonical\" href=\"https:\/\/ag-frisch.com\/fr\/fournitures-de-bureau-de-chine\/\" \/>\n<meta property=\"og:locale\" content=\"fr_FR\" \/>\n<meta property=\"og:type\" content=\"article\" \/>\n<meta property=\"og:title\" content=\"Fournitures de bureau de Chine | Importation de mat\u00e9riel publicitaire\" \/>\n<meta property=\"og:description\" content=\"Importation de fournitures de bureau de Chine \u25ba Mat\u00e9riel publicitaire et commercial de haute qualit\u00e9 \u2714 \u00c9quipement de bureau \u2714 Solutions personnalis\u00e9es \u25ba Demandez conseil maintenant !\" \/>\n<meta property=\"og:url\" content=\"https:\/\/ag-frisch.com\/fr\/fournitures-de-bureau-de-chine\/\" \/>\n<meta property=\"og:site_name\" content=\"China Import Beratung f\u00fcr den Einkauf aus China\" \/>\n<meta property=\"article:publisher\" content=\"https:\/\/www.facebook.com\/China.Import\" \/>\n<meta property=\"article:modified_time\" content=\"2023-01-27T04:27:36+00:00\" \/>\n<meta name=\"twitter:card\" content=\"summary_large_image\" \/>\n<meta name=\"twitter:site\" content=\"@agenturfrisch\" \/>\n<meta name=\"twitter:label1\" content=\"Dur\u00e9e de lecture estim\u00e9e\" \/>\n\t<meta name=\"twitter:data1\" content=\"9 minutes\" \/>\n<script type=\"application\/ld+json\" class=\"yoast-schema-graph\">{\"@context\":\"https:\/\/schema.org\",\"@graph\":[{\"@type\":\"WebPage\",\"@id\":\"https:\/\/ag-frisch.com\/fr\/fournitures-de-bureau-de-chine\/\",\"url\":\"https:\/\/ag-frisch.com\/fr\/fournitures-de-bureau-de-chine\/\",\"name\":\"Fournitures de bureau de Chine | Importation de mat\u00e9riel publicitaire\",\"isPartOf\":{\"@id\":\"https:\/\/ag-frisch.com\/de\/#website\"},\"datePublished\":\"2022-04-30T04:16:48+00:00\",\"dateModified\":\"2023-01-27T04:27:36+00:00\",\"description\":\"Importation de fournitures de bureau de Chine \u25ba Mat\u00e9riel publicitaire et commercial de haute qualit\u00e9 \u2714 \u00c9quipement de bureau \u2714 Solutions personnalis\u00e9es \u25ba Demandez conseil maintenant !\",\"breadcrumb\":{\"@id\":\"https:\/\/ag-frisch.com\/fr\/fournitures-de-bureau-de-chine\/#breadcrumb\"},\"inLanguage\":\"fr-FR\",\"potentialAction\":[{\"@type\":\"ReadAction\",\"target\":[\"https:\/\/ag-frisch.com\/fr\/fournitures-de-bureau-de-chine\/\"]}]},{\"@type\":\"BreadcrumbList\",\"@id\":\"https:\/\/ag-frisch.com\/fr\/fournitures-de-bureau-de-chine\/#breadcrumb\",\"itemListElement\":[{\"@type\":\"ListItem\",\"position\":1,\"name\":\"Startseite\",\"item\":\"https:\/\/ag-frisch.com\/de\/\"},{\"@type\":\"ListItem\",\"position\":2,\"name\":\"Fournitures de bureau de Chine\"}]},{\"@type\":\"WebSite\",\"@id\":\"https:\/\/ag-frisch.com\/de\/#website\",\"url\":\"https:\/\/ag-frisch.com\/de\/\",\"name\":\"China Import Beratung f\u00fcr den Einkauf aus China\",\"description\":\"China Import &amp; Export Beratung - Der Dienstleister Ihres Vertrauens f\u00fcr Ihren China Import\",\"publisher\":{\"@id\":\"https:\/\/ag-frisch.com\/de\/#organization\"},\"potentialAction\":[{\"@type\":\"SearchAction\",\"target\":{\"@type\":\"EntryPoint\",\"urlTemplate\":\"https:\/\/ag-frisch.com\/de\/?s={search_term_string}\"},\"query-input\":{\"@type\":\"PropertyValueSpecification\",\"valueRequired\":true,\"valueName\":\"search_term_string\"}}],\"inLanguage\":\"fr-FR\"},{\"@type\":\"Organization\",\"@id\":\"https:\/\/ag-frisch.com\/de\/#organization\",\"name\":\"Agentur Frisch International Consulting GmbH & Co. KG\",\"url\":\"https:\/\/ag-frisch.com\/de\/\",\"logo\":{\"@type\":\"ImageObject\",\"inLanguage\":\"fr-FR\",\"@id\":\"https:\/\/ag-frisch.com\/de\/#\/schema\/logo\/image\/\",\"url\":\"https:\/\/ag-frisch.com\/wp-content\/uploads\/2021\/08\/ag_logo_rgb_300_small.png\",\"contentUrl\":\"https:\/\/ag-frisch.com\/wp-content\/uploads\/2021\/08\/ag_logo_rgb_300_small.png\",\"width\":153,\"height\":102,\"caption\":\"Agentur Frisch International Consulting GmbH & Co. KG\"},\"image\":{\"@id\":\"https:\/\/ag-frisch.com\/de\/#\/schema\/logo\/image\/\"},\"sameAs\":[\"https:\/\/www.facebook.com\/China.Import\",\"https:\/\/x.com\/agenturfrisch\"]}]}<\/script>\n<!-- \/ Yoast SEO plugin. -->","yoast_head_json":{"title":"Fournitures de bureau de Chine | Importation de mat\u00e9riel publicitaire","description":"Importation de fournitures de bureau de Chine \u25ba Mat\u00e9riel publicitaire et commercial de haute qualit\u00e9 \u2714 \u00c9quipement de bureau \u2714 Solutions personnalis\u00e9es \u25ba Demandez conseil maintenant !","robots":{"index":"index","follow":"follow","max-snippet":"max-snippet:-1","max-image-preview":"max-image-preview:large","max-video-preview":"max-video-preview:-1"},"canonical":"https:\/\/ag-frisch.com\/fr\/fournitures-de-bureau-de-chine\/","og_locale":"fr_FR","og_type":"article","og_title":"Fournitures de bureau de Chine | Importation de mat\u00e9riel publicitaire","og_description":"Importation de fournitures de bureau de Chine \u25ba Mat\u00e9riel publicitaire et commercial de haute qualit\u00e9 \u2714 \u00c9quipement de bureau \u2714 Solutions personnalis\u00e9es \u25ba Demandez conseil maintenant !","og_url":"https:\/\/ag-frisch.com\/fr\/fournitures-de-bureau-de-chine\/","og_site_name":"China Import Beratung f\u00fcr den Einkauf aus China","article_publisher":"https:\/\/www.facebook.com\/China.Import","article_modified_time":"2023-01-27T04:27:36+00:00","twitter_card":"summary_large_image","twitter_site":"@agenturfrisch","twitter_misc":{"Dur\u00e9e de lecture estim\u00e9e":"9 minutes"},"schema":{"@context":"https:\/\/schema.org","@graph":[{"@type":"WebPage","@id":"https:\/\/ag-frisch.com\/fr\/fournitures-de-bureau-de-chine\/","url":"https:\/\/ag-frisch.com\/fr\/fournitures-de-bureau-de-chine\/","name":"Fournitures de bureau de Chine | Importation de mat\u00e9riel publicitaire","isPartOf":{"@id":"https:\/\/ag-frisch.com\/de\/#website"},"datePublished":"2022-04-30T04:16:48+00:00","dateModified":"2023-01-27T04:27:36+00:00","description":"Importation de fournitures de bureau de Chine \u25ba Mat\u00e9riel publicitaire et commercial de haute qualit\u00e9 \u2714 \u00c9quipement de bureau \u2714 Solutions personnalis\u00e9es \u25ba Demandez conseil maintenant !","breadcrumb":{"@id":"https:\/\/ag-frisch.com\/fr\/fournitures-de-bureau-de-chine\/#breadcrumb"},"inLanguage":"fr-FR","potentialAction":[{"@type":"ReadAction","target":["https:\/\/ag-frisch.com\/fr\/fournitures-de-bureau-de-chine\/"]}]},{"@type":"BreadcrumbList","@id":"https:\/\/ag-frisch.com\/fr\/fournitures-de-bureau-de-chine\/#breadcrumb","itemListElement":[{"@type":"ListItem","position":1,"name":"Startseite","item":"https:\/\/ag-frisch.com\/de\/"},{"@type":"ListItem","position":2,"name":"Fournitures de bureau de Chine"}]},{"@type":"WebSite","@id":"https:\/\/ag-frisch.com\/de\/#website","url":"https:\/\/ag-frisch.com\/de\/","name":"China Import Beratung f\u00fcr den Einkauf aus China","description":"China Import &amp; Export Beratung - Der Dienstleister Ihres Vertrauens f\u00fcr Ihren China Import","publisher":{"@id":"https:\/\/ag-frisch.com\/de\/#organization"},"potentialAction":[{"@type":"SearchAction","target":{"@type":"EntryPoint","urlTemplate":"https:\/\/ag-frisch.com\/de\/?s={search_term_string}"},"query-input":{"@type":"PropertyValueSpecification","valueRequired":true,"valueName":"search_term_string"}}],"inLanguage":"fr-FR"},{"@type":"Organization","@id":"https:\/\/ag-frisch.com\/de\/#organization","name":"Agentur Frisch International Consulting GmbH & Co. KG","url":"https:\/\/ag-frisch.com\/de\/","logo":{"@type":"ImageObject","inLanguage":"fr-FR","@id":"https:\/\/ag-frisch.com\/de\/#\/schema\/logo\/image\/","url":"https:\/\/ag-frisch.com\/wp-content\/uploads\/2021\/08\/ag_logo_rgb_300_small.png","contentUrl":"https:\/\/ag-frisch.com\/wp-content\/uploads\/2021\/08\/ag_logo_rgb_300_small.png","width":153,"height":102,"caption":"Agentur Frisch International Consulting GmbH & Co. KG"},"image":{"@id":"https:\/\/ag-frisch.com\/de\/#\/schema\/logo\/image\/"},"sameAs":["https:\/\/www.facebook.com\/China.Import","https:\/\/x.com\/agenturfrisch"]}]}},"_links":{"self":[{"href":"https:\/\/ag-frisch.com\/fr\/wp-json\/wp\/v2\/pages\/11228","targetHints":{"allow":["GET"]}}],"collection":[{"href":"https:\/\/ag-frisch.com\/fr\/wp-json\/wp\/v2\/pages"}],"about":[{"href":"https:\/\/ag-frisch.com\/fr\/wp-json\/wp\/v2\/types\/page"}],"author":[{"embeddable":true,"href":"https:\/\/ag-frisch.com\/fr\/wp-json\/wp\/v2\/users\/2"}],"replies":[{"embeddable":true,"href":"https:\/\/ag-frisch.com\/fr\/wp-json\/wp\/v2\/comments?post=11228"}],"version-history":[{"count":0,"href":"https:\/\/ag-frisch.com\/fr\/wp-json\/wp\/v2\/pages\/11228\/revisions"}],"wp:attachment":[{"href":"https:\/\/ag-frisch.com\/fr\/wp-json\/wp\/v2\/media?parent=11228"}],"curies":[{"name":"wp","href":"https:\/\/api.w.org\/{rel}","templated":true}]}}