{"id":11278,"date":"2022-05-09T23:23:46","date_gmt":"2022-05-09T21:23:46","guid":{"rendered":"https:\/\/ag-frisch.com\/ustensiles-de-cuisine-de-chine\/"},"modified":"2023-01-27T05:28:30","modified_gmt":"2023-01-27T04:28:30","slug":"ustensiles-de-cuisine-de-chine","status":"publish","type":"page","link":"https:\/\/ag-frisch.com\/fr\/ustensiles-de-cuisine-de-chine\/","title":{"rendered":"Ustensiles de cuisine de Chine"},"content":{"rendered":"<p>[et_pb_section fb_built=&#8221;1&#8243; _builder_version=&#8221;4.16&#8243; _module_preset=&#8221;default&#8221; global_colors_info=&#8221;{}&#8221;][et_pb_row _builder_version=&#8221;4.18.1&#8243; _module_preset=&#8221;default&#8221; global_colors_info=&#8221;{}&#8221;][et_pb_column type=&#8221;4_4&#8243; _builder_version=&#8221;4.18.1&#8243; _module_preset=&#8221;default&#8221; global_colors_info=&#8221;{}&#8221;][et_pb_cta title=&#8221;Conseil en importation de Chine&#8221; button_url=&#8221;https:\/\/ag-frisch.com\/fr\/contact\/&#8221; button_text=&#8221;R\u00e9server une consultation maintenant&#8221; _builder_version=&#8221;4.16&#8243; _module_preset=&#8221;default&#8221; global_colors_info=&#8221;{}&#8221;]<\/p>\n<p>Gr\u00e2ce aux conseils de l&#8217;agence d&#8217;importation chinoise Frisch, vous r\u00e9ussirez vos affaires en Chine comme les professionnels.  <\/p>\n<p>[\/et_pb_cta][\/et_pb_column][\/et_pb_row][et_pb_row _builder_version=&#8221;4.16&#8243; _module_preset=&#8221;default&#8221; global_colors_info=&#8221;{}&#8221;][et_pb_column type=&#8221;4_4&#8243; _builder_version=&#8221;4.16&#8243; _module_preset=&#8221;default&#8221; global_colors_info=&#8221;{}&#8221;][et_pb_text _builder_version=&#8221;4.18.1&#8243; _module_preset=&#8221;default&#8221; hover_enabled=&#8221;0&#8243; global_colors_info=&#8221;{}&#8221; sticky_enabled=&#8221;0&#8243;]<\/p>\n<h1>Votre importateur chinois pour les articles \u00e9lectriques et les ustensiles de cuisine de Chine<\/h1>\n<h2>Appareils de cuisine et articles \u00e9lectriques de Chine<\/h2>\n<p><strong>Acheter des petits appareils, des ustensiles de cuisine et des articles \u00e9lectriques directement aupr\u00e8s des fabricants<\/strong><\/p>\n<p>En achetant directement aupr\u00e8s du fabricant en Chine, il est possible d&#8217;\u00e9conomiser beaucoup d&#8217;argent. En tant que d\u00e9taillant, grossiste ou grand consommateur ambitieux, vous le savez, mais il vous manque souvent les connexions et le savoir-faire pour r\u00e9aliser une importation chinoise de mani\u00e8re s\u00fbre et rentable. \u00c0 l&#8217;agence Frisch, nous sommes sp\u00e9cialis\u00e9s dans la mise en relation avec des partenaires commerciaux et, si vous le souhaitez, dans les solutions compl\u00e8tes d&#8217;importation. Nous vous proposons des ustensiles de cuisine, des petits appareils et des articles \u00e9lectriques en provenance de Chine \u00e0 des prix sensationnels et via des canaux de distribution fiables. Faites confiance \u00e0 notre expertise et profitez d&#8217;un rapport qualit\u00e9-prix imbattable !<\/p>\n<p>&nbsp;<\/p>\n<p><strong>Une qualit\u00e9 s\u00fbre \u00e0 bas prix : les ustensiles de cuisine fabriqu\u00e9s en Chine<\/strong><\/p>\n<p>Fours et r\u00e9frig\u00e9rateurs, cong\u00e9lateurs et micro-ondes &#8211; le monde des appareils de cuisine est vaste et les marges de profit parfois \u00e9normes. En tant que grossiste ou power seller, vous savez \u00e0 quel point il est important d&#8217;acheter intelligemment et d&#8217;entretenir des relations commerciales fiables. L&#8217;agence Frisch est votre interlocuteur id\u00e9al lorsqu&#8217;il s&#8217;agit d&#8217;importer des appareils m\u00e9nagers et des ustensiles de cuisine de Chine. Nous op\u00e9rons depuis l&#8217;Allemagne avec des liens optimaux en Chine. C&#8217;est pourquoi nous pouvons vous proposer de grandes quantit\u00e9s de ces ustensiles de cuisine en provenance de Chine, directement du fabricant, \u00e0 des prix extr\u00eamement bas :<\/p>\n<ul>\n<li>Fours et cuisini\u00e8res<\/li>\n<li>R\u00e9frig\u00e9rateurs, cong\u00e9lateurs (cong\u00e9lateurs armoires et cong\u00e9lateurs bahuts), appareils combin\u00e9s<\/li>\n<li>Machines \u00e0 caf\u00e9 et distributeurs automatiques de caf\u00e9<\/li>\n<li>Lave-vaisselle<\/li>\n<li>Machines \u00e0 laver et s\u00e8che-linge<\/li>\n<\/ul>\n<p>Bien entendu, nous vous proposons \u00e9galement tous ces appareils en qualit\u00e9 professionnelle, par exemple pour le secteur de la restauration. Contactez-nous et nous clarifierons ensemble les possibilit\u00e9s et, si vous le souhaitez, nous analyserons vos besoins. Nous avons des contacts commerciaux dans chaque segment de march\u00e9.<\/p>\n<p>En mati\u00e8re d&#8217;appareils m\u00e9nagers en provenance de Chine, nos fabricants proposent par exemple :<\/p>\n<ul>\n<li>Aspirateurs et cireuses<\/li>\n<li>Solariums et bancs solaires<\/li>\n<li>Ventilateurs et humidificateurs<\/li>\n<li>Climatiseurs et appareils de climatisation<\/li>\n<\/ul>\n<p>&nbsp;<\/p>\n<p><strong>Petits appareils de cuisine pour le secteur grand public<\/strong><\/p>\n<p>Nous sommes \u00e9galement votre interlocuteur privil\u00e9gi\u00e9 en mati\u00e8re de petits appareils m\u00e9nagers et de cuisine en provenance de Chine. Du mixeur plongeant \u00e0 la machine \u00e0 pain en passant par le mousseur \u00e0 lait, nous fournissons tout ce dont votre client\u00e8le a besoin &#8211; rapidement, de mani\u00e8re fiable et aux prix les plus bas. Vous pouvez commander les articles suivants dans le groupe de produits Petits appareils m\u00e9nagers et de cuisine en provenance de Chine, par exemple :<\/p>\n<ul>\n<li>Fer \u00e0 repasser<\/li>\n<li>Rasoir \u00e0 peluches<\/li>\n<li>Couteaux \u00e9lectriques et machines \u00e0 couper le pain<\/li>\n<li>Mixeurs plongeants et robots de cuisine<\/li>\n<li>Machines \u00e0 pain<\/li>\n<li>Centrifugeuses et extracteurs de jus<\/li>\n<li>Bouilloire et cuiseur \u00e0 \u0153ufs<\/li>\n<li>Machines \u00e0 glace<\/li>\n<\/ul>\n<p>&nbsp;<\/p>\n<p><strong>Importer des articles \u00e9lectriques de Chine &#8211; contr\u00f4l\u00e9s et \u00e9tiquet\u00e9s<\/strong><\/p>\n<p>Lors de l&#8217;importation d&#8217;articles \u00e9lectriques, il est particuli\u00e8rement important de pouvoir faire confiance au partenaire commercial. Dans ce cas, les marchandises d\u00e9fectueuses peuvent entra\u00eener des rappels de produits dramatiques, co\u00fbteux et pr\u00e9judiciables pour les affaires. Nous accordons donc la plus grande importance \u00e0 la fiabilit\u00e9. Nous faisons nous-m\u00eames effectuer des contr\u00f4les par du personnel qualifi\u00e9 et veillons \u00e0 un \u00e9tiquetage appropri\u00e9. La n\u00e9gligence dans le domaine des articles \u00e9lectriques en provenance de Chine n&#8217;est pas seulement irresponsable, elle est \u00e9galement d\u00e9savantageuse d&#8217;un point de vue commercial. N&#8217;attendez donc de l&#8217;agence Frisch que la mise en relation avec des partenaires commerciaux dont il est prouv\u00e9 qu&#8217;ils respectent toutes les directives nationales et internationales.<\/p>\n<p>Dans le segment des articles \u00e9lectriques en provenance de Chine, nous vous proposons entre autres des chargeurs de t\u00e9l\u00e9phone portable et des bo\u00eetes de distribution, des rallonges et des minuteries, des tambours de c\u00e2bles, des fusibles, des interrupteurs et des fournitures d&#8217;installation &#8211; contactez-nous et nous nous occuperons de votre importation de Chine !<\/p>\n<p>&nbsp;<\/p>\n<p><strong>Importation chinoise s\u00e9rieuse avec les meilleures marges b\u00e9n\u00e9ficiaires<\/strong><\/p>\n<p>Nous voulons fournir \u00e0 la fois la meilleure qualit\u00e9 et le prix le plus bas. Pour cela, nous mettons particuli\u00e8rement l&#8217;accent sur notre exp\u00e9rience de longue date sur le march\u00e9 chinois. D&#8217;innombrables partenaires commerciaux satisfaits et des dizaines de clients r\u00e9guliers montrent que nous sommes \u00e0 la hauteur de nos exigences. Pour pouvoir le faire, nous avons cr\u00e9\u00e9 nos propres entreprises pour d&#8217;autres domaines de l&#8217;importation de Chine :<\/p>\n<ul>\n<li>import4u &#8211; Achats et logistique<\/li>\n<li>inspekt4u &#8211; Contr\u00f4les de qualit\u00e9 et logistique en Chine<\/li>\n<li>e-Best &#8211; la place de march\u00e9 commerciale e-commerce de l&#8217;agence Frisch<\/li>\n<li>airbridge Consulting &#8211; sp\u00e9cialis\u00e9 dans le chauffage, le refroidissement et le s\u00e9chage<\/li>\n<li>China Import Consult &#8211; sp\u00e9cialis\u00e9 dans les besoins des grandes entreprises<\/li>\n<li>stock4u &#8211; Stockage et exp\u00e9dition<\/li>\n<li>BEIDE laboratoire de test &#8211; propres tests de laboratoire<\/li>\n<\/ul>\n<p>&nbsp;<\/p>\n<p><strong>Nous sommes impatients de travailler pour vous !<\/strong><\/p>\n<p>[\/et_pb_text][\/et_pb_column][\/et_pb_row][\/et_pb_section][et_pb_section fb_built=&#8221;1&#8243; admin_label=&#8221;Testimonials&#8221; _builder_version=&#8221;4.16&#8243; use_background_color_gradient=&#8221;on&#8221; background_color_gradient_stops=&#8221;rgba(0,106,156,0.85) 0%|rgba(0,106,156,0.85) 100%&#8221; background_color_gradient_start=&#8221;rgba(0,106,156,0.85)&#8221; background_color_gradient_end=&#8221;rgba(0,106,156,0.85)&#8221; custom_padding=&#8221;90px||60px|&#8221; animation_style=&#8221;fold&#8221; animation_direction=&#8221;bottom&#8221; animation_intensity_fold=&#8221;4%&#8221; global_colors_info=&#8221;{}&#8221;][et_pb_row _builder_version=&#8221;4.16&#8243; background_size=&#8221;initial&#8221; background_position=&#8221;top_left&#8221; background_repeat=&#8221;repeat&#8221; custom_width_px=&#8221;710px&#8221; locked=&#8221;off&#8221; global_colors_info=&#8221;{}&#8221;][et_pb_column type=&#8221;4_4&#8243; _builder_version=&#8221;4.16&#8243; background_position=&#8221;top_left&#8221; custom_padding=&#8221;|||&#8221; global_colors_info=&#8221;{}&#8221; custom_padding__hover=&#8221;|||&#8221;][et_pb_text admin_label=&#8221;Testimonials Section Title&#8221; _builder_version=&#8221;4.16&#8243; header_font=&#8221;Montserrat||||&#8221; header_font_size=&#8221;36px&#8221; background_size=&#8221;initial&#8221; background_position=&#8221;top_left&#8221; background_repeat=&#8221;repeat&#8221; text_orientation=&#8221;center&#8221; background_layout=&#8221;dark&#8221; max_width=&#8221;710px&#8221; module_alignment=&#8221;center&#8221; animation_style=&#8221;fold&#8221; animation_direction=&#8221;bottom&#8221; animation_intensity_fold=&#8221;20%&#8221; global_colors_info=&#8221;{}&#8221;]<\/p>\n<h1>Plus de 5000 clients satisfaits.<\/h1>\n<p>&nbsp;<\/p>\n<p>[\/et_pb_text][et_pb_divider color=&#8221;#ffffff&#8221; divider_weight=&#8221;3px&#8221; disabled_on=&#8221;off|off|off&#8221; _builder_version=&#8221;4.16&#8243; background_color_gradient_direction=&#8221;90deg&#8221; max_width=&#8221;100px&#8221; module_alignment=&#8221;center&#8221; height=&#8221;5px&#8221; custom_margin=&#8221;||20px|&#8221; custom_padding=&#8221;||20px|&#8221; animation_style=&#8221;slide&#8221; animation_direction=&#8221;bottom&#8221; saved_tabs=&#8221;all&#8221; locked=&#8221;off&#8221; global_colors_info=&#8221;{}&#8221;][\/et_pb_divider][\/et_pb_column][\/et_pb_row][et_pb_row column_structure=&#8221;1_2,1_2&#8243; _builder_version=&#8221;4.18.1&#8243; _module_preset=&#8221;default&#8221; global_colors_info=&#8221;{}&#8221;][et_pb_column type=&#8221;1_2&#8243; _builder_version=&#8221;4.18.1&#8243; _module_preset=&#8221;default&#8221; global_colors_info=&#8221;{}&#8221;][et_pb_testimonial author=&#8221;Marco&#8221; portrait_url=&#8221;https:\/\/ag-frisch.com\/wp-content\/uploads\/2021\/08\/Harald.png&#8221; quote_icon=&#8221;off&#8221; _builder_version=&#8221;4.18.1&#8243; _module_preset=&#8221;default&#8221; body_font_size=&#8221;16px&#8221; use_background_color=&#8221;off&#8221; background_layout=&#8221;dark&#8221; global_colors_info=&#8221;{}&#8221;]J&#8217;ai demand\u00e9 \u00e0 l&#8217;agence Frisch de faire produire un meuble de grande taille en Chine et de le transf\u00e9rer ensuite en Allemagne. La communication par e-mail a \u00e9t\u00e9 fluide tout au long du processus ! Des r\u00e9ponses tr\u00e8s rapides et fiables m&#8217;ont apport\u00e9 en permanence les garanties indispensables \u00e0 une telle entreprise. J&#8217;ai toujours \u00e9t\u00e9 aid\u00e9 dans la jungle bureaucratique et aucun formulaire n&#8217;a \u00e9t\u00e9 oubli\u00e9 ou mal rempli. Tr\u00e8s louable !<a href=\"&lt;div%20class=%22pe-richsnippets%22&gt;&nbsp;&lt;\/div&gt;%20&lt;script%20type=%22text\/javascript%22%20src=%22https:\/\/www.provenexpert.com\/widget\/richsnippet.js?u=1NUA0VwZ4RUZ5tmAi5zA4RaplNKAlWwZ&amp;v=2%22%20async&gt;&lt;\/script&gt;%20&lt;div%20style=%22text-align:%20justify;%22&gt;&lt;br%20\/&gt;\"><\/a><\/p>\n<div class=\"brow ratingBarMargin\">\n<div class=\"ratingBar\">\n<div class=\"brow\">\n<div class=\"pe-richsnippets\">&nbsp;<\/div>\n<p><script type=\"text\/javascript\" src=\"https:\/\/www.provenexpert.com\/widget\/richsnippet.js?u=1NUA0VwZ4RUZ5tmAi5zA4RaplNKAlWwZ&amp;v=2\" async=\"\"><\/script><\/p>\n<div style=\"text-align: justify;\"><\/p>\n<div class=\"col-lg-9 col-md-8 col-xs-10 mt20 mb20\">\n<div class=\"col-xs-12 surveyNameForRating\"><\/div>\n<\/div>\n<\/div>\n<\/div>\n<\/div>\n<\/div>\n<p>[\/et_pb_testimonial][\/et_pb_column][et_pb_column type=&#8221;1_2&#8243; _builder_version=&#8221;4.18.1&#8243; _module_preset=&#8221;default&#8221; global_colors_info=&#8221;{}&#8221;][et_pb_testimonial author=&#8221;Simone L.&#8221; portrait_url=&#8221;https:\/\/ag-frisch.com\/wp-content\/uploads\/2021\/08\/Harald.png&#8221; quote_icon=&#8221;off&#8221; _builder_version=&#8221;4.18.1&#8243; _module_preset=&#8221;default&#8221; body_font_size=&#8221;16px&#8221; use_background_color=&#8221;off&#8221; background_layout=&#8221;dark&#8221; global_colors_info=&#8221;{}&#8221;]<\/p>\n<p>Tout est au top. On ne peut pas faire mieux. On ne peut pas faire mieux en mati\u00e8re de conseil et de r\u00e9alisation. Apr\u00e8s avoir pass\u00e9 plusieurs commandes aupr\u00e8s de cette entreprise, nous sommes plus que satisfaits et poursuivons notre collaboration.<\/p>\n<div class=\"brow ratingBarMargin\">\n<div class=\"ratingBar\">\n<div class=\"brow\">\n<div class=\"pe-richsnippets\"> <\/div>\n<p>\n<script type=\"text\/javascript\" src=\"https:\/\/www.provenexpert.com\/widget\/richsnippet.js?u=1NUA0VwZ4RUZ5tmAi5zA4RaplNKAlWwZ&amp;v=2\" async=\"\"><\/script>\n<\/p>\n<div style=\"text-align: justify;\">\n<p>&nbsp;<\/p>\n<div class=\"col-lg-9 col-md-8 col-xs-10 mt20 mb20\">\n<div class=\"col-xs-12 surveyNameForRating\"><\/div>\n<\/div>\n<\/div>\n<\/div>\n<\/div>\n<\/div>\n<p>[\/et_pb_testimonial][\/et_pb_column][\/et_pb_row][et_pb_row _builder_version=&#8221;4.16&#8243; background_size=&#8221;initial&#8221; background_position=&#8221;top_left&#8221; background_repeat=&#8221;repeat&#8221; custom_padding=&#8221;50px|0px|30px|0px&#8221; custom_css_main_element=&#8221;text-align: center;&#8221; global_colors_info=&#8221;{}&#8221;][et_pb_column type=&#8221;4_4&#8243; _builder_version=&#8221;4.16&#8243; custom_padding=&#8221;|||&#8221; global_colors_info=&#8221;{}&#8221; custom_padding__hover=&#8221;|||&#8221;][et_pb_button button_url=&#8221;https:\/\/www.provenexpert.com\/de-de\/agentur-frisch-international-consulting-gmbh-und-co-kg\/&#8221; button_text=&#8221;PLUS D&#039;AVIS&#8221; button_alignment=&#8221;left&#8221; admin_label=&#8221;Testimonial Button&#8221; _builder_version=&#8221;4.16&#8243; custom_button=&#8221;on&#8221; button_text_size=&#8221;18px&#8221; button_text_color=&#8221;#ffffff&#8221; button_bg_color=&#8221;#6eba01&#8243; button_border_width=&#8221;2px&#8221; button_border_color=&#8221;#6eba01&#8243; button_border_radius=&#8221;0px&#8221; button_letter_spacing=&#8221;2px&#8221; button_font=&#8221;Montserrat|||on|&#8221; button_use_icon=&#8221;off&#8221; animation_style=&#8221;fold&#8221; animation_direction=&#8221;bottom&#8221; button_text_color_hover=&#8221;#ffffff&#8221; button_border_color_hover=&#8221;#ffffff&#8221; button_border_radius_hover=&#8221;0px&#8221; button_letter_spacing_hover=&#8221;2px&#8221; button_bg_color_hover=&#8221;rgba(255,255,255,0)&#8221; locked=&#8221;off&#8221; global_colors_info=&#8221;{}&#8221; button_text_size__hover_enabled=&#8221;off&#8221; button_one_text_size__hover_enabled=&#8221;off&#8221; button_two_text_size__hover_enabled=&#8221;off&#8221; button_text_color__hover_enabled=&#8221;on&#8221; button_text_color__hover=&#8221;#ffffff&#8221; button_one_text_color__hover_enabled=&#8221;off&#8221; button_two_text_color__hover_enabled=&#8221;off&#8221; button_border_width__hover_enabled=&#8221;off&#8221; button_one_border_width__hover_enabled=&#8221;off&#8221; button_two_border_width__hover_enabled=&#8221;off&#8221; button_border_color__hover_enabled=&#8221;on&#8221; button_border_color__hover=&#8221;#ffffff&#8221; button_one_border_color__hover_enabled=&#8221;off&#8221; button_two_border_color__hover_enabled=&#8221;off&#8221; button_border_radius__hover_enabled=&#8221;on&#8221; button_border_radius__hover=&#8221;0px&#8221; button_one_border_radius__hover_enabled=&#8221;off&#8221; button_two_border_radius__hover_enabled=&#8221;off&#8221; button_letter_spacing__hover_enabled=&#8221;on&#8221; button_letter_spacing__hover=&#8221;2px&#8221; button_one_letter_spacing__hover_enabled=&#8221;off&#8221; button_two_letter_spacing__hover_enabled=&#8221;off&#8221; button_bg_color__hover_enabled=&#8221;on&#8221; button_bg_color__hover=&#8221;rgba(255,255,255,0)&#8221; button_one_bg_color__hover_enabled=&#8221;off&#8221; button_two_bg_color__hover_enabled=&#8221;off&#8221;][\/et_pb_button][\/et_pb_column][\/et_pb_row][\/et_pb_section]<\/p>\n","protected":false},"excerpt":{"rendered":"<p>Gr\u00e2ce aux conseils de l&#8217;agence d&#8217;importation chinoise Frisch, vous r\u00e9ussirez vos affaires en Chine comme les professionnels. Votre importateur chinois pour les articles \u00e9lectriques et les ustensiles de cuisine de Chine Appareils de cuisine et articles \u00e9lectriques de Chine Acheter des petits appareils, des ustensiles de cuisine et des articles \u00e9lectriques directement aupr\u00e8s des fabricants [&hellip;]<\/p>\n","protected":false},"author":2,"featured_media":0,"parent":0,"menu_order":0,"comment_status":"closed","ping_status":"closed","template":"","meta":{"_et_pb_use_builder":"on","_et_pb_old_content":"","_et_gb_content_width":"","footnotes":""},"class_list":["post-11278","page","type-page","status-publish","hentry"],"yoast_head":"<!-- This site is optimized with the Yoast SEO plugin v27.2 - https:\/\/yoast.com\/product\/yoast-seo-wordpress\/ -->\n<title>Appareils de cuisine de Chine | Importation chinoise d&#039;articles \u00e9lectriques<\/title>\n<meta name=\"description\" content=\"Importer facilement des appareils de cuisine de Chine \u25ba De nombreux articles \u00e9lectriques directement de Chine \u2714 Fours \u2714 R\u00e9frig\u00e9rateurs \u2714 Micro-ondes \u25ba Demandez conseil maintenant !\" \/>\n<meta name=\"robots\" content=\"index, follow, max-snippet:-1, max-image-preview:large, max-video-preview:-1\" \/>\n<link rel=\"canonical\" href=\"https:\/\/ag-frisch.com\/fr\/ustensiles-de-cuisine-de-chine\/\" \/>\n<meta property=\"og:locale\" content=\"fr_FR\" \/>\n<meta property=\"og:type\" content=\"article\" \/>\n<meta property=\"og:title\" content=\"Appareils de cuisine de Chine | Importation chinoise d&#039;articles \u00e9lectriques\" \/>\n<meta property=\"og:description\" content=\"Importer facilement des appareils de cuisine de Chine \u25ba De nombreux articles \u00e9lectriques directement de Chine \u2714 Fours \u2714 R\u00e9frig\u00e9rateurs \u2714 Micro-ondes \u25ba Demandez conseil maintenant !\" \/>\n<meta property=\"og:url\" content=\"https:\/\/ag-frisch.com\/fr\/ustensiles-de-cuisine-de-chine\/\" \/>\n<meta property=\"og:site_name\" content=\"China Import Beratung f\u00fcr den Einkauf aus China\" \/>\n<meta property=\"article:publisher\" content=\"https:\/\/www.facebook.com\/China.Import\" \/>\n<meta property=\"article:modified_time\" content=\"2023-01-27T04:28:30+00:00\" \/>\n<meta name=\"twitter:card\" content=\"summary_large_image\" \/>\n<meta name=\"twitter:site\" content=\"@agenturfrisch\" \/>\n<meta name=\"twitter:label1\" content=\"Dur\u00e9e de lecture estim\u00e9e\" \/>\n\t<meta name=\"twitter:data1\" content=\"9 minutes\" \/>\n<script type=\"application\/ld+json\" class=\"yoast-schema-graph\">{\"@context\":\"https:\/\/schema.org\",\"@graph\":[{\"@type\":\"WebPage\",\"@id\":\"https:\/\/ag-frisch.com\/fr\/ustensiles-de-cuisine-de-chine\/\",\"url\":\"https:\/\/ag-frisch.com\/fr\/ustensiles-de-cuisine-de-chine\/\",\"name\":\"Appareils de cuisine de Chine | Importation chinoise d'articles \u00e9lectriques\",\"isPartOf\":{\"@id\":\"https:\/\/ag-frisch.com\/de\/#website\"},\"datePublished\":\"2022-05-09T21:23:46+00:00\",\"dateModified\":\"2023-01-27T04:28:30+00:00\",\"description\":\"Importer facilement des appareils de cuisine de Chine \u25ba De nombreux articles \u00e9lectriques directement de Chine \u2714 Fours \u2714 R\u00e9frig\u00e9rateurs \u2714 Micro-ondes \u25ba Demandez conseil maintenant !\",\"breadcrumb\":{\"@id\":\"https:\/\/ag-frisch.com\/fr\/ustensiles-de-cuisine-de-chine\/#breadcrumb\"},\"inLanguage\":\"fr-FR\",\"potentialAction\":[{\"@type\":\"ReadAction\",\"target\":[\"https:\/\/ag-frisch.com\/fr\/ustensiles-de-cuisine-de-chine\/\"]}]},{\"@type\":\"BreadcrumbList\",\"@id\":\"https:\/\/ag-frisch.com\/fr\/ustensiles-de-cuisine-de-chine\/#breadcrumb\",\"itemListElement\":[{\"@type\":\"ListItem\",\"position\":1,\"name\":\"Startseite\",\"item\":\"https:\/\/ag-frisch.com\/de\/\"},{\"@type\":\"ListItem\",\"position\":2,\"name\":\"Ustensiles de cuisine de Chine\"}]},{\"@type\":\"WebSite\",\"@id\":\"https:\/\/ag-frisch.com\/de\/#website\",\"url\":\"https:\/\/ag-frisch.com\/de\/\",\"name\":\"China Import Beratung f\u00fcr den Einkauf aus China\",\"description\":\"China Import &amp; Export Beratung - Der Dienstleister Ihres Vertrauens f\u00fcr Ihren China Import\",\"publisher\":{\"@id\":\"https:\/\/ag-frisch.com\/de\/#organization\"},\"potentialAction\":[{\"@type\":\"SearchAction\",\"target\":{\"@type\":\"EntryPoint\",\"urlTemplate\":\"https:\/\/ag-frisch.com\/de\/?s={search_term_string}\"},\"query-input\":{\"@type\":\"PropertyValueSpecification\",\"valueRequired\":true,\"valueName\":\"search_term_string\"}}],\"inLanguage\":\"fr-FR\"},{\"@type\":\"Organization\",\"@id\":\"https:\/\/ag-frisch.com\/de\/#organization\",\"name\":\"Agentur Frisch International Consulting GmbH & Co. KG\",\"url\":\"https:\/\/ag-frisch.com\/de\/\",\"logo\":{\"@type\":\"ImageObject\",\"inLanguage\":\"fr-FR\",\"@id\":\"https:\/\/ag-frisch.com\/de\/#\/schema\/logo\/image\/\",\"url\":\"https:\/\/ag-frisch.com\/wp-content\/uploads\/2021\/08\/ag_logo_rgb_300_small.png\",\"contentUrl\":\"https:\/\/ag-frisch.com\/wp-content\/uploads\/2021\/08\/ag_logo_rgb_300_small.png\",\"width\":153,\"height\":102,\"caption\":\"Agentur Frisch International Consulting GmbH & Co. KG\"},\"image\":{\"@id\":\"https:\/\/ag-frisch.com\/de\/#\/schema\/logo\/image\/\"},\"sameAs\":[\"https:\/\/www.facebook.com\/China.Import\",\"https:\/\/x.com\/agenturfrisch\"]}]}<\/script>\n<!-- \/ Yoast SEO plugin. -->","yoast_head_json":{"title":"Appareils de cuisine de Chine | Importation chinoise d'articles \u00e9lectriques","description":"Importer facilement des appareils de cuisine de Chine \u25ba De nombreux articles \u00e9lectriques directement de Chine \u2714 Fours \u2714 R\u00e9frig\u00e9rateurs \u2714 Micro-ondes \u25ba Demandez conseil maintenant !","robots":{"index":"index","follow":"follow","max-snippet":"max-snippet:-1","max-image-preview":"max-image-preview:large","max-video-preview":"max-video-preview:-1"},"canonical":"https:\/\/ag-frisch.com\/fr\/ustensiles-de-cuisine-de-chine\/","og_locale":"fr_FR","og_type":"article","og_title":"Appareils de cuisine de Chine | Importation chinoise d'articles \u00e9lectriques","og_description":"Importer facilement des appareils de cuisine de Chine \u25ba De nombreux articles \u00e9lectriques directement de Chine \u2714 Fours \u2714 R\u00e9frig\u00e9rateurs \u2714 Micro-ondes \u25ba Demandez conseil maintenant !","og_url":"https:\/\/ag-frisch.com\/fr\/ustensiles-de-cuisine-de-chine\/","og_site_name":"China Import Beratung f\u00fcr den Einkauf aus China","article_publisher":"https:\/\/www.facebook.com\/China.Import","article_modified_time":"2023-01-27T04:28:30+00:00","twitter_card":"summary_large_image","twitter_site":"@agenturfrisch","twitter_misc":{"Dur\u00e9e de lecture estim\u00e9e":"9 minutes"},"schema":{"@context":"https:\/\/schema.org","@graph":[{"@type":"WebPage","@id":"https:\/\/ag-frisch.com\/fr\/ustensiles-de-cuisine-de-chine\/","url":"https:\/\/ag-frisch.com\/fr\/ustensiles-de-cuisine-de-chine\/","name":"Appareils de cuisine de Chine | Importation chinoise d'articles \u00e9lectriques","isPartOf":{"@id":"https:\/\/ag-frisch.com\/de\/#website"},"datePublished":"2022-05-09T21:23:46+00:00","dateModified":"2023-01-27T04:28:30+00:00","description":"Importer facilement des appareils de cuisine de Chine \u25ba De nombreux articles \u00e9lectriques directement de Chine \u2714 Fours \u2714 R\u00e9frig\u00e9rateurs \u2714 Micro-ondes \u25ba Demandez conseil maintenant !","breadcrumb":{"@id":"https:\/\/ag-frisch.com\/fr\/ustensiles-de-cuisine-de-chine\/#breadcrumb"},"inLanguage":"fr-FR","potentialAction":[{"@type":"ReadAction","target":["https:\/\/ag-frisch.com\/fr\/ustensiles-de-cuisine-de-chine\/"]}]},{"@type":"BreadcrumbList","@id":"https:\/\/ag-frisch.com\/fr\/ustensiles-de-cuisine-de-chine\/#breadcrumb","itemListElement":[{"@type":"ListItem","position":1,"name":"Startseite","item":"https:\/\/ag-frisch.com\/de\/"},{"@type":"ListItem","position":2,"name":"Ustensiles de cuisine de Chine"}]},{"@type":"WebSite","@id":"https:\/\/ag-frisch.com\/de\/#website","url":"https:\/\/ag-frisch.com\/de\/","name":"China Import Beratung f\u00fcr den Einkauf aus China","description":"China Import &amp; Export Beratung - Der Dienstleister Ihres Vertrauens f\u00fcr Ihren China Import","publisher":{"@id":"https:\/\/ag-frisch.com\/de\/#organization"},"potentialAction":[{"@type":"SearchAction","target":{"@type":"EntryPoint","urlTemplate":"https:\/\/ag-frisch.com\/de\/?s={search_term_string}"},"query-input":{"@type":"PropertyValueSpecification","valueRequired":true,"valueName":"search_term_string"}}],"inLanguage":"fr-FR"},{"@type":"Organization","@id":"https:\/\/ag-frisch.com\/de\/#organization","name":"Agentur Frisch International Consulting GmbH & Co. KG","url":"https:\/\/ag-frisch.com\/de\/","logo":{"@type":"ImageObject","inLanguage":"fr-FR","@id":"https:\/\/ag-frisch.com\/de\/#\/schema\/logo\/image\/","url":"https:\/\/ag-frisch.com\/wp-content\/uploads\/2021\/08\/ag_logo_rgb_300_small.png","contentUrl":"https:\/\/ag-frisch.com\/wp-content\/uploads\/2021\/08\/ag_logo_rgb_300_small.png","width":153,"height":102,"caption":"Agentur Frisch International Consulting GmbH & Co. KG"},"image":{"@id":"https:\/\/ag-frisch.com\/de\/#\/schema\/logo\/image\/"},"sameAs":["https:\/\/www.facebook.com\/China.Import","https:\/\/x.com\/agenturfrisch"]}]}},"_links":{"self":[{"href":"https:\/\/ag-frisch.com\/fr\/wp-json\/wp\/v2\/pages\/11278","targetHints":{"allow":["GET"]}}],"collection":[{"href":"https:\/\/ag-frisch.com\/fr\/wp-json\/wp\/v2\/pages"}],"about":[{"href":"https:\/\/ag-frisch.com\/fr\/wp-json\/wp\/v2\/types\/page"}],"author":[{"embeddable":true,"href":"https:\/\/ag-frisch.com\/fr\/wp-json\/wp\/v2\/users\/2"}],"replies":[{"embeddable":true,"href":"https:\/\/ag-frisch.com\/fr\/wp-json\/wp\/v2\/comments?post=11278"}],"version-history":[{"count":0,"href":"https:\/\/ag-frisch.com\/fr\/wp-json\/wp\/v2\/pages\/11278\/revisions"}],"wp:attachment":[{"href":"https:\/\/ag-frisch.com\/fr\/wp-json\/wp\/v2\/media?parent=11278"}],"curies":[{"name":"wp","href":"https:\/\/api.w.org\/{rel}","templated":true}]}}