{"id":11351,"date":"2022-05-12T07:09:47","date_gmt":"2022-05-12T05:09:47","guid":{"rendered":"https:\/\/ag-frisch.com\/instruments-de-musique-de-chine\/"},"modified":"2023-01-27T05:29:41","modified_gmt":"2023-01-27T04:29:41","slug":"instruments-de-musique-de-chine","status":"publish","type":"page","link":"https:\/\/ag-frisch.com\/fr\/instruments-de-musique-de-chine\/","title":{"rendered":"Instruments de musique de Chine"},"content":{"rendered":"<p>[et_pb_section fb_built=&#8221;1&#8243; _builder_version=&#8221;4.16&#8243; _module_preset=&#8221;default&#8221; global_colors_info=&#8221;{}&#8221;][et_pb_row _builder_version=&#8221;4.18.1&#8243; _module_preset=&#8221;default&#8221; global_colors_info=&#8221;{}&#8221;][et_pb_column type=&#8221;4_4&#8243; _builder_version=&#8221;4.18.1&#8243; _module_preset=&#8221;default&#8221; global_colors_info=&#8221;{}&#8221;][et_pb_cta title=&#8221;Conseil en importation de Chine&#8221; button_url=&#8221;https:\/\/ag-frisch.com\/fr\/contact\/&#8221; button_text=&#8221;R\u00e9server une consultation maintenant&#8221; _builder_version=&#8221;4.16&#8243; _module_preset=&#8221;default&#8221; global_colors_info=&#8221;{}&#8221;]<\/p>\n<p>Gr\u00e2ce aux conseils de l&#8217;agence d&#8217;importation chinoise Frisch, vous r\u00e9ussirez vos affaires en Chine comme les professionnels.  <\/p>\n<p>[\/et_pb_cta][\/et_pb_column][\/et_pb_row][et_pb_row _builder_version=&#8221;4.16&#8243; _module_preset=&#8221;default&#8221; global_colors_info=&#8221;{}&#8221;][et_pb_column type=&#8221;4_4&#8243; _builder_version=&#8221;4.16&#8243; _module_preset=&#8221;default&#8221; global_colors_info=&#8221;{}&#8221;][et_pb_text _builder_version=&#8221;4.16&#8243; _module_preset=&#8221;default&#8221; global_colors_info=&#8221;{}&#8221;]<\/p>\n<h3><strong>Instruments et mat\u00e9riel de musique de Chine<\/strong><\/h3>\n<p><strong>Instruments et mat\u00e9riel de musique en provenance directe de Chine<\/strong><\/p>\n<p>Pour les instruments, ce qui compte, c&#8217;est un mode de production propre. Le client veut obtenir des r\u00e9sultats acoustiques optimaux de vos produits. C&#8217;est pourquoi l&#8217;agence Frisch travaille avec des fabricants de Chine qui sont s\u00fbrs de pouvoir respecter une certaine qualit\u00e9. Le mieux est de discuter personnellement avec nous des exigences pr\u00e9cises que vous avez envers les marchandises que vous avez command\u00e9es, de l&#8217;instrument de musique moyen et pratique \u00e0 l&#8217;instrument de musique professionnel absolu. Lors d&#8217;une premi\u00e8re consultation, nous clarifions ce dont vous avez besoin et ce que nous pouvons faire pour vous en mati\u00e8re d&#8217;importation chinoise dans le domaine des partitions de musique &#8211; prix avantageux et service de pointe inclus.<\/p>\n<p>&nbsp;<\/p>\n<p><strong>Des instruments \u00e0 cordes de Chine pour toutes les exigences<\/strong><\/p>\n<p>Vous ne trouverez pas chez nous le violon Stradivarius, ce super instrument l\u00e9gendaire de la famille de luthiers en Italie, import\u00e9 de Chine. En revanche, vous pouvez vous procurer aupr\u00e8s de nos fabricants des instruments \u00e0 cordes dont la qualit\u00e9 est tout \u00e0 fait comparable \u00e0 celle des instruments occidentaux de haut niveau, tout en ne co\u00fbtant qu&#8217;une fraction des instruments fabriqu\u00e9s en Suisse. En tant que grossiste, vous appr\u00e9cierez certainement les avantages d&#8217;une bonne importation chinoise. Parmi les instruments \u00e0 cordes de Chine que vous pouvez vous procurer par notre interm\u00e9diaire, il y a entre autres<\/p>\n<ul>\n<li>Violon et alto<\/li>\n<li>Guitare (\u00e9lectrique et acoustique)<\/li>\n<li>Harpe<\/li>\n<li>Basse<\/li>\n<li>Ukulele<\/li>\n<li>Instruments \u00e0 cordes historiques (lyre, lyre)<\/li>\n<\/ul>\n<p>&nbsp;<\/p>\n<p><strong>Instruments \u00e0 clavier du plus petit au plus grand<\/strong><\/p>\n<p>Bien entendu, parmi nos instruments de musique en provenance de Chine, nous vous proposons \u00e9galement des instruments \u00e0 clavier. Du m\u00e9lodica pratique pour les enfants au piano \u00e0 queue de concert en passant par les claviers pour diff\u00e9rentes classes d&#8217;utilisation, vous pouvez vous procurer chez nous tous les instruments \u00e0 clavier pour votre client\u00e8le. Emball\u00e9 en toute s\u00e9curit\u00e9 et accord\u00e9 proprement, pour que vous soyez aussi enti\u00e8rement satisfait de votre importation chinoise via l&#8217;agence Frisch que nos nombreux clients r\u00e9guliers satisfaits !<\/p>\n<p>&nbsp;<\/p>\n<p><strong>Instruments de Chine : importer des instruments \u00e0 vent<\/strong><\/p>\n<p>La Chine elle-m\u00eame a une histoire riche en instruments merveilleux, et le pays compte de nombreux producteurs de musique de premier ordre. La musique est un \u00e9l\u00e9ment important de la culture chinoise. Les instruments \u00e0 vent en font partie. Il n&#8217;est donc pas \u00e9tonnant que vous trouviez \u00e9galement des instruments \u00e0 vent dans notre gamme d&#8217;instruments en provenance de Chine, par exemple :<\/p>\n<ul>\n<li>fl\u00fbtes (par ex. fl\u00fbtes \u00e0 bec, fl\u00fbtes traversi\u00e8res)<\/li>\n<li>Cors (p. ex. cor alto, bugle, bugle de chasse, cor fran\u00e7ais)<\/li>\n<li>Saxophone<\/li>\n<li>Trompettes<\/li>\n<li>Tuba<\/li>\n<li>Hautbois<\/li>\n<li>Trombone<\/li>\n<\/ul>\n<p>&nbsp;<\/p>\n<p><strong>Des instruments de Chine pour nos chers petits<\/strong><\/p>\n<p>Bien entendu, outre les instruments de Chine pour adultes, nous proposons \u00e9galement des instruments de musique sp\u00e9cialement con\u00e7us pour les enfants. Les hochets et les fl\u00fbtes \u00e0 bec, les ukul\u00e9l\u00e9s et les tambours, mais aussi les violons et les guitares de taille 1\/8, 1\/4, 1\/2, 3\/4 sont disponibles au meilleur prix et de bonne qualit\u00e9 aupr\u00e8s des producteurs qui nous sont li\u00e9s.<\/p>\n<p>&nbsp;<\/p>\n<p><strong>Commander du mat\u00e9riel de musique en Chine &#8211; Accessoires et mat\u00e9riel de studio<\/strong><\/p>\n<p>Du m\u00e9diator \u00e0 l&#8217;\u00e9quipement complet pour les studios d&#8217;enregistrement, vous pouvez acheter pratiquement tout ce qui concerne les fournitures de musique en Chine via l&#8217;agence Frisch. L\u00e0 encore, il est recommand\u00e9 de nous contacter tout simplement et nous clarifierons ce que nous pouvons faire pour vous lors d&#8217;un entretien de conseil.<\/p>\n<p>&nbsp;<\/p>\n<p><strong>Agence Frisch : une agence, tous les services<\/strong><\/p>\n<p>Si vous nous choisissez comme importateur de mat\u00e9riel musical en provenance de Chine, nous pouvons, si vous le souhaitez, effectuer pour vous l&#8217;ensemble du processus d&#8217;importation. Du choix du fabricant aux n\u00e9gociations contractuelles, des inspections aux contr\u00f4les de qualit\u00e9, en passant par le processus complet de transport et m\u00eame le stockage sur le sol allemand.<\/p>\n<p>Outre les producteurs tri\u00e9s sur le volet, nous travaillons principalement avec des filiales afin de garantir une qualit\u00e9 optimale et des processus sans faille. Cela pr\u00e9sente l&#8217;avantage pour vous d&#8217;avoir un interlocuteur fixe et fiable et de ne plus avoir \u00e0 vous occuper de quoi que ce soit si vous le souhaitez.<\/p>\n<p>&nbsp;<\/p>\n<p><strong>Nous sommes votre prestataire de services complets dans le domaine de l&#8217;importation de Chine !<\/strong><\/p>\n<p>[\/et_pb_text][\/et_pb_column][\/et_pb_row][\/et_pb_section][et_pb_section fb_built=&#8221;1&#8243; admin_label=&#8221;Testimonials&#8221; _builder_version=&#8221;4.16&#8243; use_background_color_gradient=&#8221;on&#8221; background_color_gradient_stops=&#8221;rgba(0,106,156,0.85) 0%|rgba(0,106,156,0.85) 100%&#8221; background_color_gradient_start=&#8221;rgba(0,106,156,0.85)&#8221; background_color_gradient_end=&#8221;rgba(0,106,156,0.85)&#8221; custom_padding=&#8221;90px||60px|&#8221; animation_style=&#8221;fold&#8221; animation_direction=&#8221;bottom&#8221; animation_intensity_fold=&#8221;4%&#8221; global_colors_info=&#8221;{}&#8221;][et_pb_row _builder_version=&#8221;4.16&#8243; background_size=&#8221;initial&#8221; background_position=&#8221;top_left&#8221; background_repeat=&#8221;repeat&#8221; custom_width_px=&#8221;710px&#8221; locked=&#8221;off&#8221; global_colors_info=&#8221;{}&#8221;][et_pb_column type=&#8221;4_4&#8243; _builder_version=&#8221;4.16&#8243; background_position=&#8221;top_left&#8221; custom_padding=&#8221;|||&#8221; global_colors_info=&#8221;{}&#8221; custom_padding__hover=&#8221;|||&#8221;][et_pb_text admin_label=&#8221;Testimonials Section Title&#8221; _builder_version=&#8221;4.16&#8243; header_font=&#8221;Montserrat||||&#8221; header_font_size=&#8221;36px&#8221; background_size=&#8221;initial&#8221; background_position=&#8221;top_left&#8221; background_repeat=&#8221;repeat&#8221; text_orientation=&#8221;center&#8221; background_layout=&#8221;dark&#8221; max_width=&#8221;710px&#8221; module_alignment=&#8221;center&#8221; animation_style=&#8221;fold&#8221; animation_direction=&#8221;bottom&#8221; animation_intensity_fold=&#8221;20%&#8221; global_colors_info=&#8221;{}&#8221;]<\/p>\n<h1>Plus de 5000 clients satisfaits.<\/h1>\n<p>&nbsp;<\/p>\n<p>[\/et_pb_text][et_pb_divider color=&#8221;#ffffff&#8221; divider_weight=&#8221;3px&#8221; disabled_on=&#8221;off|off|off&#8221; _builder_version=&#8221;4.16&#8243; background_color_gradient_direction=&#8221;90deg&#8221; max_width=&#8221;100px&#8221; module_alignment=&#8221;center&#8221; height=&#8221;5px&#8221; custom_margin=&#8221;||20px|&#8221; custom_padding=&#8221;||20px|&#8221; animation_style=&#8221;slide&#8221; animation_direction=&#8221;bottom&#8221; saved_tabs=&#8221;all&#8221; locked=&#8221;off&#8221; global_colors_info=&#8221;{}&#8221;][\/et_pb_divider][\/et_pb_column][\/et_pb_row][et_pb_row column_structure=&#8221;1_2,1_2&#8243; _builder_version=&#8221;4.18.1&#8243; _module_preset=&#8221;default&#8221; global_colors_info=&#8221;{}&#8221;][et_pb_column type=&#8221;1_2&#8243; _builder_version=&#8221;4.18.1&#8243; _module_preset=&#8221;default&#8221; global_colors_info=&#8221;{}&#8221;][et_pb_testimonial author=&#8221;Marco&#8221; portrait_url=&#8221;https:\/\/ag-frisch.com\/wp-content\/uploads\/2021\/08\/Harald.png&#8221; quote_icon=&#8221;off&#8221; _builder_version=&#8221;4.18.1&#8243; _module_preset=&#8221;default&#8221; body_font_size=&#8221;16px&#8221; use_background_color=&#8221;off&#8221; background_layout=&#8221;dark&#8221; global_colors_info=&#8221;{}&#8221;]J&#8217;ai demand\u00e9 \u00e0 l&#8217;agence Frisch de faire produire un meuble de grande taille en Chine et de le transf\u00e9rer ensuite en Allemagne. La communication par e-mail a \u00e9t\u00e9 fluide tout au long du processus ! Des r\u00e9ponses tr\u00e8s rapides et fiables m&#8217;ont apport\u00e9 en permanence les garanties indispensables \u00e0 une telle entreprise. J&#8217;ai toujours \u00e9t\u00e9 aid\u00e9 dans la jungle bureaucratique et aucun formulaire n&#8217;a \u00e9t\u00e9 oubli\u00e9 ou mal rempli. Tr\u00e8s louable !<a href=\"&lt;div%20class=%22pe-richsnippets%22&gt;&nbsp;&lt;\/div&gt;%20&lt;script%20type=%22text\/javascript%22%20src=%22https:\/\/www.provenexpert.com\/widget\/richsnippet.js?u=1NUA0VwZ4RUZ5tmAi5zA4RaplNKAlWwZ&amp;v=2%22%20async&gt;&lt;\/script&gt;%20&lt;div%20style=%22text-align:%20justify;%22&gt;&lt;br%20\/&gt;\"><\/a><\/p>\n<div class=\"brow ratingBarMargin\">\n<div class=\"ratingBar\">\n<div class=\"brow\">\n<div class=\"pe-richsnippets\">&nbsp;<\/div>\n<p><script type=\"text\/javascript\" src=\"https:\/\/www.provenexpert.com\/widget\/richsnippet.js?u=1NUA0VwZ4RUZ5tmAi5zA4RaplNKAlWwZ&amp;v=2\" async=\"\"><\/script><\/p>\n<div style=\"text-align: justify;\"><\/p>\n<div class=\"col-lg-9 col-md-8 col-xs-10 mt20 mb20\">\n<div class=\"col-xs-12 surveyNameForRating\"><\/div>\n<\/div>\n<\/div>\n<\/div>\n<\/div>\n<\/div>\n<p>[\/et_pb_testimonial][\/et_pb_column][et_pb_column type=&#8221;1_2&#8243; _builder_version=&#8221;4.18.1&#8243; _module_preset=&#8221;default&#8221; global_colors_info=&#8221;{}&#8221;][et_pb_testimonial author=&#8221;Simone L.&#8221; portrait_url=&#8221;https:\/\/ag-frisch.com\/wp-content\/uploads\/2021\/08\/Harald.png&#8221; quote_icon=&#8221;off&#8221; _builder_version=&#8221;4.18.1&#8243; _module_preset=&#8221;default&#8221; body_font_size=&#8221;16px&#8221; use_background_color=&#8221;off&#8221; background_layout=&#8221;dark&#8221; global_colors_info=&#8221;{}&#8221;]<\/p>\n<p>Tout est au top. On ne peut pas faire mieux. On ne peut pas faire mieux en mati\u00e8re de conseil et de r\u00e9alisation. Apr\u00e8s avoir pass\u00e9 plusieurs commandes aupr\u00e8s de cette entreprise, nous sommes plus que satisfaits et poursuivons notre collaboration.<\/p>\n<div class=\"brow ratingBarMargin\">\n<div class=\"ratingBar\">\n<div class=\"brow\">\n<div class=\"pe-richsnippets\"> <\/div>\n<p>\n<script type=\"text\/javascript\" src=\"https:\/\/www.provenexpert.com\/widget\/richsnippet.js?u=1NUA0VwZ4RUZ5tmAi5zA4RaplNKAlWwZ&amp;v=2\" async=\"\"><\/script>\n<\/p>\n<div style=\"text-align: justify;\">\n<p>&nbsp;<\/p>\n<div class=\"col-lg-9 col-md-8 col-xs-10 mt20 mb20\">\n<div class=\"col-xs-12 surveyNameForRating\"><\/div>\n<\/div>\n<\/div>\n<\/div>\n<\/div>\n<\/div>\n<p>[\/et_pb_testimonial][\/et_pb_column][\/et_pb_row][et_pb_row _builder_version=&#8221;4.16&#8243; background_size=&#8221;initial&#8221; background_position=&#8221;top_left&#8221; background_repeat=&#8221;repeat&#8221; custom_padding=&#8221;50px|0px|30px|0px&#8221; custom_css_main_element=&#8221;text-align: center;&#8221; global_colors_info=&#8221;{}&#8221;][et_pb_column type=&#8221;4_4&#8243; _builder_version=&#8221;4.16&#8243; custom_padding=&#8221;|||&#8221; global_colors_info=&#8221;{}&#8221; custom_padding__hover=&#8221;|||&#8221;][et_pb_button button_url=&#8221;https:\/\/www.provenexpert.com\/de-de\/agentur-frisch-international-consulting-gmbh-und-co-kg\/&#8221; button_text=&#8221;PLUS D&#039;AVIS&#8221; button_alignment=&#8221;left&#8221; admin_label=&#8221;Testimonial Button&#8221; _builder_version=&#8221;4.16&#8243; custom_button=&#8221;on&#8221; button_text_size=&#8221;18px&#8221; button_text_color=&#8221;#ffffff&#8221; button_bg_color=&#8221;#6eba01&#8243; button_border_width=&#8221;2px&#8221; button_border_color=&#8221;#6eba01&#8243; button_border_radius=&#8221;0px&#8221; button_letter_spacing=&#8221;2px&#8221; button_font=&#8221;Montserrat|||on|&#8221; button_use_icon=&#8221;off&#8221; animation_style=&#8221;fold&#8221; animation_direction=&#8221;bottom&#8221; button_text_color_hover=&#8221;#ffffff&#8221; button_border_color_hover=&#8221;#ffffff&#8221; button_border_radius_hover=&#8221;0px&#8221; button_letter_spacing_hover=&#8221;2px&#8221; button_bg_color_hover=&#8221;rgba(255,255,255,0)&#8221; locked=&#8221;off&#8221; global_colors_info=&#8221;{}&#8221; button_text_size__hover_enabled=&#8221;off&#8221; button_one_text_size__hover_enabled=&#8221;off&#8221; button_two_text_size__hover_enabled=&#8221;off&#8221; button_text_color__hover_enabled=&#8221;on&#8221; button_text_color__hover=&#8221;#ffffff&#8221; button_one_text_color__hover_enabled=&#8221;off&#8221; button_two_text_color__hover_enabled=&#8221;off&#8221; button_border_width__hover_enabled=&#8221;off&#8221; button_one_border_width__hover_enabled=&#8221;off&#8221; button_two_border_width__hover_enabled=&#8221;off&#8221; button_border_color__hover_enabled=&#8221;on&#8221; button_border_color__hover=&#8221;#ffffff&#8221; button_one_border_color__hover_enabled=&#8221;off&#8221; button_two_border_color__hover_enabled=&#8221;off&#8221; button_border_radius__hover_enabled=&#8221;on&#8221; button_border_radius__hover=&#8221;0px&#8221; button_one_border_radius__hover_enabled=&#8221;off&#8221; button_two_border_radius__hover_enabled=&#8221;off&#8221; button_letter_spacing__hover_enabled=&#8221;on&#8221; button_letter_spacing__hover=&#8221;2px&#8221; button_one_letter_spacing__hover_enabled=&#8221;off&#8221; button_two_letter_spacing__hover_enabled=&#8221;off&#8221; button_bg_color__hover_enabled=&#8221;on&#8221; button_bg_color__hover=&#8221;rgba(255,255,255,0)&#8221; button_one_bg_color__hover_enabled=&#8221;off&#8221; button_two_bg_color__hover_enabled=&#8221;off&#8221;][\/et_pb_button][\/et_pb_column][\/et_pb_row][\/et_pb_section]<\/p>\n","protected":false},"excerpt":{"rendered":"<p>Gr\u00e2ce aux conseils de l&#8217;agence d&#8217;importation chinoise Frisch, vous r\u00e9ussirez vos affaires en Chine comme les professionnels. Instruments et mat\u00e9riel de musique de Chine Instruments et mat\u00e9riel de musique en provenance directe de Chine Pour les instruments, ce qui compte, c&#8217;est un mode de production propre. Le client veut obtenir des r\u00e9sultats acoustiques optimaux de [&hellip;]<\/p>\n","protected":false},"author":2,"featured_media":0,"parent":0,"menu_order":0,"comment_status":"closed","ping_status":"closed","template":"","meta":{"_et_pb_use_builder":"on","_et_pb_old_content":"","_et_gb_content_width":"","footnotes":""},"class_list":["post-11351","page","type-page","status-publish","hentry"],"yoast_head":"<!-- This site is optimized with the Yoast SEO plugin v27.2 - https:\/\/yoast.com\/product\/yoast-seo-wordpress\/ -->\n<title>Importer des instruments de musique de Chine en respectant toutes les directives europ\u00e9ennes<\/title>\n<meta name=\"description\" content=\"Instruments de musique en provenance de Chine \u25bb Conformit\u00e9 aux directives de l&#039;UE : contr\u00f4le de qualit\u00e9 \u2713 Assurer la production en Chine \u2713 \u25bb Demandez maintenant conseil \u00e0 des experts !\" \/>\n<meta name=\"robots\" content=\"index, follow, max-snippet:-1, max-image-preview:large, max-video-preview:-1\" \/>\n<link rel=\"canonical\" href=\"https:\/\/ag-frisch.com\/fr\/instruments-de-musique-de-chine\/\" \/>\n<meta property=\"og:locale\" content=\"fr_FR\" \/>\n<meta property=\"og:type\" content=\"article\" \/>\n<meta property=\"og:title\" content=\"Importer des instruments de musique de Chine en respectant toutes les directives europ\u00e9ennes\" \/>\n<meta property=\"og:description\" content=\"Instruments de musique en provenance de Chine \u25bb Conformit\u00e9 aux directives de l&#039;UE : contr\u00f4le de qualit\u00e9 \u2713 Assurer la production en Chine \u2713 \u25bb Demandez maintenant conseil \u00e0 des experts !\" \/>\n<meta property=\"og:url\" content=\"https:\/\/ag-frisch.com\/fr\/instruments-de-musique-de-chine\/\" \/>\n<meta property=\"og:site_name\" content=\"China Import Beratung f\u00fcr den Einkauf aus China\" \/>\n<meta property=\"article:publisher\" content=\"https:\/\/www.facebook.com\/China.Import\" \/>\n<meta property=\"article:modified_time\" content=\"2023-01-27T04:29:41+00:00\" \/>\n<meta name=\"twitter:card\" content=\"summary_large_image\" \/>\n<meta name=\"twitter:site\" content=\"@agenturfrisch\" \/>\n<meta name=\"twitter:label1\" content=\"Dur\u00e9e de lecture estim\u00e9e\" \/>\n\t<meta name=\"twitter:data1\" content=\"8 minutes\" \/>\n<script type=\"application\/ld+json\" class=\"yoast-schema-graph\">{\"@context\":\"https:\/\/schema.org\",\"@graph\":[{\"@type\":\"WebPage\",\"@id\":\"https:\/\/ag-frisch.com\/fr\/instruments-de-musique-de-chine\/\",\"url\":\"https:\/\/ag-frisch.com\/fr\/instruments-de-musique-de-chine\/\",\"name\":\"Importer des instruments de musique de Chine en respectant toutes les directives europ\u00e9ennes\",\"isPartOf\":{\"@id\":\"https:\/\/ag-frisch.com\/de\/#website\"},\"datePublished\":\"2022-05-12T05:09:47+00:00\",\"dateModified\":\"2023-01-27T04:29:41+00:00\",\"description\":\"Instruments de musique en provenance de Chine \u25bb Conformit\u00e9 aux directives de l'UE : contr\u00f4le de qualit\u00e9 \u2713 Assurer la production en Chine \u2713 \u25bb Demandez maintenant conseil \u00e0 des experts !\",\"breadcrumb\":{\"@id\":\"https:\/\/ag-frisch.com\/fr\/instruments-de-musique-de-chine\/#breadcrumb\"},\"inLanguage\":\"fr-FR\",\"potentialAction\":[{\"@type\":\"ReadAction\",\"target\":[\"https:\/\/ag-frisch.com\/fr\/instruments-de-musique-de-chine\/\"]}]},{\"@type\":\"BreadcrumbList\",\"@id\":\"https:\/\/ag-frisch.com\/fr\/instruments-de-musique-de-chine\/#breadcrumb\",\"itemListElement\":[{\"@type\":\"ListItem\",\"position\":1,\"name\":\"Startseite\",\"item\":\"https:\/\/ag-frisch.com\/de\/\"},{\"@type\":\"ListItem\",\"position\":2,\"name\":\"Instruments de musique de Chine\"}]},{\"@type\":\"WebSite\",\"@id\":\"https:\/\/ag-frisch.com\/de\/#website\",\"url\":\"https:\/\/ag-frisch.com\/de\/\",\"name\":\"China Import Beratung f\u00fcr den Einkauf aus China\",\"description\":\"China Import &amp; Export Beratung - Der Dienstleister Ihres Vertrauens f\u00fcr Ihren China Import\",\"publisher\":{\"@id\":\"https:\/\/ag-frisch.com\/de\/#organization\"},\"potentialAction\":[{\"@type\":\"SearchAction\",\"target\":{\"@type\":\"EntryPoint\",\"urlTemplate\":\"https:\/\/ag-frisch.com\/de\/?s={search_term_string}\"},\"query-input\":{\"@type\":\"PropertyValueSpecification\",\"valueRequired\":true,\"valueName\":\"search_term_string\"}}],\"inLanguage\":\"fr-FR\"},{\"@type\":\"Organization\",\"@id\":\"https:\/\/ag-frisch.com\/de\/#organization\",\"name\":\"Agentur Frisch International Consulting GmbH & Co. KG\",\"url\":\"https:\/\/ag-frisch.com\/de\/\",\"logo\":{\"@type\":\"ImageObject\",\"inLanguage\":\"fr-FR\",\"@id\":\"https:\/\/ag-frisch.com\/de\/#\/schema\/logo\/image\/\",\"url\":\"https:\/\/ag-frisch.com\/wp-content\/uploads\/2021\/08\/ag_logo_rgb_300_small.png\",\"contentUrl\":\"https:\/\/ag-frisch.com\/wp-content\/uploads\/2021\/08\/ag_logo_rgb_300_small.png\",\"width\":153,\"height\":102,\"caption\":\"Agentur Frisch International Consulting GmbH & Co. KG\"},\"image\":{\"@id\":\"https:\/\/ag-frisch.com\/de\/#\/schema\/logo\/image\/\"},\"sameAs\":[\"https:\/\/www.facebook.com\/China.Import\",\"https:\/\/x.com\/agenturfrisch\"]}]}<\/script>\n<!-- \/ Yoast SEO plugin. -->","yoast_head_json":{"title":"Importer des instruments de musique de Chine en respectant toutes les directives europ\u00e9ennes","description":"Instruments de musique en provenance de Chine \u25bb Conformit\u00e9 aux directives de l'UE : contr\u00f4le de qualit\u00e9 \u2713 Assurer la production en Chine \u2713 \u25bb Demandez maintenant conseil \u00e0 des experts !","robots":{"index":"index","follow":"follow","max-snippet":"max-snippet:-1","max-image-preview":"max-image-preview:large","max-video-preview":"max-video-preview:-1"},"canonical":"https:\/\/ag-frisch.com\/fr\/instruments-de-musique-de-chine\/","og_locale":"fr_FR","og_type":"article","og_title":"Importer des instruments de musique de Chine en respectant toutes les directives europ\u00e9ennes","og_description":"Instruments de musique en provenance de Chine \u25bb Conformit\u00e9 aux directives de l'UE : contr\u00f4le de qualit\u00e9 \u2713 Assurer la production en Chine \u2713 \u25bb Demandez maintenant conseil \u00e0 des experts !","og_url":"https:\/\/ag-frisch.com\/fr\/instruments-de-musique-de-chine\/","og_site_name":"China Import Beratung f\u00fcr den Einkauf aus China","article_publisher":"https:\/\/www.facebook.com\/China.Import","article_modified_time":"2023-01-27T04:29:41+00:00","twitter_card":"summary_large_image","twitter_site":"@agenturfrisch","twitter_misc":{"Dur\u00e9e de lecture estim\u00e9e":"8 minutes"},"schema":{"@context":"https:\/\/schema.org","@graph":[{"@type":"WebPage","@id":"https:\/\/ag-frisch.com\/fr\/instruments-de-musique-de-chine\/","url":"https:\/\/ag-frisch.com\/fr\/instruments-de-musique-de-chine\/","name":"Importer des instruments de musique de Chine en respectant toutes les directives europ\u00e9ennes","isPartOf":{"@id":"https:\/\/ag-frisch.com\/de\/#website"},"datePublished":"2022-05-12T05:09:47+00:00","dateModified":"2023-01-27T04:29:41+00:00","description":"Instruments de musique en provenance de Chine \u25bb Conformit\u00e9 aux directives de l'UE : contr\u00f4le de qualit\u00e9 \u2713 Assurer la production en Chine \u2713 \u25bb Demandez maintenant conseil \u00e0 des experts !","breadcrumb":{"@id":"https:\/\/ag-frisch.com\/fr\/instruments-de-musique-de-chine\/#breadcrumb"},"inLanguage":"fr-FR","potentialAction":[{"@type":"ReadAction","target":["https:\/\/ag-frisch.com\/fr\/instruments-de-musique-de-chine\/"]}]},{"@type":"BreadcrumbList","@id":"https:\/\/ag-frisch.com\/fr\/instruments-de-musique-de-chine\/#breadcrumb","itemListElement":[{"@type":"ListItem","position":1,"name":"Startseite","item":"https:\/\/ag-frisch.com\/de\/"},{"@type":"ListItem","position":2,"name":"Instruments de musique de Chine"}]},{"@type":"WebSite","@id":"https:\/\/ag-frisch.com\/de\/#website","url":"https:\/\/ag-frisch.com\/de\/","name":"China Import Beratung f\u00fcr den Einkauf aus China","description":"China Import &amp; Export Beratung - Der Dienstleister Ihres Vertrauens f\u00fcr Ihren China Import","publisher":{"@id":"https:\/\/ag-frisch.com\/de\/#organization"},"potentialAction":[{"@type":"SearchAction","target":{"@type":"EntryPoint","urlTemplate":"https:\/\/ag-frisch.com\/de\/?s={search_term_string}"},"query-input":{"@type":"PropertyValueSpecification","valueRequired":true,"valueName":"search_term_string"}}],"inLanguage":"fr-FR"},{"@type":"Organization","@id":"https:\/\/ag-frisch.com\/de\/#organization","name":"Agentur Frisch International Consulting GmbH & Co. KG","url":"https:\/\/ag-frisch.com\/de\/","logo":{"@type":"ImageObject","inLanguage":"fr-FR","@id":"https:\/\/ag-frisch.com\/de\/#\/schema\/logo\/image\/","url":"https:\/\/ag-frisch.com\/wp-content\/uploads\/2021\/08\/ag_logo_rgb_300_small.png","contentUrl":"https:\/\/ag-frisch.com\/wp-content\/uploads\/2021\/08\/ag_logo_rgb_300_small.png","width":153,"height":102,"caption":"Agentur Frisch International Consulting GmbH & Co. KG"},"image":{"@id":"https:\/\/ag-frisch.com\/de\/#\/schema\/logo\/image\/"},"sameAs":["https:\/\/www.facebook.com\/China.Import","https:\/\/x.com\/agenturfrisch"]}]}},"_links":{"self":[{"href":"https:\/\/ag-frisch.com\/fr\/wp-json\/wp\/v2\/pages\/11351","targetHints":{"allow":["GET"]}}],"collection":[{"href":"https:\/\/ag-frisch.com\/fr\/wp-json\/wp\/v2\/pages"}],"about":[{"href":"https:\/\/ag-frisch.com\/fr\/wp-json\/wp\/v2\/types\/page"}],"author":[{"embeddable":true,"href":"https:\/\/ag-frisch.com\/fr\/wp-json\/wp\/v2\/users\/2"}],"replies":[{"embeddable":true,"href":"https:\/\/ag-frisch.com\/fr\/wp-json\/wp\/v2\/comments?post=11351"}],"version-history":[{"count":0,"href":"https:\/\/ag-frisch.com\/fr\/wp-json\/wp\/v2\/pages\/11351\/revisions"}],"wp:attachment":[{"href":"https:\/\/ag-frisch.com\/fr\/wp-json\/wp\/v2\/media?parent=11351"}],"curies":[{"name":"wp","href":"https:\/\/api.w.org\/{rel}","templated":true}]}}